{"id":36177,"date":"2023-07-20T18:12:01","date_gmt":"2023-07-20T15:12:01","guid":{"rendered":"https:\/\/dev.colibri-jewels.eu\/?post_type=product&#038;p=36177"},"modified":"2023-07-20T19:01:48","modified_gmt":"2023-07-20T16:01:48","slug":"silver-and-leather-chocker-necklace-odins-ravens","status":"publish","type":"product","link":"https:\/\/colibri-jewels.eu\/et\/toode\/silver-and-leather-chocker-necklace-odins-ravens\/","title":{"rendered":"H\u00f5bedast ja nahast kaelakee &#8220;Odini rongad&#8221;"},"content":{"rendered":"<p>Tutvustame punutud nahkn\u00f6\u00f6riga k\u00e4sitsi valmistatud h\u00f5bedast kaelakeed: Odini ronkade s\u00fcmbol<\/p>\n<p>Kogege skandinaavia m\u00fctoloogia ajatut v\u00f5lu meie peenelt valmistatud h\u00f5bedase chokeriga. See t\u00e4helepanuv\u00e4\u00e4rne ehe esitleb lummavat mustrit, mis on inspireeritud Odini ronkadest, legendaarsest s\u00fcmbolist, mis on s\u00fcgavalt juurdunud Skandinaavia p\u00e4rimuses. \u00dclima t\u00e4psusega ja detailidele t\u00e4helepanu p\u00f6\u00f6ratud kaelakee annab tunnistust nii rikkalikust p\u00e4randist kui ka kaasaegsetest moesuundadest.<\/p>\n<p>Selle k\u00e4ev\u00f5ru keskmes on p\u00f5nev lugu Odini ronkadest \u2013 Huginnist ja Muninnist. Vanap\u00f5hja m\u00fctoloogia kohaselt valdas Odin, jumalate isa ja kuningas, kaks ronka, kes olid tema usaldusv\u00e4\u00e4rsed s\u00f5numitoojad ja skautid. Huginn, mis t\u00e4hendab &#8220;m\u00f5tet&#8221;, ja Muninn, mis t\u00e4hendab &#8220;m\u00e4lu&#8221;, lendaksid \u00fcle tohutute valdkondade, kogudes teavet ja edastades selle otse Odinile. Need m\u00fcstilised linnud s\u00fcmboliseerivad tarkust, teadmisi ja K\u00f5ikide Isa enda k\u00f5iketeadvat olemust.<\/p>\n<p>Selle kaelakee h\u00f5bedase elemendi muster kujutab elegantselt Huginni ja Muninni v\u00f5imsat kohalolu. Keerulise viimistletud oskusega \u00e4ratatakse iga ronk ellu, esitledes oma majesteetlikke tiibu ja teravaid, l\u00e4bistavaid silmi. H\u00f5bedane element toimib talismanina, kehastades nende jumalike lindudega seotud tarkust ja juhiseid.<\/p>\n<p>M\u00f5eldud neile, kes hindavad nii s\u00fcmboolikat kui ka stiili, \u00fchendab see Odini ronkade iidse m\u00fctoloogilise t\u00e4htsuse vaevata kaasaegse ja mitmek\u00fclgse disainiga. Punutud nahast n\u00f6\u00f6r lisab maal\u00e4hedase v\u00f5lu, t\u00e4iendades elegantset h\u00f5bedast elementi ja suurendades \u00fcldist esteetilist veetlust.<\/p>\n<p>\u00dcksk\u00f5ik, kas olete norra m\u00fctoloogia f\u00e4nn, unikaalsete ja t\u00e4hendusrikaste ehete armastaja v\u00f5i lihtsalt otsite oman\u00e4olist aksessuaari, mis v\u00e4ljendaks oma isikup\u00e4ra, meie stiilne kaelakee on ideaalne valik.<\/p>\n<p>V\u00f5tke omaks legend, ehitage end Odini ronkadega ja laske sellel ikoonilisel Skandinaavia s\u00fcmbolil saada teie isikliku stiili hinnaline osa. Telli oma chocker juba t\u00e4na ja asu iidsetest tarkustest ja m\u00fc\u00fctilistest juttudest inspireeritud teekonnale.<\/p>\n<p>Tegime selle chockeri pikkusega &#8211; 38 cm ja sellel on t\u00e4iendavad r\u00f5ngad, kui vajate teist suurust &#8211; lihtsalt andke meile teada!<\/p>\n","protected":false},"excerpt":{"rendered":"<p>Suurus laos 20,5, oma saab teha 1-2 n\u00e4dalaga.<\/p>\n","protected":false},"featured_media":36180,"comment_status":"open","ping_status":"closed","template":"","meta":[],"etheme_brands":[],"product_brand":[],"product_cat":[470],"product_tag":[741,506],"class_list":{"0":"post-36177","1":"product","2":"type-product","3":"status-publish","4":"has-post-thumbnail","6":"product_cat-kaelakeed-ja-ripatsid","7":"product_tag-ehted-meestele","8":"product_tag-ruunid","10":"first","11":"outofstock","12":"shipping-taxable","13":"purchasable","14":"product-type-simple"},"acf":[],"yoast_head":"<!-- This site is optimized with the Yoast SEO Premium plugin v26.5 (Yoast SEO v26.8) - https:\/\/yoast.com\/product\/yoast-seo-premium-wordpress\/ -->\n<title>H\u00f5bedast ja nahast kaelakee &quot;Odini rongad&quot; - Colibri jewels<\/title>\n<meta name=\"robots\" content=\"index, follow, max-snippet:-1, max-image-preview:large, max-video-preview:-1\" \/>\n<link rel=\"canonical\" href=\"https:\/\/colibri-jewels.eu\/et\/toode\/silver-and-leather-chocker-necklace-odins-ravens\/\" \/>\n<meta property=\"og:locale\" content=\"et_EE\" \/>\n<meta property=\"og:type\" content=\"article\" \/>\n<meta property=\"og:title\" content=\"H\u00f5bedast ja nahast kaelakee &quot;Odini rongad&quot;\" \/>\n<meta property=\"og:description\" content=\"Suurus laos 20,5, oma saab teha 1-2 n\u00e4dalaga.\" \/>\n<meta property=\"og:url\" content=\"https:\/\/colibri-jewels.eu\/et\/toode\/silver-and-leather-chocker-necklace-odins-ravens\/\" \/>\n<meta property=\"og:site_name\" content=\"Colibri jewels\" \/>\n<meta property=\"article:publisher\" content=\"https:\/\/www.facebook.com\/colibri.jewels\" \/>\n<meta property=\"article:modified_time\" content=\"2023-07-20T16:01:48+00:00\" \/>\n<meta property=\"og:image\" content=\"https:\/\/colibri-jewels.eu\/wp-content\/uploads\/2023\/07\/silver-leather-chocker-necklace-odin-ravens.jpg\" \/>\n\t<meta property=\"og:image:width\" content=\"1000\" \/>\n\t<meta property=\"og:image:height\" content=\"1000\" \/>\n\t<meta property=\"og:image:type\" content=\"image\/jpeg\" \/>\n<meta name=\"twitter:card\" content=\"summary_large_image\" \/>\n<meta name=\"twitter:label1\" content=\"Est. reading time\" \/>\n\t<meta name=\"twitter:data1\" content=\"2 minutit\" \/>\n<script type=\"application\/ld+json\" class=\"yoast-schema-graph\">{\"@context\":\"https:\/\/schema.org\",\"@graph\":[{\"@type\":\"WebPage\",\"@id\":\"https:\/\/colibri-jewels.eu\/et\/toode\/silver-and-leather-chocker-necklace-odins-ravens\/\",\"url\":\"https:\/\/colibri-jewels.eu\/et\/toode\/silver-and-leather-chocker-necklace-odins-ravens\/\",\"name\":\"H\u00f5bedast ja nahast kaelakee \\\"Odini rongad\\\" - Colibri jewels\",\"isPartOf\":{\"@id\":\"https:\/\/colibri-jewels.eu\/et\/#website\"},\"primaryImageOfPage\":{\"@id\":\"https:\/\/colibri-jewels.eu\/et\/toode\/silver-and-leather-chocker-necklace-odins-ravens\/#primaryimage\"},\"image\":{\"@id\":\"https:\/\/colibri-jewels.eu\/et\/toode\/silver-and-leather-chocker-necklace-odins-ravens\/#primaryimage\"},\"thumbnailUrl\":\"https:\/\/colibri-jewels.eu\/wp-content\/uploads\/2023\/07\/silver-leather-chocker-necklace-odin-ravens.jpg\",\"datePublished\":\"2023-07-20T15:12:01+00:00\",\"dateModified\":\"2023-07-20T16:01:48+00:00\",\"breadcrumb\":{\"@id\":\"https:\/\/colibri-jewels.eu\/et\/toode\/silver-and-leather-chocker-necklace-odins-ravens\/#breadcrumb\"},\"inLanguage\":\"et\",\"potentialAction\":[{\"@type\":\"ReadAction\",\"target\":[\"https:\/\/colibri-jewels.eu\/et\/toode\/silver-and-leather-chocker-necklace-odins-ravens\/\"]}]},{\"@type\":\"ImageObject\",\"inLanguage\":\"et\",\"@id\":\"https:\/\/colibri-jewels.eu\/et\/toode\/silver-and-leather-chocker-necklace-odins-ravens\/#primaryimage\",\"url\":\"https:\/\/colibri-jewels.eu\/wp-content\/uploads\/2023\/07\/silver-leather-chocker-necklace-odin-ravens.jpg\",\"contentUrl\":\"https:\/\/colibri-jewels.eu\/wp-content\/uploads\/2023\/07\/silver-leather-chocker-necklace-odin-ravens.jpg\",\"width\":1000,\"height\":1000},{\"@type\":\"BreadcrumbList\",\"@id\":\"https:\/\/colibri-jewels.eu\/et\/toode\/silver-and-leather-chocker-necklace-odins-ravens\/#breadcrumb\",\"itemListElement\":[{\"@type\":\"ListItem\",\"position\":1,\"name\":\"\u0413\u043b\u0430\u0432\u043d\u0430\u044f \u0441\u0442\u0440\u0430\u043d\u0438\u0446\u0430\",\"item\":\"https:\/\/colibri-jewels.eu\/et\/\"},{\"@type\":\"ListItem\",\"position\":2,\"name\":\"Pood\",\"item\":\"https:\/\/colibri-jewels.eu\/et\/pood\/\"},{\"@type\":\"ListItem\",\"position\":3,\"name\":\"H\u00f5bedast ja nahast kaelakee &#8220;Odini rongad&#8221;\"}]},{\"@type\":\"WebSite\",\"@id\":\"https:\/\/colibri-jewels.eu\/et\/#website\",\"url\":\"https:\/\/colibri-jewels.eu\/et\/\",\"name\":\"Colibri jewels\",\"description\":\"jewelry shop\",\"publisher\":{\"@id\":\"https:\/\/colibri-jewels.eu\/et\/#organization\"},\"potentialAction\":[{\"@type\":\"SearchAction\",\"target\":{\"@type\":\"EntryPoint\",\"urlTemplate\":\"https:\/\/colibri-jewels.eu\/et\/?s={search_term_string}\"},\"query-input\":{\"@type\":\"PropertyValueSpecification\",\"valueRequired\":true,\"valueName\":\"search_term_string\"}}],\"inLanguage\":\"et\"},{\"@type\":\"Organization\",\"@id\":\"https:\/\/colibri-jewels.eu\/et\/#organization\",\"name\":\"O\u00dc Colibri\",\"url\":\"https:\/\/colibri-jewels.eu\/et\/\",\"logo\":{\"@type\":\"ImageObject\",\"inLanguage\":\"et\",\"@id\":\"https:\/\/colibri-jewels.eu\/et\/#\/schema\/logo\/image\/\",\"url\":\"https:\/\/dev.colibri-jewels.eu\/wp-content\/uploads\/2021\/03\/colibri.png\",\"contentUrl\":\"https:\/\/dev.colibri-jewels.eu\/wp-content\/uploads\/2021\/03\/colibri.png\",\"width\":227,\"height\":130,\"caption\":\"O\u00dc Colibri\"},\"image\":{\"@id\":\"https:\/\/colibri-jewels.eu\/et\/#\/schema\/logo\/image\/\"},\"sameAs\":[\"https:\/\/www.facebook.com\/colibri.jewels\",\"https:\/\/www.instagram.com\/colibri.jewels\",\"https:\/\/www.tiktok.com\/colibri.jewels\"]}]}<\/script>\n<!-- \/ Yoast SEO Premium plugin. -->","yoast_head_json":{"title":"H\u00f5bedast ja nahast kaelakee \"Odini rongad\" - Colibri jewels","robots":{"index":"index","follow":"follow","max-snippet":"max-snippet:-1","max-image-preview":"max-image-preview:large","max-video-preview":"max-video-preview:-1"},"canonical":"https:\/\/colibri-jewels.eu\/et\/toode\/silver-and-leather-chocker-necklace-odins-ravens\/","og_locale":"et_EE","og_type":"article","og_title":"H\u00f5bedast ja nahast kaelakee \"Odini rongad\"","og_description":"Suurus laos 20,5, oma saab teha 1-2 n\u00e4dalaga.","og_url":"https:\/\/colibri-jewels.eu\/et\/toode\/silver-and-leather-chocker-necklace-odins-ravens\/","og_site_name":"Colibri jewels","article_publisher":"https:\/\/www.facebook.com\/colibri.jewels","article_modified_time":"2023-07-20T16:01:48+00:00","og_image":[{"width":1000,"height":1000,"url":"https:\/\/colibri-jewels.eu\/wp-content\/uploads\/2023\/07\/silver-leather-chocker-necklace-odin-ravens.jpg","type":"image\/jpeg"}],"twitter_card":"summary_large_image","twitter_misc":{"Est. reading time":"2 minutit"},"schema":{"@context":"https:\/\/schema.org","@graph":[{"@type":"WebPage","@id":"https:\/\/colibri-jewels.eu\/et\/toode\/silver-and-leather-chocker-necklace-odins-ravens\/","url":"https:\/\/colibri-jewels.eu\/et\/toode\/silver-and-leather-chocker-necklace-odins-ravens\/","name":"H\u00f5bedast ja nahast kaelakee \"Odini rongad\" - Colibri jewels","isPartOf":{"@id":"https:\/\/colibri-jewels.eu\/et\/#website"},"primaryImageOfPage":{"@id":"https:\/\/colibri-jewels.eu\/et\/toode\/silver-and-leather-chocker-necklace-odins-ravens\/#primaryimage"},"image":{"@id":"https:\/\/colibri-jewels.eu\/et\/toode\/silver-and-leather-chocker-necklace-odins-ravens\/#primaryimage"},"thumbnailUrl":"https:\/\/colibri-jewels.eu\/wp-content\/uploads\/2023\/07\/silver-leather-chocker-necklace-odin-ravens.jpg","datePublished":"2023-07-20T15:12:01+00:00","dateModified":"2023-07-20T16:01:48+00:00","breadcrumb":{"@id":"https:\/\/colibri-jewels.eu\/et\/toode\/silver-and-leather-chocker-necklace-odins-ravens\/#breadcrumb"},"inLanguage":"et","potentialAction":[{"@type":"ReadAction","target":["https:\/\/colibri-jewels.eu\/et\/toode\/silver-and-leather-chocker-necklace-odins-ravens\/"]}]},{"@type":"ImageObject","inLanguage":"et","@id":"https:\/\/colibri-jewels.eu\/et\/toode\/silver-and-leather-chocker-necklace-odins-ravens\/#primaryimage","url":"https:\/\/colibri-jewels.eu\/wp-content\/uploads\/2023\/07\/silver-leather-chocker-necklace-odin-ravens.jpg","contentUrl":"https:\/\/colibri-jewels.eu\/wp-content\/uploads\/2023\/07\/silver-leather-chocker-necklace-odin-ravens.jpg","width":1000,"height":1000},{"@type":"BreadcrumbList","@id":"https:\/\/colibri-jewels.eu\/et\/toode\/silver-and-leather-chocker-necklace-odins-ravens\/#breadcrumb","itemListElement":[{"@type":"ListItem","position":1,"name":"\u0413\u043b\u0430\u0432\u043d\u0430\u044f \u0441\u0442\u0440\u0430\u043d\u0438\u0446\u0430","item":"https:\/\/colibri-jewels.eu\/et\/"},{"@type":"ListItem","position":2,"name":"Pood","item":"https:\/\/colibri-jewels.eu\/et\/pood\/"},{"@type":"ListItem","position":3,"name":"H\u00f5bedast ja nahast kaelakee &#8220;Odini rongad&#8221;"}]},{"@type":"WebSite","@id":"https:\/\/colibri-jewels.eu\/et\/#website","url":"https:\/\/colibri-jewels.eu\/et\/","name":"Colibri jewels","description":"jewelry shop","publisher":{"@id":"https:\/\/colibri-jewels.eu\/et\/#organization"},"potentialAction":[{"@type":"SearchAction","target":{"@type":"EntryPoint","urlTemplate":"https:\/\/colibri-jewels.eu\/et\/?s={search_term_string}"},"query-input":{"@type":"PropertyValueSpecification","valueRequired":true,"valueName":"search_term_string"}}],"inLanguage":"et"},{"@type":"Organization","@id":"https:\/\/colibri-jewels.eu\/et\/#organization","name":"O\u00dc Colibri","url":"https:\/\/colibri-jewels.eu\/et\/","logo":{"@type":"ImageObject","inLanguage":"et","@id":"https:\/\/colibri-jewels.eu\/et\/#\/schema\/logo\/image\/","url":"https:\/\/dev.colibri-jewels.eu\/wp-content\/uploads\/2021\/03\/colibri.png","contentUrl":"https:\/\/dev.colibri-jewels.eu\/wp-content\/uploads\/2021\/03\/colibri.png","width":227,"height":130,"caption":"O\u00dc Colibri"},"image":{"@id":"https:\/\/colibri-jewels.eu\/et\/#\/schema\/logo\/image\/"},"sameAs":["https:\/\/www.facebook.com\/colibri.jewels","https:\/\/www.instagram.com\/colibri.jewels","https:\/\/www.tiktok.com\/colibri.jewels"]}]}},"_links":{"self":[{"href":"https:\/\/colibri-jewels.eu\/et\/wp-json\/wp\/v2\/product\/36177","targetHints":{"allow":["GET"]}}],"collection":[{"href":"https:\/\/colibri-jewels.eu\/et\/wp-json\/wp\/v2\/product"}],"about":[{"href":"https:\/\/colibri-jewels.eu\/et\/wp-json\/wp\/v2\/types\/product"}],"replies":[{"embeddable":true,"href":"https:\/\/colibri-jewels.eu\/et\/wp-json\/wp\/v2\/comments?post=36177"}],"version-history":[{"count":0,"href":"https:\/\/colibri-jewels.eu\/et\/wp-json\/wp\/v2\/product\/36177\/revisions"}],"wp:featuredmedia":[{"embeddable":true,"href":"https:\/\/colibri-jewels.eu\/et\/wp-json\/wp\/v2\/media\/36180"}],"wp:attachment":[{"href":"https:\/\/colibri-jewels.eu\/et\/wp-json\/wp\/v2\/media?parent=36177"}],"wp:term":[{"taxonomy":"brand","embeddable":true,"href":"https:\/\/colibri-jewels.eu\/et\/wp-json\/wp\/v2\/etheme_brands?post=36177"},{"taxonomy":"product_brand","embeddable":true,"href":"https:\/\/colibri-jewels.eu\/et\/wp-json\/wp\/v2\/product_brand?post=36177"},{"taxonomy":"product_cat","embeddable":true,"href":"https:\/\/colibri-jewels.eu\/et\/wp-json\/wp\/v2\/product_cat?post=36177"},{"taxonomy":"product_tag","embeddable":true,"href":"https:\/\/colibri-jewels.eu\/et\/wp-json\/wp\/v2\/product_tag?post=36177"}],"curies":[{"name":"wp","href":"https:\/\/api.w.org\/{rel}","templated":true}]}}