{"id":36220,"date":"2023-07-29T18:56:49","date_gmt":"2023-07-29T15:56:49","guid":{"rendered":"https:\/\/dev.colibri-jewels.eu\/?post_type=product&#038;p=36220"},"modified":"2024-02-12T17:15:29","modified_gmt":"2024-02-12T15:15:29","slug":"golden-earrings-with-sapphires-and-diamonds-e-8228","status":"publish","type":"product","link":"https:\/\/colibri-jewels.eu\/et\/toode\/golden-earrings-with-sapphires-and-diamonds-e-8228\/","title":{"rendered":"Kuldsed k\u00f5rvar\u00f5ngad safiiride ja teemantidega E-8228"},"content":{"rendered":"<p>Klassikalise kujuga \u00fcsna v\u00e4ikesed k\u00f5rvar\u00f5ngad safiir-pirnil\u00f5ike ja t\u00e4isl\u00f5ikeliste teemantidega. V\u00e4ga hele, s\u00fcgavsinine safiir, \u00fcmbritsetud teemantraamiga \u2013 ei l\u00e4he kunagi moest v\u00e4lja! Valige need kingituseks v\u00f5i ostke endale \u2013 need meeldivad teile kindlasti!<\/p>\n<p>Safiirid &#8211; 0.52 ct.<\/p>\n<p>Teemandid &#8211; 36 tk., 0,12 ct<\/p>\n<p>Roosa kuld 585*<\/p>\n<p>K\u00f5rvar\u00f5nga kaal 2,40 g.<\/p>\n","protected":false},"excerpt":{"rendered":"<p>Safiirid &#8211; 0,52 ct<\/p>\n<p>Teemandid &#8211; 36 tk., 0,12 ct<\/p>\n<p>Roosa kuld 14 kt.<\/p>\n<p>K\u00f5rvar\u00f5nga kaal 2,40 g.<\/p>\n","protected":false},"featured_media":38203,"comment_status":"open","ping_status":"closed","template":"","meta":[],"etheme_brands":[],"product_brand":[],"product_cat":[469],"product_tag":[472],"class_list":{"0":"post-36220","1":"product","2":"type-product","3":"status-publish","4":"has-post-thumbnail","6":"product_cat-korvarongad","7":"product_tag-klassika","9":"first","10":"instock","11":"shipping-taxable","12":"purchasable","13":"product-type-simple"},"acf":[],"yoast_head":"<!-- This site is optimized with the Yoast SEO Premium plugin v26.5 (Yoast SEO v26.8) - https:\/\/yoast.com\/product\/yoast-seo-premium-wordpress\/ -->\n<title>Kuldsed k\u00f5rvar\u00f5ngad safiiride ja teemantidega E-8228 - Colibri jewels<\/title>\n<meta name=\"robots\" content=\"index, follow, max-snippet:-1, max-image-preview:large, max-video-preview:-1\" \/>\n<link rel=\"canonical\" href=\"https:\/\/colibri-jewels.eu\/et\/toode\/golden-earrings-with-sapphires-and-diamonds-e-8228\/\" \/>\n<meta property=\"og:locale\" content=\"et_EE\" \/>\n<meta property=\"og:type\" content=\"article\" \/>\n<meta property=\"og:title\" content=\"Kuldsed k\u00f5rvar\u00f5ngad safiiride ja teemantidega E-8228\" \/>\n<meta property=\"og:description\" content=\"Safiirid - 0,52 ct Teemandid - 36 tk., 0,12 ct Roosa kuld 14 kt. K\u00f5rvar\u00f5nga kaal 2,40 g.\" \/>\n<meta property=\"og:url\" content=\"https:\/\/colibri-jewels.eu\/et\/toode\/golden-earrings-with-sapphires-and-diamonds-e-8228\/\" \/>\n<meta property=\"og:site_name\" content=\"Colibri jewels\" \/>\n<meta property=\"article:publisher\" content=\"https:\/\/www.facebook.com\/colibri.jewels\" \/>\n<meta property=\"article:modified_time\" content=\"2024-02-12T15:15:29+00:00\" \/>\n<meta property=\"og:image\" content=\"https:\/\/colibri-jewels.eu\/wp-content\/uploads\/2023\/07\/golden-earrings-with-pear-drop-sapphire-and-diamonds-EDS-8228.jpg\" \/>\n\t<meta property=\"og:image:width\" content=\"1000\" \/>\n\t<meta property=\"og:image:height\" content=\"1000\" \/>\n\t<meta property=\"og:image:type\" content=\"image\/jpeg\" \/>\n<meta name=\"twitter:card\" content=\"summary_large_image\" \/>\n<script type=\"application\/ld+json\" class=\"yoast-schema-graph\">{\"@context\":\"https:\/\/schema.org\",\"@graph\":[{\"@type\":\"WebPage\",\"@id\":\"https:\/\/colibri-jewels.eu\/et\/toode\/golden-earrings-with-sapphires-and-diamonds-e-8228\/\",\"url\":\"https:\/\/colibri-jewels.eu\/et\/toode\/golden-earrings-with-sapphires-and-diamonds-e-8228\/\",\"name\":\"Kuldsed k\u00f5rvar\u00f5ngad safiiride ja teemantidega E-8228 - Colibri jewels\",\"isPartOf\":{\"@id\":\"https:\/\/colibri-jewels.eu\/et\/#website\"},\"primaryImageOfPage\":{\"@id\":\"https:\/\/colibri-jewels.eu\/et\/toode\/golden-earrings-with-sapphires-and-diamonds-e-8228\/#primaryimage\"},\"image\":{\"@id\":\"https:\/\/colibri-jewels.eu\/et\/toode\/golden-earrings-with-sapphires-and-diamonds-e-8228\/#primaryimage\"},\"thumbnailUrl\":\"https:\/\/colibri-jewels.eu\/wp-content\/uploads\/2023\/07\/golden-earrings-with-pear-drop-sapphire-and-diamonds-EDS-8228.jpg\",\"datePublished\":\"2023-07-29T15:56:49+00:00\",\"dateModified\":\"2024-02-12T15:15:29+00:00\",\"breadcrumb\":{\"@id\":\"https:\/\/colibri-jewels.eu\/et\/toode\/golden-earrings-with-sapphires-and-diamonds-e-8228\/#breadcrumb\"},\"inLanguage\":\"et\",\"potentialAction\":[{\"@type\":\"ReadAction\",\"target\":[\"https:\/\/colibri-jewels.eu\/et\/toode\/golden-earrings-with-sapphires-and-diamonds-e-8228\/\"]}]},{\"@type\":\"ImageObject\",\"inLanguage\":\"et\",\"@id\":\"https:\/\/colibri-jewels.eu\/et\/toode\/golden-earrings-with-sapphires-and-diamonds-e-8228\/#primaryimage\",\"url\":\"https:\/\/colibri-jewels.eu\/wp-content\/uploads\/2023\/07\/golden-earrings-with-pear-drop-sapphire-and-diamonds-EDS-8228.jpg\",\"contentUrl\":\"https:\/\/colibri-jewels.eu\/wp-content\/uploads\/2023\/07\/golden-earrings-with-pear-drop-sapphire-and-diamonds-EDS-8228.jpg\",\"width\":1000,\"height\":1000},{\"@type\":\"BreadcrumbList\",\"@id\":\"https:\/\/colibri-jewels.eu\/et\/toode\/golden-earrings-with-sapphires-and-diamonds-e-8228\/#breadcrumb\",\"itemListElement\":[{\"@type\":\"ListItem\",\"position\":1,\"name\":\"\u0413\u043b\u0430\u0432\u043d\u0430\u044f \u0441\u0442\u0440\u0430\u043d\u0438\u0446\u0430\",\"item\":\"https:\/\/colibri-jewels.eu\/et\/\"},{\"@type\":\"ListItem\",\"position\":2,\"name\":\"Pood\",\"item\":\"https:\/\/colibri-jewels.eu\/et\/pood\/\"},{\"@type\":\"ListItem\",\"position\":3,\"name\":\"Kuldsed k\u00f5rvar\u00f5ngad safiiride ja teemantidega E-8228\"}]},{\"@type\":\"WebSite\",\"@id\":\"https:\/\/colibri-jewels.eu\/et\/#website\",\"url\":\"https:\/\/colibri-jewels.eu\/et\/\",\"name\":\"Colibri jewels\",\"description\":\"jewelry shop\",\"publisher\":{\"@id\":\"https:\/\/colibri-jewels.eu\/et\/#organization\"},\"potentialAction\":[{\"@type\":\"SearchAction\",\"target\":{\"@type\":\"EntryPoint\",\"urlTemplate\":\"https:\/\/colibri-jewels.eu\/et\/?s={search_term_string}\"},\"query-input\":{\"@type\":\"PropertyValueSpecification\",\"valueRequired\":true,\"valueName\":\"search_term_string\"}}],\"inLanguage\":\"et\"},{\"@type\":\"Organization\",\"@id\":\"https:\/\/colibri-jewels.eu\/et\/#organization\",\"name\":\"O\u00dc Colibri\",\"url\":\"https:\/\/colibri-jewels.eu\/et\/\",\"logo\":{\"@type\":\"ImageObject\",\"inLanguage\":\"et\",\"@id\":\"https:\/\/colibri-jewels.eu\/et\/#\/schema\/logo\/image\/\",\"url\":\"https:\/\/dev.colibri-jewels.eu\/wp-content\/uploads\/2021\/03\/colibri.png\",\"contentUrl\":\"https:\/\/dev.colibri-jewels.eu\/wp-content\/uploads\/2021\/03\/colibri.png\",\"width\":227,\"height\":130,\"caption\":\"O\u00dc Colibri\"},\"image\":{\"@id\":\"https:\/\/colibri-jewels.eu\/et\/#\/schema\/logo\/image\/\"},\"sameAs\":[\"https:\/\/www.facebook.com\/colibri.jewels\",\"https:\/\/www.instagram.com\/colibri.jewels\",\"https:\/\/www.tiktok.com\/colibri.jewels\"]}]}<\/script>\n<!-- \/ Yoast SEO Premium plugin. -->","yoast_head_json":{"title":"Kuldsed k\u00f5rvar\u00f5ngad safiiride ja teemantidega E-8228 - Colibri jewels","robots":{"index":"index","follow":"follow","max-snippet":"max-snippet:-1","max-image-preview":"max-image-preview:large","max-video-preview":"max-video-preview:-1"},"canonical":"https:\/\/colibri-jewels.eu\/et\/toode\/golden-earrings-with-sapphires-and-diamonds-e-8228\/","og_locale":"et_EE","og_type":"article","og_title":"Kuldsed k\u00f5rvar\u00f5ngad safiiride ja teemantidega E-8228","og_description":"Safiirid - 0,52 ct Teemandid - 36 tk., 0,12 ct Roosa kuld 14 kt. K\u00f5rvar\u00f5nga kaal 2,40 g.","og_url":"https:\/\/colibri-jewels.eu\/et\/toode\/golden-earrings-with-sapphires-and-diamonds-e-8228\/","og_site_name":"Colibri jewels","article_publisher":"https:\/\/www.facebook.com\/colibri.jewels","article_modified_time":"2024-02-12T15:15:29+00:00","og_image":[{"width":1000,"height":1000,"url":"https:\/\/colibri-jewels.eu\/wp-content\/uploads\/2023\/07\/golden-earrings-with-pear-drop-sapphire-and-diamonds-EDS-8228.jpg","type":"image\/jpeg"}],"twitter_card":"summary_large_image","schema":{"@context":"https:\/\/schema.org","@graph":[{"@type":"WebPage","@id":"https:\/\/colibri-jewels.eu\/et\/toode\/golden-earrings-with-sapphires-and-diamonds-e-8228\/","url":"https:\/\/colibri-jewels.eu\/et\/toode\/golden-earrings-with-sapphires-and-diamonds-e-8228\/","name":"Kuldsed k\u00f5rvar\u00f5ngad safiiride ja teemantidega E-8228 - Colibri jewels","isPartOf":{"@id":"https:\/\/colibri-jewels.eu\/et\/#website"},"primaryImageOfPage":{"@id":"https:\/\/colibri-jewels.eu\/et\/toode\/golden-earrings-with-sapphires-and-diamonds-e-8228\/#primaryimage"},"image":{"@id":"https:\/\/colibri-jewels.eu\/et\/toode\/golden-earrings-with-sapphires-and-diamonds-e-8228\/#primaryimage"},"thumbnailUrl":"https:\/\/colibri-jewels.eu\/wp-content\/uploads\/2023\/07\/golden-earrings-with-pear-drop-sapphire-and-diamonds-EDS-8228.jpg","datePublished":"2023-07-29T15:56:49+00:00","dateModified":"2024-02-12T15:15:29+00:00","breadcrumb":{"@id":"https:\/\/colibri-jewels.eu\/et\/toode\/golden-earrings-with-sapphires-and-diamonds-e-8228\/#breadcrumb"},"inLanguage":"et","potentialAction":[{"@type":"ReadAction","target":["https:\/\/colibri-jewels.eu\/et\/toode\/golden-earrings-with-sapphires-and-diamonds-e-8228\/"]}]},{"@type":"ImageObject","inLanguage":"et","@id":"https:\/\/colibri-jewels.eu\/et\/toode\/golden-earrings-with-sapphires-and-diamonds-e-8228\/#primaryimage","url":"https:\/\/colibri-jewels.eu\/wp-content\/uploads\/2023\/07\/golden-earrings-with-pear-drop-sapphire-and-diamonds-EDS-8228.jpg","contentUrl":"https:\/\/colibri-jewels.eu\/wp-content\/uploads\/2023\/07\/golden-earrings-with-pear-drop-sapphire-and-diamonds-EDS-8228.jpg","width":1000,"height":1000},{"@type":"BreadcrumbList","@id":"https:\/\/colibri-jewels.eu\/et\/toode\/golden-earrings-with-sapphires-and-diamonds-e-8228\/#breadcrumb","itemListElement":[{"@type":"ListItem","position":1,"name":"\u0413\u043b\u0430\u0432\u043d\u0430\u044f \u0441\u0442\u0440\u0430\u043d\u0438\u0446\u0430","item":"https:\/\/colibri-jewels.eu\/et\/"},{"@type":"ListItem","position":2,"name":"Pood","item":"https:\/\/colibri-jewels.eu\/et\/pood\/"},{"@type":"ListItem","position":3,"name":"Kuldsed k\u00f5rvar\u00f5ngad safiiride ja teemantidega E-8228"}]},{"@type":"WebSite","@id":"https:\/\/colibri-jewels.eu\/et\/#website","url":"https:\/\/colibri-jewels.eu\/et\/","name":"Colibri jewels","description":"jewelry shop","publisher":{"@id":"https:\/\/colibri-jewels.eu\/et\/#organization"},"potentialAction":[{"@type":"SearchAction","target":{"@type":"EntryPoint","urlTemplate":"https:\/\/colibri-jewels.eu\/et\/?s={search_term_string}"},"query-input":{"@type":"PropertyValueSpecification","valueRequired":true,"valueName":"search_term_string"}}],"inLanguage":"et"},{"@type":"Organization","@id":"https:\/\/colibri-jewels.eu\/et\/#organization","name":"O\u00dc Colibri","url":"https:\/\/colibri-jewels.eu\/et\/","logo":{"@type":"ImageObject","inLanguage":"et","@id":"https:\/\/colibri-jewels.eu\/et\/#\/schema\/logo\/image\/","url":"https:\/\/dev.colibri-jewels.eu\/wp-content\/uploads\/2021\/03\/colibri.png","contentUrl":"https:\/\/dev.colibri-jewels.eu\/wp-content\/uploads\/2021\/03\/colibri.png","width":227,"height":130,"caption":"O\u00dc Colibri"},"image":{"@id":"https:\/\/colibri-jewels.eu\/et\/#\/schema\/logo\/image\/"},"sameAs":["https:\/\/www.facebook.com\/colibri.jewels","https:\/\/www.instagram.com\/colibri.jewels","https:\/\/www.tiktok.com\/colibri.jewels"]}]}},"_links":{"self":[{"href":"https:\/\/colibri-jewels.eu\/et\/wp-json\/wp\/v2\/product\/36220","targetHints":{"allow":["GET"]}}],"collection":[{"href":"https:\/\/colibri-jewels.eu\/et\/wp-json\/wp\/v2\/product"}],"about":[{"href":"https:\/\/colibri-jewels.eu\/et\/wp-json\/wp\/v2\/types\/product"}],"replies":[{"embeddable":true,"href":"https:\/\/colibri-jewels.eu\/et\/wp-json\/wp\/v2\/comments?post=36220"}],"version-history":[{"count":0,"href":"https:\/\/colibri-jewels.eu\/et\/wp-json\/wp\/v2\/product\/36220\/revisions"}],"wp:featuredmedia":[{"embeddable":true,"href":"https:\/\/colibri-jewels.eu\/et\/wp-json\/wp\/v2\/media\/38203"}],"wp:attachment":[{"href":"https:\/\/colibri-jewels.eu\/et\/wp-json\/wp\/v2\/media?parent=36220"}],"wp:term":[{"taxonomy":"brand","embeddable":true,"href":"https:\/\/colibri-jewels.eu\/et\/wp-json\/wp\/v2\/etheme_brands?post=36220"},{"taxonomy":"product_brand","embeddable":true,"href":"https:\/\/colibri-jewels.eu\/et\/wp-json\/wp\/v2\/product_brand?post=36220"},{"taxonomy":"product_cat","embeddable":true,"href":"https:\/\/colibri-jewels.eu\/et\/wp-json\/wp\/v2\/product_cat?post=36220"},{"taxonomy":"product_tag","embeddable":true,"href":"https:\/\/colibri-jewels.eu\/et\/wp-json\/wp\/v2\/product_tag?post=36220"}],"curies":[{"name":"wp","href":"https:\/\/api.w.org\/{rel}","templated":true}]}}