{"id":36237,"date":"2023-08-09T11:55:34","date_gmt":"2023-08-09T08:55:34","guid":{"rendered":"https:\/\/dev.colibri-jewels.eu\/?post_type=product&#038;p=36237"},"modified":"2023-08-09T12:48:27","modified_gmt":"2023-08-09T09:48:27","slug":"silver-bracelet-wing-on-a-leather-cord-from-scandinavian-collection","status":"publish","type":"product","link":"https:\/\/colibri-jewels.eu\/et\/toode\/silver-bracelet-wing-on-a-leather-cord-from-scandinavian-collection\/","title":{"rendered":"Skandinaavia kollektsioonist p\u00e4rit h\u00f5bedane k\u00e4ev\u00f5ru &#8220;Tiib&#8221; nahkn\u00f6\u00f6ril"},"content":{"rendered":"<p>Tutvustame meie uut &#8220;Tiib&#8221; k\u00e4ev\u00f5ru sarjast &#8220;Tiivad&#8221;, mis s\u00fcmboliseerib piirituid p\u00fc\u00fcdlusi ja soovi v\u00f5tta elutee armuga vastu. Nahast n\u00f6\u00f6rile lisatud dekoratiivsed elemendid &#8211; see elegantne tiib \u00fchendab kerguse ja j\u00f5hkruse, legendid ja s\u00fcgava s\u00fcmboolika tiibadest ja igap\u00e4evasest stiilist. Tiib ise on keerukalt detailne ja kaunistatud Skandinaavia mustriga, mis on hoolikalt meisterdatud, et tabada lennu ja vabaduse olemust.<\/p>\n<p>Kultuurides on tiibu austatud inimvaimu vabanemisiha esitusena. See k\u00e4ev\u00f5ru kehastab nende vaimu, kes julgevad unistada ja vabaneda elupiirangutest. Tiib s\u00fcmboliseerib julgust sirutada tiibu ja h\u00f5ljuda, j\u00e4ttes selja taha mineviku raskuse ja v\u00f5ttes omaks l\u00f5pmatute v\u00f5imalustega t\u00e4idetud tulevik.<\/p>\n<p>H\u00f5bedast valmistatud k\u00e4ev\u00f5ru kiirgab eeterlikku s\u00e4ra, mis t\u00e4iendab kandja loomulikku ilu, r\u00f5hutades teie randme elegantsi. Selle \u00f5rnad kumerused ja tumedalt s\u00e4delev pind tekitavad kerguse ja graatsilisuse tunde, tuletades meile meelde iga inimese sees peituvat habrast ilu.<\/p>\n<p>Kui kannate k\u00e4ev\u00f5ru &#8220;Tiib&#8221; v\u00f5i kaelakeed, tuletage see meelde teie p\u00fc\u00fcdlusi ja j\u00f5udu nende kartmatult ellu viia. V\u00f5tke omaks muutuste muutev j\u00f5ud ja vaimne juhatus, mis viib teid teie unistuste poole.<\/p>\n<p>Iga k\u00e4ev\u00f5ru on hoolikalt k\u00e4sit\u00f6\u00f6na valmistatud, mist\u00f5ttu on see ainulaadne ja t\u00e4hendusrikas t\u00fckk, mida hellitada. See on kaunilt pakitud, mist\u00f5ttu on see ideaalne kingitus neile, kes inspireerivad teid t\u00f5usma ja saavutama uusi k\u00f5rgusi.<\/p>\n<p>Vabastage enda sees olev vabaduse vaim ja kaunistage end k\u00e4ev\u00f5ru &#8220;Tiib&#8221; v\u00f5i kaelakeega \u2013 see annab tunnistust teie teekonnast, vastupidavusest ja ees ootavatest l\u00f5pututest v\u00f5imalustest.<\/p>\n<p>&nbsp;<\/p>\n","protected":false},"excerpt":{"rendered":"<p>Tutvustame meie uut &#8220;Tiib&#8221; k\u00e4ev\u00f5ru sarjast &#8220;Tiivad&#8221;, mis s\u00fcmboliseerib piirituid p\u00fc\u00fcdlusi ja soovi v\u00f5tta elutee armuga vastu. Nahast n\u00f6\u00f6rile lisatud dekoratiivsed elemendid &#8211; see elegantne&#8230;<\/p>\n","protected":false},"featured_media":36240,"comment_status":"open","ping_status":"closed","template":"","meta":[],"etheme_brands":[],"product_brand":[],"product_cat":[467],"product_tag":[741],"class_list":{"0":"post-36237","1":"product","2":"type-product","3":"status-publish","4":"has-post-thumbnail","6":"product_cat-kaevoru","7":"product_tag-ehted-meestele","9":"first","10":"instock","11":"shipping-taxable","12":"purchasable","13":"product-type-simple"},"acf":[],"yoast_head":"<!-- This site is optimized with the Yoast SEO Premium plugin v26.5 (Yoast SEO v26.8) - https:\/\/yoast.com\/product\/yoast-seo-premium-wordpress\/ -->\n<title>Skandinaavia kollektsioonist p\u00e4rit h\u00f5bedane k\u00e4ev\u00f5ru &quot;Tiib&quot; nahkn\u00f6\u00f6ril - Colibri jewels<\/title>\n<meta name=\"robots\" content=\"index, follow, max-snippet:-1, max-image-preview:large, max-video-preview:-1\" \/>\n<link rel=\"canonical\" href=\"https:\/\/colibri-jewels.eu\/et\/toode\/silver-bracelet-wing-on-a-leather-cord-from-scandinavian-collection\/\" \/>\n<meta property=\"og:locale\" content=\"et_EE\" \/>\n<meta property=\"og:type\" content=\"article\" \/>\n<meta property=\"og:title\" content=\"Skandinaavia kollektsioonist p\u00e4rit h\u00f5bedane k\u00e4ev\u00f5ru &quot;Tiib&quot; nahkn\u00f6\u00f6ril\" \/>\n<meta property=\"og:description\" content=\"Tutvustame meie uut &#8220;Tiib&#8221; k\u00e4ev\u00f5ru sarjast &#8220;Tiivad&#8221;, mis s\u00fcmboliseerib piirituid p\u00fc\u00fcdlusi ja soovi v\u00f5tta elutee armuga vastu. Nahast n\u00f6\u00f6rile lisatud dekoratiivsed elemendid &#8211; see elegantne...\" \/>\n<meta property=\"og:url\" content=\"https:\/\/colibri-jewels.eu\/et\/toode\/silver-bracelet-wing-on-a-leather-cord-from-scandinavian-collection\/\" \/>\n<meta property=\"og:site_name\" content=\"Colibri jewels\" \/>\n<meta property=\"article:publisher\" content=\"https:\/\/www.facebook.com\/colibri.jewels\" \/>\n<meta property=\"article:modified_time\" content=\"2023-08-09T09:48:27+00:00\" \/>\n<meta property=\"og:image\" content=\"https:\/\/colibri-jewels.eu\/wp-content\/uploads\/2023\/08\/silver-wing-bracelet-on-leather-cord2.jpg\" \/>\n\t<meta property=\"og:image:width\" content=\"1000\" \/>\n\t<meta property=\"og:image:height\" content=\"1000\" \/>\n\t<meta property=\"og:image:type\" content=\"image\/jpeg\" \/>\n<meta name=\"twitter:card\" content=\"summary_large_image\" \/>\n<meta name=\"twitter:label1\" content=\"Est. reading time\" \/>\n\t<meta name=\"twitter:data1\" content=\"1 minut\" \/>\n<script type=\"application\/ld+json\" class=\"yoast-schema-graph\">{\"@context\":\"https:\/\/schema.org\",\"@graph\":[{\"@type\":\"WebPage\",\"@id\":\"https:\/\/colibri-jewels.eu\/et\/toode\/silver-bracelet-wing-on-a-leather-cord-from-scandinavian-collection\/\",\"url\":\"https:\/\/colibri-jewels.eu\/et\/toode\/silver-bracelet-wing-on-a-leather-cord-from-scandinavian-collection\/\",\"name\":\"Skandinaavia kollektsioonist p\u00e4rit h\u00f5bedane k\u00e4ev\u00f5ru \\\"Tiib\\\" nahkn\u00f6\u00f6ril - Colibri jewels\",\"isPartOf\":{\"@id\":\"https:\/\/colibri-jewels.eu\/et\/#website\"},\"primaryImageOfPage\":{\"@id\":\"https:\/\/colibri-jewels.eu\/et\/toode\/silver-bracelet-wing-on-a-leather-cord-from-scandinavian-collection\/#primaryimage\"},\"image\":{\"@id\":\"https:\/\/colibri-jewels.eu\/et\/toode\/silver-bracelet-wing-on-a-leather-cord-from-scandinavian-collection\/#primaryimage\"},\"thumbnailUrl\":\"https:\/\/colibri-jewels.eu\/wp-content\/uploads\/2023\/08\/silver-wing-bracelet-on-leather-cord2.jpg\",\"datePublished\":\"2023-08-09T08:55:34+00:00\",\"dateModified\":\"2023-08-09T09:48:27+00:00\",\"breadcrumb\":{\"@id\":\"https:\/\/colibri-jewels.eu\/et\/toode\/silver-bracelet-wing-on-a-leather-cord-from-scandinavian-collection\/#breadcrumb\"},\"inLanguage\":\"et\",\"potentialAction\":[{\"@type\":\"ReadAction\",\"target\":[\"https:\/\/colibri-jewels.eu\/et\/toode\/silver-bracelet-wing-on-a-leather-cord-from-scandinavian-collection\/\"]}]},{\"@type\":\"ImageObject\",\"inLanguage\":\"et\",\"@id\":\"https:\/\/colibri-jewels.eu\/et\/toode\/silver-bracelet-wing-on-a-leather-cord-from-scandinavian-collection\/#primaryimage\",\"url\":\"https:\/\/colibri-jewels.eu\/wp-content\/uploads\/2023\/08\/silver-wing-bracelet-on-leather-cord2.jpg\",\"contentUrl\":\"https:\/\/colibri-jewels.eu\/wp-content\/uploads\/2023\/08\/silver-wing-bracelet-on-leather-cord2.jpg\",\"width\":1000,\"height\":1000},{\"@type\":\"BreadcrumbList\",\"@id\":\"https:\/\/colibri-jewels.eu\/et\/toode\/silver-bracelet-wing-on-a-leather-cord-from-scandinavian-collection\/#breadcrumb\",\"itemListElement\":[{\"@type\":\"ListItem\",\"position\":1,\"name\":\"\u0413\u043b\u0430\u0432\u043d\u0430\u044f \u0441\u0442\u0440\u0430\u043d\u0438\u0446\u0430\",\"item\":\"https:\/\/colibri-jewels.eu\/et\/\"},{\"@type\":\"ListItem\",\"position\":2,\"name\":\"Pood\",\"item\":\"https:\/\/colibri-jewels.eu\/et\/pood\/\"},{\"@type\":\"ListItem\",\"position\":3,\"name\":\"Skandinaavia kollektsioonist p\u00e4rit h\u00f5bedane k\u00e4ev\u00f5ru &#8220;Tiib&#8221; nahkn\u00f6\u00f6ril\"}]},{\"@type\":\"WebSite\",\"@id\":\"https:\/\/colibri-jewels.eu\/et\/#website\",\"url\":\"https:\/\/colibri-jewels.eu\/et\/\",\"name\":\"Colibri jewels\",\"description\":\"jewelry shop\",\"publisher\":{\"@id\":\"https:\/\/colibri-jewels.eu\/et\/#organization\"},\"potentialAction\":[{\"@type\":\"SearchAction\",\"target\":{\"@type\":\"EntryPoint\",\"urlTemplate\":\"https:\/\/colibri-jewels.eu\/et\/?s={search_term_string}\"},\"query-input\":{\"@type\":\"PropertyValueSpecification\",\"valueRequired\":true,\"valueName\":\"search_term_string\"}}],\"inLanguage\":\"et\"},{\"@type\":\"Organization\",\"@id\":\"https:\/\/colibri-jewels.eu\/et\/#organization\",\"name\":\"O\u00dc Colibri\",\"url\":\"https:\/\/colibri-jewels.eu\/et\/\",\"logo\":{\"@type\":\"ImageObject\",\"inLanguage\":\"et\",\"@id\":\"https:\/\/colibri-jewels.eu\/et\/#\/schema\/logo\/image\/\",\"url\":\"https:\/\/dev.colibri-jewels.eu\/wp-content\/uploads\/2021\/03\/colibri.png\",\"contentUrl\":\"https:\/\/dev.colibri-jewels.eu\/wp-content\/uploads\/2021\/03\/colibri.png\",\"width\":227,\"height\":130,\"caption\":\"O\u00dc Colibri\"},\"image\":{\"@id\":\"https:\/\/colibri-jewels.eu\/et\/#\/schema\/logo\/image\/\"},\"sameAs\":[\"https:\/\/www.facebook.com\/colibri.jewels\",\"https:\/\/www.instagram.com\/colibri.jewels\",\"https:\/\/www.tiktok.com\/colibri.jewels\"]}]}<\/script>\n<!-- \/ Yoast SEO Premium plugin. -->","yoast_head_json":{"title":"Skandinaavia kollektsioonist p\u00e4rit h\u00f5bedane k\u00e4ev\u00f5ru \"Tiib\" nahkn\u00f6\u00f6ril - Colibri jewels","robots":{"index":"index","follow":"follow","max-snippet":"max-snippet:-1","max-image-preview":"max-image-preview:large","max-video-preview":"max-video-preview:-1"},"canonical":"https:\/\/colibri-jewels.eu\/et\/toode\/silver-bracelet-wing-on-a-leather-cord-from-scandinavian-collection\/","og_locale":"et_EE","og_type":"article","og_title":"Skandinaavia kollektsioonist p\u00e4rit h\u00f5bedane k\u00e4ev\u00f5ru \"Tiib\" nahkn\u00f6\u00f6ril","og_description":"Tutvustame meie uut &#8220;Tiib&#8221; k\u00e4ev\u00f5ru sarjast &#8220;Tiivad&#8221;, mis s\u00fcmboliseerib piirituid p\u00fc\u00fcdlusi ja soovi v\u00f5tta elutee armuga vastu. Nahast n\u00f6\u00f6rile lisatud dekoratiivsed elemendid &#8211; see elegantne...","og_url":"https:\/\/colibri-jewels.eu\/et\/toode\/silver-bracelet-wing-on-a-leather-cord-from-scandinavian-collection\/","og_site_name":"Colibri jewels","article_publisher":"https:\/\/www.facebook.com\/colibri.jewels","article_modified_time":"2023-08-09T09:48:27+00:00","og_image":[{"width":1000,"height":1000,"url":"https:\/\/colibri-jewels.eu\/wp-content\/uploads\/2023\/08\/silver-wing-bracelet-on-leather-cord2.jpg","type":"image\/jpeg"}],"twitter_card":"summary_large_image","twitter_misc":{"Est. reading time":"1 minut"},"schema":{"@context":"https:\/\/schema.org","@graph":[{"@type":"WebPage","@id":"https:\/\/colibri-jewels.eu\/et\/toode\/silver-bracelet-wing-on-a-leather-cord-from-scandinavian-collection\/","url":"https:\/\/colibri-jewels.eu\/et\/toode\/silver-bracelet-wing-on-a-leather-cord-from-scandinavian-collection\/","name":"Skandinaavia kollektsioonist p\u00e4rit h\u00f5bedane k\u00e4ev\u00f5ru \"Tiib\" nahkn\u00f6\u00f6ril - Colibri jewels","isPartOf":{"@id":"https:\/\/colibri-jewels.eu\/et\/#website"},"primaryImageOfPage":{"@id":"https:\/\/colibri-jewels.eu\/et\/toode\/silver-bracelet-wing-on-a-leather-cord-from-scandinavian-collection\/#primaryimage"},"image":{"@id":"https:\/\/colibri-jewels.eu\/et\/toode\/silver-bracelet-wing-on-a-leather-cord-from-scandinavian-collection\/#primaryimage"},"thumbnailUrl":"https:\/\/colibri-jewels.eu\/wp-content\/uploads\/2023\/08\/silver-wing-bracelet-on-leather-cord2.jpg","datePublished":"2023-08-09T08:55:34+00:00","dateModified":"2023-08-09T09:48:27+00:00","breadcrumb":{"@id":"https:\/\/colibri-jewels.eu\/et\/toode\/silver-bracelet-wing-on-a-leather-cord-from-scandinavian-collection\/#breadcrumb"},"inLanguage":"et","potentialAction":[{"@type":"ReadAction","target":["https:\/\/colibri-jewels.eu\/et\/toode\/silver-bracelet-wing-on-a-leather-cord-from-scandinavian-collection\/"]}]},{"@type":"ImageObject","inLanguage":"et","@id":"https:\/\/colibri-jewels.eu\/et\/toode\/silver-bracelet-wing-on-a-leather-cord-from-scandinavian-collection\/#primaryimage","url":"https:\/\/colibri-jewels.eu\/wp-content\/uploads\/2023\/08\/silver-wing-bracelet-on-leather-cord2.jpg","contentUrl":"https:\/\/colibri-jewels.eu\/wp-content\/uploads\/2023\/08\/silver-wing-bracelet-on-leather-cord2.jpg","width":1000,"height":1000},{"@type":"BreadcrumbList","@id":"https:\/\/colibri-jewels.eu\/et\/toode\/silver-bracelet-wing-on-a-leather-cord-from-scandinavian-collection\/#breadcrumb","itemListElement":[{"@type":"ListItem","position":1,"name":"\u0413\u043b\u0430\u0432\u043d\u0430\u044f \u0441\u0442\u0440\u0430\u043d\u0438\u0446\u0430","item":"https:\/\/colibri-jewels.eu\/et\/"},{"@type":"ListItem","position":2,"name":"Pood","item":"https:\/\/colibri-jewels.eu\/et\/pood\/"},{"@type":"ListItem","position":3,"name":"Skandinaavia kollektsioonist p\u00e4rit h\u00f5bedane k\u00e4ev\u00f5ru &#8220;Tiib&#8221; nahkn\u00f6\u00f6ril"}]},{"@type":"WebSite","@id":"https:\/\/colibri-jewels.eu\/et\/#website","url":"https:\/\/colibri-jewels.eu\/et\/","name":"Colibri jewels","description":"jewelry shop","publisher":{"@id":"https:\/\/colibri-jewels.eu\/et\/#organization"},"potentialAction":[{"@type":"SearchAction","target":{"@type":"EntryPoint","urlTemplate":"https:\/\/colibri-jewels.eu\/et\/?s={search_term_string}"},"query-input":{"@type":"PropertyValueSpecification","valueRequired":true,"valueName":"search_term_string"}}],"inLanguage":"et"},{"@type":"Organization","@id":"https:\/\/colibri-jewels.eu\/et\/#organization","name":"O\u00dc Colibri","url":"https:\/\/colibri-jewels.eu\/et\/","logo":{"@type":"ImageObject","inLanguage":"et","@id":"https:\/\/colibri-jewels.eu\/et\/#\/schema\/logo\/image\/","url":"https:\/\/dev.colibri-jewels.eu\/wp-content\/uploads\/2021\/03\/colibri.png","contentUrl":"https:\/\/dev.colibri-jewels.eu\/wp-content\/uploads\/2021\/03\/colibri.png","width":227,"height":130,"caption":"O\u00dc Colibri"},"image":{"@id":"https:\/\/colibri-jewels.eu\/et\/#\/schema\/logo\/image\/"},"sameAs":["https:\/\/www.facebook.com\/colibri.jewels","https:\/\/www.instagram.com\/colibri.jewels","https:\/\/www.tiktok.com\/colibri.jewels"]}]}},"_links":{"self":[{"href":"https:\/\/colibri-jewels.eu\/et\/wp-json\/wp\/v2\/product\/36237","targetHints":{"allow":["GET"]}}],"collection":[{"href":"https:\/\/colibri-jewels.eu\/et\/wp-json\/wp\/v2\/product"}],"about":[{"href":"https:\/\/colibri-jewels.eu\/et\/wp-json\/wp\/v2\/types\/product"}],"replies":[{"embeddable":true,"href":"https:\/\/colibri-jewels.eu\/et\/wp-json\/wp\/v2\/comments?post=36237"}],"version-history":[{"count":0,"href":"https:\/\/colibri-jewels.eu\/et\/wp-json\/wp\/v2\/product\/36237\/revisions"}],"wp:featuredmedia":[{"embeddable":true,"href":"https:\/\/colibri-jewels.eu\/et\/wp-json\/wp\/v2\/media\/36240"}],"wp:attachment":[{"href":"https:\/\/colibri-jewels.eu\/et\/wp-json\/wp\/v2\/media?parent=36237"}],"wp:term":[{"taxonomy":"brand","embeddable":true,"href":"https:\/\/colibri-jewels.eu\/et\/wp-json\/wp\/v2\/etheme_brands?post=36237"},{"taxonomy":"product_brand","embeddable":true,"href":"https:\/\/colibri-jewels.eu\/et\/wp-json\/wp\/v2\/product_brand?post=36237"},{"taxonomy":"product_cat","embeddable":true,"href":"https:\/\/colibri-jewels.eu\/et\/wp-json\/wp\/v2\/product_cat?post=36237"},{"taxonomy":"product_tag","embeddable":true,"href":"https:\/\/colibri-jewels.eu\/et\/wp-json\/wp\/v2\/product_tag?post=36237"}],"curies":[{"name":"wp","href":"https:\/\/api.w.org\/{rel}","templated":true}]}}