{"id":36249,"date":"2023-08-09T12:11:14","date_gmt":"2023-08-09T09:11:14","guid":{"rendered":"https:\/\/dev.colibri-jewels.eu\/?post_type=product&#038;p=36249"},"modified":"2023-08-09T12:48:31","modified_gmt":"2023-08-09T09:48:31","slug":"silver-bracelet-ravens-scull-on-a-braided-leather-cord-copy","status":"publish","type":"product","link":"https:\/\/colibri-jewels.eu\/et\/toode\/silver-bracelet-ravens-scull-on-a-braided-leather-cord-copy\/","title":{"rendered":"Nahast n\u00f6\u00f6ril h\u00f5bedane k\u00e4ev\u00f5ru &#8220;Ronga pealuu&#8221;."},"content":{"rendered":"<p>Ronkid on sageli seotud erinevate kultuuride t\u00e4hendustega, sealhulgas intelligentsuse, tarkuse, salap\u00e4ra, transformatsiooni ning elu ja surma vahelise seosega. Kasutasime maailma legendide k\u00f5ige salap\u00e4rasemate ronkade s\u00fcmbolit \u2013 \u00fcht Odini ronkadest. Legend nendest r\u00e4\u00e4gib, et nad olid Odini abilised, tema silmad ja k\u00f5rvad, nad teadsid k\u00f5ike, mis toimub jumalate maailmas ja inimeste maailmas. Kaunistasime Ronka Skandinaavia mustriga, et lisada sellele erilist kohalikku v\u00f5lu.<\/p>\n<p>Tegime selle k\u00e4ev\u00f5ru, mille keskseks osaks on rokga pealuu, et kanda seda \u00fcksk\u00f5ik millise v\u00e4limusega, mida eelistate, see on hea lisa teie kelladele v\u00f5i kandke seda eraldi.<\/p>\n<p>Seda k\u00e4ev\u00f5ru saab valmistada igas suuruses, lihtsalt andke meile teada oma randme t\u00e4pne suurus. Saate seda kanda mis tahes riietusega \u2013 alates T-s\u00e4rgist kuni \u00e4ristiilis s\u00e4rgini. Lisage oma igap\u00e4evasesse v\u00e4limusse m\u00e4ssumeelsust!<\/p>\n<p>K\u00e4sitsi valmistatud kvaliteetne h\u00f5be, k\u00f5ik v\u00e4ikesed detailid on kontrasti suurendamiseks hoolikalt poleeritud ja mustatud. Nahast n\u00f6\u00f6ri on kasutatud musta v\u00e4rvi, kuid soovi korral valmistame Teile ka teist v\u00e4rvi.<\/p>\n<p>&nbsp;<\/p>\n","protected":false},"excerpt":{"rendered":"<p>H\u00f5beda kaal 18,1 g.<\/p>\n<p>&nbsp;<\/p>\n","protected":false},"featured_media":36253,"comment_status":"open","ping_status":"closed","template":"","meta":[],"etheme_brands":[],"product_brand":[],"product_cat":[467],"product_tag":[741,503],"class_list":{"0":"post-36249","1":"product","2":"type-product","3":"status-publish","4":"has-post-thumbnail","6":"product_cat-kaevoru","7":"product_tag-ehted-meestele","8":"product_tag-loomalik","10":"first","11":"instock","12":"shipping-taxable","13":"purchasable","14":"product-type-simple"},"acf":[],"yoast_head":"<!-- This site is optimized with the Yoast SEO Premium plugin v26.5 (Yoast SEO v26.8) - https:\/\/yoast.com\/product\/yoast-seo-premium-wordpress\/ -->\n<title>Nahast n\u00f6\u00f6ril h\u00f5bedane k\u00e4ev\u00f5ru &quot;Ronga pealuu&quot;. - Colibri jewels<\/title>\n<meta name=\"robots\" content=\"index, follow, max-snippet:-1, max-image-preview:large, max-video-preview:-1\" \/>\n<link rel=\"canonical\" href=\"https:\/\/colibri-jewels.eu\/et\/toode\/silver-bracelet-ravens-scull-on-a-braided-leather-cord-copy\/\" \/>\n<meta property=\"og:locale\" content=\"et_EE\" \/>\n<meta property=\"og:type\" content=\"article\" \/>\n<meta property=\"og:title\" content=\"Nahast n\u00f6\u00f6ril h\u00f5bedane k\u00e4ev\u00f5ru &quot;Ronga pealuu&quot;.\" \/>\n<meta property=\"og:description\" content=\"H\u00f5beda kaal 18,1 g.  &nbsp;\" \/>\n<meta property=\"og:url\" content=\"https:\/\/colibri-jewels.eu\/et\/toode\/silver-bracelet-ravens-scull-on-a-braided-leather-cord-copy\/\" \/>\n<meta property=\"og:site_name\" content=\"Colibri jewels\" \/>\n<meta property=\"article:publisher\" content=\"https:\/\/www.facebook.com\/colibri.jewels\" \/>\n<meta property=\"article:modified_time\" content=\"2023-08-09T09:48:31+00:00\" \/>\n<meta property=\"og:image\" content=\"https:\/\/colibri-jewels.eu\/wp-content\/uploads\/2023\/08\/silver-bracelet-with-raven-scull-on-a-leather-cord.jpg\" \/>\n\t<meta property=\"og:image:width\" content=\"1000\" \/>\n\t<meta property=\"og:image:height\" content=\"1000\" \/>\n\t<meta property=\"og:image:type\" content=\"image\/jpeg\" \/>\n<meta name=\"twitter:card\" content=\"summary_large_image\" \/>\n<meta name=\"twitter:label1\" content=\"Est. reading time\" \/>\n\t<meta name=\"twitter:data1\" content=\"1 minut\" \/>\n<script type=\"application\/ld+json\" class=\"yoast-schema-graph\">{\"@context\":\"https:\/\/schema.org\",\"@graph\":[{\"@type\":\"WebPage\",\"@id\":\"https:\/\/colibri-jewels.eu\/et\/toode\/silver-bracelet-ravens-scull-on-a-braided-leather-cord-copy\/\",\"url\":\"https:\/\/colibri-jewels.eu\/et\/toode\/silver-bracelet-ravens-scull-on-a-braided-leather-cord-copy\/\",\"name\":\"Nahast n\u00f6\u00f6ril h\u00f5bedane k\u00e4ev\u00f5ru \\\"Ronga pealuu\\\". - Colibri jewels\",\"isPartOf\":{\"@id\":\"https:\/\/colibri-jewels.eu\/et\/#website\"},\"primaryImageOfPage\":{\"@id\":\"https:\/\/colibri-jewels.eu\/et\/toode\/silver-bracelet-ravens-scull-on-a-braided-leather-cord-copy\/#primaryimage\"},\"image\":{\"@id\":\"https:\/\/colibri-jewels.eu\/et\/toode\/silver-bracelet-ravens-scull-on-a-braided-leather-cord-copy\/#primaryimage\"},\"thumbnailUrl\":\"https:\/\/colibri-jewels.eu\/wp-content\/uploads\/2023\/08\/silver-bracelet-with-raven-scull-on-a-leather-cord.jpg\",\"datePublished\":\"2023-08-09T09:11:14+00:00\",\"dateModified\":\"2023-08-09T09:48:31+00:00\",\"breadcrumb\":{\"@id\":\"https:\/\/colibri-jewels.eu\/et\/toode\/silver-bracelet-ravens-scull-on-a-braided-leather-cord-copy\/#breadcrumb\"},\"inLanguage\":\"et\",\"potentialAction\":[{\"@type\":\"ReadAction\",\"target\":[\"https:\/\/colibri-jewels.eu\/et\/toode\/silver-bracelet-ravens-scull-on-a-braided-leather-cord-copy\/\"]}]},{\"@type\":\"ImageObject\",\"inLanguage\":\"et\",\"@id\":\"https:\/\/colibri-jewels.eu\/et\/toode\/silver-bracelet-ravens-scull-on-a-braided-leather-cord-copy\/#primaryimage\",\"url\":\"https:\/\/colibri-jewels.eu\/wp-content\/uploads\/2023\/08\/silver-bracelet-with-raven-scull-on-a-leather-cord.jpg\",\"contentUrl\":\"https:\/\/colibri-jewels.eu\/wp-content\/uploads\/2023\/08\/silver-bracelet-with-raven-scull-on-a-leather-cord.jpg\",\"width\":1000,\"height\":1000},{\"@type\":\"BreadcrumbList\",\"@id\":\"https:\/\/colibri-jewels.eu\/et\/toode\/silver-bracelet-ravens-scull-on-a-braided-leather-cord-copy\/#breadcrumb\",\"itemListElement\":[{\"@type\":\"ListItem\",\"position\":1,\"name\":\"\u0413\u043b\u0430\u0432\u043d\u0430\u044f \u0441\u0442\u0440\u0430\u043d\u0438\u0446\u0430\",\"item\":\"https:\/\/colibri-jewels.eu\/et\/\"},{\"@type\":\"ListItem\",\"position\":2,\"name\":\"Pood\",\"item\":\"https:\/\/colibri-jewels.eu\/et\/pood\/\"},{\"@type\":\"ListItem\",\"position\":3,\"name\":\"Nahast n\u00f6\u00f6ril h\u00f5bedane k\u00e4ev\u00f5ru &#8220;Ronga pealuu&#8221;.\"}]},{\"@type\":\"WebSite\",\"@id\":\"https:\/\/colibri-jewels.eu\/et\/#website\",\"url\":\"https:\/\/colibri-jewels.eu\/et\/\",\"name\":\"Colibri jewels\",\"description\":\"jewelry shop\",\"publisher\":{\"@id\":\"https:\/\/colibri-jewels.eu\/et\/#organization\"},\"potentialAction\":[{\"@type\":\"SearchAction\",\"target\":{\"@type\":\"EntryPoint\",\"urlTemplate\":\"https:\/\/colibri-jewels.eu\/et\/?s={search_term_string}\"},\"query-input\":{\"@type\":\"PropertyValueSpecification\",\"valueRequired\":true,\"valueName\":\"search_term_string\"}}],\"inLanguage\":\"et\"},{\"@type\":\"Organization\",\"@id\":\"https:\/\/colibri-jewels.eu\/et\/#organization\",\"name\":\"O\u00dc Colibri\",\"url\":\"https:\/\/colibri-jewels.eu\/et\/\",\"logo\":{\"@type\":\"ImageObject\",\"inLanguage\":\"et\",\"@id\":\"https:\/\/colibri-jewels.eu\/et\/#\/schema\/logo\/image\/\",\"url\":\"https:\/\/dev.colibri-jewels.eu\/wp-content\/uploads\/2021\/03\/colibri.png\",\"contentUrl\":\"https:\/\/dev.colibri-jewels.eu\/wp-content\/uploads\/2021\/03\/colibri.png\",\"width\":227,\"height\":130,\"caption\":\"O\u00dc Colibri\"},\"image\":{\"@id\":\"https:\/\/colibri-jewels.eu\/et\/#\/schema\/logo\/image\/\"},\"sameAs\":[\"https:\/\/www.facebook.com\/colibri.jewels\",\"https:\/\/www.instagram.com\/colibri.jewels\",\"https:\/\/www.tiktok.com\/colibri.jewels\"]}]}<\/script>\n<!-- \/ Yoast SEO Premium plugin. -->","yoast_head_json":{"title":"Nahast n\u00f6\u00f6ril h\u00f5bedane k\u00e4ev\u00f5ru \"Ronga pealuu\". - Colibri jewels","robots":{"index":"index","follow":"follow","max-snippet":"max-snippet:-1","max-image-preview":"max-image-preview:large","max-video-preview":"max-video-preview:-1"},"canonical":"https:\/\/colibri-jewels.eu\/et\/toode\/silver-bracelet-ravens-scull-on-a-braided-leather-cord-copy\/","og_locale":"et_EE","og_type":"article","og_title":"Nahast n\u00f6\u00f6ril h\u00f5bedane k\u00e4ev\u00f5ru \"Ronga pealuu\".","og_description":"H\u00f5beda kaal 18,1 g.  &nbsp;","og_url":"https:\/\/colibri-jewels.eu\/et\/toode\/silver-bracelet-ravens-scull-on-a-braided-leather-cord-copy\/","og_site_name":"Colibri jewels","article_publisher":"https:\/\/www.facebook.com\/colibri.jewels","article_modified_time":"2023-08-09T09:48:31+00:00","og_image":[{"width":1000,"height":1000,"url":"https:\/\/colibri-jewels.eu\/wp-content\/uploads\/2023\/08\/silver-bracelet-with-raven-scull-on-a-leather-cord.jpg","type":"image\/jpeg"}],"twitter_card":"summary_large_image","twitter_misc":{"Est. reading time":"1 minut"},"schema":{"@context":"https:\/\/schema.org","@graph":[{"@type":"WebPage","@id":"https:\/\/colibri-jewels.eu\/et\/toode\/silver-bracelet-ravens-scull-on-a-braided-leather-cord-copy\/","url":"https:\/\/colibri-jewels.eu\/et\/toode\/silver-bracelet-ravens-scull-on-a-braided-leather-cord-copy\/","name":"Nahast n\u00f6\u00f6ril h\u00f5bedane k\u00e4ev\u00f5ru \"Ronga pealuu\". - Colibri jewels","isPartOf":{"@id":"https:\/\/colibri-jewels.eu\/et\/#website"},"primaryImageOfPage":{"@id":"https:\/\/colibri-jewels.eu\/et\/toode\/silver-bracelet-ravens-scull-on-a-braided-leather-cord-copy\/#primaryimage"},"image":{"@id":"https:\/\/colibri-jewels.eu\/et\/toode\/silver-bracelet-ravens-scull-on-a-braided-leather-cord-copy\/#primaryimage"},"thumbnailUrl":"https:\/\/colibri-jewels.eu\/wp-content\/uploads\/2023\/08\/silver-bracelet-with-raven-scull-on-a-leather-cord.jpg","datePublished":"2023-08-09T09:11:14+00:00","dateModified":"2023-08-09T09:48:31+00:00","breadcrumb":{"@id":"https:\/\/colibri-jewels.eu\/et\/toode\/silver-bracelet-ravens-scull-on-a-braided-leather-cord-copy\/#breadcrumb"},"inLanguage":"et","potentialAction":[{"@type":"ReadAction","target":["https:\/\/colibri-jewels.eu\/et\/toode\/silver-bracelet-ravens-scull-on-a-braided-leather-cord-copy\/"]}]},{"@type":"ImageObject","inLanguage":"et","@id":"https:\/\/colibri-jewels.eu\/et\/toode\/silver-bracelet-ravens-scull-on-a-braided-leather-cord-copy\/#primaryimage","url":"https:\/\/colibri-jewels.eu\/wp-content\/uploads\/2023\/08\/silver-bracelet-with-raven-scull-on-a-leather-cord.jpg","contentUrl":"https:\/\/colibri-jewels.eu\/wp-content\/uploads\/2023\/08\/silver-bracelet-with-raven-scull-on-a-leather-cord.jpg","width":1000,"height":1000},{"@type":"BreadcrumbList","@id":"https:\/\/colibri-jewels.eu\/et\/toode\/silver-bracelet-ravens-scull-on-a-braided-leather-cord-copy\/#breadcrumb","itemListElement":[{"@type":"ListItem","position":1,"name":"\u0413\u043b\u0430\u0432\u043d\u0430\u044f \u0441\u0442\u0440\u0430\u043d\u0438\u0446\u0430","item":"https:\/\/colibri-jewels.eu\/et\/"},{"@type":"ListItem","position":2,"name":"Pood","item":"https:\/\/colibri-jewels.eu\/et\/pood\/"},{"@type":"ListItem","position":3,"name":"Nahast n\u00f6\u00f6ril h\u00f5bedane k\u00e4ev\u00f5ru &#8220;Ronga pealuu&#8221;."}]},{"@type":"WebSite","@id":"https:\/\/colibri-jewels.eu\/et\/#website","url":"https:\/\/colibri-jewels.eu\/et\/","name":"Colibri jewels","description":"jewelry shop","publisher":{"@id":"https:\/\/colibri-jewels.eu\/et\/#organization"},"potentialAction":[{"@type":"SearchAction","target":{"@type":"EntryPoint","urlTemplate":"https:\/\/colibri-jewels.eu\/et\/?s={search_term_string}"},"query-input":{"@type":"PropertyValueSpecification","valueRequired":true,"valueName":"search_term_string"}}],"inLanguage":"et"},{"@type":"Organization","@id":"https:\/\/colibri-jewels.eu\/et\/#organization","name":"O\u00dc Colibri","url":"https:\/\/colibri-jewels.eu\/et\/","logo":{"@type":"ImageObject","inLanguage":"et","@id":"https:\/\/colibri-jewels.eu\/et\/#\/schema\/logo\/image\/","url":"https:\/\/dev.colibri-jewels.eu\/wp-content\/uploads\/2021\/03\/colibri.png","contentUrl":"https:\/\/dev.colibri-jewels.eu\/wp-content\/uploads\/2021\/03\/colibri.png","width":227,"height":130,"caption":"O\u00dc Colibri"},"image":{"@id":"https:\/\/colibri-jewels.eu\/et\/#\/schema\/logo\/image\/"},"sameAs":["https:\/\/www.facebook.com\/colibri.jewels","https:\/\/www.instagram.com\/colibri.jewels","https:\/\/www.tiktok.com\/colibri.jewels"]}]}},"_links":{"self":[{"href":"https:\/\/colibri-jewels.eu\/et\/wp-json\/wp\/v2\/product\/36249","targetHints":{"allow":["GET"]}}],"collection":[{"href":"https:\/\/colibri-jewels.eu\/et\/wp-json\/wp\/v2\/product"}],"about":[{"href":"https:\/\/colibri-jewels.eu\/et\/wp-json\/wp\/v2\/types\/product"}],"replies":[{"embeddable":true,"href":"https:\/\/colibri-jewels.eu\/et\/wp-json\/wp\/v2\/comments?post=36249"}],"version-history":[{"count":0,"href":"https:\/\/colibri-jewels.eu\/et\/wp-json\/wp\/v2\/product\/36249\/revisions"}],"wp:featuredmedia":[{"embeddable":true,"href":"https:\/\/colibri-jewels.eu\/et\/wp-json\/wp\/v2\/media\/36253"}],"wp:attachment":[{"href":"https:\/\/colibri-jewels.eu\/et\/wp-json\/wp\/v2\/media?parent=36249"}],"wp:term":[{"taxonomy":"brand","embeddable":true,"href":"https:\/\/colibri-jewels.eu\/et\/wp-json\/wp\/v2\/etheme_brands?post=36249"},{"taxonomy":"product_brand","embeddable":true,"href":"https:\/\/colibri-jewels.eu\/et\/wp-json\/wp\/v2\/product_brand?post=36249"},{"taxonomy":"product_cat","embeddable":true,"href":"https:\/\/colibri-jewels.eu\/et\/wp-json\/wp\/v2\/product_cat?post=36249"},{"taxonomy":"product_tag","embeddable":true,"href":"https:\/\/colibri-jewels.eu\/et\/wp-json\/wp\/v2\/product_tag?post=36249"}],"curies":[{"name":"wp","href":"https:\/\/api.w.org\/{rel}","templated":true}]}}