{"id":36443,"date":"2025-03-13T13:35:03","date_gmt":"2025-03-13T11:35:03","guid":{"rendered":"https:\/\/dev.colibri-jewels.eu\/?post_type=product&#038;p=36443"},"modified":"2025-03-13T13:51:53","modified_gmt":"2025-03-13T11:51:53","slug":"laconic-golden-necklace-with-bolo-slider-clasp-n-8192","status":"publish","type":"product","link":"https:\/\/colibri-jewels.eu\/et\/toode\/laconic-golden-necklace-with-bolo-slider-clasp-n-8192\/","title":{"rendered":"Lakooniline kuldne kaelakee &#8220;bolo&#8221; liugur-lukuga N-8192"},"content":{"rendered":"<p>Unistuste kaelakee \u2013 see v\u00f5ib muuta selle v\u00e4limust nii, nagu sulle meeldib! Liigutage see kuldne pall ketis soovitud kohta! Kandke seda soovi korral isegi seljas \u2013 \u00fckski lukk ei riku v\u00e4limust!<\/p>\n<p>Kollane kuld 14 kt<\/p>\n<p>Kaelakee kaal 4,08 g<\/p>\n","protected":false},"excerpt":{"rendered":"<p>Kollane kuld 14 kt<\/p>\n<p>Kaelakee kaal 4,08 g<\/p>\n","protected":false},"featured_media":36445,"comment_status":"open","ping_status":"closed","template":"","meta":[],"etheme_brands":[],"product_brand":[],"product_cat":[470],"product_tag":[505,509],"class_list":{"0":"post-36443","1":"product","2":"type-product","3":"status-publish","4":"has-post-thumbnail","6":"product_cat-kaelakeed-ja-ripatsid","7":"product_tag-lakooniline","8":"product_tag-suvi","10":"first","11":"instock","12":"shipping-taxable","13":"purchasable","14":"product-type-simple"},"acf":[],"yoast_head":"<!-- This site is optimized with the Yoast SEO Premium plugin v26.5 (Yoast SEO v26.8) - https:\/\/yoast.com\/product\/yoast-seo-premium-wordpress\/ -->\n<title>Lakooniline kuldne kaelakee &quot;bolo&quot; liugur-lukuga N-8192 - Colibri jewels<\/title>\n<meta name=\"description\" content=\"N\u00e4htamatu lukuga kuldne kaelakee, mis on peidetud \u00fclemise palli sisse. Muutke selle k\u00f5rgust vastavalt oma eelistustele! Telli see kaelakee Colibri jewels&#039;ist!\" \/>\n<meta name=\"robots\" content=\"index, follow, max-snippet:-1, max-image-preview:large, max-video-preview:-1\" \/>\n<link rel=\"canonical\" href=\"https:\/\/colibri-jewels.eu\/et\/toode\/laconic-golden-necklace-with-bolo-slider-clasp-n-8192\/\" \/>\n<meta property=\"og:locale\" content=\"et_EE\" \/>\n<meta property=\"og:type\" content=\"article\" \/>\n<meta property=\"og:title\" content=\"Lakooniline kuldne kaelakee &quot;bolo&quot; liugur-lukuga N-8192\" \/>\n<meta property=\"og:description\" content=\"N\u00e4htamatu lukuga kuldne kaelakee, mis on peidetud \u00fclemise palli sisse. Muutke selle k\u00f5rgust vastavalt oma eelistustele! Telli see kaelakee Colibri jewels&#039;ist!\" \/>\n<meta property=\"og:url\" content=\"https:\/\/colibri-jewels.eu\/et\/toode\/laconic-golden-necklace-with-bolo-slider-clasp-n-8192\/\" \/>\n<meta property=\"og:site_name\" content=\"Colibri jewels\" \/>\n<meta property=\"article:publisher\" content=\"https:\/\/www.facebook.com\/colibri.jewels\" \/>\n<meta property=\"article:modified_time\" content=\"2025-03-13T11:51:53+00:00\" \/>\n<meta property=\"og:image\" content=\"https:\/\/colibri-jewels.eu\/wp-content\/uploads\/2023\/09\/golden-bolo-ball-necklace.jpg\" \/>\n\t<meta property=\"og:image:width\" content=\"1000\" \/>\n\t<meta property=\"og:image:height\" content=\"1000\" \/>\n\t<meta property=\"og:image:type\" content=\"image\/jpeg\" \/>\n<meta name=\"twitter:card\" content=\"summary_large_image\" \/>\n<script type=\"application\/ld+json\" class=\"yoast-schema-graph\">{\"@context\":\"https:\/\/schema.org\",\"@graph\":[{\"@type\":\"WebPage\",\"@id\":\"https:\/\/colibri-jewels.eu\/et\/toode\/laconic-golden-necklace-with-bolo-slider-clasp-n-8192\/\",\"url\":\"https:\/\/colibri-jewels.eu\/et\/toode\/laconic-golden-necklace-with-bolo-slider-clasp-n-8192\/\",\"name\":\"Lakooniline kuldne kaelakee \\\"bolo\\\" liugur-lukuga N-8192 - Colibri jewels\",\"isPartOf\":{\"@id\":\"https:\/\/colibri-jewels.eu\/et\/#website\"},\"primaryImageOfPage\":{\"@id\":\"https:\/\/colibri-jewels.eu\/et\/toode\/laconic-golden-necklace-with-bolo-slider-clasp-n-8192\/#primaryimage\"},\"image\":{\"@id\":\"https:\/\/colibri-jewels.eu\/et\/toode\/laconic-golden-necklace-with-bolo-slider-clasp-n-8192\/#primaryimage\"},\"thumbnailUrl\":\"https:\/\/colibri-jewels.eu\/wp-content\/uploads\/2023\/09\/golden-bolo-ball-necklace.jpg\",\"datePublished\":\"2025-03-13T11:35:03+00:00\",\"dateModified\":\"2025-03-13T11:51:53+00:00\",\"description\":\"N\u00e4htamatu lukuga kuldne kaelakee, mis on peidetud \u00fclemise palli sisse. Muutke selle k\u00f5rgust vastavalt oma eelistustele! Telli see kaelakee Colibri jewels'ist!\",\"breadcrumb\":{\"@id\":\"https:\/\/colibri-jewels.eu\/et\/toode\/laconic-golden-necklace-with-bolo-slider-clasp-n-8192\/#breadcrumb\"},\"inLanguage\":\"et\",\"potentialAction\":[{\"@type\":\"ReadAction\",\"target\":[\"https:\/\/colibri-jewels.eu\/et\/toode\/laconic-golden-necklace-with-bolo-slider-clasp-n-8192\/\"]}]},{\"@type\":\"ImageObject\",\"inLanguage\":\"et\",\"@id\":\"https:\/\/colibri-jewels.eu\/et\/toode\/laconic-golden-necklace-with-bolo-slider-clasp-n-8192\/#primaryimage\",\"url\":\"https:\/\/colibri-jewels.eu\/wp-content\/uploads\/2023\/09\/golden-bolo-ball-necklace.jpg\",\"contentUrl\":\"https:\/\/colibri-jewels.eu\/wp-content\/uploads\/2023\/09\/golden-bolo-ball-necklace.jpg\",\"width\":1000,\"height\":1000},{\"@type\":\"BreadcrumbList\",\"@id\":\"https:\/\/colibri-jewels.eu\/et\/toode\/laconic-golden-necklace-with-bolo-slider-clasp-n-8192\/#breadcrumb\",\"itemListElement\":[{\"@type\":\"ListItem\",\"position\":1,\"name\":\"\u0413\u043b\u0430\u0432\u043d\u0430\u044f \u0441\u0442\u0440\u0430\u043d\u0438\u0446\u0430\",\"item\":\"https:\/\/colibri-jewels.eu\/et\/\"},{\"@type\":\"ListItem\",\"position\":2,\"name\":\"Pood\",\"item\":\"https:\/\/colibri-jewels.eu\/et\/pood\/\"},{\"@type\":\"ListItem\",\"position\":3,\"name\":\"Lakooniline kuldne kaelakee &#8220;bolo&#8221; liugur-lukuga N-8192\"}]},{\"@type\":\"WebSite\",\"@id\":\"https:\/\/colibri-jewels.eu\/et\/#website\",\"url\":\"https:\/\/colibri-jewels.eu\/et\/\",\"name\":\"Colibri jewels\",\"description\":\"jewelry shop\",\"publisher\":{\"@id\":\"https:\/\/colibri-jewels.eu\/et\/#organization\"},\"potentialAction\":[{\"@type\":\"SearchAction\",\"target\":{\"@type\":\"EntryPoint\",\"urlTemplate\":\"https:\/\/colibri-jewels.eu\/et\/?s={search_term_string}\"},\"query-input\":{\"@type\":\"PropertyValueSpecification\",\"valueRequired\":true,\"valueName\":\"search_term_string\"}}],\"inLanguage\":\"et\"},{\"@type\":\"Organization\",\"@id\":\"https:\/\/colibri-jewels.eu\/et\/#organization\",\"name\":\"O\u00dc Colibri\",\"url\":\"https:\/\/colibri-jewels.eu\/et\/\",\"logo\":{\"@type\":\"ImageObject\",\"inLanguage\":\"et\",\"@id\":\"https:\/\/colibri-jewels.eu\/et\/#\/schema\/logo\/image\/\",\"url\":\"https:\/\/dev.colibri-jewels.eu\/wp-content\/uploads\/2021\/03\/colibri.png\",\"contentUrl\":\"https:\/\/dev.colibri-jewels.eu\/wp-content\/uploads\/2021\/03\/colibri.png\",\"width\":227,\"height\":130,\"caption\":\"O\u00dc Colibri\"},\"image\":{\"@id\":\"https:\/\/colibri-jewels.eu\/et\/#\/schema\/logo\/image\/\"},\"sameAs\":[\"https:\/\/www.facebook.com\/colibri.jewels\",\"https:\/\/www.instagram.com\/colibri.jewels\",\"https:\/\/www.tiktok.com\/colibri.jewels\"]}]}<\/script>\n<!-- \/ Yoast SEO Premium plugin. -->","yoast_head_json":{"title":"Lakooniline kuldne kaelakee \"bolo\" liugur-lukuga N-8192 - Colibri jewels","description":"N\u00e4htamatu lukuga kuldne kaelakee, mis on peidetud \u00fclemise palli sisse. Muutke selle k\u00f5rgust vastavalt oma eelistustele! Telli see kaelakee Colibri jewels'ist!","robots":{"index":"index","follow":"follow","max-snippet":"max-snippet:-1","max-image-preview":"max-image-preview:large","max-video-preview":"max-video-preview:-1"},"canonical":"https:\/\/colibri-jewels.eu\/et\/toode\/laconic-golden-necklace-with-bolo-slider-clasp-n-8192\/","og_locale":"et_EE","og_type":"article","og_title":"Lakooniline kuldne kaelakee \"bolo\" liugur-lukuga N-8192","og_description":"N\u00e4htamatu lukuga kuldne kaelakee, mis on peidetud \u00fclemise palli sisse. Muutke selle k\u00f5rgust vastavalt oma eelistustele! Telli see kaelakee Colibri jewels'ist!","og_url":"https:\/\/colibri-jewels.eu\/et\/toode\/laconic-golden-necklace-with-bolo-slider-clasp-n-8192\/","og_site_name":"Colibri jewels","article_publisher":"https:\/\/www.facebook.com\/colibri.jewels","article_modified_time":"2025-03-13T11:51:53+00:00","og_image":[{"width":1000,"height":1000,"url":"https:\/\/colibri-jewels.eu\/wp-content\/uploads\/2023\/09\/golden-bolo-ball-necklace.jpg","type":"image\/jpeg"}],"twitter_card":"summary_large_image","schema":{"@context":"https:\/\/schema.org","@graph":[{"@type":"WebPage","@id":"https:\/\/colibri-jewels.eu\/et\/toode\/laconic-golden-necklace-with-bolo-slider-clasp-n-8192\/","url":"https:\/\/colibri-jewels.eu\/et\/toode\/laconic-golden-necklace-with-bolo-slider-clasp-n-8192\/","name":"Lakooniline kuldne kaelakee \"bolo\" liugur-lukuga N-8192 - Colibri jewels","isPartOf":{"@id":"https:\/\/colibri-jewels.eu\/et\/#website"},"primaryImageOfPage":{"@id":"https:\/\/colibri-jewels.eu\/et\/toode\/laconic-golden-necklace-with-bolo-slider-clasp-n-8192\/#primaryimage"},"image":{"@id":"https:\/\/colibri-jewels.eu\/et\/toode\/laconic-golden-necklace-with-bolo-slider-clasp-n-8192\/#primaryimage"},"thumbnailUrl":"https:\/\/colibri-jewels.eu\/wp-content\/uploads\/2023\/09\/golden-bolo-ball-necklace.jpg","datePublished":"2025-03-13T11:35:03+00:00","dateModified":"2025-03-13T11:51:53+00:00","description":"N\u00e4htamatu lukuga kuldne kaelakee, mis on peidetud \u00fclemise palli sisse. Muutke selle k\u00f5rgust vastavalt oma eelistustele! Telli see kaelakee Colibri jewels'ist!","breadcrumb":{"@id":"https:\/\/colibri-jewels.eu\/et\/toode\/laconic-golden-necklace-with-bolo-slider-clasp-n-8192\/#breadcrumb"},"inLanguage":"et","potentialAction":[{"@type":"ReadAction","target":["https:\/\/colibri-jewels.eu\/et\/toode\/laconic-golden-necklace-with-bolo-slider-clasp-n-8192\/"]}]},{"@type":"ImageObject","inLanguage":"et","@id":"https:\/\/colibri-jewels.eu\/et\/toode\/laconic-golden-necklace-with-bolo-slider-clasp-n-8192\/#primaryimage","url":"https:\/\/colibri-jewels.eu\/wp-content\/uploads\/2023\/09\/golden-bolo-ball-necklace.jpg","contentUrl":"https:\/\/colibri-jewels.eu\/wp-content\/uploads\/2023\/09\/golden-bolo-ball-necklace.jpg","width":1000,"height":1000},{"@type":"BreadcrumbList","@id":"https:\/\/colibri-jewels.eu\/et\/toode\/laconic-golden-necklace-with-bolo-slider-clasp-n-8192\/#breadcrumb","itemListElement":[{"@type":"ListItem","position":1,"name":"\u0413\u043b\u0430\u0432\u043d\u0430\u044f \u0441\u0442\u0440\u0430\u043d\u0438\u0446\u0430","item":"https:\/\/colibri-jewels.eu\/et\/"},{"@type":"ListItem","position":2,"name":"Pood","item":"https:\/\/colibri-jewels.eu\/et\/pood\/"},{"@type":"ListItem","position":3,"name":"Lakooniline kuldne kaelakee &#8220;bolo&#8221; liugur-lukuga N-8192"}]},{"@type":"WebSite","@id":"https:\/\/colibri-jewels.eu\/et\/#website","url":"https:\/\/colibri-jewels.eu\/et\/","name":"Colibri jewels","description":"jewelry shop","publisher":{"@id":"https:\/\/colibri-jewels.eu\/et\/#organization"},"potentialAction":[{"@type":"SearchAction","target":{"@type":"EntryPoint","urlTemplate":"https:\/\/colibri-jewels.eu\/et\/?s={search_term_string}"},"query-input":{"@type":"PropertyValueSpecification","valueRequired":true,"valueName":"search_term_string"}}],"inLanguage":"et"},{"@type":"Organization","@id":"https:\/\/colibri-jewels.eu\/et\/#organization","name":"O\u00dc Colibri","url":"https:\/\/colibri-jewels.eu\/et\/","logo":{"@type":"ImageObject","inLanguage":"et","@id":"https:\/\/colibri-jewels.eu\/et\/#\/schema\/logo\/image\/","url":"https:\/\/dev.colibri-jewels.eu\/wp-content\/uploads\/2021\/03\/colibri.png","contentUrl":"https:\/\/dev.colibri-jewels.eu\/wp-content\/uploads\/2021\/03\/colibri.png","width":227,"height":130,"caption":"O\u00dc Colibri"},"image":{"@id":"https:\/\/colibri-jewels.eu\/et\/#\/schema\/logo\/image\/"},"sameAs":["https:\/\/www.facebook.com\/colibri.jewels","https:\/\/www.instagram.com\/colibri.jewels","https:\/\/www.tiktok.com\/colibri.jewels"]}]}},"_links":{"self":[{"href":"https:\/\/colibri-jewels.eu\/et\/wp-json\/wp\/v2\/product\/36443","targetHints":{"allow":["GET"]}}],"collection":[{"href":"https:\/\/colibri-jewels.eu\/et\/wp-json\/wp\/v2\/product"}],"about":[{"href":"https:\/\/colibri-jewels.eu\/et\/wp-json\/wp\/v2\/types\/product"}],"replies":[{"embeddable":true,"href":"https:\/\/colibri-jewels.eu\/et\/wp-json\/wp\/v2\/comments?post=36443"}],"version-history":[{"count":0,"href":"https:\/\/colibri-jewels.eu\/et\/wp-json\/wp\/v2\/product\/36443\/revisions"}],"wp:featuredmedia":[{"embeddable":true,"href":"https:\/\/colibri-jewels.eu\/et\/wp-json\/wp\/v2\/media\/36445"}],"wp:attachment":[{"href":"https:\/\/colibri-jewels.eu\/et\/wp-json\/wp\/v2\/media?parent=36443"}],"wp:term":[{"taxonomy":"brand","embeddable":true,"href":"https:\/\/colibri-jewels.eu\/et\/wp-json\/wp\/v2\/etheme_brands?post=36443"},{"taxonomy":"product_brand","embeddable":true,"href":"https:\/\/colibri-jewels.eu\/et\/wp-json\/wp\/v2\/product_brand?post=36443"},{"taxonomy":"product_cat","embeddable":true,"href":"https:\/\/colibri-jewels.eu\/et\/wp-json\/wp\/v2\/product_cat?post=36443"},{"taxonomy":"product_tag","embeddable":true,"href":"https:\/\/colibri-jewels.eu\/et\/wp-json\/wp\/v2\/product_tag?post=36443"}],"curies":[{"name":"wp","href":"https:\/\/api.w.org\/{rel}","templated":true}]}}