{"id":36594,"date":"2023-09-06T21:17:55","date_gmt":"2023-09-06T18:17:55","guid":{"rendered":"https:\/\/dev.colibri-jewels.eu\/?post_type=product&#038;p=36594"},"modified":"2024-02-12T15:14:59","modified_gmt":"2024-02-12T13:14:59","slug":"exclusive-white-gold-ring-with-rutile-quartz","status":"publish","type":"product","link":"https:\/\/colibri-jewels.eu\/et\/toode\/exclusive-white-gold-ring-with-rutile-quartz\/","title":{"rendered":"Eksklusiivne valgest kullast s\u00f5rmus rutiilkvartsiga"},"content":{"rendered":"<p><strong>Kogege meie valgest kullast rutiilkvartss\u00f5rmuse v\u00f5rratut rikkust<\/strong><\/p>\n<p>T\u00e4iustage oma ehtekollektsiooni meie vapustava valge kullaga rutiilkvartss\u00f5rmusega. Selles suurep\u00e4rases meistriteoses on \u00fchendatud valge kulla elegants 13,47-karaadise kaheksanurgaga l\u00f5igatud rutiilkvartsi v\u00f5luga, mille v\u00e4\u00e4riskivi sisse on kapseldatud kuldsed rutiiln\u00f5elad.<\/p>\n<p><strong>P\u00f5hijooned:<\/strong><\/p>\n<ul>\n<li><strong>H\u00fcpnotiseeriv rutiilkvarts: selle s\u00f5rmuse t\u00e4ht on rutiilkvarts, mis on tuntud oma k\u00fctkestavate kuldsete rutiiln\u00f5elte poolest, mis s\u00e4ravad.<\/strong> See v\u00e4\u00e4riskivi on ainulaadne looduse ime, mitte kunagi sama! N\u00f5elad loovad igas kivis uue pildi, mis ei kordu kunagi.<\/li>\n<li><strong>Kaheksanurkne l\u00f5ige: kaheksanurkne l\u00f5ige annab sellele s\u00f5rmusele erilise v\u00f5lu, muutes selle silmapaistvaks t\u00fckiks, mis p\u00fc\u00fcab pilku iga nurga alt.<\/strong><\/li>\n<li><strong>Valmistatud 14-karaadisest valgest kullast: oleme kasutanud 14-karaadist valget kulda, et luua selle erakordse v\u00e4\u00e4riskivide seade, tagades nii vastupidavuse kui ka ajatu elegantsi.<\/strong><\/li>\n<\/ul>\n<p><strong>Miks valida meie rutiilkvartss\u00f5rmus?<\/strong><\/p>\n<ul>\n<li><strong>Ainulaadne ilu: selle kuldsete rutiiln\u00f5eltega s\u00f5rmus pakub ainulaadset esteetikat, mis kiirgab rafineeritust ja luksust.<\/strong><\/li>\n<li><strong>Mitmek\u00fclgne elegants: olenemata sellest, kas seda s\u00f5rmust kantakse erilistel puhkudel v\u00f5i igap\u00e4evase aksessuaarina, t\u00e4iendab see erinevaid stiile, lisades igale ansamblile veidi rafineeritust.<\/strong><\/li>\n<li><strong>P\u00fcsiv v\u00e4\u00e4rtus: see t\u00fckk ei ole lihtsalt ehe; see on investeering tulevasse p\u00e4randisse, mis on m\u00f5eldud p\u00f5lvkondade kaupa kalliks j\u00e4\u00e4ma.<\/strong><\/li>\n<\/ul>\n<p><strong>Tehke see juba t\u00e4na omaks<\/strong><\/p>\n<p>Avastage meie valge kullast rutiilkvartss\u00f5rmuse v\u00f5rratu ilu. See pole lihtsalt ehe; see on ajatu elegantsi ja erakordse meisterlikkuse kehastus. Tellige oma juba t\u00e4na ja kogege kuldse rutiilkvartsi maagiat kaheksanurkselt l\u00f5igatud meistriteose s\u00fcdames.<\/p>\n","protected":false},"excerpt":{"rendered":"<p>Valge kuld 14 kt<\/p>\n<p>S\u00f5rmuse kaal 6,44 g.<\/p>\n<p>Kuldne rutiilkvarts 13,47 ct.<\/p>\n<p>V\u00f5imalik valmistada tellimuse alusel teie v\u00e4\u00e4riskivide ja kullav\u00e4rviga teie valikul.<\/p>\n","protected":false},"featured_media":36555,"comment_status":"open","ping_status":"closed","template":"","meta":[],"etheme_brands":[],"product_brand":[],"product_cat":[471],"product_tag":[476],"class_list":{"0":"post-36594","1":"product","2":"type-product","3":"status-publish","4":"has-post-thumbnail","6":"product_cat-sormused","7":"product_tag-eksklusiivsed-ehted","9":"first","10":"onbackorder","11":"shipping-taxable","12":"purchasable","13":"product-type-simple"},"acf":[],"yoast_head":"<!-- This site is optimized with the Yoast SEO Premium plugin v26.5 (Yoast SEO v26.8) - https:\/\/yoast.com\/product\/yoast-seo-premium-wordpress\/ -->\n<title>Eksklusiivne valgest kullast s\u00f5rmus rutiilkvartsiga - Colibri jewels<\/title>\n<meta name=\"robots\" content=\"index, follow, max-snippet:-1, max-image-preview:large, max-video-preview:-1\" \/>\n<link rel=\"canonical\" href=\"https:\/\/colibri-jewels.eu\/et\/toode\/exclusive-white-gold-ring-with-rutile-quartz\/\" \/>\n<meta property=\"og:locale\" content=\"et_EE\" \/>\n<meta property=\"og:type\" content=\"article\" \/>\n<meta property=\"og:title\" content=\"Eksklusiivne valgest kullast s\u00f5rmus rutiilkvartsiga\" \/>\n<meta property=\"og:description\" content=\"Valge kuld 14 kt S\u00f5rmuse kaal 6,44 g. Kuldne rutiilkvarts 13,47 ct. V\u00f5imalik valmistada tellimuse alusel teie v\u00e4\u00e4riskivide ja kullav\u00e4rviga teie valikul.\" \/>\n<meta property=\"og:url\" content=\"https:\/\/colibri-jewels.eu\/et\/toode\/exclusive-white-gold-ring-with-rutile-quartz\/\" \/>\n<meta property=\"og:site_name\" content=\"Colibri jewels\" \/>\n<meta property=\"article:publisher\" content=\"https:\/\/www.facebook.com\/colibri.jewels\" \/>\n<meta property=\"article:modified_time\" content=\"2024-02-12T13:14:59+00:00\" \/>\n<meta property=\"og:image\" content=\"https:\/\/colibri-jewels.eu\/wp-content\/uploads\/2023\/09\/golden-ring-with-ruthile-quarz-octagon_.jpg\" \/>\n\t<meta property=\"og:image:width\" content=\"1000\" \/>\n\t<meta property=\"og:image:height\" content=\"1000\" \/>\n\t<meta property=\"og:image:type\" content=\"image\/jpeg\" \/>\n<meta name=\"twitter:card\" content=\"summary_large_image\" \/>\n<meta name=\"twitter:label1\" content=\"Est. reading time\" \/>\n\t<meta name=\"twitter:data1\" content=\"1 minut\" \/>\n<script type=\"application\/ld+json\" class=\"yoast-schema-graph\">{\"@context\":\"https:\/\/schema.org\",\"@graph\":[{\"@type\":\"WebPage\",\"@id\":\"https:\/\/colibri-jewels.eu\/et\/toode\/exclusive-white-gold-ring-with-rutile-quartz\/\",\"url\":\"https:\/\/colibri-jewels.eu\/et\/toode\/exclusive-white-gold-ring-with-rutile-quartz\/\",\"name\":\"Eksklusiivne valgest kullast s\u00f5rmus rutiilkvartsiga - Colibri jewels\",\"isPartOf\":{\"@id\":\"https:\/\/colibri-jewels.eu\/et\/#website\"},\"primaryImageOfPage\":{\"@id\":\"https:\/\/colibri-jewels.eu\/et\/toode\/exclusive-white-gold-ring-with-rutile-quartz\/#primaryimage\"},\"image\":{\"@id\":\"https:\/\/colibri-jewels.eu\/et\/toode\/exclusive-white-gold-ring-with-rutile-quartz\/#primaryimage\"},\"thumbnailUrl\":\"https:\/\/colibri-jewels.eu\/wp-content\/uploads\/2023\/09\/golden-ring-with-ruthile-quarz-octagon_.jpg\",\"datePublished\":\"2023-09-06T18:17:55+00:00\",\"dateModified\":\"2024-02-12T13:14:59+00:00\",\"breadcrumb\":{\"@id\":\"https:\/\/colibri-jewels.eu\/et\/toode\/exclusive-white-gold-ring-with-rutile-quartz\/#breadcrumb\"},\"inLanguage\":\"et\",\"potentialAction\":[{\"@type\":\"ReadAction\",\"target\":[\"https:\/\/colibri-jewels.eu\/et\/toode\/exclusive-white-gold-ring-with-rutile-quartz\/\"]}]},{\"@type\":\"ImageObject\",\"inLanguage\":\"et\",\"@id\":\"https:\/\/colibri-jewels.eu\/et\/toode\/exclusive-white-gold-ring-with-rutile-quartz\/#primaryimage\",\"url\":\"https:\/\/colibri-jewels.eu\/wp-content\/uploads\/2023\/09\/golden-ring-with-ruthile-quarz-octagon_.jpg\",\"contentUrl\":\"https:\/\/colibri-jewels.eu\/wp-content\/uploads\/2023\/09\/golden-ring-with-ruthile-quarz-octagon_.jpg\",\"width\":1000,\"height\":1000},{\"@type\":\"BreadcrumbList\",\"@id\":\"https:\/\/colibri-jewels.eu\/et\/toode\/exclusive-white-gold-ring-with-rutile-quartz\/#breadcrumb\",\"itemListElement\":[{\"@type\":\"ListItem\",\"position\":1,\"name\":\"\u0413\u043b\u0430\u0432\u043d\u0430\u044f \u0441\u0442\u0440\u0430\u043d\u0438\u0446\u0430\",\"item\":\"https:\/\/colibri-jewels.eu\/et\/\"},{\"@type\":\"ListItem\",\"position\":2,\"name\":\"Pood\",\"item\":\"https:\/\/colibri-jewels.eu\/et\/pood\/\"},{\"@type\":\"ListItem\",\"position\":3,\"name\":\"Eksklusiivne valgest kullast s\u00f5rmus rutiilkvartsiga\"}]},{\"@type\":\"WebSite\",\"@id\":\"https:\/\/colibri-jewels.eu\/et\/#website\",\"url\":\"https:\/\/colibri-jewels.eu\/et\/\",\"name\":\"Colibri jewels\",\"description\":\"jewelry shop\",\"publisher\":{\"@id\":\"https:\/\/colibri-jewels.eu\/et\/#organization\"},\"potentialAction\":[{\"@type\":\"SearchAction\",\"target\":{\"@type\":\"EntryPoint\",\"urlTemplate\":\"https:\/\/colibri-jewels.eu\/et\/?s={search_term_string}\"},\"query-input\":{\"@type\":\"PropertyValueSpecification\",\"valueRequired\":true,\"valueName\":\"search_term_string\"}}],\"inLanguage\":\"et\"},{\"@type\":\"Organization\",\"@id\":\"https:\/\/colibri-jewels.eu\/et\/#organization\",\"name\":\"O\u00dc Colibri\",\"url\":\"https:\/\/colibri-jewels.eu\/et\/\",\"logo\":{\"@type\":\"ImageObject\",\"inLanguage\":\"et\",\"@id\":\"https:\/\/colibri-jewels.eu\/et\/#\/schema\/logo\/image\/\",\"url\":\"https:\/\/dev.colibri-jewels.eu\/wp-content\/uploads\/2021\/03\/colibri.png\",\"contentUrl\":\"https:\/\/dev.colibri-jewels.eu\/wp-content\/uploads\/2021\/03\/colibri.png\",\"width\":227,\"height\":130,\"caption\":\"O\u00dc Colibri\"},\"image\":{\"@id\":\"https:\/\/colibri-jewels.eu\/et\/#\/schema\/logo\/image\/\"},\"sameAs\":[\"https:\/\/www.facebook.com\/colibri.jewels\",\"https:\/\/www.instagram.com\/colibri.jewels\",\"https:\/\/www.tiktok.com\/colibri.jewels\"]}]}<\/script>\n<!-- \/ Yoast SEO Premium plugin. -->","yoast_head_json":{"title":"Eksklusiivne valgest kullast s\u00f5rmus rutiilkvartsiga - Colibri jewels","robots":{"index":"index","follow":"follow","max-snippet":"max-snippet:-1","max-image-preview":"max-image-preview:large","max-video-preview":"max-video-preview:-1"},"canonical":"https:\/\/colibri-jewels.eu\/et\/toode\/exclusive-white-gold-ring-with-rutile-quartz\/","og_locale":"et_EE","og_type":"article","og_title":"Eksklusiivne valgest kullast s\u00f5rmus rutiilkvartsiga","og_description":"Valge kuld 14 kt S\u00f5rmuse kaal 6,44 g. Kuldne rutiilkvarts 13,47 ct. V\u00f5imalik valmistada tellimuse alusel teie v\u00e4\u00e4riskivide ja kullav\u00e4rviga teie valikul.","og_url":"https:\/\/colibri-jewels.eu\/et\/toode\/exclusive-white-gold-ring-with-rutile-quartz\/","og_site_name":"Colibri jewels","article_publisher":"https:\/\/www.facebook.com\/colibri.jewels","article_modified_time":"2024-02-12T13:14:59+00:00","og_image":[{"width":1000,"height":1000,"url":"https:\/\/colibri-jewels.eu\/wp-content\/uploads\/2023\/09\/golden-ring-with-ruthile-quarz-octagon_.jpg","type":"image\/jpeg"}],"twitter_card":"summary_large_image","twitter_misc":{"Est. reading time":"1 minut"},"schema":{"@context":"https:\/\/schema.org","@graph":[{"@type":"WebPage","@id":"https:\/\/colibri-jewels.eu\/et\/toode\/exclusive-white-gold-ring-with-rutile-quartz\/","url":"https:\/\/colibri-jewels.eu\/et\/toode\/exclusive-white-gold-ring-with-rutile-quartz\/","name":"Eksklusiivne valgest kullast s\u00f5rmus rutiilkvartsiga - Colibri jewels","isPartOf":{"@id":"https:\/\/colibri-jewels.eu\/et\/#website"},"primaryImageOfPage":{"@id":"https:\/\/colibri-jewels.eu\/et\/toode\/exclusive-white-gold-ring-with-rutile-quartz\/#primaryimage"},"image":{"@id":"https:\/\/colibri-jewels.eu\/et\/toode\/exclusive-white-gold-ring-with-rutile-quartz\/#primaryimage"},"thumbnailUrl":"https:\/\/colibri-jewels.eu\/wp-content\/uploads\/2023\/09\/golden-ring-with-ruthile-quarz-octagon_.jpg","datePublished":"2023-09-06T18:17:55+00:00","dateModified":"2024-02-12T13:14:59+00:00","breadcrumb":{"@id":"https:\/\/colibri-jewels.eu\/et\/toode\/exclusive-white-gold-ring-with-rutile-quartz\/#breadcrumb"},"inLanguage":"et","potentialAction":[{"@type":"ReadAction","target":["https:\/\/colibri-jewels.eu\/et\/toode\/exclusive-white-gold-ring-with-rutile-quartz\/"]}]},{"@type":"ImageObject","inLanguage":"et","@id":"https:\/\/colibri-jewels.eu\/et\/toode\/exclusive-white-gold-ring-with-rutile-quartz\/#primaryimage","url":"https:\/\/colibri-jewels.eu\/wp-content\/uploads\/2023\/09\/golden-ring-with-ruthile-quarz-octagon_.jpg","contentUrl":"https:\/\/colibri-jewels.eu\/wp-content\/uploads\/2023\/09\/golden-ring-with-ruthile-quarz-octagon_.jpg","width":1000,"height":1000},{"@type":"BreadcrumbList","@id":"https:\/\/colibri-jewels.eu\/et\/toode\/exclusive-white-gold-ring-with-rutile-quartz\/#breadcrumb","itemListElement":[{"@type":"ListItem","position":1,"name":"\u0413\u043b\u0430\u0432\u043d\u0430\u044f \u0441\u0442\u0440\u0430\u043d\u0438\u0446\u0430","item":"https:\/\/colibri-jewels.eu\/et\/"},{"@type":"ListItem","position":2,"name":"Pood","item":"https:\/\/colibri-jewels.eu\/et\/pood\/"},{"@type":"ListItem","position":3,"name":"Eksklusiivne valgest kullast s\u00f5rmus rutiilkvartsiga"}]},{"@type":"WebSite","@id":"https:\/\/colibri-jewels.eu\/et\/#website","url":"https:\/\/colibri-jewels.eu\/et\/","name":"Colibri jewels","description":"jewelry shop","publisher":{"@id":"https:\/\/colibri-jewels.eu\/et\/#organization"},"potentialAction":[{"@type":"SearchAction","target":{"@type":"EntryPoint","urlTemplate":"https:\/\/colibri-jewels.eu\/et\/?s={search_term_string}"},"query-input":{"@type":"PropertyValueSpecification","valueRequired":true,"valueName":"search_term_string"}}],"inLanguage":"et"},{"@type":"Organization","@id":"https:\/\/colibri-jewels.eu\/et\/#organization","name":"O\u00dc Colibri","url":"https:\/\/colibri-jewels.eu\/et\/","logo":{"@type":"ImageObject","inLanguage":"et","@id":"https:\/\/colibri-jewels.eu\/et\/#\/schema\/logo\/image\/","url":"https:\/\/dev.colibri-jewels.eu\/wp-content\/uploads\/2021\/03\/colibri.png","contentUrl":"https:\/\/dev.colibri-jewels.eu\/wp-content\/uploads\/2021\/03\/colibri.png","width":227,"height":130,"caption":"O\u00dc Colibri"},"image":{"@id":"https:\/\/colibri-jewels.eu\/et\/#\/schema\/logo\/image\/"},"sameAs":["https:\/\/www.facebook.com\/colibri.jewels","https:\/\/www.instagram.com\/colibri.jewels","https:\/\/www.tiktok.com\/colibri.jewels"]}]}},"_links":{"self":[{"href":"https:\/\/colibri-jewels.eu\/et\/wp-json\/wp\/v2\/product\/36594","targetHints":{"allow":["GET"]}}],"collection":[{"href":"https:\/\/colibri-jewels.eu\/et\/wp-json\/wp\/v2\/product"}],"about":[{"href":"https:\/\/colibri-jewels.eu\/et\/wp-json\/wp\/v2\/types\/product"}],"replies":[{"embeddable":true,"href":"https:\/\/colibri-jewels.eu\/et\/wp-json\/wp\/v2\/comments?post=36594"}],"version-history":[{"count":0,"href":"https:\/\/colibri-jewels.eu\/et\/wp-json\/wp\/v2\/product\/36594\/revisions"}],"wp:featuredmedia":[{"embeddable":true,"href":"https:\/\/colibri-jewels.eu\/et\/wp-json\/wp\/v2\/media\/36555"}],"wp:attachment":[{"href":"https:\/\/colibri-jewels.eu\/et\/wp-json\/wp\/v2\/media?parent=36594"}],"wp:term":[{"taxonomy":"brand","embeddable":true,"href":"https:\/\/colibri-jewels.eu\/et\/wp-json\/wp\/v2\/etheme_brands?post=36594"},{"taxonomy":"product_brand","embeddable":true,"href":"https:\/\/colibri-jewels.eu\/et\/wp-json\/wp\/v2\/product_brand?post=36594"},{"taxonomy":"product_cat","embeddable":true,"href":"https:\/\/colibri-jewels.eu\/et\/wp-json\/wp\/v2\/product_cat?post=36594"},{"taxonomy":"product_tag","embeddable":true,"href":"https:\/\/colibri-jewels.eu\/et\/wp-json\/wp\/v2\/product_tag?post=36594"}],"curies":[{"name":"wp","href":"https:\/\/api.w.org\/{rel}","templated":true}]}}