{"id":36708,"date":"2023-09-23T17:26:31","date_gmt":"2023-09-23T14:26:31","guid":{"rendered":"https:\/\/dev.colibri-jewels.eu\/?post_type=product&#038;p=36708"},"modified":"2023-11-03T19:26:52","modified_gmt":"2023-11-03T17:26:52","slug":"tree-of-life-ring","status":"publish","type":"product","link":"https:\/\/colibri-jewels.eu\/et\/toode\/tree-of-life-ring\/","title":{"rendered":"Eksklusiivne h\u00f5bedane raske meeste s\u00f5rmus &#8220;Elupuu&#8221;"},"content":{"rendered":"<p><strong>Avastage meie elupuu, h\u00f5bedase mehe s\u00f5rmus, ajatu v\u00f5lu<\/strong><\/p>\n<p>T\u00f5sta oma stiili meie eksklusiivne Elupuu H\u00f5bedane mehes\u00f5rmus \u2013 meistriteos, mis \u00fchendab elegantsi ja s\u00fcmboolika. Kaasaegsele h\u00e4rrasmehele loodud erakordne s\u00f5rmus on midagi enamat kui lihtsalt aksessuaar; see s\u00fcmboliseerib teie ainulaadset maitset, iseloomu tugevust ja teie p\u00fchendumust meie esivanemate traditsioonidele.<\/p>\n<p><strong>Legend Elupuust<\/strong><\/p>\n<p>Elupuu, mis on s\u00fcgavalt juurdunud iidses m\u00fctoloogias, esindab k\u00f5igi elusolendite omavahelist seotust ja eksistentsi ts\u00fcklit. Oma juurtega maas ja okstega, mis ulatuvad taeva poole, kehastab see p\u00fcha puu looduse ja universumi harmooniat ning s\u00fcmboliseerib ka p\u00f5lvkondade sidet.<\/p>\n<p><strong>Peen k\u00e4sit\u00f6\u00f6<\/strong><\/p>\n<p>Meie Elupuu h\u00f5bedane mehe s\u00f5rmus on kogenud k\u00e4sit\u00f6\u00f6liste hoolikalt k\u00e4sit\u00f6\u00f6na. Tugevast h\u00f5bedast valmistatud s\u00f5rmus kaalub 20 grammi, tagades p\u00fcsiva kvaliteedi, luksuse ja j\u00f5hkruse.<\/p>\n<p><strong>Tugevuse ja kasvu s\u00fcmbol<\/strong><\/p>\n<p>Selle s\u00f5rmuse kaal ei s\u00fcmboliseeri mitte ainult selle vastupidavust, vaid ka teie sisemist j\u00f5udu ja vastupidavust. Nii nagu Elupuu peab vastu ajaproovidele, kannatate ka teie. See s\u00f5rmus tuletab meelde teie p\u00fchendumust isiklikule kasvule ja edule.<\/p>\n<p><strong>V\u00f5rratu disain<\/strong><\/p>\n<p>Keeruline Elupuu reljeefne muster s\u00f5rmuse pinnal lisab m\u00fcstikat ja rafineeritust. Olenemata sellest, kas osalete \u00e4rikohtumisel v\u00f5i t\u00e4histate verstaposti \u2013 see s\u00f5rmus t\u00e4iendab teie v\u00e4limust ja j\u00e4tab p\u00fcsiva mulje.<\/p>\n<p><strong>Tehke avaldus<\/strong><\/p>\n<p>Maailmas, kus esmamulje on oluline, eristab meie elupuu h\u00f5bedane mehes\u00f5rmus teid stiilse ja sisuka inimesena. Suurendage oma kohalolekut ja laske oma isikup\u00e4ral s\u00e4rada selle t\u00e4helepanuv\u00e4\u00e4rse teosega, mis jutustab j\u00f5ust, kasvust ja ajatust elegantsist.<\/p>\n<p>Muutke meie elupuu h\u00f5bedane mehes\u00f5rmus juba t\u00e4na enda omaks ja kogege legendide v\u00f5lu ja elegantsi j\u00f5udu. See pole lihtsalt s\u00f5rmus; see on avaldus.<\/p>\n","protected":false},"excerpt":{"rendered":"<p>h\u00f5be 925*<\/p>\n<p>Ligikaudne kaal 20 g.<\/p>\n<p>Laos olevad suurused 19,5 ja 20,5.<\/p>\n","protected":false},"featured_media":36831,"comment_status":"open","ping_status":"closed","template":"","meta":[],"etheme_brands":[],"product_brand":[],"product_cat":[471],"product_tag":[741,506],"class_list":{"0":"post-36708","1":"product","2":"type-product","3":"status-publish","4":"has-post-thumbnail","6":"product_cat-sormused","7":"product_tag-ehted-meestele","8":"product_tag-ruunid","10":"first","11":"instock","12":"shipping-taxable","13":"purchasable","14":"product-type-variable"},"acf":[],"yoast_head":"<!-- This site is optimized with the Yoast SEO Premium plugin v26.5 (Yoast SEO v26.8) - https:\/\/yoast.com\/product\/yoast-seo-premium-wordpress\/ -->\n<title>Eksklusiivne h\u00f5bedane raske meeste s\u00f5rmus &quot;Elupuu&quot; - Colibri jewels<\/title>\n<meta name=\"robots\" content=\"index, follow, max-snippet:-1, max-image-preview:large, max-video-preview:-1\" \/>\n<link rel=\"canonical\" href=\"https:\/\/colibri-jewels.eu\/et\/toode\/tree-of-life-ring\/\" \/>\n<meta property=\"og:locale\" content=\"et_EE\" \/>\n<meta property=\"og:type\" content=\"article\" \/>\n<meta property=\"og:title\" content=\"Eksklusiivne h\u00f5bedane raske meeste s\u00f5rmus &quot;Elupuu&quot;\" \/>\n<meta property=\"og:description\" content=\"h\u00f5be 925* Ligikaudne kaal 20 g. Laos olevad suurused 19,5 ja 20,5.\" \/>\n<meta property=\"og:url\" content=\"https:\/\/colibri-jewels.eu\/et\/toode\/tree-of-life-ring\/\" \/>\n<meta property=\"og:site_name\" content=\"Colibri jewels\" \/>\n<meta property=\"article:publisher\" content=\"https:\/\/www.facebook.com\/colibri.jewels\" \/>\n<meta property=\"article:modified_time\" content=\"2023-11-03T17:26:52+00:00\" \/>\n<meta property=\"og:image\" content=\"https:\/\/colibri-jewels.eu\/wp-content\/uploads\/2023\/09\/silver-men-ring-tree-of-life.jpg\" \/>\n\t<meta property=\"og:image:width\" content=\"1000\" \/>\n\t<meta property=\"og:image:height\" content=\"1000\" \/>\n\t<meta property=\"og:image:type\" content=\"image\/jpeg\" \/>\n<meta name=\"twitter:card\" content=\"summary_large_image\" \/>\n<meta name=\"twitter:label1\" content=\"Est. reading time\" \/>\n\t<meta name=\"twitter:data1\" content=\"1 minut\" \/>\n<script type=\"application\/ld+json\" class=\"yoast-schema-graph\">{\"@context\":\"https:\/\/schema.org\",\"@graph\":[{\"@type\":\"WebPage\",\"@id\":\"https:\/\/colibri-jewels.eu\/et\/toode\/tree-of-life-ring\/\",\"url\":\"https:\/\/colibri-jewels.eu\/et\/toode\/tree-of-life-ring\/\",\"name\":\"Eksklusiivne h\u00f5bedane raske meeste s\u00f5rmus \\\"Elupuu\\\" - Colibri jewels\",\"isPartOf\":{\"@id\":\"https:\/\/colibri-jewels.eu\/et\/#website\"},\"primaryImageOfPage\":{\"@id\":\"https:\/\/colibri-jewels.eu\/et\/toode\/tree-of-life-ring\/#primaryimage\"},\"image\":{\"@id\":\"https:\/\/colibri-jewels.eu\/et\/toode\/tree-of-life-ring\/#primaryimage\"},\"thumbnailUrl\":\"https:\/\/colibri-jewels.eu\/wp-content\/uploads\/2023\/09\/silver-men-ring-tree-of-life.jpg\",\"datePublished\":\"2023-09-23T14:26:31+00:00\",\"dateModified\":\"2023-11-03T17:26:52+00:00\",\"breadcrumb\":{\"@id\":\"https:\/\/colibri-jewels.eu\/et\/toode\/tree-of-life-ring\/#breadcrumb\"},\"inLanguage\":\"et\",\"potentialAction\":[{\"@type\":\"ReadAction\",\"target\":[\"https:\/\/colibri-jewels.eu\/et\/toode\/tree-of-life-ring\/\"]}]},{\"@type\":\"ImageObject\",\"inLanguage\":\"et\",\"@id\":\"https:\/\/colibri-jewels.eu\/et\/toode\/tree-of-life-ring\/#primaryimage\",\"url\":\"https:\/\/colibri-jewels.eu\/wp-content\/uploads\/2023\/09\/silver-men-ring-tree-of-life.jpg\",\"contentUrl\":\"https:\/\/colibri-jewels.eu\/wp-content\/uploads\/2023\/09\/silver-men-ring-tree-of-life.jpg\",\"width\":1000,\"height\":1000},{\"@type\":\"BreadcrumbList\",\"@id\":\"https:\/\/colibri-jewels.eu\/et\/toode\/tree-of-life-ring\/#breadcrumb\",\"itemListElement\":[{\"@type\":\"ListItem\",\"position\":1,\"name\":\"\u0413\u043b\u0430\u0432\u043d\u0430\u044f \u0441\u0442\u0440\u0430\u043d\u0438\u0446\u0430\",\"item\":\"https:\/\/colibri-jewels.eu\/et\/\"},{\"@type\":\"ListItem\",\"position\":2,\"name\":\"Pood\",\"item\":\"https:\/\/colibri-jewels.eu\/et\/pood\/\"},{\"@type\":\"ListItem\",\"position\":3,\"name\":\"Eksklusiivne h\u00f5bedane raske meeste s\u00f5rmus &#8220;Elupuu&#8221;\"}]},{\"@type\":\"WebSite\",\"@id\":\"https:\/\/colibri-jewels.eu\/et\/#website\",\"url\":\"https:\/\/colibri-jewels.eu\/et\/\",\"name\":\"Colibri jewels\",\"description\":\"jewelry shop\",\"publisher\":{\"@id\":\"https:\/\/colibri-jewels.eu\/et\/#organization\"},\"potentialAction\":[{\"@type\":\"SearchAction\",\"target\":{\"@type\":\"EntryPoint\",\"urlTemplate\":\"https:\/\/colibri-jewels.eu\/et\/?s={search_term_string}\"},\"query-input\":{\"@type\":\"PropertyValueSpecification\",\"valueRequired\":true,\"valueName\":\"search_term_string\"}}],\"inLanguage\":\"et\"},{\"@type\":\"Organization\",\"@id\":\"https:\/\/colibri-jewels.eu\/et\/#organization\",\"name\":\"O\u00dc Colibri\",\"url\":\"https:\/\/colibri-jewels.eu\/et\/\",\"logo\":{\"@type\":\"ImageObject\",\"inLanguage\":\"et\",\"@id\":\"https:\/\/colibri-jewels.eu\/et\/#\/schema\/logo\/image\/\",\"url\":\"https:\/\/dev.colibri-jewels.eu\/wp-content\/uploads\/2021\/03\/colibri.png\",\"contentUrl\":\"https:\/\/dev.colibri-jewels.eu\/wp-content\/uploads\/2021\/03\/colibri.png\",\"width\":227,\"height\":130,\"caption\":\"O\u00dc Colibri\"},\"image\":{\"@id\":\"https:\/\/colibri-jewels.eu\/et\/#\/schema\/logo\/image\/\"},\"sameAs\":[\"https:\/\/www.facebook.com\/colibri.jewels\",\"https:\/\/www.instagram.com\/colibri.jewels\",\"https:\/\/www.tiktok.com\/colibri.jewels\"]}]}<\/script>\n<!-- \/ Yoast SEO Premium plugin. -->","yoast_head_json":{"title":"Eksklusiivne h\u00f5bedane raske meeste s\u00f5rmus \"Elupuu\" - Colibri jewels","robots":{"index":"index","follow":"follow","max-snippet":"max-snippet:-1","max-image-preview":"max-image-preview:large","max-video-preview":"max-video-preview:-1"},"canonical":"https:\/\/colibri-jewels.eu\/et\/toode\/tree-of-life-ring\/","og_locale":"et_EE","og_type":"article","og_title":"Eksklusiivne h\u00f5bedane raske meeste s\u00f5rmus \"Elupuu\"","og_description":"h\u00f5be 925* Ligikaudne kaal 20 g. Laos olevad suurused 19,5 ja 20,5.","og_url":"https:\/\/colibri-jewels.eu\/et\/toode\/tree-of-life-ring\/","og_site_name":"Colibri jewels","article_publisher":"https:\/\/www.facebook.com\/colibri.jewels","article_modified_time":"2023-11-03T17:26:52+00:00","og_image":[{"width":1000,"height":1000,"url":"https:\/\/colibri-jewels.eu\/wp-content\/uploads\/2023\/09\/silver-men-ring-tree-of-life.jpg","type":"image\/jpeg"}],"twitter_card":"summary_large_image","twitter_misc":{"Est. reading time":"1 minut"},"schema":{"@context":"https:\/\/schema.org","@graph":[{"@type":"WebPage","@id":"https:\/\/colibri-jewels.eu\/et\/toode\/tree-of-life-ring\/","url":"https:\/\/colibri-jewels.eu\/et\/toode\/tree-of-life-ring\/","name":"Eksklusiivne h\u00f5bedane raske meeste s\u00f5rmus \"Elupuu\" - Colibri jewels","isPartOf":{"@id":"https:\/\/colibri-jewels.eu\/et\/#website"},"primaryImageOfPage":{"@id":"https:\/\/colibri-jewels.eu\/et\/toode\/tree-of-life-ring\/#primaryimage"},"image":{"@id":"https:\/\/colibri-jewels.eu\/et\/toode\/tree-of-life-ring\/#primaryimage"},"thumbnailUrl":"https:\/\/colibri-jewels.eu\/wp-content\/uploads\/2023\/09\/silver-men-ring-tree-of-life.jpg","datePublished":"2023-09-23T14:26:31+00:00","dateModified":"2023-11-03T17:26:52+00:00","breadcrumb":{"@id":"https:\/\/colibri-jewels.eu\/et\/toode\/tree-of-life-ring\/#breadcrumb"},"inLanguage":"et","potentialAction":[{"@type":"ReadAction","target":["https:\/\/colibri-jewels.eu\/et\/toode\/tree-of-life-ring\/"]}]},{"@type":"ImageObject","inLanguage":"et","@id":"https:\/\/colibri-jewels.eu\/et\/toode\/tree-of-life-ring\/#primaryimage","url":"https:\/\/colibri-jewels.eu\/wp-content\/uploads\/2023\/09\/silver-men-ring-tree-of-life.jpg","contentUrl":"https:\/\/colibri-jewels.eu\/wp-content\/uploads\/2023\/09\/silver-men-ring-tree-of-life.jpg","width":1000,"height":1000},{"@type":"BreadcrumbList","@id":"https:\/\/colibri-jewels.eu\/et\/toode\/tree-of-life-ring\/#breadcrumb","itemListElement":[{"@type":"ListItem","position":1,"name":"\u0413\u043b\u0430\u0432\u043d\u0430\u044f \u0441\u0442\u0440\u0430\u043d\u0438\u0446\u0430","item":"https:\/\/colibri-jewels.eu\/et\/"},{"@type":"ListItem","position":2,"name":"Pood","item":"https:\/\/colibri-jewels.eu\/et\/pood\/"},{"@type":"ListItem","position":3,"name":"Eksklusiivne h\u00f5bedane raske meeste s\u00f5rmus &#8220;Elupuu&#8221;"}]},{"@type":"WebSite","@id":"https:\/\/colibri-jewels.eu\/et\/#website","url":"https:\/\/colibri-jewels.eu\/et\/","name":"Colibri jewels","description":"jewelry shop","publisher":{"@id":"https:\/\/colibri-jewels.eu\/et\/#organization"},"potentialAction":[{"@type":"SearchAction","target":{"@type":"EntryPoint","urlTemplate":"https:\/\/colibri-jewels.eu\/et\/?s={search_term_string}"},"query-input":{"@type":"PropertyValueSpecification","valueRequired":true,"valueName":"search_term_string"}}],"inLanguage":"et"},{"@type":"Organization","@id":"https:\/\/colibri-jewels.eu\/et\/#organization","name":"O\u00dc Colibri","url":"https:\/\/colibri-jewels.eu\/et\/","logo":{"@type":"ImageObject","inLanguage":"et","@id":"https:\/\/colibri-jewels.eu\/et\/#\/schema\/logo\/image\/","url":"https:\/\/dev.colibri-jewels.eu\/wp-content\/uploads\/2021\/03\/colibri.png","contentUrl":"https:\/\/dev.colibri-jewels.eu\/wp-content\/uploads\/2021\/03\/colibri.png","width":227,"height":130,"caption":"O\u00dc Colibri"},"image":{"@id":"https:\/\/colibri-jewels.eu\/et\/#\/schema\/logo\/image\/"},"sameAs":["https:\/\/www.facebook.com\/colibri.jewels","https:\/\/www.instagram.com\/colibri.jewels","https:\/\/www.tiktok.com\/colibri.jewels"]}]}},"_links":{"self":[{"href":"https:\/\/colibri-jewels.eu\/et\/wp-json\/wp\/v2\/product\/36708","targetHints":{"allow":["GET"]}}],"collection":[{"href":"https:\/\/colibri-jewels.eu\/et\/wp-json\/wp\/v2\/product"}],"about":[{"href":"https:\/\/colibri-jewels.eu\/et\/wp-json\/wp\/v2\/types\/product"}],"replies":[{"embeddable":true,"href":"https:\/\/colibri-jewels.eu\/et\/wp-json\/wp\/v2\/comments?post=36708"}],"version-history":[{"count":0,"href":"https:\/\/colibri-jewels.eu\/et\/wp-json\/wp\/v2\/product\/36708\/revisions"}],"wp:featuredmedia":[{"embeddable":true,"href":"https:\/\/colibri-jewels.eu\/et\/wp-json\/wp\/v2\/media\/36831"}],"wp:attachment":[{"href":"https:\/\/colibri-jewels.eu\/et\/wp-json\/wp\/v2\/media?parent=36708"}],"wp:term":[{"taxonomy":"brand","embeddable":true,"href":"https:\/\/colibri-jewels.eu\/et\/wp-json\/wp\/v2\/etheme_brands?post=36708"},{"taxonomy":"product_brand","embeddable":true,"href":"https:\/\/colibri-jewels.eu\/et\/wp-json\/wp\/v2\/product_brand?post=36708"},{"taxonomy":"product_cat","embeddable":true,"href":"https:\/\/colibri-jewels.eu\/et\/wp-json\/wp\/v2\/product_cat?post=36708"},{"taxonomy":"product_tag","embeddable":true,"href":"https:\/\/colibri-jewels.eu\/et\/wp-json\/wp\/v2\/product_tag?post=36708"}],"curies":[{"name":"wp","href":"https:\/\/api.w.org\/{rel}","templated":true}]}}