{"id":37418,"date":"2023-10-26T10:42:26","date_gmt":"2023-10-26T07:42:26","guid":{"rendered":"https:\/\/dev.colibri-jewels.eu\/?post_type=product&#038;p=37418"},"modified":"2023-10-26T11:12:51","modified_gmt":"2023-10-26T08:12:51","slug":"white-gold-earrings-with-blue-topazes-et-6122w","status":"publish","type":"product","link":"https:\/\/colibri-jewels.eu\/et\/toode\/white-gold-earrings-with-blue-topazes-et-6122w\/","title":{"rendered":"Valgest kullast k\u00f5rvar\u00f5ngad hele-siniste topaasidega ET-6122w"},"content":{"rendered":"<p>See on ilus valge kullast ja topaasist ehete komplekt. Komplekti kuulub paar k\u00f5rvar\u00f5ngaid ja s\u00f5rmus. Range stiiliga k\u00f5rvar\u00f5ngad, mille esik\u00fcljel on rida topaasikivisid. S\u00f5rmus on peal lihtne topaasikivide rida. See komplekt sobib suurep\u00e4raselt igale riietusele elegantsi lisamiseks. Disain on minimalistlik ja alahinnatud, mist\u00f5ttu on see ideaalne valik neile, kes eelistavad lihtsaid, kuid elegantseid ehteid.<\/p>\n<p>K\u00f5rvar\u00f5ngad komplektist:<\/p>\n<p>kaal 5,22 g<\/p>\n<p>topaas 12 tk., 2,31 ct<\/p>\n","protected":false},"excerpt":{"rendered":"<p>K\u00f5rvar\u00f5ngad komplektist:<\/p>\n<p>kaal 5,22 g.<\/p>\n<p>topaas 12 tk., 2,31 ct<\/p>\n","protected":false},"featured_media":37414,"comment_status":"open","ping_status":"closed","template":"","meta":[],"etheme_brands":[],"product_brand":[],"product_cat":[469],"product_tag":[505],"class_list":{"0":"post-37418","1":"product","2":"type-product","3":"status-publish","4":"has-post-thumbnail","6":"product_cat-korvarongad","7":"product_tag-lakooniline","9":"first","10":"instock","11":"shipping-taxable","12":"purchasable","13":"product-type-simple"},"acf":[],"yoast_head":"<!-- This site is optimized with the Yoast SEO Premium plugin v26.5 (Yoast SEO v26.8) - https:\/\/yoast.com\/product\/yoast-seo-premium-wordpress\/ -->\n<title>Valgest kullast k\u00f5rvar\u00f5ngad hele-siniste topaasidega ET-6122w - Colibri jewels<\/title>\n<meta name=\"robots\" content=\"index, follow, max-snippet:-1, max-image-preview:large, max-video-preview:-1\" \/>\n<link rel=\"canonical\" href=\"https:\/\/colibri-jewels.eu\/et\/toode\/white-gold-earrings-with-blue-topazes-et-6122w\/\" \/>\n<meta property=\"og:locale\" content=\"et_EE\" \/>\n<meta property=\"og:type\" content=\"article\" \/>\n<meta property=\"og:title\" content=\"Valgest kullast k\u00f5rvar\u00f5ngad hele-siniste topaasidega ET-6122w\" \/>\n<meta property=\"og:description\" content=\"K\u00f5rvar\u00f5ngad komplektist:  kaal 5,22 g.  topaas 12 tk., 2,31 ct\" \/>\n<meta property=\"og:url\" content=\"https:\/\/colibri-jewels.eu\/et\/toode\/white-gold-earrings-with-blue-topazes-et-6122w\/\" \/>\n<meta property=\"og:site_name\" content=\"Colibri jewels\" \/>\n<meta property=\"article:publisher\" content=\"https:\/\/www.facebook.com\/colibri.jewels\" \/>\n<meta property=\"article:modified_time\" content=\"2023-10-26T08:12:51+00:00\" \/>\n<meta property=\"og:image\" content=\"https:\/\/colibri-jewels.eu\/wp-content\/uploads\/2023\/10\/white-gold-square-topaz-earrings.jpg\" \/>\n\t<meta property=\"og:image:width\" content=\"1000\" \/>\n\t<meta property=\"og:image:height\" content=\"1000\" \/>\n\t<meta property=\"og:image:type\" content=\"image\/jpeg\" \/>\n<meta name=\"twitter:card\" content=\"summary_large_image\" \/>\n<script type=\"application\/ld+json\" class=\"yoast-schema-graph\">{\"@context\":\"https:\/\/schema.org\",\"@graph\":[{\"@type\":\"WebPage\",\"@id\":\"https:\/\/colibri-jewels.eu\/et\/toode\/white-gold-earrings-with-blue-topazes-et-6122w\/\",\"url\":\"https:\/\/colibri-jewels.eu\/et\/toode\/white-gold-earrings-with-blue-topazes-et-6122w\/\",\"name\":\"Valgest kullast k\u00f5rvar\u00f5ngad hele-siniste topaasidega ET-6122w - Colibri jewels\",\"isPartOf\":{\"@id\":\"https:\/\/colibri-jewels.eu\/et\/#website\"},\"primaryImageOfPage\":{\"@id\":\"https:\/\/colibri-jewels.eu\/et\/toode\/white-gold-earrings-with-blue-topazes-et-6122w\/#primaryimage\"},\"image\":{\"@id\":\"https:\/\/colibri-jewels.eu\/et\/toode\/white-gold-earrings-with-blue-topazes-et-6122w\/#primaryimage\"},\"thumbnailUrl\":\"https:\/\/colibri-jewels.eu\/wp-content\/uploads\/2023\/10\/white-gold-square-topaz-earrings.jpg\",\"datePublished\":\"2023-10-26T07:42:26+00:00\",\"dateModified\":\"2023-10-26T08:12:51+00:00\",\"breadcrumb\":{\"@id\":\"https:\/\/colibri-jewels.eu\/et\/toode\/white-gold-earrings-with-blue-topazes-et-6122w\/#breadcrumb\"},\"inLanguage\":\"et\",\"potentialAction\":[{\"@type\":\"ReadAction\",\"target\":[\"https:\/\/colibri-jewels.eu\/et\/toode\/white-gold-earrings-with-blue-topazes-et-6122w\/\"]}]},{\"@type\":\"ImageObject\",\"inLanguage\":\"et\",\"@id\":\"https:\/\/colibri-jewels.eu\/et\/toode\/white-gold-earrings-with-blue-topazes-et-6122w\/#primaryimage\",\"url\":\"https:\/\/colibri-jewels.eu\/wp-content\/uploads\/2023\/10\/white-gold-square-topaz-earrings.jpg\",\"contentUrl\":\"https:\/\/colibri-jewels.eu\/wp-content\/uploads\/2023\/10\/white-gold-square-topaz-earrings.jpg\",\"width\":1000,\"height\":1000},{\"@type\":\"BreadcrumbList\",\"@id\":\"https:\/\/colibri-jewels.eu\/et\/toode\/white-gold-earrings-with-blue-topazes-et-6122w\/#breadcrumb\",\"itemListElement\":[{\"@type\":\"ListItem\",\"position\":1,\"name\":\"\u0413\u043b\u0430\u0432\u043d\u0430\u044f \u0441\u0442\u0440\u0430\u043d\u0438\u0446\u0430\",\"item\":\"https:\/\/colibri-jewels.eu\/et\/\"},{\"@type\":\"ListItem\",\"position\":2,\"name\":\"Pood\",\"item\":\"https:\/\/colibri-jewels.eu\/et\/pood\/\"},{\"@type\":\"ListItem\",\"position\":3,\"name\":\"Valgest kullast k\u00f5rvar\u00f5ngad hele-siniste topaasidega ET-6122w\"}]},{\"@type\":\"WebSite\",\"@id\":\"https:\/\/colibri-jewels.eu\/et\/#website\",\"url\":\"https:\/\/colibri-jewels.eu\/et\/\",\"name\":\"Colibri jewels\",\"description\":\"jewelry shop\",\"publisher\":{\"@id\":\"https:\/\/colibri-jewels.eu\/et\/#organization\"},\"potentialAction\":[{\"@type\":\"SearchAction\",\"target\":{\"@type\":\"EntryPoint\",\"urlTemplate\":\"https:\/\/colibri-jewels.eu\/et\/?s={search_term_string}\"},\"query-input\":{\"@type\":\"PropertyValueSpecification\",\"valueRequired\":true,\"valueName\":\"search_term_string\"}}],\"inLanguage\":\"et\"},{\"@type\":\"Organization\",\"@id\":\"https:\/\/colibri-jewels.eu\/et\/#organization\",\"name\":\"O\u00dc Colibri\",\"url\":\"https:\/\/colibri-jewels.eu\/et\/\",\"logo\":{\"@type\":\"ImageObject\",\"inLanguage\":\"et\",\"@id\":\"https:\/\/colibri-jewels.eu\/et\/#\/schema\/logo\/image\/\",\"url\":\"https:\/\/dev.colibri-jewels.eu\/wp-content\/uploads\/2021\/03\/colibri.png\",\"contentUrl\":\"https:\/\/dev.colibri-jewels.eu\/wp-content\/uploads\/2021\/03\/colibri.png\",\"width\":227,\"height\":130,\"caption\":\"O\u00dc Colibri\"},\"image\":{\"@id\":\"https:\/\/colibri-jewels.eu\/et\/#\/schema\/logo\/image\/\"},\"sameAs\":[\"https:\/\/www.facebook.com\/colibri.jewels\",\"https:\/\/www.instagram.com\/colibri.jewels\",\"https:\/\/www.tiktok.com\/colibri.jewels\"]}]}<\/script>\n<!-- \/ Yoast SEO Premium plugin. -->","yoast_head_json":{"title":"Valgest kullast k\u00f5rvar\u00f5ngad hele-siniste topaasidega ET-6122w - Colibri jewels","robots":{"index":"index","follow":"follow","max-snippet":"max-snippet:-1","max-image-preview":"max-image-preview:large","max-video-preview":"max-video-preview:-1"},"canonical":"https:\/\/colibri-jewels.eu\/et\/toode\/white-gold-earrings-with-blue-topazes-et-6122w\/","og_locale":"et_EE","og_type":"article","og_title":"Valgest kullast k\u00f5rvar\u00f5ngad hele-siniste topaasidega ET-6122w","og_description":"K\u00f5rvar\u00f5ngad komplektist:  kaal 5,22 g.  topaas 12 tk., 2,31 ct","og_url":"https:\/\/colibri-jewels.eu\/et\/toode\/white-gold-earrings-with-blue-topazes-et-6122w\/","og_site_name":"Colibri jewels","article_publisher":"https:\/\/www.facebook.com\/colibri.jewels","article_modified_time":"2023-10-26T08:12:51+00:00","og_image":[{"width":1000,"height":1000,"url":"https:\/\/colibri-jewels.eu\/wp-content\/uploads\/2023\/10\/white-gold-square-topaz-earrings.jpg","type":"image\/jpeg"}],"twitter_card":"summary_large_image","schema":{"@context":"https:\/\/schema.org","@graph":[{"@type":"WebPage","@id":"https:\/\/colibri-jewels.eu\/et\/toode\/white-gold-earrings-with-blue-topazes-et-6122w\/","url":"https:\/\/colibri-jewels.eu\/et\/toode\/white-gold-earrings-with-blue-topazes-et-6122w\/","name":"Valgest kullast k\u00f5rvar\u00f5ngad hele-siniste topaasidega ET-6122w - Colibri jewels","isPartOf":{"@id":"https:\/\/colibri-jewels.eu\/et\/#website"},"primaryImageOfPage":{"@id":"https:\/\/colibri-jewels.eu\/et\/toode\/white-gold-earrings-with-blue-topazes-et-6122w\/#primaryimage"},"image":{"@id":"https:\/\/colibri-jewels.eu\/et\/toode\/white-gold-earrings-with-blue-topazes-et-6122w\/#primaryimage"},"thumbnailUrl":"https:\/\/colibri-jewels.eu\/wp-content\/uploads\/2023\/10\/white-gold-square-topaz-earrings.jpg","datePublished":"2023-10-26T07:42:26+00:00","dateModified":"2023-10-26T08:12:51+00:00","breadcrumb":{"@id":"https:\/\/colibri-jewels.eu\/et\/toode\/white-gold-earrings-with-blue-topazes-et-6122w\/#breadcrumb"},"inLanguage":"et","potentialAction":[{"@type":"ReadAction","target":["https:\/\/colibri-jewels.eu\/et\/toode\/white-gold-earrings-with-blue-topazes-et-6122w\/"]}]},{"@type":"ImageObject","inLanguage":"et","@id":"https:\/\/colibri-jewels.eu\/et\/toode\/white-gold-earrings-with-blue-topazes-et-6122w\/#primaryimage","url":"https:\/\/colibri-jewels.eu\/wp-content\/uploads\/2023\/10\/white-gold-square-topaz-earrings.jpg","contentUrl":"https:\/\/colibri-jewels.eu\/wp-content\/uploads\/2023\/10\/white-gold-square-topaz-earrings.jpg","width":1000,"height":1000},{"@type":"BreadcrumbList","@id":"https:\/\/colibri-jewels.eu\/et\/toode\/white-gold-earrings-with-blue-topazes-et-6122w\/#breadcrumb","itemListElement":[{"@type":"ListItem","position":1,"name":"\u0413\u043b\u0430\u0432\u043d\u0430\u044f \u0441\u0442\u0440\u0430\u043d\u0438\u0446\u0430","item":"https:\/\/colibri-jewels.eu\/et\/"},{"@type":"ListItem","position":2,"name":"Pood","item":"https:\/\/colibri-jewels.eu\/et\/pood\/"},{"@type":"ListItem","position":3,"name":"Valgest kullast k\u00f5rvar\u00f5ngad hele-siniste topaasidega ET-6122w"}]},{"@type":"WebSite","@id":"https:\/\/colibri-jewels.eu\/et\/#website","url":"https:\/\/colibri-jewels.eu\/et\/","name":"Colibri jewels","description":"jewelry shop","publisher":{"@id":"https:\/\/colibri-jewels.eu\/et\/#organization"},"potentialAction":[{"@type":"SearchAction","target":{"@type":"EntryPoint","urlTemplate":"https:\/\/colibri-jewels.eu\/et\/?s={search_term_string}"},"query-input":{"@type":"PropertyValueSpecification","valueRequired":true,"valueName":"search_term_string"}}],"inLanguage":"et"},{"@type":"Organization","@id":"https:\/\/colibri-jewels.eu\/et\/#organization","name":"O\u00dc Colibri","url":"https:\/\/colibri-jewels.eu\/et\/","logo":{"@type":"ImageObject","inLanguage":"et","@id":"https:\/\/colibri-jewels.eu\/et\/#\/schema\/logo\/image\/","url":"https:\/\/dev.colibri-jewels.eu\/wp-content\/uploads\/2021\/03\/colibri.png","contentUrl":"https:\/\/dev.colibri-jewels.eu\/wp-content\/uploads\/2021\/03\/colibri.png","width":227,"height":130,"caption":"O\u00dc Colibri"},"image":{"@id":"https:\/\/colibri-jewels.eu\/et\/#\/schema\/logo\/image\/"},"sameAs":["https:\/\/www.facebook.com\/colibri.jewels","https:\/\/www.instagram.com\/colibri.jewels","https:\/\/www.tiktok.com\/colibri.jewels"]}]}},"_links":{"self":[{"href":"https:\/\/colibri-jewels.eu\/et\/wp-json\/wp\/v2\/product\/37418","targetHints":{"allow":["GET"]}}],"collection":[{"href":"https:\/\/colibri-jewels.eu\/et\/wp-json\/wp\/v2\/product"}],"about":[{"href":"https:\/\/colibri-jewels.eu\/et\/wp-json\/wp\/v2\/types\/product"}],"replies":[{"embeddable":true,"href":"https:\/\/colibri-jewels.eu\/et\/wp-json\/wp\/v2\/comments?post=37418"}],"version-history":[{"count":0,"href":"https:\/\/colibri-jewels.eu\/et\/wp-json\/wp\/v2\/product\/37418\/revisions"}],"wp:featuredmedia":[{"embeddable":true,"href":"https:\/\/colibri-jewels.eu\/et\/wp-json\/wp\/v2\/media\/37414"}],"wp:attachment":[{"href":"https:\/\/colibri-jewels.eu\/et\/wp-json\/wp\/v2\/media?parent=37418"}],"wp:term":[{"taxonomy":"brand","embeddable":true,"href":"https:\/\/colibri-jewels.eu\/et\/wp-json\/wp\/v2\/etheme_brands?post=37418"},{"taxonomy":"product_brand","embeddable":true,"href":"https:\/\/colibri-jewels.eu\/et\/wp-json\/wp\/v2\/product_brand?post=37418"},{"taxonomy":"product_cat","embeddable":true,"href":"https:\/\/colibri-jewels.eu\/et\/wp-json\/wp\/v2\/product_cat?post=37418"},{"taxonomy":"product_tag","embeddable":true,"href":"https:\/\/colibri-jewels.eu\/et\/wp-json\/wp\/v2\/product_tag?post=37418"}],"curies":[{"name":"wp","href":"https:\/\/api.w.org\/{rel}","templated":true}]}}