{"id":37683,"date":"2023-11-21T22:16:50","date_gmt":"2023-11-21T20:16:50","guid":{"rendered":"https:\/\/dev.colibri-jewels.eu\/?post_type=product&#038;p=37683"},"modified":"2024-12-27T14:20:44","modified_gmt":"2024-12-27T12:20:44","slug":"golden-earrings-with-lab-grown-emeralds-and-moissanites-e-8232","status":"publish","type":"product","link":"https:\/\/colibri-jewels.eu\/et\/toode\/golden-earrings-with-lab-grown-emeralds-and-moissanites-e-8232\/","title":{"rendered":"Kuldsed k\u00f5rvar\u00f5ngad labori diamantide ja smaragdidega E-8232"},"content":{"rendered":"<p>Elegantsed kuldsed k\u00f5rvar\u00f5ngad tumeroheliste k\u00e4sitsi l\u00f5igatud laboris kasvatatud smaragdide ja \u00fcmmarguste laboriteemantidega.<\/p>\n<p>Smaragdikristalle kasvatatakse soolade ja mineraalide lahuses naturaalse ber\u00fclliplaadi seemnest. Kristallid kasvavad autoklaavides \u00f5igel temperatuuril ja r\u00f5hul. Kive kasvatatakse ja l\u00f5igatakse k\u00e4sitsi Kiievis.<\/p>\n<p>Labori diamandid &#8211; on 100% sarnased nagu looduslikud diamandid, ainult et need on loodud laboris.<br \/>\nLab diamantidel on selge ja l\u00e4bipaistav ajalugu ja megatoonid teadmiste kasutatud nende loomingule.  Neil on k\u00f5ik teemantide omadused \u2013 k\u00f5vadus, dispersiooniindeks (v\u00e4rvilised s\u00e4demed, mida teemandid tekitavad). Need on lihtsalt identsed looduslike diamantidega.<\/p>\n<p>Kollane kuld 14 kt.<\/p>\n<p>Klassikalised ja t\u00f6\u00f6kindlad lukud.<\/p>\n<p>Laboris kasvatatud smaragdid 7*7 mm, 2,72 ct<\/p>\n<p>Lab diamantid 4.5 mm iga\u00fcks, 0.77 ct summas.<br \/>\nK\u00f5rvar\u00f5ngaste keskmine kaal 3,72 g.<\/p>\n<p>Vaata ka nende k\u00f5rvar\u00f5ngaste juurde sobivat kaelakeed \ud83d\ude42<\/p>\n","protected":false},"excerpt":{"rendered":"<p>Kollane kuld 14 kt.<\/p>\n<p>Kasvatud smaragdid 7*7 mm, 2.72 ct<\/p>\n<p>Lab diamantid 4.5 mm iga\u00fcks, 0.77 ct summas.<\/p>\n<p>K\u00f5rvar\u00f5ngaste keskmine kaal 3,72 g.<\/p>\n<p>&nbsp;<\/p>\n","protected":false},"featured_media":38311,"comment_status":"open","ping_status":"closed","template":"","meta":[],"etheme_brands":[],"product_brand":[],"product_cat":[469],"product_tag":[],"class_list":{"0":"post-37683","1":"product","2":"type-product","3":"status-publish","4":"has-post-thumbnail","6":"product_cat-korvarongad","8":"first","9":"onbackorder","10":"shipping-taxable","11":"purchasable","12":"product-type-simple"},"acf":[],"yoast_head":"<!-- This site is optimized with the Yoast SEO Premium plugin v26.5 (Yoast SEO v26.8) - https:\/\/yoast.com\/product\/yoast-seo-premium-wordpress\/ -->\n<title>Kuldsed k\u00f5rvar\u00f5ngad labori diamantide ja smaragdidega E-8232 - Colibri jewels<\/title>\n<meta name=\"robots\" content=\"index, follow, max-snippet:-1, max-image-preview:large, max-video-preview:-1\" \/>\n<link rel=\"canonical\" href=\"https:\/\/colibri-jewels.eu\/et\/toode\/golden-earrings-with-lab-grown-emeralds-and-moissanites-e-8232\/\" \/>\n<meta property=\"og:locale\" content=\"et_EE\" \/>\n<meta property=\"og:type\" content=\"article\" \/>\n<meta property=\"og:title\" content=\"Kuldsed k\u00f5rvar\u00f5ngad labori diamantide ja smaragdidega E-8232\" \/>\n<meta property=\"og:description\" content=\"Kollane kuld 14 kt. Kasvatud smaragdid 7*7 mm, 2.72 ct Lab diamantid 4.5 mm iga\u00fcks, 0.77 ct summas. K\u00f5rvar\u00f5ngaste keskmine kaal 3,72 g. &nbsp;\" \/>\n<meta property=\"og:url\" content=\"https:\/\/colibri-jewels.eu\/et\/toode\/golden-earrings-with-lab-grown-emeralds-and-moissanites-e-8232\/\" \/>\n<meta property=\"og:site_name\" content=\"Colibri jewels\" \/>\n<meta property=\"article:publisher\" content=\"https:\/\/www.facebook.com\/colibri.jewels\" \/>\n<meta property=\"article:modified_time\" content=\"2024-12-27T12:20:44+00:00\" \/>\n<meta property=\"og:image\" content=\"https:\/\/colibri-jewels.eu\/wp-content\/uploads\/2023\/11\/golden-earrings-with-emerald-cut-lab-emeralds-and-moissanites-E-8232_1.jpg\" \/>\n\t<meta property=\"og:image:width\" content=\"1000\" \/>\n\t<meta property=\"og:image:height\" content=\"1000\" \/>\n\t<meta property=\"og:image:type\" content=\"image\/jpeg\" \/>\n<meta name=\"twitter:card\" content=\"summary_large_image\" \/>\n<meta name=\"twitter:label1\" content=\"Est. reading time\" \/>\n\t<meta name=\"twitter:data1\" content=\"1 minut\" \/>\n<script type=\"application\/ld+json\" class=\"yoast-schema-graph\">{\"@context\":\"https:\/\/schema.org\",\"@graph\":[{\"@type\":\"WebPage\",\"@id\":\"https:\/\/colibri-jewels.eu\/et\/toode\/golden-earrings-with-lab-grown-emeralds-and-moissanites-e-8232\/\",\"url\":\"https:\/\/colibri-jewels.eu\/et\/toode\/golden-earrings-with-lab-grown-emeralds-and-moissanites-e-8232\/\",\"name\":\"Kuldsed k\u00f5rvar\u00f5ngad labori diamantide ja smaragdidega E-8232 - Colibri jewels\",\"isPartOf\":{\"@id\":\"https:\/\/colibri-jewels.eu\/et\/#website\"},\"primaryImageOfPage\":{\"@id\":\"https:\/\/colibri-jewels.eu\/et\/toode\/golden-earrings-with-lab-grown-emeralds-and-moissanites-e-8232\/#primaryimage\"},\"image\":{\"@id\":\"https:\/\/colibri-jewels.eu\/et\/toode\/golden-earrings-with-lab-grown-emeralds-and-moissanites-e-8232\/#primaryimage\"},\"thumbnailUrl\":\"https:\/\/colibri-jewels.eu\/wp-content\/uploads\/2023\/11\/golden-earrings-with-emerald-cut-lab-emeralds-and-moissanites-E-8232_1.jpg\",\"datePublished\":\"2023-11-21T20:16:50+00:00\",\"dateModified\":\"2024-12-27T12:20:44+00:00\",\"breadcrumb\":{\"@id\":\"https:\/\/colibri-jewels.eu\/et\/toode\/golden-earrings-with-lab-grown-emeralds-and-moissanites-e-8232\/#breadcrumb\"},\"inLanguage\":\"et\",\"potentialAction\":[{\"@type\":\"ReadAction\",\"target\":[\"https:\/\/colibri-jewels.eu\/et\/toode\/golden-earrings-with-lab-grown-emeralds-and-moissanites-e-8232\/\"]}]},{\"@type\":\"ImageObject\",\"inLanguage\":\"et\",\"@id\":\"https:\/\/colibri-jewels.eu\/et\/toode\/golden-earrings-with-lab-grown-emeralds-and-moissanites-e-8232\/#primaryimage\",\"url\":\"https:\/\/colibri-jewels.eu\/wp-content\/uploads\/2023\/11\/golden-earrings-with-emerald-cut-lab-emeralds-and-moissanites-E-8232_1.jpg\",\"contentUrl\":\"https:\/\/colibri-jewels.eu\/wp-content\/uploads\/2023\/11\/golden-earrings-with-emerald-cut-lab-emeralds-and-moissanites-E-8232_1.jpg\",\"width\":1000,\"height\":1000},{\"@type\":\"BreadcrumbList\",\"@id\":\"https:\/\/colibri-jewels.eu\/et\/toode\/golden-earrings-with-lab-grown-emeralds-and-moissanites-e-8232\/#breadcrumb\",\"itemListElement\":[{\"@type\":\"ListItem\",\"position\":1,\"name\":\"\u0413\u043b\u0430\u0432\u043d\u0430\u044f \u0441\u0442\u0440\u0430\u043d\u0438\u0446\u0430\",\"item\":\"https:\/\/colibri-jewels.eu\/et\/\"},{\"@type\":\"ListItem\",\"position\":2,\"name\":\"Pood\",\"item\":\"https:\/\/colibri-jewels.eu\/et\/pood\/\"},{\"@type\":\"ListItem\",\"position\":3,\"name\":\"Kuldsed k\u00f5rvar\u00f5ngad labori diamantide ja smaragdidega E-8232\"}]},{\"@type\":\"WebSite\",\"@id\":\"https:\/\/colibri-jewels.eu\/et\/#website\",\"url\":\"https:\/\/colibri-jewels.eu\/et\/\",\"name\":\"Colibri jewels\",\"description\":\"jewelry shop\",\"publisher\":{\"@id\":\"https:\/\/colibri-jewels.eu\/et\/#organization\"},\"potentialAction\":[{\"@type\":\"SearchAction\",\"target\":{\"@type\":\"EntryPoint\",\"urlTemplate\":\"https:\/\/colibri-jewels.eu\/et\/?s={search_term_string}\"},\"query-input\":{\"@type\":\"PropertyValueSpecification\",\"valueRequired\":true,\"valueName\":\"search_term_string\"}}],\"inLanguage\":\"et\"},{\"@type\":\"Organization\",\"@id\":\"https:\/\/colibri-jewels.eu\/et\/#organization\",\"name\":\"O\u00dc Colibri\",\"url\":\"https:\/\/colibri-jewels.eu\/et\/\",\"logo\":{\"@type\":\"ImageObject\",\"inLanguage\":\"et\",\"@id\":\"https:\/\/colibri-jewels.eu\/et\/#\/schema\/logo\/image\/\",\"url\":\"https:\/\/dev.colibri-jewels.eu\/wp-content\/uploads\/2021\/03\/colibri.png\",\"contentUrl\":\"https:\/\/dev.colibri-jewels.eu\/wp-content\/uploads\/2021\/03\/colibri.png\",\"width\":227,\"height\":130,\"caption\":\"O\u00dc Colibri\"},\"image\":{\"@id\":\"https:\/\/colibri-jewels.eu\/et\/#\/schema\/logo\/image\/\"},\"sameAs\":[\"https:\/\/www.facebook.com\/colibri.jewels\",\"https:\/\/www.instagram.com\/colibri.jewels\",\"https:\/\/www.tiktok.com\/colibri.jewels\"]}]}<\/script>\n<!-- \/ Yoast SEO Premium plugin. -->","yoast_head_json":{"title":"Kuldsed k\u00f5rvar\u00f5ngad labori diamantide ja smaragdidega E-8232 - Colibri jewels","robots":{"index":"index","follow":"follow","max-snippet":"max-snippet:-1","max-image-preview":"max-image-preview:large","max-video-preview":"max-video-preview:-1"},"canonical":"https:\/\/colibri-jewels.eu\/et\/toode\/golden-earrings-with-lab-grown-emeralds-and-moissanites-e-8232\/","og_locale":"et_EE","og_type":"article","og_title":"Kuldsed k\u00f5rvar\u00f5ngad labori diamantide ja smaragdidega E-8232","og_description":"Kollane kuld 14 kt. Kasvatud smaragdid 7*7 mm, 2.72 ct Lab diamantid 4.5 mm iga\u00fcks, 0.77 ct summas. K\u00f5rvar\u00f5ngaste keskmine kaal 3,72 g. &nbsp;","og_url":"https:\/\/colibri-jewels.eu\/et\/toode\/golden-earrings-with-lab-grown-emeralds-and-moissanites-e-8232\/","og_site_name":"Colibri jewels","article_publisher":"https:\/\/www.facebook.com\/colibri.jewels","article_modified_time":"2024-12-27T12:20:44+00:00","og_image":[{"width":1000,"height":1000,"url":"https:\/\/colibri-jewels.eu\/wp-content\/uploads\/2023\/11\/golden-earrings-with-emerald-cut-lab-emeralds-and-moissanites-E-8232_1.jpg","type":"image\/jpeg"}],"twitter_card":"summary_large_image","twitter_misc":{"Est. reading time":"1 minut"},"schema":{"@context":"https:\/\/schema.org","@graph":[{"@type":"WebPage","@id":"https:\/\/colibri-jewels.eu\/et\/toode\/golden-earrings-with-lab-grown-emeralds-and-moissanites-e-8232\/","url":"https:\/\/colibri-jewels.eu\/et\/toode\/golden-earrings-with-lab-grown-emeralds-and-moissanites-e-8232\/","name":"Kuldsed k\u00f5rvar\u00f5ngad labori diamantide ja smaragdidega E-8232 - Colibri jewels","isPartOf":{"@id":"https:\/\/colibri-jewels.eu\/et\/#website"},"primaryImageOfPage":{"@id":"https:\/\/colibri-jewels.eu\/et\/toode\/golden-earrings-with-lab-grown-emeralds-and-moissanites-e-8232\/#primaryimage"},"image":{"@id":"https:\/\/colibri-jewels.eu\/et\/toode\/golden-earrings-with-lab-grown-emeralds-and-moissanites-e-8232\/#primaryimage"},"thumbnailUrl":"https:\/\/colibri-jewels.eu\/wp-content\/uploads\/2023\/11\/golden-earrings-with-emerald-cut-lab-emeralds-and-moissanites-E-8232_1.jpg","datePublished":"2023-11-21T20:16:50+00:00","dateModified":"2024-12-27T12:20:44+00:00","breadcrumb":{"@id":"https:\/\/colibri-jewels.eu\/et\/toode\/golden-earrings-with-lab-grown-emeralds-and-moissanites-e-8232\/#breadcrumb"},"inLanguage":"et","potentialAction":[{"@type":"ReadAction","target":["https:\/\/colibri-jewels.eu\/et\/toode\/golden-earrings-with-lab-grown-emeralds-and-moissanites-e-8232\/"]}]},{"@type":"ImageObject","inLanguage":"et","@id":"https:\/\/colibri-jewels.eu\/et\/toode\/golden-earrings-with-lab-grown-emeralds-and-moissanites-e-8232\/#primaryimage","url":"https:\/\/colibri-jewels.eu\/wp-content\/uploads\/2023\/11\/golden-earrings-with-emerald-cut-lab-emeralds-and-moissanites-E-8232_1.jpg","contentUrl":"https:\/\/colibri-jewels.eu\/wp-content\/uploads\/2023\/11\/golden-earrings-with-emerald-cut-lab-emeralds-and-moissanites-E-8232_1.jpg","width":1000,"height":1000},{"@type":"BreadcrumbList","@id":"https:\/\/colibri-jewels.eu\/et\/toode\/golden-earrings-with-lab-grown-emeralds-and-moissanites-e-8232\/#breadcrumb","itemListElement":[{"@type":"ListItem","position":1,"name":"\u0413\u043b\u0430\u0432\u043d\u0430\u044f \u0441\u0442\u0440\u0430\u043d\u0438\u0446\u0430","item":"https:\/\/colibri-jewels.eu\/et\/"},{"@type":"ListItem","position":2,"name":"Pood","item":"https:\/\/colibri-jewels.eu\/et\/pood\/"},{"@type":"ListItem","position":3,"name":"Kuldsed k\u00f5rvar\u00f5ngad labori diamantide ja smaragdidega E-8232"}]},{"@type":"WebSite","@id":"https:\/\/colibri-jewels.eu\/et\/#website","url":"https:\/\/colibri-jewels.eu\/et\/","name":"Colibri jewels","description":"jewelry shop","publisher":{"@id":"https:\/\/colibri-jewels.eu\/et\/#organization"},"potentialAction":[{"@type":"SearchAction","target":{"@type":"EntryPoint","urlTemplate":"https:\/\/colibri-jewels.eu\/et\/?s={search_term_string}"},"query-input":{"@type":"PropertyValueSpecification","valueRequired":true,"valueName":"search_term_string"}}],"inLanguage":"et"},{"@type":"Organization","@id":"https:\/\/colibri-jewels.eu\/et\/#organization","name":"O\u00dc Colibri","url":"https:\/\/colibri-jewels.eu\/et\/","logo":{"@type":"ImageObject","inLanguage":"et","@id":"https:\/\/colibri-jewels.eu\/et\/#\/schema\/logo\/image\/","url":"https:\/\/dev.colibri-jewels.eu\/wp-content\/uploads\/2021\/03\/colibri.png","contentUrl":"https:\/\/dev.colibri-jewels.eu\/wp-content\/uploads\/2021\/03\/colibri.png","width":227,"height":130,"caption":"O\u00dc Colibri"},"image":{"@id":"https:\/\/colibri-jewels.eu\/et\/#\/schema\/logo\/image\/"},"sameAs":["https:\/\/www.facebook.com\/colibri.jewels","https:\/\/www.instagram.com\/colibri.jewels","https:\/\/www.tiktok.com\/colibri.jewels"]}]}},"_links":{"self":[{"href":"https:\/\/colibri-jewels.eu\/et\/wp-json\/wp\/v2\/product\/37683","targetHints":{"allow":["GET"]}}],"collection":[{"href":"https:\/\/colibri-jewels.eu\/et\/wp-json\/wp\/v2\/product"}],"about":[{"href":"https:\/\/colibri-jewels.eu\/et\/wp-json\/wp\/v2\/types\/product"}],"replies":[{"embeddable":true,"href":"https:\/\/colibri-jewels.eu\/et\/wp-json\/wp\/v2\/comments?post=37683"}],"version-history":[{"count":0,"href":"https:\/\/colibri-jewels.eu\/et\/wp-json\/wp\/v2\/product\/37683\/revisions"}],"wp:featuredmedia":[{"embeddable":true,"href":"https:\/\/colibri-jewels.eu\/et\/wp-json\/wp\/v2\/media\/38311"}],"wp:attachment":[{"href":"https:\/\/colibri-jewels.eu\/et\/wp-json\/wp\/v2\/media?parent=37683"}],"wp:term":[{"taxonomy":"brand","embeddable":true,"href":"https:\/\/colibri-jewels.eu\/et\/wp-json\/wp\/v2\/etheme_brands?post=37683"},{"taxonomy":"product_brand","embeddable":true,"href":"https:\/\/colibri-jewels.eu\/et\/wp-json\/wp\/v2\/product_brand?post=37683"},{"taxonomy":"product_cat","embeddable":true,"href":"https:\/\/colibri-jewels.eu\/et\/wp-json\/wp\/v2\/product_cat?post=37683"},{"taxonomy":"product_tag","embeddable":true,"href":"https:\/\/colibri-jewels.eu\/et\/wp-json\/wp\/v2\/product_tag?post=37683"}],"curies":[{"name":"wp","href":"https:\/\/api.w.org\/{rel}","templated":true}]}}