{"id":37845,"date":"2024-11-13T20:45:04","date_gmt":"2024-11-13T18:45:04","guid":{"rendered":"https:\/\/dev.colibri-jewels.eu\/?post_type=product&#038;p=37845"},"modified":"2025-06-13T15:37:56","modified_gmt":"2025-06-13T12:37:56","slug":"solitaire-teemant-kaelakee-n-8240","status":"publish","type":"product","link":"https:\/\/colibri-jewels.eu\/et\/toode\/solitaire-teemant-kaelakee-n-8240\/","title":{"rendered":"Solitaire teemant kaelakee N-8240"},"content":{"rendered":"<p>Solitaire teemant valge kullast kaelakee lakooniline stiil. Mitte midagi peale teemantide. T\u00f5eliselt elegantne ja moekas igal ajal kaelakee.  <\/p>\n<p>Hind on arvutatud 4,7 mm l\u00e4bim\u00f5\u00f5duga, 0,40 ct, G\/VS2 teemandi kohta, aga me saame teile valida ka m\u00f5ne teise teemandi ja sellest kaelakee valmistada.<\/p>\n<p>Teemandil on IGI v\u00f5i GIA gemoloogialaborite sertifikaat.<\/p>\n<p>Valge kuld 14 kt<\/p>\n<p>Kaelakee keskmine kaal 1,68 g<\/p>\n","protected":false},"excerpt":{"rendered":"<p>Solitaire teemant valge kullast kaelakee lakooniline stiil. Mitte midagi peale teemantide. T\u00f5eliselt elegantne ja moekas igal ajal kaelakee.  <\/p>\n<p>Hind on arvutatud 4,7 mm l\u00e4bim\u00f5\u00f5duga, 0,40 ct, G\/VS2 teemandi kohta, aga me saame teile valida ka m\u00f5ne teise teemandi ja sellest kaelakee valmistada.<\/p>\n<p>Teemandil on IGI v\u00f5i GIA gemoloogialaborite sertifikaat.<\/p>\n<p>Valge kuld 14 kt<\/p>\n<p>Kaelakee keskmine kaal 1,68 g<\/p>\n","protected":false},"featured_media":37894,"comment_status":"open","ping_status":"closed","template":"","meta":[],"etheme_brands":[],"product_brand":[],"product_cat":[470],"product_tag":[476,505,508],"class_list":{"0":"post-37845","1":"product","2":"type-product","3":"status-publish","4":"has-post-thumbnail","6":"product_cat-kaelakeed-ja-ripatsid","7":"product_tag-eksklusiivsed-ehted","8":"product_tag-lakooniline","9":"product_tag-solitaar","11":"first","12":"onbackorder","13":"shipping-taxable","14":"purchasable","15":"product-type-simple"},"acf":[],"yoast_head":"<!-- This site is optimized with the Yoast SEO Premium plugin v26.5 (Yoast SEO v26.8) - https:\/\/yoast.com\/product\/yoast-seo-premium-wordpress\/ -->\n<title>Solitaire teemant kaelakee N-8240 - Colibri jewels<\/title>\n<meta name=\"robots\" content=\"index, follow, max-snippet:-1, max-image-preview:large, max-video-preview:-1\" \/>\n<link rel=\"canonical\" href=\"https:\/\/colibri-jewels.eu\/et\/toode\/solitaire-teemant-kaelakee-n-8240\/\" \/>\n<meta property=\"og:locale\" content=\"et_EE\" \/>\n<meta property=\"og:type\" content=\"article\" \/>\n<meta property=\"og:title\" content=\"Solitaire teemant kaelakee N-8240\" \/>\n<meta property=\"og:description\" content=\"Solitaire teemant valge kullast kaelakee lakooniline stiil. Mitte midagi peale teemantide. T\u00f5eliselt elegantne ja moekas igal ajal kaelakee.  Hind on arvutatud 4,7 mm l\u00e4bim\u00f5\u00f5duga, 0,40 ct, G\/VS2 teemandi kohta, aga me saame teile valida ka m\u00f5ne teise teemandi ja sellest kaelakee valmistada. Teemandil on IGI v\u00f5i GIA gemoloogialaborite sertifikaat. Valge kuld 14 kt Kaelakee keskmine kaal 1,68 g\" \/>\n<meta property=\"og:url\" content=\"https:\/\/colibri-jewels.eu\/et\/toode\/solitaire-teemant-kaelakee-n-8240\/\" \/>\n<meta property=\"og:site_name\" content=\"Colibri jewels\" \/>\n<meta property=\"article:publisher\" content=\"https:\/\/www.facebook.com\/colibri.jewels\" \/>\n<meta property=\"article:modified_time\" content=\"2025-06-13T12:37:56+00:00\" \/>\n<meta property=\"og:image\" content=\"https:\/\/colibri-jewels.eu\/wp-content\/uploads\/2023\/12\/white-gold-solitaire-diamond-necklace-on-a-chain-ND-8240.jpg\" \/>\n\t<meta property=\"og:image:width\" content=\"1000\" \/>\n\t<meta property=\"og:image:height\" content=\"1000\" \/>\n\t<meta property=\"og:image:type\" content=\"image\/jpeg\" \/>\n<meta name=\"twitter:card\" content=\"summary_large_image\" \/>\n<script type=\"application\/ld+json\" class=\"yoast-schema-graph\">{\"@context\":\"https:\/\/schema.org\",\"@graph\":[{\"@type\":\"WebPage\",\"@id\":\"https:\/\/colibri-jewels.eu\/et\/toode\/solitaire-teemant-kaelakee-n-8240\/\",\"url\":\"https:\/\/colibri-jewels.eu\/et\/toode\/solitaire-teemant-kaelakee-n-8240\/\",\"name\":\"Solitaire teemant kaelakee N-8240 - Colibri jewels\",\"isPartOf\":{\"@id\":\"https:\/\/colibri-jewels.eu\/et\/#website\"},\"primaryImageOfPage\":{\"@id\":\"https:\/\/colibri-jewels.eu\/et\/toode\/solitaire-teemant-kaelakee-n-8240\/#primaryimage\"},\"image\":{\"@id\":\"https:\/\/colibri-jewels.eu\/et\/toode\/solitaire-teemant-kaelakee-n-8240\/#primaryimage\"},\"thumbnailUrl\":\"https:\/\/colibri-jewels.eu\/wp-content\/uploads\/2023\/12\/white-gold-solitaire-diamond-necklace-on-a-chain-ND-8240.jpg\",\"datePublished\":\"2024-11-13T18:45:04+00:00\",\"dateModified\":\"2025-06-13T12:37:56+00:00\",\"breadcrumb\":{\"@id\":\"https:\/\/colibri-jewels.eu\/et\/toode\/solitaire-teemant-kaelakee-n-8240\/#breadcrumb\"},\"inLanguage\":\"et\",\"potentialAction\":[{\"@type\":\"ReadAction\",\"target\":[\"https:\/\/colibri-jewels.eu\/et\/toode\/solitaire-teemant-kaelakee-n-8240\/\"]}]},{\"@type\":\"ImageObject\",\"inLanguage\":\"et\",\"@id\":\"https:\/\/colibri-jewels.eu\/et\/toode\/solitaire-teemant-kaelakee-n-8240\/#primaryimage\",\"url\":\"https:\/\/colibri-jewels.eu\/wp-content\/uploads\/2023\/12\/white-gold-solitaire-diamond-necklace-on-a-chain-ND-8240.jpg\",\"contentUrl\":\"https:\/\/colibri-jewels.eu\/wp-content\/uploads\/2023\/12\/white-gold-solitaire-diamond-necklace-on-a-chain-ND-8240.jpg\",\"width\":1000,\"height\":1000},{\"@type\":\"BreadcrumbList\",\"@id\":\"https:\/\/colibri-jewels.eu\/et\/toode\/solitaire-teemant-kaelakee-n-8240\/#breadcrumb\",\"itemListElement\":[{\"@type\":\"ListItem\",\"position\":1,\"name\":\"\u0413\u043b\u0430\u0432\u043d\u0430\u044f \u0441\u0442\u0440\u0430\u043d\u0438\u0446\u0430\",\"item\":\"https:\/\/colibri-jewels.eu\/et\/\"},{\"@type\":\"ListItem\",\"position\":2,\"name\":\"Pood\",\"item\":\"https:\/\/colibri-jewels.eu\/et\/pood\/\"},{\"@type\":\"ListItem\",\"position\":3,\"name\":\"Solitaire teemant kaelakee N-8240\"}]},{\"@type\":\"WebSite\",\"@id\":\"https:\/\/colibri-jewels.eu\/et\/#website\",\"url\":\"https:\/\/colibri-jewels.eu\/et\/\",\"name\":\"Colibri jewels\",\"description\":\"jewelry shop\",\"publisher\":{\"@id\":\"https:\/\/colibri-jewels.eu\/et\/#organization\"},\"potentialAction\":[{\"@type\":\"SearchAction\",\"target\":{\"@type\":\"EntryPoint\",\"urlTemplate\":\"https:\/\/colibri-jewels.eu\/et\/?s={search_term_string}\"},\"query-input\":{\"@type\":\"PropertyValueSpecification\",\"valueRequired\":true,\"valueName\":\"search_term_string\"}}],\"inLanguage\":\"et\"},{\"@type\":\"Organization\",\"@id\":\"https:\/\/colibri-jewels.eu\/et\/#organization\",\"name\":\"O\u00dc Colibri\",\"url\":\"https:\/\/colibri-jewels.eu\/et\/\",\"logo\":{\"@type\":\"ImageObject\",\"inLanguage\":\"et\",\"@id\":\"https:\/\/colibri-jewels.eu\/et\/#\/schema\/logo\/image\/\",\"url\":\"https:\/\/dev.colibri-jewels.eu\/wp-content\/uploads\/2021\/03\/colibri.png\",\"contentUrl\":\"https:\/\/dev.colibri-jewels.eu\/wp-content\/uploads\/2021\/03\/colibri.png\",\"width\":227,\"height\":130,\"caption\":\"O\u00dc Colibri\"},\"image\":{\"@id\":\"https:\/\/colibri-jewels.eu\/et\/#\/schema\/logo\/image\/\"},\"sameAs\":[\"https:\/\/www.facebook.com\/colibri.jewels\",\"https:\/\/www.instagram.com\/colibri.jewels\",\"https:\/\/www.tiktok.com\/colibri.jewels\"]}]}<\/script>\n<!-- \/ Yoast SEO Premium plugin. -->","yoast_head_json":{"title":"Solitaire teemant kaelakee N-8240 - Colibri jewels","robots":{"index":"index","follow":"follow","max-snippet":"max-snippet:-1","max-image-preview":"max-image-preview:large","max-video-preview":"max-video-preview:-1"},"canonical":"https:\/\/colibri-jewels.eu\/et\/toode\/solitaire-teemant-kaelakee-n-8240\/","og_locale":"et_EE","og_type":"article","og_title":"Solitaire teemant kaelakee N-8240","og_description":"Solitaire teemant valge kullast kaelakee lakooniline stiil. Mitte midagi peale teemantide. T\u00f5eliselt elegantne ja moekas igal ajal kaelakee.  Hind on arvutatud 4,7 mm l\u00e4bim\u00f5\u00f5duga, 0,40 ct, G\/VS2 teemandi kohta, aga me saame teile valida ka m\u00f5ne teise teemandi ja sellest kaelakee valmistada. Teemandil on IGI v\u00f5i GIA gemoloogialaborite sertifikaat. Valge kuld 14 kt Kaelakee keskmine kaal 1,68 g","og_url":"https:\/\/colibri-jewels.eu\/et\/toode\/solitaire-teemant-kaelakee-n-8240\/","og_site_name":"Colibri jewels","article_publisher":"https:\/\/www.facebook.com\/colibri.jewels","article_modified_time":"2025-06-13T12:37:56+00:00","og_image":[{"width":1000,"height":1000,"url":"https:\/\/colibri-jewels.eu\/wp-content\/uploads\/2023\/12\/white-gold-solitaire-diamond-necklace-on-a-chain-ND-8240.jpg","type":"image\/jpeg"}],"twitter_card":"summary_large_image","schema":{"@context":"https:\/\/schema.org","@graph":[{"@type":"WebPage","@id":"https:\/\/colibri-jewels.eu\/et\/toode\/solitaire-teemant-kaelakee-n-8240\/","url":"https:\/\/colibri-jewels.eu\/et\/toode\/solitaire-teemant-kaelakee-n-8240\/","name":"Solitaire teemant kaelakee N-8240 - Colibri jewels","isPartOf":{"@id":"https:\/\/colibri-jewels.eu\/et\/#website"},"primaryImageOfPage":{"@id":"https:\/\/colibri-jewels.eu\/et\/toode\/solitaire-teemant-kaelakee-n-8240\/#primaryimage"},"image":{"@id":"https:\/\/colibri-jewels.eu\/et\/toode\/solitaire-teemant-kaelakee-n-8240\/#primaryimage"},"thumbnailUrl":"https:\/\/colibri-jewels.eu\/wp-content\/uploads\/2023\/12\/white-gold-solitaire-diamond-necklace-on-a-chain-ND-8240.jpg","datePublished":"2024-11-13T18:45:04+00:00","dateModified":"2025-06-13T12:37:56+00:00","breadcrumb":{"@id":"https:\/\/colibri-jewels.eu\/et\/toode\/solitaire-teemant-kaelakee-n-8240\/#breadcrumb"},"inLanguage":"et","potentialAction":[{"@type":"ReadAction","target":["https:\/\/colibri-jewels.eu\/et\/toode\/solitaire-teemant-kaelakee-n-8240\/"]}]},{"@type":"ImageObject","inLanguage":"et","@id":"https:\/\/colibri-jewels.eu\/et\/toode\/solitaire-teemant-kaelakee-n-8240\/#primaryimage","url":"https:\/\/colibri-jewels.eu\/wp-content\/uploads\/2023\/12\/white-gold-solitaire-diamond-necklace-on-a-chain-ND-8240.jpg","contentUrl":"https:\/\/colibri-jewels.eu\/wp-content\/uploads\/2023\/12\/white-gold-solitaire-diamond-necklace-on-a-chain-ND-8240.jpg","width":1000,"height":1000},{"@type":"BreadcrumbList","@id":"https:\/\/colibri-jewels.eu\/et\/toode\/solitaire-teemant-kaelakee-n-8240\/#breadcrumb","itemListElement":[{"@type":"ListItem","position":1,"name":"\u0413\u043b\u0430\u0432\u043d\u0430\u044f \u0441\u0442\u0440\u0430\u043d\u0438\u0446\u0430","item":"https:\/\/colibri-jewels.eu\/et\/"},{"@type":"ListItem","position":2,"name":"Pood","item":"https:\/\/colibri-jewels.eu\/et\/pood\/"},{"@type":"ListItem","position":3,"name":"Solitaire teemant kaelakee N-8240"}]},{"@type":"WebSite","@id":"https:\/\/colibri-jewels.eu\/et\/#website","url":"https:\/\/colibri-jewels.eu\/et\/","name":"Colibri jewels","description":"jewelry shop","publisher":{"@id":"https:\/\/colibri-jewels.eu\/et\/#organization"},"potentialAction":[{"@type":"SearchAction","target":{"@type":"EntryPoint","urlTemplate":"https:\/\/colibri-jewels.eu\/et\/?s={search_term_string}"},"query-input":{"@type":"PropertyValueSpecification","valueRequired":true,"valueName":"search_term_string"}}],"inLanguage":"et"},{"@type":"Organization","@id":"https:\/\/colibri-jewels.eu\/et\/#organization","name":"O\u00dc Colibri","url":"https:\/\/colibri-jewels.eu\/et\/","logo":{"@type":"ImageObject","inLanguage":"et","@id":"https:\/\/colibri-jewels.eu\/et\/#\/schema\/logo\/image\/","url":"https:\/\/dev.colibri-jewels.eu\/wp-content\/uploads\/2021\/03\/colibri.png","contentUrl":"https:\/\/dev.colibri-jewels.eu\/wp-content\/uploads\/2021\/03\/colibri.png","width":227,"height":130,"caption":"O\u00dc Colibri"},"image":{"@id":"https:\/\/colibri-jewels.eu\/et\/#\/schema\/logo\/image\/"},"sameAs":["https:\/\/www.facebook.com\/colibri.jewels","https:\/\/www.instagram.com\/colibri.jewels","https:\/\/www.tiktok.com\/colibri.jewels"]}]}},"_links":{"self":[{"href":"https:\/\/colibri-jewels.eu\/et\/wp-json\/wp\/v2\/product\/37845","targetHints":{"allow":["GET"]}}],"collection":[{"href":"https:\/\/colibri-jewels.eu\/et\/wp-json\/wp\/v2\/product"}],"about":[{"href":"https:\/\/colibri-jewels.eu\/et\/wp-json\/wp\/v2\/types\/product"}],"replies":[{"embeddable":true,"href":"https:\/\/colibri-jewels.eu\/et\/wp-json\/wp\/v2\/comments?post=37845"}],"version-history":[{"count":0,"href":"https:\/\/colibri-jewels.eu\/et\/wp-json\/wp\/v2\/product\/37845\/revisions"}],"wp:featuredmedia":[{"embeddable":true,"href":"https:\/\/colibri-jewels.eu\/et\/wp-json\/wp\/v2\/media\/37894"}],"wp:attachment":[{"href":"https:\/\/colibri-jewels.eu\/et\/wp-json\/wp\/v2\/media?parent=37845"}],"wp:term":[{"taxonomy":"brand","embeddable":true,"href":"https:\/\/colibri-jewels.eu\/et\/wp-json\/wp\/v2\/etheme_brands?post=37845"},{"taxonomy":"product_brand","embeddable":true,"href":"https:\/\/colibri-jewels.eu\/et\/wp-json\/wp\/v2\/product_brand?post=37845"},{"taxonomy":"product_cat","embeddable":true,"href":"https:\/\/colibri-jewels.eu\/et\/wp-json\/wp\/v2\/product_cat?post=37845"},{"taxonomy":"product_tag","embeddable":true,"href":"https:\/\/colibri-jewels.eu\/et\/wp-json\/wp\/v2\/product_tag?post=37845"}],"curies":[{"name":"wp","href":"https:\/\/api.w.org\/{rel}","templated":true}]}}