{"id":37928,"date":"2024-01-31T18:27:07","date_gmt":"2024-01-31T16:27:07","guid":{"rendered":"https:\/\/dev.colibri-jewels.eu\/?post_type=product&#038;p=37928"},"modified":"2024-07-01T13:14:15","modified_gmt":"2024-07-01T10:14:15","slug":"legendaarne-draakon-suureparane-hobesormus","status":"publish","type":"product","link":"https:\/\/colibri-jewels.eu\/et\/toode\/legendaarne-draakon-suureparane-hobesormus\/","title":{"rendered":"&#8220;Legendaarne draakon&#8221; suurep\u00e4rane h\u00f5bes\u00f5rmus"},"content":{"rendered":"<p>Draakonite \u00fcmber on palju legende. Neid on muinasjuttudes kujutatud kaabakatena, kes valvavad printsesse ja p\u00f5letavad maha terveid linnu. M\u00f5nes kultuuris arvatakse, et draakonid suudavad ilma kontrolli all hoida ja torme tuua. Draakoneid seostatakse sageli elementaarse tulega. Tuli on h\u00e4vitav j\u00f5ud, kuid see on ka noorendav ja uuendav j\u00f5ud. Draakoneid saab seostada nii surma ja h\u00e4vinguga kui ka taass\u00fcnni ja puhastamisega.<\/p>\n<p>Vaimse loomana esindab draakon sageli j\u00f5udu, tarkust, veendumust, vaprust, lojaalsust ja entusiasmi.<\/p>\n<p>Kas teie s\u00f5brad tulevad teie poole sageli n\u00f5u k\u00fcsima? See on tavaline neile, kellel on draakoni energia. Inimesed tunnevad teie tarkuse vastu loomulikku k\u00fclget\u00f5mmet ja usaldavad teie otsustusv\u00f5imet. Saate n\u00e4ha iga olukorra m\u00f5lemat poolt ja anda \u00f5iglase hinnangu. Oled ka suurep\u00e4rane vahendaja, suudad oma rahuliku k\u00e4itumisega sageli pingelisi olukordi hajutada.<\/p>\n<p>Kui teil on draakonist vaimuloom, olete intelligentne, julge ja suudate \u00fcletada k\u00f5ik takistused teie elus. Oled enesekindel ja alati valmis k\u00f5igeks, mis sulle ette tuleb. Teised igatsevad asju, mida sa kohe m\u00e4rkad; teie intuitsioon ei juhi teid kunagi valesti. Draakonitel on ka suur kannatlikkus, mis on vajalik oma eesm\u00e4rkide poole p\u00fc\u00fcdlemisel.<\/p>\n<p>Draakon on paljudes kultuurides ka \u00f5nne s\u00fcmbol. Kui teil on see vaimloom, tulevad need head asjad teieni kiiresti. Sul v\u00f5ib olla loomup\u00e4rane anne v\u00f5i kingitus raha teenimiseks. Igal juhul peaksite tundma oma \u00f5nne eest t\u00e4nulikkust ja kasutama seda teiste abistamiseks.<\/p>\n<p>L\u00f5ime selle v\u00f5rratu s\u00f5rmuse lendava draakoniga kui J\u00f5u s\u00fcmboliga. Olgu see teie isiklik eestkostja, v\u00e4gev ja \u00f5nnelik. V\u00e4ga detailne, raske r\u00f5ngas (keskmine kaal 16-20 g). K\u00fcsi oma suurust, kui meil sinu oma pole.<\/p>\n<p>&nbsp;<\/p>\n<p>&nbsp;<\/p>\n","protected":false},"excerpt":{"rendered":"<p>Puhas h\u00f5be. K\u00e4sitsi valmistatud.<\/p>\n","protected":false},"featured_media":38387,"comment_status":"open","ping_status":"closed","template":"","meta":[],"etheme_brands":[],"product_brand":[],"product_cat":[471],"product_tag":[741,476,503],"class_list":{"0":"post-37928","1":"product","2":"type-product","3":"status-publish","4":"has-post-thumbnail","6":"product_cat-sormused","7":"product_tag-ehted-meestele","8":"product_tag-eksklusiivsed-ehted","9":"product_tag-loomalik","11":"first","12":"instock","13":"shipping-taxable","14":"purchasable","15":"product-type-variable"},"acf":[],"yoast_head":"<!-- This site is optimized with the Yoast SEO Premium plugin v26.5 (Yoast SEO v26.8) - https:\/\/yoast.com\/product\/yoast-seo-premium-wordpress\/ -->\n<title>&quot;Legendaarne draakon&quot; suurep\u00e4rane h\u00f5bes\u00f5rmus - Colibri jewels<\/title>\n<meta name=\"robots\" content=\"index, follow, max-snippet:-1, max-image-preview:large, max-video-preview:-1\" \/>\n<link rel=\"canonical\" href=\"https:\/\/colibri-jewels.eu\/et\/toode\/legendaarne-draakon-suureparane-hobesormus\/\" \/>\n<meta property=\"og:locale\" content=\"et_EE\" \/>\n<meta property=\"og:type\" content=\"article\" \/>\n<meta property=\"og:title\" content=\"&quot;Legendaarne draakon&quot; suurep\u00e4rane h\u00f5bes\u00f5rmus\" \/>\n<meta property=\"og:description\" content=\"Puhas h\u00f5be. K\u00e4sitsi valmistatud.\" \/>\n<meta property=\"og:url\" content=\"https:\/\/colibri-jewels.eu\/et\/toode\/legendaarne-draakon-suureparane-hobesormus\/\" \/>\n<meta property=\"og:site_name\" content=\"Colibri jewels\" \/>\n<meta property=\"article:publisher\" content=\"https:\/\/www.facebook.com\/colibri.jewels\" \/>\n<meta property=\"article:modified_time\" content=\"2024-07-01T10:14:15+00:00\" \/>\n<meta property=\"og:image\" content=\"https:\/\/colibri-jewels.eu\/wp-content\/uploads\/2024\/01\/sterling-silver-flying-dragon-ring-5.jpg\" \/>\n\t<meta property=\"og:image:width\" content=\"1000\" \/>\n\t<meta property=\"og:image:height\" content=\"1000\" \/>\n\t<meta property=\"og:image:type\" content=\"image\/jpeg\" \/>\n<meta name=\"twitter:card\" content=\"summary_large_image\" \/>\n<meta name=\"twitter:label1\" content=\"Est. reading time\" \/>\n\t<meta name=\"twitter:data1\" content=\"1 minut\" \/>\n<script type=\"application\/ld+json\" class=\"yoast-schema-graph\">{\"@context\":\"https:\/\/schema.org\",\"@graph\":[{\"@type\":\"WebPage\",\"@id\":\"https:\/\/colibri-jewels.eu\/et\/toode\/legendaarne-draakon-suureparane-hobesormus\/\",\"url\":\"https:\/\/colibri-jewels.eu\/et\/toode\/legendaarne-draakon-suureparane-hobesormus\/\",\"name\":\"\\\"Legendaarne draakon\\\" suurep\u00e4rane h\u00f5bes\u00f5rmus - Colibri jewels\",\"isPartOf\":{\"@id\":\"https:\/\/colibri-jewels.eu\/et\/#website\"},\"primaryImageOfPage\":{\"@id\":\"https:\/\/colibri-jewels.eu\/et\/toode\/legendaarne-draakon-suureparane-hobesormus\/#primaryimage\"},\"image\":{\"@id\":\"https:\/\/colibri-jewels.eu\/et\/toode\/legendaarne-draakon-suureparane-hobesormus\/#primaryimage\"},\"thumbnailUrl\":\"https:\/\/colibri-jewels.eu\/wp-content\/uploads\/2024\/01\/sterling-silver-flying-dragon-ring-5.jpg\",\"datePublished\":\"2024-01-31T16:27:07+00:00\",\"dateModified\":\"2024-07-01T10:14:15+00:00\",\"breadcrumb\":{\"@id\":\"https:\/\/colibri-jewels.eu\/et\/toode\/legendaarne-draakon-suureparane-hobesormus\/#breadcrumb\"},\"inLanguage\":\"et\",\"potentialAction\":[{\"@type\":\"ReadAction\",\"target\":[\"https:\/\/colibri-jewels.eu\/et\/toode\/legendaarne-draakon-suureparane-hobesormus\/\"]}]},{\"@type\":\"ImageObject\",\"inLanguage\":\"et\",\"@id\":\"https:\/\/colibri-jewels.eu\/et\/toode\/legendaarne-draakon-suureparane-hobesormus\/#primaryimage\",\"url\":\"https:\/\/colibri-jewels.eu\/wp-content\/uploads\/2024\/01\/sterling-silver-flying-dragon-ring-5.jpg\",\"contentUrl\":\"https:\/\/colibri-jewels.eu\/wp-content\/uploads\/2024\/01\/sterling-silver-flying-dragon-ring-5.jpg\",\"width\":1000,\"height\":1000},{\"@type\":\"BreadcrumbList\",\"@id\":\"https:\/\/colibri-jewels.eu\/et\/toode\/legendaarne-draakon-suureparane-hobesormus\/#breadcrumb\",\"itemListElement\":[{\"@type\":\"ListItem\",\"position\":1,\"name\":\"\u0413\u043b\u0430\u0432\u043d\u0430\u044f \u0441\u0442\u0440\u0430\u043d\u0438\u0446\u0430\",\"item\":\"https:\/\/colibri-jewels.eu\/et\/\"},{\"@type\":\"ListItem\",\"position\":2,\"name\":\"Pood\",\"item\":\"https:\/\/colibri-jewels.eu\/et\/pood\/\"},{\"@type\":\"ListItem\",\"position\":3,\"name\":\"&#8220;Legendaarne draakon&#8221; suurep\u00e4rane h\u00f5bes\u00f5rmus\"}]},{\"@type\":\"WebSite\",\"@id\":\"https:\/\/colibri-jewels.eu\/et\/#website\",\"url\":\"https:\/\/colibri-jewels.eu\/et\/\",\"name\":\"Colibri jewels\",\"description\":\"jewelry shop\",\"publisher\":{\"@id\":\"https:\/\/colibri-jewels.eu\/et\/#organization\"},\"potentialAction\":[{\"@type\":\"SearchAction\",\"target\":{\"@type\":\"EntryPoint\",\"urlTemplate\":\"https:\/\/colibri-jewels.eu\/et\/?s={search_term_string}\"},\"query-input\":{\"@type\":\"PropertyValueSpecification\",\"valueRequired\":true,\"valueName\":\"search_term_string\"}}],\"inLanguage\":\"et\"},{\"@type\":\"Organization\",\"@id\":\"https:\/\/colibri-jewels.eu\/et\/#organization\",\"name\":\"O\u00dc Colibri\",\"url\":\"https:\/\/colibri-jewels.eu\/et\/\",\"logo\":{\"@type\":\"ImageObject\",\"inLanguage\":\"et\",\"@id\":\"https:\/\/colibri-jewels.eu\/et\/#\/schema\/logo\/image\/\",\"url\":\"https:\/\/dev.colibri-jewels.eu\/wp-content\/uploads\/2021\/03\/colibri.png\",\"contentUrl\":\"https:\/\/dev.colibri-jewels.eu\/wp-content\/uploads\/2021\/03\/colibri.png\",\"width\":227,\"height\":130,\"caption\":\"O\u00dc Colibri\"},\"image\":{\"@id\":\"https:\/\/colibri-jewels.eu\/et\/#\/schema\/logo\/image\/\"},\"sameAs\":[\"https:\/\/www.facebook.com\/colibri.jewels\",\"https:\/\/www.instagram.com\/colibri.jewels\",\"https:\/\/www.tiktok.com\/colibri.jewels\"]}]}<\/script>\n<!-- \/ Yoast SEO Premium plugin. -->","yoast_head_json":{"title":"\"Legendaarne draakon\" suurep\u00e4rane h\u00f5bes\u00f5rmus - Colibri jewels","robots":{"index":"index","follow":"follow","max-snippet":"max-snippet:-1","max-image-preview":"max-image-preview:large","max-video-preview":"max-video-preview:-1"},"canonical":"https:\/\/colibri-jewels.eu\/et\/toode\/legendaarne-draakon-suureparane-hobesormus\/","og_locale":"et_EE","og_type":"article","og_title":"\"Legendaarne draakon\" suurep\u00e4rane h\u00f5bes\u00f5rmus","og_description":"Puhas h\u00f5be. K\u00e4sitsi valmistatud.","og_url":"https:\/\/colibri-jewels.eu\/et\/toode\/legendaarne-draakon-suureparane-hobesormus\/","og_site_name":"Colibri jewels","article_publisher":"https:\/\/www.facebook.com\/colibri.jewels","article_modified_time":"2024-07-01T10:14:15+00:00","og_image":[{"width":1000,"height":1000,"url":"https:\/\/colibri-jewels.eu\/wp-content\/uploads\/2024\/01\/sterling-silver-flying-dragon-ring-5.jpg","type":"image\/jpeg"}],"twitter_card":"summary_large_image","twitter_misc":{"Est. reading time":"1 minut"},"schema":{"@context":"https:\/\/schema.org","@graph":[{"@type":"WebPage","@id":"https:\/\/colibri-jewels.eu\/et\/toode\/legendaarne-draakon-suureparane-hobesormus\/","url":"https:\/\/colibri-jewels.eu\/et\/toode\/legendaarne-draakon-suureparane-hobesormus\/","name":"\"Legendaarne draakon\" suurep\u00e4rane h\u00f5bes\u00f5rmus - Colibri jewels","isPartOf":{"@id":"https:\/\/colibri-jewels.eu\/et\/#website"},"primaryImageOfPage":{"@id":"https:\/\/colibri-jewels.eu\/et\/toode\/legendaarne-draakon-suureparane-hobesormus\/#primaryimage"},"image":{"@id":"https:\/\/colibri-jewels.eu\/et\/toode\/legendaarne-draakon-suureparane-hobesormus\/#primaryimage"},"thumbnailUrl":"https:\/\/colibri-jewels.eu\/wp-content\/uploads\/2024\/01\/sterling-silver-flying-dragon-ring-5.jpg","datePublished":"2024-01-31T16:27:07+00:00","dateModified":"2024-07-01T10:14:15+00:00","breadcrumb":{"@id":"https:\/\/colibri-jewels.eu\/et\/toode\/legendaarne-draakon-suureparane-hobesormus\/#breadcrumb"},"inLanguage":"et","potentialAction":[{"@type":"ReadAction","target":["https:\/\/colibri-jewels.eu\/et\/toode\/legendaarne-draakon-suureparane-hobesormus\/"]}]},{"@type":"ImageObject","inLanguage":"et","@id":"https:\/\/colibri-jewels.eu\/et\/toode\/legendaarne-draakon-suureparane-hobesormus\/#primaryimage","url":"https:\/\/colibri-jewels.eu\/wp-content\/uploads\/2024\/01\/sterling-silver-flying-dragon-ring-5.jpg","contentUrl":"https:\/\/colibri-jewels.eu\/wp-content\/uploads\/2024\/01\/sterling-silver-flying-dragon-ring-5.jpg","width":1000,"height":1000},{"@type":"BreadcrumbList","@id":"https:\/\/colibri-jewels.eu\/et\/toode\/legendaarne-draakon-suureparane-hobesormus\/#breadcrumb","itemListElement":[{"@type":"ListItem","position":1,"name":"\u0413\u043b\u0430\u0432\u043d\u0430\u044f \u0441\u0442\u0440\u0430\u043d\u0438\u0446\u0430","item":"https:\/\/colibri-jewels.eu\/et\/"},{"@type":"ListItem","position":2,"name":"Pood","item":"https:\/\/colibri-jewels.eu\/et\/pood\/"},{"@type":"ListItem","position":3,"name":"&#8220;Legendaarne draakon&#8221; suurep\u00e4rane h\u00f5bes\u00f5rmus"}]},{"@type":"WebSite","@id":"https:\/\/colibri-jewels.eu\/et\/#website","url":"https:\/\/colibri-jewels.eu\/et\/","name":"Colibri jewels","description":"jewelry shop","publisher":{"@id":"https:\/\/colibri-jewels.eu\/et\/#organization"},"potentialAction":[{"@type":"SearchAction","target":{"@type":"EntryPoint","urlTemplate":"https:\/\/colibri-jewels.eu\/et\/?s={search_term_string}"},"query-input":{"@type":"PropertyValueSpecification","valueRequired":true,"valueName":"search_term_string"}}],"inLanguage":"et"},{"@type":"Organization","@id":"https:\/\/colibri-jewels.eu\/et\/#organization","name":"O\u00dc Colibri","url":"https:\/\/colibri-jewels.eu\/et\/","logo":{"@type":"ImageObject","inLanguage":"et","@id":"https:\/\/colibri-jewels.eu\/et\/#\/schema\/logo\/image\/","url":"https:\/\/dev.colibri-jewels.eu\/wp-content\/uploads\/2021\/03\/colibri.png","contentUrl":"https:\/\/dev.colibri-jewels.eu\/wp-content\/uploads\/2021\/03\/colibri.png","width":227,"height":130,"caption":"O\u00dc Colibri"},"image":{"@id":"https:\/\/colibri-jewels.eu\/et\/#\/schema\/logo\/image\/"},"sameAs":["https:\/\/www.facebook.com\/colibri.jewels","https:\/\/www.instagram.com\/colibri.jewels","https:\/\/www.tiktok.com\/colibri.jewels"]}]}},"_links":{"self":[{"href":"https:\/\/colibri-jewels.eu\/et\/wp-json\/wp\/v2\/product\/37928","targetHints":{"allow":["GET"]}}],"collection":[{"href":"https:\/\/colibri-jewels.eu\/et\/wp-json\/wp\/v2\/product"}],"about":[{"href":"https:\/\/colibri-jewels.eu\/et\/wp-json\/wp\/v2\/types\/product"}],"replies":[{"embeddable":true,"href":"https:\/\/colibri-jewels.eu\/et\/wp-json\/wp\/v2\/comments?post=37928"}],"version-history":[{"count":0,"href":"https:\/\/colibri-jewels.eu\/et\/wp-json\/wp\/v2\/product\/37928\/revisions"}],"wp:featuredmedia":[{"embeddable":true,"href":"https:\/\/colibri-jewels.eu\/et\/wp-json\/wp\/v2\/media\/38387"}],"wp:attachment":[{"href":"https:\/\/colibri-jewels.eu\/et\/wp-json\/wp\/v2\/media?parent=37928"}],"wp:term":[{"taxonomy":"brand","embeddable":true,"href":"https:\/\/colibri-jewels.eu\/et\/wp-json\/wp\/v2\/etheme_brands?post=37928"},{"taxonomy":"product_brand","embeddable":true,"href":"https:\/\/colibri-jewels.eu\/et\/wp-json\/wp\/v2\/product_brand?post=37928"},{"taxonomy":"product_cat","embeddable":true,"href":"https:\/\/colibri-jewels.eu\/et\/wp-json\/wp\/v2\/product_cat?post=37928"},{"taxonomy":"product_tag","embeddable":true,"href":"https:\/\/colibri-jewels.eu\/et\/wp-json\/wp\/v2\/product_tag?post=37928"}],"curies":[{"name":"wp","href":"https:\/\/api.w.org\/{rel}","templated":true}]}}