{"id":38093,"date":"2024-01-17T22:17:05","date_gmt":"2024-01-17T20:17:05","guid":{"rendered":"https:\/\/dev.colibri-jewels.eu\/?post_type=product&#038;p=38093"},"modified":"2024-07-02T20:20:27","modified_gmt":"2024-07-02T17:20:27","slug":"eksklusiivne-parli-ja-diamanti-kaelakee-n-8241","status":"publish","type":"product","link":"https:\/\/colibri-jewels.eu\/et\/toode\/eksklusiivne-parli-ja-diamanti-kaelakee-n-8241\/","title":{"rendered":"Eksklusiivne p\u00e4rli ja diamanti kaelakee N-8241"},"content":{"rendered":"<p>Sellel kuldsel kaelakeel on t\u00e4isl\u00f5ikeline 3,5 mm diamant ja 14 mm unikaalse v\u00e4rviga p\u00e4rl. P\u00e4rlist \u00f5hkub m\u00f5istatuslikku v\u00f5lu, valades roosa, virsiku v\u00f5i &#8220;vana roosi&#8221; v\u00e4rvitoone, mis nihkuvad ja tantsivad erinevates valgustes, pakkudes lummavat ilu. Selle kaelakee k\u00f5ik aspektid on hoolikalt viimistletud, et mitte ainult ehted, vaid ka kaelust kaunistav kunstiteos.<\/p>\n<p>See kaelakee on mitmek\u00fclgne, mida saab kanda erinevate r\u00f5ivastega. See n\u00e4eks suurep\u00e4rane v\u00e4lja koos lihtsa valge pluusi v\u00f5i musta kleidiga, lisades teie v\u00e4limusele elegantsi. V\u00f5ite selle siduda ka vabaaja riietusega, et lisada rafineeritust. P\u00e4rli ainulaadne v\u00e4rvus muudab selle ilmekaks t\u00fckiks, mida saab kanda erilistel puhkudel v\u00f5i igap\u00e4evase aksessuaarina. \u00d5rn kett ja diamant lisavad kaelakeele s\u00e4rtsu, mist\u00f5ttu on see ideaalne valik \u00f5htuseks v\u00e4ljas\u00f5iduks.<\/p>\n","protected":false},"excerpt":{"rendered":"<p>Roosa kuld 14 kt.<\/p>\n<p>Diamant 0.16 ct<\/p>\n<p>P\u00e4rl 19.45 ct<\/p>\n<p>Kaelakee pikkus 55 cm<\/p>\n<p>Kaelakee kaal 7,32 g.<\/p>\n","protected":false},"featured_media":38406,"comment_status":"open","ping_status":"closed","template":"","meta":[],"etheme_brands":[],"product_brand":[],"product_cat":[470],"product_tag":[476,472,499],"class_list":{"0":"post-38093","1":"product","2":"type-product","3":"status-publish","4":"has-post-thumbnail","6":"product_cat-kaelakeed-ja-ripatsid","7":"product_tag-eksklusiivsed-ehted","8":"product_tag-klassika","9":"product_tag-romantiline","11":"first","12":"onbackorder","13":"shipping-taxable","14":"purchasable","15":"product-type-simple"},"acf":[],"yoast_head":"<!-- This site is optimized with the Yoast SEO Premium plugin v26.5 (Yoast SEO v26.8) - https:\/\/yoast.com\/product\/yoast-seo-premium-wordpress\/ -->\n<title>Eksklusiivne p\u00e4rli ja diamanti kaelakee N-8241 - Colibri jewels<\/title>\n<meta name=\"robots\" content=\"index, follow, max-snippet:-1, max-image-preview:large, max-video-preview:-1\" \/>\n<link rel=\"canonical\" href=\"https:\/\/colibri-jewels.eu\/et\/toode\/eksklusiivne-parli-ja-diamanti-kaelakee-n-8241\/\" \/>\n<meta property=\"og:locale\" content=\"et_EE\" \/>\n<meta property=\"og:type\" content=\"article\" \/>\n<meta property=\"og:title\" content=\"Eksklusiivne p\u00e4rli ja diamanti kaelakee N-8241\" \/>\n<meta property=\"og:description\" content=\"Roosa kuld 14 kt. Diamant 0.16 ct P\u00e4rl 19.45 ct Kaelakee pikkus 55 cm Kaelakee kaal 7,32 g.\" \/>\n<meta property=\"og:url\" content=\"https:\/\/colibri-jewels.eu\/et\/toode\/eksklusiivne-parli-ja-diamanti-kaelakee-n-8241\/\" \/>\n<meta property=\"og:site_name\" content=\"Colibri jewels\" \/>\n<meta property=\"article:publisher\" content=\"https:\/\/www.facebook.com\/colibri.jewels\" \/>\n<meta property=\"article:modified_time\" content=\"2024-07-02T17:20:27+00:00\" \/>\n<meta property=\"og:image\" content=\"https:\/\/colibri-jewels.eu\/wp-content\/uploads\/2024\/01\/golden-necklace-with-rose-pearl-and-diamond.jpg\" \/>\n\t<meta property=\"og:image:width\" content=\"1000\" \/>\n\t<meta property=\"og:image:height\" content=\"1000\" \/>\n\t<meta property=\"og:image:type\" content=\"image\/jpeg\" \/>\n<meta name=\"twitter:card\" content=\"summary_large_image\" \/>\n<meta name=\"twitter:label1\" content=\"Est. reading time\" \/>\n\t<meta name=\"twitter:data1\" content=\"1 minut\" \/>\n<script type=\"application\/ld+json\" class=\"yoast-schema-graph\">{\"@context\":\"https:\/\/schema.org\",\"@graph\":[{\"@type\":\"WebPage\",\"@id\":\"https:\/\/colibri-jewels.eu\/et\/toode\/eksklusiivne-parli-ja-diamanti-kaelakee-n-8241\/\",\"url\":\"https:\/\/colibri-jewels.eu\/et\/toode\/eksklusiivne-parli-ja-diamanti-kaelakee-n-8241\/\",\"name\":\"Eksklusiivne p\u00e4rli ja diamanti kaelakee N-8241 - Colibri jewels\",\"isPartOf\":{\"@id\":\"https:\/\/colibri-jewels.eu\/et\/#website\"},\"primaryImageOfPage\":{\"@id\":\"https:\/\/colibri-jewels.eu\/et\/toode\/eksklusiivne-parli-ja-diamanti-kaelakee-n-8241\/#primaryimage\"},\"image\":{\"@id\":\"https:\/\/colibri-jewels.eu\/et\/toode\/eksklusiivne-parli-ja-diamanti-kaelakee-n-8241\/#primaryimage\"},\"thumbnailUrl\":\"https:\/\/colibri-jewels.eu\/wp-content\/uploads\/2024\/01\/golden-necklace-with-rose-pearl-and-diamond.jpg\",\"datePublished\":\"2024-01-17T20:17:05+00:00\",\"dateModified\":\"2024-07-02T17:20:27+00:00\",\"breadcrumb\":{\"@id\":\"https:\/\/colibri-jewels.eu\/et\/toode\/eksklusiivne-parli-ja-diamanti-kaelakee-n-8241\/#breadcrumb\"},\"inLanguage\":\"et\",\"potentialAction\":[{\"@type\":\"ReadAction\",\"target\":[\"https:\/\/colibri-jewels.eu\/et\/toode\/eksklusiivne-parli-ja-diamanti-kaelakee-n-8241\/\"]}]},{\"@type\":\"ImageObject\",\"inLanguage\":\"et\",\"@id\":\"https:\/\/colibri-jewels.eu\/et\/toode\/eksklusiivne-parli-ja-diamanti-kaelakee-n-8241\/#primaryimage\",\"url\":\"https:\/\/colibri-jewels.eu\/wp-content\/uploads\/2024\/01\/golden-necklace-with-rose-pearl-and-diamond.jpg\",\"contentUrl\":\"https:\/\/colibri-jewels.eu\/wp-content\/uploads\/2024\/01\/golden-necklace-with-rose-pearl-and-diamond.jpg\",\"width\":1000,\"height\":1000},{\"@type\":\"BreadcrumbList\",\"@id\":\"https:\/\/colibri-jewels.eu\/et\/toode\/eksklusiivne-parli-ja-diamanti-kaelakee-n-8241\/#breadcrumb\",\"itemListElement\":[{\"@type\":\"ListItem\",\"position\":1,\"name\":\"\u0413\u043b\u0430\u0432\u043d\u0430\u044f \u0441\u0442\u0440\u0430\u043d\u0438\u0446\u0430\",\"item\":\"https:\/\/colibri-jewels.eu\/et\/\"},{\"@type\":\"ListItem\",\"position\":2,\"name\":\"Pood\",\"item\":\"https:\/\/colibri-jewels.eu\/et\/pood\/\"},{\"@type\":\"ListItem\",\"position\":3,\"name\":\"Eksklusiivne p\u00e4rli ja diamanti kaelakee N-8241\"}]},{\"@type\":\"WebSite\",\"@id\":\"https:\/\/colibri-jewels.eu\/et\/#website\",\"url\":\"https:\/\/colibri-jewels.eu\/et\/\",\"name\":\"Colibri jewels\",\"description\":\"jewelry shop\",\"publisher\":{\"@id\":\"https:\/\/colibri-jewels.eu\/et\/#organization\"},\"potentialAction\":[{\"@type\":\"SearchAction\",\"target\":{\"@type\":\"EntryPoint\",\"urlTemplate\":\"https:\/\/colibri-jewels.eu\/et\/?s={search_term_string}\"},\"query-input\":{\"@type\":\"PropertyValueSpecification\",\"valueRequired\":true,\"valueName\":\"search_term_string\"}}],\"inLanguage\":\"et\"},{\"@type\":\"Organization\",\"@id\":\"https:\/\/colibri-jewels.eu\/et\/#organization\",\"name\":\"O\u00dc Colibri\",\"url\":\"https:\/\/colibri-jewels.eu\/et\/\",\"logo\":{\"@type\":\"ImageObject\",\"inLanguage\":\"et\",\"@id\":\"https:\/\/colibri-jewels.eu\/et\/#\/schema\/logo\/image\/\",\"url\":\"https:\/\/dev.colibri-jewels.eu\/wp-content\/uploads\/2021\/03\/colibri.png\",\"contentUrl\":\"https:\/\/dev.colibri-jewels.eu\/wp-content\/uploads\/2021\/03\/colibri.png\",\"width\":227,\"height\":130,\"caption\":\"O\u00dc Colibri\"},\"image\":{\"@id\":\"https:\/\/colibri-jewels.eu\/et\/#\/schema\/logo\/image\/\"},\"sameAs\":[\"https:\/\/www.facebook.com\/colibri.jewels\",\"https:\/\/www.instagram.com\/colibri.jewels\",\"https:\/\/www.tiktok.com\/colibri.jewels\"]}]}<\/script>\n<!-- \/ Yoast SEO Premium plugin. -->","yoast_head_json":{"title":"Eksklusiivne p\u00e4rli ja diamanti kaelakee N-8241 - Colibri jewels","robots":{"index":"index","follow":"follow","max-snippet":"max-snippet:-1","max-image-preview":"max-image-preview:large","max-video-preview":"max-video-preview:-1"},"canonical":"https:\/\/colibri-jewels.eu\/et\/toode\/eksklusiivne-parli-ja-diamanti-kaelakee-n-8241\/","og_locale":"et_EE","og_type":"article","og_title":"Eksklusiivne p\u00e4rli ja diamanti kaelakee N-8241","og_description":"Roosa kuld 14 kt. Diamant 0.16 ct P\u00e4rl 19.45 ct Kaelakee pikkus 55 cm Kaelakee kaal 7,32 g.","og_url":"https:\/\/colibri-jewels.eu\/et\/toode\/eksklusiivne-parli-ja-diamanti-kaelakee-n-8241\/","og_site_name":"Colibri jewels","article_publisher":"https:\/\/www.facebook.com\/colibri.jewels","article_modified_time":"2024-07-02T17:20:27+00:00","og_image":[{"width":1000,"height":1000,"url":"https:\/\/colibri-jewels.eu\/wp-content\/uploads\/2024\/01\/golden-necklace-with-rose-pearl-and-diamond.jpg","type":"image\/jpeg"}],"twitter_card":"summary_large_image","twitter_misc":{"Est. reading time":"1 minut"},"schema":{"@context":"https:\/\/schema.org","@graph":[{"@type":"WebPage","@id":"https:\/\/colibri-jewels.eu\/et\/toode\/eksklusiivne-parli-ja-diamanti-kaelakee-n-8241\/","url":"https:\/\/colibri-jewels.eu\/et\/toode\/eksklusiivne-parli-ja-diamanti-kaelakee-n-8241\/","name":"Eksklusiivne p\u00e4rli ja diamanti kaelakee N-8241 - Colibri jewels","isPartOf":{"@id":"https:\/\/colibri-jewels.eu\/et\/#website"},"primaryImageOfPage":{"@id":"https:\/\/colibri-jewels.eu\/et\/toode\/eksklusiivne-parli-ja-diamanti-kaelakee-n-8241\/#primaryimage"},"image":{"@id":"https:\/\/colibri-jewels.eu\/et\/toode\/eksklusiivne-parli-ja-diamanti-kaelakee-n-8241\/#primaryimage"},"thumbnailUrl":"https:\/\/colibri-jewels.eu\/wp-content\/uploads\/2024\/01\/golden-necklace-with-rose-pearl-and-diamond.jpg","datePublished":"2024-01-17T20:17:05+00:00","dateModified":"2024-07-02T17:20:27+00:00","breadcrumb":{"@id":"https:\/\/colibri-jewels.eu\/et\/toode\/eksklusiivne-parli-ja-diamanti-kaelakee-n-8241\/#breadcrumb"},"inLanguage":"et","potentialAction":[{"@type":"ReadAction","target":["https:\/\/colibri-jewels.eu\/et\/toode\/eksklusiivne-parli-ja-diamanti-kaelakee-n-8241\/"]}]},{"@type":"ImageObject","inLanguage":"et","@id":"https:\/\/colibri-jewels.eu\/et\/toode\/eksklusiivne-parli-ja-diamanti-kaelakee-n-8241\/#primaryimage","url":"https:\/\/colibri-jewels.eu\/wp-content\/uploads\/2024\/01\/golden-necklace-with-rose-pearl-and-diamond.jpg","contentUrl":"https:\/\/colibri-jewels.eu\/wp-content\/uploads\/2024\/01\/golden-necklace-with-rose-pearl-and-diamond.jpg","width":1000,"height":1000},{"@type":"BreadcrumbList","@id":"https:\/\/colibri-jewels.eu\/et\/toode\/eksklusiivne-parli-ja-diamanti-kaelakee-n-8241\/#breadcrumb","itemListElement":[{"@type":"ListItem","position":1,"name":"\u0413\u043b\u0430\u0432\u043d\u0430\u044f \u0441\u0442\u0440\u0430\u043d\u0438\u0446\u0430","item":"https:\/\/colibri-jewels.eu\/et\/"},{"@type":"ListItem","position":2,"name":"Pood","item":"https:\/\/colibri-jewels.eu\/et\/pood\/"},{"@type":"ListItem","position":3,"name":"Eksklusiivne p\u00e4rli ja diamanti kaelakee N-8241"}]},{"@type":"WebSite","@id":"https:\/\/colibri-jewels.eu\/et\/#website","url":"https:\/\/colibri-jewels.eu\/et\/","name":"Colibri jewels","description":"jewelry shop","publisher":{"@id":"https:\/\/colibri-jewels.eu\/et\/#organization"},"potentialAction":[{"@type":"SearchAction","target":{"@type":"EntryPoint","urlTemplate":"https:\/\/colibri-jewels.eu\/et\/?s={search_term_string}"},"query-input":{"@type":"PropertyValueSpecification","valueRequired":true,"valueName":"search_term_string"}}],"inLanguage":"et"},{"@type":"Organization","@id":"https:\/\/colibri-jewels.eu\/et\/#organization","name":"O\u00dc Colibri","url":"https:\/\/colibri-jewels.eu\/et\/","logo":{"@type":"ImageObject","inLanguage":"et","@id":"https:\/\/colibri-jewels.eu\/et\/#\/schema\/logo\/image\/","url":"https:\/\/dev.colibri-jewels.eu\/wp-content\/uploads\/2021\/03\/colibri.png","contentUrl":"https:\/\/dev.colibri-jewels.eu\/wp-content\/uploads\/2021\/03\/colibri.png","width":227,"height":130,"caption":"O\u00dc Colibri"},"image":{"@id":"https:\/\/colibri-jewels.eu\/et\/#\/schema\/logo\/image\/"},"sameAs":["https:\/\/www.facebook.com\/colibri.jewels","https:\/\/www.instagram.com\/colibri.jewels","https:\/\/www.tiktok.com\/colibri.jewels"]}]}},"_links":{"self":[{"href":"https:\/\/colibri-jewels.eu\/et\/wp-json\/wp\/v2\/product\/38093","targetHints":{"allow":["GET"]}}],"collection":[{"href":"https:\/\/colibri-jewels.eu\/et\/wp-json\/wp\/v2\/product"}],"about":[{"href":"https:\/\/colibri-jewels.eu\/et\/wp-json\/wp\/v2\/types\/product"}],"replies":[{"embeddable":true,"href":"https:\/\/colibri-jewels.eu\/et\/wp-json\/wp\/v2\/comments?post=38093"}],"version-history":[{"count":0,"href":"https:\/\/colibri-jewels.eu\/et\/wp-json\/wp\/v2\/product\/38093\/revisions"}],"wp:featuredmedia":[{"embeddable":true,"href":"https:\/\/colibri-jewels.eu\/et\/wp-json\/wp\/v2\/media\/38406"}],"wp:attachment":[{"href":"https:\/\/colibri-jewels.eu\/et\/wp-json\/wp\/v2\/media?parent=38093"}],"wp:term":[{"taxonomy":"brand","embeddable":true,"href":"https:\/\/colibri-jewels.eu\/et\/wp-json\/wp\/v2\/etheme_brands?post=38093"},{"taxonomy":"product_brand","embeddable":true,"href":"https:\/\/colibri-jewels.eu\/et\/wp-json\/wp\/v2\/product_brand?post=38093"},{"taxonomy":"product_cat","embeddable":true,"href":"https:\/\/colibri-jewels.eu\/et\/wp-json\/wp\/v2\/product_cat?post=38093"},{"taxonomy":"product_tag","embeddable":true,"href":"https:\/\/colibri-jewels.eu\/et\/wp-json\/wp\/v2\/product_tag?post=38093"}],"curies":[{"name":"wp","href":"https:\/\/api.w.org\/{rel}","templated":true}]}}