{"id":38136,"date":"2024-01-30T20:30:07","date_gmt":"2024-01-30T18:30:07","guid":{"rendered":"https:\/\/dev.colibri-jewels.eu\/?post_type=product&#038;p=38136"},"modified":"2024-02-13T19:36:55","modified_gmt":"2024-02-13T17:36:55","slug":"sterling-hobedast-ripats-voimas-draakon","status":"publish","type":"product","link":"https:\/\/colibri-jewels.eu\/et\/toode\/sterling-hobedast-ripats-voimas-draakon\/","title":{"rendered":"Sterling h\u00f5bedast ripats &#8220;V\u00f5imas Draakon&#8221;"},"content":{"rendered":"<p>See h\u00f5bedast draakoni ripats on kantav kunstiteos, mis lisab teie stiilile m\u00f5istatuslikku h\u00f5ngu. Keerulist meisterlikkust r\u00f5hutab delikaatne mustamisprotsess, mis n\u00e4itab draakoni iga k\u00f5verat ja ulatust. Ripats on kaalult kerge (2,6-2,9 grammi), mist\u00f5ttu on seda mugav pikemat aega kanda. Draakon on tugevuse ja majesteetlikkuse s\u00fcmbol, muutes selle ripatsi suurep\u00e4raseks kingituseks kellelegi erilisele inimesele v\u00f5i suurep\u00e4raseks t\u00e4ienduseks teie enda kollektsiooni. Kandke seda ripatsit h\u00f5beketi v\u00f5i nahkn\u00f6\u00f6ri otsas.<\/p>\n<p>Puhas h\u00f5be, mustamine.<\/p>\n","protected":false},"excerpt":{"rendered":"<p>See h\u00f5bedast draakoni ripats on kantav kunstiteos, mis lisab teie stiilile m\u00f5istatuslikku h\u00f5ngu. Keerulist meisterlikkust r\u00f5hutab delikaatne mustamisprotsess, mis n\u00e4itab draakoni iga k\u00f5verat ja ulatust&#8230;.<\/p>\n","protected":false},"featured_media":38362,"comment_status":"open","ping_status":"closed","template":"","meta":[],"etheme_brands":[],"product_brand":[],"product_cat":[470],"product_tag":[741,503],"class_list":{"0":"post-38136","1":"product","2":"type-product","3":"status-publish","4":"has-post-thumbnail","6":"product_cat-kaelakeed-ja-ripatsid","7":"product_tag-ehted-meestele","8":"product_tag-loomalik","10":"first","11":"instock","12":"shipping-taxable","13":"purchasable","14":"product-type-simple"},"acf":[],"yoast_head":"<!-- This site is optimized with the Yoast SEO Premium plugin v26.5 (Yoast SEO v26.8) - https:\/\/yoast.com\/product\/yoast-seo-premium-wordpress\/ -->\n<title>Sterling h\u00f5bedast ripats &quot;V\u00f5imas Draakon&quot; - Colibri jewels<\/title>\n<meta name=\"robots\" content=\"index, follow, max-snippet:-1, max-image-preview:large, max-video-preview:-1\" \/>\n<link rel=\"canonical\" href=\"https:\/\/colibri-jewels.eu\/et\/toode\/sterling-hobedast-ripats-voimas-draakon\/\" \/>\n<meta property=\"og:locale\" content=\"et_EE\" \/>\n<meta property=\"og:type\" content=\"article\" \/>\n<meta property=\"og:title\" content=\"Sterling h\u00f5bedast ripats &quot;V\u00f5imas Draakon&quot;\" \/>\n<meta property=\"og:description\" content=\"See h\u00f5bedast draakoni ripats on kantav kunstiteos, mis lisab teie stiilile m\u00f5istatuslikku h\u00f5ngu. Keerulist meisterlikkust r\u00f5hutab delikaatne mustamisprotsess, mis n\u00e4itab draakoni iga k\u00f5verat ja ulatust....\" \/>\n<meta property=\"og:url\" content=\"https:\/\/colibri-jewels.eu\/et\/toode\/sterling-hobedast-ripats-voimas-draakon\/\" \/>\n<meta property=\"og:site_name\" content=\"Colibri jewels\" \/>\n<meta property=\"article:publisher\" content=\"https:\/\/www.facebook.com\/colibri.jewels\" \/>\n<meta property=\"article:modified_time\" content=\"2024-02-13T17:36:55+00:00\" \/>\n<meta property=\"og:image\" content=\"https:\/\/colibri-jewels.eu\/wp-content\/uploads\/2023\/11\/silver-dragon-pendant.jpg\" \/>\n\t<meta property=\"og:image:width\" content=\"1000\" \/>\n\t<meta property=\"og:image:height\" content=\"1000\" \/>\n\t<meta property=\"og:image:type\" content=\"image\/jpeg\" \/>\n<meta name=\"twitter:card\" content=\"summary_large_image\" \/>\n<script type=\"application\/ld+json\" class=\"yoast-schema-graph\">{\"@context\":\"https:\/\/schema.org\",\"@graph\":[{\"@type\":\"WebPage\",\"@id\":\"https:\/\/colibri-jewels.eu\/et\/toode\/sterling-hobedast-ripats-voimas-draakon\/\",\"url\":\"https:\/\/colibri-jewels.eu\/et\/toode\/sterling-hobedast-ripats-voimas-draakon\/\",\"name\":\"Sterling h\u00f5bedast ripats \\\"V\u00f5imas Draakon\\\" - Colibri jewels\",\"isPartOf\":{\"@id\":\"https:\/\/colibri-jewels.eu\/et\/#website\"},\"primaryImageOfPage\":{\"@id\":\"https:\/\/colibri-jewels.eu\/et\/toode\/sterling-hobedast-ripats-voimas-draakon\/#primaryimage\"},\"image\":{\"@id\":\"https:\/\/colibri-jewels.eu\/et\/toode\/sterling-hobedast-ripats-voimas-draakon\/#primaryimage\"},\"thumbnailUrl\":\"https:\/\/colibri-jewels.eu\/wp-content\/uploads\/2023\/11\/silver-dragon-pendant.jpg\",\"datePublished\":\"2024-01-30T18:30:07+00:00\",\"dateModified\":\"2024-02-13T17:36:55+00:00\",\"breadcrumb\":{\"@id\":\"https:\/\/colibri-jewels.eu\/et\/toode\/sterling-hobedast-ripats-voimas-draakon\/#breadcrumb\"},\"inLanguage\":\"et\",\"potentialAction\":[{\"@type\":\"ReadAction\",\"target\":[\"https:\/\/colibri-jewels.eu\/et\/toode\/sterling-hobedast-ripats-voimas-draakon\/\"]}]},{\"@type\":\"ImageObject\",\"inLanguage\":\"et\",\"@id\":\"https:\/\/colibri-jewels.eu\/et\/toode\/sterling-hobedast-ripats-voimas-draakon\/#primaryimage\",\"url\":\"https:\/\/colibri-jewels.eu\/wp-content\/uploads\/2023\/11\/silver-dragon-pendant.jpg\",\"contentUrl\":\"https:\/\/colibri-jewels.eu\/wp-content\/uploads\/2023\/11\/silver-dragon-pendant.jpg\",\"width\":1000,\"height\":1000},{\"@type\":\"BreadcrumbList\",\"@id\":\"https:\/\/colibri-jewels.eu\/et\/toode\/sterling-hobedast-ripats-voimas-draakon\/#breadcrumb\",\"itemListElement\":[{\"@type\":\"ListItem\",\"position\":1,\"name\":\"\u0413\u043b\u0430\u0432\u043d\u0430\u044f \u0441\u0442\u0440\u0430\u043d\u0438\u0446\u0430\",\"item\":\"https:\/\/colibri-jewels.eu\/et\/\"},{\"@type\":\"ListItem\",\"position\":2,\"name\":\"Pood\",\"item\":\"https:\/\/colibri-jewels.eu\/et\/pood\/\"},{\"@type\":\"ListItem\",\"position\":3,\"name\":\"Sterling h\u00f5bedast ripats &#8220;V\u00f5imas Draakon&#8221;\"}]},{\"@type\":\"WebSite\",\"@id\":\"https:\/\/colibri-jewels.eu\/et\/#website\",\"url\":\"https:\/\/colibri-jewels.eu\/et\/\",\"name\":\"Colibri jewels\",\"description\":\"jewelry shop\",\"publisher\":{\"@id\":\"https:\/\/colibri-jewels.eu\/et\/#organization\"},\"potentialAction\":[{\"@type\":\"SearchAction\",\"target\":{\"@type\":\"EntryPoint\",\"urlTemplate\":\"https:\/\/colibri-jewels.eu\/et\/?s={search_term_string}\"},\"query-input\":{\"@type\":\"PropertyValueSpecification\",\"valueRequired\":true,\"valueName\":\"search_term_string\"}}],\"inLanguage\":\"et\"},{\"@type\":\"Organization\",\"@id\":\"https:\/\/colibri-jewels.eu\/et\/#organization\",\"name\":\"O\u00dc Colibri\",\"url\":\"https:\/\/colibri-jewels.eu\/et\/\",\"logo\":{\"@type\":\"ImageObject\",\"inLanguage\":\"et\",\"@id\":\"https:\/\/colibri-jewels.eu\/et\/#\/schema\/logo\/image\/\",\"url\":\"https:\/\/dev.colibri-jewels.eu\/wp-content\/uploads\/2021\/03\/colibri.png\",\"contentUrl\":\"https:\/\/dev.colibri-jewels.eu\/wp-content\/uploads\/2021\/03\/colibri.png\",\"width\":227,\"height\":130,\"caption\":\"O\u00dc Colibri\"},\"image\":{\"@id\":\"https:\/\/colibri-jewels.eu\/et\/#\/schema\/logo\/image\/\"},\"sameAs\":[\"https:\/\/www.facebook.com\/colibri.jewels\",\"https:\/\/www.instagram.com\/colibri.jewels\",\"https:\/\/www.tiktok.com\/colibri.jewels\"]}]}<\/script>\n<!-- \/ Yoast SEO Premium plugin. -->","yoast_head_json":{"title":"Sterling h\u00f5bedast ripats \"V\u00f5imas Draakon\" - Colibri jewels","robots":{"index":"index","follow":"follow","max-snippet":"max-snippet:-1","max-image-preview":"max-image-preview:large","max-video-preview":"max-video-preview:-1"},"canonical":"https:\/\/colibri-jewels.eu\/et\/toode\/sterling-hobedast-ripats-voimas-draakon\/","og_locale":"et_EE","og_type":"article","og_title":"Sterling h\u00f5bedast ripats \"V\u00f5imas Draakon\"","og_description":"See h\u00f5bedast draakoni ripats on kantav kunstiteos, mis lisab teie stiilile m\u00f5istatuslikku h\u00f5ngu. Keerulist meisterlikkust r\u00f5hutab delikaatne mustamisprotsess, mis n\u00e4itab draakoni iga k\u00f5verat ja ulatust....","og_url":"https:\/\/colibri-jewels.eu\/et\/toode\/sterling-hobedast-ripats-voimas-draakon\/","og_site_name":"Colibri jewels","article_publisher":"https:\/\/www.facebook.com\/colibri.jewels","article_modified_time":"2024-02-13T17:36:55+00:00","og_image":[{"width":1000,"height":1000,"url":"https:\/\/colibri-jewels.eu\/wp-content\/uploads\/2023\/11\/silver-dragon-pendant.jpg","type":"image\/jpeg"}],"twitter_card":"summary_large_image","schema":{"@context":"https:\/\/schema.org","@graph":[{"@type":"WebPage","@id":"https:\/\/colibri-jewels.eu\/et\/toode\/sterling-hobedast-ripats-voimas-draakon\/","url":"https:\/\/colibri-jewels.eu\/et\/toode\/sterling-hobedast-ripats-voimas-draakon\/","name":"Sterling h\u00f5bedast ripats \"V\u00f5imas Draakon\" - Colibri jewels","isPartOf":{"@id":"https:\/\/colibri-jewels.eu\/et\/#website"},"primaryImageOfPage":{"@id":"https:\/\/colibri-jewels.eu\/et\/toode\/sterling-hobedast-ripats-voimas-draakon\/#primaryimage"},"image":{"@id":"https:\/\/colibri-jewels.eu\/et\/toode\/sterling-hobedast-ripats-voimas-draakon\/#primaryimage"},"thumbnailUrl":"https:\/\/colibri-jewels.eu\/wp-content\/uploads\/2023\/11\/silver-dragon-pendant.jpg","datePublished":"2024-01-30T18:30:07+00:00","dateModified":"2024-02-13T17:36:55+00:00","breadcrumb":{"@id":"https:\/\/colibri-jewels.eu\/et\/toode\/sterling-hobedast-ripats-voimas-draakon\/#breadcrumb"},"inLanguage":"et","potentialAction":[{"@type":"ReadAction","target":["https:\/\/colibri-jewels.eu\/et\/toode\/sterling-hobedast-ripats-voimas-draakon\/"]}]},{"@type":"ImageObject","inLanguage":"et","@id":"https:\/\/colibri-jewels.eu\/et\/toode\/sterling-hobedast-ripats-voimas-draakon\/#primaryimage","url":"https:\/\/colibri-jewels.eu\/wp-content\/uploads\/2023\/11\/silver-dragon-pendant.jpg","contentUrl":"https:\/\/colibri-jewels.eu\/wp-content\/uploads\/2023\/11\/silver-dragon-pendant.jpg","width":1000,"height":1000},{"@type":"BreadcrumbList","@id":"https:\/\/colibri-jewels.eu\/et\/toode\/sterling-hobedast-ripats-voimas-draakon\/#breadcrumb","itemListElement":[{"@type":"ListItem","position":1,"name":"\u0413\u043b\u0430\u0432\u043d\u0430\u044f \u0441\u0442\u0440\u0430\u043d\u0438\u0446\u0430","item":"https:\/\/colibri-jewels.eu\/et\/"},{"@type":"ListItem","position":2,"name":"Pood","item":"https:\/\/colibri-jewels.eu\/et\/pood\/"},{"@type":"ListItem","position":3,"name":"Sterling h\u00f5bedast ripats &#8220;V\u00f5imas Draakon&#8221;"}]},{"@type":"WebSite","@id":"https:\/\/colibri-jewels.eu\/et\/#website","url":"https:\/\/colibri-jewels.eu\/et\/","name":"Colibri jewels","description":"jewelry shop","publisher":{"@id":"https:\/\/colibri-jewels.eu\/et\/#organization"},"potentialAction":[{"@type":"SearchAction","target":{"@type":"EntryPoint","urlTemplate":"https:\/\/colibri-jewels.eu\/et\/?s={search_term_string}"},"query-input":{"@type":"PropertyValueSpecification","valueRequired":true,"valueName":"search_term_string"}}],"inLanguage":"et"},{"@type":"Organization","@id":"https:\/\/colibri-jewels.eu\/et\/#organization","name":"O\u00dc Colibri","url":"https:\/\/colibri-jewels.eu\/et\/","logo":{"@type":"ImageObject","inLanguage":"et","@id":"https:\/\/colibri-jewels.eu\/et\/#\/schema\/logo\/image\/","url":"https:\/\/dev.colibri-jewels.eu\/wp-content\/uploads\/2021\/03\/colibri.png","contentUrl":"https:\/\/dev.colibri-jewels.eu\/wp-content\/uploads\/2021\/03\/colibri.png","width":227,"height":130,"caption":"O\u00dc Colibri"},"image":{"@id":"https:\/\/colibri-jewels.eu\/et\/#\/schema\/logo\/image\/"},"sameAs":["https:\/\/www.facebook.com\/colibri.jewels","https:\/\/www.instagram.com\/colibri.jewels","https:\/\/www.tiktok.com\/colibri.jewels"]}]}},"_links":{"self":[{"href":"https:\/\/colibri-jewels.eu\/et\/wp-json\/wp\/v2\/product\/38136","targetHints":{"allow":["GET"]}}],"collection":[{"href":"https:\/\/colibri-jewels.eu\/et\/wp-json\/wp\/v2\/product"}],"about":[{"href":"https:\/\/colibri-jewels.eu\/et\/wp-json\/wp\/v2\/types\/product"}],"replies":[{"embeddable":true,"href":"https:\/\/colibri-jewels.eu\/et\/wp-json\/wp\/v2\/comments?post=38136"}],"version-history":[{"count":0,"href":"https:\/\/colibri-jewels.eu\/et\/wp-json\/wp\/v2\/product\/38136\/revisions"}],"wp:featuredmedia":[{"embeddable":true,"href":"https:\/\/colibri-jewels.eu\/et\/wp-json\/wp\/v2\/media\/38362"}],"wp:attachment":[{"href":"https:\/\/colibri-jewels.eu\/et\/wp-json\/wp\/v2\/media?parent=38136"}],"wp:term":[{"taxonomy":"brand","embeddable":true,"href":"https:\/\/colibri-jewels.eu\/et\/wp-json\/wp\/v2\/etheme_brands?post=38136"},{"taxonomy":"product_brand","embeddable":true,"href":"https:\/\/colibri-jewels.eu\/et\/wp-json\/wp\/v2\/product_brand?post=38136"},{"taxonomy":"product_cat","embeddable":true,"href":"https:\/\/colibri-jewels.eu\/et\/wp-json\/wp\/v2\/product_cat?post=38136"},{"taxonomy":"product_tag","embeddable":true,"href":"https:\/\/colibri-jewels.eu\/et\/wp-json\/wp\/v2\/product_tag?post=38136"}],"curies":[{"name":"wp","href":"https:\/\/api.w.org\/{rel}","templated":true}]}}