{"id":38791,"date":"2024-03-23T22:40:33","date_gmt":"2024-03-23T20:40:33","guid":{"rendered":"https:\/\/dev.colibri-jewels.eu\/?post_type=product&#038;p=38791"},"modified":"2024-03-27T20:41:56","modified_gmt":"2024-03-27T18:41:56","slug":"kuldne-sormus-iiri-stiilis-ja-peridooti-vaariskiviga-r-8252","status":"publish","type":"product","link":"https:\/\/colibri-jewels.eu\/et\/toode\/kuldne-sormus-iiri-stiilis-ja-peridooti-vaariskiviga-r-8252\/","title":{"rendered":"Kuldne s\u00f5rmus Iiri stiilis ja peridooti v\u00e4\u00e4riskiviga R-8252"},"content":{"rendered":"<p>Kaunistage end selle peene kuldse s\u00f5rmuse elegantsiga, millel on lummav peridoot-v\u00e4\u00e4riskivi, mis kajastab looduse ilu olemust. Peridoodi elav roheline toon meenutab Iirimaa lummavaid maastikke, pakkudes m\u00fcstikat ja v\u00f5lu. Intrigeerivi disainiga s\u00f5rmust kaunistab ikooniline triquetra s\u00fcmbol, keldi v\u00f5lu, mis p\u00f5imub Iiri legendi ja kunstilisusega.<\/p>\n<p>Triquetra, tuntud ka kui Kolmainsuse s\u00f5lm, omab s\u00fcgavat t\u00e4hendust keldi kultuuris. See esindab kolme erineva, kuid omavahel seotud olemi koosm\u00f5ju \u2013 sageli t\u00f5lgendatakse seda kui maad, merd ja taevast v\u00f5i elu, surma ja uuestis\u00fcndi. T\u00e4nap\u00e4eval on see hakanud s\u00fcmboliseerima ka armastust, au ja kaitset, muutes selle s\u00f5rmuse mitte ainult ehteks, vaid ka s\u00fcgavamate tunnete m\u00e4rgiks.<\/p>\n<p>Iga k\u00f5ver ja keerd selles kuldses meistriteoses r\u00e4\u00e4gib loo; see on Iiri p\u00e4randi embleem, mis on l\u00e4bi imbunud kaasaegsest k\u00e4sit\u00f6\u00f6st. Peridoodi kombinatsioon \u2013 mis arvatakse toovat \u00f5nne ja rahu \u2013 iidse Triquetra s\u00fcmboliga loob selle kandja \u00fcmber m\u00fcstika aura.<\/p>\n<p>See s\u00f5rmus ei ole lihtsalt aksessuaar; see on teekond l\u00e4bi Iiri legendide, kus iga pilk selle s\u00e4delevale peridoodile toob sind l\u00e4hemale m\u00e4gedele, mida kaste suudleb koidiku pehme kuma all. See on midagi enamat kui ehted; see on kullaga kootud narratiiv \u2013 l\u00e4bi sajandite jutustatud lugu, mis leiab siiski oma koha t\u00e4nap\u00e4eva maailmas.<\/p>\n","protected":false},"excerpt":{"rendered":"<p>Kollane kuld 14 kt.<\/p>\n<p>Peridot 0.55 ct (6*4 mm)<\/p>\n<p>S\u00f5rmuse kaal 2,17 g.<\/p>\n","protected":false},"featured_media":38768,"comment_status":"open","ping_status":"closed","template":"","meta":[],"etheme_brands":[],"product_brand":[],"product_cat":[471],"product_tag":[],"class_list":{"0":"post-38791","1":"product","2":"type-product","3":"status-publish","4":"has-post-thumbnail","6":"product_cat-sormused","8":"first","9":"instock","10":"shipping-taxable","11":"purchasable","12":"product-type-simple"},"acf":[],"yoast_head":"<!-- This site is optimized with the Yoast SEO Premium plugin v26.5 (Yoast SEO v26.8) - https:\/\/yoast.com\/product\/yoast-seo-premium-wordpress\/ -->\n<title>Kuldne s\u00f5rmus Iiri stiilis ja peridooti v\u00e4\u00e4riskiviga R-8252 - Colibri jewels<\/title>\n<meta name=\"robots\" content=\"index, follow, max-snippet:-1, max-image-preview:large, max-video-preview:-1\" \/>\n<link rel=\"canonical\" href=\"https:\/\/colibri-jewels.eu\/et\/toode\/kuldne-sormus-iiri-stiilis-ja-peridooti-vaariskiviga-r-8252\/\" \/>\n<meta property=\"og:locale\" content=\"et_EE\" \/>\n<meta property=\"og:type\" content=\"article\" \/>\n<meta property=\"og:title\" content=\"Kuldne s\u00f5rmus Iiri stiilis ja peridooti v\u00e4\u00e4riskiviga R-8252\" \/>\n<meta property=\"og:description\" content=\"Kollane kuld 14 kt. Peridot 0.55 ct (6*4 mm) S\u00f5rmuse kaal 2,17 g.\" \/>\n<meta property=\"og:url\" content=\"https:\/\/colibri-jewels.eu\/et\/toode\/kuldne-sormus-iiri-stiilis-ja-peridooti-vaariskiviga-r-8252\/\" \/>\n<meta property=\"og:site_name\" content=\"Colibri jewels\" \/>\n<meta property=\"article:publisher\" content=\"https:\/\/www.facebook.com\/colibri.jewels\" \/>\n<meta property=\"article:modified_time\" content=\"2024-03-27T18:41:56+00:00\" \/>\n<meta property=\"og:image\" content=\"https:\/\/colibri-jewels.eu\/wp-content\/uploads\/2023\/10\/golden-ring-with-Triquetra-peridot-oval-R-8252.jpg\" \/>\n\t<meta property=\"og:image:width\" content=\"1000\" \/>\n\t<meta property=\"og:image:height\" content=\"1000\" \/>\n\t<meta property=\"og:image:type\" content=\"image\/jpeg\" \/>\n<meta name=\"twitter:card\" content=\"summary_large_image\" \/>\n<meta name=\"twitter:label1\" content=\"Est. reading time\" \/>\n\t<meta name=\"twitter:data1\" content=\"1 minut\" \/>\n<script type=\"application\/ld+json\" class=\"yoast-schema-graph\">{\"@context\":\"https:\/\/schema.org\",\"@graph\":[{\"@type\":\"WebPage\",\"@id\":\"https:\/\/colibri-jewels.eu\/et\/toode\/kuldne-sormus-iiri-stiilis-ja-peridooti-vaariskiviga-r-8252\/\",\"url\":\"https:\/\/colibri-jewels.eu\/et\/toode\/kuldne-sormus-iiri-stiilis-ja-peridooti-vaariskiviga-r-8252\/\",\"name\":\"Kuldne s\u00f5rmus Iiri stiilis ja peridooti v\u00e4\u00e4riskiviga R-8252 - Colibri jewels\",\"isPartOf\":{\"@id\":\"https:\/\/colibri-jewels.eu\/et\/#website\"},\"primaryImageOfPage\":{\"@id\":\"https:\/\/colibri-jewels.eu\/et\/toode\/kuldne-sormus-iiri-stiilis-ja-peridooti-vaariskiviga-r-8252\/#primaryimage\"},\"image\":{\"@id\":\"https:\/\/colibri-jewels.eu\/et\/toode\/kuldne-sormus-iiri-stiilis-ja-peridooti-vaariskiviga-r-8252\/#primaryimage\"},\"thumbnailUrl\":\"https:\/\/colibri-jewels.eu\/wp-content\/uploads\/2023\/10\/golden-ring-with-Triquetra-peridot-oval-R-8252.jpg\",\"datePublished\":\"2024-03-23T20:40:33+00:00\",\"dateModified\":\"2024-03-27T18:41:56+00:00\",\"breadcrumb\":{\"@id\":\"https:\/\/colibri-jewels.eu\/et\/toode\/kuldne-sormus-iiri-stiilis-ja-peridooti-vaariskiviga-r-8252\/#breadcrumb\"},\"inLanguage\":\"et\",\"potentialAction\":[{\"@type\":\"ReadAction\",\"target\":[\"https:\/\/colibri-jewels.eu\/et\/toode\/kuldne-sormus-iiri-stiilis-ja-peridooti-vaariskiviga-r-8252\/\"]}]},{\"@type\":\"ImageObject\",\"inLanguage\":\"et\",\"@id\":\"https:\/\/colibri-jewels.eu\/et\/toode\/kuldne-sormus-iiri-stiilis-ja-peridooti-vaariskiviga-r-8252\/#primaryimage\",\"url\":\"https:\/\/colibri-jewels.eu\/wp-content\/uploads\/2023\/10\/golden-ring-with-Triquetra-peridot-oval-R-8252.jpg\",\"contentUrl\":\"https:\/\/colibri-jewels.eu\/wp-content\/uploads\/2023\/10\/golden-ring-with-Triquetra-peridot-oval-R-8252.jpg\",\"width\":1000,\"height\":1000},{\"@type\":\"BreadcrumbList\",\"@id\":\"https:\/\/colibri-jewels.eu\/et\/toode\/kuldne-sormus-iiri-stiilis-ja-peridooti-vaariskiviga-r-8252\/#breadcrumb\",\"itemListElement\":[{\"@type\":\"ListItem\",\"position\":1,\"name\":\"\u0413\u043b\u0430\u0432\u043d\u0430\u044f \u0441\u0442\u0440\u0430\u043d\u0438\u0446\u0430\",\"item\":\"https:\/\/colibri-jewels.eu\/et\/\"},{\"@type\":\"ListItem\",\"position\":2,\"name\":\"Pood\",\"item\":\"https:\/\/colibri-jewels.eu\/et\/pood\/\"},{\"@type\":\"ListItem\",\"position\":3,\"name\":\"Kuldne s\u00f5rmus Iiri stiilis ja peridooti v\u00e4\u00e4riskiviga R-8252\"}]},{\"@type\":\"WebSite\",\"@id\":\"https:\/\/colibri-jewels.eu\/et\/#website\",\"url\":\"https:\/\/colibri-jewels.eu\/et\/\",\"name\":\"Colibri jewels\",\"description\":\"jewelry shop\",\"publisher\":{\"@id\":\"https:\/\/colibri-jewels.eu\/et\/#organization\"},\"potentialAction\":[{\"@type\":\"SearchAction\",\"target\":{\"@type\":\"EntryPoint\",\"urlTemplate\":\"https:\/\/colibri-jewels.eu\/et\/?s={search_term_string}\"},\"query-input\":{\"@type\":\"PropertyValueSpecification\",\"valueRequired\":true,\"valueName\":\"search_term_string\"}}],\"inLanguage\":\"et\"},{\"@type\":\"Organization\",\"@id\":\"https:\/\/colibri-jewels.eu\/et\/#organization\",\"name\":\"O\u00dc Colibri\",\"url\":\"https:\/\/colibri-jewels.eu\/et\/\",\"logo\":{\"@type\":\"ImageObject\",\"inLanguage\":\"et\",\"@id\":\"https:\/\/colibri-jewels.eu\/et\/#\/schema\/logo\/image\/\",\"url\":\"https:\/\/dev.colibri-jewels.eu\/wp-content\/uploads\/2021\/03\/colibri.png\",\"contentUrl\":\"https:\/\/dev.colibri-jewels.eu\/wp-content\/uploads\/2021\/03\/colibri.png\",\"width\":227,\"height\":130,\"caption\":\"O\u00dc Colibri\"},\"image\":{\"@id\":\"https:\/\/colibri-jewels.eu\/et\/#\/schema\/logo\/image\/\"},\"sameAs\":[\"https:\/\/www.facebook.com\/colibri.jewels\",\"https:\/\/www.instagram.com\/colibri.jewels\",\"https:\/\/www.tiktok.com\/colibri.jewels\"]}]}<\/script>\n<!-- \/ Yoast SEO Premium plugin. -->","yoast_head_json":{"title":"Kuldne s\u00f5rmus Iiri stiilis ja peridooti v\u00e4\u00e4riskiviga R-8252 - Colibri jewels","robots":{"index":"index","follow":"follow","max-snippet":"max-snippet:-1","max-image-preview":"max-image-preview:large","max-video-preview":"max-video-preview:-1"},"canonical":"https:\/\/colibri-jewels.eu\/et\/toode\/kuldne-sormus-iiri-stiilis-ja-peridooti-vaariskiviga-r-8252\/","og_locale":"et_EE","og_type":"article","og_title":"Kuldne s\u00f5rmus Iiri stiilis ja peridooti v\u00e4\u00e4riskiviga R-8252","og_description":"Kollane kuld 14 kt. Peridot 0.55 ct (6*4 mm) S\u00f5rmuse kaal 2,17 g.","og_url":"https:\/\/colibri-jewels.eu\/et\/toode\/kuldne-sormus-iiri-stiilis-ja-peridooti-vaariskiviga-r-8252\/","og_site_name":"Colibri jewels","article_publisher":"https:\/\/www.facebook.com\/colibri.jewels","article_modified_time":"2024-03-27T18:41:56+00:00","og_image":[{"width":1000,"height":1000,"url":"https:\/\/colibri-jewels.eu\/wp-content\/uploads\/2023\/10\/golden-ring-with-Triquetra-peridot-oval-R-8252.jpg","type":"image\/jpeg"}],"twitter_card":"summary_large_image","twitter_misc":{"Est. reading time":"1 minut"},"schema":{"@context":"https:\/\/schema.org","@graph":[{"@type":"WebPage","@id":"https:\/\/colibri-jewels.eu\/et\/toode\/kuldne-sormus-iiri-stiilis-ja-peridooti-vaariskiviga-r-8252\/","url":"https:\/\/colibri-jewels.eu\/et\/toode\/kuldne-sormus-iiri-stiilis-ja-peridooti-vaariskiviga-r-8252\/","name":"Kuldne s\u00f5rmus Iiri stiilis ja peridooti v\u00e4\u00e4riskiviga R-8252 - Colibri jewels","isPartOf":{"@id":"https:\/\/colibri-jewels.eu\/et\/#website"},"primaryImageOfPage":{"@id":"https:\/\/colibri-jewels.eu\/et\/toode\/kuldne-sormus-iiri-stiilis-ja-peridooti-vaariskiviga-r-8252\/#primaryimage"},"image":{"@id":"https:\/\/colibri-jewels.eu\/et\/toode\/kuldne-sormus-iiri-stiilis-ja-peridooti-vaariskiviga-r-8252\/#primaryimage"},"thumbnailUrl":"https:\/\/colibri-jewels.eu\/wp-content\/uploads\/2023\/10\/golden-ring-with-Triquetra-peridot-oval-R-8252.jpg","datePublished":"2024-03-23T20:40:33+00:00","dateModified":"2024-03-27T18:41:56+00:00","breadcrumb":{"@id":"https:\/\/colibri-jewels.eu\/et\/toode\/kuldne-sormus-iiri-stiilis-ja-peridooti-vaariskiviga-r-8252\/#breadcrumb"},"inLanguage":"et","potentialAction":[{"@type":"ReadAction","target":["https:\/\/colibri-jewels.eu\/et\/toode\/kuldne-sormus-iiri-stiilis-ja-peridooti-vaariskiviga-r-8252\/"]}]},{"@type":"ImageObject","inLanguage":"et","@id":"https:\/\/colibri-jewels.eu\/et\/toode\/kuldne-sormus-iiri-stiilis-ja-peridooti-vaariskiviga-r-8252\/#primaryimage","url":"https:\/\/colibri-jewels.eu\/wp-content\/uploads\/2023\/10\/golden-ring-with-Triquetra-peridot-oval-R-8252.jpg","contentUrl":"https:\/\/colibri-jewels.eu\/wp-content\/uploads\/2023\/10\/golden-ring-with-Triquetra-peridot-oval-R-8252.jpg","width":1000,"height":1000},{"@type":"BreadcrumbList","@id":"https:\/\/colibri-jewels.eu\/et\/toode\/kuldne-sormus-iiri-stiilis-ja-peridooti-vaariskiviga-r-8252\/#breadcrumb","itemListElement":[{"@type":"ListItem","position":1,"name":"\u0413\u043b\u0430\u0432\u043d\u0430\u044f \u0441\u0442\u0440\u0430\u043d\u0438\u0446\u0430","item":"https:\/\/colibri-jewels.eu\/et\/"},{"@type":"ListItem","position":2,"name":"Pood","item":"https:\/\/colibri-jewels.eu\/et\/pood\/"},{"@type":"ListItem","position":3,"name":"Kuldne s\u00f5rmus Iiri stiilis ja peridooti v\u00e4\u00e4riskiviga R-8252"}]},{"@type":"WebSite","@id":"https:\/\/colibri-jewels.eu\/et\/#website","url":"https:\/\/colibri-jewels.eu\/et\/","name":"Colibri jewels","description":"jewelry shop","publisher":{"@id":"https:\/\/colibri-jewels.eu\/et\/#organization"},"potentialAction":[{"@type":"SearchAction","target":{"@type":"EntryPoint","urlTemplate":"https:\/\/colibri-jewels.eu\/et\/?s={search_term_string}"},"query-input":{"@type":"PropertyValueSpecification","valueRequired":true,"valueName":"search_term_string"}}],"inLanguage":"et"},{"@type":"Organization","@id":"https:\/\/colibri-jewels.eu\/et\/#organization","name":"O\u00dc Colibri","url":"https:\/\/colibri-jewels.eu\/et\/","logo":{"@type":"ImageObject","inLanguage":"et","@id":"https:\/\/colibri-jewels.eu\/et\/#\/schema\/logo\/image\/","url":"https:\/\/dev.colibri-jewels.eu\/wp-content\/uploads\/2021\/03\/colibri.png","contentUrl":"https:\/\/dev.colibri-jewels.eu\/wp-content\/uploads\/2021\/03\/colibri.png","width":227,"height":130,"caption":"O\u00dc Colibri"},"image":{"@id":"https:\/\/colibri-jewels.eu\/et\/#\/schema\/logo\/image\/"},"sameAs":["https:\/\/www.facebook.com\/colibri.jewels","https:\/\/www.instagram.com\/colibri.jewels","https:\/\/www.tiktok.com\/colibri.jewels"]}]}},"_links":{"self":[{"href":"https:\/\/colibri-jewels.eu\/et\/wp-json\/wp\/v2\/product\/38791","targetHints":{"allow":["GET"]}}],"collection":[{"href":"https:\/\/colibri-jewels.eu\/et\/wp-json\/wp\/v2\/product"}],"about":[{"href":"https:\/\/colibri-jewels.eu\/et\/wp-json\/wp\/v2\/types\/product"}],"replies":[{"embeddable":true,"href":"https:\/\/colibri-jewels.eu\/et\/wp-json\/wp\/v2\/comments?post=38791"}],"version-history":[{"count":0,"href":"https:\/\/colibri-jewels.eu\/et\/wp-json\/wp\/v2\/product\/38791\/revisions"}],"wp:featuredmedia":[{"embeddable":true,"href":"https:\/\/colibri-jewels.eu\/et\/wp-json\/wp\/v2\/media\/38768"}],"wp:attachment":[{"href":"https:\/\/colibri-jewels.eu\/et\/wp-json\/wp\/v2\/media?parent=38791"}],"wp:term":[{"taxonomy":"brand","embeddable":true,"href":"https:\/\/colibri-jewels.eu\/et\/wp-json\/wp\/v2\/etheme_brands?post=38791"},{"taxonomy":"product_brand","embeddable":true,"href":"https:\/\/colibri-jewels.eu\/et\/wp-json\/wp\/v2\/product_brand?post=38791"},{"taxonomy":"product_cat","embeddable":true,"href":"https:\/\/colibri-jewels.eu\/et\/wp-json\/wp\/v2\/product_cat?post=38791"},{"taxonomy":"product_tag","embeddable":true,"href":"https:\/\/colibri-jewels.eu\/et\/wp-json\/wp\/v2\/product_tag?post=38791"}],"curies":[{"name":"wp","href":"https:\/\/api.w.org\/{rel}","templated":true}]}}