{"id":38963,"date":"2024-03-30T20:31:05","date_gmt":"2024-03-30T18:31:05","guid":{"rendered":"https:\/\/dev.colibri-jewels.eu\/?post_type=product&#038;p=38963"},"modified":"2024-03-30T20:42:14","modified_gmt":"2024-03-30T18:42:14","slug":"valge-kullast-teemandist-ripats-hea-haldjas-p-00507","status":"publish","type":"product","link":"https:\/\/colibri-jewels.eu\/et\/toode\/valge-kullast-teemandist-ripats-hea-haldjas-p-00507\/","title":{"rendered":"Valge kullast teemandist ripats &#8220;Hea haldjas&#8221; P-00507"},"content":{"rendered":"<p>See peen valge kullast haldja ripats on k\u00fctkestav segu elegantsist ja lummusest. Sellel v\u00e4ikesel, kuid \u00fclimalt detailirohkel ripatsil, mis on valmistatud \u00fclit\u00e4pselt, on 11 t\u00e4isl\u00f5ikelist teemanti, millest iga\u00fchel on 57 tahku. Nagu v\u00e4ike meistriteos, tantsib haldjaripats valgusega, loitsudes k\u00f5ikjal, kuhu see l\u00e4heb. Lisage oma ellu lummust, kandes seda eeterlikku aaret, mis haarab m\u00fc\u00fctiliste valdkondade graatsilisuse ja v\u00f5lu. Avastage meie haldjaripatsi v\u00f5lu juba t\u00e4na! \u2728\ud83d\udc8e\ud83e\uddda\u200d\u2640\ufe0f<\/p>\n","protected":false},"excerpt":{"rendered":"<p>Valge kuld 585*<\/p>\n<p>Teemandid 11 tk., t\u00e4isl\u00f5ikega, 0,09 ct<\/p>\n<p>Ripatsi kaal 1,22 g.<\/p>\n","protected":false},"featured_media":38947,"comment_status":"open","ping_status":"closed","template":"","meta":[],"etheme_brands":[],"product_brand":[],"product_cat":[470],"product_tag":[],"class_list":{"0":"post-38963","1":"product","2":"type-product","3":"status-publish","4":"has-post-thumbnail","6":"product_cat-kaelakeed-ja-ripatsid","8":"first","9":"onbackorder","10":"shipping-taxable","11":"purchasable","12":"product-type-simple"},"acf":[],"yoast_head":"<!-- This site is optimized with the Yoast SEO Premium plugin v26.5 (Yoast SEO v26.8) - https:\/\/yoast.com\/product\/yoast-seo-premium-wordpress\/ -->\n<title>Valge kullast teemandist ripats &quot;Hea haldjas&quot; P-00507 - Colibri jewels<\/title>\n<meta name=\"robots\" content=\"index, follow, max-snippet:-1, max-image-preview:large, max-video-preview:-1\" \/>\n<link rel=\"canonical\" href=\"https:\/\/colibri-jewels.eu\/et\/toode\/valge-kullast-teemandist-ripats-hea-haldjas-p-00507\/\" \/>\n<meta property=\"og:locale\" content=\"et_EE\" \/>\n<meta property=\"og:type\" content=\"article\" \/>\n<meta property=\"og:title\" content=\"Valge kullast teemandist ripats &quot;Hea haldjas&quot; P-00507\" \/>\n<meta property=\"og:description\" content=\"Valge kuld 585*  Teemandid 11 tk., t\u00e4isl\u00f5ikega, 0,09 ct  Ripatsi kaal 1,22 g.\" \/>\n<meta property=\"og:url\" content=\"https:\/\/colibri-jewels.eu\/et\/toode\/valge-kullast-teemandist-ripats-hea-haldjas-p-00507\/\" \/>\n<meta property=\"og:site_name\" content=\"Colibri jewels\" \/>\n<meta property=\"article:publisher\" content=\"https:\/\/www.facebook.com\/colibri.jewels\" \/>\n<meta property=\"article:modified_time\" content=\"2024-03-30T18:42:14+00:00\" \/>\n<meta property=\"og:image\" content=\"https:\/\/colibri-jewels.eu\/wp-content\/uploads\/2024\/03\/white-gold-diamond-pendant-Fairy-P-00507.jpg\" \/>\n\t<meta property=\"og:image:width\" content=\"1000\" \/>\n\t<meta property=\"og:image:height\" content=\"1000\" \/>\n\t<meta property=\"og:image:type\" content=\"image\/jpeg\" \/>\n<meta name=\"twitter:card\" content=\"summary_large_image\" \/>\n<script type=\"application\/ld+json\" class=\"yoast-schema-graph\">{\"@context\":\"https:\/\/schema.org\",\"@graph\":[{\"@type\":\"WebPage\",\"@id\":\"https:\/\/colibri-jewels.eu\/et\/toode\/valge-kullast-teemandist-ripats-hea-haldjas-p-00507\/\",\"url\":\"https:\/\/colibri-jewels.eu\/et\/toode\/valge-kullast-teemandist-ripats-hea-haldjas-p-00507\/\",\"name\":\"Valge kullast teemandist ripats \\\"Hea haldjas\\\" P-00507 - Colibri jewels\",\"isPartOf\":{\"@id\":\"https:\/\/colibri-jewels.eu\/et\/#website\"},\"primaryImageOfPage\":{\"@id\":\"https:\/\/colibri-jewels.eu\/et\/toode\/valge-kullast-teemandist-ripats-hea-haldjas-p-00507\/#primaryimage\"},\"image\":{\"@id\":\"https:\/\/colibri-jewels.eu\/et\/toode\/valge-kullast-teemandist-ripats-hea-haldjas-p-00507\/#primaryimage\"},\"thumbnailUrl\":\"https:\/\/colibri-jewels.eu\/wp-content\/uploads\/2024\/03\/white-gold-diamond-pendant-Fairy-P-00507.jpg\",\"datePublished\":\"2024-03-30T18:31:05+00:00\",\"dateModified\":\"2024-03-30T18:42:14+00:00\",\"breadcrumb\":{\"@id\":\"https:\/\/colibri-jewels.eu\/et\/toode\/valge-kullast-teemandist-ripats-hea-haldjas-p-00507\/#breadcrumb\"},\"inLanguage\":\"et\",\"potentialAction\":[{\"@type\":\"ReadAction\",\"target\":[\"https:\/\/colibri-jewels.eu\/et\/toode\/valge-kullast-teemandist-ripats-hea-haldjas-p-00507\/\"]}]},{\"@type\":\"ImageObject\",\"inLanguage\":\"et\",\"@id\":\"https:\/\/colibri-jewels.eu\/et\/toode\/valge-kullast-teemandist-ripats-hea-haldjas-p-00507\/#primaryimage\",\"url\":\"https:\/\/colibri-jewels.eu\/wp-content\/uploads\/2024\/03\/white-gold-diamond-pendant-Fairy-P-00507.jpg\",\"contentUrl\":\"https:\/\/colibri-jewels.eu\/wp-content\/uploads\/2024\/03\/white-gold-diamond-pendant-Fairy-P-00507.jpg\",\"width\":1000,\"height\":1000},{\"@type\":\"BreadcrumbList\",\"@id\":\"https:\/\/colibri-jewels.eu\/et\/toode\/valge-kullast-teemandist-ripats-hea-haldjas-p-00507\/#breadcrumb\",\"itemListElement\":[{\"@type\":\"ListItem\",\"position\":1,\"name\":\"\u0413\u043b\u0430\u0432\u043d\u0430\u044f \u0441\u0442\u0440\u0430\u043d\u0438\u0446\u0430\",\"item\":\"https:\/\/colibri-jewels.eu\/et\/\"},{\"@type\":\"ListItem\",\"position\":2,\"name\":\"Pood\",\"item\":\"https:\/\/colibri-jewels.eu\/et\/pood\/\"},{\"@type\":\"ListItem\",\"position\":3,\"name\":\"Valge kullast teemandist ripats &#8220;Hea haldjas&#8221; P-00507\"}]},{\"@type\":\"WebSite\",\"@id\":\"https:\/\/colibri-jewels.eu\/et\/#website\",\"url\":\"https:\/\/colibri-jewels.eu\/et\/\",\"name\":\"Colibri jewels\",\"description\":\"jewelry shop\",\"publisher\":{\"@id\":\"https:\/\/colibri-jewels.eu\/et\/#organization\"},\"potentialAction\":[{\"@type\":\"SearchAction\",\"target\":{\"@type\":\"EntryPoint\",\"urlTemplate\":\"https:\/\/colibri-jewels.eu\/et\/?s={search_term_string}\"},\"query-input\":{\"@type\":\"PropertyValueSpecification\",\"valueRequired\":true,\"valueName\":\"search_term_string\"}}],\"inLanguage\":\"et\"},{\"@type\":\"Organization\",\"@id\":\"https:\/\/colibri-jewels.eu\/et\/#organization\",\"name\":\"O\u00dc Colibri\",\"url\":\"https:\/\/colibri-jewels.eu\/et\/\",\"logo\":{\"@type\":\"ImageObject\",\"inLanguage\":\"et\",\"@id\":\"https:\/\/colibri-jewels.eu\/et\/#\/schema\/logo\/image\/\",\"url\":\"https:\/\/dev.colibri-jewels.eu\/wp-content\/uploads\/2021\/03\/colibri.png\",\"contentUrl\":\"https:\/\/dev.colibri-jewels.eu\/wp-content\/uploads\/2021\/03\/colibri.png\",\"width\":227,\"height\":130,\"caption\":\"O\u00dc Colibri\"},\"image\":{\"@id\":\"https:\/\/colibri-jewels.eu\/et\/#\/schema\/logo\/image\/\"},\"sameAs\":[\"https:\/\/www.facebook.com\/colibri.jewels\",\"https:\/\/www.instagram.com\/colibri.jewels\",\"https:\/\/www.tiktok.com\/colibri.jewels\"]}]}<\/script>\n<!-- \/ Yoast SEO Premium plugin. -->","yoast_head_json":{"title":"Valge kullast teemandist ripats \"Hea haldjas\" P-00507 - Colibri jewels","robots":{"index":"index","follow":"follow","max-snippet":"max-snippet:-1","max-image-preview":"max-image-preview:large","max-video-preview":"max-video-preview:-1"},"canonical":"https:\/\/colibri-jewels.eu\/et\/toode\/valge-kullast-teemandist-ripats-hea-haldjas-p-00507\/","og_locale":"et_EE","og_type":"article","og_title":"Valge kullast teemandist ripats \"Hea haldjas\" P-00507","og_description":"Valge kuld 585*  Teemandid 11 tk., t\u00e4isl\u00f5ikega, 0,09 ct  Ripatsi kaal 1,22 g.","og_url":"https:\/\/colibri-jewels.eu\/et\/toode\/valge-kullast-teemandist-ripats-hea-haldjas-p-00507\/","og_site_name":"Colibri jewels","article_publisher":"https:\/\/www.facebook.com\/colibri.jewels","article_modified_time":"2024-03-30T18:42:14+00:00","og_image":[{"width":1000,"height":1000,"url":"https:\/\/colibri-jewels.eu\/wp-content\/uploads\/2024\/03\/white-gold-diamond-pendant-Fairy-P-00507.jpg","type":"image\/jpeg"}],"twitter_card":"summary_large_image","schema":{"@context":"https:\/\/schema.org","@graph":[{"@type":"WebPage","@id":"https:\/\/colibri-jewels.eu\/et\/toode\/valge-kullast-teemandist-ripats-hea-haldjas-p-00507\/","url":"https:\/\/colibri-jewels.eu\/et\/toode\/valge-kullast-teemandist-ripats-hea-haldjas-p-00507\/","name":"Valge kullast teemandist ripats \"Hea haldjas\" P-00507 - Colibri jewels","isPartOf":{"@id":"https:\/\/colibri-jewels.eu\/et\/#website"},"primaryImageOfPage":{"@id":"https:\/\/colibri-jewels.eu\/et\/toode\/valge-kullast-teemandist-ripats-hea-haldjas-p-00507\/#primaryimage"},"image":{"@id":"https:\/\/colibri-jewels.eu\/et\/toode\/valge-kullast-teemandist-ripats-hea-haldjas-p-00507\/#primaryimage"},"thumbnailUrl":"https:\/\/colibri-jewels.eu\/wp-content\/uploads\/2024\/03\/white-gold-diamond-pendant-Fairy-P-00507.jpg","datePublished":"2024-03-30T18:31:05+00:00","dateModified":"2024-03-30T18:42:14+00:00","breadcrumb":{"@id":"https:\/\/colibri-jewels.eu\/et\/toode\/valge-kullast-teemandist-ripats-hea-haldjas-p-00507\/#breadcrumb"},"inLanguage":"et","potentialAction":[{"@type":"ReadAction","target":["https:\/\/colibri-jewels.eu\/et\/toode\/valge-kullast-teemandist-ripats-hea-haldjas-p-00507\/"]}]},{"@type":"ImageObject","inLanguage":"et","@id":"https:\/\/colibri-jewels.eu\/et\/toode\/valge-kullast-teemandist-ripats-hea-haldjas-p-00507\/#primaryimage","url":"https:\/\/colibri-jewels.eu\/wp-content\/uploads\/2024\/03\/white-gold-diamond-pendant-Fairy-P-00507.jpg","contentUrl":"https:\/\/colibri-jewels.eu\/wp-content\/uploads\/2024\/03\/white-gold-diamond-pendant-Fairy-P-00507.jpg","width":1000,"height":1000},{"@type":"BreadcrumbList","@id":"https:\/\/colibri-jewels.eu\/et\/toode\/valge-kullast-teemandist-ripats-hea-haldjas-p-00507\/#breadcrumb","itemListElement":[{"@type":"ListItem","position":1,"name":"\u0413\u043b\u0430\u0432\u043d\u0430\u044f \u0441\u0442\u0440\u0430\u043d\u0438\u0446\u0430","item":"https:\/\/colibri-jewels.eu\/et\/"},{"@type":"ListItem","position":2,"name":"Pood","item":"https:\/\/colibri-jewels.eu\/et\/pood\/"},{"@type":"ListItem","position":3,"name":"Valge kullast teemandist ripats &#8220;Hea haldjas&#8221; P-00507"}]},{"@type":"WebSite","@id":"https:\/\/colibri-jewels.eu\/et\/#website","url":"https:\/\/colibri-jewels.eu\/et\/","name":"Colibri jewels","description":"jewelry shop","publisher":{"@id":"https:\/\/colibri-jewels.eu\/et\/#organization"},"potentialAction":[{"@type":"SearchAction","target":{"@type":"EntryPoint","urlTemplate":"https:\/\/colibri-jewels.eu\/et\/?s={search_term_string}"},"query-input":{"@type":"PropertyValueSpecification","valueRequired":true,"valueName":"search_term_string"}}],"inLanguage":"et"},{"@type":"Organization","@id":"https:\/\/colibri-jewels.eu\/et\/#organization","name":"O\u00dc Colibri","url":"https:\/\/colibri-jewels.eu\/et\/","logo":{"@type":"ImageObject","inLanguage":"et","@id":"https:\/\/colibri-jewels.eu\/et\/#\/schema\/logo\/image\/","url":"https:\/\/dev.colibri-jewels.eu\/wp-content\/uploads\/2021\/03\/colibri.png","contentUrl":"https:\/\/dev.colibri-jewels.eu\/wp-content\/uploads\/2021\/03\/colibri.png","width":227,"height":130,"caption":"O\u00dc Colibri"},"image":{"@id":"https:\/\/colibri-jewels.eu\/et\/#\/schema\/logo\/image\/"},"sameAs":["https:\/\/www.facebook.com\/colibri.jewels","https:\/\/www.instagram.com\/colibri.jewels","https:\/\/www.tiktok.com\/colibri.jewels"]}]}},"_links":{"self":[{"href":"https:\/\/colibri-jewels.eu\/et\/wp-json\/wp\/v2\/product\/38963","targetHints":{"allow":["GET"]}}],"collection":[{"href":"https:\/\/colibri-jewels.eu\/et\/wp-json\/wp\/v2\/product"}],"about":[{"href":"https:\/\/colibri-jewels.eu\/et\/wp-json\/wp\/v2\/types\/product"}],"replies":[{"embeddable":true,"href":"https:\/\/colibri-jewels.eu\/et\/wp-json\/wp\/v2\/comments?post=38963"}],"version-history":[{"count":0,"href":"https:\/\/colibri-jewels.eu\/et\/wp-json\/wp\/v2\/product\/38963\/revisions"}],"wp:featuredmedia":[{"embeddable":true,"href":"https:\/\/colibri-jewels.eu\/et\/wp-json\/wp\/v2\/media\/38947"}],"wp:attachment":[{"href":"https:\/\/colibri-jewels.eu\/et\/wp-json\/wp\/v2\/media?parent=38963"}],"wp:term":[{"taxonomy":"brand","embeddable":true,"href":"https:\/\/colibri-jewels.eu\/et\/wp-json\/wp\/v2\/etheme_brands?post=38963"},{"taxonomy":"product_brand","embeddable":true,"href":"https:\/\/colibri-jewels.eu\/et\/wp-json\/wp\/v2\/product_brand?post=38963"},{"taxonomy":"product_cat","embeddable":true,"href":"https:\/\/colibri-jewels.eu\/et\/wp-json\/wp\/v2\/product_cat?post=38963"},{"taxonomy":"product_tag","embeddable":true,"href":"https:\/\/colibri-jewels.eu\/et\/wp-json\/wp\/v2\/product_tag?post=38963"}],"curies":[{"name":"wp","href":"https:\/\/api.w.org\/{rel}","templated":true}]}}