{"id":41748,"date":"2024-07-15T18:32:03","date_gmt":"2024-07-15T15:32:03","guid":{"rendered":"https:\/\/dev.colibri-jewels.eu\/?post_type=product&#038;p=41748"},"modified":"2024-07-15T21:07:41","modified_gmt":"2024-07-15T18:07:41","slug":"sarav-kuldne-sormus-peridoodi-ja-laboris-kasvatatud-kollase-ja-roosa-safiiriga-r-8249","status":"publish","type":"product","link":"https:\/\/colibri-jewels.eu\/et\/toode\/sarav-kuldne-sormus-peridoodi-ja-laboris-kasvatatud-kollase-ja-roosa-safiiriga-r-8249\/","title":{"rendered":"S\u00e4rav kuldne s\u00f5rmus peridoodi ja laboris kasvatatud kollase ja roosa safiiriga R-8249"},"content":{"rendered":"<p>Tundke omaks kevade olemust selle lummava kulds\u00f5rmusega, mis on looduse hiilguse ja juveliiri meisterlikkuse s\u00fcmfoonia. Kolm \u00f5rna kalliskivi moodustavad kompositsiooni, mis puudutab teie s\u00fcdant: s\u00e4rtsakas roheline peridoot, laboris kasvatatud roosa morganiit ja kollane safiir, mille v\u00e4rvid \u00f5itsevad nagu \u00f5rn lilleseade.<\/p>\n<p>Looduslik peridoot, rohetav toon, mis meenutab uut lehestikku, s\u00fcmboliseerib uuenemist ja kasvu. Roosa morganiit kutsub esile kirsi\u00f5ite \u00f5rna p\u00f5sepuna, kollane safiir aga helendab hommikup\u00e4ikese soojusest. \u00dcheskoos moodustavad nad kullaga kaetud lillekimbu, mis on ajatu austusavaldus armastuse \u00f5itsevale ilule.<\/p>\n<p>See s\u00f5rmus ei ole lihtsalt ehe; see on kalliskivide ja kullaga jutustatud armastuslugu, mis sobib suurep\u00e4raselt neile, kes armastavad romantikat ja kevade taass\u00fcndi.<\/p>\n","protected":false},"excerpt":{"rendered":"<p>Kollane kuld 14 kt.<br \/>\nRoheline looduslik peridoot 1,42 ct<br \/>\nLaboris kasvatatud roosa safiir morganiitv\u00e4rvi &#8211; 1,08 ct<br \/>\nLaboris kasvatatud kollane safiir &#8211; 2,20 ct<br \/>\nS\u00f5rmuse suurus 17.0<br \/>\nS\u00f5rmuse kaal 4,60 g.<\/p>\n","protected":false},"featured_media":42052,"comment_status":"open","ping_status":"closed","template":"","meta":[],"etheme_brands":[],"product_brand":[],"product_cat":[471],"product_tag":[],"class_list":{"0":"post-41748","1":"product","2":"type-product","3":"status-publish","4":"has-post-thumbnail","6":"product_cat-sormused","8":"first","9":"instock","10":"shipping-taxable","11":"purchasable","12":"product-type-simple"},"acf":[],"yoast_head":"<!-- This site is optimized with the Yoast SEO Premium plugin v26.5 (Yoast SEO v26.8) - https:\/\/yoast.com\/product\/yoast-seo-premium-wordpress\/ -->\n<title>S\u00e4rav kuldne s\u00f5rmus peridoodi ja laboris kasvatatud kollase ja roosa safiiriga R-8249 - Colibri jewels<\/title>\n<meta name=\"robots\" content=\"index, follow, max-snippet:-1, max-image-preview:large, max-video-preview:-1\" \/>\n<link rel=\"canonical\" href=\"https:\/\/colibri-jewels.eu\/et\/toode\/sarav-kuldne-sormus-peridoodi-ja-laboris-kasvatatud-kollase-ja-roosa-safiiriga-r-8249\/\" \/>\n<meta property=\"og:locale\" content=\"et_EE\" \/>\n<meta property=\"og:type\" content=\"article\" \/>\n<meta property=\"og:title\" content=\"S\u00e4rav kuldne s\u00f5rmus peridoodi ja laboris kasvatatud kollase ja roosa safiiriga R-8249\" \/>\n<meta property=\"og:description\" content=\"Kollane kuld 14 kt. Roheline looduslik peridoot 1,42 ct Laboris kasvatatud roosa safiir morganiitv\u00e4rvi - 1,08 ct Laboris kasvatatud kollane safiir - 2,20 ct S\u00f5rmuse suurus 17.0 S\u00f5rmuse kaal 4,60 g.\" \/>\n<meta property=\"og:url\" content=\"https:\/\/colibri-jewels.eu\/et\/toode\/sarav-kuldne-sormus-peridoodi-ja-laboris-kasvatatud-kollase-ja-roosa-safiiriga-r-8249\/\" \/>\n<meta property=\"og:site_name\" content=\"Colibri jewels\" \/>\n<meta property=\"article:publisher\" content=\"https:\/\/www.facebook.com\/colibri.jewels\" \/>\n<meta property=\"article:modified_time\" content=\"2024-07-15T18:07:41+00:00\" \/>\n<meta property=\"og:image\" content=\"https:\/\/colibri-jewels.eu\/wp-content\/uploads\/2024\/06\/bright-golden-ring-with-big-stones-R-8249-1.jpg\" \/>\n\t<meta property=\"og:image:width\" content=\"1000\" \/>\n\t<meta property=\"og:image:height\" content=\"1000\" \/>\n\t<meta property=\"og:image:type\" content=\"image\/jpeg\" \/>\n<meta name=\"twitter:card\" content=\"summary_large_image\" \/>\n<meta name=\"twitter:label1\" content=\"Est. reading time\" \/>\n\t<meta name=\"twitter:data1\" content=\"1 minut\" \/>\n<script type=\"application\/ld+json\" class=\"yoast-schema-graph\">{\"@context\":\"https:\/\/schema.org\",\"@graph\":[{\"@type\":\"WebPage\",\"@id\":\"https:\/\/colibri-jewels.eu\/et\/toode\/sarav-kuldne-sormus-peridoodi-ja-laboris-kasvatatud-kollase-ja-roosa-safiiriga-r-8249\/\",\"url\":\"https:\/\/colibri-jewels.eu\/et\/toode\/sarav-kuldne-sormus-peridoodi-ja-laboris-kasvatatud-kollase-ja-roosa-safiiriga-r-8249\/\",\"name\":\"S\u00e4rav kuldne s\u00f5rmus peridoodi ja laboris kasvatatud kollase ja roosa safiiriga R-8249 - Colibri jewels\",\"isPartOf\":{\"@id\":\"https:\/\/colibri-jewels.eu\/et\/#website\"},\"primaryImageOfPage\":{\"@id\":\"https:\/\/colibri-jewels.eu\/et\/toode\/sarav-kuldne-sormus-peridoodi-ja-laboris-kasvatatud-kollase-ja-roosa-safiiriga-r-8249\/#primaryimage\"},\"image\":{\"@id\":\"https:\/\/colibri-jewels.eu\/et\/toode\/sarav-kuldne-sormus-peridoodi-ja-laboris-kasvatatud-kollase-ja-roosa-safiiriga-r-8249\/#primaryimage\"},\"thumbnailUrl\":\"https:\/\/colibri-jewels.eu\/wp-content\/uploads\/2024\/06\/bright-golden-ring-with-big-stones-R-8249-1.jpg\",\"datePublished\":\"2024-07-15T15:32:03+00:00\",\"dateModified\":\"2024-07-15T18:07:41+00:00\",\"breadcrumb\":{\"@id\":\"https:\/\/colibri-jewels.eu\/et\/toode\/sarav-kuldne-sormus-peridoodi-ja-laboris-kasvatatud-kollase-ja-roosa-safiiriga-r-8249\/#breadcrumb\"},\"inLanguage\":\"et\",\"potentialAction\":[{\"@type\":\"ReadAction\",\"target\":[\"https:\/\/colibri-jewels.eu\/et\/toode\/sarav-kuldne-sormus-peridoodi-ja-laboris-kasvatatud-kollase-ja-roosa-safiiriga-r-8249\/\"]}]},{\"@type\":\"ImageObject\",\"inLanguage\":\"et\",\"@id\":\"https:\/\/colibri-jewels.eu\/et\/toode\/sarav-kuldne-sormus-peridoodi-ja-laboris-kasvatatud-kollase-ja-roosa-safiiriga-r-8249\/#primaryimage\",\"url\":\"https:\/\/colibri-jewels.eu\/wp-content\/uploads\/2024\/06\/bright-golden-ring-with-big-stones-R-8249-1.jpg\",\"contentUrl\":\"https:\/\/colibri-jewels.eu\/wp-content\/uploads\/2024\/06\/bright-golden-ring-with-big-stones-R-8249-1.jpg\",\"width\":1000,\"height\":1000},{\"@type\":\"BreadcrumbList\",\"@id\":\"https:\/\/colibri-jewels.eu\/et\/toode\/sarav-kuldne-sormus-peridoodi-ja-laboris-kasvatatud-kollase-ja-roosa-safiiriga-r-8249\/#breadcrumb\",\"itemListElement\":[{\"@type\":\"ListItem\",\"position\":1,\"name\":\"\u0413\u043b\u0430\u0432\u043d\u0430\u044f \u0441\u0442\u0440\u0430\u043d\u0438\u0446\u0430\",\"item\":\"https:\/\/colibri-jewels.eu\/et\/\"},{\"@type\":\"ListItem\",\"position\":2,\"name\":\"Pood\",\"item\":\"https:\/\/colibri-jewels.eu\/et\/pood\/\"},{\"@type\":\"ListItem\",\"position\":3,\"name\":\"S\u00e4rav kuldne s\u00f5rmus peridoodi ja laboris kasvatatud kollase ja roosa safiiriga R-8249\"}]},{\"@type\":\"WebSite\",\"@id\":\"https:\/\/colibri-jewels.eu\/et\/#website\",\"url\":\"https:\/\/colibri-jewels.eu\/et\/\",\"name\":\"Colibri jewels\",\"description\":\"jewelry shop\",\"publisher\":{\"@id\":\"https:\/\/colibri-jewels.eu\/et\/#organization\"},\"potentialAction\":[{\"@type\":\"SearchAction\",\"target\":{\"@type\":\"EntryPoint\",\"urlTemplate\":\"https:\/\/colibri-jewels.eu\/et\/?s={search_term_string}\"},\"query-input\":{\"@type\":\"PropertyValueSpecification\",\"valueRequired\":true,\"valueName\":\"search_term_string\"}}],\"inLanguage\":\"et\"},{\"@type\":\"Organization\",\"@id\":\"https:\/\/colibri-jewels.eu\/et\/#organization\",\"name\":\"O\u00dc Colibri\",\"url\":\"https:\/\/colibri-jewels.eu\/et\/\",\"logo\":{\"@type\":\"ImageObject\",\"inLanguage\":\"et\",\"@id\":\"https:\/\/colibri-jewels.eu\/et\/#\/schema\/logo\/image\/\",\"url\":\"https:\/\/dev.colibri-jewels.eu\/wp-content\/uploads\/2021\/03\/colibri.png\",\"contentUrl\":\"https:\/\/dev.colibri-jewels.eu\/wp-content\/uploads\/2021\/03\/colibri.png\",\"width\":227,\"height\":130,\"caption\":\"O\u00dc Colibri\"},\"image\":{\"@id\":\"https:\/\/colibri-jewels.eu\/et\/#\/schema\/logo\/image\/\"},\"sameAs\":[\"https:\/\/www.facebook.com\/colibri.jewels\",\"https:\/\/www.instagram.com\/colibri.jewels\",\"https:\/\/www.tiktok.com\/colibri.jewels\"]}]}<\/script>\n<!-- \/ Yoast SEO Premium plugin. -->","yoast_head_json":{"title":"S\u00e4rav kuldne s\u00f5rmus peridoodi ja laboris kasvatatud kollase ja roosa safiiriga R-8249 - Colibri jewels","robots":{"index":"index","follow":"follow","max-snippet":"max-snippet:-1","max-image-preview":"max-image-preview:large","max-video-preview":"max-video-preview:-1"},"canonical":"https:\/\/colibri-jewels.eu\/et\/toode\/sarav-kuldne-sormus-peridoodi-ja-laboris-kasvatatud-kollase-ja-roosa-safiiriga-r-8249\/","og_locale":"et_EE","og_type":"article","og_title":"S\u00e4rav kuldne s\u00f5rmus peridoodi ja laboris kasvatatud kollase ja roosa safiiriga R-8249","og_description":"Kollane kuld 14 kt. Roheline looduslik peridoot 1,42 ct Laboris kasvatatud roosa safiir morganiitv\u00e4rvi - 1,08 ct Laboris kasvatatud kollane safiir - 2,20 ct S\u00f5rmuse suurus 17.0 S\u00f5rmuse kaal 4,60 g.","og_url":"https:\/\/colibri-jewels.eu\/et\/toode\/sarav-kuldne-sormus-peridoodi-ja-laboris-kasvatatud-kollase-ja-roosa-safiiriga-r-8249\/","og_site_name":"Colibri jewels","article_publisher":"https:\/\/www.facebook.com\/colibri.jewels","article_modified_time":"2024-07-15T18:07:41+00:00","og_image":[{"width":1000,"height":1000,"url":"https:\/\/colibri-jewels.eu\/wp-content\/uploads\/2024\/06\/bright-golden-ring-with-big-stones-R-8249-1.jpg","type":"image\/jpeg"}],"twitter_card":"summary_large_image","twitter_misc":{"Est. reading time":"1 minut"},"schema":{"@context":"https:\/\/schema.org","@graph":[{"@type":"WebPage","@id":"https:\/\/colibri-jewels.eu\/et\/toode\/sarav-kuldne-sormus-peridoodi-ja-laboris-kasvatatud-kollase-ja-roosa-safiiriga-r-8249\/","url":"https:\/\/colibri-jewels.eu\/et\/toode\/sarav-kuldne-sormus-peridoodi-ja-laboris-kasvatatud-kollase-ja-roosa-safiiriga-r-8249\/","name":"S\u00e4rav kuldne s\u00f5rmus peridoodi ja laboris kasvatatud kollase ja roosa safiiriga R-8249 - Colibri jewels","isPartOf":{"@id":"https:\/\/colibri-jewels.eu\/et\/#website"},"primaryImageOfPage":{"@id":"https:\/\/colibri-jewels.eu\/et\/toode\/sarav-kuldne-sormus-peridoodi-ja-laboris-kasvatatud-kollase-ja-roosa-safiiriga-r-8249\/#primaryimage"},"image":{"@id":"https:\/\/colibri-jewels.eu\/et\/toode\/sarav-kuldne-sormus-peridoodi-ja-laboris-kasvatatud-kollase-ja-roosa-safiiriga-r-8249\/#primaryimage"},"thumbnailUrl":"https:\/\/colibri-jewels.eu\/wp-content\/uploads\/2024\/06\/bright-golden-ring-with-big-stones-R-8249-1.jpg","datePublished":"2024-07-15T15:32:03+00:00","dateModified":"2024-07-15T18:07:41+00:00","breadcrumb":{"@id":"https:\/\/colibri-jewels.eu\/et\/toode\/sarav-kuldne-sormus-peridoodi-ja-laboris-kasvatatud-kollase-ja-roosa-safiiriga-r-8249\/#breadcrumb"},"inLanguage":"et","potentialAction":[{"@type":"ReadAction","target":["https:\/\/colibri-jewels.eu\/et\/toode\/sarav-kuldne-sormus-peridoodi-ja-laboris-kasvatatud-kollase-ja-roosa-safiiriga-r-8249\/"]}]},{"@type":"ImageObject","inLanguage":"et","@id":"https:\/\/colibri-jewels.eu\/et\/toode\/sarav-kuldne-sormus-peridoodi-ja-laboris-kasvatatud-kollase-ja-roosa-safiiriga-r-8249\/#primaryimage","url":"https:\/\/colibri-jewels.eu\/wp-content\/uploads\/2024\/06\/bright-golden-ring-with-big-stones-R-8249-1.jpg","contentUrl":"https:\/\/colibri-jewels.eu\/wp-content\/uploads\/2024\/06\/bright-golden-ring-with-big-stones-R-8249-1.jpg","width":1000,"height":1000},{"@type":"BreadcrumbList","@id":"https:\/\/colibri-jewels.eu\/et\/toode\/sarav-kuldne-sormus-peridoodi-ja-laboris-kasvatatud-kollase-ja-roosa-safiiriga-r-8249\/#breadcrumb","itemListElement":[{"@type":"ListItem","position":1,"name":"\u0413\u043b\u0430\u0432\u043d\u0430\u044f \u0441\u0442\u0440\u0430\u043d\u0438\u0446\u0430","item":"https:\/\/colibri-jewels.eu\/et\/"},{"@type":"ListItem","position":2,"name":"Pood","item":"https:\/\/colibri-jewels.eu\/et\/pood\/"},{"@type":"ListItem","position":3,"name":"S\u00e4rav kuldne s\u00f5rmus peridoodi ja laboris kasvatatud kollase ja roosa safiiriga R-8249"}]},{"@type":"WebSite","@id":"https:\/\/colibri-jewels.eu\/et\/#website","url":"https:\/\/colibri-jewels.eu\/et\/","name":"Colibri jewels","description":"jewelry shop","publisher":{"@id":"https:\/\/colibri-jewels.eu\/et\/#organization"},"potentialAction":[{"@type":"SearchAction","target":{"@type":"EntryPoint","urlTemplate":"https:\/\/colibri-jewels.eu\/et\/?s={search_term_string}"},"query-input":{"@type":"PropertyValueSpecification","valueRequired":true,"valueName":"search_term_string"}}],"inLanguage":"et"},{"@type":"Organization","@id":"https:\/\/colibri-jewels.eu\/et\/#organization","name":"O\u00dc Colibri","url":"https:\/\/colibri-jewels.eu\/et\/","logo":{"@type":"ImageObject","inLanguage":"et","@id":"https:\/\/colibri-jewels.eu\/et\/#\/schema\/logo\/image\/","url":"https:\/\/dev.colibri-jewels.eu\/wp-content\/uploads\/2021\/03\/colibri.png","contentUrl":"https:\/\/dev.colibri-jewels.eu\/wp-content\/uploads\/2021\/03\/colibri.png","width":227,"height":130,"caption":"O\u00dc Colibri"},"image":{"@id":"https:\/\/colibri-jewels.eu\/et\/#\/schema\/logo\/image\/"},"sameAs":["https:\/\/www.facebook.com\/colibri.jewels","https:\/\/www.instagram.com\/colibri.jewels","https:\/\/www.tiktok.com\/colibri.jewels"]}]}},"_links":{"self":[{"href":"https:\/\/colibri-jewels.eu\/et\/wp-json\/wp\/v2\/product\/41748","targetHints":{"allow":["GET"]}}],"collection":[{"href":"https:\/\/colibri-jewels.eu\/et\/wp-json\/wp\/v2\/product"}],"about":[{"href":"https:\/\/colibri-jewels.eu\/et\/wp-json\/wp\/v2\/types\/product"}],"replies":[{"embeddable":true,"href":"https:\/\/colibri-jewels.eu\/et\/wp-json\/wp\/v2\/comments?post=41748"}],"version-history":[{"count":0,"href":"https:\/\/colibri-jewels.eu\/et\/wp-json\/wp\/v2\/product\/41748\/revisions"}],"wp:featuredmedia":[{"embeddable":true,"href":"https:\/\/colibri-jewels.eu\/et\/wp-json\/wp\/v2\/media\/42052"}],"wp:attachment":[{"href":"https:\/\/colibri-jewels.eu\/et\/wp-json\/wp\/v2\/media?parent=41748"}],"wp:term":[{"taxonomy":"brand","embeddable":true,"href":"https:\/\/colibri-jewels.eu\/et\/wp-json\/wp\/v2\/etheme_brands?post=41748"},{"taxonomy":"product_brand","embeddable":true,"href":"https:\/\/colibri-jewels.eu\/et\/wp-json\/wp\/v2\/product_brand?post=41748"},{"taxonomy":"product_cat","embeddable":true,"href":"https:\/\/colibri-jewels.eu\/et\/wp-json\/wp\/v2\/product_cat?post=41748"},{"taxonomy":"product_tag","embeddable":true,"href":"https:\/\/colibri-jewels.eu\/et\/wp-json\/wp\/v2\/product_tag?post=41748"}],"curies":[{"name":"wp","href":"https:\/\/api.w.org\/{rel}","templated":true}]}}