{"id":41971,"date":"2024-07-01T17:47:49","date_gmt":"2024-07-01T14:47:49","guid":{"rendered":"https:\/\/dev.colibri-jewels.eu\/?post_type=product&#038;p=41971"},"modified":"2024-07-01T20:48:58","modified_gmt":"2024-07-01T17:48:58","slug":"rasked-valgest-ja-kollasest-kullast-abielusormused-belle","status":"publish","type":"product","link":"https:\/\/colibri-jewels.eu\/et\/toode\/rasked-valgest-ja-kollasest-kullast-abielusormused-belle\/","title":{"rendered":"Rasked valgest ja kollasest kullast abielus\u00f5rmused &#8220;Belle&#8221;"},"content":{"rendered":"<p>Laiad soliidsed abielus\u00f5rmused kahest kullav\u00e4rvist \u2013 valgest ja kollasest v\u00f5i roosast.<\/p>\n<p>Iga r\u00f5nga laius on 6,5 mm. Hind on antud s\u00f5rmusepaari eest, \u00fcks s\u00fcnteetiliste kristallidega, teine \u200b\u200bilma.<\/p>\n<p>Kuld 14 kt.<\/p>\n<p>Ligikaudne kaal on 22 g (paari kohta), hind oleneb suurusest. Saab teha ka kergema variandi.<\/p>\n","protected":false},"excerpt":{"rendered":"<p>Laiad soliidsed abielus\u00f5rmused kahest kullav\u00e4rvist \u2013 valgest ja kollasest v\u00f5i roosast.<\/p>\n<p>Iga r\u00f5nga laius on 6,5 mm. Hind on antud s\u00f5rmusepaari eest, \u00fcks s\u00fcnteetiliste kristallidega, teine \u200b\u200bilma.<\/p>\n<p>Kuld 14 kt.<\/p>\n<p>Ligikaudne kaal on 22 g (paari kohta), hind oleneb suurusest. Saab teha ka kergema variandi.<\/p>\n","protected":false},"featured_media":41968,"comment_status":"open","ping_status":"closed","template":"","meta":[],"etheme_brands":[],"product_brand":[],"product_cat":[471],"product_tag":[],"class_list":{"0":"post-41971","1":"product","2":"type-product","3":"status-publish","4":"has-post-thumbnail","6":"product_cat-sormused","8":"first","9":"onbackorder","10":"shipping-taxable","11":"purchasable","12":"product-type-simple"},"acf":[],"yoast_head":"<!-- This site is optimized with the Yoast SEO Premium plugin v26.5 (Yoast SEO v26.8) - https:\/\/yoast.com\/product\/yoast-seo-premium-wordpress\/ -->\n<title>Rasked valgest ja kollasest kullast abielus\u00f5rmused &quot;Belle&quot; - Colibri jewels<\/title>\n<meta name=\"robots\" content=\"index, follow, max-snippet:-1, max-image-preview:large, max-video-preview:-1\" \/>\n<link rel=\"canonical\" href=\"https:\/\/colibri-jewels.eu\/et\/toode\/rasked-valgest-ja-kollasest-kullast-abielusormused-belle\/\" \/>\n<meta property=\"og:locale\" content=\"et_EE\" \/>\n<meta property=\"og:type\" content=\"article\" \/>\n<meta property=\"og:title\" content=\"Rasked valgest ja kollasest kullast abielus\u00f5rmused &quot;Belle&quot;\" \/>\n<meta property=\"og:description\" content=\"Laiad soliidsed abielus\u00f5rmused kahest kullav\u00e4rvist \u2013 valgest ja kollasest v\u00f5i roosast.  Iga r\u00f5nga laius on 6,5 mm. Hind on antud s\u00f5rmusepaari eest, \u00fcks s\u00fcnteetiliste kristallidega, teine \u200b\u200bilma.  Kuld 14 kt.  Ligikaudne kaal on 22 g (paari kohta), hind oleneb suurusest. Saab teha ka kergema variandi.\" \/>\n<meta property=\"og:url\" content=\"https:\/\/colibri-jewels.eu\/et\/toode\/rasked-valgest-ja-kollasest-kullast-abielusormused-belle\/\" \/>\n<meta property=\"og:site_name\" content=\"Colibri jewels\" \/>\n<meta property=\"article:publisher\" content=\"https:\/\/www.facebook.com\/colibri.jewels\" \/>\n<meta property=\"article:modified_time\" content=\"2024-07-01T17:48:58+00:00\" \/>\n<meta property=\"og:image\" content=\"https:\/\/colibri-jewels.eu\/wp-content\/uploads\/2024\/07\/wedding-ring-set-Belle.jpg\" \/>\n\t<meta property=\"og:image:width\" content=\"1000\" \/>\n\t<meta property=\"og:image:height\" content=\"1000\" \/>\n\t<meta property=\"og:image:type\" content=\"image\/jpeg\" \/>\n<meta name=\"twitter:card\" content=\"summary_large_image\" \/>\n<script type=\"application\/ld+json\" class=\"yoast-schema-graph\">{\"@context\":\"https:\/\/schema.org\",\"@graph\":[{\"@type\":\"WebPage\",\"@id\":\"https:\/\/colibri-jewels.eu\/et\/toode\/rasked-valgest-ja-kollasest-kullast-abielusormused-belle\/\",\"url\":\"https:\/\/colibri-jewels.eu\/et\/toode\/rasked-valgest-ja-kollasest-kullast-abielusormused-belle\/\",\"name\":\"Rasked valgest ja kollasest kullast abielus\u00f5rmused \\\"Belle\\\" - Colibri jewels\",\"isPartOf\":{\"@id\":\"https:\/\/colibri-jewels.eu\/et\/#website\"},\"primaryImageOfPage\":{\"@id\":\"https:\/\/colibri-jewels.eu\/et\/toode\/rasked-valgest-ja-kollasest-kullast-abielusormused-belle\/#primaryimage\"},\"image\":{\"@id\":\"https:\/\/colibri-jewels.eu\/et\/toode\/rasked-valgest-ja-kollasest-kullast-abielusormused-belle\/#primaryimage\"},\"thumbnailUrl\":\"https:\/\/colibri-jewels.eu\/wp-content\/uploads\/2024\/07\/wedding-ring-set-Belle.jpg\",\"datePublished\":\"2024-07-01T14:47:49+00:00\",\"dateModified\":\"2024-07-01T17:48:58+00:00\",\"breadcrumb\":{\"@id\":\"https:\/\/colibri-jewels.eu\/et\/toode\/rasked-valgest-ja-kollasest-kullast-abielusormused-belle\/#breadcrumb\"},\"inLanguage\":\"et\",\"potentialAction\":[{\"@type\":\"ReadAction\",\"target\":[\"https:\/\/colibri-jewels.eu\/et\/toode\/rasked-valgest-ja-kollasest-kullast-abielusormused-belle\/\"]}]},{\"@type\":\"ImageObject\",\"inLanguage\":\"et\",\"@id\":\"https:\/\/colibri-jewels.eu\/et\/toode\/rasked-valgest-ja-kollasest-kullast-abielusormused-belle\/#primaryimage\",\"url\":\"https:\/\/colibri-jewels.eu\/wp-content\/uploads\/2024\/07\/wedding-ring-set-Belle.jpg\",\"contentUrl\":\"https:\/\/colibri-jewels.eu\/wp-content\/uploads\/2024\/07\/wedding-ring-set-Belle.jpg\",\"width\":1000,\"height\":1000},{\"@type\":\"BreadcrumbList\",\"@id\":\"https:\/\/colibri-jewels.eu\/et\/toode\/rasked-valgest-ja-kollasest-kullast-abielusormused-belle\/#breadcrumb\",\"itemListElement\":[{\"@type\":\"ListItem\",\"position\":1,\"name\":\"\u0413\u043b\u0430\u0432\u043d\u0430\u044f \u0441\u0442\u0440\u0430\u043d\u0438\u0446\u0430\",\"item\":\"https:\/\/colibri-jewels.eu\/et\/\"},{\"@type\":\"ListItem\",\"position\":2,\"name\":\"Pood\",\"item\":\"https:\/\/colibri-jewels.eu\/et\/pood\/\"},{\"@type\":\"ListItem\",\"position\":3,\"name\":\"Rasked valgest ja kollasest kullast abielus\u00f5rmused &#8220;Belle&#8221;\"}]},{\"@type\":\"WebSite\",\"@id\":\"https:\/\/colibri-jewels.eu\/et\/#website\",\"url\":\"https:\/\/colibri-jewels.eu\/et\/\",\"name\":\"Colibri jewels\",\"description\":\"jewelry shop\",\"publisher\":{\"@id\":\"https:\/\/colibri-jewels.eu\/et\/#organization\"},\"potentialAction\":[{\"@type\":\"SearchAction\",\"target\":{\"@type\":\"EntryPoint\",\"urlTemplate\":\"https:\/\/colibri-jewels.eu\/et\/?s={search_term_string}\"},\"query-input\":{\"@type\":\"PropertyValueSpecification\",\"valueRequired\":true,\"valueName\":\"search_term_string\"}}],\"inLanguage\":\"et\"},{\"@type\":\"Organization\",\"@id\":\"https:\/\/colibri-jewels.eu\/et\/#organization\",\"name\":\"O\u00dc Colibri\",\"url\":\"https:\/\/colibri-jewels.eu\/et\/\",\"logo\":{\"@type\":\"ImageObject\",\"inLanguage\":\"et\",\"@id\":\"https:\/\/colibri-jewels.eu\/et\/#\/schema\/logo\/image\/\",\"url\":\"https:\/\/dev.colibri-jewels.eu\/wp-content\/uploads\/2021\/03\/colibri.png\",\"contentUrl\":\"https:\/\/dev.colibri-jewels.eu\/wp-content\/uploads\/2021\/03\/colibri.png\",\"width\":227,\"height\":130,\"caption\":\"O\u00dc Colibri\"},\"image\":{\"@id\":\"https:\/\/colibri-jewels.eu\/et\/#\/schema\/logo\/image\/\"},\"sameAs\":[\"https:\/\/www.facebook.com\/colibri.jewels\",\"https:\/\/www.instagram.com\/colibri.jewels\",\"https:\/\/www.tiktok.com\/colibri.jewels\"]}]}<\/script>\n<!-- \/ Yoast SEO Premium plugin. -->","yoast_head_json":{"title":"Rasked valgest ja kollasest kullast abielus\u00f5rmused \"Belle\" - Colibri jewels","robots":{"index":"index","follow":"follow","max-snippet":"max-snippet:-1","max-image-preview":"max-image-preview:large","max-video-preview":"max-video-preview:-1"},"canonical":"https:\/\/colibri-jewels.eu\/et\/toode\/rasked-valgest-ja-kollasest-kullast-abielusormused-belle\/","og_locale":"et_EE","og_type":"article","og_title":"Rasked valgest ja kollasest kullast abielus\u00f5rmused \"Belle\"","og_description":"Laiad soliidsed abielus\u00f5rmused kahest kullav\u00e4rvist \u2013 valgest ja kollasest v\u00f5i roosast.  Iga r\u00f5nga laius on 6,5 mm. Hind on antud s\u00f5rmusepaari eest, \u00fcks s\u00fcnteetiliste kristallidega, teine \u200b\u200bilma.  Kuld 14 kt.  Ligikaudne kaal on 22 g (paari kohta), hind oleneb suurusest. Saab teha ka kergema variandi.","og_url":"https:\/\/colibri-jewels.eu\/et\/toode\/rasked-valgest-ja-kollasest-kullast-abielusormused-belle\/","og_site_name":"Colibri jewels","article_publisher":"https:\/\/www.facebook.com\/colibri.jewels","article_modified_time":"2024-07-01T17:48:58+00:00","og_image":[{"width":1000,"height":1000,"url":"https:\/\/colibri-jewels.eu\/wp-content\/uploads\/2024\/07\/wedding-ring-set-Belle.jpg","type":"image\/jpeg"}],"twitter_card":"summary_large_image","schema":{"@context":"https:\/\/schema.org","@graph":[{"@type":"WebPage","@id":"https:\/\/colibri-jewels.eu\/et\/toode\/rasked-valgest-ja-kollasest-kullast-abielusormused-belle\/","url":"https:\/\/colibri-jewels.eu\/et\/toode\/rasked-valgest-ja-kollasest-kullast-abielusormused-belle\/","name":"Rasked valgest ja kollasest kullast abielus\u00f5rmused \"Belle\" - Colibri jewels","isPartOf":{"@id":"https:\/\/colibri-jewels.eu\/et\/#website"},"primaryImageOfPage":{"@id":"https:\/\/colibri-jewels.eu\/et\/toode\/rasked-valgest-ja-kollasest-kullast-abielusormused-belle\/#primaryimage"},"image":{"@id":"https:\/\/colibri-jewels.eu\/et\/toode\/rasked-valgest-ja-kollasest-kullast-abielusormused-belle\/#primaryimage"},"thumbnailUrl":"https:\/\/colibri-jewels.eu\/wp-content\/uploads\/2024\/07\/wedding-ring-set-Belle.jpg","datePublished":"2024-07-01T14:47:49+00:00","dateModified":"2024-07-01T17:48:58+00:00","breadcrumb":{"@id":"https:\/\/colibri-jewels.eu\/et\/toode\/rasked-valgest-ja-kollasest-kullast-abielusormused-belle\/#breadcrumb"},"inLanguage":"et","potentialAction":[{"@type":"ReadAction","target":["https:\/\/colibri-jewels.eu\/et\/toode\/rasked-valgest-ja-kollasest-kullast-abielusormused-belle\/"]}]},{"@type":"ImageObject","inLanguage":"et","@id":"https:\/\/colibri-jewels.eu\/et\/toode\/rasked-valgest-ja-kollasest-kullast-abielusormused-belle\/#primaryimage","url":"https:\/\/colibri-jewels.eu\/wp-content\/uploads\/2024\/07\/wedding-ring-set-Belle.jpg","contentUrl":"https:\/\/colibri-jewels.eu\/wp-content\/uploads\/2024\/07\/wedding-ring-set-Belle.jpg","width":1000,"height":1000},{"@type":"BreadcrumbList","@id":"https:\/\/colibri-jewels.eu\/et\/toode\/rasked-valgest-ja-kollasest-kullast-abielusormused-belle\/#breadcrumb","itemListElement":[{"@type":"ListItem","position":1,"name":"\u0413\u043b\u0430\u0432\u043d\u0430\u044f \u0441\u0442\u0440\u0430\u043d\u0438\u0446\u0430","item":"https:\/\/colibri-jewels.eu\/et\/"},{"@type":"ListItem","position":2,"name":"Pood","item":"https:\/\/colibri-jewels.eu\/et\/pood\/"},{"@type":"ListItem","position":3,"name":"Rasked valgest ja kollasest kullast abielus\u00f5rmused &#8220;Belle&#8221;"}]},{"@type":"WebSite","@id":"https:\/\/colibri-jewels.eu\/et\/#website","url":"https:\/\/colibri-jewels.eu\/et\/","name":"Colibri jewels","description":"jewelry shop","publisher":{"@id":"https:\/\/colibri-jewels.eu\/et\/#organization"},"potentialAction":[{"@type":"SearchAction","target":{"@type":"EntryPoint","urlTemplate":"https:\/\/colibri-jewels.eu\/et\/?s={search_term_string}"},"query-input":{"@type":"PropertyValueSpecification","valueRequired":true,"valueName":"search_term_string"}}],"inLanguage":"et"},{"@type":"Organization","@id":"https:\/\/colibri-jewels.eu\/et\/#organization","name":"O\u00dc Colibri","url":"https:\/\/colibri-jewels.eu\/et\/","logo":{"@type":"ImageObject","inLanguage":"et","@id":"https:\/\/colibri-jewels.eu\/et\/#\/schema\/logo\/image\/","url":"https:\/\/dev.colibri-jewels.eu\/wp-content\/uploads\/2021\/03\/colibri.png","contentUrl":"https:\/\/dev.colibri-jewels.eu\/wp-content\/uploads\/2021\/03\/colibri.png","width":227,"height":130,"caption":"O\u00dc Colibri"},"image":{"@id":"https:\/\/colibri-jewels.eu\/et\/#\/schema\/logo\/image\/"},"sameAs":["https:\/\/www.facebook.com\/colibri.jewels","https:\/\/www.instagram.com\/colibri.jewels","https:\/\/www.tiktok.com\/colibri.jewels"]}]}},"_links":{"self":[{"href":"https:\/\/colibri-jewels.eu\/et\/wp-json\/wp\/v2\/product\/41971","targetHints":{"allow":["GET"]}}],"collection":[{"href":"https:\/\/colibri-jewels.eu\/et\/wp-json\/wp\/v2\/product"}],"about":[{"href":"https:\/\/colibri-jewels.eu\/et\/wp-json\/wp\/v2\/types\/product"}],"replies":[{"embeddable":true,"href":"https:\/\/colibri-jewels.eu\/et\/wp-json\/wp\/v2\/comments?post=41971"}],"version-history":[{"count":0,"href":"https:\/\/colibri-jewels.eu\/et\/wp-json\/wp\/v2\/product\/41971\/revisions"}],"wp:featuredmedia":[{"embeddable":true,"href":"https:\/\/colibri-jewels.eu\/et\/wp-json\/wp\/v2\/media\/41968"}],"wp:attachment":[{"href":"https:\/\/colibri-jewels.eu\/et\/wp-json\/wp\/v2\/media?parent=41971"}],"wp:term":[{"taxonomy":"brand","embeddable":true,"href":"https:\/\/colibri-jewels.eu\/et\/wp-json\/wp\/v2\/etheme_brands?post=41971"},{"taxonomy":"product_brand","embeddable":true,"href":"https:\/\/colibri-jewels.eu\/et\/wp-json\/wp\/v2\/product_brand?post=41971"},{"taxonomy":"product_cat","embeddable":true,"href":"https:\/\/colibri-jewels.eu\/et\/wp-json\/wp\/v2\/product_cat?post=41971"},{"taxonomy":"product_tag","embeddable":true,"href":"https:\/\/colibri-jewels.eu\/et\/wp-json\/wp\/v2\/product_tag?post=41971"}],"curies":[{"name":"wp","href":"https:\/\/api.w.org\/{rel}","templated":true}]}}