{"id":42108,"date":"2024-07-15T23:01:20","date_gmt":"2024-07-15T20:01:20","guid":{"rendered":"https:\/\/dev.colibri-jewels.eu\/?post_type=product&#038;p=42108"},"modified":"2024-07-15T23:08:44","modified_gmt":"2024-07-15T20:08:44","slug":"kuulsusrikas-hobedast-ripats-au-kangelastele","status":"publish","type":"product","link":"https:\/\/colibri-jewels.eu\/et\/toode\/kuulsusrikas-hobedast-ripats-au-kangelastele\/","title":{"rendered":"Kuulsusrikas h\u00f5bedast ripats &#8220;Au kangelastele&#8221;"},"content":{"rendered":"<p>Sellel suurep\u00e4rasel h\u00f5bedast ripatsil on v\u00f5imas vastus loosungile &#8220;Slava Ukraini&#8221; (Au Ukrainale) &#8211; &#8220;Au kangelastele!&#8221;, mis on keerukalt graveeritud s\u00fcmboliseerima nii v\u00e4gevust kui ka vastupidavust. See fraas on \u00fcletanud oma p\u00e4ritolu, saades lootuse majakaks ja Venemaa sissetungi j\u00e4rgse vabadusv\u00f5itluse s\u00fcmboliks. Iga t\u00e4ht on meisterlikult valmistatud ja moodustab Ukraina riigiembleemi \u2013 Trident \u2013 \u200b\u200bkuju, peegeldades vabaduse ja suver\u00e4\u00e4nsuse eest seisjate vankumatut vaimu. Kandke seda ripatsit kui solidaarsusavaldust ja austust kestvale rahu ja iseseisvuse p\u00fc\u00fcdlusele.<\/p>\n<p>Ripats on \u00fcsna suur, h\u00f5bedast, roodiumkattega.<\/p>\n<p>Ripatsi keskmine kaal on 6,60 g.<\/p>\n","protected":false},"excerpt":{"rendered":"<p>Sellel suurep\u00e4rasel h\u00f5bedast ripatsil on v\u00f5imas vastus loosungile &#8220;Slava Ukraini&#8221; (Au Ukrainale) &#8211; &#8220;Au kangelastele!&#8221;, mis on keerukalt graveeritud s\u00fcmboliseerima nii v\u00e4gevust kui ka vastupidavust&#8230;.<\/p>\n","protected":false},"featured_media":42105,"comment_status":"open","ping_status":"closed","template":"","meta":[],"etheme_brands":[],"product_brand":[],"product_cat":[470],"product_tag":[738],"class_list":{"0":"post-42108","1":"product","2":"type-product","3":"status-publish","4":"has-post-thumbnail","6":"product_cat-kaelakeed-ja-ripatsid","7":"product_tag-ukraina-sumboolika","9":"first","10":"instock","11":"shipping-taxable","12":"purchasable","13":"product-type-simple"},"acf":[],"yoast_head":"<!-- This site is optimized with the Yoast SEO Premium plugin v26.5 (Yoast SEO v26.8) - https:\/\/yoast.com\/product\/yoast-seo-premium-wordpress\/ -->\n<title>Kuulsusrikas h\u00f5bedast ripats &quot;Au kangelastele&quot; - Colibri jewels<\/title>\n<meta name=\"robots\" content=\"index, follow, max-snippet:-1, max-image-preview:large, max-video-preview:-1\" \/>\n<link rel=\"canonical\" href=\"https:\/\/colibri-jewels.eu\/et\/toode\/kuulsusrikas-hobedast-ripats-au-kangelastele\/\" \/>\n<meta property=\"og:locale\" content=\"et_EE\" \/>\n<meta property=\"og:type\" content=\"article\" \/>\n<meta property=\"og:title\" content=\"Kuulsusrikas h\u00f5bedast ripats &quot;Au kangelastele&quot;\" \/>\n<meta property=\"og:description\" content=\"Sellel suurep\u00e4rasel h\u00f5bedast ripatsil on v\u00f5imas vastus loosungile &#8220;Slava Ukraini&#8221; (Au Ukrainale) &#8211; &#8220;Au kangelastele!&#8221;, mis on keerukalt graveeritud s\u00fcmboliseerima nii v\u00e4gevust kui ka vastupidavust....\" \/>\n<meta property=\"og:url\" content=\"https:\/\/colibri-jewels.eu\/et\/toode\/kuulsusrikas-hobedast-ripats-au-kangelastele\/\" \/>\n<meta property=\"og:site_name\" content=\"Colibri jewels\" \/>\n<meta property=\"article:publisher\" content=\"https:\/\/www.facebook.com\/colibri.jewels\" \/>\n<meta property=\"article:modified_time\" content=\"2024-07-15T20:08:44+00:00\" \/>\n<meta property=\"og:image\" content=\"https:\/\/colibri-jewels.eu\/wp-content\/uploads\/2024\/07\/big-silver-pendant-with-trident-awe-to-heroes.jpg\" \/>\n\t<meta property=\"og:image:width\" content=\"1000\" \/>\n\t<meta property=\"og:image:height\" content=\"1000\" \/>\n\t<meta property=\"og:image:type\" content=\"image\/jpeg\" \/>\n<meta name=\"twitter:card\" content=\"summary_large_image\" \/>\n<script type=\"application\/ld+json\" class=\"yoast-schema-graph\">{\"@context\":\"https:\/\/schema.org\",\"@graph\":[{\"@type\":\"WebPage\",\"@id\":\"https:\/\/colibri-jewels.eu\/et\/toode\/kuulsusrikas-hobedast-ripats-au-kangelastele\/\",\"url\":\"https:\/\/colibri-jewels.eu\/et\/toode\/kuulsusrikas-hobedast-ripats-au-kangelastele\/\",\"name\":\"Kuulsusrikas h\u00f5bedast ripats \\\"Au kangelastele\\\" - Colibri jewels\",\"isPartOf\":{\"@id\":\"https:\/\/colibri-jewels.eu\/et\/#website\"},\"primaryImageOfPage\":{\"@id\":\"https:\/\/colibri-jewels.eu\/et\/toode\/kuulsusrikas-hobedast-ripats-au-kangelastele\/#primaryimage\"},\"image\":{\"@id\":\"https:\/\/colibri-jewels.eu\/et\/toode\/kuulsusrikas-hobedast-ripats-au-kangelastele\/#primaryimage\"},\"thumbnailUrl\":\"https:\/\/colibri-jewels.eu\/wp-content\/uploads\/2024\/07\/big-silver-pendant-with-trident-awe-to-heroes.jpg\",\"datePublished\":\"2024-07-15T20:01:20+00:00\",\"dateModified\":\"2024-07-15T20:08:44+00:00\",\"breadcrumb\":{\"@id\":\"https:\/\/colibri-jewels.eu\/et\/toode\/kuulsusrikas-hobedast-ripats-au-kangelastele\/#breadcrumb\"},\"inLanguage\":\"et\",\"potentialAction\":[{\"@type\":\"ReadAction\",\"target\":[\"https:\/\/colibri-jewels.eu\/et\/toode\/kuulsusrikas-hobedast-ripats-au-kangelastele\/\"]}]},{\"@type\":\"ImageObject\",\"inLanguage\":\"et\",\"@id\":\"https:\/\/colibri-jewels.eu\/et\/toode\/kuulsusrikas-hobedast-ripats-au-kangelastele\/#primaryimage\",\"url\":\"https:\/\/colibri-jewels.eu\/wp-content\/uploads\/2024\/07\/big-silver-pendant-with-trident-awe-to-heroes.jpg\",\"contentUrl\":\"https:\/\/colibri-jewels.eu\/wp-content\/uploads\/2024\/07\/big-silver-pendant-with-trident-awe-to-heroes.jpg\",\"width\":1000,\"height\":1000},{\"@type\":\"BreadcrumbList\",\"@id\":\"https:\/\/colibri-jewels.eu\/et\/toode\/kuulsusrikas-hobedast-ripats-au-kangelastele\/#breadcrumb\",\"itemListElement\":[{\"@type\":\"ListItem\",\"position\":1,\"name\":\"\u0413\u043b\u0430\u0432\u043d\u0430\u044f \u0441\u0442\u0440\u0430\u043d\u0438\u0446\u0430\",\"item\":\"https:\/\/colibri-jewels.eu\/et\/\"},{\"@type\":\"ListItem\",\"position\":2,\"name\":\"Pood\",\"item\":\"https:\/\/colibri-jewels.eu\/et\/pood\/\"},{\"@type\":\"ListItem\",\"position\":3,\"name\":\"Kuulsusrikas h\u00f5bedast ripats &#8220;Au kangelastele&#8221;\"}]},{\"@type\":\"WebSite\",\"@id\":\"https:\/\/colibri-jewels.eu\/et\/#website\",\"url\":\"https:\/\/colibri-jewels.eu\/et\/\",\"name\":\"Colibri jewels\",\"description\":\"jewelry shop\",\"publisher\":{\"@id\":\"https:\/\/colibri-jewels.eu\/et\/#organization\"},\"potentialAction\":[{\"@type\":\"SearchAction\",\"target\":{\"@type\":\"EntryPoint\",\"urlTemplate\":\"https:\/\/colibri-jewels.eu\/et\/?s={search_term_string}\"},\"query-input\":{\"@type\":\"PropertyValueSpecification\",\"valueRequired\":true,\"valueName\":\"search_term_string\"}}],\"inLanguage\":\"et\"},{\"@type\":\"Organization\",\"@id\":\"https:\/\/colibri-jewels.eu\/et\/#organization\",\"name\":\"O\u00dc Colibri\",\"url\":\"https:\/\/colibri-jewels.eu\/et\/\",\"logo\":{\"@type\":\"ImageObject\",\"inLanguage\":\"et\",\"@id\":\"https:\/\/colibri-jewels.eu\/et\/#\/schema\/logo\/image\/\",\"url\":\"https:\/\/dev.colibri-jewels.eu\/wp-content\/uploads\/2021\/03\/colibri.png\",\"contentUrl\":\"https:\/\/dev.colibri-jewels.eu\/wp-content\/uploads\/2021\/03\/colibri.png\",\"width\":227,\"height\":130,\"caption\":\"O\u00dc Colibri\"},\"image\":{\"@id\":\"https:\/\/colibri-jewels.eu\/et\/#\/schema\/logo\/image\/\"},\"sameAs\":[\"https:\/\/www.facebook.com\/colibri.jewels\",\"https:\/\/www.instagram.com\/colibri.jewels\",\"https:\/\/www.tiktok.com\/colibri.jewels\"]}]}<\/script>\n<!-- \/ Yoast SEO Premium plugin. -->","yoast_head_json":{"title":"Kuulsusrikas h\u00f5bedast ripats \"Au kangelastele\" - Colibri jewels","robots":{"index":"index","follow":"follow","max-snippet":"max-snippet:-1","max-image-preview":"max-image-preview:large","max-video-preview":"max-video-preview:-1"},"canonical":"https:\/\/colibri-jewels.eu\/et\/toode\/kuulsusrikas-hobedast-ripats-au-kangelastele\/","og_locale":"et_EE","og_type":"article","og_title":"Kuulsusrikas h\u00f5bedast ripats \"Au kangelastele\"","og_description":"Sellel suurep\u00e4rasel h\u00f5bedast ripatsil on v\u00f5imas vastus loosungile &#8220;Slava Ukraini&#8221; (Au Ukrainale) &#8211; &#8220;Au kangelastele!&#8221;, mis on keerukalt graveeritud s\u00fcmboliseerima nii v\u00e4gevust kui ka vastupidavust....","og_url":"https:\/\/colibri-jewels.eu\/et\/toode\/kuulsusrikas-hobedast-ripats-au-kangelastele\/","og_site_name":"Colibri jewels","article_publisher":"https:\/\/www.facebook.com\/colibri.jewels","article_modified_time":"2024-07-15T20:08:44+00:00","og_image":[{"width":1000,"height":1000,"url":"https:\/\/colibri-jewels.eu\/wp-content\/uploads\/2024\/07\/big-silver-pendant-with-trident-awe-to-heroes.jpg","type":"image\/jpeg"}],"twitter_card":"summary_large_image","schema":{"@context":"https:\/\/schema.org","@graph":[{"@type":"WebPage","@id":"https:\/\/colibri-jewels.eu\/et\/toode\/kuulsusrikas-hobedast-ripats-au-kangelastele\/","url":"https:\/\/colibri-jewels.eu\/et\/toode\/kuulsusrikas-hobedast-ripats-au-kangelastele\/","name":"Kuulsusrikas h\u00f5bedast ripats \"Au kangelastele\" - Colibri jewels","isPartOf":{"@id":"https:\/\/colibri-jewels.eu\/et\/#website"},"primaryImageOfPage":{"@id":"https:\/\/colibri-jewels.eu\/et\/toode\/kuulsusrikas-hobedast-ripats-au-kangelastele\/#primaryimage"},"image":{"@id":"https:\/\/colibri-jewels.eu\/et\/toode\/kuulsusrikas-hobedast-ripats-au-kangelastele\/#primaryimage"},"thumbnailUrl":"https:\/\/colibri-jewels.eu\/wp-content\/uploads\/2024\/07\/big-silver-pendant-with-trident-awe-to-heroes.jpg","datePublished":"2024-07-15T20:01:20+00:00","dateModified":"2024-07-15T20:08:44+00:00","breadcrumb":{"@id":"https:\/\/colibri-jewels.eu\/et\/toode\/kuulsusrikas-hobedast-ripats-au-kangelastele\/#breadcrumb"},"inLanguage":"et","potentialAction":[{"@type":"ReadAction","target":["https:\/\/colibri-jewels.eu\/et\/toode\/kuulsusrikas-hobedast-ripats-au-kangelastele\/"]}]},{"@type":"ImageObject","inLanguage":"et","@id":"https:\/\/colibri-jewels.eu\/et\/toode\/kuulsusrikas-hobedast-ripats-au-kangelastele\/#primaryimage","url":"https:\/\/colibri-jewels.eu\/wp-content\/uploads\/2024\/07\/big-silver-pendant-with-trident-awe-to-heroes.jpg","contentUrl":"https:\/\/colibri-jewels.eu\/wp-content\/uploads\/2024\/07\/big-silver-pendant-with-trident-awe-to-heroes.jpg","width":1000,"height":1000},{"@type":"BreadcrumbList","@id":"https:\/\/colibri-jewels.eu\/et\/toode\/kuulsusrikas-hobedast-ripats-au-kangelastele\/#breadcrumb","itemListElement":[{"@type":"ListItem","position":1,"name":"\u0413\u043b\u0430\u0432\u043d\u0430\u044f \u0441\u0442\u0440\u0430\u043d\u0438\u0446\u0430","item":"https:\/\/colibri-jewels.eu\/et\/"},{"@type":"ListItem","position":2,"name":"Pood","item":"https:\/\/colibri-jewels.eu\/et\/pood\/"},{"@type":"ListItem","position":3,"name":"Kuulsusrikas h\u00f5bedast ripats &#8220;Au kangelastele&#8221;"}]},{"@type":"WebSite","@id":"https:\/\/colibri-jewels.eu\/et\/#website","url":"https:\/\/colibri-jewels.eu\/et\/","name":"Colibri jewels","description":"jewelry shop","publisher":{"@id":"https:\/\/colibri-jewels.eu\/et\/#organization"},"potentialAction":[{"@type":"SearchAction","target":{"@type":"EntryPoint","urlTemplate":"https:\/\/colibri-jewels.eu\/et\/?s={search_term_string}"},"query-input":{"@type":"PropertyValueSpecification","valueRequired":true,"valueName":"search_term_string"}}],"inLanguage":"et"},{"@type":"Organization","@id":"https:\/\/colibri-jewels.eu\/et\/#organization","name":"O\u00dc Colibri","url":"https:\/\/colibri-jewels.eu\/et\/","logo":{"@type":"ImageObject","inLanguage":"et","@id":"https:\/\/colibri-jewels.eu\/et\/#\/schema\/logo\/image\/","url":"https:\/\/dev.colibri-jewels.eu\/wp-content\/uploads\/2021\/03\/colibri.png","contentUrl":"https:\/\/dev.colibri-jewels.eu\/wp-content\/uploads\/2021\/03\/colibri.png","width":227,"height":130,"caption":"O\u00dc Colibri"},"image":{"@id":"https:\/\/colibri-jewels.eu\/et\/#\/schema\/logo\/image\/"},"sameAs":["https:\/\/www.facebook.com\/colibri.jewels","https:\/\/www.instagram.com\/colibri.jewels","https:\/\/www.tiktok.com\/colibri.jewels"]}]}},"_links":{"self":[{"href":"https:\/\/colibri-jewels.eu\/et\/wp-json\/wp\/v2\/product\/42108","targetHints":{"allow":["GET"]}}],"collection":[{"href":"https:\/\/colibri-jewels.eu\/et\/wp-json\/wp\/v2\/product"}],"about":[{"href":"https:\/\/colibri-jewels.eu\/et\/wp-json\/wp\/v2\/types\/product"}],"replies":[{"embeddable":true,"href":"https:\/\/colibri-jewels.eu\/et\/wp-json\/wp\/v2\/comments?post=42108"}],"version-history":[{"count":0,"href":"https:\/\/colibri-jewels.eu\/et\/wp-json\/wp\/v2\/product\/42108\/revisions"}],"wp:featuredmedia":[{"embeddable":true,"href":"https:\/\/colibri-jewels.eu\/et\/wp-json\/wp\/v2\/media\/42105"}],"wp:attachment":[{"href":"https:\/\/colibri-jewels.eu\/et\/wp-json\/wp\/v2\/media?parent=42108"}],"wp:term":[{"taxonomy":"brand","embeddable":true,"href":"https:\/\/colibri-jewels.eu\/et\/wp-json\/wp\/v2\/etheme_brands?post=42108"},{"taxonomy":"product_brand","embeddable":true,"href":"https:\/\/colibri-jewels.eu\/et\/wp-json\/wp\/v2\/product_brand?post=42108"},{"taxonomy":"product_cat","embeddable":true,"href":"https:\/\/colibri-jewels.eu\/et\/wp-json\/wp\/v2\/product_cat?post=42108"},{"taxonomy":"product_tag","embeddable":true,"href":"https:\/\/colibri-jewels.eu\/et\/wp-json\/wp\/v2\/product_tag?post=42108"}],"curies":[{"name":"wp","href":"https:\/\/api.w.org\/{rel}","templated":true}]}}