{"id":42366,"date":"2025-03-27T14:00:05","date_gmt":"2025-03-27T12:00:05","guid":{"rendered":"https:\/\/dev.colibri-jewels.eu\/?post_type=product&#038;p=42366"},"modified":"2025-03-27T14:25:54","modified_gmt":"2025-03-27T12:25:54","slug":"eksklusiivne-valgest-kullast-sormus-2-ct-moissaniidiga-r-00839","status":"publish","type":"product","link":"https:\/\/colibri-jewels.eu\/et\/toode\/eksklusiivne-valgest-kullast-sormus-2-ct-moissaniidiga-r-00839\/","title":{"rendered":"Eksklusiivne valgest kullast s\u00f5rmus 2 ct laboriteemandiga &#8220;Elara&#8221;"},"content":{"rendered":"<h5 data-start=\"603\" data-end=\"661\"><strong data-start=\"608\" data-end=\"659\">Elara s\u00f5rmus \u2013 graatsia ja s\u00e4ra igas joonis<\/strong><\/h5>\n<p class=\"\" data-start=\"663\" data-end=\"988\"><strong data-start=\"667\" data-end=\"676\">Elara<\/strong> s\u00f5rmus on rafineerituse ja kaasaegse minimalismi kehastus. Suursugune <strong data-start=\"752\" data-end=\"790\">2-karaadine pirnikujuline laboris kasvatatud teemant<\/strong> s\u00e4rab nagu valguse kild ajas. Selle puhtust ja s\u00e4ra t\u00e4iendab stiilne <strong data-start=\"840\" data-end=\"858\">585 valgest kullast<\/strong> disain, mis \u00fchendab klassikalise elegantsi ja modernse lihtsuse.  <\/p>\n<h5 data-start=\"990\" data-end=\"1020\"><strong data-start=\"995\" data-end=\"1018\">Elara legend<\/strong><\/h5>\n<p class=\"\" data-start=\"1021\" data-end=\"1413\">Elara on \u00fcks Jupiteri kaaslastest, mida \u00fcmbritseb m\u00fcstiline kuma ja taevalik s\u00e4ra. Legendi j\u00e4rgi kandis seda nime ka iidsed n\u00fcmf, kelle ilu varjutas isegi t\u00e4hed. Tema pisarad, mida jumalad muutsid kalliskividena helkivateks tilkadeks, said igavese armastuse ja jumaliku valguse s\u00fcmboliks. <strong data-start=\"1316\" data-end=\"1325\">Elara <\/strong>s\u00f5rmus hoiab seda legendi, meenutades, et t\u00f5eline s\u00e4ra tuleb alati seestpoolt.   <\/p>\n<h5 data-start=\"1703\" data-end=\"1739\"><strong data-start=\"1707\" data-end=\"1737\">Miks valida Elara s\u00f5rmus?<\/strong><\/h5>\n<p class=\"\" data-start=\"1740\" data-end=\"2130\">Stiilne minimalistlik disain \u2013 r\u00f5hutab teemandi loomulikku ilu<br data-start=\"1812\" data-end=\"1815\">\u2714 Laboris kasvatatud teemant \u2013 eetiline ja keskkonnas\u00f5bralik valik kompromissitu kvaliteediga<br data-start=\"1898\" data-end=\"1901\">\u2714 <strong data-start=\"1903\" data-end=\"1931\">E v\u00e4rvus ja VVS2 puhtus<\/strong> \u2013 tipptasemel omadused erakordse s\u00e4ra jaoks<br data-start=\"1985\" data-end=\"1988\">\u2714 Sertifitseeritud autentsus \u2013 kinnitab teemandi puhtust ja p\u00e4ritolu<br data-start=\"2055\" data-end=\"2058\">\u2714 Igavese s\u00e4ra s\u00fcmbol \u2013 ideaalne kingitus erilisteks hetkedeks<\/p>\n<p class=\"\" data-start=\"2132\" data-end=\"2231\">Las <strong data-start=\"2136\" data-end=\"2145\">Elara<\/strong> saab sinu isiklikuks talismaniks, mis peegeldab armastuse s\u00e4ra ja peent maitset.<\/p>\n<p>&nbsp;<\/p>\n<p class=\"\" data-start=\"2233\" data-end=\"2268\">\ud83d\udccc <strong data-start=\"2236\" data-end=\"2256\">Valmistamise aeg<\/strong>: 4-5 n\u00e4dalat<\/p>\n","protected":false},"excerpt":{"rendered":"<h6 style=\"font-family: 'Open Sans', sans-serif; font-style: normal; text-decoration-thickness: initial; text-decoration-style: initial; text-decoration-color: initial;\" data-start=\"1415\" data-end=\"1440\"><strong data-start=\"1419\" data-end=\"1438\">Spetsifikatsioonid:<\/strong><\/h6>\n<ul data-start=\"1441\" data-end=\"1701\">\n<li class=\"\" data-start=\"1441\" data-end=\"1470\">\n<p class=\"\" data-start=\"1443\" data-end=\"1470\"><strong data-start=\"1443\" data-end=\"1452\">Metall<\/strong>: 585 valge kuld<\/p>\n<\/li>\n<li class=\"\" data-start=\"1471\" data-end=\"1701\">\n<p class=\"\" data-start=\"1473\" data-end=\"1531\"><strong data-start=\"1473\" data-end=\"1485\">Kivi:<\/strong> <strong data-start=\"1487\" data-end=\"1529\">Laboris kasvatatud teemant (pirnikujuline, 2 karaati)<\/strong><\/p>\n<ul data-start=\"1534\" data-end=\"1701\">\n<li class=\"\" data-start=\"1534\" data-end=\"1566\">\n<p class=\"\" data-start=\"1536\" data-end=\"1566\"><strong data-start=\"1536\" data-end=\"1545\">V\u00e4rvus<\/strong>: <strong data-start=\"1547\" data-end=\"1552\">E<\/strong> (v\u00e4rvitu)<\/p>\n<\/li>\n<li class=\"\" data-start=\"1569\" data-end=\"1610\">\n<p class=\"\" data-start=\"1571\" data-end=\"1610\"><strong data-start=\"1571\" data-end=\"1582\">Puhtus:<\/strong> <strong data-start=\"1584\" data-end=\"1592\">VVS2<\/strong> (peaaegu veatu)<\/p>\n<\/li>\n<li class=\"\" data-start=\"1613\" data-end=\"1701\">\n<p class=\"\" data-start=\"1615\" data-end=\"1701\"><strong data-start=\"1615\" data-end=\"1632\">Sertifikaat:<\/strong> Rahvusvaheline gemmoloogialabor, graveeritud sertifikaadi number<\/p>\n<\/li>\n<\/ul>\n<\/li>\n<\/ul>\n","protected":false},"featured_media":42317,"comment_status":"open","ping_status":"closed","template":"","meta":[],"etheme_brands":[],"product_brand":[],"product_cat":[471],"product_tag":[476,474,1255],"class_list":{"0":"post-42366","1":"product","2":"type-product","3":"status-publish","4":"has-post-thumbnail","6":"product_cat-sormused","7":"product_tag-eksklusiivsed-ehted","8":"product_tag-kihlasormused","9":"product_tag-lab-teemantid","11":"first","12":"onbackorder","13":"shipping-taxable","14":"purchasable","15":"product-type-simple"},"acf":[],"yoast_head":"<!-- This site is optimized with the Yoast SEO Premium plugin v26.5 (Yoast SEO v26.8) - https:\/\/yoast.com\/product\/yoast-seo-premium-wordpress\/ -->\n<title>Eksklusiivne valgest kullast s\u00f5rmus 2 ct laboriteemandiga &quot;Elara&quot; - Colibri jewels<\/title>\n<meta name=\"description\" content=\"Elara s\u00f5rmus 585 valgest kullast 2-karaadise pirnikujulise laboris kasvatatud teemantiga (v\u00e4rvus E, puhtus VVS2). Elegantne minimalistlik disain ja sertifitseeritud kvaliteet.\" \/>\n<meta name=\"robots\" content=\"index, follow, max-snippet:-1, max-image-preview:large, max-video-preview:-1\" \/>\n<link rel=\"canonical\" href=\"https:\/\/colibri-jewels.eu\/et\/toode\/eksklusiivne-valgest-kullast-sormus-2-ct-moissaniidiga-r-00839\/\" \/>\n<meta property=\"og:locale\" content=\"et_EE\" \/>\n<meta property=\"og:type\" content=\"article\" \/>\n<meta property=\"og:title\" content=\"Eksklusiivne valgest kullast s\u00f5rmus 2 ct laboriteemandiga &quot;Elara&quot;\" \/>\n<meta property=\"og:description\" content=\"Elara s\u00f5rmus 585 valgest kullast 2-karaadise pirnikujulise laboris kasvatatud teemantiga (v\u00e4rvus E, puhtus VVS2). Elegantne minimalistlik disain ja sertifitseeritud kvaliteet.\" \/>\n<meta property=\"og:url\" content=\"https:\/\/colibri-jewels.eu\/et\/toode\/eksklusiivne-valgest-kullast-sormus-2-ct-moissaniidiga-r-00839\/\" \/>\n<meta property=\"og:site_name\" content=\"Colibri jewels\" \/>\n<meta property=\"article:publisher\" content=\"https:\/\/www.facebook.com\/colibri.jewels\" \/>\n<meta property=\"article:modified_time\" content=\"2025-03-27T12:25:54+00:00\" \/>\n<meta property=\"og:image\" content=\"https:\/\/colibri-jewels.eu\/wp-content\/uploads\/2024\/07\/white-gold-2-carat-moissanite-ring-RD-00839-6.jpg\" \/>\n\t<meta property=\"og:image:width\" content=\"1000\" \/>\n\t<meta property=\"og:image:height\" content=\"1000\" \/>\n\t<meta property=\"og:image:type\" content=\"image\/jpeg\" \/>\n<meta name=\"twitter:card\" content=\"summary_large_image\" \/>\n<meta name=\"twitter:label1\" content=\"Est. reading time\" \/>\n\t<meta name=\"twitter:data1\" content=\"1 minut\" \/>\n<script type=\"application\/ld+json\" class=\"yoast-schema-graph\">{\"@context\":\"https:\/\/schema.org\",\"@graph\":[{\"@type\":\"WebPage\",\"@id\":\"https:\/\/colibri-jewels.eu\/et\/toode\/eksklusiivne-valgest-kullast-sormus-2-ct-moissaniidiga-r-00839\/\",\"url\":\"https:\/\/colibri-jewels.eu\/et\/toode\/eksklusiivne-valgest-kullast-sormus-2-ct-moissaniidiga-r-00839\/\",\"name\":\"Eksklusiivne valgest kullast s\u00f5rmus 2 ct laboriteemandiga \\\"Elara\\\" - Colibri jewels\",\"isPartOf\":{\"@id\":\"https:\/\/colibri-jewels.eu\/et\/#website\"},\"primaryImageOfPage\":{\"@id\":\"https:\/\/colibri-jewels.eu\/et\/toode\/eksklusiivne-valgest-kullast-sormus-2-ct-moissaniidiga-r-00839\/#primaryimage\"},\"image\":{\"@id\":\"https:\/\/colibri-jewels.eu\/et\/toode\/eksklusiivne-valgest-kullast-sormus-2-ct-moissaniidiga-r-00839\/#primaryimage\"},\"thumbnailUrl\":\"https:\/\/colibri-jewels.eu\/wp-content\/uploads\/2024\/07\/white-gold-2-carat-moissanite-ring-RD-00839-6.jpg\",\"datePublished\":\"2025-03-27T12:00:05+00:00\",\"dateModified\":\"2025-03-27T12:25:54+00:00\",\"description\":\"Elara s\u00f5rmus 585 valgest kullast 2-karaadise pirnikujulise laboris kasvatatud teemantiga (v\u00e4rvus E, puhtus VVS2). Elegantne minimalistlik disain ja sertifitseeritud kvaliteet.\",\"breadcrumb\":{\"@id\":\"https:\/\/colibri-jewels.eu\/et\/toode\/eksklusiivne-valgest-kullast-sormus-2-ct-moissaniidiga-r-00839\/#breadcrumb\"},\"inLanguage\":\"et\",\"potentialAction\":[{\"@type\":\"ReadAction\",\"target\":[\"https:\/\/colibri-jewels.eu\/et\/toode\/eksklusiivne-valgest-kullast-sormus-2-ct-moissaniidiga-r-00839\/\"]}]},{\"@type\":\"ImageObject\",\"inLanguage\":\"et\",\"@id\":\"https:\/\/colibri-jewels.eu\/et\/toode\/eksklusiivne-valgest-kullast-sormus-2-ct-moissaniidiga-r-00839\/#primaryimage\",\"url\":\"https:\/\/colibri-jewels.eu\/wp-content\/uploads\/2024\/07\/white-gold-2-carat-moissanite-ring-RD-00839-6.jpg\",\"contentUrl\":\"https:\/\/colibri-jewels.eu\/wp-content\/uploads\/2024\/07\/white-gold-2-carat-moissanite-ring-RD-00839-6.jpg\",\"width\":1000,\"height\":1000},{\"@type\":\"BreadcrumbList\",\"@id\":\"https:\/\/colibri-jewels.eu\/et\/toode\/eksklusiivne-valgest-kullast-sormus-2-ct-moissaniidiga-r-00839\/#breadcrumb\",\"itemListElement\":[{\"@type\":\"ListItem\",\"position\":1,\"name\":\"\u0413\u043b\u0430\u0432\u043d\u0430\u044f \u0441\u0442\u0440\u0430\u043d\u0438\u0446\u0430\",\"item\":\"https:\/\/colibri-jewels.eu\/et\/\"},{\"@type\":\"ListItem\",\"position\":2,\"name\":\"Pood\",\"item\":\"https:\/\/colibri-jewels.eu\/et\/pood\/\"},{\"@type\":\"ListItem\",\"position\":3,\"name\":\"Eksklusiivne valgest kullast s\u00f5rmus 2 ct laboriteemandiga &#8220;Elara&#8221;\"}]},{\"@type\":\"WebSite\",\"@id\":\"https:\/\/colibri-jewels.eu\/et\/#website\",\"url\":\"https:\/\/colibri-jewels.eu\/et\/\",\"name\":\"Colibri jewels\",\"description\":\"jewelry shop\",\"publisher\":{\"@id\":\"https:\/\/colibri-jewels.eu\/et\/#organization\"},\"potentialAction\":[{\"@type\":\"SearchAction\",\"target\":{\"@type\":\"EntryPoint\",\"urlTemplate\":\"https:\/\/colibri-jewels.eu\/et\/?s={search_term_string}\"},\"query-input\":{\"@type\":\"PropertyValueSpecification\",\"valueRequired\":true,\"valueName\":\"search_term_string\"}}],\"inLanguage\":\"et\"},{\"@type\":\"Organization\",\"@id\":\"https:\/\/colibri-jewels.eu\/et\/#organization\",\"name\":\"O\u00dc Colibri\",\"url\":\"https:\/\/colibri-jewels.eu\/et\/\",\"logo\":{\"@type\":\"ImageObject\",\"inLanguage\":\"et\",\"@id\":\"https:\/\/colibri-jewels.eu\/et\/#\/schema\/logo\/image\/\",\"url\":\"https:\/\/dev.colibri-jewels.eu\/wp-content\/uploads\/2021\/03\/colibri.png\",\"contentUrl\":\"https:\/\/dev.colibri-jewels.eu\/wp-content\/uploads\/2021\/03\/colibri.png\",\"width\":227,\"height\":130,\"caption\":\"O\u00dc Colibri\"},\"image\":{\"@id\":\"https:\/\/colibri-jewels.eu\/et\/#\/schema\/logo\/image\/\"},\"sameAs\":[\"https:\/\/www.facebook.com\/colibri.jewels\",\"https:\/\/www.instagram.com\/colibri.jewels\",\"https:\/\/www.tiktok.com\/colibri.jewels\"]}]}<\/script>\n<!-- \/ Yoast SEO Premium plugin. -->","yoast_head_json":{"title":"Eksklusiivne valgest kullast s\u00f5rmus 2 ct laboriteemandiga \"Elara\" - Colibri jewels","description":"Elara s\u00f5rmus 585 valgest kullast 2-karaadise pirnikujulise laboris kasvatatud teemantiga (v\u00e4rvus E, puhtus VVS2). Elegantne minimalistlik disain ja sertifitseeritud kvaliteet.","robots":{"index":"index","follow":"follow","max-snippet":"max-snippet:-1","max-image-preview":"max-image-preview:large","max-video-preview":"max-video-preview:-1"},"canonical":"https:\/\/colibri-jewels.eu\/et\/toode\/eksklusiivne-valgest-kullast-sormus-2-ct-moissaniidiga-r-00839\/","og_locale":"et_EE","og_type":"article","og_title":"Eksklusiivne valgest kullast s\u00f5rmus 2 ct laboriteemandiga \"Elara\"","og_description":"Elara s\u00f5rmus 585 valgest kullast 2-karaadise pirnikujulise laboris kasvatatud teemantiga (v\u00e4rvus E, puhtus VVS2). Elegantne minimalistlik disain ja sertifitseeritud kvaliteet.","og_url":"https:\/\/colibri-jewels.eu\/et\/toode\/eksklusiivne-valgest-kullast-sormus-2-ct-moissaniidiga-r-00839\/","og_site_name":"Colibri jewels","article_publisher":"https:\/\/www.facebook.com\/colibri.jewels","article_modified_time":"2025-03-27T12:25:54+00:00","og_image":[{"width":1000,"height":1000,"url":"https:\/\/colibri-jewels.eu\/wp-content\/uploads\/2024\/07\/white-gold-2-carat-moissanite-ring-RD-00839-6.jpg","type":"image\/jpeg"}],"twitter_card":"summary_large_image","twitter_misc":{"Est. reading time":"1 minut"},"schema":{"@context":"https:\/\/schema.org","@graph":[{"@type":"WebPage","@id":"https:\/\/colibri-jewels.eu\/et\/toode\/eksklusiivne-valgest-kullast-sormus-2-ct-moissaniidiga-r-00839\/","url":"https:\/\/colibri-jewels.eu\/et\/toode\/eksklusiivne-valgest-kullast-sormus-2-ct-moissaniidiga-r-00839\/","name":"Eksklusiivne valgest kullast s\u00f5rmus 2 ct laboriteemandiga \"Elara\" - Colibri jewels","isPartOf":{"@id":"https:\/\/colibri-jewels.eu\/et\/#website"},"primaryImageOfPage":{"@id":"https:\/\/colibri-jewels.eu\/et\/toode\/eksklusiivne-valgest-kullast-sormus-2-ct-moissaniidiga-r-00839\/#primaryimage"},"image":{"@id":"https:\/\/colibri-jewels.eu\/et\/toode\/eksklusiivne-valgest-kullast-sormus-2-ct-moissaniidiga-r-00839\/#primaryimage"},"thumbnailUrl":"https:\/\/colibri-jewels.eu\/wp-content\/uploads\/2024\/07\/white-gold-2-carat-moissanite-ring-RD-00839-6.jpg","datePublished":"2025-03-27T12:00:05+00:00","dateModified":"2025-03-27T12:25:54+00:00","description":"Elara s\u00f5rmus 585 valgest kullast 2-karaadise pirnikujulise laboris kasvatatud teemantiga (v\u00e4rvus E, puhtus VVS2). Elegantne minimalistlik disain ja sertifitseeritud kvaliteet.","breadcrumb":{"@id":"https:\/\/colibri-jewels.eu\/et\/toode\/eksklusiivne-valgest-kullast-sormus-2-ct-moissaniidiga-r-00839\/#breadcrumb"},"inLanguage":"et","potentialAction":[{"@type":"ReadAction","target":["https:\/\/colibri-jewels.eu\/et\/toode\/eksklusiivne-valgest-kullast-sormus-2-ct-moissaniidiga-r-00839\/"]}]},{"@type":"ImageObject","inLanguage":"et","@id":"https:\/\/colibri-jewels.eu\/et\/toode\/eksklusiivne-valgest-kullast-sormus-2-ct-moissaniidiga-r-00839\/#primaryimage","url":"https:\/\/colibri-jewels.eu\/wp-content\/uploads\/2024\/07\/white-gold-2-carat-moissanite-ring-RD-00839-6.jpg","contentUrl":"https:\/\/colibri-jewels.eu\/wp-content\/uploads\/2024\/07\/white-gold-2-carat-moissanite-ring-RD-00839-6.jpg","width":1000,"height":1000},{"@type":"BreadcrumbList","@id":"https:\/\/colibri-jewels.eu\/et\/toode\/eksklusiivne-valgest-kullast-sormus-2-ct-moissaniidiga-r-00839\/#breadcrumb","itemListElement":[{"@type":"ListItem","position":1,"name":"\u0413\u043b\u0430\u0432\u043d\u0430\u044f \u0441\u0442\u0440\u0430\u043d\u0438\u0446\u0430","item":"https:\/\/colibri-jewels.eu\/et\/"},{"@type":"ListItem","position":2,"name":"Pood","item":"https:\/\/colibri-jewels.eu\/et\/pood\/"},{"@type":"ListItem","position":3,"name":"Eksklusiivne valgest kullast s\u00f5rmus 2 ct laboriteemandiga &#8220;Elara&#8221;"}]},{"@type":"WebSite","@id":"https:\/\/colibri-jewels.eu\/et\/#website","url":"https:\/\/colibri-jewels.eu\/et\/","name":"Colibri jewels","description":"jewelry shop","publisher":{"@id":"https:\/\/colibri-jewels.eu\/et\/#organization"},"potentialAction":[{"@type":"SearchAction","target":{"@type":"EntryPoint","urlTemplate":"https:\/\/colibri-jewels.eu\/et\/?s={search_term_string}"},"query-input":{"@type":"PropertyValueSpecification","valueRequired":true,"valueName":"search_term_string"}}],"inLanguage":"et"},{"@type":"Organization","@id":"https:\/\/colibri-jewels.eu\/et\/#organization","name":"O\u00dc Colibri","url":"https:\/\/colibri-jewels.eu\/et\/","logo":{"@type":"ImageObject","inLanguage":"et","@id":"https:\/\/colibri-jewels.eu\/et\/#\/schema\/logo\/image\/","url":"https:\/\/dev.colibri-jewels.eu\/wp-content\/uploads\/2021\/03\/colibri.png","contentUrl":"https:\/\/dev.colibri-jewels.eu\/wp-content\/uploads\/2021\/03\/colibri.png","width":227,"height":130,"caption":"O\u00dc Colibri"},"image":{"@id":"https:\/\/colibri-jewels.eu\/et\/#\/schema\/logo\/image\/"},"sameAs":["https:\/\/www.facebook.com\/colibri.jewels","https:\/\/www.instagram.com\/colibri.jewels","https:\/\/www.tiktok.com\/colibri.jewels"]}]}},"_links":{"self":[{"href":"https:\/\/colibri-jewels.eu\/et\/wp-json\/wp\/v2\/product\/42366","targetHints":{"allow":["GET"]}}],"collection":[{"href":"https:\/\/colibri-jewels.eu\/et\/wp-json\/wp\/v2\/product"}],"about":[{"href":"https:\/\/colibri-jewels.eu\/et\/wp-json\/wp\/v2\/types\/product"}],"replies":[{"embeddable":true,"href":"https:\/\/colibri-jewels.eu\/et\/wp-json\/wp\/v2\/comments?post=42366"}],"version-history":[{"count":0,"href":"https:\/\/colibri-jewels.eu\/et\/wp-json\/wp\/v2\/product\/42366\/revisions"}],"wp:featuredmedia":[{"embeddable":true,"href":"https:\/\/colibri-jewels.eu\/et\/wp-json\/wp\/v2\/media\/42317"}],"wp:attachment":[{"href":"https:\/\/colibri-jewels.eu\/et\/wp-json\/wp\/v2\/media?parent=42366"}],"wp:term":[{"taxonomy":"brand","embeddable":true,"href":"https:\/\/colibri-jewels.eu\/et\/wp-json\/wp\/v2\/etheme_brands?post=42366"},{"taxonomy":"product_brand","embeddable":true,"href":"https:\/\/colibri-jewels.eu\/et\/wp-json\/wp\/v2\/product_brand?post=42366"},{"taxonomy":"product_cat","embeddable":true,"href":"https:\/\/colibri-jewels.eu\/et\/wp-json\/wp\/v2\/product_cat?post=42366"},{"taxonomy":"product_tag","embeddable":true,"href":"https:\/\/colibri-jewels.eu\/et\/wp-json\/wp\/v2\/product_tag?post=42366"}],"curies":[{"name":"wp","href":"https:\/\/api.w.org\/{rel}","templated":true}]}}