{"id":42506,"date":"2024-08-06T21:54:29","date_gmt":"2024-08-06T18:54:29","guid":{"rendered":"https:\/\/dev.colibri-jewels.eu\/?post_type=product&#038;p=42506"},"modified":"2024-08-07T13:06:01","modified_gmt":"2024-08-07T10:06:01","slug":"vintage-stiilis-lakooniline-sormus-musta-aventuriiniga-kairo-oo","status":"publish","type":"product","link":"https:\/\/colibri-jewels.eu\/et\/toode\/vintage-stiilis-lakooniline-sormus-musta-aventuriiniga-kairo-oo\/","title":{"rendered":"Vintage stiilis lakooniline s\u00f5rmus musta aventuriiniga &#8220;Kairo \u00f6\u00f6&#8221;"},"content":{"rendered":"<p>See must s\u00fcnteetiline aventuriin on spetsiaalselt selle komplekti jaoks k\u00e4sitsi l\u00f5igatud. Selle s\u00e4demed s\u00e4ravad vaikselt nagu t\u00e4hed kaugel kauges galaktikas. S\u00f5rmuse lakooniline kuju j\u00e4tab mulje, nagu oleks see p\u00e4rit otse kellegi p\u00e4randihoidlast. Vaata ka \u00fclej\u00e4\u00e4nud komplekti &#8211; ripats ja k\u00f5rvar\u00f5ngad. Puhas h\u00f5be. Suurus laos 17.0. S\u00f5rmuse kaal 6,33 g. &nbsp;<\/p>\n","protected":false},"excerpt":{"rendered":"<p>See must s\u00fcnteetiline aventuriin on spetsiaalselt selle komplekti jaoks k\u00e4sitsi l\u00f5igatud. Selle s\u00e4demed s\u00e4ravad vaikselt nagu t\u00e4hed kaugel kauges galaktikas. S\u00f5rmuse lakooniline kuju j\u00e4tab mulje,&#8230;<\/p>\n","protected":false},"featured_media":42494,"comment_status":"open","ping_status":"closed","template":"","meta":[],"etheme_brands":[],"product_brand":[],"product_cat":[471],"product_tag":[],"class_list":{"0":"post-42506","1":"product","2":"type-product","3":"status-publish","4":"has-post-thumbnail","6":"product_cat-sormused","8":"first","9":"instock","10":"shipping-taxable","11":"purchasable","12":"product-type-simple"},"acf":[],"yoast_head":"<!-- This site is optimized with the Yoast SEO Premium plugin v26.5 (Yoast SEO v26.8) - https:\/\/yoast.com\/product\/yoast-seo-premium-wordpress\/ -->\n<title>Vintage stiilis lakooniline s\u00f5rmus musta aventuriiniga &quot;Kairo \u00f6\u00f6&quot; - Colibri jewels<\/title>\n<meta name=\"robots\" content=\"index, follow, max-snippet:-1, max-image-preview:large, max-video-preview:-1\" \/>\n<link rel=\"canonical\" href=\"https:\/\/colibri-jewels.eu\/et\/toode\/vintage-stiilis-lakooniline-sormus-musta-aventuriiniga-kairo-oo\/\" \/>\n<meta property=\"og:locale\" content=\"et_EE\" \/>\n<meta property=\"og:type\" content=\"article\" \/>\n<meta property=\"og:title\" content=\"Vintage stiilis lakooniline s\u00f5rmus musta aventuriiniga &quot;Kairo \u00f6\u00f6&quot;\" \/>\n<meta property=\"og:description\" content=\"See must s\u00fcnteetiline aventuriin on spetsiaalselt selle komplekti jaoks k\u00e4sitsi l\u00f5igatud. Selle s\u00e4demed s\u00e4ravad vaikselt nagu t\u00e4hed kaugel kauges galaktikas. S\u00f5rmuse lakooniline kuju j\u00e4tab mulje,...\" \/>\n<meta property=\"og:url\" content=\"https:\/\/colibri-jewels.eu\/et\/toode\/vintage-stiilis-lakooniline-sormus-musta-aventuriiniga-kairo-oo\/\" \/>\n<meta property=\"og:site_name\" content=\"Colibri jewels\" \/>\n<meta property=\"article:publisher\" content=\"https:\/\/www.facebook.com\/colibri.jewels\" \/>\n<meta property=\"article:modified_time\" content=\"2024-08-07T10:06:01+00:00\" \/>\n<meta property=\"og:image\" content=\"https:\/\/colibri-jewels.eu\/wp-content\/uploads\/2024\/08\/black-aventurine-ring-night-of-cairo-1.jpg\" \/>\n\t<meta property=\"og:image:width\" content=\"1000\" \/>\n\t<meta property=\"og:image:height\" content=\"1000\" \/>\n\t<meta property=\"og:image:type\" content=\"image\/jpeg\" \/>\n<meta name=\"twitter:card\" content=\"summary_large_image\" \/>\n<script type=\"application\/ld+json\" class=\"yoast-schema-graph\">{\"@context\":\"https:\/\/schema.org\",\"@graph\":[{\"@type\":\"WebPage\",\"@id\":\"https:\/\/colibri-jewels.eu\/et\/toode\/vintage-stiilis-lakooniline-sormus-musta-aventuriiniga-kairo-oo\/\",\"url\":\"https:\/\/colibri-jewels.eu\/et\/toode\/vintage-stiilis-lakooniline-sormus-musta-aventuriiniga-kairo-oo\/\",\"name\":\"Vintage stiilis lakooniline s\u00f5rmus musta aventuriiniga \\\"Kairo \u00f6\u00f6\\\" - Colibri jewels\",\"isPartOf\":{\"@id\":\"https:\/\/colibri-jewels.eu\/et\/#website\"},\"primaryImageOfPage\":{\"@id\":\"https:\/\/colibri-jewels.eu\/et\/toode\/vintage-stiilis-lakooniline-sormus-musta-aventuriiniga-kairo-oo\/#primaryimage\"},\"image\":{\"@id\":\"https:\/\/colibri-jewels.eu\/et\/toode\/vintage-stiilis-lakooniline-sormus-musta-aventuriiniga-kairo-oo\/#primaryimage\"},\"thumbnailUrl\":\"https:\/\/colibri-jewels.eu\/wp-content\/uploads\/2024\/08\/black-aventurine-ring-night-of-cairo-1.jpg\",\"datePublished\":\"2024-08-06T18:54:29+00:00\",\"dateModified\":\"2024-08-07T10:06:01+00:00\",\"breadcrumb\":{\"@id\":\"https:\/\/colibri-jewels.eu\/et\/toode\/vintage-stiilis-lakooniline-sormus-musta-aventuriiniga-kairo-oo\/#breadcrumb\"},\"inLanguage\":\"et\",\"potentialAction\":[{\"@type\":\"ReadAction\",\"target\":[\"https:\/\/colibri-jewels.eu\/et\/toode\/vintage-stiilis-lakooniline-sormus-musta-aventuriiniga-kairo-oo\/\"]}]},{\"@type\":\"ImageObject\",\"inLanguage\":\"et\",\"@id\":\"https:\/\/colibri-jewels.eu\/et\/toode\/vintage-stiilis-lakooniline-sormus-musta-aventuriiniga-kairo-oo\/#primaryimage\",\"url\":\"https:\/\/colibri-jewels.eu\/wp-content\/uploads\/2024\/08\/black-aventurine-ring-night-of-cairo-1.jpg\",\"contentUrl\":\"https:\/\/colibri-jewels.eu\/wp-content\/uploads\/2024\/08\/black-aventurine-ring-night-of-cairo-1.jpg\",\"width\":1000,\"height\":1000},{\"@type\":\"BreadcrumbList\",\"@id\":\"https:\/\/colibri-jewels.eu\/et\/toode\/vintage-stiilis-lakooniline-sormus-musta-aventuriiniga-kairo-oo\/#breadcrumb\",\"itemListElement\":[{\"@type\":\"ListItem\",\"position\":1,\"name\":\"\u0413\u043b\u0430\u0432\u043d\u0430\u044f \u0441\u0442\u0440\u0430\u043d\u0438\u0446\u0430\",\"item\":\"https:\/\/colibri-jewels.eu\/et\/\"},{\"@type\":\"ListItem\",\"position\":2,\"name\":\"Pood\",\"item\":\"https:\/\/colibri-jewels.eu\/et\/pood\/\"},{\"@type\":\"ListItem\",\"position\":3,\"name\":\"Vintage stiilis lakooniline s\u00f5rmus musta aventuriiniga &#8220;Kairo \u00f6\u00f6&#8221;\"}]},{\"@type\":\"WebSite\",\"@id\":\"https:\/\/colibri-jewels.eu\/et\/#website\",\"url\":\"https:\/\/colibri-jewels.eu\/et\/\",\"name\":\"Colibri jewels\",\"description\":\"jewelry shop\",\"publisher\":{\"@id\":\"https:\/\/colibri-jewels.eu\/et\/#organization\"},\"potentialAction\":[{\"@type\":\"SearchAction\",\"target\":{\"@type\":\"EntryPoint\",\"urlTemplate\":\"https:\/\/colibri-jewels.eu\/et\/?s={search_term_string}\"},\"query-input\":{\"@type\":\"PropertyValueSpecification\",\"valueRequired\":true,\"valueName\":\"search_term_string\"}}],\"inLanguage\":\"et\"},{\"@type\":\"Organization\",\"@id\":\"https:\/\/colibri-jewels.eu\/et\/#organization\",\"name\":\"O\u00dc Colibri\",\"url\":\"https:\/\/colibri-jewels.eu\/et\/\",\"logo\":{\"@type\":\"ImageObject\",\"inLanguage\":\"et\",\"@id\":\"https:\/\/colibri-jewels.eu\/et\/#\/schema\/logo\/image\/\",\"url\":\"https:\/\/dev.colibri-jewels.eu\/wp-content\/uploads\/2021\/03\/colibri.png\",\"contentUrl\":\"https:\/\/dev.colibri-jewels.eu\/wp-content\/uploads\/2021\/03\/colibri.png\",\"width\":227,\"height\":130,\"caption\":\"O\u00dc Colibri\"},\"image\":{\"@id\":\"https:\/\/colibri-jewels.eu\/et\/#\/schema\/logo\/image\/\"},\"sameAs\":[\"https:\/\/www.facebook.com\/colibri.jewels\",\"https:\/\/www.instagram.com\/colibri.jewels\",\"https:\/\/www.tiktok.com\/colibri.jewels\"]}]}<\/script>\n<!-- \/ Yoast SEO Premium plugin. -->","yoast_head_json":{"title":"Vintage stiilis lakooniline s\u00f5rmus musta aventuriiniga \"Kairo \u00f6\u00f6\" - Colibri jewels","robots":{"index":"index","follow":"follow","max-snippet":"max-snippet:-1","max-image-preview":"max-image-preview:large","max-video-preview":"max-video-preview:-1"},"canonical":"https:\/\/colibri-jewels.eu\/et\/toode\/vintage-stiilis-lakooniline-sormus-musta-aventuriiniga-kairo-oo\/","og_locale":"et_EE","og_type":"article","og_title":"Vintage stiilis lakooniline s\u00f5rmus musta aventuriiniga \"Kairo \u00f6\u00f6\"","og_description":"See must s\u00fcnteetiline aventuriin on spetsiaalselt selle komplekti jaoks k\u00e4sitsi l\u00f5igatud. Selle s\u00e4demed s\u00e4ravad vaikselt nagu t\u00e4hed kaugel kauges galaktikas. S\u00f5rmuse lakooniline kuju j\u00e4tab mulje,...","og_url":"https:\/\/colibri-jewels.eu\/et\/toode\/vintage-stiilis-lakooniline-sormus-musta-aventuriiniga-kairo-oo\/","og_site_name":"Colibri jewels","article_publisher":"https:\/\/www.facebook.com\/colibri.jewels","article_modified_time":"2024-08-07T10:06:01+00:00","og_image":[{"width":1000,"height":1000,"url":"https:\/\/colibri-jewels.eu\/wp-content\/uploads\/2024\/08\/black-aventurine-ring-night-of-cairo-1.jpg","type":"image\/jpeg"}],"twitter_card":"summary_large_image","schema":{"@context":"https:\/\/schema.org","@graph":[{"@type":"WebPage","@id":"https:\/\/colibri-jewels.eu\/et\/toode\/vintage-stiilis-lakooniline-sormus-musta-aventuriiniga-kairo-oo\/","url":"https:\/\/colibri-jewels.eu\/et\/toode\/vintage-stiilis-lakooniline-sormus-musta-aventuriiniga-kairo-oo\/","name":"Vintage stiilis lakooniline s\u00f5rmus musta aventuriiniga \"Kairo \u00f6\u00f6\" - Colibri jewels","isPartOf":{"@id":"https:\/\/colibri-jewels.eu\/et\/#website"},"primaryImageOfPage":{"@id":"https:\/\/colibri-jewels.eu\/et\/toode\/vintage-stiilis-lakooniline-sormus-musta-aventuriiniga-kairo-oo\/#primaryimage"},"image":{"@id":"https:\/\/colibri-jewels.eu\/et\/toode\/vintage-stiilis-lakooniline-sormus-musta-aventuriiniga-kairo-oo\/#primaryimage"},"thumbnailUrl":"https:\/\/colibri-jewels.eu\/wp-content\/uploads\/2024\/08\/black-aventurine-ring-night-of-cairo-1.jpg","datePublished":"2024-08-06T18:54:29+00:00","dateModified":"2024-08-07T10:06:01+00:00","breadcrumb":{"@id":"https:\/\/colibri-jewels.eu\/et\/toode\/vintage-stiilis-lakooniline-sormus-musta-aventuriiniga-kairo-oo\/#breadcrumb"},"inLanguage":"et","potentialAction":[{"@type":"ReadAction","target":["https:\/\/colibri-jewels.eu\/et\/toode\/vintage-stiilis-lakooniline-sormus-musta-aventuriiniga-kairo-oo\/"]}]},{"@type":"ImageObject","inLanguage":"et","@id":"https:\/\/colibri-jewels.eu\/et\/toode\/vintage-stiilis-lakooniline-sormus-musta-aventuriiniga-kairo-oo\/#primaryimage","url":"https:\/\/colibri-jewels.eu\/wp-content\/uploads\/2024\/08\/black-aventurine-ring-night-of-cairo-1.jpg","contentUrl":"https:\/\/colibri-jewels.eu\/wp-content\/uploads\/2024\/08\/black-aventurine-ring-night-of-cairo-1.jpg","width":1000,"height":1000},{"@type":"BreadcrumbList","@id":"https:\/\/colibri-jewels.eu\/et\/toode\/vintage-stiilis-lakooniline-sormus-musta-aventuriiniga-kairo-oo\/#breadcrumb","itemListElement":[{"@type":"ListItem","position":1,"name":"\u0413\u043b\u0430\u0432\u043d\u0430\u044f \u0441\u0442\u0440\u0430\u043d\u0438\u0446\u0430","item":"https:\/\/colibri-jewels.eu\/et\/"},{"@type":"ListItem","position":2,"name":"Pood","item":"https:\/\/colibri-jewels.eu\/et\/pood\/"},{"@type":"ListItem","position":3,"name":"Vintage stiilis lakooniline s\u00f5rmus musta aventuriiniga &#8220;Kairo \u00f6\u00f6&#8221;"}]},{"@type":"WebSite","@id":"https:\/\/colibri-jewels.eu\/et\/#website","url":"https:\/\/colibri-jewels.eu\/et\/","name":"Colibri jewels","description":"jewelry shop","publisher":{"@id":"https:\/\/colibri-jewels.eu\/et\/#organization"},"potentialAction":[{"@type":"SearchAction","target":{"@type":"EntryPoint","urlTemplate":"https:\/\/colibri-jewels.eu\/et\/?s={search_term_string}"},"query-input":{"@type":"PropertyValueSpecification","valueRequired":true,"valueName":"search_term_string"}}],"inLanguage":"et"},{"@type":"Organization","@id":"https:\/\/colibri-jewels.eu\/et\/#organization","name":"O\u00dc Colibri","url":"https:\/\/colibri-jewels.eu\/et\/","logo":{"@type":"ImageObject","inLanguage":"et","@id":"https:\/\/colibri-jewels.eu\/et\/#\/schema\/logo\/image\/","url":"https:\/\/dev.colibri-jewels.eu\/wp-content\/uploads\/2021\/03\/colibri.png","contentUrl":"https:\/\/dev.colibri-jewels.eu\/wp-content\/uploads\/2021\/03\/colibri.png","width":227,"height":130,"caption":"O\u00dc Colibri"},"image":{"@id":"https:\/\/colibri-jewels.eu\/et\/#\/schema\/logo\/image\/"},"sameAs":["https:\/\/www.facebook.com\/colibri.jewels","https:\/\/www.instagram.com\/colibri.jewels","https:\/\/www.tiktok.com\/colibri.jewels"]}]}},"_links":{"self":[{"href":"https:\/\/colibri-jewels.eu\/et\/wp-json\/wp\/v2\/product\/42506","targetHints":{"allow":["GET"]}}],"collection":[{"href":"https:\/\/colibri-jewels.eu\/et\/wp-json\/wp\/v2\/product"}],"about":[{"href":"https:\/\/colibri-jewels.eu\/et\/wp-json\/wp\/v2\/types\/product"}],"replies":[{"embeddable":true,"href":"https:\/\/colibri-jewels.eu\/et\/wp-json\/wp\/v2\/comments?post=42506"}],"version-history":[{"count":0,"href":"https:\/\/colibri-jewels.eu\/et\/wp-json\/wp\/v2\/product\/42506\/revisions"}],"wp:featuredmedia":[{"embeddable":true,"href":"https:\/\/colibri-jewels.eu\/et\/wp-json\/wp\/v2\/media\/42494"}],"wp:attachment":[{"href":"https:\/\/colibri-jewels.eu\/et\/wp-json\/wp\/v2\/media?parent=42506"}],"wp:term":[{"taxonomy":"brand","embeddable":true,"href":"https:\/\/colibri-jewels.eu\/et\/wp-json\/wp\/v2\/etheme_brands?post=42506"},{"taxonomy":"product_brand","embeddable":true,"href":"https:\/\/colibri-jewels.eu\/et\/wp-json\/wp\/v2\/product_brand?post=42506"},{"taxonomy":"product_cat","embeddable":true,"href":"https:\/\/colibri-jewels.eu\/et\/wp-json\/wp\/v2\/product_cat?post=42506"},{"taxonomy":"product_tag","embeddable":true,"href":"https:\/\/colibri-jewels.eu\/et\/wp-json\/wp\/v2\/product_tag?post=42506"}],"curies":[{"name":"wp","href":"https:\/\/api.w.org\/{rel}","templated":true}]}}