{"id":42512,"date":"2024-08-06T22:07:09","date_gmt":"2024-08-06T19:07:09","guid":{"rendered":"https:\/\/dev.colibri-jewels.eu\/?post_type=product&#038;p=42512"},"modified":"2024-08-07T13:07:27","modified_gmt":"2024-08-07T10:07:27","slug":"vintage-stiilis-lakoonilised-korvarongad-musta-aventuriiniga-kairo-oo-copy","status":"publish","type":"product","link":"https:\/\/colibri-jewels.eu\/et\/toode\/vintage-stiilis-lakoonilised-korvarongad-musta-aventuriiniga-kairo-oo-copy\/","title":{"rendered":"Vintage stiilis lakooniline ripats musta aventuriiniga &#8220;Kairo \u00f6\u00f6&#8221;"},"content":{"rendered":"<p>See must s\u00fcnteetiline aventuriin on spetsiaalselt selle komplekti jaoks k\u00e4sitsi l\u00f5igatud. Selle s\u00e4demed s\u00e4ravad vaikselt nagu t\u00e4hed kaugel kauges galaktikas. Ripatsi lakooniline kuju j\u00e4tab selle mulje, nagu oleks see p\u00e4rit otse kellegi p\u00e4randihoidlast. Vaata ka \u00fclej\u00e4\u00e4nud komplekti &#8211; k\u00f5rvar\u00f5ngad ja s\u00f5rmus. Puhas h\u00f5be. Ripatsi kaal 4,15 g. &nbsp;<\/p>\n","protected":false},"excerpt":{"rendered":"<p>See must s\u00fcnteetiline aventuriin on spetsiaalselt selle komplekti jaoks k\u00e4sitsi l\u00f5igatud. Selle s\u00e4demed s\u00e4ravad vaikselt nagu t\u00e4hed kaugel kauges galaktikas. Ripatsi lakooniline kuju j\u00e4tab selle&#8230;<\/p>\n","protected":false},"featured_media":42491,"comment_status":"open","ping_status":"closed","template":"","meta":[],"etheme_brands":[],"product_brand":[],"product_cat":[470],"product_tag":[],"class_list":{"0":"post-42512","1":"product","2":"type-product","3":"status-publish","4":"has-post-thumbnail","6":"product_cat-kaelakeed-ja-ripatsid","8":"first","9":"instock","10":"shipping-taxable","11":"purchasable","12":"product-type-simple"},"acf":[],"yoast_head":"<!-- This site is optimized with the Yoast SEO Premium plugin v26.5 (Yoast SEO v26.8) - https:\/\/yoast.com\/product\/yoast-seo-premium-wordpress\/ -->\n<title>Vintage stiilis lakooniline ripats musta aventuriiniga &quot;Kairo \u00f6\u00f6&quot; - Colibri jewels<\/title>\n<meta name=\"robots\" content=\"index, follow, max-snippet:-1, max-image-preview:large, max-video-preview:-1\" \/>\n<link rel=\"canonical\" href=\"https:\/\/colibri-jewels.eu\/et\/toode\/vintage-stiilis-lakoonilised-korvarongad-musta-aventuriiniga-kairo-oo-copy\/\" \/>\n<meta property=\"og:locale\" content=\"et_EE\" \/>\n<meta property=\"og:type\" content=\"article\" \/>\n<meta property=\"og:title\" content=\"Vintage stiilis lakooniline ripats musta aventuriiniga &quot;Kairo \u00f6\u00f6&quot;\" \/>\n<meta property=\"og:description\" content=\"See must s\u00fcnteetiline aventuriin on spetsiaalselt selle komplekti jaoks k\u00e4sitsi l\u00f5igatud. Selle s\u00e4demed s\u00e4ravad vaikselt nagu t\u00e4hed kaugel kauges galaktikas. Ripatsi lakooniline kuju j\u00e4tab selle...\" \/>\n<meta property=\"og:url\" content=\"https:\/\/colibri-jewels.eu\/et\/toode\/vintage-stiilis-lakoonilised-korvarongad-musta-aventuriiniga-kairo-oo-copy\/\" \/>\n<meta property=\"og:site_name\" content=\"Colibri jewels\" \/>\n<meta property=\"article:publisher\" content=\"https:\/\/www.facebook.com\/colibri.jewels\" \/>\n<meta property=\"article:modified_time\" content=\"2024-08-07T10:07:27+00:00\" \/>\n<meta property=\"og:image\" content=\"https:\/\/colibri-jewels.eu\/wp-content\/uploads\/2024\/08\/black-aventurine-pendant-night-of-cairo.jpg\" \/>\n\t<meta property=\"og:image:width\" content=\"1000\" \/>\n\t<meta property=\"og:image:height\" content=\"1000\" \/>\n\t<meta property=\"og:image:type\" content=\"image\/jpeg\" \/>\n<meta name=\"twitter:card\" content=\"summary_large_image\" \/>\n<script type=\"application\/ld+json\" class=\"yoast-schema-graph\">{\"@context\":\"https:\/\/schema.org\",\"@graph\":[{\"@type\":\"WebPage\",\"@id\":\"https:\/\/colibri-jewels.eu\/et\/toode\/vintage-stiilis-lakoonilised-korvarongad-musta-aventuriiniga-kairo-oo-copy\/\",\"url\":\"https:\/\/colibri-jewels.eu\/et\/toode\/vintage-stiilis-lakoonilised-korvarongad-musta-aventuriiniga-kairo-oo-copy\/\",\"name\":\"Vintage stiilis lakooniline ripats musta aventuriiniga \\\"Kairo \u00f6\u00f6\\\" - Colibri jewels\",\"isPartOf\":{\"@id\":\"https:\/\/colibri-jewels.eu\/et\/#website\"},\"primaryImageOfPage\":{\"@id\":\"https:\/\/colibri-jewels.eu\/et\/toode\/vintage-stiilis-lakoonilised-korvarongad-musta-aventuriiniga-kairo-oo-copy\/#primaryimage\"},\"image\":{\"@id\":\"https:\/\/colibri-jewels.eu\/et\/toode\/vintage-stiilis-lakoonilised-korvarongad-musta-aventuriiniga-kairo-oo-copy\/#primaryimage\"},\"thumbnailUrl\":\"https:\/\/colibri-jewels.eu\/wp-content\/uploads\/2024\/08\/black-aventurine-pendant-night-of-cairo.jpg\",\"datePublished\":\"2024-08-06T19:07:09+00:00\",\"dateModified\":\"2024-08-07T10:07:27+00:00\",\"breadcrumb\":{\"@id\":\"https:\/\/colibri-jewels.eu\/et\/toode\/vintage-stiilis-lakoonilised-korvarongad-musta-aventuriiniga-kairo-oo-copy\/#breadcrumb\"},\"inLanguage\":\"et\",\"potentialAction\":[{\"@type\":\"ReadAction\",\"target\":[\"https:\/\/colibri-jewels.eu\/et\/toode\/vintage-stiilis-lakoonilised-korvarongad-musta-aventuriiniga-kairo-oo-copy\/\"]}]},{\"@type\":\"ImageObject\",\"inLanguage\":\"et\",\"@id\":\"https:\/\/colibri-jewels.eu\/et\/toode\/vintage-stiilis-lakoonilised-korvarongad-musta-aventuriiniga-kairo-oo-copy\/#primaryimage\",\"url\":\"https:\/\/colibri-jewels.eu\/wp-content\/uploads\/2024\/08\/black-aventurine-pendant-night-of-cairo.jpg\",\"contentUrl\":\"https:\/\/colibri-jewels.eu\/wp-content\/uploads\/2024\/08\/black-aventurine-pendant-night-of-cairo.jpg\",\"width\":1000,\"height\":1000},{\"@type\":\"BreadcrumbList\",\"@id\":\"https:\/\/colibri-jewels.eu\/et\/toode\/vintage-stiilis-lakoonilised-korvarongad-musta-aventuriiniga-kairo-oo-copy\/#breadcrumb\",\"itemListElement\":[{\"@type\":\"ListItem\",\"position\":1,\"name\":\"\u0413\u043b\u0430\u0432\u043d\u0430\u044f \u0441\u0442\u0440\u0430\u043d\u0438\u0446\u0430\",\"item\":\"https:\/\/colibri-jewels.eu\/et\/\"},{\"@type\":\"ListItem\",\"position\":2,\"name\":\"Pood\",\"item\":\"https:\/\/colibri-jewels.eu\/et\/pood\/\"},{\"@type\":\"ListItem\",\"position\":3,\"name\":\"Vintage stiilis lakooniline ripats musta aventuriiniga &#8220;Kairo \u00f6\u00f6&#8221;\"}]},{\"@type\":\"WebSite\",\"@id\":\"https:\/\/colibri-jewels.eu\/et\/#website\",\"url\":\"https:\/\/colibri-jewels.eu\/et\/\",\"name\":\"Colibri jewels\",\"description\":\"jewelry shop\",\"publisher\":{\"@id\":\"https:\/\/colibri-jewels.eu\/et\/#organization\"},\"potentialAction\":[{\"@type\":\"SearchAction\",\"target\":{\"@type\":\"EntryPoint\",\"urlTemplate\":\"https:\/\/colibri-jewels.eu\/et\/?s={search_term_string}\"},\"query-input\":{\"@type\":\"PropertyValueSpecification\",\"valueRequired\":true,\"valueName\":\"search_term_string\"}}],\"inLanguage\":\"et\"},{\"@type\":\"Organization\",\"@id\":\"https:\/\/colibri-jewels.eu\/et\/#organization\",\"name\":\"O\u00dc Colibri\",\"url\":\"https:\/\/colibri-jewels.eu\/et\/\",\"logo\":{\"@type\":\"ImageObject\",\"inLanguage\":\"et\",\"@id\":\"https:\/\/colibri-jewels.eu\/et\/#\/schema\/logo\/image\/\",\"url\":\"https:\/\/dev.colibri-jewels.eu\/wp-content\/uploads\/2021\/03\/colibri.png\",\"contentUrl\":\"https:\/\/dev.colibri-jewels.eu\/wp-content\/uploads\/2021\/03\/colibri.png\",\"width\":227,\"height\":130,\"caption\":\"O\u00dc Colibri\"},\"image\":{\"@id\":\"https:\/\/colibri-jewels.eu\/et\/#\/schema\/logo\/image\/\"},\"sameAs\":[\"https:\/\/www.facebook.com\/colibri.jewels\",\"https:\/\/www.instagram.com\/colibri.jewels\",\"https:\/\/www.tiktok.com\/colibri.jewels\"]}]}<\/script>\n<!-- \/ Yoast SEO Premium plugin. -->","yoast_head_json":{"title":"Vintage stiilis lakooniline ripats musta aventuriiniga \"Kairo \u00f6\u00f6\" - Colibri jewels","robots":{"index":"index","follow":"follow","max-snippet":"max-snippet:-1","max-image-preview":"max-image-preview:large","max-video-preview":"max-video-preview:-1"},"canonical":"https:\/\/colibri-jewels.eu\/et\/toode\/vintage-stiilis-lakoonilised-korvarongad-musta-aventuriiniga-kairo-oo-copy\/","og_locale":"et_EE","og_type":"article","og_title":"Vintage stiilis lakooniline ripats musta aventuriiniga \"Kairo \u00f6\u00f6\"","og_description":"See must s\u00fcnteetiline aventuriin on spetsiaalselt selle komplekti jaoks k\u00e4sitsi l\u00f5igatud. Selle s\u00e4demed s\u00e4ravad vaikselt nagu t\u00e4hed kaugel kauges galaktikas. Ripatsi lakooniline kuju j\u00e4tab selle...","og_url":"https:\/\/colibri-jewels.eu\/et\/toode\/vintage-stiilis-lakoonilised-korvarongad-musta-aventuriiniga-kairo-oo-copy\/","og_site_name":"Colibri jewels","article_publisher":"https:\/\/www.facebook.com\/colibri.jewels","article_modified_time":"2024-08-07T10:07:27+00:00","og_image":[{"width":1000,"height":1000,"url":"https:\/\/colibri-jewels.eu\/wp-content\/uploads\/2024\/08\/black-aventurine-pendant-night-of-cairo.jpg","type":"image\/jpeg"}],"twitter_card":"summary_large_image","schema":{"@context":"https:\/\/schema.org","@graph":[{"@type":"WebPage","@id":"https:\/\/colibri-jewels.eu\/et\/toode\/vintage-stiilis-lakoonilised-korvarongad-musta-aventuriiniga-kairo-oo-copy\/","url":"https:\/\/colibri-jewels.eu\/et\/toode\/vintage-stiilis-lakoonilised-korvarongad-musta-aventuriiniga-kairo-oo-copy\/","name":"Vintage stiilis lakooniline ripats musta aventuriiniga \"Kairo \u00f6\u00f6\" - Colibri jewels","isPartOf":{"@id":"https:\/\/colibri-jewels.eu\/et\/#website"},"primaryImageOfPage":{"@id":"https:\/\/colibri-jewels.eu\/et\/toode\/vintage-stiilis-lakoonilised-korvarongad-musta-aventuriiniga-kairo-oo-copy\/#primaryimage"},"image":{"@id":"https:\/\/colibri-jewels.eu\/et\/toode\/vintage-stiilis-lakoonilised-korvarongad-musta-aventuriiniga-kairo-oo-copy\/#primaryimage"},"thumbnailUrl":"https:\/\/colibri-jewels.eu\/wp-content\/uploads\/2024\/08\/black-aventurine-pendant-night-of-cairo.jpg","datePublished":"2024-08-06T19:07:09+00:00","dateModified":"2024-08-07T10:07:27+00:00","breadcrumb":{"@id":"https:\/\/colibri-jewels.eu\/et\/toode\/vintage-stiilis-lakoonilised-korvarongad-musta-aventuriiniga-kairo-oo-copy\/#breadcrumb"},"inLanguage":"et","potentialAction":[{"@type":"ReadAction","target":["https:\/\/colibri-jewels.eu\/et\/toode\/vintage-stiilis-lakoonilised-korvarongad-musta-aventuriiniga-kairo-oo-copy\/"]}]},{"@type":"ImageObject","inLanguage":"et","@id":"https:\/\/colibri-jewels.eu\/et\/toode\/vintage-stiilis-lakoonilised-korvarongad-musta-aventuriiniga-kairo-oo-copy\/#primaryimage","url":"https:\/\/colibri-jewels.eu\/wp-content\/uploads\/2024\/08\/black-aventurine-pendant-night-of-cairo.jpg","contentUrl":"https:\/\/colibri-jewels.eu\/wp-content\/uploads\/2024\/08\/black-aventurine-pendant-night-of-cairo.jpg","width":1000,"height":1000},{"@type":"BreadcrumbList","@id":"https:\/\/colibri-jewels.eu\/et\/toode\/vintage-stiilis-lakoonilised-korvarongad-musta-aventuriiniga-kairo-oo-copy\/#breadcrumb","itemListElement":[{"@type":"ListItem","position":1,"name":"\u0413\u043b\u0430\u0432\u043d\u0430\u044f \u0441\u0442\u0440\u0430\u043d\u0438\u0446\u0430","item":"https:\/\/colibri-jewels.eu\/et\/"},{"@type":"ListItem","position":2,"name":"Pood","item":"https:\/\/colibri-jewels.eu\/et\/pood\/"},{"@type":"ListItem","position":3,"name":"Vintage stiilis lakooniline ripats musta aventuriiniga &#8220;Kairo \u00f6\u00f6&#8221;"}]},{"@type":"WebSite","@id":"https:\/\/colibri-jewels.eu\/et\/#website","url":"https:\/\/colibri-jewels.eu\/et\/","name":"Colibri jewels","description":"jewelry shop","publisher":{"@id":"https:\/\/colibri-jewels.eu\/et\/#organization"},"potentialAction":[{"@type":"SearchAction","target":{"@type":"EntryPoint","urlTemplate":"https:\/\/colibri-jewels.eu\/et\/?s={search_term_string}"},"query-input":{"@type":"PropertyValueSpecification","valueRequired":true,"valueName":"search_term_string"}}],"inLanguage":"et"},{"@type":"Organization","@id":"https:\/\/colibri-jewels.eu\/et\/#organization","name":"O\u00dc Colibri","url":"https:\/\/colibri-jewels.eu\/et\/","logo":{"@type":"ImageObject","inLanguage":"et","@id":"https:\/\/colibri-jewels.eu\/et\/#\/schema\/logo\/image\/","url":"https:\/\/dev.colibri-jewels.eu\/wp-content\/uploads\/2021\/03\/colibri.png","contentUrl":"https:\/\/dev.colibri-jewels.eu\/wp-content\/uploads\/2021\/03\/colibri.png","width":227,"height":130,"caption":"O\u00dc Colibri"},"image":{"@id":"https:\/\/colibri-jewels.eu\/et\/#\/schema\/logo\/image\/"},"sameAs":["https:\/\/www.facebook.com\/colibri.jewels","https:\/\/www.instagram.com\/colibri.jewels","https:\/\/www.tiktok.com\/colibri.jewels"]}]}},"_links":{"self":[{"href":"https:\/\/colibri-jewels.eu\/et\/wp-json\/wp\/v2\/product\/42512","targetHints":{"allow":["GET"]}}],"collection":[{"href":"https:\/\/colibri-jewels.eu\/et\/wp-json\/wp\/v2\/product"}],"about":[{"href":"https:\/\/colibri-jewels.eu\/et\/wp-json\/wp\/v2\/types\/product"}],"replies":[{"embeddable":true,"href":"https:\/\/colibri-jewels.eu\/et\/wp-json\/wp\/v2\/comments?post=42512"}],"version-history":[{"count":0,"href":"https:\/\/colibri-jewels.eu\/et\/wp-json\/wp\/v2\/product\/42512\/revisions"}],"wp:featuredmedia":[{"embeddable":true,"href":"https:\/\/colibri-jewels.eu\/et\/wp-json\/wp\/v2\/media\/42491"}],"wp:attachment":[{"href":"https:\/\/colibri-jewels.eu\/et\/wp-json\/wp\/v2\/media?parent=42512"}],"wp:term":[{"taxonomy":"brand","embeddable":true,"href":"https:\/\/colibri-jewels.eu\/et\/wp-json\/wp\/v2\/etheme_brands?post=42512"},{"taxonomy":"product_brand","embeddable":true,"href":"https:\/\/colibri-jewels.eu\/et\/wp-json\/wp\/v2\/product_brand?post=42512"},{"taxonomy":"product_cat","embeddable":true,"href":"https:\/\/colibri-jewels.eu\/et\/wp-json\/wp\/v2\/product_cat?post=42512"},{"taxonomy":"product_tag","embeddable":true,"href":"https:\/\/colibri-jewels.eu\/et\/wp-json\/wp\/v2\/product_tag?post=42512"}],"curies":[{"name":"wp","href":"https:\/\/api.w.org\/{rel}","templated":true}]}}