{"id":42569,"date":"2024-08-07T21:07:54","date_gmt":"2024-08-07T18:07:54","guid":{"rendered":"https:\/\/dev.colibri-jewels.eu\/?post_type=product&#038;p=42569"},"modified":"2024-08-07T21:39:44","modified_gmt":"2024-08-07T18:39:44","slug":"lakooniline-kuldne-diamandiga-sormus-r-6676","status":"publish","type":"product","link":"https:\/\/colibri-jewels.eu\/et\/toode\/lakooniline-kuldne-diamandiga-sormus-r-6676\/","title":{"rendered":"Lakooniline kuldne diamandiga s\u00f5rmus R-6676"},"content":{"rendered":"<p>\u00dcks populaarsemaid mudeleid meie diamants\u00f5rmuste valikust. V\u00e4ga elegantne ja mugav, hea keskmise suurusega diamandiga, mis on s\u00e4titud avatud asendisse, mis teeb selle v\u00e4ga h\u00e4sti n\u00e4htavaks ja v\u00f5imaldab s\u00e4rada nii palju kui v\u00f5imalik. Diamant &#8211; 0,18 ct (3,5 mm) Keskmine s\u00f5rmuse kaal 2,20 g Kuldv\u00e4rv teie valikul, 14 kt.<\/p>\n","protected":false},"excerpt":{"rendered":"<p>\u00dcks populaarsemaid mudeleid meie diamants\u00f5rmuste valikust. V\u00e4ga elegantne ja mugav, hea keskmise suurusega diamandiga, mis on s\u00e4titud avatud asendisse, mis teeb selle v\u00e4ga h\u00e4sti n\u00e4htavaks&#8230;<\/p>\n","protected":false},"featured_media":42563,"comment_status":"open","ping_status":"closed","template":"","meta":[],"etheme_brands":[],"product_brand":[],"product_cat":[471],"product_tag":[474,472,505,499],"class_list":{"0":"post-42569","1":"product","2":"type-product","3":"status-publish","4":"has-post-thumbnail","6":"product_cat-sormused","7":"product_tag-kihlasormused","8":"product_tag-klassika","9":"product_tag-lakooniline","10":"product_tag-romantiline","12":"first","13":"onbackorder","14":"shipping-taxable","15":"purchasable","16":"product-type-variable"},"acf":[],"yoast_head":"<!-- This site is optimized with the Yoast SEO Premium plugin v26.5 (Yoast SEO v26.8) - https:\/\/yoast.com\/product\/yoast-seo-premium-wordpress\/ -->\n<title>Lakooniline kuldne diamandiga s\u00f5rmus R-6676 - Colibri jewels<\/title>\n<meta name=\"robots\" content=\"index, follow, max-snippet:-1, max-image-preview:large, max-video-preview:-1\" \/>\n<link rel=\"canonical\" href=\"https:\/\/colibri-jewels.eu\/et\/toode\/lakooniline-kuldne-diamandiga-sormus-r-6676\/\" \/>\n<meta property=\"og:locale\" content=\"et_EE\" \/>\n<meta property=\"og:type\" content=\"article\" \/>\n<meta property=\"og:title\" content=\"Lakooniline kuldne diamandiga s\u00f5rmus R-6676\" \/>\n<meta property=\"og:description\" content=\"\u00dcks populaarsemaid mudeleid meie diamants\u00f5rmuste valikust. V\u00e4ga elegantne ja mugav, hea keskmise suurusega diamandiga, mis on s\u00e4titud avatud asendisse, mis teeb selle v\u00e4ga h\u00e4sti n\u00e4htavaks...\" \/>\n<meta property=\"og:url\" content=\"https:\/\/colibri-jewels.eu\/et\/toode\/lakooniline-kuldne-diamandiga-sormus-r-6676\/\" \/>\n<meta property=\"og:site_name\" content=\"Colibri jewels\" \/>\n<meta property=\"article:publisher\" content=\"https:\/\/www.facebook.com\/colibri.jewels\" \/>\n<meta property=\"article:modified_time\" content=\"2024-08-07T18:39:44+00:00\" \/>\n<meta property=\"og:image\" content=\"https:\/\/colibri-jewels.eu\/wp-content\/uploads\/2024\/08\/yellow-gold-ring-with-diamond-3-mm-RD-6676.jpg\" \/>\n\t<meta property=\"og:image:width\" content=\"1000\" \/>\n\t<meta property=\"og:image:height\" content=\"1000\" \/>\n\t<meta property=\"og:image:type\" content=\"image\/jpeg\" \/>\n<meta name=\"twitter:card\" content=\"summary_large_image\" \/>\n<script type=\"application\/ld+json\" class=\"yoast-schema-graph\">{\"@context\":\"https:\/\/schema.org\",\"@graph\":[{\"@type\":\"WebPage\",\"@id\":\"https:\/\/colibri-jewels.eu\/et\/toode\/lakooniline-kuldne-diamandiga-sormus-r-6676\/\",\"url\":\"https:\/\/colibri-jewels.eu\/et\/toode\/lakooniline-kuldne-diamandiga-sormus-r-6676\/\",\"name\":\"Lakooniline kuldne diamandiga s\u00f5rmus R-6676 - Colibri jewels\",\"isPartOf\":{\"@id\":\"https:\/\/colibri-jewels.eu\/et\/#website\"},\"primaryImageOfPage\":{\"@id\":\"https:\/\/colibri-jewels.eu\/et\/toode\/lakooniline-kuldne-diamandiga-sormus-r-6676\/#primaryimage\"},\"image\":{\"@id\":\"https:\/\/colibri-jewels.eu\/et\/toode\/lakooniline-kuldne-diamandiga-sormus-r-6676\/#primaryimage\"},\"thumbnailUrl\":\"https:\/\/colibri-jewels.eu\/wp-content\/uploads\/2024\/08\/yellow-gold-ring-with-diamond-3-mm-RD-6676.jpg\",\"datePublished\":\"2024-08-07T18:07:54+00:00\",\"dateModified\":\"2024-08-07T18:39:44+00:00\",\"breadcrumb\":{\"@id\":\"https:\/\/colibri-jewels.eu\/et\/toode\/lakooniline-kuldne-diamandiga-sormus-r-6676\/#breadcrumb\"},\"inLanguage\":\"et\",\"potentialAction\":[{\"@type\":\"ReadAction\",\"target\":[\"https:\/\/colibri-jewels.eu\/et\/toode\/lakooniline-kuldne-diamandiga-sormus-r-6676\/\"]}]},{\"@type\":\"ImageObject\",\"inLanguage\":\"et\",\"@id\":\"https:\/\/colibri-jewels.eu\/et\/toode\/lakooniline-kuldne-diamandiga-sormus-r-6676\/#primaryimage\",\"url\":\"https:\/\/colibri-jewels.eu\/wp-content\/uploads\/2024\/08\/yellow-gold-ring-with-diamond-3-mm-RD-6676.jpg\",\"contentUrl\":\"https:\/\/colibri-jewels.eu\/wp-content\/uploads\/2024\/08\/yellow-gold-ring-with-diamond-3-mm-RD-6676.jpg\",\"width\":1000,\"height\":1000},{\"@type\":\"BreadcrumbList\",\"@id\":\"https:\/\/colibri-jewels.eu\/et\/toode\/lakooniline-kuldne-diamandiga-sormus-r-6676\/#breadcrumb\",\"itemListElement\":[{\"@type\":\"ListItem\",\"position\":1,\"name\":\"\u0413\u043b\u0430\u0432\u043d\u0430\u044f \u0441\u0442\u0440\u0430\u043d\u0438\u0446\u0430\",\"item\":\"https:\/\/colibri-jewels.eu\/et\/\"},{\"@type\":\"ListItem\",\"position\":2,\"name\":\"Pood\",\"item\":\"https:\/\/colibri-jewels.eu\/et\/pood\/\"},{\"@type\":\"ListItem\",\"position\":3,\"name\":\"Lakooniline kuldne diamandiga s\u00f5rmus R-6676\"}]},{\"@type\":\"WebSite\",\"@id\":\"https:\/\/colibri-jewels.eu\/et\/#website\",\"url\":\"https:\/\/colibri-jewels.eu\/et\/\",\"name\":\"Colibri jewels\",\"description\":\"jewelry shop\",\"publisher\":{\"@id\":\"https:\/\/colibri-jewels.eu\/et\/#organization\"},\"potentialAction\":[{\"@type\":\"SearchAction\",\"target\":{\"@type\":\"EntryPoint\",\"urlTemplate\":\"https:\/\/colibri-jewels.eu\/et\/?s={search_term_string}\"},\"query-input\":{\"@type\":\"PropertyValueSpecification\",\"valueRequired\":true,\"valueName\":\"search_term_string\"}}],\"inLanguage\":\"et\"},{\"@type\":\"Organization\",\"@id\":\"https:\/\/colibri-jewels.eu\/et\/#organization\",\"name\":\"O\u00dc Colibri\",\"url\":\"https:\/\/colibri-jewels.eu\/et\/\",\"logo\":{\"@type\":\"ImageObject\",\"inLanguage\":\"et\",\"@id\":\"https:\/\/colibri-jewels.eu\/et\/#\/schema\/logo\/image\/\",\"url\":\"https:\/\/dev.colibri-jewels.eu\/wp-content\/uploads\/2021\/03\/colibri.png\",\"contentUrl\":\"https:\/\/dev.colibri-jewels.eu\/wp-content\/uploads\/2021\/03\/colibri.png\",\"width\":227,\"height\":130,\"caption\":\"O\u00dc Colibri\"},\"image\":{\"@id\":\"https:\/\/colibri-jewels.eu\/et\/#\/schema\/logo\/image\/\"},\"sameAs\":[\"https:\/\/www.facebook.com\/colibri.jewels\",\"https:\/\/www.instagram.com\/colibri.jewels\",\"https:\/\/www.tiktok.com\/colibri.jewels\"]}]}<\/script>\n<!-- \/ Yoast SEO Premium plugin. -->","yoast_head_json":{"title":"Lakooniline kuldne diamandiga s\u00f5rmus R-6676 - Colibri jewels","robots":{"index":"index","follow":"follow","max-snippet":"max-snippet:-1","max-image-preview":"max-image-preview:large","max-video-preview":"max-video-preview:-1"},"canonical":"https:\/\/colibri-jewels.eu\/et\/toode\/lakooniline-kuldne-diamandiga-sormus-r-6676\/","og_locale":"et_EE","og_type":"article","og_title":"Lakooniline kuldne diamandiga s\u00f5rmus R-6676","og_description":"\u00dcks populaarsemaid mudeleid meie diamants\u00f5rmuste valikust. V\u00e4ga elegantne ja mugav, hea keskmise suurusega diamandiga, mis on s\u00e4titud avatud asendisse, mis teeb selle v\u00e4ga h\u00e4sti n\u00e4htavaks...","og_url":"https:\/\/colibri-jewels.eu\/et\/toode\/lakooniline-kuldne-diamandiga-sormus-r-6676\/","og_site_name":"Colibri jewels","article_publisher":"https:\/\/www.facebook.com\/colibri.jewels","article_modified_time":"2024-08-07T18:39:44+00:00","og_image":[{"width":1000,"height":1000,"url":"https:\/\/colibri-jewels.eu\/wp-content\/uploads\/2024\/08\/yellow-gold-ring-with-diamond-3-mm-RD-6676.jpg","type":"image\/jpeg"}],"twitter_card":"summary_large_image","schema":{"@context":"https:\/\/schema.org","@graph":[{"@type":"WebPage","@id":"https:\/\/colibri-jewels.eu\/et\/toode\/lakooniline-kuldne-diamandiga-sormus-r-6676\/","url":"https:\/\/colibri-jewels.eu\/et\/toode\/lakooniline-kuldne-diamandiga-sormus-r-6676\/","name":"Lakooniline kuldne diamandiga s\u00f5rmus R-6676 - Colibri jewels","isPartOf":{"@id":"https:\/\/colibri-jewels.eu\/et\/#website"},"primaryImageOfPage":{"@id":"https:\/\/colibri-jewels.eu\/et\/toode\/lakooniline-kuldne-diamandiga-sormus-r-6676\/#primaryimage"},"image":{"@id":"https:\/\/colibri-jewels.eu\/et\/toode\/lakooniline-kuldne-diamandiga-sormus-r-6676\/#primaryimage"},"thumbnailUrl":"https:\/\/colibri-jewels.eu\/wp-content\/uploads\/2024\/08\/yellow-gold-ring-with-diamond-3-mm-RD-6676.jpg","datePublished":"2024-08-07T18:07:54+00:00","dateModified":"2024-08-07T18:39:44+00:00","breadcrumb":{"@id":"https:\/\/colibri-jewels.eu\/et\/toode\/lakooniline-kuldne-diamandiga-sormus-r-6676\/#breadcrumb"},"inLanguage":"et","potentialAction":[{"@type":"ReadAction","target":["https:\/\/colibri-jewels.eu\/et\/toode\/lakooniline-kuldne-diamandiga-sormus-r-6676\/"]}]},{"@type":"ImageObject","inLanguage":"et","@id":"https:\/\/colibri-jewels.eu\/et\/toode\/lakooniline-kuldne-diamandiga-sormus-r-6676\/#primaryimage","url":"https:\/\/colibri-jewels.eu\/wp-content\/uploads\/2024\/08\/yellow-gold-ring-with-diamond-3-mm-RD-6676.jpg","contentUrl":"https:\/\/colibri-jewels.eu\/wp-content\/uploads\/2024\/08\/yellow-gold-ring-with-diamond-3-mm-RD-6676.jpg","width":1000,"height":1000},{"@type":"BreadcrumbList","@id":"https:\/\/colibri-jewels.eu\/et\/toode\/lakooniline-kuldne-diamandiga-sormus-r-6676\/#breadcrumb","itemListElement":[{"@type":"ListItem","position":1,"name":"\u0413\u043b\u0430\u0432\u043d\u0430\u044f \u0441\u0442\u0440\u0430\u043d\u0438\u0446\u0430","item":"https:\/\/colibri-jewels.eu\/et\/"},{"@type":"ListItem","position":2,"name":"Pood","item":"https:\/\/colibri-jewels.eu\/et\/pood\/"},{"@type":"ListItem","position":3,"name":"Lakooniline kuldne diamandiga s\u00f5rmus R-6676"}]},{"@type":"WebSite","@id":"https:\/\/colibri-jewels.eu\/et\/#website","url":"https:\/\/colibri-jewels.eu\/et\/","name":"Colibri jewels","description":"jewelry shop","publisher":{"@id":"https:\/\/colibri-jewels.eu\/et\/#organization"},"potentialAction":[{"@type":"SearchAction","target":{"@type":"EntryPoint","urlTemplate":"https:\/\/colibri-jewels.eu\/et\/?s={search_term_string}"},"query-input":{"@type":"PropertyValueSpecification","valueRequired":true,"valueName":"search_term_string"}}],"inLanguage":"et"},{"@type":"Organization","@id":"https:\/\/colibri-jewels.eu\/et\/#organization","name":"O\u00dc Colibri","url":"https:\/\/colibri-jewels.eu\/et\/","logo":{"@type":"ImageObject","inLanguage":"et","@id":"https:\/\/colibri-jewels.eu\/et\/#\/schema\/logo\/image\/","url":"https:\/\/dev.colibri-jewels.eu\/wp-content\/uploads\/2021\/03\/colibri.png","contentUrl":"https:\/\/dev.colibri-jewels.eu\/wp-content\/uploads\/2021\/03\/colibri.png","width":227,"height":130,"caption":"O\u00dc Colibri"},"image":{"@id":"https:\/\/colibri-jewels.eu\/et\/#\/schema\/logo\/image\/"},"sameAs":["https:\/\/www.facebook.com\/colibri.jewels","https:\/\/www.instagram.com\/colibri.jewels","https:\/\/www.tiktok.com\/colibri.jewels"]}]}},"_links":{"self":[{"href":"https:\/\/colibri-jewels.eu\/et\/wp-json\/wp\/v2\/product\/42569","targetHints":{"allow":["GET"]}}],"collection":[{"href":"https:\/\/colibri-jewels.eu\/et\/wp-json\/wp\/v2\/product"}],"about":[{"href":"https:\/\/colibri-jewels.eu\/et\/wp-json\/wp\/v2\/types\/product"}],"replies":[{"embeddable":true,"href":"https:\/\/colibri-jewels.eu\/et\/wp-json\/wp\/v2\/comments?post=42569"}],"version-history":[{"count":0,"href":"https:\/\/colibri-jewels.eu\/et\/wp-json\/wp\/v2\/product\/42569\/revisions"}],"wp:featuredmedia":[{"embeddable":true,"href":"https:\/\/colibri-jewels.eu\/et\/wp-json\/wp\/v2\/media\/42563"}],"wp:attachment":[{"href":"https:\/\/colibri-jewels.eu\/et\/wp-json\/wp\/v2\/media?parent=42569"}],"wp:term":[{"taxonomy":"brand","embeddable":true,"href":"https:\/\/colibri-jewels.eu\/et\/wp-json\/wp\/v2\/etheme_brands?post=42569"},{"taxonomy":"product_brand","embeddable":true,"href":"https:\/\/colibri-jewels.eu\/et\/wp-json\/wp\/v2\/product_brand?post=42569"},{"taxonomy":"product_cat","embeddable":true,"href":"https:\/\/colibri-jewels.eu\/et\/wp-json\/wp\/v2\/product_cat?post=42569"},{"taxonomy":"product_tag","embeddable":true,"href":"https:\/\/colibri-jewels.eu\/et\/wp-json\/wp\/v2\/product_tag?post=42569"}],"curies":[{"name":"wp","href":"https:\/\/api.w.org\/{rel}","templated":true}]}}