{"id":42578,"date":"2024-08-07T21:31:29","date_gmt":"2024-08-07T18:31:29","guid":{"rendered":"https:\/\/dev.colibri-jewels.eu\/?post_type=product&#038;p=42578"},"modified":"2024-08-07T21:39:34","modified_gmt":"2024-08-07T18:39:34","slug":"armas-ohuke-kuldne-diamandiga-sormus-love-r-6929","status":"publish","type":"product","link":"https:\/\/colibri-jewels.eu\/et\/toode\/armas-ohuke-kuldne-diamandiga-sormus-love-r-6929\/","title":{"rendered":"Armas \u00f5huke kuldne diamandiga s\u00f5rmus &#8220;Love&#8221; R-6929"},"content":{"rendered":"<p>Nii armas, armas ja romantiline diamants\u00f5rmus! \u00d5huke ja elegantne kursiivse tekstiga &#8220;Armastus&#8221; &#8211; t\u00f5eliselt t\u00e4hendusrikas kingitus! Kogu s\u00f5rmus on kui s\u00fcmbol \u2013 \u00f5rn armastus koos usaldusv\u00e4\u00e4rse ja k\u00f5va kivi \u2013 diamandiga. Ja diamandid on igavesti, nagu me k\u00f5ik teame. Diamant 0,03 ct (t\u00e4isl\u00f5ikega, 57 tahku) S\u00f5rmuse keskmine kaal 0,95 g. Roosa kuld 14 kt.<\/p>\n","protected":false},"excerpt":{"rendered":"<p>Nii armas, armas ja romantiline diamants\u00f5rmus! \u00d5huke ja elegantne kursiivse tekstiga &#8220;Armastus&#8221; &#8211; t\u00f5eliselt t\u00e4hendusrikas kingitus! Kogu s\u00f5rmus on kui s\u00fcmbol \u2013 \u00f5rn armastus koos&#8230;<\/p>\n","protected":false},"featured_media":42575,"comment_status":"open","ping_status":"closed","template":"","meta":[],"etheme_brands":[],"product_brand":[],"product_cat":[471],"product_tag":[499],"class_list":{"0":"post-42578","1":"product","2":"type-product","3":"status-publish","4":"has-post-thumbnail","6":"product_cat-sormused","7":"product_tag-romantiline","9":"first","10":"onbackorder","11":"shipping-taxable","12":"purchasable","13":"product-type-simple"},"acf":[],"yoast_head":"<!-- This site is optimized with the Yoast SEO Premium plugin v26.5 (Yoast SEO v26.8) - https:\/\/yoast.com\/product\/yoast-seo-premium-wordpress\/ -->\n<title>Armas \u00f5huke kuldne diamandiga s\u00f5rmus &quot;Love&quot; R-6929 - Colibri jewels<\/title>\n<meta name=\"robots\" content=\"index, follow, max-snippet:-1, max-image-preview:large, max-video-preview:-1\" \/>\n<link rel=\"canonical\" href=\"https:\/\/colibri-jewels.eu\/et\/toode\/armas-ohuke-kuldne-diamandiga-sormus-love-r-6929\/\" \/>\n<meta property=\"og:locale\" content=\"et_EE\" \/>\n<meta property=\"og:type\" content=\"article\" \/>\n<meta property=\"og:title\" content=\"Armas \u00f5huke kuldne diamandiga s\u00f5rmus &quot;Love&quot; R-6929\" \/>\n<meta property=\"og:description\" content=\"Nii armas, armas ja romantiline diamants\u00f5rmus! \u00d5huke ja elegantne kursiivse tekstiga &#8220;Armastus&#8221; &#8211; t\u00f5eliselt t\u00e4hendusrikas kingitus! Kogu s\u00f5rmus on kui s\u00fcmbol \u2013 \u00f5rn armastus koos...\" \/>\n<meta property=\"og:url\" content=\"https:\/\/colibri-jewels.eu\/et\/toode\/armas-ohuke-kuldne-diamandiga-sormus-love-r-6929\/\" \/>\n<meta property=\"og:site_name\" content=\"Colibri jewels\" \/>\n<meta property=\"article:publisher\" content=\"https:\/\/www.facebook.com\/colibri.jewels\" \/>\n<meta property=\"article:modified_time\" content=\"2024-08-07T18:39:34+00:00\" \/>\n<meta property=\"og:image\" content=\"https:\/\/colibri-jewels.eu\/wp-content\/uploads\/2024\/08\/golden-diamond-ring-love-R-6929.jpg\" \/>\n\t<meta property=\"og:image:width\" content=\"1000\" \/>\n\t<meta property=\"og:image:height\" content=\"1000\" \/>\n\t<meta property=\"og:image:type\" content=\"image\/jpeg\" \/>\n<meta name=\"twitter:card\" content=\"summary_large_image\" \/>\n<script type=\"application\/ld+json\" class=\"yoast-schema-graph\">{\"@context\":\"https:\/\/schema.org\",\"@graph\":[{\"@type\":\"WebPage\",\"@id\":\"https:\/\/colibri-jewels.eu\/et\/toode\/armas-ohuke-kuldne-diamandiga-sormus-love-r-6929\/\",\"url\":\"https:\/\/colibri-jewels.eu\/et\/toode\/armas-ohuke-kuldne-diamandiga-sormus-love-r-6929\/\",\"name\":\"Armas \u00f5huke kuldne diamandiga s\u00f5rmus \\\"Love\\\" R-6929 - Colibri jewels\",\"isPartOf\":{\"@id\":\"https:\/\/colibri-jewels.eu\/et\/#website\"},\"primaryImageOfPage\":{\"@id\":\"https:\/\/colibri-jewels.eu\/et\/toode\/armas-ohuke-kuldne-diamandiga-sormus-love-r-6929\/#primaryimage\"},\"image\":{\"@id\":\"https:\/\/colibri-jewels.eu\/et\/toode\/armas-ohuke-kuldne-diamandiga-sormus-love-r-6929\/#primaryimage\"},\"thumbnailUrl\":\"https:\/\/colibri-jewels.eu\/wp-content\/uploads\/2024\/08\/golden-diamond-ring-love-R-6929.jpg\",\"datePublished\":\"2024-08-07T18:31:29+00:00\",\"dateModified\":\"2024-08-07T18:39:34+00:00\",\"breadcrumb\":{\"@id\":\"https:\/\/colibri-jewels.eu\/et\/toode\/armas-ohuke-kuldne-diamandiga-sormus-love-r-6929\/#breadcrumb\"},\"inLanguage\":\"et\",\"potentialAction\":[{\"@type\":\"ReadAction\",\"target\":[\"https:\/\/colibri-jewels.eu\/et\/toode\/armas-ohuke-kuldne-diamandiga-sormus-love-r-6929\/\"]}]},{\"@type\":\"ImageObject\",\"inLanguage\":\"et\",\"@id\":\"https:\/\/colibri-jewels.eu\/et\/toode\/armas-ohuke-kuldne-diamandiga-sormus-love-r-6929\/#primaryimage\",\"url\":\"https:\/\/colibri-jewels.eu\/wp-content\/uploads\/2024\/08\/golden-diamond-ring-love-R-6929.jpg\",\"contentUrl\":\"https:\/\/colibri-jewels.eu\/wp-content\/uploads\/2024\/08\/golden-diamond-ring-love-R-6929.jpg\",\"width\":1000,\"height\":1000},{\"@type\":\"BreadcrumbList\",\"@id\":\"https:\/\/colibri-jewels.eu\/et\/toode\/armas-ohuke-kuldne-diamandiga-sormus-love-r-6929\/#breadcrumb\",\"itemListElement\":[{\"@type\":\"ListItem\",\"position\":1,\"name\":\"\u0413\u043b\u0430\u0432\u043d\u0430\u044f \u0441\u0442\u0440\u0430\u043d\u0438\u0446\u0430\",\"item\":\"https:\/\/colibri-jewels.eu\/et\/\"},{\"@type\":\"ListItem\",\"position\":2,\"name\":\"Pood\",\"item\":\"https:\/\/colibri-jewels.eu\/et\/pood\/\"},{\"@type\":\"ListItem\",\"position\":3,\"name\":\"Armas \u00f5huke kuldne diamandiga s\u00f5rmus &#8220;Love&#8221; R-6929\"}]},{\"@type\":\"WebSite\",\"@id\":\"https:\/\/colibri-jewels.eu\/et\/#website\",\"url\":\"https:\/\/colibri-jewels.eu\/et\/\",\"name\":\"Colibri jewels\",\"description\":\"jewelry shop\",\"publisher\":{\"@id\":\"https:\/\/colibri-jewels.eu\/et\/#organization\"},\"potentialAction\":[{\"@type\":\"SearchAction\",\"target\":{\"@type\":\"EntryPoint\",\"urlTemplate\":\"https:\/\/colibri-jewels.eu\/et\/?s={search_term_string}\"},\"query-input\":{\"@type\":\"PropertyValueSpecification\",\"valueRequired\":true,\"valueName\":\"search_term_string\"}}],\"inLanguage\":\"et\"},{\"@type\":\"Organization\",\"@id\":\"https:\/\/colibri-jewels.eu\/et\/#organization\",\"name\":\"O\u00dc Colibri\",\"url\":\"https:\/\/colibri-jewels.eu\/et\/\",\"logo\":{\"@type\":\"ImageObject\",\"inLanguage\":\"et\",\"@id\":\"https:\/\/colibri-jewels.eu\/et\/#\/schema\/logo\/image\/\",\"url\":\"https:\/\/dev.colibri-jewels.eu\/wp-content\/uploads\/2021\/03\/colibri.png\",\"contentUrl\":\"https:\/\/dev.colibri-jewels.eu\/wp-content\/uploads\/2021\/03\/colibri.png\",\"width\":227,\"height\":130,\"caption\":\"O\u00dc Colibri\"},\"image\":{\"@id\":\"https:\/\/colibri-jewels.eu\/et\/#\/schema\/logo\/image\/\"},\"sameAs\":[\"https:\/\/www.facebook.com\/colibri.jewels\",\"https:\/\/www.instagram.com\/colibri.jewels\",\"https:\/\/www.tiktok.com\/colibri.jewels\"]}]}<\/script>\n<!-- \/ Yoast SEO Premium plugin. -->","yoast_head_json":{"title":"Armas \u00f5huke kuldne diamandiga s\u00f5rmus \"Love\" R-6929 - Colibri jewels","robots":{"index":"index","follow":"follow","max-snippet":"max-snippet:-1","max-image-preview":"max-image-preview:large","max-video-preview":"max-video-preview:-1"},"canonical":"https:\/\/colibri-jewels.eu\/et\/toode\/armas-ohuke-kuldne-diamandiga-sormus-love-r-6929\/","og_locale":"et_EE","og_type":"article","og_title":"Armas \u00f5huke kuldne diamandiga s\u00f5rmus \"Love\" R-6929","og_description":"Nii armas, armas ja romantiline diamants\u00f5rmus! \u00d5huke ja elegantne kursiivse tekstiga &#8220;Armastus&#8221; &#8211; t\u00f5eliselt t\u00e4hendusrikas kingitus! Kogu s\u00f5rmus on kui s\u00fcmbol \u2013 \u00f5rn armastus koos...","og_url":"https:\/\/colibri-jewels.eu\/et\/toode\/armas-ohuke-kuldne-diamandiga-sormus-love-r-6929\/","og_site_name":"Colibri jewels","article_publisher":"https:\/\/www.facebook.com\/colibri.jewels","article_modified_time":"2024-08-07T18:39:34+00:00","og_image":[{"width":1000,"height":1000,"url":"https:\/\/colibri-jewels.eu\/wp-content\/uploads\/2024\/08\/golden-diamond-ring-love-R-6929.jpg","type":"image\/jpeg"}],"twitter_card":"summary_large_image","schema":{"@context":"https:\/\/schema.org","@graph":[{"@type":"WebPage","@id":"https:\/\/colibri-jewels.eu\/et\/toode\/armas-ohuke-kuldne-diamandiga-sormus-love-r-6929\/","url":"https:\/\/colibri-jewels.eu\/et\/toode\/armas-ohuke-kuldne-diamandiga-sormus-love-r-6929\/","name":"Armas \u00f5huke kuldne diamandiga s\u00f5rmus \"Love\" R-6929 - Colibri jewels","isPartOf":{"@id":"https:\/\/colibri-jewels.eu\/et\/#website"},"primaryImageOfPage":{"@id":"https:\/\/colibri-jewels.eu\/et\/toode\/armas-ohuke-kuldne-diamandiga-sormus-love-r-6929\/#primaryimage"},"image":{"@id":"https:\/\/colibri-jewels.eu\/et\/toode\/armas-ohuke-kuldne-diamandiga-sormus-love-r-6929\/#primaryimage"},"thumbnailUrl":"https:\/\/colibri-jewels.eu\/wp-content\/uploads\/2024\/08\/golden-diamond-ring-love-R-6929.jpg","datePublished":"2024-08-07T18:31:29+00:00","dateModified":"2024-08-07T18:39:34+00:00","breadcrumb":{"@id":"https:\/\/colibri-jewels.eu\/et\/toode\/armas-ohuke-kuldne-diamandiga-sormus-love-r-6929\/#breadcrumb"},"inLanguage":"et","potentialAction":[{"@type":"ReadAction","target":["https:\/\/colibri-jewels.eu\/et\/toode\/armas-ohuke-kuldne-diamandiga-sormus-love-r-6929\/"]}]},{"@type":"ImageObject","inLanguage":"et","@id":"https:\/\/colibri-jewels.eu\/et\/toode\/armas-ohuke-kuldne-diamandiga-sormus-love-r-6929\/#primaryimage","url":"https:\/\/colibri-jewels.eu\/wp-content\/uploads\/2024\/08\/golden-diamond-ring-love-R-6929.jpg","contentUrl":"https:\/\/colibri-jewels.eu\/wp-content\/uploads\/2024\/08\/golden-diamond-ring-love-R-6929.jpg","width":1000,"height":1000},{"@type":"BreadcrumbList","@id":"https:\/\/colibri-jewels.eu\/et\/toode\/armas-ohuke-kuldne-diamandiga-sormus-love-r-6929\/#breadcrumb","itemListElement":[{"@type":"ListItem","position":1,"name":"\u0413\u043b\u0430\u0432\u043d\u0430\u044f \u0441\u0442\u0440\u0430\u043d\u0438\u0446\u0430","item":"https:\/\/colibri-jewels.eu\/et\/"},{"@type":"ListItem","position":2,"name":"Pood","item":"https:\/\/colibri-jewels.eu\/et\/pood\/"},{"@type":"ListItem","position":3,"name":"Armas \u00f5huke kuldne diamandiga s\u00f5rmus &#8220;Love&#8221; R-6929"}]},{"@type":"WebSite","@id":"https:\/\/colibri-jewels.eu\/et\/#website","url":"https:\/\/colibri-jewels.eu\/et\/","name":"Colibri jewels","description":"jewelry shop","publisher":{"@id":"https:\/\/colibri-jewels.eu\/et\/#organization"},"potentialAction":[{"@type":"SearchAction","target":{"@type":"EntryPoint","urlTemplate":"https:\/\/colibri-jewels.eu\/et\/?s={search_term_string}"},"query-input":{"@type":"PropertyValueSpecification","valueRequired":true,"valueName":"search_term_string"}}],"inLanguage":"et"},{"@type":"Organization","@id":"https:\/\/colibri-jewels.eu\/et\/#organization","name":"O\u00dc Colibri","url":"https:\/\/colibri-jewels.eu\/et\/","logo":{"@type":"ImageObject","inLanguage":"et","@id":"https:\/\/colibri-jewels.eu\/et\/#\/schema\/logo\/image\/","url":"https:\/\/dev.colibri-jewels.eu\/wp-content\/uploads\/2021\/03\/colibri.png","contentUrl":"https:\/\/dev.colibri-jewels.eu\/wp-content\/uploads\/2021\/03\/colibri.png","width":227,"height":130,"caption":"O\u00dc Colibri"},"image":{"@id":"https:\/\/colibri-jewels.eu\/et\/#\/schema\/logo\/image\/"},"sameAs":["https:\/\/www.facebook.com\/colibri.jewels","https:\/\/www.instagram.com\/colibri.jewels","https:\/\/www.tiktok.com\/colibri.jewels"]}]}},"_links":{"self":[{"href":"https:\/\/colibri-jewels.eu\/et\/wp-json\/wp\/v2\/product\/42578","targetHints":{"allow":["GET"]}}],"collection":[{"href":"https:\/\/colibri-jewels.eu\/et\/wp-json\/wp\/v2\/product"}],"about":[{"href":"https:\/\/colibri-jewels.eu\/et\/wp-json\/wp\/v2\/types\/product"}],"replies":[{"embeddable":true,"href":"https:\/\/colibri-jewels.eu\/et\/wp-json\/wp\/v2\/comments?post=42578"}],"version-history":[{"count":0,"href":"https:\/\/colibri-jewels.eu\/et\/wp-json\/wp\/v2\/product\/42578\/revisions"}],"wp:featuredmedia":[{"embeddable":true,"href":"https:\/\/colibri-jewels.eu\/et\/wp-json\/wp\/v2\/media\/42575"}],"wp:attachment":[{"href":"https:\/\/colibri-jewels.eu\/et\/wp-json\/wp\/v2\/media?parent=42578"}],"wp:term":[{"taxonomy":"brand","embeddable":true,"href":"https:\/\/colibri-jewels.eu\/et\/wp-json\/wp\/v2\/etheme_brands?post=42578"},{"taxonomy":"product_brand","embeddable":true,"href":"https:\/\/colibri-jewels.eu\/et\/wp-json\/wp\/v2\/product_brand?post=42578"},{"taxonomy":"product_cat","embeddable":true,"href":"https:\/\/colibri-jewels.eu\/et\/wp-json\/wp\/v2\/product_cat?post=42578"},{"taxonomy":"product_tag","embeddable":true,"href":"https:\/\/colibri-jewels.eu\/et\/wp-json\/wp\/v2\/product_tag?post=42578"}],"curies":[{"name":"wp","href":"https:\/\/api.w.org\/{rel}","templated":true}]}}