{"id":42813,"date":"2024-12-12T23:10:51","date_gmt":"2024-12-12T21:10:51","guid":{"rendered":"https:\/\/dev.colibri-jewels.eu\/?post_type=product&#038;p=42813"},"modified":"2024-12-12T23:23:44","modified_gmt":"2024-12-12T21:23:44","slug":"hobedane-sormus-kuldse-plaaditukiga-nael","status":"publish","type":"product","link":"https:\/\/colibri-jewels.eu\/et\/toode\/hobedane-sormus-kuldse-plaaditukiga-nael\/","title":{"rendered":"H\u00f5bedane s\u00f5rmus kuldse plaadit\u00fckiga &#8220;Nael&#8221;"},"content":{"rendered":"<p>Stiilne h\u00f5bedane s\u00f5rmus nii moeka kruvinaela kujuga. Parema v\u00e4limuse saavutamiseks on lisatud s\u00e4rav kuldne element 14 kt kullast. Tsirkoonid, mis on seatud joonele, muudab selle k\u00fc\u00fcne suurep\u00e4raseks ebatavaliseks aksessuaariks.<\/p>\n<p>Kui meil endal pole, saate tellida ka teise suuruse. Tootmine v\u00f5tab aega 4-5 n\u00e4dalat.<\/p>\n<p>Sterling h\u00f5be, s\u00f5rmuse ligikaudne kogukaal 4,15 g.<\/p>\n<p>14 kt kuldse elemendi kaal 0,02 g.<\/p>\n","protected":false},"excerpt":{"rendered":"<p>Stiilne h\u00f5bedane s\u00f5rmus nii moeka kruvinaela kujuga. Parema v\u00e4limuse saavutamiseks on lisatud s\u00e4rav kuldne element 14 kt kullast. Tsirkoonid, mis on seatud joonele, muudab selle&#8230;<\/p>\n","protected":false},"featured_media":42810,"comment_status":"open","ping_status":"closed","template":"","meta":[],"etheme_brands":[],"product_brand":[],"product_cat":[471],"product_tag":[],"class_list":{"0":"post-42813","1":"product","2":"type-product","3":"status-publish","4":"has-post-thumbnail","6":"product_cat-sormused","8":"first","9":"outofstock","10":"shipping-taxable","11":"purchasable","12":"product-type-variable"},"acf":[],"yoast_head":"<!-- This site is optimized with the Yoast SEO Premium plugin v26.5 (Yoast SEO v26.8) - https:\/\/yoast.com\/product\/yoast-seo-premium-wordpress\/ -->\n<title>H\u00f5bedane s\u00f5rmus kuldse plaadit\u00fckiga &quot;Nael&quot; - Colibri jewels<\/title>\n<meta name=\"robots\" content=\"index, follow, max-snippet:-1, max-image-preview:large, max-video-preview:-1\" \/>\n<link rel=\"canonical\" href=\"https:\/\/colibri-jewels.eu\/et\/toode\/hobedane-sormus-kuldse-plaaditukiga-nael\/\" \/>\n<meta property=\"og:locale\" content=\"et_EE\" \/>\n<meta property=\"og:type\" content=\"article\" \/>\n<meta property=\"og:title\" content=\"H\u00f5bedane s\u00f5rmus kuldse plaadit\u00fckiga &quot;Nael&quot;\" \/>\n<meta property=\"og:description\" content=\"Stiilne h\u00f5bedane s\u00f5rmus nii moeka kruvinaela kujuga. Parema v\u00e4limuse saavutamiseks on lisatud s\u00e4rav kuldne element 14 kt kullast. Tsirkoonid, mis on seatud joonele, muudab selle...\" \/>\n<meta property=\"og:url\" content=\"https:\/\/colibri-jewels.eu\/et\/toode\/hobedane-sormus-kuldse-plaaditukiga-nael\/\" \/>\n<meta property=\"og:site_name\" content=\"Colibri jewels\" \/>\n<meta property=\"article:publisher\" content=\"https:\/\/www.facebook.com\/colibri.jewels\" \/>\n<meta property=\"article:modified_time\" content=\"2024-12-12T21:23:44+00:00\" \/>\n<meta property=\"og:image\" content=\"https:\/\/colibri-jewels.eu\/wp-content\/uploads\/2024\/09\/988-silver-ring-nail-with-golden-plate.jpg\" \/>\n\t<meta property=\"og:image:width\" content=\"1000\" \/>\n\t<meta property=\"og:image:height\" content=\"1000\" \/>\n\t<meta property=\"og:image:type\" content=\"image\/jpeg\" \/>\n<meta name=\"twitter:card\" content=\"summary_large_image\" \/>\n<script type=\"application\/ld+json\" class=\"yoast-schema-graph\">{\"@context\":\"https:\/\/schema.org\",\"@graph\":[{\"@type\":\"WebPage\",\"@id\":\"https:\/\/colibri-jewels.eu\/et\/toode\/hobedane-sormus-kuldse-plaaditukiga-nael\/\",\"url\":\"https:\/\/colibri-jewels.eu\/et\/toode\/hobedane-sormus-kuldse-plaaditukiga-nael\/\",\"name\":\"H\u00f5bedane s\u00f5rmus kuldse plaadit\u00fckiga \\\"Nael\\\" - Colibri jewels\",\"isPartOf\":{\"@id\":\"https:\/\/colibri-jewels.eu\/et\/#website\"},\"primaryImageOfPage\":{\"@id\":\"https:\/\/colibri-jewels.eu\/et\/toode\/hobedane-sormus-kuldse-plaaditukiga-nael\/#primaryimage\"},\"image\":{\"@id\":\"https:\/\/colibri-jewels.eu\/et\/toode\/hobedane-sormus-kuldse-plaaditukiga-nael\/#primaryimage\"},\"thumbnailUrl\":\"https:\/\/colibri-jewels.eu\/wp-content\/uploads\/2024\/09\/988-silver-ring-nail-with-golden-plate.jpg\",\"datePublished\":\"2024-12-12T21:10:51+00:00\",\"dateModified\":\"2024-12-12T21:23:44+00:00\",\"breadcrumb\":{\"@id\":\"https:\/\/colibri-jewels.eu\/et\/toode\/hobedane-sormus-kuldse-plaaditukiga-nael\/#breadcrumb\"},\"inLanguage\":\"et\",\"potentialAction\":[{\"@type\":\"ReadAction\",\"target\":[\"https:\/\/colibri-jewels.eu\/et\/toode\/hobedane-sormus-kuldse-plaaditukiga-nael\/\"]}]},{\"@type\":\"ImageObject\",\"inLanguage\":\"et\",\"@id\":\"https:\/\/colibri-jewels.eu\/et\/toode\/hobedane-sormus-kuldse-plaaditukiga-nael\/#primaryimage\",\"url\":\"https:\/\/colibri-jewels.eu\/wp-content\/uploads\/2024\/09\/988-silver-ring-nail-with-golden-plate.jpg\",\"contentUrl\":\"https:\/\/colibri-jewels.eu\/wp-content\/uploads\/2024\/09\/988-silver-ring-nail-with-golden-plate.jpg\",\"width\":1000,\"height\":1000},{\"@type\":\"BreadcrumbList\",\"@id\":\"https:\/\/colibri-jewels.eu\/et\/toode\/hobedane-sormus-kuldse-plaaditukiga-nael\/#breadcrumb\",\"itemListElement\":[{\"@type\":\"ListItem\",\"position\":1,\"name\":\"\u0413\u043b\u0430\u0432\u043d\u0430\u044f \u0441\u0442\u0440\u0430\u043d\u0438\u0446\u0430\",\"item\":\"https:\/\/colibri-jewels.eu\/et\/\"},{\"@type\":\"ListItem\",\"position\":2,\"name\":\"Pood\",\"item\":\"https:\/\/colibri-jewels.eu\/et\/pood\/\"},{\"@type\":\"ListItem\",\"position\":3,\"name\":\"H\u00f5bedane s\u00f5rmus kuldse plaadit\u00fckiga &#8220;Nael&#8221;\"}]},{\"@type\":\"WebSite\",\"@id\":\"https:\/\/colibri-jewels.eu\/et\/#website\",\"url\":\"https:\/\/colibri-jewels.eu\/et\/\",\"name\":\"Colibri jewels\",\"description\":\"jewelry shop\",\"publisher\":{\"@id\":\"https:\/\/colibri-jewels.eu\/et\/#organization\"},\"potentialAction\":[{\"@type\":\"SearchAction\",\"target\":{\"@type\":\"EntryPoint\",\"urlTemplate\":\"https:\/\/colibri-jewels.eu\/et\/?s={search_term_string}\"},\"query-input\":{\"@type\":\"PropertyValueSpecification\",\"valueRequired\":true,\"valueName\":\"search_term_string\"}}],\"inLanguage\":\"et\"},{\"@type\":\"Organization\",\"@id\":\"https:\/\/colibri-jewels.eu\/et\/#organization\",\"name\":\"O\u00dc Colibri\",\"url\":\"https:\/\/colibri-jewels.eu\/et\/\",\"logo\":{\"@type\":\"ImageObject\",\"inLanguage\":\"et\",\"@id\":\"https:\/\/colibri-jewels.eu\/et\/#\/schema\/logo\/image\/\",\"url\":\"https:\/\/dev.colibri-jewels.eu\/wp-content\/uploads\/2021\/03\/colibri.png\",\"contentUrl\":\"https:\/\/dev.colibri-jewels.eu\/wp-content\/uploads\/2021\/03\/colibri.png\",\"width\":227,\"height\":130,\"caption\":\"O\u00dc Colibri\"},\"image\":{\"@id\":\"https:\/\/colibri-jewels.eu\/et\/#\/schema\/logo\/image\/\"},\"sameAs\":[\"https:\/\/www.facebook.com\/colibri.jewels\",\"https:\/\/www.instagram.com\/colibri.jewels\",\"https:\/\/www.tiktok.com\/colibri.jewels\"]}]}<\/script>\n<!-- \/ Yoast SEO Premium plugin. -->","yoast_head_json":{"title":"H\u00f5bedane s\u00f5rmus kuldse plaadit\u00fckiga \"Nael\" - Colibri jewels","robots":{"index":"index","follow":"follow","max-snippet":"max-snippet:-1","max-image-preview":"max-image-preview:large","max-video-preview":"max-video-preview:-1"},"canonical":"https:\/\/colibri-jewels.eu\/et\/toode\/hobedane-sormus-kuldse-plaaditukiga-nael\/","og_locale":"et_EE","og_type":"article","og_title":"H\u00f5bedane s\u00f5rmus kuldse plaadit\u00fckiga \"Nael\"","og_description":"Stiilne h\u00f5bedane s\u00f5rmus nii moeka kruvinaela kujuga. Parema v\u00e4limuse saavutamiseks on lisatud s\u00e4rav kuldne element 14 kt kullast. Tsirkoonid, mis on seatud joonele, muudab selle...","og_url":"https:\/\/colibri-jewels.eu\/et\/toode\/hobedane-sormus-kuldse-plaaditukiga-nael\/","og_site_name":"Colibri jewels","article_publisher":"https:\/\/www.facebook.com\/colibri.jewels","article_modified_time":"2024-12-12T21:23:44+00:00","og_image":[{"width":1000,"height":1000,"url":"https:\/\/colibri-jewels.eu\/wp-content\/uploads\/2024\/09\/988-silver-ring-nail-with-golden-plate.jpg","type":"image\/jpeg"}],"twitter_card":"summary_large_image","schema":{"@context":"https:\/\/schema.org","@graph":[{"@type":"WebPage","@id":"https:\/\/colibri-jewels.eu\/et\/toode\/hobedane-sormus-kuldse-plaaditukiga-nael\/","url":"https:\/\/colibri-jewels.eu\/et\/toode\/hobedane-sormus-kuldse-plaaditukiga-nael\/","name":"H\u00f5bedane s\u00f5rmus kuldse plaadit\u00fckiga \"Nael\" - Colibri jewels","isPartOf":{"@id":"https:\/\/colibri-jewels.eu\/et\/#website"},"primaryImageOfPage":{"@id":"https:\/\/colibri-jewels.eu\/et\/toode\/hobedane-sormus-kuldse-plaaditukiga-nael\/#primaryimage"},"image":{"@id":"https:\/\/colibri-jewels.eu\/et\/toode\/hobedane-sormus-kuldse-plaaditukiga-nael\/#primaryimage"},"thumbnailUrl":"https:\/\/colibri-jewels.eu\/wp-content\/uploads\/2024\/09\/988-silver-ring-nail-with-golden-plate.jpg","datePublished":"2024-12-12T21:10:51+00:00","dateModified":"2024-12-12T21:23:44+00:00","breadcrumb":{"@id":"https:\/\/colibri-jewels.eu\/et\/toode\/hobedane-sormus-kuldse-plaaditukiga-nael\/#breadcrumb"},"inLanguage":"et","potentialAction":[{"@type":"ReadAction","target":["https:\/\/colibri-jewels.eu\/et\/toode\/hobedane-sormus-kuldse-plaaditukiga-nael\/"]}]},{"@type":"ImageObject","inLanguage":"et","@id":"https:\/\/colibri-jewels.eu\/et\/toode\/hobedane-sormus-kuldse-plaaditukiga-nael\/#primaryimage","url":"https:\/\/colibri-jewels.eu\/wp-content\/uploads\/2024\/09\/988-silver-ring-nail-with-golden-plate.jpg","contentUrl":"https:\/\/colibri-jewels.eu\/wp-content\/uploads\/2024\/09\/988-silver-ring-nail-with-golden-plate.jpg","width":1000,"height":1000},{"@type":"BreadcrumbList","@id":"https:\/\/colibri-jewels.eu\/et\/toode\/hobedane-sormus-kuldse-plaaditukiga-nael\/#breadcrumb","itemListElement":[{"@type":"ListItem","position":1,"name":"\u0413\u043b\u0430\u0432\u043d\u0430\u044f \u0441\u0442\u0440\u0430\u043d\u0438\u0446\u0430","item":"https:\/\/colibri-jewels.eu\/et\/"},{"@type":"ListItem","position":2,"name":"Pood","item":"https:\/\/colibri-jewels.eu\/et\/pood\/"},{"@type":"ListItem","position":3,"name":"H\u00f5bedane s\u00f5rmus kuldse plaadit\u00fckiga &#8220;Nael&#8221;"}]},{"@type":"WebSite","@id":"https:\/\/colibri-jewels.eu\/et\/#website","url":"https:\/\/colibri-jewels.eu\/et\/","name":"Colibri jewels","description":"jewelry shop","publisher":{"@id":"https:\/\/colibri-jewels.eu\/et\/#organization"},"potentialAction":[{"@type":"SearchAction","target":{"@type":"EntryPoint","urlTemplate":"https:\/\/colibri-jewels.eu\/et\/?s={search_term_string}"},"query-input":{"@type":"PropertyValueSpecification","valueRequired":true,"valueName":"search_term_string"}}],"inLanguage":"et"},{"@type":"Organization","@id":"https:\/\/colibri-jewels.eu\/et\/#organization","name":"O\u00dc Colibri","url":"https:\/\/colibri-jewels.eu\/et\/","logo":{"@type":"ImageObject","inLanguage":"et","@id":"https:\/\/colibri-jewels.eu\/et\/#\/schema\/logo\/image\/","url":"https:\/\/dev.colibri-jewels.eu\/wp-content\/uploads\/2021\/03\/colibri.png","contentUrl":"https:\/\/dev.colibri-jewels.eu\/wp-content\/uploads\/2021\/03\/colibri.png","width":227,"height":130,"caption":"O\u00dc Colibri"},"image":{"@id":"https:\/\/colibri-jewels.eu\/et\/#\/schema\/logo\/image\/"},"sameAs":["https:\/\/www.facebook.com\/colibri.jewels","https:\/\/www.instagram.com\/colibri.jewels","https:\/\/www.tiktok.com\/colibri.jewels"]}]}},"_links":{"self":[{"href":"https:\/\/colibri-jewels.eu\/et\/wp-json\/wp\/v2\/product\/42813","targetHints":{"allow":["GET"]}}],"collection":[{"href":"https:\/\/colibri-jewels.eu\/et\/wp-json\/wp\/v2\/product"}],"about":[{"href":"https:\/\/colibri-jewels.eu\/et\/wp-json\/wp\/v2\/types\/product"}],"replies":[{"embeddable":true,"href":"https:\/\/colibri-jewels.eu\/et\/wp-json\/wp\/v2\/comments?post=42813"}],"version-history":[{"count":0,"href":"https:\/\/colibri-jewels.eu\/et\/wp-json\/wp\/v2\/product\/42813\/revisions"}],"wp:featuredmedia":[{"embeddable":true,"href":"https:\/\/colibri-jewels.eu\/et\/wp-json\/wp\/v2\/media\/42810"}],"wp:attachment":[{"href":"https:\/\/colibri-jewels.eu\/et\/wp-json\/wp\/v2\/media?parent=42813"}],"wp:term":[{"taxonomy":"brand","embeddable":true,"href":"https:\/\/colibri-jewels.eu\/et\/wp-json\/wp\/v2\/etheme_brands?post=42813"},{"taxonomy":"product_brand","embeddable":true,"href":"https:\/\/colibri-jewels.eu\/et\/wp-json\/wp\/v2\/product_brand?post=42813"},{"taxonomy":"product_cat","embeddable":true,"href":"https:\/\/colibri-jewels.eu\/et\/wp-json\/wp\/v2\/product_cat?post=42813"},{"taxonomy":"product_tag","embeddable":true,"href":"https:\/\/colibri-jewels.eu\/et\/wp-json\/wp\/v2\/product_tag?post=42813"}],"curies":[{"name":"wp","href":"https:\/\/api.w.org\/{rel}","templated":true}]}}