{"id":42853,"date":"2025-05-02T15:02:36","date_gmt":"2025-05-02T12:02:36","guid":{"rendered":"https:\/\/dev.colibri-jewels.eu\/?post_type=product&#038;p=42853"},"modified":"2025-05-02T19:06:41","modified_gmt":"2025-05-02T16:06:41","slug":"kuningas-saalomoni-sormus-hobedast-kuldsete-vahetukkidega","status":"publish","type":"product","link":"https:\/\/colibri-jewels.eu\/et\/toode\/kuningas-saalomoni-sormus-hobedast-kuldsete-vahetukkidega\/","title":{"rendered":"&#8220;Kuningas Saalomoni s\u00f5rmus&#8221; h\u00f5bedast kuldsete vahet\u00fckkidega"},"content":{"rendered":"<p>Kuningas Saalomoni s\u00f5rmuse legend r\u00e4\u00e4gib, et see s\u00f5rmus anti kuningas Saalomonile, kellel oli tarkust ja v\u00f5imu. S\u00f5rmus v\u00f5imaldas tal suhelda vaimudega ja neid kontrollida, samuti kontrollida loomi. <\/p>\n<p>S\u00f5rmusele oli graveeritud fraas &#8220;K\u00f5ik m\u00f6\u00f6dub&#8221;, s\u00fcmboliseerides, et ei r\u00f5\u00f5m ega kurbus kesta igavesti. See kiri tuletas meelde, et isegi k\u00f5ige raskematel aegadel j\u00e4\u00e4b alati lootus ja iga olukord on ajutine. <\/p>\n<p>Kuningas Saalomoni legendist inspireeritud s\u00f5rmus kannab endas v\u00f5imsat s\u00fcmboolikat ja s\u00fcgavat t\u00e4hendust. V\u00e4lisk\u00fcljel oleva kirjaga &#8220;K\u00f5ik m\u00f6\u00f6dub&#8221; ja sisemisel k\u00fcljel oleva kirjaga &#8220;Ka see m\u00f6\u00f6dub&#8221; tuletab see meelde, et \u00fckski seisund ei kesta igavesti, olgu see r\u00f5\u00f5m v\u00f5i kurbus. S\u00f5rmus ei ole mitte ainult stiilne aktsent sinu v\u00e4limuses, vaid inspireerib ka tarkust ja meelekindlust igas elusituatsioonis.  <\/p>\n<p>Kanna seda amuletina, meenutades aja muutumatust ja olevikus elamise olulisust.<\/p>\n","protected":false},"excerpt":{"rendered":"<p>Sterling h\u00f5be kuldsete plaadidega..<\/p>\n<p>Kulla kaal 14 kt s\u00f5rmusel &#8211; 0,10 g.<\/p>\n<p>Suurust saab tellida 19, 19,5, 20, 20,5, 21, tootmisaeg 4-5 n\u00e4dalat.<\/p>\n<p>S\u00f5rmuse kogukaal 5,09 g, laius 10 mm.<\/p>\n","protected":false},"featured_media":42706,"comment_status":"open","ping_status":"closed","template":"","meta":[],"etheme_brands":[],"product_brand":[],"product_cat":[471],"product_tag":[],"class_list":{"0":"post-42853","1":"product","2":"type-product","3":"status-publish","4":"has-post-thumbnail","6":"product_cat-sormused","8":"first","9":"instock","10":"shipping-taxable","11":"purchasable","12":"product-type-simple"},"acf":[],"yoast_head":"<!-- This site is optimized with the Yoast SEO Premium plugin v26.5 (Yoast SEO v26.8) - https:\/\/yoast.com\/product\/yoast-seo-premium-wordpress\/ -->\n<title>&quot;Kuningas Saalomoni s\u00f5rmus&quot; h\u00f5bedast kuldsete vahet\u00fckkidega - Colibri jewels<\/title>\n<meta name=\"robots\" content=\"index, follow, max-snippet:-1, max-image-preview:large, max-video-preview:-1\" \/>\n<link rel=\"canonical\" href=\"https:\/\/colibri-jewels.eu\/et\/toode\/kuningas-saalomoni-sormus-hobedast-kuldsete-vahetukkidega\/\" \/>\n<meta property=\"og:locale\" content=\"et_EE\" \/>\n<meta property=\"og:type\" content=\"article\" \/>\n<meta property=\"og:title\" content=\"&quot;Kuningas Saalomoni s\u00f5rmus&quot; h\u00f5bedast kuldsete vahet\u00fckkidega\" \/>\n<meta property=\"og:description\" content=\"Sterling h\u00f5be kuldsete plaadidega.. Kulla kaal 14 kt s\u00f5rmusel - 0,10 g. Suurust saab tellida 19, 19,5, 20, 20,5, 21, tootmisaeg 4-5 n\u00e4dalat. S\u00f5rmuse kogukaal 5,09 g, laius 10 mm.\" \/>\n<meta property=\"og:url\" content=\"https:\/\/colibri-jewels.eu\/et\/toode\/kuningas-saalomoni-sormus-hobedast-kuldsete-vahetukkidega\/\" \/>\n<meta property=\"og:site_name\" content=\"Colibri jewels\" \/>\n<meta property=\"article:publisher\" content=\"https:\/\/www.facebook.com\/colibri.jewels\" \/>\n<meta property=\"article:modified_time\" content=\"2025-05-02T16:06:41+00:00\" \/>\n<meta property=\"og:image\" content=\"https:\/\/colibri-jewels.eu\/wp-content\/uploads\/2024\/09\/1153-silver-solomon-ring-everything-passes-.jpg\" \/>\n\t<meta property=\"og:image:width\" content=\"1000\" \/>\n\t<meta property=\"og:image:height\" content=\"1000\" \/>\n\t<meta property=\"og:image:type\" content=\"image\/jpeg\" \/>\n<meta name=\"twitter:card\" content=\"summary_large_image\" \/>\n<meta name=\"twitter:label1\" content=\"Est. reading time\" \/>\n\t<meta name=\"twitter:data1\" content=\"1 minut\" \/>\n<script type=\"application\/ld+json\" class=\"yoast-schema-graph\">{\"@context\":\"https:\/\/schema.org\",\"@graph\":[{\"@type\":\"WebPage\",\"@id\":\"https:\/\/colibri-jewels.eu\/et\/toode\/kuningas-saalomoni-sormus-hobedast-kuldsete-vahetukkidega\/\",\"url\":\"https:\/\/colibri-jewels.eu\/et\/toode\/kuningas-saalomoni-sormus-hobedast-kuldsete-vahetukkidega\/\",\"name\":\"\\\"Kuningas Saalomoni s\u00f5rmus\\\" h\u00f5bedast kuldsete vahet\u00fckkidega - Colibri jewels\",\"isPartOf\":{\"@id\":\"https:\/\/colibri-jewels.eu\/et\/#website\"},\"primaryImageOfPage\":{\"@id\":\"https:\/\/colibri-jewels.eu\/et\/toode\/kuningas-saalomoni-sormus-hobedast-kuldsete-vahetukkidega\/#primaryimage\"},\"image\":{\"@id\":\"https:\/\/colibri-jewels.eu\/et\/toode\/kuningas-saalomoni-sormus-hobedast-kuldsete-vahetukkidega\/#primaryimage\"},\"thumbnailUrl\":\"https:\/\/colibri-jewels.eu\/wp-content\/uploads\/2024\/09\/1153-silver-solomon-ring-everything-passes-.jpg\",\"datePublished\":\"2025-05-02T12:02:36+00:00\",\"dateModified\":\"2025-05-02T16:06:41+00:00\",\"breadcrumb\":{\"@id\":\"https:\/\/colibri-jewels.eu\/et\/toode\/kuningas-saalomoni-sormus-hobedast-kuldsete-vahetukkidega\/#breadcrumb\"},\"inLanguage\":\"et\",\"potentialAction\":[{\"@type\":\"ReadAction\",\"target\":[\"https:\/\/colibri-jewels.eu\/et\/toode\/kuningas-saalomoni-sormus-hobedast-kuldsete-vahetukkidega\/\"]}]},{\"@type\":\"ImageObject\",\"inLanguage\":\"et\",\"@id\":\"https:\/\/colibri-jewels.eu\/et\/toode\/kuningas-saalomoni-sormus-hobedast-kuldsete-vahetukkidega\/#primaryimage\",\"url\":\"https:\/\/colibri-jewels.eu\/wp-content\/uploads\/2024\/09\/1153-silver-solomon-ring-everything-passes-.jpg\",\"contentUrl\":\"https:\/\/colibri-jewels.eu\/wp-content\/uploads\/2024\/09\/1153-silver-solomon-ring-everything-passes-.jpg\",\"width\":1000,\"height\":1000},{\"@type\":\"BreadcrumbList\",\"@id\":\"https:\/\/colibri-jewels.eu\/et\/toode\/kuningas-saalomoni-sormus-hobedast-kuldsete-vahetukkidega\/#breadcrumb\",\"itemListElement\":[{\"@type\":\"ListItem\",\"position\":1,\"name\":\"\u0413\u043b\u0430\u0432\u043d\u0430\u044f \u0441\u0442\u0440\u0430\u043d\u0438\u0446\u0430\",\"item\":\"https:\/\/colibri-jewels.eu\/et\/\"},{\"@type\":\"ListItem\",\"position\":2,\"name\":\"Pood\",\"item\":\"https:\/\/colibri-jewels.eu\/et\/pood\/\"},{\"@type\":\"ListItem\",\"position\":3,\"name\":\"&#8220;Kuningas Saalomoni s\u00f5rmus&#8221; h\u00f5bedast kuldsete vahet\u00fckkidega\"}]},{\"@type\":\"WebSite\",\"@id\":\"https:\/\/colibri-jewels.eu\/et\/#website\",\"url\":\"https:\/\/colibri-jewels.eu\/et\/\",\"name\":\"Colibri jewels\",\"description\":\"jewelry shop\",\"publisher\":{\"@id\":\"https:\/\/colibri-jewels.eu\/et\/#organization\"},\"potentialAction\":[{\"@type\":\"SearchAction\",\"target\":{\"@type\":\"EntryPoint\",\"urlTemplate\":\"https:\/\/colibri-jewels.eu\/et\/?s={search_term_string}\"},\"query-input\":{\"@type\":\"PropertyValueSpecification\",\"valueRequired\":true,\"valueName\":\"search_term_string\"}}],\"inLanguage\":\"et\"},{\"@type\":\"Organization\",\"@id\":\"https:\/\/colibri-jewels.eu\/et\/#organization\",\"name\":\"O\u00dc Colibri\",\"url\":\"https:\/\/colibri-jewels.eu\/et\/\",\"logo\":{\"@type\":\"ImageObject\",\"inLanguage\":\"et\",\"@id\":\"https:\/\/colibri-jewels.eu\/et\/#\/schema\/logo\/image\/\",\"url\":\"https:\/\/dev.colibri-jewels.eu\/wp-content\/uploads\/2021\/03\/colibri.png\",\"contentUrl\":\"https:\/\/dev.colibri-jewels.eu\/wp-content\/uploads\/2021\/03\/colibri.png\",\"width\":227,\"height\":130,\"caption\":\"O\u00dc Colibri\"},\"image\":{\"@id\":\"https:\/\/colibri-jewels.eu\/et\/#\/schema\/logo\/image\/\"},\"sameAs\":[\"https:\/\/www.facebook.com\/colibri.jewels\",\"https:\/\/www.instagram.com\/colibri.jewels\",\"https:\/\/www.tiktok.com\/colibri.jewels\"]}]}<\/script>\n<!-- \/ Yoast SEO Premium plugin. -->","yoast_head_json":{"title":"\"Kuningas Saalomoni s\u00f5rmus\" h\u00f5bedast kuldsete vahet\u00fckkidega - Colibri jewels","robots":{"index":"index","follow":"follow","max-snippet":"max-snippet:-1","max-image-preview":"max-image-preview:large","max-video-preview":"max-video-preview:-1"},"canonical":"https:\/\/colibri-jewels.eu\/et\/toode\/kuningas-saalomoni-sormus-hobedast-kuldsete-vahetukkidega\/","og_locale":"et_EE","og_type":"article","og_title":"\"Kuningas Saalomoni s\u00f5rmus\" h\u00f5bedast kuldsete vahet\u00fckkidega","og_description":"Sterling h\u00f5be kuldsete plaadidega.. Kulla kaal 14 kt s\u00f5rmusel - 0,10 g. Suurust saab tellida 19, 19,5, 20, 20,5, 21, tootmisaeg 4-5 n\u00e4dalat. S\u00f5rmuse kogukaal 5,09 g, laius 10 mm.","og_url":"https:\/\/colibri-jewels.eu\/et\/toode\/kuningas-saalomoni-sormus-hobedast-kuldsete-vahetukkidega\/","og_site_name":"Colibri jewels","article_publisher":"https:\/\/www.facebook.com\/colibri.jewels","article_modified_time":"2025-05-02T16:06:41+00:00","og_image":[{"width":1000,"height":1000,"url":"https:\/\/colibri-jewels.eu\/wp-content\/uploads\/2024\/09\/1153-silver-solomon-ring-everything-passes-.jpg","type":"image\/jpeg"}],"twitter_card":"summary_large_image","twitter_misc":{"Est. reading time":"1 minut"},"schema":{"@context":"https:\/\/schema.org","@graph":[{"@type":"WebPage","@id":"https:\/\/colibri-jewels.eu\/et\/toode\/kuningas-saalomoni-sormus-hobedast-kuldsete-vahetukkidega\/","url":"https:\/\/colibri-jewels.eu\/et\/toode\/kuningas-saalomoni-sormus-hobedast-kuldsete-vahetukkidega\/","name":"\"Kuningas Saalomoni s\u00f5rmus\" h\u00f5bedast kuldsete vahet\u00fckkidega - Colibri jewels","isPartOf":{"@id":"https:\/\/colibri-jewels.eu\/et\/#website"},"primaryImageOfPage":{"@id":"https:\/\/colibri-jewels.eu\/et\/toode\/kuningas-saalomoni-sormus-hobedast-kuldsete-vahetukkidega\/#primaryimage"},"image":{"@id":"https:\/\/colibri-jewels.eu\/et\/toode\/kuningas-saalomoni-sormus-hobedast-kuldsete-vahetukkidega\/#primaryimage"},"thumbnailUrl":"https:\/\/colibri-jewels.eu\/wp-content\/uploads\/2024\/09\/1153-silver-solomon-ring-everything-passes-.jpg","datePublished":"2025-05-02T12:02:36+00:00","dateModified":"2025-05-02T16:06:41+00:00","breadcrumb":{"@id":"https:\/\/colibri-jewels.eu\/et\/toode\/kuningas-saalomoni-sormus-hobedast-kuldsete-vahetukkidega\/#breadcrumb"},"inLanguage":"et","potentialAction":[{"@type":"ReadAction","target":["https:\/\/colibri-jewels.eu\/et\/toode\/kuningas-saalomoni-sormus-hobedast-kuldsete-vahetukkidega\/"]}]},{"@type":"ImageObject","inLanguage":"et","@id":"https:\/\/colibri-jewels.eu\/et\/toode\/kuningas-saalomoni-sormus-hobedast-kuldsete-vahetukkidega\/#primaryimage","url":"https:\/\/colibri-jewels.eu\/wp-content\/uploads\/2024\/09\/1153-silver-solomon-ring-everything-passes-.jpg","contentUrl":"https:\/\/colibri-jewels.eu\/wp-content\/uploads\/2024\/09\/1153-silver-solomon-ring-everything-passes-.jpg","width":1000,"height":1000},{"@type":"BreadcrumbList","@id":"https:\/\/colibri-jewels.eu\/et\/toode\/kuningas-saalomoni-sormus-hobedast-kuldsete-vahetukkidega\/#breadcrumb","itemListElement":[{"@type":"ListItem","position":1,"name":"\u0413\u043b\u0430\u0432\u043d\u0430\u044f \u0441\u0442\u0440\u0430\u043d\u0438\u0446\u0430","item":"https:\/\/colibri-jewels.eu\/et\/"},{"@type":"ListItem","position":2,"name":"Pood","item":"https:\/\/colibri-jewels.eu\/et\/pood\/"},{"@type":"ListItem","position":3,"name":"&#8220;Kuningas Saalomoni s\u00f5rmus&#8221; h\u00f5bedast kuldsete vahet\u00fckkidega"}]},{"@type":"WebSite","@id":"https:\/\/colibri-jewels.eu\/et\/#website","url":"https:\/\/colibri-jewels.eu\/et\/","name":"Colibri jewels","description":"jewelry shop","publisher":{"@id":"https:\/\/colibri-jewels.eu\/et\/#organization"},"potentialAction":[{"@type":"SearchAction","target":{"@type":"EntryPoint","urlTemplate":"https:\/\/colibri-jewels.eu\/et\/?s={search_term_string}"},"query-input":{"@type":"PropertyValueSpecification","valueRequired":true,"valueName":"search_term_string"}}],"inLanguage":"et"},{"@type":"Organization","@id":"https:\/\/colibri-jewels.eu\/et\/#organization","name":"O\u00dc Colibri","url":"https:\/\/colibri-jewels.eu\/et\/","logo":{"@type":"ImageObject","inLanguage":"et","@id":"https:\/\/colibri-jewels.eu\/et\/#\/schema\/logo\/image\/","url":"https:\/\/dev.colibri-jewels.eu\/wp-content\/uploads\/2021\/03\/colibri.png","contentUrl":"https:\/\/dev.colibri-jewels.eu\/wp-content\/uploads\/2021\/03\/colibri.png","width":227,"height":130,"caption":"O\u00dc Colibri"},"image":{"@id":"https:\/\/colibri-jewels.eu\/et\/#\/schema\/logo\/image\/"},"sameAs":["https:\/\/www.facebook.com\/colibri.jewels","https:\/\/www.instagram.com\/colibri.jewels","https:\/\/www.tiktok.com\/colibri.jewels"]}]}},"_links":{"self":[{"href":"https:\/\/colibri-jewels.eu\/et\/wp-json\/wp\/v2\/product\/42853","targetHints":{"allow":["GET"]}}],"collection":[{"href":"https:\/\/colibri-jewels.eu\/et\/wp-json\/wp\/v2\/product"}],"about":[{"href":"https:\/\/colibri-jewels.eu\/et\/wp-json\/wp\/v2\/types\/product"}],"replies":[{"embeddable":true,"href":"https:\/\/colibri-jewels.eu\/et\/wp-json\/wp\/v2\/comments?post=42853"}],"version-history":[{"count":0,"href":"https:\/\/colibri-jewels.eu\/et\/wp-json\/wp\/v2\/product\/42853\/revisions"}],"wp:featuredmedia":[{"embeddable":true,"href":"https:\/\/colibri-jewels.eu\/et\/wp-json\/wp\/v2\/media\/42706"}],"wp:attachment":[{"href":"https:\/\/colibri-jewels.eu\/et\/wp-json\/wp\/v2\/media?parent=42853"}],"wp:term":[{"taxonomy":"brand","embeddable":true,"href":"https:\/\/colibri-jewels.eu\/et\/wp-json\/wp\/v2\/etheme_brands?post=42853"},{"taxonomy":"product_brand","embeddable":true,"href":"https:\/\/colibri-jewels.eu\/et\/wp-json\/wp\/v2\/product_brand?post=42853"},{"taxonomy":"product_cat","embeddable":true,"href":"https:\/\/colibri-jewels.eu\/et\/wp-json\/wp\/v2\/product_cat?post=42853"},{"taxonomy":"product_tag","embeddable":true,"href":"https:\/\/colibri-jewels.eu\/et\/wp-json\/wp\/v2\/product_tag?post=42853"}],"curies":[{"name":"wp","href":"https:\/\/api.w.org\/{rel}","templated":true}]}}