{"id":43028,"date":"2024-09-17T11:41:17","date_gmt":"2024-09-17T08:41:17","guid":{"rendered":"https:\/\/dev.colibri-jewels.eu\/?post_type=product&#038;p=43028"},"modified":"2024-10-17T12:21:29","modified_gmt":"2024-10-17T09:21:29","slug":"kuldne-kaevoru-safiiride-ja-diamantidega-b-6104","status":"publish","type":"product","link":"https:\/\/colibri-jewels.eu\/et\/toode\/kuldne-kaevoru-safiiride-ja-diamantidega-b-6104\/","title":{"rendered":"Kuldne k\u00e4ev\u00f5ru safiiride ja diamantidega B-6104"},"content":{"rendered":"<p>Luksuslik safiiridega k\u00e4ev\u00f5ru, selle eksklusiivne lakooniline stiilis, mis n\u00e4itab teie \u00fcllast maitset. Range baguette l\u00f5igatud safiirid diamantelementidega \u2013 see k\u00e4ev\u00f5ru saab olla eksklusiivseks p\u00e4rliks teie ehete garderoobis. Keskmised parameetrid (suurusele 18,0) Safiirid &#8211; 60 tk., 9,45 ct. Diamandid: 12 tk., 0,19 ct. Kaal: 17,50 g. Valge kuld 14 kt (saab tellida ka roosat v\u00f5i kollast kulda).<\/p>\n","protected":false},"excerpt":{"rendered":"<p>Luksuslik safiiridega k\u00e4ev\u00f5ru, selle eksklusiivne lakooniline stiilis, mis n\u00e4itab teie \u00fcllast maitset. Range baguette l\u00f5igatud safiirid diamantelementidega \u2013 see k\u00e4ev\u00f5ru saab olla eksklusiivseks p\u00e4rliks teie&#8230;<\/p>\n","protected":false},"featured_media":43025,"comment_status":"open","ping_status":"closed","template":"","meta":[],"etheme_brands":[],"product_brand":[],"product_cat":[467],"product_tag":[476],"class_list":{"0":"post-43028","1":"product","2":"type-product","3":"status-publish","4":"has-post-thumbnail","6":"product_cat-kaevoru","7":"product_tag-eksklusiivsed-ehted","9":"first","10":"onbackorder","11":"shipping-taxable","12":"purchasable","13":"product-type-simple"},"acf":[],"yoast_head":"<!-- This site is optimized with the Yoast SEO Premium plugin v26.5 (Yoast SEO v26.8) - https:\/\/yoast.com\/product\/yoast-seo-premium-wordpress\/ -->\n<title>Kuldne k\u00e4ev\u00f5ru safiiride ja diamantidega B-6104 - Colibri jewels<\/title>\n<meta name=\"robots\" content=\"index, follow, max-snippet:-1, max-image-preview:large, max-video-preview:-1\" \/>\n<link rel=\"canonical\" href=\"https:\/\/colibri-jewels.eu\/et\/toode\/kuldne-kaevoru-safiiride-ja-diamantidega-b-6104\/\" \/>\n<meta property=\"og:locale\" content=\"et_EE\" \/>\n<meta property=\"og:type\" content=\"article\" \/>\n<meta property=\"og:title\" content=\"Kuldne k\u00e4ev\u00f5ru safiiride ja diamantidega B-6104\" \/>\n<meta property=\"og:description\" content=\"Luksuslik safiiridega k\u00e4ev\u00f5ru, selle eksklusiivne lakooniline stiilis, mis n\u00e4itab teie \u00fcllast maitset. Range baguette l\u00f5igatud safiirid diamantelementidega \u2013 see k\u00e4ev\u00f5ru saab olla eksklusiivseks p\u00e4rliks teie...\" \/>\n<meta property=\"og:url\" content=\"https:\/\/colibri-jewels.eu\/et\/toode\/kuldne-kaevoru-safiiride-ja-diamantidega-b-6104\/\" \/>\n<meta property=\"og:site_name\" content=\"Colibri jewels\" \/>\n<meta property=\"article:publisher\" content=\"https:\/\/www.facebook.com\/colibri.jewels\" \/>\n<meta property=\"article:modified_time\" content=\"2024-10-17T09:21:29+00:00\" \/>\n<meta property=\"og:image\" content=\"https:\/\/colibri-jewels.eu\/wp-content\/uploads\/2024\/10\/white-gold-bracelet-with-baguette-cut-sapphires-BCS-6104w.jpg\" \/>\n\t<meta property=\"og:image:width\" content=\"1000\" \/>\n\t<meta property=\"og:image:height\" content=\"1000\" \/>\n\t<meta property=\"og:image:type\" content=\"image\/jpeg\" \/>\n<meta name=\"twitter:card\" content=\"summary_large_image\" \/>\n<script type=\"application\/ld+json\" class=\"yoast-schema-graph\">{\"@context\":\"https:\/\/schema.org\",\"@graph\":[{\"@type\":\"WebPage\",\"@id\":\"https:\/\/colibri-jewels.eu\/et\/toode\/kuldne-kaevoru-safiiride-ja-diamantidega-b-6104\/\",\"url\":\"https:\/\/colibri-jewels.eu\/et\/toode\/kuldne-kaevoru-safiiride-ja-diamantidega-b-6104\/\",\"name\":\"Kuldne k\u00e4ev\u00f5ru safiiride ja diamantidega B-6104 - Colibri jewels\",\"isPartOf\":{\"@id\":\"https:\/\/colibri-jewels.eu\/et\/#website\"},\"primaryImageOfPage\":{\"@id\":\"https:\/\/colibri-jewels.eu\/et\/toode\/kuldne-kaevoru-safiiride-ja-diamantidega-b-6104\/#primaryimage\"},\"image\":{\"@id\":\"https:\/\/colibri-jewels.eu\/et\/toode\/kuldne-kaevoru-safiiride-ja-diamantidega-b-6104\/#primaryimage\"},\"thumbnailUrl\":\"https:\/\/colibri-jewels.eu\/wp-content\/uploads\/2024\/10\/white-gold-bracelet-with-baguette-cut-sapphires-BCS-6104w.jpg\",\"datePublished\":\"2024-09-17T08:41:17+00:00\",\"dateModified\":\"2024-10-17T09:21:29+00:00\",\"breadcrumb\":{\"@id\":\"https:\/\/colibri-jewels.eu\/et\/toode\/kuldne-kaevoru-safiiride-ja-diamantidega-b-6104\/#breadcrumb\"},\"inLanguage\":\"et\",\"potentialAction\":[{\"@type\":\"ReadAction\",\"target\":[\"https:\/\/colibri-jewels.eu\/et\/toode\/kuldne-kaevoru-safiiride-ja-diamantidega-b-6104\/\"]}]},{\"@type\":\"ImageObject\",\"inLanguage\":\"et\",\"@id\":\"https:\/\/colibri-jewels.eu\/et\/toode\/kuldne-kaevoru-safiiride-ja-diamantidega-b-6104\/#primaryimage\",\"url\":\"https:\/\/colibri-jewels.eu\/wp-content\/uploads\/2024\/10\/white-gold-bracelet-with-baguette-cut-sapphires-BCS-6104w.jpg\",\"contentUrl\":\"https:\/\/colibri-jewels.eu\/wp-content\/uploads\/2024\/10\/white-gold-bracelet-with-baguette-cut-sapphires-BCS-6104w.jpg\",\"width\":1000,\"height\":1000},{\"@type\":\"BreadcrumbList\",\"@id\":\"https:\/\/colibri-jewels.eu\/et\/toode\/kuldne-kaevoru-safiiride-ja-diamantidega-b-6104\/#breadcrumb\",\"itemListElement\":[{\"@type\":\"ListItem\",\"position\":1,\"name\":\"\u0413\u043b\u0430\u0432\u043d\u0430\u044f \u0441\u0442\u0440\u0430\u043d\u0438\u0446\u0430\",\"item\":\"https:\/\/colibri-jewels.eu\/et\/\"},{\"@type\":\"ListItem\",\"position\":2,\"name\":\"Pood\",\"item\":\"https:\/\/colibri-jewels.eu\/et\/pood\/\"},{\"@type\":\"ListItem\",\"position\":3,\"name\":\"Kuldne k\u00e4ev\u00f5ru safiiride ja diamantidega B-6104\"}]},{\"@type\":\"WebSite\",\"@id\":\"https:\/\/colibri-jewels.eu\/et\/#website\",\"url\":\"https:\/\/colibri-jewels.eu\/et\/\",\"name\":\"Colibri jewels\",\"description\":\"jewelry shop\",\"publisher\":{\"@id\":\"https:\/\/colibri-jewels.eu\/et\/#organization\"},\"potentialAction\":[{\"@type\":\"SearchAction\",\"target\":{\"@type\":\"EntryPoint\",\"urlTemplate\":\"https:\/\/colibri-jewels.eu\/et\/?s={search_term_string}\"},\"query-input\":{\"@type\":\"PropertyValueSpecification\",\"valueRequired\":true,\"valueName\":\"search_term_string\"}}],\"inLanguage\":\"et\"},{\"@type\":\"Organization\",\"@id\":\"https:\/\/colibri-jewels.eu\/et\/#organization\",\"name\":\"O\u00dc Colibri\",\"url\":\"https:\/\/colibri-jewels.eu\/et\/\",\"logo\":{\"@type\":\"ImageObject\",\"inLanguage\":\"et\",\"@id\":\"https:\/\/colibri-jewels.eu\/et\/#\/schema\/logo\/image\/\",\"url\":\"https:\/\/dev.colibri-jewels.eu\/wp-content\/uploads\/2021\/03\/colibri.png\",\"contentUrl\":\"https:\/\/dev.colibri-jewels.eu\/wp-content\/uploads\/2021\/03\/colibri.png\",\"width\":227,\"height\":130,\"caption\":\"O\u00dc Colibri\"},\"image\":{\"@id\":\"https:\/\/colibri-jewels.eu\/et\/#\/schema\/logo\/image\/\"},\"sameAs\":[\"https:\/\/www.facebook.com\/colibri.jewels\",\"https:\/\/www.instagram.com\/colibri.jewels\",\"https:\/\/www.tiktok.com\/colibri.jewels\"]}]}<\/script>\n<!-- \/ Yoast SEO Premium plugin. -->","yoast_head_json":{"title":"Kuldne k\u00e4ev\u00f5ru safiiride ja diamantidega B-6104 - Colibri jewels","robots":{"index":"index","follow":"follow","max-snippet":"max-snippet:-1","max-image-preview":"max-image-preview:large","max-video-preview":"max-video-preview:-1"},"canonical":"https:\/\/colibri-jewels.eu\/et\/toode\/kuldne-kaevoru-safiiride-ja-diamantidega-b-6104\/","og_locale":"et_EE","og_type":"article","og_title":"Kuldne k\u00e4ev\u00f5ru safiiride ja diamantidega B-6104","og_description":"Luksuslik safiiridega k\u00e4ev\u00f5ru, selle eksklusiivne lakooniline stiilis, mis n\u00e4itab teie \u00fcllast maitset. Range baguette l\u00f5igatud safiirid diamantelementidega \u2013 see k\u00e4ev\u00f5ru saab olla eksklusiivseks p\u00e4rliks teie...","og_url":"https:\/\/colibri-jewels.eu\/et\/toode\/kuldne-kaevoru-safiiride-ja-diamantidega-b-6104\/","og_site_name":"Colibri jewels","article_publisher":"https:\/\/www.facebook.com\/colibri.jewels","article_modified_time":"2024-10-17T09:21:29+00:00","og_image":[{"width":1000,"height":1000,"url":"https:\/\/colibri-jewels.eu\/wp-content\/uploads\/2024\/10\/white-gold-bracelet-with-baguette-cut-sapphires-BCS-6104w.jpg","type":"image\/jpeg"}],"twitter_card":"summary_large_image","schema":{"@context":"https:\/\/schema.org","@graph":[{"@type":"WebPage","@id":"https:\/\/colibri-jewels.eu\/et\/toode\/kuldne-kaevoru-safiiride-ja-diamantidega-b-6104\/","url":"https:\/\/colibri-jewels.eu\/et\/toode\/kuldne-kaevoru-safiiride-ja-diamantidega-b-6104\/","name":"Kuldne k\u00e4ev\u00f5ru safiiride ja diamantidega B-6104 - Colibri jewels","isPartOf":{"@id":"https:\/\/colibri-jewels.eu\/et\/#website"},"primaryImageOfPage":{"@id":"https:\/\/colibri-jewels.eu\/et\/toode\/kuldne-kaevoru-safiiride-ja-diamantidega-b-6104\/#primaryimage"},"image":{"@id":"https:\/\/colibri-jewels.eu\/et\/toode\/kuldne-kaevoru-safiiride-ja-diamantidega-b-6104\/#primaryimage"},"thumbnailUrl":"https:\/\/colibri-jewels.eu\/wp-content\/uploads\/2024\/10\/white-gold-bracelet-with-baguette-cut-sapphires-BCS-6104w.jpg","datePublished":"2024-09-17T08:41:17+00:00","dateModified":"2024-10-17T09:21:29+00:00","breadcrumb":{"@id":"https:\/\/colibri-jewels.eu\/et\/toode\/kuldne-kaevoru-safiiride-ja-diamantidega-b-6104\/#breadcrumb"},"inLanguage":"et","potentialAction":[{"@type":"ReadAction","target":["https:\/\/colibri-jewels.eu\/et\/toode\/kuldne-kaevoru-safiiride-ja-diamantidega-b-6104\/"]}]},{"@type":"ImageObject","inLanguage":"et","@id":"https:\/\/colibri-jewels.eu\/et\/toode\/kuldne-kaevoru-safiiride-ja-diamantidega-b-6104\/#primaryimage","url":"https:\/\/colibri-jewels.eu\/wp-content\/uploads\/2024\/10\/white-gold-bracelet-with-baguette-cut-sapphires-BCS-6104w.jpg","contentUrl":"https:\/\/colibri-jewels.eu\/wp-content\/uploads\/2024\/10\/white-gold-bracelet-with-baguette-cut-sapphires-BCS-6104w.jpg","width":1000,"height":1000},{"@type":"BreadcrumbList","@id":"https:\/\/colibri-jewels.eu\/et\/toode\/kuldne-kaevoru-safiiride-ja-diamantidega-b-6104\/#breadcrumb","itemListElement":[{"@type":"ListItem","position":1,"name":"\u0413\u043b\u0430\u0432\u043d\u0430\u044f \u0441\u0442\u0440\u0430\u043d\u0438\u0446\u0430","item":"https:\/\/colibri-jewels.eu\/et\/"},{"@type":"ListItem","position":2,"name":"Pood","item":"https:\/\/colibri-jewels.eu\/et\/pood\/"},{"@type":"ListItem","position":3,"name":"Kuldne k\u00e4ev\u00f5ru safiiride ja diamantidega B-6104"}]},{"@type":"WebSite","@id":"https:\/\/colibri-jewels.eu\/et\/#website","url":"https:\/\/colibri-jewels.eu\/et\/","name":"Colibri jewels","description":"jewelry shop","publisher":{"@id":"https:\/\/colibri-jewels.eu\/et\/#organization"},"potentialAction":[{"@type":"SearchAction","target":{"@type":"EntryPoint","urlTemplate":"https:\/\/colibri-jewels.eu\/et\/?s={search_term_string}"},"query-input":{"@type":"PropertyValueSpecification","valueRequired":true,"valueName":"search_term_string"}}],"inLanguage":"et"},{"@type":"Organization","@id":"https:\/\/colibri-jewels.eu\/et\/#organization","name":"O\u00dc Colibri","url":"https:\/\/colibri-jewels.eu\/et\/","logo":{"@type":"ImageObject","inLanguage":"et","@id":"https:\/\/colibri-jewels.eu\/et\/#\/schema\/logo\/image\/","url":"https:\/\/dev.colibri-jewels.eu\/wp-content\/uploads\/2021\/03\/colibri.png","contentUrl":"https:\/\/dev.colibri-jewels.eu\/wp-content\/uploads\/2021\/03\/colibri.png","width":227,"height":130,"caption":"O\u00dc Colibri"},"image":{"@id":"https:\/\/colibri-jewels.eu\/et\/#\/schema\/logo\/image\/"},"sameAs":["https:\/\/www.facebook.com\/colibri.jewels","https:\/\/www.instagram.com\/colibri.jewels","https:\/\/www.tiktok.com\/colibri.jewels"]}]}},"_links":{"self":[{"href":"https:\/\/colibri-jewels.eu\/et\/wp-json\/wp\/v2\/product\/43028","targetHints":{"allow":["GET"]}}],"collection":[{"href":"https:\/\/colibri-jewels.eu\/et\/wp-json\/wp\/v2\/product"}],"about":[{"href":"https:\/\/colibri-jewels.eu\/et\/wp-json\/wp\/v2\/types\/product"}],"replies":[{"embeddable":true,"href":"https:\/\/colibri-jewels.eu\/et\/wp-json\/wp\/v2\/comments?post=43028"}],"version-history":[{"count":0,"href":"https:\/\/colibri-jewels.eu\/et\/wp-json\/wp\/v2\/product\/43028\/revisions"}],"wp:featuredmedia":[{"embeddable":true,"href":"https:\/\/colibri-jewels.eu\/et\/wp-json\/wp\/v2\/media\/43025"}],"wp:attachment":[{"href":"https:\/\/colibri-jewels.eu\/et\/wp-json\/wp\/v2\/media?parent=43028"}],"wp:term":[{"taxonomy":"brand","embeddable":true,"href":"https:\/\/colibri-jewels.eu\/et\/wp-json\/wp\/v2\/etheme_brands?post=43028"},{"taxonomy":"product_brand","embeddable":true,"href":"https:\/\/colibri-jewels.eu\/et\/wp-json\/wp\/v2\/product_brand?post=43028"},{"taxonomy":"product_cat","embeddable":true,"href":"https:\/\/colibri-jewels.eu\/et\/wp-json\/wp\/v2\/product_cat?post=43028"},{"taxonomy":"product_tag","embeddable":true,"href":"https:\/\/colibri-jewels.eu\/et\/wp-json\/wp\/v2\/product_tag?post=43028"}],"curies":[{"name":"wp","href":"https:\/\/api.w.org\/{rel}","templated":true}]}}