{"id":43040,"date":"2024-10-17T12:16:29","date_gmt":"2024-10-17T09:16:29","guid":{"rendered":"https:\/\/dev.colibri-jewels.eu\/?post_type=product&#038;p=43040"},"modified":"2024-10-17T12:21:23","modified_gmt":"2024-10-17T09:21:23","slug":"luksuslik-kuldne-safiiriga-ja-diamandiga-kaevoru-b-6279","status":"publish","type":"product","link":"https:\/\/colibri-jewels.eu\/et\/toode\/luksuslik-kuldne-safiiriga-ja-diamandiga-kaevoru-b-6279\/","title":{"rendered":"Luksuslik kuldne safiiriga ja diamandiga k\u00e4ev\u00f5ru B-6279"},"content":{"rendered":"<p>Elegantne ja luksuslik k\u00e4ev\u00f5ru pirnil\u00f5ikeliste safiiride ja t\u00e4isl\u00f5ikeliste diamantidega. K\u00e4ev\u00f5ru 18,5 suuruse keskmised parameetrid: Safiirid: 16 tk, pirn 5*4 mm., 5,50 ct. Teemandid: 80 tk., t\u00e4isl\u00f5ikega (iga\u00fcks 57 tahku)., 0,80 ct. Kaal: 15,30 g, roosa kuld 14 kt. (kuldset v\u00e4rvi saab tellida vastavalt soovile)<\/p>\n","protected":false},"excerpt":{"rendered":"<p>Elegantne ja luksuslik k\u00e4ev\u00f5ru pirnil\u00f5ikeliste safiiride ja t\u00e4isl\u00f5ikeliste diamantidega. K\u00e4ev\u00f5ru 18,5 suuruse keskmised parameetrid: Safiirid: 16 tk, pirn 5*4 mm., 5,50 ct. Teemandid: 80 tk.,&#8230;<\/p>\n","protected":false},"featured_media":43031,"comment_status":"open","ping_status":"closed","template":"","meta":[],"etheme_brands":[],"product_brand":[],"product_cat":[467],"product_tag":[476],"class_list":{"0":"post-43040","1":"product","2":"type-product","3":"status-publish","4":"has-post-thumbnail","6":"product_cat-kaevoru","7":"product_tag-eksklusiivsed-ehted","9":"first","10":"onbackorder","11":"shipping-taxable","12":"purchasable","13":"product-type-simple"},"acf":[],"yoast_head":"<!-- This site is optimized with the Yoast SEO Premium plugin v26.5 (Yoast SEO v26.8) - https:\/\/yoast.com\/product\/yoast-seo-premium-wordpress\/ -->\n<title>Luksuslik kuldne safiiriga ja diamandiga k\u00e4ev\u00f5ru B-6279 - Colibri jewels<\/title>\n<meta name=\"robots\" content=\"index, follow, max-snippet:-1, max-image-preview:large, max-video-preview:-1\" \/>\n<link rel=\"canonical\" href=\"https:\/\/colibri-jewels.eu\/et\/toode\/luksuslik-kuldne-safiiriga-ja-diamandiga-kaevoru-b-6279\/\" \/>\n<meta property=\"og:locale\" content=\"et_EE\" \/>\n<meta property=\"og:type\" content=\"article\" \/>\n<meta property=\"og:title\" content=\"Luksuslik kuldne safiiriga ja diamandiga k\u00e4ev\u00f5ru B-6279\" \/>\n<meta property=\"og:description\" content=\"Elegantne ja luksuslik k\u00e4ev\u00f5ru pirnil\u00f5ikeliste safiiride ja t\u00e4isl\u00f5ikeliste diamantidega. K\u00e4ev\u00f5ru 18,5 suuruse keskmised parameetrid: Safiirid: 16 tk, pirn 5*4 mm., 5,50 ct. Teemandid: 80 tk.,...\" \/>\n<meta property=\"og:url\" content=\"https:\/\/colibri-jewels.eu\/et\/toode\/luksuslik-kuldne-safiiriga-ja-diamandiga-kaevoru-b-6279\/\" \/>\n<meta property=\"og:site_name\" content=\"Colibri jewels\" \/>\n<meta property=\"article:publisher\" content=\"https:\/\/www.facebook.com\/colibri.jewels\" \/>\n<meta property=\"article:modified_time\" content=\"2024-10-17T09:21:23+00:00\" \/>\n<meta property=\"og:image\" content=\"https:\/\/colibri-jewels.eu\/wp-content\/uploads\/2024\/10\/golden-bracelet-with-sapphires-and-diamonds-BC-6279.jpg\" \/>\n\t<meta property=\"og:image:width\" content=\"1000\" \/>\n\t<meta property=\"og:image:height\" content=\"1000\" \/>\n\t<meta property=\"og:image:type\" content=\"image\/jpeg\" \/>\n<meta name=\"twitter:card\" content=\"summary_large_image\" \/>\n<script type=\"application\/ld+json\" class=\"yoast-schema-graph\">{\"@context\":\"https:\/\/schema.org\",\"@graph\":[{\"@type\":\"WebPage\",\"@id\":\"https:\/\/colibri-jewels.eu\/et\/toode\/luksuslik-kuldne-safiiriga-ja-diamandiga-kaevoru-b-6279\/\",\"url\":\"https:\/\/colibri-jewels.eu\/et\/toode\/luksuslik-kuldne-safiiriga-ja-diamandiga-kaevoru-b-6279\/\",\"name\":\"Luksuslik kuldne safiiriga ja diamandiga k\u00e4ev\u00f5ru B-6279 - Colibri jewels\",\"isPartOf\":{\"@id\":\"https:\/\/colibri-jewels.eu\/et\/#website\"},\"primaryImageOfPage\":{\"@id\":\"https:\/\/colibri-jewels.eu\/et\/toode\/luksuslik-kuldne-safiiriga-ja-diamandiga-kaevoru-b-6279\/#primaryimage\"},\"image\":{\"@id\":\"https:\/\/colibri-jewels.eu\/et\/toode\/luksuslik-kuldne-safiiriga-ja-diamandiga-kaevoru-b-6279\/#primaryimage\"},\"thumbnailUrl\":\"https:\/\/colibri-jewels.eu\/wp-content\/uploads\/2024\/10\/golden-bracelet-with-sapphires-and-diamonds-BC-6279.jpg\",\"datePublished\":\"2024-10-17T09:16:29+00:00\",\"dateModified\":\"2024-10-17T09:21:23+00:00\",\"breadcrumb\":{\"@id\":\"https:\/\/colibri-jewels.eu\/et\/toode\/luksuslik-kuldne-safiiriga-ja-diamandiga-kaevoru-b-6279\/#breadcrumb\"},\"inLanguage\":\"et\",\"potentialAction\":[{\"@type\":\"ReadAction\",\"target\":[\"https:\/\/colibri-jewels.eu\/et\/toode\/luksuslik-kuldne-safiiriga-ja-diamandiga-kaevoru-b-6279\/\"]}]},{\"@type\":\"ImageObject\",\"inLanguage\":\"et\",\"@id\":\"https:\/\/colibri-jewels.eu\/et\/toode\/luksuslik-kuldne-safiiriga-ja-diamandiga-kaevoru-b-6279\/#primaryimage\",\"url\":\"https:\/\/colibri-jewels.eu\/wp-content\/uploads\/2024\/10\/golden-bracelet-with-sapphires-and-diamonds-BC-6279.jpg\",\"contentUrl\":\"https:\/\/colibri-jewels.eu\/wp-content\/uploads\/2024\/10\/golden-bracelet-with-sapphires-and-diamonds-BC-6279.jpg\",\"width\":1000,\"height\":1000},{\"@type\":\"BreadcrumbList\",\"@id\":\"https:\/\/colibri-jewels.eu\/et\/toode\/luksuslik-kuldne-safiiriga-ja-diamandiga-kaevoru-b-6279\/#breadcrumb\",\"itemListElement\":[{\"@type\":\"ListItem\",\"position\":1,\"name\":\"\u0413\u043b\u0430\u0432\u043d\u0430\u044f \u0441\u0442\u0440\u0430\u043d\u0438\u0446\u0430\",\"item\":\"https:\/\/colibri-jewels.eu\/et\/\"},{\"@type\":\"ListItem\",\"position\":2,\"name\":\"Pood\",\"item\":\"https:\/\/colibri-jewels.eu\/et\/pood\/\"},{\"@type\":\"ListItem\",\"position\":3,\"name\":\"Luksuslik kuldne safiiriga ja diamandiga k\u00e4ev\u00f5ru B-6279\"}]},{\"@type\":\"WebSite\",\"@id\":\"https:\/\/colibri-jewels.eu\/et\/#website\",\"url\":\"https:\/\/colibri-jewels.eu\/et\/\",\"name\":\"Colibri jewels\",\"description\":\"jewelry shop\",\"publisher\":{\"@id\":\"https:\/\/colibri-jewels.eu\/et\/#organization\"},\"potentialAction\":[{\"@type\":\"SearchAction\",\"target\":{\"@type\":\"EntryPoint\",\"urlTemplate\":\"https:\/\/colibri-jewels.eu\/et\/?s={search_term_string}\"},\"query-input\":{\"@type\":\"PropertyValueSpecification\",\"valueRequired\":true,\"valueName\":\"search_term_string\"}}],\"inLanguage\":\"et\"},{\"@type\":\"Organization\",\"@id\":\"https:\/\/colibri-jewels.eu\/et\/#organization\",\"name\":\"O\u00dc Colibri\",\"url\":\"https:\/\/colibri-jewels.eu\/et\/\",\"logo\":{\"@type\":\"ImageObject\",\"inLanguage\":\"et\",\"@id\":\"https:\/\/colibri-jewels.eu\/et\/#\/schema\/logo\/image\/\",\"url\":\"https:\/\/dev.colibri-jewels.eu\/wp-content\/uploads\/2021\/03\/colibri.png\",\"contentUrl\":\"https:\/\/dev.colibri-jewels.eu\/wp-content\/uploads\/2021\/03\/colibri.png\",\"width\":227,\"height\":130,\"caption\":\"O\u00dc Colibri\"},\"image\":{\"@id\":\"https:\/\/colibri-jewels.eu\/et\/#\/schema\/logo\/image\/\"},\"sameAs\":[\"https:\/\/www.facebook.com\/colibri.jewels\",\"https:\/\/www.instagram.com\/colibri.jewels\",\"https:\/\/www.tiktok.com\/colibri.jewels\"]}]}<\/script>\n<!-- \/ Yoast SEO Premium plugin. -->","yoast_head_json":{"title":"Luksuslik kuldne safiiriga ja diamandiga k\u00e4ev\u00f5ru B-6279 - Colibri jewels","robots":{"index":"index","follow":"follow","max-snippet":"max-snippet:-1","max-image-preview":"max-image-preview:large","max-video-preview":"max-video-preview:-1"},"canonical":"https:\/\/colibri-jewels.eu\/et\/toode\/luksuslik-kuldne-safiiriga-ja-diamandiga-kaevoru-b-6279\/","og_locale":"et_EE","og_type":"article","og_title":"Luksuslik kuldne safiiriga ja diamandiga k\u00e4ev\u00f5ru B-6279","og_description":"Elegantne ja luksuslik k\u00e4ev\u00f5ru pirnil\u00f5ikeliste safiiride ja t\u00e4isl\u00f5ikeliste diamantidega. K\u00e4ev\u00f5ru 18,5 suuruse keskmised parameetrid: Safiirid: 16 tk, pirn 5*4 mm., 5,50 ct. Teemandid: 80 tk.,...","og_url":"https:\/\/colibri-jewels.eu\/et\/toode\/luksuslik-kuldne-safiiriga-ja-diamandiga-kaevoru-b-6279\/","og_site_name":"Colibri jewels","article_publisher":"https:\/\/www.facebook.com\/colibri.jewels","article_modified_time":"2024-10-17T09:21:23+00:00","og_image":[{"width":1000,"height":1000,"url":"https:\/\/colibri-jewels.eu\/wp-content\/uploads\/2024\/10\/golden-bracelet-with-sapphires-and-diamonds-BC-6279.jpg","type":"image\/jpeg"}],"twitter_card":"summary_large_image","schema":{"@context":"https:\/\/schema.org","@graph":[{"@type":"WebPage","@id":"https:\/\/colibri-jewels.eu\/et\/toode\/luksuslik-kuldne-safiiriga-ja-diamandiga-kaevoru-b-6279\/","url":"https:\/\/colibri-jewels.eu\/et\/toode\/luksuslik-kuldne-safiiriga-ja-diamandiga-kaevoru-b-6279\/","name":"Luksuslik kuldne safiiriga ja diamandiga k\u00e4ev\u00f5ru B-6279 - Colibri jewels","isPartOf":{"@id":"https:\/\/colibri-jewels.eu\/et\/#website"},"primaryImageOfPage":{"@id":"https:\/\/colibri-jewels.eu\/et\/toode\/luksuslik-kuldne-safiiriga-ja-diamandiga-kaevoru-b-6279\/#primaryimage"},"image":{"@id":"https:\/\/colibri-jewels.eu\/et\/toode\/luksuslik-kuldne-safiiriga-ja-diamandiga-kaevoru-b-6279\/#primaryimage"},"thumbnailUrl":"https:\/\/colibri-jewels.eu\/wp-content\/uploads\/2024\/10\/golden-bracelet-with-sapphires-and-diamonds-BC-6279.jpg","datePublished":"2024-10-17T09:16:29+00:00","dateModified":"2024-10-17T09:21:23+00:00","breadcrumb":{"@id":"https:\/\/colibri-jewels.eu\/et\/toode\/luksuslik-kuldne-safiiriga-ja-diamandiga-kaevoru-b-6279\/#breadcrumb"},"inLanguage":"et","potentialAction":[{"@type":"ReadAction","target":["https:\/\/colibri-jewels.eu\/et\/toode\/luksuslik-kuldne-safiiriga-ja-diamandiga-kaevoru-b-6279\/"]}]},{"@type":"ImageObject","inLanguage":"et","@id":"https:\/\/colibri-jewels.eu\/et\/toode\/luksuslik-kuldne-safiiriga-ja-diamandiga-kaevoru-b-6279\/#primaryimage","url":"https:\/\/colibri-jewels.eu\/wp-content\/uploads\/2024\/10\/golden-bracelet-with-sapphires-and-diamonds-BC-6279.jpg","contentUrl":"https:\/\/colibri-jewels.eu\/wp-content\/uploads\/2024\/10\/golden-bracelet-with-sapphires-and-diamonds-BC-6279.jpg","width":1000,"height":1000},{"@type":"BreadcrumbList","@id":"https:\/\/colibri-jewels.eu\/et\/toode\/luksuslik-kuldne-safiiriga-ja-diamandiga-kaevoru-b-6279\/#breadcrumb","itemListElement":[{"@type":"ListItem","position":1,"name":"\u0413\u043b\u0430\u0432\u043d\u0430\u044f \u0441\u0442\u0440\u0430\u043d\u0438\u0446\u0430","item":"https:\/\/colibri-jewels.eu\/et\/"},{"@type":"ListItem","position":2,"name":"Pood","item":"https:\/\/colibri-jewels.eu\/et\/pood\/"},{"@type":"ListItem","position":3,"name":"Luksuslik kuldne safiiriga ja diamandiga k\u00e4ev\u00f5ru B-6279"}]},{"@type":"WebSite","@id":"https:\/\/colibri-jewels.eu\/et\/#website","url":"https:\/\/colibri-jewels.eu\/et\/","name":"Colibri jewels","description":"jewelry shop","publisher":{"@id":"https:\/\/colibri-jewels.eu\/et\/#organization"},"potentialAction":[{"@type":"SearchAction","target":{"@type":"EntryPoint","urlTemplate":"https:\/\/colibri-jewels.eu\/et\/?s={search_term_string}"},"query-input":{"@type":"PropertyValueSpecification","valueRequired":true,"valueName":"search_term_string"}}],"inLanguage":"et"},{"@type":"Organization","@id":"https:\/\/colibri-jewels.eu\/et\/#organization","name":"O\u00dc Colibri","url":"https:\/\/colibri-jewels.eu\/et\/","logo":{"@type":"ImageObject","inLanguage":"et","@id":"https:\/\/colibri-jewels.eu\/et\/#\/schema\/logo\/image\/","url":"https:\/\/dev.colibri-jewels.eu\/wp-content\/uploads\/2021\/03\/colibri.png","contentUrl":"https:\/\/dev.colibri-jewels.eu\/wp-content\/uploads\/2021\/03\/colibri.png","width":227,"height":130,"caption":"O\u00dc Colibri"},"image":{"@id":"https:\/\/colibri-jewels.eu\/et\/#\/schema\/logo\/image\/"},"sameAs":["https:\/\/www.facebook.com\/colibri.jewels","https:\/\/www.instagram.com\/colibri.jewels","https:\/\/www.tiktok.com\/colibri.jewels"]}]}},"_links":{"self":[{"href":"https:\/\/colibri-jewels.eu\/et\/wp-json\/wp\/v2\/product\/43040","targetHints":{"allow":["GET"]}}],"collection":[{"href":"https:\/\/colibri-jewels.eu\/et\/wp-json\/wp\/v2\/product"}],"about":[{"href":"https:\/\/colibri-jewels.eu\/et\/wp-json\/wp\/v2\/types\/product"}],"replies":[{"embeddable":true,"href":"https:\/\/colibri-jewels.eu\/et\/wp-json\/wp\/v2\/comments?post=43040"}],"version-history":[{"count":0,"href":"https:\/\/colibri-jewels.eu\/et\/wp-json\/wp\/v2\/product\/43040\/revisions"}],"wp:featuredmedia":[{"embeddable":true,"href":"https:\/\/colibri-jewels.eu\/et\/wp-json\/wp\/v2\/media\/43031"}],"wp:attachment":[{"href":"https:\/\/colibri-jewels.eu\/et\/wp-json\/wp\/v2\/media?parent=43040"}],"wp:term":[{"taxonomy":"brand","embeddable":true,"href":"https:\/\/colibri-jewels.eu\/et\/wp-json\/wp\/v2\/etheme_brands?post=43040"},{"taxonomy":"product_brand","embeddable":true,"href":"https:\/\/colibri-jewels.eu\/et\/wp-json\/wp\/v2\/product_brand?post=43040"},{"taxonomy":"product_cat","embeddable":true,"href":"https:\/\/colibri-jewels.eu\/et\/wp-json\/wp\/v2\/product_cat?post=43040"},{"taxonomy":"product_tag","embeddable":true,"href":"https:\/\/colibri-jewels.eu\/et\/wp-json\/wp\/v2\/product_tag?post=43040"}],"curies":[{"name":"wp","href":"https:\/\/api.w.org\/{rel}","templated":true}]}}