{"id":43126,"date":"2024-10-28T18:17:59","date_gmt":"2024-10-28T16:17:59","guid":{"rendered":"https:\/\/dev.colibri-jewels.eu\/?post_type=product&#038;p=43126"},"modified":"2024-11-15T21:18:25","modified_gmt":"2024-11-15T19:18:25","slug":"kasitsi-valmistatud-disainer-parlikee-genevieve-copy","status":"publish","type":"product","link":"https:\/\/colibri-jewels.eu\/et\/toode\/kasitsi-valmistatud-disainer-parlikee-genevieve-copy\/","title":{"rendered":"K\u00e4sitsi valmistatud disainer p\u00e4rlikee-transformer &#8220;C\u00e9line&#8221;"},"content":{"rendered":"<p>Luksuslik k\u00e4sitsi valmistatud kollektsioon, mis on loodud spetsiaalselt Colibri Jewels jaoks. Kogege selle suurep\u00e4rase \u00fcmberkujundatava kaelakee elegantsi ja mitmek\u00fclgsust. Kaelakeel on kolm taset p\u00e4rleid, mida saab kanda \u00fcksikult, et saada lihtsat ja klassikalist v\u00e4limust, v\u00f5i kokku virnata, et saada kihiline efekt, mis lisab teie riietusele rafineeritust ja eksklusiivset stiili. Kaelakee on kaunistatud \u00f5rnade h\u00f5bedaste aktsentidega, millel on v\u00f5luvad koolibrid, mis lisavad teie v\u00e4limusele loomulikku ilu. \u00dchel tasemel on eemaldatav koolibri ripats, mis v\u00f5imaldab teil oma stiili veelgi kohandada ja isikup\u00e4rastada. Olenemata sellest, kas osalete m\u00f5nel erilisel \u00fcritusel v\u00f5i soovite oma igap\u00e4evasele v\u00e4limusele pisut h\u00f5ngu lisada, see transformeeritav p\u00e4rlikee p\u00f6\u00f6rab kindlasti t\u00e4helepanu ja lummab.<\/p>\n","protected":false},"excerpt":{"rendered":"<p>Luksuslik k\u00e4sitsi valmistatud kollektsioon, mis on loodud spetsiaalselt Colibri Jewels jaoks. Kogege selle suurep\u00e4rase \u00fcmberkujundatava kaelakee elegantsi ja mitmek\u00fclgsust. Kaelakeel on kolm taset p\u00e4rleid, mida&#8230;<\/p>\n","protected":false},"featured_media":43089,"comment_status":"open","ping_status":"closed","template":"","meta":[],"etheme_brands":[],"product_brand":[],"product_cat":[470],"product_tag":[476],"class_list":{"0":"post-43126","1":"product","2":"type-product","3":"status-publish","4":"has-post-thumbnail","6":"product_cat-kaelakeed-ja-ripatsid","7":"product_tag-eksklusiivsed-ehted","9":"first","10":"instock","11":"shipping-taxable","12":"purchasable","13":"product-type-simple"},"acf":[],"yoast_head":"<!-- This site is optimized with the Yoast SEO Premium plugin v26.5 (Yoast SEO v26.8) - https:\/\/yoast.com\/product\/yoast-seo-premium-wordpress\/ -->\n<title>K\u00e4sitsi valmistatud disainer p\u00e4rlikee-transformer &quot;C\u00e9line&quot; - Colibri jewels<\/title>\n<meta name=\"robots\" content=\"index, follow, max-snippet:-1, max-image-preview:large, max-video-preview:-1\" \/>\n<link rel=\"canonical\" href=\"https:\/\/colibri-jewels.eu\/et\/toode\/kasitsi-valmistatud-disainer-parlikee-genevieve-copy\/\" \/>\n<meta property=\"og:locale\" content=\"et_EE\" \/>\n<meta property=\"og:type\" content=\"article\" \/>\n<meta property=\"og:title\" content=\"K\u00e4sitsi valmistatud disainer p\u00e4rlikee-transformer &quot;C\u00e9line&quot;\" \/>\n<meta property=\"og:description\" content=\"Luksuslik k\u00e4sitsi valmistatud kollektsioon, mis on loodud spetsiaalselt Colibri Jewels jaoks. Kogege selle suurep\u00e4rase \u00fcmberkujundatava kaelakee elegantsi ja mitmek\u00fclgsust. Kaelakeel on kolm taset p\u00e4rleid, mida...\" \/>\n<meta property=\"og:url\" content=\"https:\/\/colibri-jewels.eu\/et\/toode\/kasitsi-valmistatud-disainer-parlikee-genevieve-copy\/\" \/>\n<meta property=\"og:site_name\" content=\"Colibri jewels\" \/>\n<meta property=\"article:publisher\" content=\"https:\/\/www.facebook.com\/colibri.jewels\" \/>\n<meta property=\"article:modified_time\" content=\"2024-11-15T19:18:25+00:00\" \/>\n<meta property=\"og:image\" content=\"https:\/\/colibri-jewels.eu\/wp-content\/uploads\/2024\/10\/pearl-necklace-Celine.jpg\" \/>\n\t<meta property=\"og:image:width\" content=\"1000\" \/>\n\t<meta property=\"og:image:height\" content=\"1000\" \/>\n\t<meta property=\"og:image:type\" content=\"image\/jpeg\" \/>\n<meta name=\"twitter:card\" content=\"summary_large_image\" \/>\n<meta name=\"twitter:label1\" content=\"Est. reading time\" \/>\n\t<meta name=\"twitter:data1\" content=\"1 minut\" \/>\n<script type=\"application\/ld+json\" class=\"yoast-schema-graph\">{\"@context\":\"https:\/\/schema.org\",\"@graph\":[{\"@type\":\"WebPage\",\"@id\":\"https:\/\/colibri-jewels.eu\/et\/toode\/kasitsi-valmistatud-disainer-parlikee-genevieve-copy\/\",\"url\":\"https:\/\/colibri-jewels.eu\/et\/toode\/kasitsi-valmistatud-disainer-parlikee-genevieve-copy\/\",\"name\":\"K\u00e4sitsi valmistatud disainer p\u00e4rlikee-transformer \\\"C\u00e9line\\\" - Colibri jewels\",\"isPartOf\":{\"@id\":\"https:\/\/colibri-jewels.eu\/et\/#website\"},\"primaryImageOfPage\":{\"@id\":\"https:\/\/colibri-jewels.eu\/et\/toode\/kasitsi-valmistatud-disainer-parlikee-genevieve-copy\/#primaryimage\"},\"image\":{\"@id\":\"https:\/\/colibri-jewels.eu\/et\/toode\/kasitsi-valmistatud-disainer-parlikee-genevieve-copy\/#primaryimage\"},\"thumbnailUrl\":\"https:\/\/colibri-jewels.eu\/wp-content\/uploads\/2024\/10\/pearl-necklace-Celine.jpg\",\"datePublished\":\"2024-10-28T16:17:59+00:00\",\"dateModified\":\"2024-11-15T19:18:25+00:00\",\"breadcrumb\":{\"@id\":\"https:\/\/colibri-jewels.eu\/et\/toode\/kasitsi-valmistatud-disainer-parlikee-genevieve-copy\/#breadcrumb\"},\"inLanguage\":\"et\",\"potentialAction\":[{\"@type\":\"ReadAction\",\"target\":[\"https:\/\/colibri-jewels.eu\/et\/toode\/kasitsi-valmistatud-disainer-parlikee-genevieve-copy\/\"]}]},{\"@type\":\"ImageObject\",\"inLanguage\":\"et\",\"@id\":\"https:\/\/colibri-jewels.eu\/et\/toode\/kasitsi-valmistatud-disainer-parlikee-genevieve-copy\/#primaryimage\",\"url\":\"https:\/\/colibri-jewels.eu\/wp-content\/uploads\/2024\/10\/pearl-necklace-Celine.jpg\",\"contentUrl\":\"https:\/\/colibri-jewels.eu\/wp-content\/uploads\/2024\/10\/pearl-necklace-Celine.jpg\",\"width\":1000,\"height\":1000},{\"@type\":\"BreadcrumbList\",\"@id\":\"https:\/\/colibri-jewels.eu\/et\/toode\/kasitsi-valmistatud-disainer-parlikee-genevieve-copy\/#breadcrumb\",\"itemListElement\":[{\"@type\":\"ListItem\",\"position\":1,\"name\":\"\u0413\u043b\u0430\u0432\u043d\u0430\u044f \u0441\u0442\u0440\u0430\u043d\u0438\u0446\u0430\",\"item\":\"https:\/\/colibri-jewels.eu\/et\/\"},{\"@type\":\"ListItem\",\"position\":2,\"name\":\"Pood\",\"item\":\"https:\/\/colibri-jewels.eu\/et\/pood\/\"},{\"@type\":\"ListItem\",\"position\":3,\"name\":\"K\u00e4sitsi valmistatud disainer p\u00e4rlikee-transformer &#8220;C\u00e9line&#8221;\"}]},{\"@type\":\"WebSite\",\"@id\":\"https:\/\/colibri-jewels.eu\/et\/#website\",\"url\":\"https:\/\/colibri-jewels.eu\/et\/\",\"name\":\"Colibri jewels\",\"description\":\"jewelry shop\",\"publisher\":{\"@id\":\"https:\/\/colibri-jewels.eu\/et\/#organization\"},\"potentialAction\":[{\"@type\":\"SearchAction\",\"target\":{\"@type\":\"EntryPoint\",\"urlTemplate\":\"https:\/\/colibri-jewels.eu\/et\/?s={search_term_string}\"},\"query-input\":{\"@type\":\"PropertyValueSpecification\",\"valueRequired\":true,\"valueName\":\"search_term_string\"}}],\"inLanguage\":\"et\"},{\"@type\":\"Organization\",\"@id\":\"https:\/\/colibri-jewels.eu\/et\/#organization\",\"name\":\"O\u00dc Colibri\",\"url\":\"https:\/\/colibri-jewels.eu\/et\/\",\"logo\":{\"@type\":\"ImageObject\",\"inLanguage\":\"et\",\"@id\":\"https:\/\/colibri-jewels.eu\/et\/#\/schema\/logo\/image\/\",\"url\":\"https:\/\/dev.colibri-jewels.eu\/wp-content\/uploads\/2021\/03\/colibri.png\",\"contentUrl\":\"https:\/\/dev.colibri-jewels.eu\/wp-content\/uploads\/2021\/03\/colibri.png\",\"width\":227,\"height\":130,\"caption\":\"O\u00dc Colibri\"},\"image\":{\"@id\":\"https:\/\/colibri-jewels.eu\/et\/#\/schema\/logo\/image\/\"},\"sameAs\":[\"https:\/\/www.facebook.com\/colibri.jewels\",\"https:\/\/www.instagram.com\/colibri.jewels\",\"https:\/\/www.tiktok.com\/colibri.jewels\"]}]}<\/script>\n<!-- \/ Yoast SEO Premium plugin. -->","yoast_head_json":{"title":"K\u00e4sitsi valmistatud disainer p\u00e4rlikee-transformer \"C\u00e9line\" - Colibri jewels","robots":{"index":"index","follow":"follow","max-snippet":"max-snippet:-1","max-image-preview":"max-image-preview:large","max-video-preview":"max-video-preview:-1"},"canonical":"https:\/\/colibri-jewels.eu\/et\/toode\/kasitsi-valmistatud-disainer-parlikee-genevieve-copy\/","og_locale":"et_EE","og_type":"article","og_title":"K\u00e4sitsi valmistatud disainer p\u00e4rlikee-transformer \"C\u00e9line\"","og_description":"Luksuslik k\u00e4sitsi valmistatud kollektsioon, mis on loodud spetsiaalselt Colibri Jewels jaoks. Kogege selle suurep\u00e4rase \u00fcmberkujundatava kaelakee elegantsi ja mitmek\u00fclgsust. Kaelakeel on kolm taset p\u00e4rleid, mida...","og_url":"https:\/\/colibri-jewels.eu\/et\/toode\/kasitsi-valmistatud-disainer-parlikee-genevieve-copy\/","og_site_name":"Colibri jewels","article_publisher":"https:\/\/www.facebook.com\/colibri.jewels","article_modified_time":"2024-11-15T19:18:25+00:00","og_image":[{"width":1000,"height":1000,"url":"https:\/\/colibri-jewels.eu\/wp-content\/uploads\/2024\/10\/pearl-necklace-Celine.jpg","type":"image\/jpeg"}],"twitter_card":"summary_large_image","twitter_misc":{"Est. reading time":"1 minut"},"schema":{"@context":"https:\/\/schema.org","@graph":[{"@type":"WebPage","@id":"https:\/\/colibri-jewels.eu\/et\/toode\/kasitsi-valmistatud-disainer-parlikee-genevieve-copy\/","url":"https:\/\/colibri-jewels.eu\/et\/toode\/kasitsi-valmistatud-disainer-parlikee-genevieve-copy\/","name":"K\u00e4sitsi valmistatud disainer p\u00e4rlikee-transformer \"C\u00e9line\" - Colibri jewels","isPartOf":{"@id":"https:\/\/colibri-jewels.eu\/et\/#website"},"primaryImageOfPage":{"@id":"https:\/\/colibri-jewels.eu\/et\/toode\/kasitsi-valmistatud-disainer-parlikee-genevieve-copy\/#primaryimage"},"image":{"@id":"https:\/\/colibri-jewels.eu\/et\/toode\/kasitsi-valmistatud-disainer-parlikee-genevieve-copy\/#primaryimage"},"thumbnailUrl":"https:\/\/colibri-jewels.eu\/wp-content\/uploads\/2024\/10\/pearl-necklace-Celine.jpg","datePublished":"2024-10-28T16:17:59+00:00","dateModified":"2024-11-15T19:18:25+00:00","breadcrumb":{"@id":"https:\/\/colibri-jewels.eu\/et\/toode\/kasitsi-valmistatud-disainer-parlikee-genevieve-copy\/#breadcrumb"},"inLanguage":"et","potentialAction":[{"@type":"ReadAction","target":["https:\/\/colibri-jewels.eu\/et\/toode\/kasitsi-valmistatud-disainer-parlikee-genevieve-copy\/"]}]},{"@type":"ImageObject","inLanguage":"et","@id":"https:\/\/colibri-jewels.eu\/et\/toode\/kasitsi-valmistatud-disainer-parlikee-genevieve-copy\/#primaryimage","url":"https:\/\/colibri-jewels.eu\/wp-content\/uploads\/2024\/10\/pearl-necklace-Celine.jpg","contentUrl":"https:\/\/colibri-jewels.eu\/wp-content\/uploads\/2024\/10\/pearl-necklace-Celine.jpg","width":1000,"height":1000},{"@type":"BreadcrumbList","@id":"https:\/\/colibri-jewels.eu\/et\/toode\/kasitsi-valmistatud-disainer-parlikee-genevieve-copy\/#breadcrumb","itemListElement":[{"@type":"ListItem","position":1,"name":"\u0413\u043b\u0430\u0432\u043d\u0430\u044f \u0441\u0442\u0440\u0430\u043d\u0438\u0446\u0430","item":"https:\/\/colibri-jewels.eu\/et\/"},{"@type":"ListItem","position":2,"name":"Pood","item":"https:\/\/colibri-jewels.eu\/et\/pood\/"},{"@type":"ListItem","position":3,"name":"K\u00e4sitsi valmistatud disainer p\u00e4rlikee-transformer &#8220;C\u00e9line&#8221;"}]},{"@type":"WebSite","@id":"https:\/\/colibri-jewels.eu\/et\/#website","url":"https:\/\/colibri-jewels.eu\/et\/","name":"Colibri jewels","description":"jewelry shop","publisher":{"@id":"https:\/\/colibri-jewels.eu\/et\/#organization"},"potentialAction":[{"@type":"SearchAction","target":{"@type":"EntryPoint","urlTemplate":"https:\/\/colibri-jewels.eu\/et\/?s={search_term_string}"},"query-input":{"@type":"PropertyValueSpecification","valueRequired":true,"valueName":"search_term_string"}}],"inLanguage":"et"},{"@type":"Organization","@id":"https:\/\/colibri-jewels.eu\/et\/#organization","name":"O\u00dc Colibri","url":"https:\/\/colibri-jewels.eu\/et\/","logo":{"@type":"ImageObject","inLanguage":"et","@id":"https:\/\/colibri-jewels.eu\/et\/#\/schema\/logo\/image\/","url":"https:\/\/dev.colibri-jewels.eu\/wp-content\/uploads\/2021\/03\/colibri.png","contentUrl":"https:\/\/dev.colibri-jewels.eu\/wp-content\/uploads\/2021\/03\/colibri.png","width":227,"height":130,"caption":"O\u00dc Colibri"},"image":{"@id":"https:\/\/colibri-jewels.eu\/et\/#\/schema\/logo\/image\/"},"sameAs":["https:\/\/www.facebook.com\/colibri.jewels","https:\/\/www.instagram.com\/colibri.jewels","https:\/\/www.tiktok.com\/colibri.jewels"]}]}},"_links":{"self":[{"href":"https:\/\/colibri-jewels.eu\/et\/wp-json\/wp\/v2\/product\/43126","targetHints":{"allow":["GET"]}}],"collection":[{"href":"https:\/\/colibri-jewels.eu\/et\/wp-json\/wp\/v2\/product"}],"about":[{"href":"https:\/\/colibri-jewels.eu\/et\/wp-json\/wp\/v2\/types\/product"}],"replies":[{"embeddable":true,"href":"https:\/\/colibri-jewels.eu\/et\/wp-json\/wp\/v2\/comments?post=43126"}],"version-history":[{"count":0,"href":"https:\/\/colibri-jewels.eu\/et\/wp-json\/wp\/v2\/product\/43126\/revisions"}],"wp:featuredmedia":[{"embeddable":true,"href":"https:\/\/colibri-jewels.eu\/et\/wp-json\/wp\/v2\/media\/43089"}],"wp:attachment":[{"href":"https:\/\/colibri-jewels.eu\/et\/wp-json\/wp\/v2\/media?parent=43126"}],"wp:term":[{"taxonomy":"brand","embeddable":true,"href":"https:\/\/colibri-jewels.eu\/et\/wp-json\/wp\/v2\/etheme_brands?post=43126"},{"taxonomy":"product_brand","embeddable":true,"href":"https:\/\/colibri-jewels.eu\/et\/wp-json\/wp\/v2\/product_brand?post=43126"},{"taxonomy":"product_cat","embeddable":true,"href":"https:\/\/colibri-jewels.eu\/et\/wp-json\/wp\/v2\/product_cat?post=43126"},{"taxonomy":"product_tag","embeddable":true,"href":"https:\/\/colibri-jewels.eu\/et\/wp-json\/wp\/v2\/product_tag?post=43126"}],"curies":[{"name":"wp","href":"https:\/\/api.w.org\/{rel}","templated":true}]}}