{"id":43221,"date":"2026-01-25T17:27:28","date_gmt":"2026-01-25T15:27:28","guid":{"rendered":"https:\/\/dev.colibri-jewels.eu\/?post_type=product&#038;p=43221"},"modified":"2025-07-17T20:44:20","modified_gmt":"2025-07-17T17:44:20","slug":"valgest-kullast-sormus-smaragdloikega-laboridiamandiga-jacqueline","status":"publish","type":"product","link":"https:\/\/colibri-jewels.eu\/et\/toode\/valgest-kullast-sormus-smaragdloikega-laboridiamandiga-jacqueline\/","title":{"rendered":"Valgest kullast s\u00f5rmus smaragdl\u00f5ikega laboridiamandiga &#8220;Jacqueline&#8221;"},"content":{"rendered":"<p>Valgest kullast s\u00f5rmus 1,71-karaadise laboris kasvatatud smaragdl\u00f5ikega teemandiga \u2013 t\u00e4iuslik segu luksusest ja j\u00e4tkusuutlikust valikust. Laboris kasvatatud teemandid on s\u00e4ra, vastupidavuse ja puhtuse poolest identsed kaevandatud teemantidega, mis on loodud keskkonnavastutusele keskendudes. Smaragdl\u00f5ige suurendab kivi elegantsi, lisades rafineeritust ja graatsilisust.  <\/p>\n<p>Klassikaline stiil ja see karaadikaalu valiti selle j\u00e4rgi, et see s\u00f5rmus n\u00e4eks t\u00f5eliselt luksuslik v\u00e4lja, kuid j\u00e4\u00e4ks siiski mugavaks igap\u00e4evaseks kandmiseks.<\/p>\n<p>Teemant: 1,71 ct, H\/VS2, Rahvusvahelise Gemmoloogiainstituudi sertifikaadiga ja v\u00f6\u00f6le on lasergraveering selle numbriga.<\/p>\n<p>S\u00f5rmuse suurus on 17,0, tellida saab ka teist suurust, kuldset v\u00e4rvi v\u00f5i kasv\u00f5i plaatina!<\/p>\n","protected":false},"excerpt":{"rendered":"<p>Valgest kullast s\u00f5rmus 1,71-karaadise laboris kasvatatud smaragdl\u00f5ikega teemandiga \u2013 t\u00e4iuslik segu luksusest ja j\u00e4tkusuutlikust valikust. Laboris kasvatatud teemandid on s\u00e4ra, vastupidavuse ja puhtuse poolest identsed&#8230;<\/p>\n","protected":false},"featured_media":43215,"comment_status":"open","ping_status":"closed","template":"","meta":[],"etheme_brands":[],"product_brand":[],"product_cat":[471],"product_tag":[476,474,1255,508],"class_list":{"0":"post-43221","1":"product","2":"type-product","3":"status-publish","4":"has-post-thumbnail","6":"product_cat-sormused","7":"product_tag-eksklusiivsed-ehted","8":"product_tag-kihlasormused","9":"product_tag-lab-teemantid","10":"product_tag-solitaar","12":"first","13":"instock","14":"shipping-taxable","15":"purchasable","16":"product-type-simple"},"acf":[],"yoast_head":"<!-- This site is optimized with the Yoast SEO Premium plugin v26.5 (Yoast SEO v26.8) - https:\/\/yoast.com\/product\/yoast-seo-premium-wordpress\/ -->\n<title>Valgest kullast s\u00f5rmus smaragdl\u00f5ikega laboridiamandiga &quot;Jacqueline&quot; - Colibri jewels<\/title>\n<meta name=\"robots\" content=\"index, follow, max-snippet:-1, max-image-preview:large, max-video-preview:-1\" \/>\n<link rel=\"canonical\" href=\"https:\/\/colibri-jewels.eu\/et\/toode\/valgest-kullast-sormus-smaragdloikega-laboridiamandiga-jacqueline\/\" \/>\n<meta property=\"og:locale\" content=\"et_EE\" \/>\n<meta property=\"og:type\" content=\"article\" \/>\n<meta property=\"og:title\" content=\"Valgest kullast s\u00f5rmus smaragdl\u00f5ikega laboridiamandiga &quot;Jacqueline&quot;\" \/>\n<meta property=\"og:description\" content=\"Valgest kullast s\u00f5rmus 1,71-karaadise laboris kasvatatud smaragdl\u00f5ikega teemandiga \u2013 t\u00e4iuslik segu luksusest ja j\u00e4tkusuutlikust valikust. Laboris kasvatatud teemandid on s\u00e4ra, vastupidavuse ja puhtuse poolest identsed...\" \/>\n<meta property=\"og:url\" content=\"https:\/\/colibri-jewels.eu\/et\/toode\/valgest-kullast-sormus-smaragdloikega-laboridiamandiga-jacqueline\/\" \/>\n<meta property=\"og:site_name\" content=\"Colibri jewels\" \/>\n<meta property=\"article:publisher\" content=\"https:\/\/www.facebook.com\/colibri.jewels\" \/>\n<meta property=\"og:image\" content=\"https:\/\/colibri-jewels.eu\/wp-content\/uploads\/2024\/11\/white-gold-engagement-ring-emerald-cut-lab-diamond-R-00842.jpg\" \/>\n\t<meta property=\"og:image:width\" content=\"1000\" \/>\n\t<meta property=\"og:image:height\" content=\"1000\" \/>\n\t<meta property=\"og:image:type\" content=\"image\/jpeg\" \/>\n<meta name=\"twitter:card\" content=\"summary_large_image\" \/>\n<meta name=\"twitter:label1\" content=\"Est. reading time\" \/>\n\t<meta name=\"twitter:data1\" content=\"1 minut\" \/>\n<script type=\"application\/ld+json\" class=\"yoast-schema-graph\">{\"@context\":\"https:\/\/schema.org\",\"@graph\":[{\"@type\":\"WebPage\",\"@id\":\"https:\/\/colibri-jewels.eu\/et\/toode\/valgest-kullast-sormus-smaragdloikega-laboridiamandiga-jacqueline\/\",\"url\":\"https:\/\/colibri-jewels.eu\/et\/toode\/valgest-kullast-sormus-smaragdloikega-laboridiamandiga-jacqueline\/\",\"name\":\"Valgest kullast s\u00f5rmus smaragdl\u00f5ikega laboridiamandiga \\\"Jacqueline\\\" - Colibri jewels\",\"isPartOf\":{\"@id\":\"https:\/\/colibri-jewels.eu\/et\/#website\"},\"primaryImageOfPage\":{\"@id\":\"https:\/\/colibri-jewels.eu\/et\/toode\/valgest-kullast-sormus-smaragdloikega-laboridiamandiga-jacqueline\/#primaryimage\"},\"image\":{\"@id\":\"https:\/\/colibri-jewels.eu\/et\/toode\/valgest-kullast-sormus-smaragdloikega-laboridiamandiga-jacqueline\/#primaryimage\"},\"thumbnailUrl\":\"https:\/\/colibri-jewels.eu\/wp-content\/uploads\/2024\/11\/white-gold-engagement-ring-emerald-cut-lab-diamond-R-00842.jpg\",\"datePublished\":\"2026-01-25T15:27:28+00:00\",\"breadcrumb\":{\"@id\":\"https:\/\/colibri-jewels.eu\/et\/toode\/valgest-kullast-sormus-smaragdloikega-laboridiamandiga-jacqueline\/#breadcrumb\"},\"inLanguage\":\"et\",\"potentialAction\":[{\"@type\":\"ReadAction\",\"target\":[\"https:\/\/colibri-jewels.eu\/et\/toode\/valgest-kullast-sormus-smaragdloikega-laboridiamandiga-jacqueline\/\"]}]},{\"@type\":\"ImageObject\",\"inLanguage\":\"et\",\"@id\":\"https:\/\/colibri-jewels.eu\/et\/toode\/valgest-kullast-sormus-smaragdloikega-laboridiamandiga-jacqueline\/#primaryimage\",\"url\":\"https:\/\/colibri-jewels.eu\/wp-content\/uploads\/2024\/11\/white-gold-engagement-ring-emerald-cut-lab-diamond-R-00842.jpg\",\"contentUrl\":\"https:\/\/colibri-jewels.eu\/wp-content\/uploads\/2024\/11\/white-gold-engagement-ring-emerald-cut-lab-diamond-R-00842.jpg\",\"width\":1000,\"height\":1000},{\"@type\":\"BreadcrumbList\",\"@id\":\"https:\/\/colibri-jewels.eu\/et\/toode\/valgest-kullast-sormus-smaragdloikega-laboridiamandiga-jacqueline\/#breadcrumb\",\"itemListElement\":[{\"@type\":\"ListItem\",\"position\":1,\"name\":\"\u0413\u043b\u0430\u0432\u043d\u0430\u044f \u0441\u0442\u0440\u0430\u043d\u0438\u0446\u0430\",\"item\":\"https:\/\/colibri-jewels.eu\/et\/\"},{\"@type\":\"ListItem\",\"position\":2,\"name\":\"Pood\",\"item\":\"https:\/\/colibri-jewels.eu\/et\/pood\/\"},{\"@type\":\"ListItem\",\"position\":3,\"name\":\"Valgest kullast s\u00f5rmus smaragdl\u00f5ikega laboridiamandiga &#8220;Jacqueline&#8221;\"}]},{\"@type\":\"WebSite\",\"@id\":\"https:\/\/colibri-jewels.eu\/et\/#website\",\"url\":\"https:\/\/colibri-jewels.eu\/et\/\",\"name\":\"Colibri jewels\",\"description\":\"jewelry shop\",\"publisher\":{\"@id\":\"https:\/\/colibri-jewels.eu\/et\/#organization\"},\"potentialAction\":[{\"@type\":\"SearchAction\",\"target\":{\"@type\":\"EntryPoint\",\"urlTemplate\":\"https:\/\/colibri-jewels.eu\/et\/?s={search_term_string}\"},\"query-input\":{\"@type\":\"PropertyValueSpecification\",\"valueRequired\":true,\"valueName\":\"search_term_string\"}}],\"inLanguage\":\"et\"},{\"@type\":\"Organization\",\"@id\":\"https:\/\/colibri-jewels.eu\/et\/#organization\",\"name\":\"O\u00dc Colibri\",\"url\":\"https:\/\/colibri-jewels.eu\/et\/\",\"logo\":{\"@type\":\"ImageObject\",\"inLanguage\":\"et\",\"@id\":\"https:\/\/colibri-jewels.eu\/et\/#\/schema\/logo\/image\/\",\"url\":\"https:\/\/dev.colibri-jewels.eu\/wp-content\/uploads\/2021\/03\/colibri.png\",\"contentUrl\":\"https:\/\/dev.colibri-jewels.eu\/wp-content\/uploads\/2021\/03\/colibri.png\",\"width\":227,\"height\":130,\"caption\":\"O\u00dc Colibri\"},\"image\":{\"@id\":\"https:\/\/colibri-jewels.eu\/et\/#\/schema\/logo\/image\/\"},\"sameAs\":[\"https:\/\/www.facebook.com\/colibri.jewels\",\"https:\/\/www.instagram.com\/colibri.jewels\",\"https:\/\/www.tiktok.com\/colibri.jewels\"]}]}<\/script>\n<!-- \/ Yoast SEO Premium plugin. -->","yoast_head_json":{"title":"Valgest kullast s\u00f5rmus smaragdl\u00f5ikega laboridiamandiga \"Jacqueline\" - Colibri jewels","robots":{"index":"index","follow":"follow","max-snippet":"max-snippet:-1","max-image-preview":"max-image-preview:large","max-video-preview":"max-video-preview:-1"},"canonical":"https:\/\/colibri-jewels.eu\/et\/toode\/valgest-kullast-sormus-smaragdloikega-laboridiamandiga-jacqueline\/","og_locale":"et_EE","og_type":"article","og_title":"Valgest kullast s\u00f5rmus smaragdl\u00f5ikega laboridiamandiga \"Jacqueline\"","og_description":"Valgest kullast s\u00f5rmus 1,71-karaadise laboris kasvatatud smaragdl\u00f5ikega teemandiga \u2013 t\u00e4iuslik segu luksusest ja j\u00e4tkusuutlikust valikust. Laboris kasvatatud teemandid on s\u00e4ra, vastupidavuse ja puhtuse poolest identsed...","og_url":"https:\/\/colibri-jewels.eu\/et\/toode\/valgest-kullast-sormus-smaragdloikega-laboridiamandiga-jacqueline\/","og_site_name":"Colibri jewels","article_publisher":"https:\/\/www.facebook.com\/colibri.jewels","og_image":[{"width":1000,"height":1000,"url":"https:\/\/colibri-jewels.eu\/wp-content\/uploads\/2024\/11\/white-gold-engagement-ring-emerald-cut-lab-diamond-R-00842.jpg","type":"image\/jpeg"}],"twitter_card":"summary_large_image","twitter_misc":{"Est. reading time":"1 minut"},"schema":{"@context":"https:\/\/schema.org","@graph":[{"@type":"WebPage","@id":"https:\/\/colibri-jewels.eu\/et\/toode\/valgest-kullast-sormus-smaragdloikega-laboridiamandiga-jacqueline\/","url":"https:\/\/colibri-jewels.eu\/et\/toode\/valgest-kullast-sormus-smaragdloikega-laboridiamandiga-jacqueline\/","name":"Valgest kullast s\u00f5rmus smaragdl\u00f5ikega laboridiamandiga \"Jacqueline\" - Colibri jewels","isPartOf":{"@id":"https:\/\/colibri-jewels.eu\/et\/#website"},"primaryImageOfPage":{"@id":"https:\/\/colibri-jewels.eu\/et\/toode\/valgest-kullast-sormus-smaragdloikega-laboridiamandiga-jacqueline\/#primaryimage"},"image":{"@id":"https:\/\/colibri-jewels.eu\/et\/toode\/valgest-kullast-sormus-smaragdloikega-laboridiamandiga-jacqueline\/#primaryimage"},"thumbnailUrl":"https:\/\/colibri-jewels.eu\/wp-content\/uploads\/2024\/11\/white-gold-engagement-ring-emerald-cut-lab-diamond-R-00842.jpg","datePublished":"2026-01-25T15:27:28+00:00","breadcrumb":{"@id":"https:\/\/colibri-jewels.eu\/et\/toode\/valgest-kullast-sormus-smaragdloikega-laboridiamandiga-jacqueline\/#breadcrumb"},"inLanguage":"et","potentialAction":[{"@type":"ReadAction","target":["https:\/\/colibri-jewels.eu\/et\/toode\/valgest-kullast-sormus-smaragdloikega-laboridiamandiga-jacqueline\/"]}]},{"@type":"ImageObject","inLanguage":"et","@id":"https:\/\/colibri-jewels.eu\/et\/toode\/valgest-kullast-sormus-smaragdloikega-laboridiamandiga-jacqueline\/#primaryimage","url":"https:\/\/colibri-jewels.eu\/wp-content\/uploads\/2024\/11\/white-gold-engagement-ring-emerald-cut-lab-diamond-R-00842.jpg","contentUrl":"https:\/\/colibri-jewels.eu\/wp-content\/uploads\/2024\/11\/white-gold-engagement-ring-emerald-cut-lab-diamond-R-00842.jpg","width":1000,"height":1000},{"@type":"BreadcrumbList","@id":"https:\/\/colibri-jewels.eu\/et\/toode\/valgest-kullast-sormus-smaragdloikega-laboridiamandiga-jacqueline\/#breadcrumb","itemListElement":[{"@type":"ListItem","position":1,"name":"\u0413\u043b\u0430\u0432\u043d\u0430\u044f \u0441\u0442\u0440\u0430\u043d\u0438\u0446\u0430","item":"https:\/\/colibri-jewels.eu\/et\/"},{"@type":"ListItem","position":2,"name":"Pood","item":"https:\/\/colibri-jewels.eu\/et\/pood\/"},{"@type":"ListItem","position":3,"name":"Valgest kullast s\u00f5rmus smaragdl\u00f5ikega laboridiamandiga &#8220;Jacqueline&#8221;"}]},{"@type":"WebSite","@id":"https:\/\/colibri-jewels.eu\/et\/#website","url":"https:\/\/colibri-jewels.eu\/et\/","name":"Colibri jewels","description":"jewelry shop","publisher":{"@id":"https:\/\/colibri-jewels.eu\/et\/#organization"},"potentialAction":[{"@type":"SearchAction","target":{"@type":"EntryPoint","urlTemplate":"https:\/\/colibri-jewels.eu\/et\/?s={search_term_string}"},"query-input":{"@type":"PropertyValueSpecification","valueRequired":true,"valueName":"search_term_string"}}],"inLanguage":"et"},{"@type":"Organization","@id":"https:\/\/colibri-jewels.eu\/et\/#organization","name":"O\u00dc Colibri","url":"https:\/\/colibri-jewels.eu\/et\/","logo":{"@type":"ImageObject","inLanguage":"et","@id":"https:\/\/colibri-jewels.eu\/et\/#\/schema\/logo\/image\/","url":"https:\/\/dev.colibri-jewels.eu\/wp-content\/uploads\/2021\/03\/colibri.png","contentUrl":"https:\/\/dev.colibri-jewels.eu\/wp-content\/uploads\/2021\/03\/colibri.png","width":227,"height":130,"caption":"O\u00dc Colibri"},"image":{"@id":"https:\/\/colibri-jewels.eu\/et\/#\/schema\/logo\/image\/"},"sameAs":["https:\/\/www.facebook.com\/colibri.jewels","https:\/\/www.instagram.com\/colibri.jewels","https:\/\/www.tiktok.com\/colibri.jewels"]}]}},"_links":{"self":[{"href":"https:\/\/colibri-jewels.eu\/et\/wp-json\/wp\/v2\/product\/43221","targetHints":{"allow":["GET"]}}],"collection":[{"href":"https:\/\/colibri-jewels.eu\/et\/wp-json\/wp\/v2\/product"}],"about":[{"href":"https:\/\/colibri-jewels.eu\/et\/wp-json\/wp\/v2\/types\/product"}],"replies":[{"embeddable":true,"href":"https:\/\/colibri-jewels.eu\/et\/wp-json\/wp\/v2\/comments?post=43221"}],"version-history":[{"count":0,"href":"https:\/\/colibri-jewels.eu\/et\/wp-json\/wp\/v2\/product\/43221\/revisions"}],"wp:featuredmedia":[{"embeddable":true,"href":"https:\/\/colibri-jewels.eu\/et\/wp-json\/wp\/v2\/media\/43215"}],"wp:attachment":[{"href":"https:\/\/colibri-jewels.eu\/et\/wp-json\/wp\/v2\/media?parent=43221"}],"wp:term":[{"taxonomy":"brand","embeddable":true,"href":"https:\/\/colibri-jewels.eu\/et\/wp-json\/wp\/v2\/etheme_brands?post=43221"},{"taxonomy":"product_brand","embeddable":true,"href":"https:\/\/colibri-jewels.eu\/et\/wp-json\/wp\/v2\/product_brand?post=43221"},{"taxonomy":"product_cat","embeddable":true,"href":"https:\/\/colibri-jewels.eu\/et\/wp-json\/wp\/v2\/product_cat?post=43221"},{"taxonomy":"product_tag","embeddable":true,"href":"https:\/\/colibri-jewels.eu\/et\/wp-json\/wp\/v2\/product_tag?post=43221"}],"curies":[{"name":"wp","href":"https:\/\/api.w.org\/{rel}","templated":true}]}}