{"id":43342,"date":"2024-12-13T17:09:51","date_gmt":"2024-12-13T15:09:51","guid":{"rendered":"https:\/\/dev.colibri-jewels.eu\/?post_type=product&#038;p=43342"},"modified":"2025-03-08T16:46:31","modified_gmt":"2025-03-08T14:46:31","slug":"ornad-marquise-diamantkorvarongad-fleur","status":"publish","type":"product","link":"https:\/\/colibri-jewels.eu\/et\/toode\/ornad-marquise-diamantkorvarongad-fleur\/","title":{"rendered":"\u00d5rnad marquise diamantk\u00f5rvar\u00f5ngad &#8220;Fleur&#8221;"},"content":{"rendered":"<p>Suurendage oma elegantsi nende imeliste laboratoorsete diamantk\u00f5rvar\u00f5ngastega, mis on hoolikalt valmistatud esmaklassilisest valgest kullast.<br \/>\nIgal k\u00f5rvar\u00f5ngal on neli hiilgavat &#8220;marquise&#8221; -l\u00f5ikega laboriteemanti ning kindlad kruviklambrid lisavad enesekindlust ja meelerahu.<br \/>\nLabori diamandid pakuvad sama pimestavat s\u00e4ra ja vastupidavust nagu looduslikud diamandid, kuid on loodud kontrollitud keskkonnas, mist\u00f5ttu on need eetilised ja j\u00e4tkusuutlikud valikud.<br \/>\nNeed k\u00f5rvar\u00f5ngad, mis sobivad ideaalselt igaks s\u00fcndmuseks, lisavad teie v\u00e4limusele rafineeritust ja s\u00e4ra.   <\/p>\n<p>Valge kuld 14 kt.<\/p>\n<p>Labori diamandid 8 tk, 0.60 ct, F\/VS2<\/p>\n<p>K\u00f5rvar\u00f5ngaste kaal: 1,60 g.<\/p>\n","protected":false},"excerpt":{"rendered":"<p>Valge kuld 14 kt.<\/p>\n<p>Labori teemandid &#8220;marquise&#8221; l\u00f5igatud, 8 tk, 0.60 ct, F\/VS2<\/p>\n<p>K\u00f5rvar\u00f5ngaste kaal: 1,60 g.<\/p>\n","protected":false},"featured_media":43866,"comment_status":"open","ping_status":"closed","template":"","meta":[],"etheme_brands":[],"product_brand":[],"product_cat":[469],"product_tag":[472,1255,499],"class_list":{"0":"post-43342","1":"product","2":"type-product","3":"status-publish","4":"has-post-thumbnail","6":"product_cat-korvarongad","7":"product_tag-klassika","8":"product_tag-lab-teemantid","9":"product_tag-romantiline","11":"first","12":"onbackorder","13":"shipping-taxable","14":"purchasable","15":"product-type-simple"},"acf":[],"yoast_head":"<!-- This site is optimized with the Yoast SEO Premium plugin v26.5 (Yoast SEO v26.8) - https:\/\/yoast.com\/product\/yoast-seo-premium-wordpress\/ -->\n<title>\u00d5rnad marquise diamantk\u00f5rvar\u00f5ngad &quot;Fleur&quot; - Colibri jewels<\/title>\n<meta name=\"robots\" content=\"index, follow, max-snippet:-1, max-image-preview:large, max-video-preview:-1\" \/>\n<link rel=\"canonical\" href=\"https:\/\/colibri-jewels.eu\/et\/toode\/ornad-marquise-diamantkorvarongad-fleur\/\" \/>\n<meta property=\"og:locale\" content=\"et_EE\" \/>\n<meta property=\"og:type\" content=\"article\" \/>\n<meta property=\"og:title\" content=\"\u00d5rnad marquise diamantk\u00f5rvar\u00f5ngad &quot;Fleur&quot;\" \/>\n<meta property=\"og:description\" content=\"Valge kuld 14 kt. Labori teemandid &quot;marquise&quot; l\u00f5igatud, 8 tk, 0.60 ct, F\/VS2 K\u00f5rvar\u00f5ngaste kaal: 1,60 g.\" \/>\n<meta property=\"og:url\" content=\"https:\/\/colibri-jewels.eu\/et\/toode\/ornad-marquise-diamantkorvarongad-fleur\/\" \/>\n<meta property=\"og:site_name\" content=\"Colibri jewels\" \/>\n<meta property=\"article:publisher\" content=\"https:\/\/www.facebook.com\/colibri.jewels\" \/>\n<meta property=\"article:modified_time\" content=\"2025-03-08T14:46:31+00:00\" \/>\n<meta property=\"og:image\" content=\"https:\/\/colibri-jewels.eu\/wp-content\/uploads\/2025\/01\/white-gold-lab-diamonds-marquise-cut-stud-earrings-E-00621.jpg\" \/>\n\t<meta property=\"og:image:width\" content=\"1000\" \/>\n\t<meta property=\"og:image:height\" content=\"1000\" \/>\n\t<meta property=\"og:image:type\" content=\"image\/jpeg\" \/>\n<meta name=\"twitter:card\" content=\"summary_large_image\" \/>\n<script type=\"application\/ld+json\" class=\"yoast-schema-graph\">{\"@context\":\"https:\/\/schema.org\",\"@graph\":[{\"@type\":\"WebPage\",\"@id\":\"https:\/\/colibri-jewels.eu\/et\/toode\/ornad-marquise-diamantkorvarongad-fleur\/\",\"url\":\"https:\/\/colibri-jewels.eu\/et\/toode\/ornad-marquise-diamantkorvarongad-fleur\/\",\"name\":\"\u00d5rnad marquise diamantk\u00f5rvar\u00f5ngad \\\"Fleur\\\" - Colibri jewels\",\"isPartOf\":{\"@id\":\"https:\/\/colibri-jewels.eu\/et\/#website\"},\"primaryImageOfPage\":{\"@id\":\"https:\/\/colibri-jewels.eu\/et\/toode\/ornad-marquise-diamantkorvarongad-fleur\/#primaryimage\"},\"image\":{\"@id\":\"https:\/\/colibri-jewels.eu\/et\/toode\/ornad-marquise-diamantkorvarongad-fleur\/#primaryimage\"},\"thumbnailUrl\":\"https:\/\/colibri-jewels.eu\/wp-content\/uploads\/2025\/01\/white-gold-lab-diamonds-marquise-cut-stud-earrings-E-00621.jpg\",\"datePublished\":\"2024-12-13T15:09:51+00:00\",\"dateModified\":\"2025-03-08T14:46:31+00:00\",\"breadcrumb\":{\"@id\":\"https:\/\/colibri-jewels.eu\/et\/toode\/ornad-marquise-diamantkorvarongad-fleur\/#breadcrumb\"},\"inLanguage\":\"et\",\"potentialAction\":[{\"@type\":\"ReadAction\",\"target\":[\"https:\/\/colibri-jewels.eu\/et\/toode\/ornad-marquise-diamantkorvarongad-fleur\/\"]}]},{\"@type\":\"ImageObject\",\"inLanguage\":\"et\",\"@id\":\"https:\/\/colibri-jewels.eu\/et\/toode\/ornad-marquise-diamantkorvarongad-fleur\/#primaryimage\",\"url\":\"https:\/\/colibri-jewels.eu\/wp-content\/uploads\/2025\/01\/white-gold-lab-diamonds-marquise-cut-stud-earrings-E-00621.jpg\",\"contentUrl\":\"https:\/\/colibri-jewels.eu\/wp-content\/uploads\/2025\/01\/white-gold-lab-diamonds-marquise-cut-stud-earrings-E-00621.jpg\",\"width\":1000,\"height\":1000},{\"@type\":\"BreadcrumbList\",\"@id\":\"https:\/\/colibri-jewels.eu\/et\/toode\/ornad-marquise-diamantkorvarongad-fleur\/#breadcrumb\",\"itemListElement\":[{\"@type\":\"ListItem\",\"position\":1,\"name\":\"\u0413\u043b\u0430\u0432\u043d\u0430\u044f \u0441\u0442\u0440\u0430\u043d\u0438\u0446\u0430\",\"item\":\"https:\/\/colibri-jewels.eu\/et\/\"},{\"@type\":\"ListItem\",\"position\":2,\"name\":\"Pood\",\"item\":\"https:\/\/colibri-jewels.eu\/et\/pood\/\"},{\"@type\":\"ListItem\",\"position\":3,\"name\":\"\u00d5rnad marquise diamantk\u00f5rvar\u00f5ngad &#8220;Fleur&#8221;\"}]},{\"@type\":\"WebSite\",\"@id\":\"https:\/\/colibri-jewels.eu\/et\/#website\",\"url\":\"https:\/\/colibri-jewels.eu\/et\/\",\"name\":\"Colibri jewels\",\"description\":\"jewelry shop\",\"publisher\":{\"@id\":\"https:\/\/colibri-jewels.eu\/et\/#organization\"},\"potentialAction\":[{\"@type\":\"SearchAction\",\"target\":{\"@type\":\"EntryPoint\",\"urlTemplate\":\"https:\/\/colibri-jewels.eu\/et\/?s={search_term_string}\"},\"query-input\":{\"@type\":\"PropertyValueSpecification\",\"valueRequired\":true,\"valueName\":\"search_term_string\"}}],\"inLanguage\":\"et\"},{\"@type\":\"Organization\",\"@id\":\"https:\/\/colibri-jewels.eu\/et\/#organization\",\"name\":\"O\u00dc Colibri\",\"url\":\"https:\/\/colibri-jewels.eu\/et\/\",\"logo\":{\"@type\":\"ImageObject\",\"inLanguage\":\"et\",\"@id\":\"https:\/\/colibri-jewels.eu\/et\/#\/schema\/logo\/image\/\",\"url\":\"https:\/\/dev.colibri-jewels.eu\/wp-content\/uploads\/2021\/03\/colibri.png\",\"contentUrl\":\"https:\/\/dev.colibri-jewels.eu\/wp-content\/uploads\/2021\/03\/colibri.png\",\"width\":227,\"height\":130,\"caption\":\"O\u00dc Colibri\"},\"image\":{\"@id\":\"https:\/\/colibri-jewels.eu\/et\/#\/schema\/logo\/image\/\"},\"sameAs\":[\"https:\/\/www.facebook.com\/colibri.jewels\",\"https:\/\/www.instagram.com\/colibri.jewels\",\"https:\/\/www.tiktok.com\/colibri.jewels\"]}]}<\/script>\n<!-- \/ Yoast SEO Premium plugin. -->","yoast_head_json":{"title":"\u00d5rnad marquise diamantk\u00f5rvar\u00f5ngad \"Fleur\" - Colibri jewels","robots":{"index":"index","follow":"follow","max-snippet":"max-snippet:-1","max-image-preview":"max-image-preview:large","max-video-preview":"max-video-preview:-1"},"canonical":"https:\/\/colibri-jewels.eu\/et\/toode\/ornad-marquise-diamantkorvarongad-fleur\/","og_locale":"et_EE","og_type":"article","og_title":"\u00d5rnad marquise diamantk\u00f5rvar\u00f5ngad \"Fleur\"","og_description":"Valge kuld 14 kt. Labori teemandid \"marquise\" l\u00f5igatud, 8 tk, 0.60 ct, F\/VS2 K\u00f5rvar\u00f5ngaste kaal: 1,60 g.","og_url":"https:\/\/colibri-jewels.eu\/et\/toode\/ornad-marquise-diamantkorvarongad-fleur\/","og_site_name":"Colibri jewels","article_publisher":"https:\/\/www.facebook.com\/colibri.jewels","article_modified_time":"2025-03-08T14:46:31+00:00","og_image":[{"width":1000,"height":1000,"url":"https:\/\/colibri-jewels.eu\/wp-content\/uploads\/2025\/01\/white-gold-lab-diamonds-marquise-cut-stud-earrings-E-00621.jpg","type":"image\/jpeg"}],"twitter_card":"summary_large_image","schema":{"@context":"https:\/\/schema.org","@graph":[{"@type":"WebPage","@id":"https:\/\/colibri-jewels.eu\/et\/toode\/ornad-marquise-diamantkorvarongad-fleur\/","url":"https:\/\/colibri-jewels.eu\/et\/toode\/ornad-marquise-diamantkorvarongad-fleur\/","name":"\u00d5rnad marquise diamantk\u00f5rvar\u00f5ngad \"Fleur\" - Colibri jewels","isPartOf":{"@id":"https:\/\/colibri-jewels.eu\/et\/#website"},"primaryImageOfPage":{"@id":"https:\/\/colibri-jewels.eu\/et\/toode\/ornad-marquise-diamantkorvarongad-fleur\/#primaryimage"},"image":{"@id":"https:\/\/colibri-jewels.eu\/et\/toode\/ornad-marquise-diamantkorvarongad-fleur\/#primaryimage"},"thumbnailUrl":"https:\/\/colibri-jewels.eu\/wp-content\/uploads\/2025\/01\/white-gold-lab-diamonds-marquise-cut-stud-earrings-E-00621.jpg","datePublished":"2024-12-13T15:09:51+00:00","dateModified":"2025-03-08T14:46:31+00:00","breadcrumb":{"@id":"https:\/\/colibri-jewels.eu\/et\/toode\/ornad-marquise-diamantkorvarongad-fleur\/#breadcrumb"},"inLanguage":"et","potentialAction":[{"@type":"ReadAction","target":["https:\/\/colibri-jewels.eu\/et\/toode\/ornad-marquise-diamantkorvarongad-fleur\/"]}]},{"@type":"ImageObject","inLanguage":"et","@id":"https:\/\/colibri-jewels.eu\/et\/toode\/ornad-marquise-diamantkorvarongad-fleur\/#primaryimage","url":"https:\/\/colibri-jewels.eu\/wp-content\/uploads\/2025\/01\/white-gold-lab-diamonds-marquise-cut-stud-earrings-E-00621.jpg","contentUrl":"https:\/\/colibri-jewels.eu\/wp-content\/uploads\/2025\/01\/white-gold-lab-diamonds-marquise-cut-stud-earrings-E-00621.jpg","width":1000,"height":1000},{"@type":"BreadcrumbList","@id":"https:\/\/colibri-jewels.eu\/et\/toode\/ornad-marquise-diamantkorvarongad-fleur\/#breadcrumb","itemListElement":[{"@type":"ListItem","position":1,"name":"\u0413\u043b\u0430\u0432\u043d\u0430\u044f \u0441\u0442\u0440\u0430\u043d\u0438\u0446\u0430","item":"https:\/\/colibri-jewels.eu\/et\/"},{"@type":"ListItem","position":2,"name":"Pood","item":"https:\/\/colibri-jewels.eu\/et\/pood\/"},{"@type":"ListItem","position":3,"name":"\u00d5rnad marquise diamantk\u00f5rvar\u00f5ngad &#8220;Fleur&#8221;"}]},{"@type":"WebSite","@id":"https:\/\/colibri-jewels.eu\/et\/#website","url":"https:\/\/colibri-jewels.eu\/et\/","name":"Colibri jewels","description":"jewelry shop","publisher":{"@id":"https:\/\/colibri-jewels.eu\/et\/#organization"},"potentialAction":[{"@type":"SearchAction","target":{"@type":"EntryPoint","urlTemplate":"https:\/\/colibri-jewels.eu\/et\/?s={search_term_string}"},"query-input":{"@type":"PropertyValueSpecification","valueRequired":true,"valueName":"search_term_string"}}],"inLanguage":"et"},{"@type":"Organization","@id":"https:\/\/colibri-jewels.eu\/et\/#organization","name":"O\u00dc Colibri","url":"https:\/\/colibri-jewels.eu\/et\/","logo":{"@type":"ImageObject","inLanguage":"et","@id":"https:\/\/colibri-jewels.eu\/et\/#\/schema\/logo\/image\/","url":"https:\/\/dev.colibri-jewels.eu\/wp-content\/uploads\/2021\/03\/colibri.png","contentUrl":"https:\/\/dev.colibri-jewels.eu\/wp-content\/uploads\/2021\/03\/colibri.png","width":227,"height":130,"caption":"O\u00dc Colibri"},"image":{"@id":"https:\/\/colibri-jewels.eu\/et\/#\/schema\/logo\/image\/"},"sameAs":["https:\/\/www.facebook.com\/colibri.jewels","https:\/\/www.instagram.com\/colibri.jewels","https:\/\/www.tiktok.com\/colibri.jewels"]}]}},"_links":{"self":[{"href":"https:\/\/colibri-jewels.eu\/et\/wp-json\/wp\/v2\/product\/43342","targetHints":{"allow":["GET"]}}],"collection":[{"href":"https:\/\/colibri-jewels.eu\/et\/wp-json\/wp\/v2\/product"}],"about":[{"href":"https:\/\/colibri-jewels.eu\/et\/wp-json\/wp\/v2\/types\/product"}],"replies":[{"embeddable":true,"href":"https:\/\/colibri-jewels.eu\/et\/wp-json\/wp\/v2\/comments?post=43342"}],"version-history":[{"count":0,"href":"https:\/\/colibri-jewels.eu\/et\/wp-json\/wp\/v2\/product\/43342\/revisions"}],"wp:featuredmedia":[{"embeddable":true,"href":"https:\/\/colibri-jewels.eu\/et\/wp-json\/wp\/v2\/media\/43866"}],"wp:attachment":[{"href":"https:\/\/colibri-jewels.eu\/et\/wp-json\/wp\/v2\/media?parent=43342"}],"wp:term":[{"taxonomy":"brand","embeddable":true,"href":"https:\/\/colibri-jewels.eu\/et\/wp-json\/wp\/v2\/etheme_brands?post=43342"},{"taxonomy":"product_brand","embeddable":true,"href":"https:\/\/colibri-jewels.eu\/et\/wp-json\/wp\/v2\/product_brand?post=43342"},{"taxonomy":"product_cat","embeddable":true,"href":"https:\/\/colibri-jewels.eu\/et\/wp-json\/wp\/v2\/product_cat?post=43342"},{"taxonomy":"product_tag","embeddable":true,"href":"https:\/\/colibri-jewels.eu\/et\/wp-json\/wp\/v2\/product_tag?post=43342"}],"curies":[{"name":"wp","href":"https:\/\/api.w.org\/{rel}","templated":true}]}}