{"id":43363,"date":"2024-12-13T17:18:13","date_gmt":"2024-12-13T15:18:13","guid":{"rendered":"https:\/\/dev.colibri-jewels.eu\/?post_type=product&#038;p=43363"},"modified":"2025-03-08T16:43:07","modified_gmt":"2025-03-08T14:43:07","slug":"teemantide-ja-parlitega-kaelakee-aellina-valgest-kullast","status":"publish","type":"product","link":"https:\/\/colibri-jewels.eu\/et\/toode\/teemantide-ja-parlitega-kaelakee-aellina-valgest-kullast\/","title":{"rendered":"Teemantide ja p\u00e4rlitega kaelakee &#8220;Aellina&#8221; valgest kullast"},"content":{"rendered":"<p><strong>Kaelakee &#8220;Aellina&#8221; valgest kullast<\/strong><\/p>\n<p>Elegantne kaelakee suure roosa p\u00e4rliga (15 mm), mida kaunistab graatsiline &#8220;liblikas&#8221;, valmistatud laboris kasvatatud markiis-l\u00f5ikega teemantidest. Kerge ja peen disain t\u00e4iendab kaunist valgest kullast ketti.<\/p>\n<p>Kaelakee &#8220;Aellina&#8221; sobib suurep\u00e4raselt nii pidulikeks \u00f5htuteks kui ka igap\u00e4evaseks kandmiseks, lisades v\u00e4limusele elegantsi ja romantikat.<\/p>\n<p>Tellige kaelakee &#8220;Aellina&#8221; kiire kohaletoimetamisega \u00fcle kogu maailma.<\/p>\n","protected":false},"excerpt":{"rendered":"<p>Valge kuld 14 kt<\/p>\n<p>P\u00e4rl 15 mm.<\/p>\n<p>Lab-teemantid &#8211; 4 tk., &#8220;markiis&#8221; l\u00f5ikega., 0.36 ct, F\/VS2<\/p>\n<p>Kaelaketti kaal 3.33 g.<\/p>\n","protected":false},"featured_media":43566,"comment_status":"open","ping_status":"closed","template":"","meta":[],"etheme_brands":[],"product_brand":[],"product_cat":[470],"product_tag":[476,1255],"class_list":{"0":"post-43363","1":"product","2":"type-product","3":"status-publish","4":"has-post-thumbnail","6":"product_cat-kaelakeed-ja-ripatsid","7":"product_tag-eksklusiivsed-ehted","8":"product_tag-lab-teemantid","10":"first","11":"instock","12":"shipping-taxable","13":"purchasable","14":"product-type-simple"},"acf":[],"yoast_head":"<!-- This site is optimized with the Yoast SEO Premium plugin v26.5 (Yoast SEO v26.8) - https:\/\/yoast.com\/product\/yoast-seo-premium-wordpress\/ -->\n<title>Teemantide ja p\u00e4rlitega kaelakee &quot;Aellina&quot; valgest kullast - Colibri jewels<\/title>\n<meta name=\"robots\" content=\"index, follow, max-snippet:-1, max-image-preview:large, max-video-preview:-1\" \/>\n<link rel=\"canonical\" href=\"https:\/\/colibri-jewels.eu\/et\/toode\/teemantide-ja-parlitega-kaelakee-aellina-valgest-kullast\/\" \/>\n<meta property=\"og:locale\" content=\"et_EE\" \/>\n<meta property=\"og:type\" content=\"article\" \/>\n<meta property=\"og:title\" content=\"Teemantide ja p\u00e4rlitega kaelakee &quot;Aellina&quot; valgest kullast\" \/>\n<meta property=\"og:description\" content=\"Valge kuld 14 kt P\u00e4rl 15 mm. Lab-teemantid - 4 tk., &quot;markiis&quot; l\u00f5ikega., 0.36 ct, F\/VS2 Kaelaketti kaal 3.33 g.\" \/>\n<meta property=\"og:url\" content=\"https:\/\/colibri-jewels.eu\/et\/toode\/teemantide-ja-parlitega-kaelakee-aellina-valgest-kullast\/\" \/>\n<meta property=\"og:site_name\" content=\"Colibri jewels\" \/>\n<meta property=\"article:publisher\" content=\"https:\/\/www.facebook.com\/colibri.jewels\" \/>\n<meta property=\"article:modified_time\" content=\"2025-03-08T14:43:07+00:00\" \/>\n<meta property=\"og:image\" content=\"https:\/\/colibri-jewels.eu\/wp-content\/uploads\/2024\/12\/white-gold-necklace-with-pink-big-pearl-and-lab-marquise-diamonds-Aellina-N-00846.jpg\" \/>\n\t<meta property=\"og:image:width\" content=\"1000\" \/>\n\t<meta property=\"og:image:height\" content=\"1000\" \/>\n\t<meta property=\"og:image:type\" content=\"image\/jpeg\" \/>\n<meta name=\"twitter:card\" content=\"summary_large_image\" \/>\n<script type=\"application\/ld+json\" class=\"yoast-schema-graph\">{\"@context\":\"https:\/\/schema.org\",\"@graph\":[{\"@type\":\"WebPage\",\"@id\":\"https:\/\/colibri-jewels.eu\/et\/toode\/teemantide-ja-parlitega-kaelakee-aellina-valgest-kullast\/\",\"url\":\"https:\/\/colibri-jewels.eu\/et\/toode\/teemantide-ja-parlitega-kaelakee-aellina-valgest-kullast\/\",\"name\":\"Teemantide ja p\u00e4rlitega kaelakee \\\"Aellina\\\" valgest kullast - Colibri jewels\",\"isPartOf\":{\"@id\":\"https:\/\/colibri-jewels.eu\/et\/#website\"},\"primaryImageOfPage\":{\"@id\":\"https:\/\/colibri-jewels.eu\/et\/toode\/teemantide-ja-parlitega-kaelakee-aellina-valgest-kullast\/#primaryimage\"},\"image\":{\"@id\":\"https:\/\/colibri-jewels.eu\/et\/toode\/teemantide-ja-parlitega-kaelakee-aellina-valgest-kullast\/#primaryimage\"},\"thumbnailUrl\":\"https:\/\/colibri-jewels.eu\/wp-content\/uploads\/2024\/12\/white-gold-necklace-with-pink-big-pearl-and-lab-marquise-diamonds-Aellina-N-00846.jpg\",\"datePublished\":\"2024-12-13T15:18:13+00:00\",\"dateModified\":\"2025-03-08T14:43:07+00:00\",\"breadcrumb\":{\"@id\":\"https:\/\/colibri-jewels.eu\/et\/toode\/teemantide-ja-parlitega-kaelakee-aellina-valgest-kullast\/#breadcrumb\"},\"inLanguage\":\"et\",\"potentialAction\":[{\"@type\":\"ReadAction\",\"target\":[\"https:\/\/colibri-jewels.eu\/et\/toode\/teemantide-ja-parlitega-kaelakee-aellina-valgest-kullast\/\"]}]},{\"@type\":\"ImageObject\",\"inLanguage\":\"et\",\"@id\":\"https:\/\/colibri-jewels.eu\/et\/toode\/teemantide-ja-parlitega-kaelakee-aellina-valgest-kullast\/#primaryimage\",\"url\":\"https:\/\/colibri-jewels.eu\/wp-content\/uploads\/2024\/12\/white-gold-necklace-with-pink-big-pearl-and-lab-marquise-diamonds-Aellina-N-00846.jpg\",\"contentUrl\":\"https:\/\/colibri-jewels.eu\/wp-content\/uploads\/2024\/12\/white-gold-necklace-with-pink-big-pearl-and-lab-marquise-diamonds-Aellina-N-00846.jpg\",\"width\":1000,\"height\":1000},{\"@type\":\"BreadcrumbList\",\"@id\":\"https:\/\/colibri-jewels.eu\/et\/toode\/teemantide-ja-parlitega-kaelakee-aellina-valgest-kullast\/#breadcrumb\",\"itemListElement\":[{\"@type\":\"ListItem\",\"position\":1,\"name\":\"\u0413\u043b\u0430\u0432\u043d\u0430\u044f \u0441\u0442\u0440\u0430\u043d\u0438\u0446\u0430\",\"item\":\"https:\/\/colibri-jewels.eu\/et\/\"},{\"@type\":\"ListItem\",\"position\":2,\"name\":\"Pood\",\"item\":\"https:\/\/colibri-jewels.eu\/et\/pood\/\"},{\"@type\":\"ListItem\",\"position\":3,\"name\":\"Teemantide ja p\u00e4rlitega kaelakee &#8220;Aellina&#8221; valgest kullast\"}]},{\"@type\":\"WebSite\",\"@id\":\"https:\/\/colibri-jewels.eu\/et\/#website\",\"url\":\"https:\/\/colibri-jewels.eu\/et\/\",\"name\":\"Colibri jewels\",\"description\":\"jewelry shop\",\"publisher\":{\"@id\":\"https:\/\/colibri-jewels.eu\/et\/#organization\"},\"potentialAction\":[{\"@type\":\"SearchAction\",\"target\":{\"@type\":\"EntryPoint\",\"urlTemplate\":\"https:\/\/colibri-jewels.eu\/et\/?s={search_term_string}\"},\"query-input\":{\"@type\":\"PropertyValueSpecification\",\"valueRequired\":true,\"valueName\":\"search_term_string\"}}],\"inLanguage\":\"et\"},{\"@type\":\"Organization\",\"@id\":\"https:\/\/colibri-jewels.eu\/et\/#organization\",\"name\":\"O\u00dc Colibri\",\"url\":\"https:\/\/colibri-jewels.eu\/et\/\",\"logo\":{\"@type\":\"ImageObject\",\"inLanguage\":\"et\",\"@id\":\"https:\/\/colibri-jewels.eu\/et\/#\/schema\/logo\/image\/\",\"url\":\"https:\/\/dev.colibri-jewels.eu\/wp-content\/uploads\/2021\/03\/colibri.png\",\"contentUrl\":\"https:\/\/dev.colibri-jewels.eu\/wp-content\/uploads\/2021\/03\/colibri.png\",\"width\":227,\"height\":130,\"caption\":\"O\u00dc Colibri\"},\"image\":{\"@id\":\"https:\/\/colibri-jewels.eu\/et\/#\/schema\/logo\/image\/\"},\"sameAs\":[\"https:\/\/www.facebook.com\/colibri.jewels\",\"https:\/\/www.instagram.com\/colibri.jewels\",\"https:\/\/www.tiktok.com\/colibri.jewels\"]}]}<\/script>\n<!-- \/ Yoast SEO Premium plugin. -->","yoast_head_json":{"title":"Teemantide ja p\u00e4rlitega kaelakee \"Aellina\" valgest kullast - Colibri jewels","robots":{"index":"index","follow":"follow","max-snippet":"max-snippet:-1","max-image-preview":"max-image-preview:large","max-video-preview":"max-video-preview:-1"},"canonical":"https:\/\/colibri-jewels.eu\/et\/toode\/teemantide-ja-parlitega-kaelakee-aellina-valgest-kullast\/","og_locale":"et_EE","og_type":"article","og_title":"Teemantide ja p\u00e4rlitega kaelakee \"Aellina\" valgest kullast","og_description":"Valge kuld 14 kt P\u00e4rl 15 mm. Lab-teemantid - 4 tk., \"markiis\" l\u00f5ikega., 0.36 ct, F\/VS2 Kaelaketti kaal 3.33 g.","og_url":"https:\/\/colibri-jewels.eu\/et\/toode\/teemantide-ja-parlitega-kaelakee-aellina-valgest-kullast\/","og_site_name":"Colibri jewels","article_publisher":"https:\/\/www.facebook.com\/colibri.jewels","article_modified_time":"2025-03-08T14:43:07+00:00","og_image":[{"width":1000,"height":1000,"url":"https:\/\/colibri-jewels.eu\/wp-content\/uploads\/2024\/12\/white-gold-necklace-with-pink-big-pearl-and-lab-marquise-diamonds-Aellina-N-00846.jpg","type":"image\/jpeg"}],"twitter_card":"summary_large_image","schema":{"@context":"https:\/\/schema.org","@graph":[{"@type":"WebPage","@id":"https:\/\/colibri-jewels.eu\/et\/toode\/teemantide-ja-parlitega-kaelakee-aellina-valgest-kullast\/","url":"https:\/\/colibri-jewels.eu\/et\/toode\/teemantide-ja-parlitega-kaelakee-aellina-valgest-kullast\/","name":"Teemantide ja p\u00e4rlitega kaelakee \"Aellina\" valgest kullast - Colibri jewels","isPartOf":{"@id":"https:\/\/colibri-jewels.eu\/et\/#website"},"primaryImageOfPage":{"@id":"https:\/\/colibri-jewels.eu\/et\/toode\/teemantide-ja-parlitega-kaelakee-aellina-valgest-kullast\/#primaryimage"},"image":{"@id":"https:\/\/colibri-jewels.eu\/et\/toode\/teemantide-ja-parlitega-kaelakee-aellina-valgest-kullast\/#primaryimage"},"thumbnailUrl":"https:\/\/colibri-jewels.eu\/wp-content\/uploads\/2024\/12\/white-gold-necklace-with-pink-big-pearl-and-lab-marquise-diamonds-Aellina-N-00846.jpg","datePublished":"2024-12-13T15:18:13+00:00","dateModified":"2025-03-08T14:43:07+00:00","breadcrumb":{"@id":"https:\/\/colibri-jewels.eu\/et\/toode\/teemantide-ja-parlitega-kaelakee-aellina-valgest-kullast\/#breadcrumb"},"inLanguage":"et","potentialAction":[{"@type":"ReadAction","target":["https:\/\/colibri-jewels.eu\/et\/toode\/teemantide-ja-parlitega-kaelakee-aellina-valgest-kullast\/"]}]},{"@type":"ImageObject","inLanguage":"et","@id":"https:\/\/colibri-jewels.eu\/et\/toode\/teemantide-ja-parlitega-kaelakee-aellina-valgest-kullast\/#primaryimage","url":"https:\/\/colibri-jewels.eu\/wp-content\/uploads\/2024\/12\/white-gold-necklace-with-pink-big-pearl-and-lab-marquise-diamonds-Aellina-N-00846.jpg","contentUrl":"https:\/\/colibri-jewels.eu\/wp-content\/uploads\/2024\/12\/white-gold-necklace-with-pink-big-pearl-and-lab-marquise-diamonds-Aellina-N-00846.jpg","width":1000,"height":1000},{"@type":"BreadcrumbList","@id":"https:\/\/colibri-jewels.eu\/et\/toode\/teemantide-ja-parlitega-kaelakee-aellina-valgest-kullast\/#breadcrumb","itemListElement":[{"@type":"ListItem","position":1,"name":"\u0413\u043b\u0430\u0432\u043d\u0430\u044f \u0441\u0442\u0440\u0430\u043d\u0438\u0446\u0430","item":"https:\/\/colibri-jewels.eu\/et\/"},{"@type":"ListItem","position":2,"name":"Pood","item":"https:\/\/colibri-jewels.eu\/et\/pood\/"},{"@type":"ListItem","position":3,"name":"Teemantide ja p\u00e4rlitega kaelakee &#8220;Aellina&#8221; valgest kullast"}]},{"@type":"WebSite","@id":"https:\/\/colibri-jewels.eu\/et\/#website","url":"https:\/\/colibri-jewels.eu\/et\/","name":"Colibri jewels","description":"jewelry shop","publisher":{"@id":"https:\/\/colibri-jewels.eu\/et\/#organization"},"potentialAction":[{"@type":"SearchAction","target":{"@type":"EntryPoint","urlTemplate":"https:\/\/colibri-jewels.eu\/et\/?s={search_term_string}"},"query-input":{"@type":"PropertyValueSpecification","valueRequired":true,"valueName":"search_term_string"}}],"inLanguage":"et"},{"@type":"Organization","@id":"https:\/\/colibri-jewels.eu\/et\/#organization","name":"O\u00dc Colibri","url":"https:\/\/colibri-jewels.eu\/et\/","logo":{"@type":"ImageObject","inLanguage":"et","@id":"https:\/\/colibri-jewels.eu\/et\/#\/schema\/logo\/image\/","url":"https:\/\/dev.colibri-jewels.eu\/wp-content\/uploads\/2021\/03\/colibri.png","contentUrl":"https:\/\/dev.colibri-jewels.eu\/wp-content\/uploads\/2021\/03\/colibri.png","width":227,"height":130,"caption":"O\u00dc Colibri"},"image":{"@id":"https:\/\/colibri-jewels.eu\/et\/#\/schema\/logo\/image\/"},"sameAs":["https:\/\/www.facebook.com\/colibri.jewels","https:\/\/www.instagram.com\/colibri.jewels","https:\/\/www.tiktok.com\/colibri.jewels"]}]}},"_links":{"self":[{"href":"https:\/\/colibri-jewels.eu\/et\/wp-json\/wp\/v2\/product\/43363","targetHints":{"allow":["GET"]}}],"collection":[{"href":"https:\/\/colibri-jewels.eu\/et\/wp-json\/wp\/v2\/product"}],"about":[{"href":"https:\/\/colibri-jewels.eu\/et\/wp-json\/wp\/v2\/types\/product"}],"replies":[{"embeddable":true,"href":"https:\/\/colibri-jewels.eu\/et\/wp-json\/wp\/v2\/comments?post=43363"}],"version-history":[{"count":0,"href":"https:\/\/colibri-jewels.eu\/et\/wp-json\/wp\/v2\/product\/43363\/revisions"}],"wp:featuredmedia":[{"embeddable":true,"href":"https:\/\/colibri-jewels.eu\/et\/wp-json\/wp\/v2\/media\/43566"}],"wp:attachment":[{"href":"https:\/\/colibri-jewels.eu\/et\/wp-json\/wp\/v2\/media?parent=43363"}],"wp:term":[{"taxonomy":"brand","embeddable":true,"href":"https:\/\/colibri-jewels.eu\/et\/wp-json\/wp\/v2\/etheme_brands?post=43363"},{"taxonomy":"product_brand","embeddable":true,"href":"https:\/\/colibri-jewels.eu\/et\/wp-json\/wp\/v2\/product_brand?post=43363"},{"taxonomy":"product_cat","embeddable":true,"href":"https:\/\/colibri-jewels.eu\/et\/wp-json\/wp\/v2\/product_cat?post=43363"},{"taxonomy":"product_tag","embeddable":true,"href":"https:\/\/colibri-jewels.eu\/et\/wp-json\/wp\/v2\/product_tag?post=43363"}],"curies":[{"name":"wp","href":"https:\/\/api.w.org\/{rel}","templated":true}]}}