{"id":43374,"date":"2024-12-04T18:37:28","date_gmt":"2024-12-04T16:37:28","guid":{"rendered":"https:\/\/dev.colibri-jewels.eu\/?post_type=product&#038;p=43374"},"modified":"2025-02-26T20:54:10","modified_gmt":"2025-02-26T18:54:10","slug":"valge-kuld-sudamekujulisest-lab-teemantidega-korvarongad-2-karaati","status":"publish","type":"product","link":"https:\/\/colibri-jewels.eu\/et\/toode\/valge-kuld-sudamekujulisest-lab-teemantidega-korvarongad-2-karaati\/","title":{"rendered":"Valgest kullast s\u00fcdamekujulisest laboris kasvatatud teemantidega k\u00f5rvar\u00f5ngad &#8220;Amaya&#8221;"},"content":{"rendered":"<p>Luba endale luksust ja romantikat nende kaunite k\u00f5rvar\u00f5ngastega. Need on valmistatud 585 prooviga valgest kullast ning kaunistatud kahe s\u00e4rava s\u00fcdamekujuliselt lihvitud teemantiga, mis peegeldavad valgust imeliselt ja lisavad igale stiilile elegantsi.<\/p>\n<p>Laboris kasvatatud teemandid on keemiliste, f\u00fc\u00fcsikaliste ja optiliste omaduste poolest looduslikega t\u00e4iesti identsed. Need on teadlik valik, hinnatud nii nende laitmatu s\u00e4ra kui ka eetilise p\u00e4ritolu poolest, kuna nende tootmine ei kahjusta keskkonda.<\/p>\n<p>Kindel kruvikinnitusega lukk tagab mugava kandmise ja hoiab k\u00f5rvar\u00f5ngad turvaliselt paigal, v\u00f5imaldades teil igas olukorras enesekindlalt s\u00e4rada.<\/p>\n<p><strong>Peamised omadused:<\/strong><\/p>\n<ul>\n<li><strong>Materjal:<\/strong> 585 prooviga valge kuld<\/li>\n<li><strong>Kivid:<\/strong> Laboris kasvatatud teemandid<\/li>\n<li><strong>Lihv:<\/strong> S\u00fcda<\/li>\n<li><strong>Kaal:<\/strong> 2 karaati (1 karaat kummaski)<\/li>\n<li><strong>Kinnitus:<\/strong> Kruvikinnitus<\/li>\n<\/ul>\n<p><strong>Miks valida need k\u00f5rvar\u00f5ngad?<\/strong><\/p>\n<ul>\n<li>Romantiline disain, mis s\u00fcmboliseerib armastust ja hellust.<\/li>\n<li>T\u00e4ielikult looduslikele teemantidele vastav kvaliteet.<\/li>\n<li>Eetiline ja keskkonnas\u00f5bralik p\u00e4ritolu.<\/li>\n<li>Ajatu kingitus erilisteks hetkeks v\u00f5i armastuse m\u00e4rgiks.<\/li>\n<\/ul>\n<p>K\u00f5rvar\u00f5ngad kannavad nime <strong data-start=\"2593\" data-end=\"2602\">Amaya<\/strong>, mis t\u00e4hendab <em data-start=\"2617\" data-end=\"2628\">\u201e\u00f6\u00f6vihma\u201d<\/em>. Need kehastavad m\u00fcstilisust, \u00f5rnust ja l\u00fchiajalise, kuid unustamatu ilu v\u00f5lu. Las need muutuvad teie k\u00f5ige kallimate tunnete s\u00fcmboliks \u2014 t\u00e4iuslikuks kombinatsiooniks elegantsist, romantikast ja kaasaegsetest v\u00e4\u00e4rtustest.<\/p>\n<p>Tellige oma ideaalne kingitus &#8220;Colibrist&#8221; ja me teeme teile uued 3-4 n\u00e4dala jooksul.<\/p>\n","protected":false},"excerpt":{"rendered":"<p>Ligikaudne kaal: 3,0 g.<\/p>\n<p>S\u00fcdamega l\u00f5igatud laboriteemandid: 2 ct (umbes 6*6 mm)<\/p>\n<p>Valge kuld 14 kt.<\/p>\n","protected":false},"featured_media":43371,"comment_status":"open","ping_status":"closed","template":"","meta":[],"etheme_brands":[],"product_brand":[],"product_cat":[469],"product_tag":[476,472,1255,499,498],"class_list":{"0":"post-43374","1":"product","2":"type-product","3":"status-publish","4":"has-post-thumbnail","6":"product_cat-korvarongad","7":"product_tag-eksklusiivsed-ehted","8":"product_tag-klassika","9":"product_tag-lab-teemantid","10":"product_tag-romantiline","11":"product_tag-suda","13":"first","14":"onbackorder","15":"shipping-taxable","16":"purchasable","17":"product-type-simple"},"acf":[],"yoast_head":"<!-- This site is optimized with the Yoast SEO Premium plugin v26.5 (Yoast SEO v26.8) - https:\/\/yoast.com\/product\/yoast-seo-premium-wordpress\/ -->\n<title>Valgest kullast s\u00fcdamekujulisest laboris kasvatatud teemantidega k\u00f5rvar\u00f5ngad &quot;Amaya&quot; - Colibri jewels<\/title>\n<meta name=\"description\" content=\"Romantilised valgest kullast k\u00f5rvar\u00f5ngad s\u00fcdamekujuliselt lihvitud laboris kasvatatud teemantidega, kaal 2 karaati. Armastuse ja elegantsi ajatu s\u00fcmbol.\" \/>\n<meta name=\"robots\" content=\"index, follow, max-snippet:-1, max-image-preview:large, max-video-preview:-1\" \/>\n<link rel=\"canonical\" href=\"https:\/\/colibri-jewels.eu\/et\/toode\/valge-kuld-sudamekujulisest-lab-teemantidega-korvarongad-2-karaati\/\" \/>\n<meta property=\"og:locale\" content=\"et_EE\" \/>\n<meta property=\"og:type\" content=\"article\" \/>\n<meta property=\"og:title\" content=\"Valgest kullast s\u00fcdamekujulisest laboris kasvatatud teemantidega k\u00f5rvar\u00f5ngad &quot;Amaya&quot;\" \/>\n<meta property=\"og:description\" content=\"Romantilised valgest kullast k\u00f5rvar\u00f5ngad s\u00fcdamekujuliselt lihvitud laboris kasvatatud teemantidega, kaal 2 karaati. Armastuse ja elegantsi ajatu s\u00fcmbol.\" \/>\n<meta property=\"og:url\" content=\"https:\/\/colibri-jewels.eu\/et\/toode\/valge-kuld-sudamekujulisest-lab-teemantidega-korvarongad-2-karaati\/\" \/>\n<meta property=\"og:site_name\" content=\"Colibri jewels\" \/>\n<meta property=\"article:publisher\" content=\"https:\/\/www.facebook.com\/colibri.jewels\" \/>\n<meta property=\"article:modified_time\" content=\"2025-02-26T18:54:10+00:00\" \/>\n<meta property=\"og:image\" content=\"https:\/\/colibri-jewels.eu\/wp-content\/uploads\/2024\/12\/lab-diamond-heart-shape-white-gold-earrings.jpg\" \/>\n\t<meta property=\"og:image:width\" content=\"1000\" \/>\n\t<meta property=\"og:image:height\" content=\"1000\" \/>\n\t<meta property=\"og:image:type\" content=\"image\/jpeg\" \/>\n<meta name=\"twitter:card\" content=\"summary_large_image\" \/>\n<meta name=\"twitter:label1\" content=\"Est. reading time\" \/>\n\t<meta name=\"twitter:data1\" content=\"1 minut\" \/>\n<script type=\"application\/ld+json\" class=\"yoast-schema-graph\">{\"@context\":\"https:\/\/schema.org\",\"@graph\":[{\"@type\":\"WebPage\",\"@id\":\"https:\/\/colibri-jewels.eu\/et\/toode\/valge-kuld-sudamekujulisest-lab-teemantidega-korvarongad-2-karaati\/\",\"url\":\"https:\/\/colibri-jewels.eu\/et\/toode\/valge-kuld-sudamekujulisest-lab-teemantidega-korvarongad-2-karaati\/\",\"name\":\"Valgest kullast s\u00fcdamekujulisest laboris kasvatatud teemantidega k\u00f5rvar\u00f5ngad \\\"Amaya\\\" - Colibri jewels\",\"isPartOf\":{\"@id\":\"https:\/\/colibri-jewels.eu\/et\/#website\"},\"primaryImageOfPage\":{\"@id\":\"https:\/\/colibri-jewels.eu\/et\/toode\/valge-kuld-sudamekujulisest-lab-teemantidega-korvarongad-2-karaati\/#primaryimage\"},\"image\":{\"@id\":\"https:\/\/colibri-jewels.eu\/et\/toode\/valge-kuld-sudamekujulisest-lab-teemantidega-korvarongad-2-karaati\/#primaryimage\"},\"thumbnailUrl\":\"https:\/\/colibri-jewels.eu\/wp-content\/uploads\/2024\/12\/lab-diamond-heart-shape-white-gold-earrings.jpg\",\"datePublished\":\"2024-12-04T16:37:28+00:00\",\"dateModified\":\"2025-02-26T18:54:10+00:00\",\"description\":\"Romantilised valgest kullast k\u00f5rvar\u00f5ngad s\u00fcdamekujuliselt lihvitud laboris kasvatatud teemantidega, kaal 2 karaati. Armastuse ja elegantsi ajatu s\u00fcmbol.\",\"breadcrumb\":{\"@id\":\"https:\/\/colibri-jewels.eu\/et\/toode\/valge-kuld-sudamekujulisest-lab-teemantidega-korvarongad-2-karaati\/#breadcrumb\"},\"inLanguage\":\"et\",\"potentialAction\":[{\"@type\":\"ReadAction\",\"target\":[\"https:\/\/colibri-jewels.eu\/et\/toode\/valge-kuld-sudamekujulisest-lab-teemantidega-korvarongad-2-karaati\/\"]}]},{\"@type\":\"ImageObject\",\"inLanguage\":\"et\",\"@id\":\"https:\/\/colibri-jewels.eu\/et\/toode\/valge-kuld-sudamekujulisest-lab-teemantidega-korvarongad-2-karaati\/#primaryimage\",\"url\":\"https:\/\/colibri-jewels.eu\/wp-content\/uploads\/2024\/12\/lab-diamond-heart-shape-white-gold-earrings.jpg\",\"contentUrl\":\"https:\/\/colibri-jewels.eu\/wp-content\/uploads\/2024\/12\/lab-diamond-heart-shape-white-gold-earrings.jpg\",\"width\":1000,\"height\":1000},{\"@type\":\"BreadcrumbList\",\"@id\":\"https:\/\/colibri-jewels.eu\/et\/toode\/valge-kuld-sudamekujulisest-lab-teemantidega-korvarongad-2-karaati\/#breadcrumb\",\"itemListElement\":[{\"@type\":\"ListItem\",\"position\":1,\"name\":\"\u0413\u043b\u0430\u0432\u043d\u0430\u044f \u0441\u0442\u0440\u0430\u043d\u0438\u0446\u0430\",\"item\":\"https:\/\/colibri-jewels.eu\/et\/\"},{\"@type\":\"ListItem\",\"position\":2,\"name\":\"Pood\",\"item\":\"https:\/\/colibri-jewels.eu\/et\/pood\/\"},{\"@type\":\"ListItem\",\"position\":3,\"name\":\"Valgest kullast s\u00fcdamekujulisest laboris kasvatatud teemantidega k\u00f5rvar\u00f5ngad &#8220;Amaya&#8221;\"}]},{\"@type\":\"WebSite\",\"@id\":\"https:\/\/colibri-jewels.eu\/et\/#website\",\"url\":\"https:\/\/colibri-jewels.eu\/et\/\",\"name\":\"Colibri jewels\",\"description\":\"jewelry shop\",\"publisher\":{\"@id\":\"https:\/\/colibri-jewels.eu\/et\/#organization\"},\"potentialAction\":[{\"@type\":\"SearchAction\",\"target\":{\"@type\":\"EntryPoint\",\"urlTemplate\":\"https:\/\/colibri-jewels.eu\/et\/?s={search_term_string}\"},\"query-input\":{\"@type\":\"PropertyValueSpecification\",\"valueRequired\":true,\"valueName\":\"search_term_string\"}}],\"inLanguage\":\"et\"},{\"@type\":\"Organization\",\"@id\":\"https:\/\/colibri-jewels.eu\/et\/#organization\",\"name\":\"O\u00dc Colibri\",\"url\":\"https:\/\/colibri-jewels.eu\/et\/\",\"logo\":{\"@type\":\"ImageObject\",\"inLanguage\":\"et\",\"@id\":\"https:\/\/colibri-jewels.eu\/et\/#\/schema\/logo\/image\/\",\"url\":\"https:\/\/dev.colibri-jewels.eu\/wp-content\/uploads\/2021\/03\/colibri.png\",\"contentUrl\":\"https:\/\/dev.colibri-jewels.eu\/wp-content\/uploads\/2021\/03\/colibri.png\",\"width\":227,\"height\":130,\"caption\":\"O\u00dc Colibri\"},\"image\":{\"@id\":\"https:\/\/colibri-jewels.eu\/et\/#\/schema\/logo\/image\/\"},\"sameAs\":[\"https:\/\/www.facebook.com\/colibri.jewels\",\"https:\/\/www.instagram.com\/colibri.jewels\",\"https:\/\/www.tiktok.com\/colibri.jewels\"]}]}<\/script>\n<!-- \/ Yoast SEO Premium plugin. -->","yoast_head_json":{"title":"Valgest kullast s\u00fcdamekujulisest laboris kasvatatud teemantidega k\u00f5rvar\u00f5ngad \"Amaya\" - Colibri jewels","description":"Romantilised valgest kullast k\u00f5rvar\u00f5ngad s\u00fcdamekujuliselt lihvitud laboris kasvatatud teemantidega, kaal 2 karaati. Armastuse ja elegantsi ajatu s\u00fcmbol.","robots":{"index":"index","follow":"follow","max-snippet":"max-snippet:-1","max-image-preview":"max-image-preview:large","max-video-preview":"max-video-preview:-1"},"canonical":"https:\/\/colibri-jewels.eu\/et\/toode\/valge-kuld-sudamekujulisest-lab-teemantidega-korvarongad-2-karaati\/","og_locale":"et_EE","og_type":"article","og_title":"Valgest kullast s\u00fcdamekujulisest laboris kasvatatud teemantidega k\u00f5rvar\u00f5ngad \"Amaya\"","og_description":"Romantilised valgest kullast k\u00f5rvar\u00f5ngad s\u00fcdamekujuliselt lihvitud laboris kasvatatud teemantidega, kaal 2 karaati. Armastuse ja elegantsi ajatu s\u00fcmbol.","og_url":"https:\/\/colibri-jewels.eu\/et\/toode\/valge-kuld-sudamekujulisest-lab-teemantidega-korvarongad-2-karaati\/","og_site_name":"Colibri jewels","article_publisher":"https:\/\/www.facebook.com\/colibri.jewels","article_modified_time":"2025-02-26T18:54:10+00:00","og_image":[{"width":1000,"height":1000,"url":"https:\/\/colibri-jewels.eu\/wp-content\/uploads\/2024\/12\/lab-diamond-heart-shape-white-gold-earrings.jpg","type":"image\/jpeg"}],"twitter_card":"summary_large_image","twitter_misc":{"Est. reading time":"1 minut"},"schema":{"@context":"https:\/\/schema.org","@graph":[{"@type":"WebPage","@id":"https:\/\/colibri-jewels.eu\/et\/toode\/valge-kuld-sudamekujulisest-lab-teemantidega-korvarongad-2-karaati\/","url":"https:\/\/colibri-jewels.eu\/et\/toode\/valge-kuld-sudamekujulisest-lab-teemantidega-korvarongad-2-karaati\/","name":"Valgest kullast s\u00fcdamekujulisest laboris kasvatatud teemantidega k\u00f5rvar\u00f5ngad \"Amaya\" - Colibri jewels","isPartOf":{"@id":"https:\/\/colibri-jewels.eu\/et\/#website"},"primaryImageOfPage":{"@id":"https:\/\/colibri-jewels.eu\/et\/toode\/valge-kuld-sudamekujulisest-lab-teemantidega-korvarongad-2-karaati\/#primaryimage"},"image":{"@id":"https:\/\/colibri-jewels.eu\/et\/toode\/valge-kuld-sudamekujulisest-lab-teemantidega-korvarongad-2-karaati\/#primaryimage"},"thumbnailUrl":"https:\/\/colibri-jewels.eu\/wp-content\/uploads\/2024\/12\/lab-diamond-heart-shape-white-gold-earrings.jpg","datePublished":"2024-12-04T16:37:28+00:00","dateModified":"2025-02-26T18:54:10+00:00","description":"Romantilised valgest kullast k\u00f5rvar\u00f5ngad s\u00fcdamekujuliselt lihvitud laboris kasvatatud teemantidega, kaal 2 karaati. Armastuse ja elegantsi ajatu s\u00fcmbol.","breadcrumb":{"@id":"https:\/\/colibri-jewels.eu\/et\/toode\/valge-kuld-sudamekujulisest-lab-teemantidega-korvarongad-2-karaati\/#breadcrumb"},"inLanguage":"et","potentialAction":[{"@type":"ReadAction","target":["https:\/\/colibri-jewels.eu\/et\/toode\/valge-kuld-sudamekujulisest-lab-teemantidega-korvarongad-2-karaati\/"]}]},{"@type":"ImageObject","inLanguage":"et","@id":"https:\/\/colibri-jewels.eu\/et\/toode\/valge-kuld-sudamekujulisest-lab-teemantidega-korvarongad-2-karaati\/#primaryimage","url":"https:\/\/colibri-jewels.eu\/wp-content\/uploads\/2024\/12\/lab-diamond-heart-shape-white-gold-earrings.jpg","contentUrl":"https:\/\/colibri-jewels.eu\/wp-content\/uploads\/2024\/12\/lab-diamond-heart-shape-white-gold-earrings.jpg","width":1000,"height":1000},{"@type":"BreadcrumbList","@id":"https:\/\/colibri-jewels.eu\/et\/toode\/valge-kuld-sudamekujulisest-lab-teemantidega-korvarongad-2-karaati\/#breadcrumb","itemListElement":[{"@type":"ListItem","position":1,"name":"\u0413\u043b\u0430\u0432\u043d\u0430\u044f \u0441\u0442\u0440\u0430\u043d\u0438\u0446\u0430","item":"https:\/\/colibri-jewels.eu\/et\/"},{"@type":"ListItem","position":2,"name":"Pood","item":"https:\/\/colibri-jewels.eu\/et\/pood\/"},{"@type":"ListItem","position":3,"name":"Valgest kullast s\u00fcdamekujulisest laboris kasvatatud teemantidega k\u00f5rvar\u00f5ngad &#8220;Amaya&#8221;"}]},{"@type":"WebSite","@id":"https:\/\/colibri-jewels.eu\/et\/#website","url":"https:\/\/colibri-jewels.eu\/et\/","name":"Colibri jewels","description":"jewelry shop","publisher":{"@id":"https:\/\/colibri-jewels.eu\/et\/#organization"},"potentialAction":[{"@type":"SearchAction","target":{"@type":"EntryPoint","urlTemplate":"https:\/\/colibri-jewels.eu\/et\/?s={search_term_string}"},"query-input":{"@type":"PropertyValueSpecification","valueRequired":true,"valueName":"search_term_string"}}],"inLanguage":"et"},{"@type":"Organization","@id":"https:\/\/colibri-jewels.eu\/et\/#organization","name":"O\u00dc Colibri","url":"https:\/\/colibri-jewels.eu\/et\/","logo":{"@type":"ImageObject","inLanguage":"et","@id":"https:\/\/colibri-jewels.eu\/et\/#\/schema\/logo\/image\/","url":"https:\/\/dev.colibri-jewels.eu\/wp-content\/uploads\/2021\/03\/colibri.png","contentUrl":"https:\/\/dev.colibri-jewels.eu\/wp-content\/uploads\/2021\/03\/colibri.png","width":227,"height":130,"caption":"O\u00dc Colibri"},"image":{"@id":"https:\/\/colibri-jewels.eu\/et\/#\/schema\/logo\/image\/"},"sameAs":["https:\/\/www.facebook.com\/colibri.jewels","https:\/\/www.instagram.com\/colibri.jewels","https:\/\/www.tiktok.com\/colibri.jewels"]}]}},"_links":{"self":[{"href":"https:\/\/colibri-jewels.eu\/et\/wp-json\/wp\/v2\/product\/43374","targetHints":{"allow":["GET"]}}],"collection":[{"href":"https:\/\/colibri-jewels.eu\/et\/wp-json\/wp\/v2\/product"}],"about":[{"href":"https:\/\/colibri-jewels.eu\/et\/wp-json\/wp\/v2\/types\/product"}],"replies":[{"embeddable":true,"href":"https:\/\/colibri-jewels.eu\/et\/wp-json\/wp\/v2\/comments?post=43374"}],"version-history":[{"count":0,"href":"https:\/\/colibri-jewels.eu\/et\/wp-json\/wp\/v2\/product\/43374\/revisions"}],"wp:featuredmedia":[{"embeddable":true,"href":"https:\/\/colibri-jewels.eu\/et\/wp-json\/wp\/v2\/media\/43371"}],"wp:attachment":[{"href":"https:\/\/colibri-jewels.eu\/et\/wp-json\/wp\/v2\/media?parent=43374"}],"wp:term":[{"taxonomy":"brand","embeddable":true,"href":"https:\/\/colibri-jewels.eu\/et\/wp-json\/wp\/v2\/etheme_brands?post=43374"},{"taxonomy":"product_brand","embeddable":true,"href":"https:\/\/colibri-jewels.eu\/et\/wp-json\/wp\/v2\/product_brand?post=43374"},{"taxonomy":"product_cat","embeddable":true,"href":"https:\/\/colibri-jewels.eu\/et\/wp-json\/wp\/v2\/product_cat?post=43374"},{"taxonomy":"product_tag","embeddable":true,"href":"https:\/\/colibri-jewels.eu\/et\/wp-json\/wp\/v2\/product_tag?post=43374"}],"curies":[{"name":"wp","href":"https:\/\/api.w.org\/{rel}","templated":true}]}}