{"id":43555,"date":"2024-12-13T11:55:56","date_gmt":"2024-12-13T09:55:56","guid":{"rendered":"https:\/\/dev.colibri-jewels.eu\/?post_type=product&#038;p=43555"},"modified":"2025-01-10T18:00:59","modified_gmt":"2025-01-10T16:00:59","slug":"hobesormus-kuldse-plaadiga-amira","status":"publish","type":"product","link":"https:\/\/colibri-jewels.eu\/et\/toode\/hobesormus-kuldse-plaadiga-amira\/","title":{"rendered":"H\u00f5bes\u00f5rmus kuldse plaadiga &#8220;Amira&#8221;"},"content":{"rendered":"<p>Lai stiilne s\u00f5rmus, mis on \u00fchendatud nelja liiduga. See n\u00e4eb v\u00e4lja nagu neli s\u00f5rmust \u00fches! Kuldne plaat lisab kompositsioonile elegantsi ja kontrasti. Kuldse elemendi kaal 0,15 grammi (kuld 14 kt). S\u00f5rmuse keskmine kaal 4,77 grammi, kui laos olev suurus teile ei sobi &#8211; tellige oma! <\/p>\n<p> Tootmine v\u00f5tab aega 4-5 n\u00e4dalat.<\/p>\n","protected":false},"excerpt":{"rendered":"<p>Lai stiilne s\u00f5rmus, mis on \u00fchendatud nelja liiduga. See n\u00e4eb v\u00e4lja nagu neli s\u00f5rmust \u00fches! Kuldne plaat lisab kompositsioonile elegantsi ja kontrasti. Kuldse elemendi kaal&#8230;<\/p>\n","protected":false},"featured_media":43457,"comment_status":"open","ping_status":"closed","template":"","meta":[],"etheme_brands":[],"product_brand":[],"product_cat":[471],"product_tag":[],"class_list":{"0":"post-43555","1":"product","2":"type-product","3":"status-publish","4":"has-post-thumbnail","6":"product_cat-sormused","8":"first","9":"instock","10":"shipping-taxable","11":"purchasable","12":"product-type-simple"},"acf":[],"yoast_head":"<!-- This site is optimized with the Yoast SEO Premium plugin v26.5 (Yoast SEO v26.8) - https:\/\/yoast.com\/product\/yoast-seo-premium-wordpress\/ -->\n<title>H\u00f5bes\u00f5rmus kuldse plaadiga &quot;Amira&quot; - Colibri jewels<\/title>\n<meta name=\"robots\" content=\"index, follow, max-snippet:-1, max-image-preview:large, max-video-preview:-1\" \/>\n<link rel=\"canonical\" href=\"https:\/\/colibri-jewels.eu\/et\/toode\/hobesormus-kuldse-plaadiga-amira\/\" \/>\n<meta property=\"og:locale\" content=\"et_EE\" \/>\n<meta property=\"og:type\" content=\"article\" \/>\n<meta property=\"og:title\" content=\"H\u00f5bes\u00f5rmus kuldse plaadiga &quot;Amira&quot;\" \/>\n<meta property=\"og:description\" content=\"Lai stiilne s\u00f5rmus, mis on \u00fchendatud nelja liiduga. See n\u00e4eb v\u00e4lja nagu neli s\u00f5rmust \u00fches! Kuldne plaat lisab kompositsioonile elegantsi ja kontrasti. Kuldse elemendi kaal...\" \/>\n<meta property=\"og:url\" content=\"https:\/\/colibri-jewels.eu\/et\/toode\/hobesormus-kuldse-plaadiga-amira\/\" \/>\n<meta property=\"og:site_name\" content=\"Colibri jewels\" \/>\n<meta property=\"article:publisher\" content=\"https:\/\/www.facebook.com\/colibri.jewels\" \/>\n<meta property=\"article:modified_time\" content=\"2025-01-10T16:00:59+00:00\" \/>\n<meta property=\"og:image\" content=\"https:\/\/colibri-jewels.eu\/wp-content\/uploads\/2024\/12\/silver-ring-with-gold-plate-insert-Amira.jpg\" \/>\n\t<meta property=\"og:image:width\" content=\"1000\" \/>\n\t<meta property=\"og:image:height\" content=\"1000\" \/>\n\t<meta property=\"og:image:type\" content=\"image\/jpeg\" \/>\n<meta name=\"twitter:card\" content=\"summary_large_image\" \/>\n<script type=\"application\/ld+json\" class=\"yoast-schema-graph\">{\"@context\":\"https:\/\/schema.org\",\"@graph\":[{\"@type\":\"WebPage\",\"@id\":\"https:\/\/colibri-jewels.eu\/et\/toode\/hobesormus-kuldse-plaadiga-amira\/\",\"url\":\"https:\/\/colibri-jewels.eu\/et\/toode\/hobesormus-kuldse-plaadiga-amira\/\",\"name\":\"H\u00f5bes\u00f5rmus kuldse plaadiga \\\"Amira\\\" - Colibri jewels\",\"isPartOf\":{\"@id\":\"https:\/\/colibri-jewels.eu\/et\/#website\"},\"primaryImageOfPage\":{\"@id\":\"https:\/\/colibri-jewels.eu\/et\/toode\/hobesormus-kuldse-plaadiga-amira\/#primaryimage\"},\"image\":{\"@id\":\"https:\/\/colibri-jewels.eu\/et\/toode\/hobesormus-kuldse-plaadiga-amira\/#primaryimage\"},\"thumbnailUrl\":\"https:\/\/colibri-jewels.eu\/wp-content\/uploads\/2024\/12\/silver-ring-with-gold-plate-insert-Amira.jpg\",\"datePublished\":\"2024-12-13T09:55:56+00:00\",\"dateModified\":\"2025-01-10T16:00:59+00:00\",\"breadcrumb\":{\"@id\":\"https:\/\/colibri-jewels.eu\/et\/toode\/hobesormus-kuldse-plaadiga-amira\/#breadcrumb\"},\"inLanguage\":\"et\",\"potentialAction\":[{\"@type\":\"ReadAction\",\"target\":[\"https:\/\/colibri-jewels.eu\/et\/toode\/hobesormus-kuldse-plaadiga-amira\/\"]}]},{\"@type\":\"ImageObject\",\"inLanguage\":\"et\",\"@id\":\"https:\/\/colibri-jewels.eu\/et\/toode\/hobesormus-kuldse-plaadiga-amira\/#primaryimage\",\"url\":\"https:\/\/colibri-jewels.eu\/wp-content\/uploads\/2024\/12\/silver-ring-with-gold-plate-insert-Amira.jpg\",\"contentUrl\":\"https:\/\/colibri-jewels.eu\/wp-content\/uploads\/2024\/12\/silver-ring-with-gold-plate-insert-Amira.jpg\",\"width\":1000,\"height\":1000},{\"@type\":\"BreadcrumbList\",\"@id\":\"https:\/\/colibri-jewels.eu\/et\/toode\/hobesormus-kuldse-plaadiga-amira\/#breadcrumb\",\"itemListElement\":[{\"@type\":\"ListItem\",\"position\":1,\"name\":\"\u0413\u043b\u0430\u0432\u043d\u0430\u044f \u0441\u0442\u0440\u0430\u043d\u0438\u0446\u0430\",\"item\":\"https:\/\/colibri-jewels.eu\/et\/\"},{\"@type\":\"ListItem\",\"position\":2,\"name\":\"Pood\",\"item\":\"https:\/\/colibri-jewels.eu\/et\/pood\/\"},{\"@type\":\"ListItem\",\"position\":3,\"name\":\"H\u00f5bes\u00f5rmus kuldse plaadiga &#8220;Amira&#8221;\"}]},{\"@type\":\"WebSite\",\"@id\":\"https:\/\/colibri-jewels.eu\/et\/#website\",\"url\":\"https:\/\/colibri-jewels.eu\/et\/\",\"name\":\"Colibri jewels\",\"description\":\"jewelry shop\",\"publisher\":{\"@id\":\"https:\/\/colibri-jewels.eu\/et\/#organization\"},\"potentialAction\":[{\"@type\":\"SearchAction\",\"target\":{\"@type\":\"EntryPoint\",\"urlTemplate\":\"https:\/\/colibri-jewels.eu\/et\/?s={search_term_string}\"},\"query-input\":{\"@type\":\"PropertyValueSpecification\",\"valueRequired\":true,\"valueName\":\"search_term_string\"}}],\"inLanguage\":\"et\"},{\"@type\":\"Organization\",\"@id\":\"https:\/\/colibri-jewels.eu\/et\/#organization\",\"name\":\"O\u00dc Colibri\",\"url\":\"https:\/\/colibri-jewels.eu\/et\/\",\"logo\":{\"@type\":\"ImageObject\",\"inLanguage\":\"et\",\"@id\":\"https:\/\/colibri-jewels.eu\/et\/#\/schema\/logo\/image\/\",\"url\":\"https:\/\/dev.colibri-jewels.eu\/wp-content\/uploads\/2021\/03\/colibri.png\",\"contentUrl\":\"https:\/\/dev.colibri-jewels.eu\/wp-content\/uploads\/2021\/03\/colibri.png\",\"width\":227,\"height\":130,\"caption\":\"O\u00dc Colibri\"},\"image\":{\"@id\":\"https:\/\/colibri-jewels.eu\/et\/#\/schema\/logo\/image\/\"},\"sameAs\":[\"https:\/\/www.facebook.com\/colibri.jewels\",\"https:\/\/www.instagram.com\/colibri.jewels\",\"https:\/\/www.tiktok.com\/colibri.jewels\"]}]}<\/script>\n<!-- \/ Yoast SEO Premium plugin. -->","yoast_head_json":{"title":"H\u00f5bes\u00f5rmus kuldse plaadiga \"Amira\" - Colibri jewels","robots":{"index":"index","follow":"follow","max-snippet":"max-snippet:-1","max-image-preview":"max-image-preview:large","max-video-preview":"max-video-preview:-1"},"canonical":"https:\/\/colibri-jewels.eu\/et\/toode\/hobesormus-kuldse-plaadiga-amira\/","og_locale":"et_EE","og_type":"article","og_title":"H\u00f5bes\u00f5rmus kuldse plaadiga \"Amira\"","og_description":"Lai stiilne s\u00f5rmus, mis on \u00fchendatud nelja liiduga. See n\u00e4eb v\u00e4lja nagu neli s\u00f5rmust \u00fches! Kuldne plaat lisab kompositsioonile elegantsi ja kontrasti. Kuldse elemendi kaal...","og_url":"https:\/\/colibri-jewels.eu\/et\/toode\/hobesormus-kuldse-plaadiga-amira\/","og_site_name":"Colibri jewels","article_publisher":"https:\/\/www.facebook.com\/colibri.jewels","article_modified_time":"2025-01-10T16:00:59+00:00","og_image":[{"width":1000,"height":1000,"url":"https:\/\/colibri-jewels.eu\/wp-content\/uploads\/2024\/12\/silver-ring-with-gold-plate-insert-Amira.jpg","type":"image\/jpeg"}],"twitter_card":"summary_large_image","schema":{"@context":"https:\/\/schema.org","@graph":[{"@type":"WebPage","@id":"https:\/\/colibri-jewels.eu\/et\/toode\/hobesormus-kuldse-plaadiga-amira\/","url":"https:\/\/colibri-jewels.eu\/et\/toode\/hobesormus-kuldse-plaadiga-amira\/","name":"H\u00f5bes\u00f5rmus kuldse plaadiga \"Amira\" - Colibri jewels","isPartOf":{"@id":"https:\/\/colibri-jewels.eu\/et\/#website"},"primaryImageOfPage":{"@id":"https:\/\/colibri-jewels.eu\/et\/toode\/hobesormus-kuldse-plaadiga-amira\/#primaryimage"},"image":{"@id":"https:\/\/colibri-jewels.eu\/et\/toode\/hobesormus-kuldse-plaadiga-amira\/#primaryimage"},"thumbnailUrl":"https:\/\/colibri-jewels.eu\/wp-content\/uploads\/2024\/12\/silver-ring-with-gold-plate-insert-Amira.jpg","datePublished":"2024-12-13T09:55:56+00:00","dateModified":"2025-01-10T16:00:59+00:00","breadcrumb":{"@id":"https:\/\/colibri-jewels.eu\/et\/toode\/hobesormus-kuldse-plaadiga-amira\/#breadcrumb"},"inLanguage":"et","potentialAction":[{"@type":"ReadAction","target":["https:\/\/colibri-jewels.eu\/et\/toode\/hobesormus-kuldse-plaadiga-amira\/"]}]},{"@type":"ImageObject","inLanguage":"et","@id":"https:\/\/colibri-jewels.eu\/et\/toode\/hobesormus-kuldse-plaadiga-amira\/#primaryimage","url":"https:\/\/colibri-jewels.eu\/wp-content\/uploads\/2024\/12\/silver-ring-with-gold-plate-insert-Amira.jpg","contentUrl":"https:\/\/colibri-jewels.eu\/wp-content\/uploads\/2024\/12\/silver-ring-with-gold-plate-insert-Amira.jpg","width":1000,"height":1000},{"@type":"BreadcrumbList","@id":"https:\/\/colibri-jewels.eu\/et\/toode\/hobesormus-kuldse-plaadiga-amira\/#breadcrumb","itemListElement":[{"@type":"ListItem","position":1,"name":"\u0413\u043b\u0430\u0432\u043d\u0430\u044f \u0441\u0442\u0440\u0430\u043d\u0438\u0446\u0430","item":"https:\/\/colibri-jewels.eu\/et\/"},{"@type":"ListItem","position":2,"name":"Pood","item":"https:\/\/colibri-jewels.eu\/et\/pood\/"},{"@type":"ListItem","position":3,"name":"H\u00f5bes\u00f5rmus kuldse plaadiga &#8220;Amira&#8221;"}]},{"@type":"WebSite","@id":"https:\/\/colibri-jewels.eu\/et\/#website","url":"https:\/\/colibri-jewels.eu\/et\/","name":"Colibri jewels","description":"jewelry shop","publisher":{"@id":"https:\/\/colibri-jewels.eu\/et\/#organization"},"potentialAction":[{"@type":"SearchAction","target":{"@type":"EntryPoint","urlTemplate":"https:\/\/colibri-jewels.eu\/et\/?s={search_term_string}"},"query-input":{"@type":"PropertyValueSpecification","valueRequired":true,"valueName":"search_term_string"}}],"inLanguage":"et"},{"@type":"Organization","@id":"https:\/\/colibri-jewels.eu\/et\/#organization","name":"O\u00dc Colibri","url":"https:\/\/colibri-jewels.eu\/et\/","logo":{"@type":"ImageObject","inLanguage":"et","@id":"https:\/\/colibri-jewels.eu\/et\/#\/schema\/logo\/image\/","url":"https:\/\/dev.colibri-jewels.eu\/wp-content\/uploads\/2021\/03\/colibri.png","contentUrl":"https:\/\/dev.colibri-jewels.eu\/wp-content\/uploads\/2021\/03\/colibri.png","width":227,"height":130,"caption":"O\u00dc Colibri"},"image":{"@id":"https:\/\/colibri-jewels.eu\/et\/#\/schema\/logo\/image\/"},"sameAs":["https:\/\/www.facebook.com\/colibri.jewels","https:\/\/www.instagram.com\/colibri.jewels","https:\/\/www.tiktok.com\/colibri.jewels"]}]}},"_links":{"self":[{"href":"https:\/\/colibri-jewels.eu\/et\/wp-json\/wp\/v2\/product\/43555","targetHints":{"allow":["GET"]}}],"collection":[{"href":"https:\/\/colibri-jewels.eu\/et\/wp-json\/wp\/v2\/product"}],"about":[{"href":"https:\/\/colibri-jewels.eu\/et\/wp-json\/wp\/v2\/types\/product"}],"replies":[{"embeddable":true,"href":"https:\/\/colibri-jewels.eu\/et\/wp-json\/wp\/v2\/comments?post=43555"}],"version-history":[{"count":0,"href":"https:\/\/colibri-jewels.eu\/et\/wp-json\/wp\/v2\/product\/43555\/revisions"}],"wp:featuredmedia":[{"embeddable":true,"href":"https:\/\/colibri-jewels.eu\/et\/wp-json\/wp\/v2\/media\/43457"}],"wp:attachment":[{"href":"https:\/\/colibri-jewels.eu\/et\/wp-json\/wp\/v2\/media?parent=43555"}],"wp:term":[{"taxonomy":"brand","embeddable":true,"href":"https:\/\/colibri-jewels.eu\/et\/wp-json\/wp\/v2\/etheme_brands?post=43555"},{"taxonomy":"product_brand","embeddable":true,"href":"https:\/\/colibri-jewels.eu\/et\/wp-json\/wp\/v2\/product_brand?post=43555"},{"taxonomy":"product_cat","embeddable":true,"href":"https:\/\/colibri-jewels.eu\/et\/wp-json\/wp\/v2\/product_cat?post=43555"},{"taxonomy":"product_tag","embeddable":true,"href":"https:\/\/colibri-jewels.eu\/et\/wp-json\/wp\/v2\/product_tag?post=43555"}],"curies":[{"name":"wp","href":"https:\/\/api.w.org\/{rel}","templated":true}]}}