{"id":43558,"date":"2024-12-13T12:20:24","date_gmt":"2024-12-13T10:20:24","guid":{"rendered":"https:\/\/dev.colibri-jewels.eu\/?post_type=product&#038;p=43558"},"modified":"2024-12-15T13:43:43","modified_gmt":"2024-12-15T11:43:43","slug":"langetavad-ja-rippuvad-hobedased-korvarongad-laikivate-kristallide-ja-kuldplaatidega-viktoria","status":"publish","type":"product","link":"https:\/\/colibri-jewels.eu\/et\/toode\/langetavad-ja-rippuvad-hobedased-korvarongad-laikivate-kristallide-ja-kuldplaatidega-viktoria\/","title":{"rendered":"Langetavad ja rippuvad h\u00f5bedased k\u00f5rvar\u00f5ngad l\u00e4ikivate kristallide ja kuldplaatidega &#8220;Viktoria&#8221;"},"content":{"rendered":"<p>Need rippuvad h\u00f5bedased k\u00f5rvar\u00f5ngad l\u00e4ikivate tilgakujuliste kristallide ja kuldplaatidega &#8220;Viktoria&#8221; saavad kindlasti \u00fcheks Sinu lemmikuks! Elegantne l\u00e4ige, \u00f5rnad kristalltilgad ja kuldne plaat pealispinnal muudavad need sobivaks aksessuaariks peaaegu igaks s\u00fcndmuseks! Kanna neid koos p\u00e4rlikeega n\u00e4iteks ehete kokteilivariandina v\u00f5i m\u00f5ne lakoonilise ripatsiga igap\u00e4evaelus.  <\/p>\n<p>&nbsp;<\/p>\n","protected":false},"excerpt":{"rendered":"<p>Kuldsed plaadid kaaluvad 0,08 grammi.<\/p>\n<p>K\u00f5rvar\u00f5ngaste keskmine kaal &#8211; 6,77 grammi, suurus &#8211; 3 cm.<\/p>\n","protected":false},"featured_media":43427,"comment_status":"open","ping_status":"closed","template":"","meta":[],"etheme_brands":[],"product_brand":[],"product_cat":[469],"product_tag":[],"class_list":{"0":"post-43558","1":"product","2":"type-product","3":"status-publish","4":"has-post-thumbnail","6":"product_cat-korvarongad","8":"first","9":"instock","10":"shipping-taxable","11":"purchasable","12":"product-type-simple"},"acf":[],"yoast_head":"<!-- This site is optimized with the Yoast SEO Premium plugin v26.5 (Yoast SEO v26.8) - https:\/\/yoast.com\/product\/yoast-seo-premium-wordpress\/ -->\n<title>Langetavad ja rippuvad h\u00f5bedased k\u00f5rvar\u00f5ngad l\u00e4ikivate kristallide ja kuldplaatidega &quot;Viktoria&quot; - Colibri jewels<\/title>\n<meta name=\"robots\" content=\"index, follow, max-snippet:-1, max-image-preview:large, max-video-preview:-1\" \/>\n<link rel=\"canonical\" href=\"https:\/\/colibri-jewels.eu\/et\/toode\/langetavad-ja-rippuvad-hobedased-korvarongad-laikivate-kristallide-ja-kuldplaatidega-viktoria\/\" \/>\n<meta property=\"og:locale\" content=\"et_EE\" \/>\n<meta property=\"og:type\" content=\"article\" \/>\n<meta property=\"og:title\" content=\"Langetavad ja rippuvad h\u00f5bedased k\u00f5rvar\u00f5ngad l\u00e4ikivate kristallide ja kuldplaatidega &quot;Viktoria&quot;\" \/>\n<meta property=\"og:description\" content=\"Kuldsed plaadid kaaluvad 0,08 grammi. K\u00f5rvar\u00f5ngaste keskmine kaal - 6,77 grammi, suurus - 3 cm.\" \/>\n<meta property=\"og:url\" content=\"https:\/\/colibri-jewels.eu\/et\/toode\/langetavad-ja-rippuvad-hobedased-korvarongad-laikivate-kristallide-ja-kuldplaatidega-viktoria\/\" \/>\n<meta property=\"og:site_name\" content=\"Colibri jewels\" \/>\n<meta property=\"article:publisher\" content=\"https:\/\/www.facebook.com\/colibri.jewels\" \/>\n<meta property=\"article:modified_time\" content=\"2024-12-15T11:43:43+00:00\" \/>\n<meta property=\"og:image\" content=\"https:\/\/colibri-jewels.eu\/wp-content\/uploads\/2024\/12\/silver-earrings-with-gold-plate-insert-Victoria.jpg\" \/>\n\t<meta property=\"og:image:width\" content=\"1000\" \/>\n\t<meta property=\"og:image:height\" content=\"1000\" \/>\n\t<meta property=\"og:image:type\" content=\"image\/jpeg\" \/>\n<meta name=\"twitter:card\" content=\"summary_large_image\" \/>\n<script type=\"application\/ld+json\" class=\"yoast-schema-graph\">{\"@context\":\"https:\/\/schema.org\",\"@graph\":[{\"@type\":\"WebPage\",\"@id\":\"https:\/\/colibri-jewels.eu\/et\/toode\/langetavad-ja-rippuvad-hobedased-korvarongad-laikivate-kristallide-ja-kuldplaatidega-viktoria\/\",\"url\":\"https:\/\/colibri-jewels.eu\/et\/toode\/langetavad-ja-rippuvad-hobedased-korvarongad-laikivate-kristallide-ja-kuldplaatidega-viktoria\/\",\"name\":\"Langetavad ja rippuvad h\u00f5bedased k\u00f5rvar\u00f5ngad l\u00e4ikivate kristallide ja kuldplaatidega \\\"Viktoria\\\" - Colibri jewels\",\"isPartOf\":{\"@id\":\"https:\/\/colibri-jewels.eu\/et\/#website\"},\"primaryImageOfPage\":{\"@id\":\"https:\/\/colibri-jewels.eu\/et\/toode\/langetavad-ja-rippuvad-hobedased-korvarongad-laikivate-kristallide-ja-kuldplaatidega-viktoria\/#primaryimage\"},\"image\":{\"@id\":\"https:\/\/colibri-jewels.eu\/et\/toode\/langetavad-ja-rippuvad-hobedased-korvarongad-laikivate-kristallide-ja-kuldplaatidega-viktoria\/#primaryimage\"},\"thumbnailUrl\":\"https:\/\/colibri-jewels.eu\/wp-content\/uploads\/2024\/12\/silver-earrings-with-gold-plate-insert-Victoria.jpg\",\"datePublished\":\"2024-12-13T10:20:24+00:00\",\"dateModified\":\"2024-12-15T11:43:43+00:00\",\"breadcrumb\":{\"@id\":\"https:\/\/colibri-jewels.eu\/et\/toode\/langetavad-ja-rippuvad-hobedased-korvarongad-laikivate-kristallide-ja-kuldplaatidega-viktoria\/#breadcrumb\"},\"inLanguage\":\"et\",\"potentialAction\":[{\"@type\":\"ReadAction\",\"target\":[\"https:\/\/colibri-jewels.eu\/et\/toode\/langetavad-ja-rippuvad-hobedased-korvarongad-laikivate-kristallide-ja-kuldplaatidega-viktoria\/\"]}]},{\"@type\":\"ImageObject\",\"inLanguage\":\"et\",\"@id\":\"https:\/\/colibri-jewels.eu\/et\/toode\/langetavad-ja-rippuvad-hobedased-korvarongad-laikivate-kristallide-ja-kuldplaatidega-viktoria\/#primaryimage\",\"url\":\"https:\/\/colibri-jewels.eu\/wp-content\/uploads\/2024\/12\/silver-earrings-with-gold-plate-insert-Victoria.jpg\",\"contentUrl\":\"https:\/\/colibri-jewels.eu\/wp-content\/uploads\/2024\/12\/silver-earrings-with-gold-plate-insert-Victoria.jpg\",\"width\":1000,\"height\":1000},{\"@type\":\"BreadcrumbList\",\"@id\":\"https:\/\/colibri-jewels.eu\/et\/toode\/langetavad-ja-rippuvad-hobedased-korvarongad-laikivate-kristallide-ja-kuldplaatidega-viktoria\/#breadcrumb\",\"itemListElement\":[{\"@type\":\"ListItem\",\"position\":1,\"name\":\"\u0413\u043b\u0430\u0432\u043d\u0430\u044f \u0441\u0442\u0440\u0430\u043d\u0438\u0446\u0430\",\"item\":\"https:\/\/colibri-jewels.eu\/et\/\"},{\"@type\":\"ListItem\",\"position\":2,\"name\":\"Pood\",\"item\":\"https:\/\/colibri-jewels.eu\/et\/pood\/\"},{\"@type\":\"ListItem\",\"position\":3,\"name\":\"Langetavad ja rippuvad h\u00f5bedased k\u00f5rvar\u00f5ngad l\u00e4ikivate kristallide ja kuldplaatidega &#8220;Viktoria&#8221;\"}]},{\"@type\":\"WebSite\",\"@id\":\"https:\/\/colibri-jewels.eu\/et\/#website\",\"url\":\"https:\/\/colibri-jewels.eu\/et\/\",\"name\":\"Colibri jewels\",\"description\":\"jewelry shop\",\"publisher\":{\"@id\":\"https:\/\/colibri-jewels.eu\/et\/#organization\"},\"potentialAction\":[{\"@type\":\"SearchAction\",\"target\":{\"@type\":\"EntryPoint\",\"urlTemplate\":\"https:\/\/colibri-jewels.eu\/et\/?s={search_term_string}\"},\"query-input\":{\"@type\":\"PropertyValueSpecification\",\"valueRequired\":true,\"valueName\":\"search_term_string\"}}],\"inLanguage\":\"et\"},{\"@type\":\"Organization\",\"@id\":\"https:\/\/colibri-jewels.eu\/et\/#organization\",\"name\":\"O\u00dc Colibri\",\"url\":\"https:\/\/colibri-jewels.eu\/et\/\",\"logo\":{\"@type\":\"ImageObject\",\"inLanguage\":\"et\",\"@id\":\"https:\/\/colibri-jewels.eu\/et\/#\/schema\/logo\/image\/\",\"url\":\"https:\/\/dev.colibri-jewels.eu\/wp-content\/uploads\/2021\/03\/colibri.png\",\"contentUrl\":\"https:\/\/dev.colibri-jewels.eu\/wp-content\/uploads\/2021\/03\/colibri.png\",\"width\":227,\"height\":130,\"caption\":\"O\u00dc Colibri\"},\"image\":{\"@id\":\"https:\/\/colibri-jewels.eu\/et\/#\/schema\/logo\/image\/\"},\"sameAs\":[\"https:\/\/www.facebook.com\/colibri.jewels\",\"https:\/\/www.instagram.com\/colibri.jewels\",\"https:\/\/www.tiktok.com\/colibri.jewels\"]}]}<\/script>\n<!-- \/ Yoast SEO Premium plugin. -->","yoast_head_json":{"title":"Langetavad ja rippuvad h\u00f5bedased k\u00f5rvar\u00f5ngad l\u00e4ikivate kristallide ja kuldplaatidega \"Viktoria\" - Colibri jewels","robots":{"index":"index","follow":"follow","max-snippet":"max-snippet:-1","max-image-preview":"max-image-preview:large","max-video-preview":"max-video-preview:-1"},"canonical":"https:\/\/colibri-jewels.eu\/et\/toode\/langetavad-ja-rippuvad-hobedased-korvarongad-laikivate-kristallide-ja-kuldplaatidega-viktoria\/","og_locale":"et_EE","og_type":"article","og_title":"Langetavad ja rippuvad h\u00f5bedased k\u00f5rvar\u00f5ngad l\u00e4ikivate kristallide ja kuldplaatidega \"Viktoria\"","og_description":"Kuldsed plaadid kaaluvad 0,08 grammi. K\u00f5rvar\u00f5ngaste keskmine kaal - 6,77 grammi, suurus - 3 cm.","og_url":"https:\/\/colibri-jewels.eu\/et\/toode\/langetavad-ja-rippuvad-hobedased-korvarongad-laikivate-kristallide-ja-kuldplaatidega-viktoria\/","og_site_name":"Colibri jewels","article_publisher":"https:\/\/www.facebook.com\/colibri.jewels","article_modified_time":"2024-12-15T11:43:43+00:00","og_image":[{"width":1000,"height":1000,"url":"https:\/\/colibri-jewels.eu\/wp-content\/uploads\/2024\/12\/silver-earrings-with-gold-plate-insert-Victoria.jpg","type":"image\/jpeg"}],"twitter_card":"summary_large_image","schema":{"@context":"https:\/\/schema.org","@graph":[{"@type":"WebPage","@id":"https:\/\/colibri-jewels.eu\/et\/toode\/langetavad-ja-rippuvad-hobedased-korvarongad-laikivate-kristallide-ja-kuldplaatidega-viktoria\/","url":"https:\/\/colibri-jewels.eu\/et\/toode\/langetavad-ja-rippuvad-hobedased-korvarongad-laikivate-kristallide-ja-kuldplaatidega-viktoria\/","name":"Langetavad ja rippuvad h\u00f5bedased k\u00f5rvar\u00f5ngad l\u00e4ikivate kristallide ja kuldplaatidega \"Viktoria\" - Colibri jewels","isPartOf":{"@id":"https:\/\/colibri-jewels.eu\/et\/#website"},"primaryImageOfPage":{"@id":"https:\/\/colibri-jewels.eu\/et\/toode\/langetavad-ja-rippuvad-hobedased-korvarongad-laikivate-kristallide-ja-kuldplaatidega-viktoria\/#primaryimage"},"image":{"@id":"https:\/\/colibri-jewels.eu\/et\/toode\/langetavad-ja-rippuvad-hobedased-korvarongad-laikivate-kristallide-ja-kuldplaatidega-viktoria\/#primaryimage"},"thumbnailUrl":"https:\/\/colibri-jewels.eu\/wp-content\/uploads\/2024\/12\/silver-earrings-with-gold-plate-insert-Victoria.jpg","datePublished":"2024-12-13T10:20:24+00:00","dateModified":"2024-12-15T11:43:43+00:00","breadcrumb":{"@id":"https:\/\/colibri-jewels.eu\/et\/toode\/langetavad-ja-rippuvad-hobedased-korvarongad-laikivate-kristallide-ja-kuldplaatidega-viktoria\/#breadcrumb"},"inLanguage":"et","potentialAction":[{"@type":"ReadAction","target":["https:\/\/colibri-jewels.eu\/et\/toode\/langetavad-ja-rippuvad-hobedased-korvarongad-laikivate-kristallide-ja-kuldplaatidega-viktoria\/"]}]},{"@type":"ImageObject","inLanguage":"et","@id":"https:\/\/colibri-jewels.eu\/et\/toode\/langetavad-ja-rippuvad-hobedased-korvarongad-laikivate-kristallide-ja-kuldplaatidega-viktoria\/#primaryimage","url":"https:\/\/colibri-jewels.eu\/wp-content\/uploads\/2024\/12\/silver-earrings-with-gold-plate-insert-Victoria.jpg","contentUrl":"https:\/\/colibri-jewels.eu\/wp-content\/uploads\/2024\/12\/silver-earrings-with-gold-plate-insert-Victoria.jpg","width":1000,"height":1000},{"@type":"BreadcrumbList","@id":"https:\/\/colibri-jewels.eu\/et\/toode\/langetavad-ja-rippuvad-hobedased-korvarongad-laikivate-kristallide-ja-kuldplaatidega-viktoria\/#breadcrumb","itemListElement":[{"@type":"ListItem","position":1,"name":"\u0413\u043b\u0430\u0432\u043d\u0430\u044f \u0441\u0442\u0440\u0430\u043d\u0438\u0446\u0430","item":"https:\/\/colibri-jewels.eu\/et\/"},{"@type":"ListItem","position":2,"name":"Pood","item":"https:\/\/colibri-jewels.eu\/et\/pood\/"},{"@type":"ListItem","position":3,"name":"Langetavad ja rippuvad h\u00f5bedased k\u00f5rvar\u00f5ngad l\u00e4ikivate kristallide ja kuldplaatidega &#8220;Viktoria&#8221;"}]},{"@type":"WebSite","@id":"https:\/\/colibri-jewels.eu\/et\/#website","url":"https:\/\/colibri-jewels.eu\/et\/","name":"Colibri jewels","description":"jewelry shop","publisher":{"@id":"https:\/\/colibri-jewels.eu\/et\/#organization"},"potentialAction":[{"@type":"SearchAction","target":{"@type":"EntryPoint","urlTemplate":"https:\/\/colibri-jewels.eu\/et\/?s={search_term_string}"},"query-input":{"@type":"PropertyValueSpecification","valueRequired":true,"valueName":"search_term_string"}}],"inLanguage":"et"},{"@type":"Organization","@id":"https:\/\/colibri-jewels.eu\/et\/#organization","name":"O\u00dc Colibri","url":"https:\/\/colibri-jewels.eu\/et\/","logo":{"@type":"ImageObject","inLanguage":"et","@id":"https:\/\/colibri-jewels.eu\/et\/#\/schema\/logo\/image\/","url":"https:\/\/dev.colibri-jewels.eu\/wp-content\/uploads\/2021\/03\/colibri.png","contentUrl":"https:\/\/dev.colibri-jewels.eu\/wp-content\/uploads\/2021\/03\/colibri.png","width":227,"height":130,"caption":"O\u00dc Colibri"},"image":{"@id":"https:\/\/colibri-jewels.eu\/et\/#\/schema\/logo\/image\/"},"sameAs":["https:\/\/www.facebook.com\/colibri.jewels","https:\/\/www.instagram.com\/colibri.jewels","https:\/\/www.tiktok.com\/colibri.jewels"]}]}},"_links":{"self":[{"href":"https:\/\/colibri-jewels.eu\/et\/wp-json\/wp\/v2\/product\/43558","targetHints":{"allow":["GET"]}}],"collection":[{"href":"https:\/\/colibri-jewels.eu\/et\/wp-json\/wp\/v2\/product"}],"about":[{"href":"https:\/\/colibri-jewels.eu\/et\/wp-json\/wp\/v2\/types\/product"}],"replies":[{"embeddable":true,"href":"https:\/\/colibri-jewels.eu\/et\/wp-json\/wp\/v2\/comments?post=43558"}],"version-history":[{"count":0,"href":"https:\/\/colibri-jewels.eu\/et\/wp-json\/wp\/v2\/product\/43558\/revisions"}],"wp:featuredmedia":[{"embeddable":true,"href":"https:\/\/colibri-jewels.eu\/et\/wp-json\/wp\/v2\/media\/43427"}],"wp:attachment":[{"href":"https:\/\/colibri-jewels.eu\/et\/wp-json\/wp\/v2\/media?parent=43558"}],"wp:term":[{"taxonomy":"brand","embeddable":true,"href":"https:\/\/colibri-jewels.eu\/et\/wp-json\/wp\/v2\/etheme_brands?post=43558"},{"taxonomy":"product_brand","embeddable":true,"href":"https:\/\/colibri-jewels.eu\/et\/wp-json\/wp\/v2\/product_brand?post=43558"},{"taxonomy":"product_cat","embeddable":true,"href":"https:\/\/colibri-jewels.eu\/et\/wp-json\/wp\/v2\/product_cat?post=43558"},{"taxonomy":"product_tag","embeddable":true,"href":"https:\/\/colibri-jewels.eu\/et\/wp-json\/wp\/v2\/product_tag?post=43558"}],"curies":[{"name":"wp","href":"https:\/\/api.w.org\/{rel}","templated":true}]}}