{"id":43634,"date":"2024-12-13T15:05:47","date_gmt":"2024-12-13T13:05:47","guid":{"rendered":"https:\/\/dev.colibri-jewels.eu\/?post_type=product&#038;p=43634"},"modified":"2024-12-15T14:24:34","modified_gmt":"2024-12-15T12:24:34","slug":"rippuvad-hobedased-kuldsete-plaatidega-korvarongad-daisy","status":"publish","type":"product","link":"https:\/\/colibri-jewels.eu\/et\/toode\/rippuvad-hobedased-kuldsete-plaatidega-korvarongad-daisy\/","title":{"rendered":"Rippuvad h\u00f5bedased kuldsete plaatidega k\u00f5rvar\u00f5ngad &#8220;Daisy&#8221;"},"content":{"rendered":"<p>Need elegantsed h\u00f5bedast k\u00f5rvar\u00f5ngad kuldsete detailidega kehastavad peent maitset ja stiilitunnetust. \u00dclemist osa kaunistab s\u00e4rav tsirkoon, mis sujuvalt \u00fchendub \u00f5rna ripatsiga, millel on veel \u00fcks pisike kivi. Kujunduse l\u00f5petavad kuldsed elemendid, mis lisavad sooja s\u00e4ra.<br \/>Sobivad nii igap\u00e4evaseks kandmiseks kui ka erilisteks puhkudeks, need k\u00f5rvar\u00f5ngad toovad teie v\u00e4limusse elegantsi ja peenust. Ajatu disain ja k\u00f5rgekvaliteetne t\u00f6\u00f6tlus muudavad need universaalseks aksessuaariks, mis r\u00f5hutab teie ilu ja isikup\u00e4ra.<br \/>Hellitage ennast v\u00f5i oma l\u00e4hedasi selle imelise ehtega, mis s\u00fcmboliseerib elegantsi ja harmooniat!  <\/p>\n","protected":false},"excerpt":{"rendered":"<p>Kuldse plaadi vahet\u00fckkide kaal 0,18 g.<\/p>\n<p>K\u00f5rvar\u00f5ngaste keskmine kaal 3,82 g, kogupikkus &#8211; 4 cm.<\/p>\n","protected":false},"featured_media":43409,"comment_status":"open","ping_status":"closed","template":"","meta":[],"etheme_brands":[],"product_brand":[],"product_cat":[469],"product_tag":[],"class_list":{"0":"post-43634","1":"product","2":"type-product","3":"status-publish","4":"has-post-thumbnail","6":"product_cat-korvarongad","8":"first","9":"instock","10":"shipping-taxable","11":"purchasable","12":"product-type-simple"},"acf":[],"yoast_head":"<!-- This site is optimized with the Yoast SEO Premium plugin v26.5 (Yoast SEO v26.8) - https:\/\/yoast.com\/product\/yoast-seo-premium-wordpress\/ -->\n<title>Rippuvad h\u00f5bedased kuldsete plaatidega k\u00f5rvar\u00f5ngad &quot;Daisy&quot; - Colibri jewels<\/title>\n<meta name=\"robots\" content=\"index, follow, max-snippet:-1, max-image-preview:large, max-video-preview:-1\" \/>\n<link rel=\"canonical\" href=\"https:\/\/colibri-jewels.eu\/et\/toode\/rippuvad-hobedased-kuldsete-plaatidega-korvarongad-daisy\/\" \/>\n<meta property=\"og:locale\" content=\"et_EE\" \/>\n<meta property=\"og:type\" content=\"article\" \/>\n<meta property=\"og:title\" content=\"Rippuvad h\u00f5bedased kuldsete plaatidega k\u00f5rvar\u00f5ngad &quot;Daisy&quot;\" \/>\n<meta property=\"og:description\" content=\"Kuldse plaadi vahet\u00fckkide kaal 0,18 g. K\u00f5rvar\u00f5ngaste keskmine kaal 3,82 g, kogupikkus - 4 cm.\" \/>\n<meta property=\"og:url\" content=\"https:\/\/colibri-jewels.eu\/et\/toode\/rippuvad-hobedased-kuldsete-plaatidega-korvarongad-daisy\/\" \/>\n<meta property=\"og:site_name\" content=\"Colibri jewels\" \/>\n<meta property=\"article:publisher\" content=\"https:\/\/www.facebook.com\/colibri.jewels\" \/>\n<meta property=\"article:modified_time\" content=\"2024-12-15T12:24:34+00:00\" \/>\n<meta property=\"og:image\" content=\"https:\/\/colibri-jewels.eu\/wp-content\/uploads\/2024\/12\/silver-earrings-with-gold-plate-insert-Daisy.jpg\" \/>\n\t<meta property=\"og:image:width\" content=\"1000\" \/>\n\t<meta property=\"og:image:height\" content=\"1000\" \/>\n\t<meta property=\"og:image:type\" content=\"image\/jpeg\" \/>\n<meta name=\"twitter:card\" content=\"summary_large_image\" \/>\n<script type=\"application\/ld+json\" class=\"yoast-schema-graph\">{\"@context\":\"https:\/\/schema.org\",\"@graph\":[{\"@type\":\"WebPage\",\"@id\":\"https:\/\/colibri-jewels.eu\/et\/toode\/rippuvad-hobedased-kuldsete-plaatidega-korvarongad-daisy\/\",\"url\":\"https:\/\/colibri-jewels.eu\/et\/toode\/rippuvad-hobedased-kuldsete-plaatidega-korvarongad-daisy\/\",\"name\":\"Rippuvad h\u00f5bedased kuldsete plaatidega k\u00f5rvar\u00f5ngad \\\"Daisy\\\" - Colibri jewels\",\"isPartOf\":{\"@id\":\"https:\/\/colibri-jewels.eu\/et\/#website\"},\"primaryImageOfPage\":{\"@id\":\"https:\/\/colibri-jewels.eu\/et\/toode\/rippuvad-hobedased-kuldsete-plaatidega-korvarongad-daisy\/#primaryimage\"},\"image\":{\"@id\":\"https:\/\/colibri-jewels.eu\/et\/toode\/rippuvad-hobedased-kuldsete-plaatidega-korvarongad-daisy\/#primaryimage\"},\"thumbnailUrl\":\"https:\/\/colibri-jewels.eu\/wp-content\/uploads\/2024\/12\/silver-earrings-with-gold-plate-insert-Daisy.jpg\",\"datePublished\":\"2024-12-13T13:05:47+00:00\",\"dateModified\":\"2024-12-15T12:24:34+00:00\",\"breadcrumb\":{\"@id\":\"https:\/\/colibri-jewels.eu\/et\/toode\/rippuvad-hobedased-kuldsete-plaatidega-korvarongad-daisy\/#breadcrumb\"},\"inLanguage\":\"et\",\"potentialAction\":[{\"@type\":\"ReadAction\",\"target\":[\"https:\/\/colibri-jewels.eu\/et\/toode\/rippuvad-hobedased-kuldsete-plaatidega-korvarongad-daisy\/\"]}]},{\"@type\":\"ImageObject\",\"inLanguage\":\"et\",\"@id\":\"https:\/\/colibri-jewels.eu\/et\/toode\/rippuvad-hobedased-kuldsete-plaatidega-korvarongad-daisy\/#primaryimage\",\"url\":\"https:\/\/colibri-jewels.eu\/wp-content\/uploads\/2024\/12\/silver-earrings-with-gold-plate-insert-Daisy.jpg\",\"contentUrl\":\"https:\/\/colibri-jewels.eu\/wp-content\/uploads\/2024\/12\/silver-earrings-with-gold-plate-insert-Daisy.jpg\",\"width\":1000,\"height\":1000},{\"@type\":\"BreadcrumbList\",\"@id\":\"https:\/\/colibri-jewels.eu\/et\/toode\/rippuvad-hobedased-kuldsete-plaatidega-korvarongad-daisy\/#breadcrumb\",\"itemListElement\":[{\"@type\":\"ListItem\",\"position\":1,\"name\":\"\u0413\u043b\u0430\u0432\u043d\u0430\u044f \u0441\u0442\u0440\u0430\u043d\u0438\u0446\u0430\",\"item\":\"https:\/\/colibri-jewels.eu\/et\/\"},{\"@type\":\"ListItem\",\"position\":2,\"name\":\"Pood\",\"item\":\"https:\/\/colibri-jewels.eu\/et\/pood\/\"},{\"@type\":\"ListItem\",\"position\":3,\"name\":\"Rippuvad h\u00f5bedased kuldsete plaatidega k\u00f5rvar\u00f5ngad &#8220;Daisy&#8221;\"}]},{\"@type\":\"WebSite\",\"@id\":\"https:\/\/colibri-jewels.eu\/et\/#website\",\"url\":\"https:\/\/colibri-jewels.eu\/et\/\",\"name\":\"Colibri jewels\",\"description\":\"jewelry shop\",\"publisher\":{\"@id\":\"https:\/\/colibri-jewels.eu\/et\/#organization\"},\"potentialAction\":[{\"@type\":\"SearchAction\",\"target\":{\"@type\":\"EntryPoint\",\"urlTemplate\":\"https:\/\/colibri-jewels.eu\/et\/?s={search_term_string}\"},\"query-input\":{\"@type\":\"PropertyValueSpecification\",\"valueRequired\":true,\"valueName\":\"search_term_string\"}}],\"inLanguage\":\"et\"},{\"@type\":\"Organization\",\"@id\":\"https:\/\/colibri-jewels.eu\/et\/#organization\",\"name\":\"O\u00dc Colibri\",\"url\":\"https:\/\/colibri-jewels.eu\/et\/\",\"logo\":{\"@type\":\"ImageObject\",\"inLanguage\":\"et\",\"@id\":\"https:\/\/colibri-jewels.eu\/et\/#\/schema\/logo\/image\/\",\"url\":\"https:\/\/dev.colibri-jewels.eu\/wp-content\/uploads\/2021\/03\/colibri.png\",\"contentUrl\":\"https:\/\/dev.colibri-jewels.eu\/wp-content\/uploads\/2021\/03\/colibri.png\",\"width\":227,\"height\":130,\"caption\":\"O\u00dc Colibri\"},\"image\":{\"@id\":\"https:\/\/colibri-jewels.eu\/et\/#\/schema\/logo\/image\/\"},\"sameAs\":[\"https:\/\/www.facebook.com\/colibri.jewels\",\"https:\/\/www.instagram.com\/colibri.jewels\",\"https:\/\/www.tiktok.com\/colibri.jewels\"]}]}<\/script>\n<!-- \/ Yoast SEO Premium plugin. -->","yoast_head_json":{"title":"Rippuvad h\u00f5bedased kuldsete plaatidega k\u00f5rvar\u00f5ngad \"Daisy\" - Colibri jewels","robots":{"index":"index","follow":"follow","max-snippet":"max-snippet:-1","max-image-preview":"max-image-preview:large","max-video-preview":"max-video-preview:-1"},"canonical":"https:\/\/colibri-jewels.eu\/et\/toode\/rippuvad-hobedased-kuldsete-plaatidega-korvarongad-daisy\/","og_locale":"et_EE","og_type":"article","og_title":"Rippuvad h\u00f5bedased kuldsete plaatidega k\u00f5rvar\u00f5ngad \"Daisy\"","og_description":"Kuldse plaadi vahet\u00fckkide kaal 0,18 g. K\u00f5rvar\u00f5ngaste keskmine kaal 3,82 g, kogupikkus - 4 cm.","og_url":"https:\/\/colibri-jewels.eu\/et\/toode\/rippuvad-hobedased-kuldsete-plaatidega-korvarongad-daisy\/","og_site_name":"Colibri jewels","article_publisher":"https:\/\/www.facebook.com\/colibri.jewels","article_modified_time":"2024-12-15T12:24:34+00:00","og_image":[{"width":1000,"height":1000,"url":"https:\/\/colibri-jewels.eu\/wp-content\/uploads\/2024\/12\/silver-earrings-with-gold-plate-insert-Daisy.jpg","type":"image\/jpeg"}],"twitter_card":"summary_large_image","schema":{"@context":"https:\/\/schema.org","@graph":[{"@type":"WebPage","@id":"https:\/\/colibri-jewels.eu\/et\/toode\/rippuvad-hobedased-kuldsete-plaatidega-korvarongad-daisy\/","url":"https:\/\/colibri-jewels.eu\/et\/toode\/rippuvad-hobedased-kuldsete-plaatidega-korvarongad-daisy\/","name":"Rippuvad h\u00f5bedased kuldsete plaatidega k\u00f5rvar\u00f5ngad \"Daisy\" - Colibri jewels","isPartOf":{"@id":"https:\/\/colibri-jewels.eu\/et\/#website"},"primaryImageOfPage":{"@id":"https:\/\/colibri-jewels.eu\/et\/toode\/rippuvad-hobedased-kuldsete-plaatidega-korvarongad-daisy\/#primaryimage"},"image":{"@id":"https:\/\/colibri-jewels.eu\/et\/toode\/rippuvad-hobedased-kuldsete-plaatidega-korvarongad-daisy\/#primaryimage"},"thumbnailUrl":"https:\/\/colibri-jewels.eu\/wp-content\/uploads\/2024\/12\/silver-earrings-with-gold-plate-insert-Daisy.jpg","datePublished":"2024-12-13T13:05:47+00:00","dateModified":"2024-12-15T12:24:34+00:00","breadcrumb":{"@id":"https:\/\/colibri-jewels.eu\/et\/toode\/rippuvad-hobedased-kuldsete-plaatidega-korvarongad-daisy\/#breadcrumb"},"inLanguage":"et","potentialAction":[{"@type":"ReadAction","target":["https:\/\/colibri-jewels.eu\/et\/toode\/rippuvad-hobedased-kuldsete-plaatidega-korvarongad-daisy\/"]}]},{"@type":"ImageObject","inLanguage":"et","@id":"https:\/\/colibri-jewels.eu\/et\/toode\/rippuvad-hobedased-kuldsete-plaatidega-korvarongad-daisy\/#primaryimage","url":"https:\/\/colibri-jewels.eu\/wp-content\/uploads\/2024\/12\/silver-earrings-with-gold-plate-insert-Daisy.jpg","contentUrl":"https:\/\/colibri-jewels.eu\/wp-content\/uploads\/2024\/12\/silver-earrings-with-gold-plate-insert-Daisy.jpg","width":1000,"height":1000},{"@type":"BreadcrumbList","@id":"https:\/\/colibri-jewels.eu\/et\/toode\/rippuvad-hobedased-kuldsete-plaatidega-korvarongad-daisy\/#breadcrumb","itemListElement":[{"@type":"ListItem","position":1,"name":"\u0413\u043b\u0430\u0432\u043d\u0430\u044f \u0441\u0442\u0440\u0430\u043d\u0438\u0446\u0430","item":"https:\/\/colibri-jewels.eu\/et\/"},{"@type":"ListItem","position":2,"name":"Pood","item":"https:\/\/colibri-jewels.eu\/et\/pood\/"},{"@type":"ListItem","position":3,"name":"Rippuvad h\u00f5bedased kuldsete plaatidega k\u00f5rvar\u00f5ngad &#8220;Daisy&#8221;"}]},{"@type":"WebSite","@id":"https:\/\/colibri-jewels.eu\/et\/#website","url":"https:\/\/colibri-jewels.eu\/et\/","name":"Colibri jewels","description":"jewelry shop","publisher":{"@id":"https:\/\/colibri-jewels.eu\/et\/#organization"},"potentialAction":[{"@type":"SearchAction","target":{"@type":"EntryPoint","urlTemplate":"https:\/\/colibri-jewels.eu\/et\/?s={search_term_string}"},"query-input":{"@type":"PropertyValueSpecification","valueRequired":true,"valueName":"search_term_string"}}],"inLanguage":"et"},{"@type":"Organization","@id":"https:\/\/colibri-jewels.eu\/et\/#organization","name":"O\u00dc Colibri","url":"https:\/\/colibri-jewels.eu\/et\/","logo":{"@type":"ImageObject","inLanguage":"et","@id":"https:\/\/colibri-jewels.eu\/et\/#\/schema\/logo\/image\/","url":"https:\/\/dev.colibri-jewels.eu\/wp-content\/uploads\/2021\/03\/colibri.png","contentUrl":"https:\/\/dev.colibri-jewels.eu\/wp-content\/uploads\/2021\/03\/colibri.png","width":227,"height":130,"caption":"O\u00dc Colibri"},"image":{"@id":"https:\/\/colibri-jewels.eu\/et\/#\/schema\/logo\/image\/"},"sameAs":["https:\/\/www.facebook.com\/colibri.jewels","https:\/\/www.instagram.com\/colibri.jewels","https:\/\/www.tiktok.com\/colibri.jewels"]}]}},"_links":{"self":[{"href":"https:\/\/colibri-jewels.eu\/et\/wp-json\/wp\/v2\/product\/43634","targetHints":{"allow":["GET"]}}],"collection":[{"href":"https:\/\/colibri-jewels.eu\/et\/wp-json\/wp\/v2\/product"}],"about":[{"href":"https:\/\/colibri-jewels.eu\/et\/wp-json\/wp\/v2\/types\/product"}],"replies":[{"embeddable":true,"href":"https:\/\/colibri-jewels.eu\/et\/wp-json\/wp\/v2\/comments?post=43634"}],"version-history":[{"count":0,"href":"https:\/\/colibri-jewels.eu\/et\/wp-json\/wp\/v2\/product\/43634\/revisions"}],"wp:featuredmedia":[{"embeddable":true,"href":"https:\/\/colibri-jewels.eu\/et\/wp-json\/wp\/v2\/media\/43409"}],"wp:attachment":[{"href":"https:\/\/colibri-jewels.eu\/et\/wp-json\/wp\/v2\/media?parent=43634"}],"wp:term":[{"taxonomy":"brand","embeddable":true,"href":"https:\/\/colibri-jewels.eu\/et\/wp-json\/wp\/v2\/etheme_brands?post=43634"},{"taxonomy":"product_brand","embeddable":true,"href":"https:\/\/colibri-jewels.eu\/et\/wp-json\/wp\/v2\/product_brand?post=43634"},{"taxonomy":"product_cat","embeddable":true,"href":"https:\/\/colibri-jewels.eu\/et\/wp-json\/wp\/v2\/product_cat?post=43634"},{"taxonomy":"product_tag","embeddable":true,"href":"https:\/\/colibri-jewels.eu\/et\/wp-json\/wp\/v2\/product_tag?post=43634"}],"curies":[{"name":"wp","href":"https:\/\/api.w.org\/{rel}","templated":true}]}}