{"id":43667,"date":"2024-12-13T16:47:08","date_gmt":"2024-12-13T14:47:08","guid":{"rendered":"https:\/\/dev.colibri-jewels.eu\/?post_type=product&#038;p=43667"},"modified":"2024-12-15T13:57:49","modified_gmt":"2024-12-15T11:57:49","slug":"hobedased-ristikhein-korvarongad-kuldsete-plaatide-ja-tsirkooniumidega-copy","status":"publish","type":"product","link":"https:\/\/colibri-jewels.eu\/et\/toode\/hobedased-ristikhein-korvarongad-kuldsete-plaatide-ja-tsirkooniumidega-copy\/","title":{"rendered":"H\u00f5bedast ripatsk\u00f5rvar\u00f5ngad &#8220;Clover&#8221; kuldse katte ja tsirkooniumiga"},"content":{"rendered":"<p>&#8220;Ristikhein&#8221; komplekt on rafineeritud maitse ja moodsa moe s\u00fcmbol. See sisaldab s\u00f5rmust, ripatsit ja kahte paari k\u00f5rvar\u00f5ngaid, mis sobivad \u00fcksteisega ideaalselt. Ehted on valmistatud h\u00f5bedast 585 kuldkattega ja kaunistatud sillutustehnikas tsirkooniumidega. Komplekt sobib suurep\u00e4raselt harmoonilise kuvandi loomiseks ning on suurep\u00e4rane kingitus neile, kes hindavad stiili ja kvaliteeti.   <\/p>\n<p><strong>Silver Clover rippuvad k\u00f5rvar\u00f5ngad kuldse plaadi vahet\u00fckkide ja tsirkooniumidega<\/strong><\/p>\n<p>Need rippuvad rippuvad k\u00f5rvar\u00f5ngad on \u00f5rnuse ja rafineerituse kehastus.<br \/>\n\u00dcmmargune \u00fclemine element on \u00fchendatud ristiku ripatsiga, mis on \u00fcleni kaetud s\u00e4deleva tsirkooniumiga.<br \/>\nDekoratiivne 585 kuldplaat piki serva annab k\u00f5rvar\u00f5ngastele \u00f5ilsa v\u00e4limuse.<br \/>\nNeed k\u00f5rvar\u00f5ngad on ideaalne valik neile, kes soovivad lisada oma v\u00e4limusele ereda aktsendi ja r\u00f5hutada oma individuaalsust.  <\/p>\n","protected":false},"excerpt":{"rendered":"<p>Kuldplaadi vahet\u00fckkide kaal (14 kt kulda) &#8211; 0,20 g.<\/p>\n<p>K\u00f5rvar\u00f5ngaste keskmine kaal 5,99 g.<\/p>\n<p>K\u00f5rvar\u00f5ngaste kogupikkus on 3 cm, ristiku elemendi laius 15 mm.<\/p>\n<p>&nbsp;<\/p>\n","protected":false},"featured_media":43400,"comment_status":"open","ping_status":"closed","template":"","meta":[],"etheme_brands":[],"product_brand":[],"product_cat":[469],"product_tag":[751],"class_list":{"0":"post-43667","1":"product","2":"type-product","3":"status-publish","4":"has-post-thumbnail","6":"product_cat-korvarongad","7":"product_tag-ristikhein","9":"first","10":"instock","11":"shipping-taxable","12":"purchasable","13":"product-type-simple"},"acf":[],"yoast_head":"<!-- This site is optimized with the Yoast SEO Premium plugin v26.5 (Yoast SEO v26.8) - https:\/\/yoast.com\/product\/yoast-seo-premium-wordpress\/ -->\n<title>H\u00f5bedast ripatsk\u00f5rvar\u00f5ngad &quot;Clover&quot; kuldse katte ja tsirkooniumiga - Colibri jewels<\/title>\n<meta name=\"robots\" content=\"index, follow, max-snippet:-1, max-image-preview:large, max-video-preview:-1\" \/>\n<link rel=\"canonical\" href=\"https:\/\/colibri-jewels.eu\/et\/toode\/hobedased-ristikhein-korvarongad-kuldsete-plaatide-ja-tsirkooniumidega-copy\/\" \/>\n<meta property=\"og:locale\" content=\"et_EE\" \/>\n<meta property=\"og:type\" content=\"article\" \/>\n<meta property=\"og:title\" content=\"H\u00f5bedast ripatsk\u00f5rvar\u00f5ngad &quot;Clover&quot; kuldse katte ja tsirkooniumiga\" \/>\n<meta property=\"og:description\" content=\"Kuldplaadi vahet\u00fckkide kaal (14 kt kulda) - 0,20 g. K\u00f5rvar\u00f5ngaste keskmine kaal 5,99 g. K\u00f5rvar\u00f5ngaste kogupikkus on 3 cm, ristiku elemendi laius 15 mm. &nbsp;\" \/>\n<meta property=\"og:url\" content=\"https:\/\/colibri-jewels.eu\/et\/toode\/hobedased-ristikhein-korvarongad-kuldsete-plaatide-ja-tsirkooniumidega-copy\/\" \/>\n<meta property=\"og:site_name\" content=\"Colibri jewels\" \/>\n<meta property=\"article:publisher\" content=\"https:\/\/www.facebook.com\/colibri.jewels\" \/>\n<meta property=\"article:modified_time\" content=\"2024-12-15T11:57:49+00:00\" \/>\n<meta property=\"og:image\" content=\"https:\/\/colibri-jewels.eu\/wp-content\/uploads\/2024\/12\/silver-dangle-earrings-with-gold-plate-insert-clover.jpg\" \/>\n\t<meta property=\"og:image:width\" content=\"1000\" \/>\n\t<meta property=\"og:image:height\" content=\"1000\" \/>\n\t<meta property=\"og:image:type\" content=\"image\/jpeg\" \/>\n<meta name=\"twitter:card\" content=\"summary_large_image\" \/>\n<meta name=\"twitter:label1\" content=\"Est. reading time\" \/>\n\t<meta name=\"twitter:data1\" content=\"1 minut\" \/>\n<script type=\"application\/ld+json\" class=\"yoast-schema-graph\">{\"@context\":\"https:\/\/schema.org\",\"@graph\":[{\"@type\":\"WebPage\",\"@id\":\"https:\/\/colibri-jewels.eu\/et\/toode\/hobedased-ristikhein-korvarongad-kuldsete-plaatide-ja-tsirkooniumidega-copy\/\",\"url\":\"https:\/\/colibri-jewels.eu\/et\/toode\/hobedased-ristikhein-korvarongad-kuldsete-plaatide-ja-tsirkooniumidega-copy\/\",\"name\":\"H\u00f5bedast ripatsk\u00f5rvar\u00f5ngad \\\"Clover\\\" kuldse katte ja tsirkooniumiga - Colibri jewels\",\"isPartOf\":{\"@id\":\"https:\/\/colibri-jewels.eu\/et\/#website\"},\"primaryImageOfPage\":{\"@id\":\"https:\/\/colibri-jewels.eu\/et\/toode\/hobedased-ristikhein-korvarongad-kuldsete-plaatide-ja-tsirkooniumidega-copy\/#primaryimage\"},\"image\":{\"@id\":\"https:\/\/colibri-jewels.eu\/et\/toode\/hobedased-ristikhein-korvarongad-kuldsete-plaatide-ja-tsirkooniumidega-copy\/#primaryimage\"},\"thumbnailUrl\":\"https:\/\/colibri-jewels.eu\/wp-content\/uploads\/2024\/12\/silver-dangle-earrings-with-gold-plate-insert-clover.jpg\",\"datePublished\":\"2024-12-13T14:47:08+00:00\",\"dateModified\":\"2024-12-15T11:57:49+00:00\",\"breadcrumb\":{\"@id\":\"https:\/\/colibri-jewels.eu\/et\/toode\/hobedased-ristikhein-korvarongad-kuldsete-plaatide-ja-tsirkooniumidega-copy\/#breadcrumb\"},\"inLanguage\":\"et\",\"potentialAction\":[{\"@type\":\"ReadAction\",\"target\":[\"https:\/\/colibri-jewels.eu\/et\/toode\/hobedased-ristikhein-korvarongad-kuldsete-plaatide-ja-tsirkooniumidega-copy\/\"]}]},{\"@type\":\"ImageObject\",\"inLanguage\":\"et\",\"@id\":\"https:\/\/colibri-jewels.eu\/et\/toode\/hobedased-ristikhein-korvarongad-kuldsete-plaatide-ja-tsirkooniumidega-copy\/#primaryimage\",\"url\":\"https:\/\/colibri-jewels.eu\/wp-content\/uploads\/2024\/12\/silver-dangle-earrings-with-gold-plate-insert-clover.jpg\",\"contentUrl\":\"https:\/\/colibri-jewels.eu\/wp-content\/uploads\/2024\/12\/silver-dangle-earrings-with-gold-plate-insert-clover.jpg\",\"width\":1000,\"height\":1000},{\"@type\":\"BreadcrumbList\",\"@id\":\"https:\/\/colibri-jewels.eu\/et\/toode\/hobedased-ristikhein-korvarongad-kuldsete-plaatide-ja-tsirkooniumidega-copy\/#breadcrumb\",\"itemListElement\":[{\"@type\":\"ListItem\",\"position\":1,\"name\":\"\u0413\u043b\u0430\u0432\u043d\u0430\u044f \u0441\u0442\u0440\u0430\u043d\u0438\u0446\u0430\",\"item\":\"https:\/\/colibri-jewels.eu\/et\/\"},{\"@type\":\"ListItem\",\"position\":2,\"name\":\"Pood\",\"item\":\"https:\/\/colibri-jewels.eu\/et\/pood\/\"},{\"@type\":\"ListItem\",\"position\":3,\"name\":\"H\u00f5bedast ripatsk\u00f5rvar\u00f5ngad &#8220;Clover&#8221; kuldse katte ja tsirkooniumiga\"}]},{\"@type\":\"WebSite\",\"@id\":\"https:\/\/colibri-jewels.eu\/et\/#website\",\"url\":\"https:\/\/colibri-jewels.eu\/et\/\",\"name\":\"Colibri jewels\",\"description\":\"jewelry shop\",\"publisher\":{\"@id\":\"https:\/\/colibri-jewels.eu\/et\/#organization\"},\"potentialAction\":[{\"@type\":\"SearchAction\",\"target\":{\"@type\":\"EntryPoint\",\"urlTemplate\":\"https:\/\/colibri-jewels.eu\/et\/?s={search_term_string}\"},\"query-input\":{\"@type\":\"PropertyValueSpecification\",\"valueRequired\":true,\"valueName\":\"search_term_string\"}}],\"inLanguage\":\"et\"},{\"@type\":\"Organization\",\"@id\":\"https:\/\/colibri-jewels.eu\/et\/#organization\",\"name\":\"O\u00dc Colibri\",\"url\":\"https:\/\/colibri-jewels.eu\/et\/\",\"logo\":{\"@type\":\"ImageObject\",\"inLanguage\":\"et\",\"@id\":\"https:\/\/colibri-jewels.eu\/et\/#\/schema\/logo\/image\/\",\"url\":\"https:\/\/dev.colibri-jewels.eu\/wp-content\/uploads\/2021\/03\/colibri.png\",\"contentUrl\":\"https:\/\/dev.colibri-jewels.eu\/wp-content\/uploads\/2021\/03\/colibri.png\",\"width\":227,\"height\":130,\"caption\":\"O\u00dc Colibri\"},\"image\":{\"@id\":\"https:\/\/colibri-jewels.eu\/et\/#\/schema\/logo\/image\/\"},\"sameAs\":[\"https:\/\/www.facebook.com\/colibri.jewels\",\"https:\/\/www.instagram.com\/colibri.jewels\",\"https:\/\/www.tiktok.com\/colibri.jewels\"]}]}<\/script>\n<!-- \/ Yoast SEO Premium plugin. -->","yoast_head_json":{"title":"H\u00f5bedast ripatsk\u00f5rvar\u00f5ngad \"Clover\" kuldse katte ja tsirkooniumiga - Colibri jewels","robots":{"index":"index","follow":"follow","max-snippet":"max-snippet:-1","max-image-preview":"max-image-preview:large","max-video-preview":"max-video-preview:-1"},"canonical":"https:\/\/colibri-jewels.eu\/et\/toode\/hobedased-ristikhein-korvarongad-kuldsete-plaatide-ja-tsirkooniumidega-copy\/","og_locale":"et_EE","og_type":"article","og_title":"H\u00f5bedast ripatsk\u00f5rvar\u00f5ngad \"Clover\" kuldse katte ja tsirkooniumiga","og_description":"Kuldplaadi vahet\u00fckkide kaal (14 kt kulda) - 0,20 g. K\u00f5rvar\u00f5ngaste keskmine kaal 5,99 g. K\u00f5rvar\u00f5ngaste kogupikkus on 3 cm, ristiku elemendi laius 15 mm. &nbsp;","og_url":"https:\/\/colibri-jewels.eu\/et\/toode\/hobedased-ristikhein-korvarongad-kuldsete-plaatide-ja-tsirkooniumidega-copy\/","og_site_name":"Colibri jewels","article_publisher":"https:\/\/www.facebook.com\/colibri.jewels","article_modified_time":"2024-12-15T11:57:49+00:00","og_image":[{"width":1000,"height":1000,"url":"https:\/\/colibri-jewels.eu\/wp-content\/uploads\/2024\/12\/silver-dangle-earrings-with-gold-plate-insert-clover.jpg","type":"image\/jpeg"}],"twitter_card":"summary_large_image","twitter_misc":{"Est. reading time":"1 minut"},"schema":{"@context":"https:\/\/schema.org","@graph":[{"@type":"WebPage","@id":"https:\/\/colibri-jewels.eu\/et\/toode\/hobedased-ristikhein-korvarongad-kuldsete-plaatide-ja-tsirkooniumidega-copy\/","url":"https:\/\/colibri-jewels.eu\/et\/toode\/hobedased-ristikhein-korvarongad-kuldsete-plaatide-ja-tsirkooniumidega-copy\/","name":"H\u00f5bedast ripatsk\u00f5rvar\u00f5ngad \"Clover\" kuldse katte ja tsirkooniumiga - Colibri jewels","isPartOf":{"@id":"https:\/\/colibri-jewels.eu\/et\/#website"},"primaryImageOfPage":{"@id":"https:\/\/colibri-jewels.eu\/et\/toode\/hobedased-ristikhein-korvarongad-kuldsete-plaatide-ja-tsirkooniumidega-copy\/#primaryimage"},"image":{"@id":"https:\/\/colibri-jewels.eu\/et\/toode\/hobedased-ristikhein-korvarongad-kuldsete-plaatide-ja-tsirkooniumidega-copy\/#primaryimage"},"thumbnailUrl":"https:\/\/colibri-jewels.eu\/wp-content\/uploads\/2024\/12\/silver-dangle-earrings-with-gold-plate-insert-clover.jpg","datePublished":"2024-12-13T14:47:08+00:00","dateModified":"2024-12-15T11:57:49+00:00","breadcrumb":{"@id":"https:\/\/colibri-jewels.eu\/et\/toode\/hobedased-ristikhein-korvarongad-kuldsete-plaatide-ja-tsirkooniumidega-copy\/#breadcrumb"},"inLanguage":"et","potentialAction":[{"@type":"ReadAction","target":["https:\/\/colibri-jewels.eu\/et\/toode\/hobedased-ristikhein-korvarongad-kuldsete-plaatide-ja-tsirkooniumidega-copy\/"]}]},{"@type":"ImageObject","inLanguage":"et","@id":"https:\/\/colibri-jewels.eu\/et\/toode\/hobedased-ristikhein-korvarongad-kuldsete-plaatide-ja-tsirkooniumidega-copy\/#primaryimage","url":"https:\/\/colibri-jewels.eu\/wp-content\/uploads\/2024\/12\/silver-dangle-earrings-with-gold-plate-insert-clover.jpg","contentUrl":"https:\/\/colibri-jewels.eu\/wp-content\/uploads\/2024\/12\/silver-dangle-earrings-with-gold-plate-insert-clover.jpg","width":1000,"height":1000},{"@type":"BreadcrumbList","@id":"https:\/\/colibri-jewels.eu\/et\/toode\/hobedased-ristikhein-korvarongad-kuldsete-plaatide-ja-tsirkooniumidega-copy\/#breadcrumb","itemListElement":[{"@type":"ListItem","position":1,"name":"\u0413\u043b\u0430\u0432\u043d\u0430\u044f \u0441\u0442\u0440\u0430\u043d\u0438\u0446\u0430","item":"https:\/\/colibri-jewels.eu\/et\/"},{"@type":"ListItem","position":2,"name":"Pood","item":"https:\/\/colibri-jewels.eu\/et\/pood\/"},{"@type":"ListItem","position":3,"name":"H\u00f5bedast ripatsk\u00f5rvar\u00f5ngad &#8220;Clover&#8221; kuldse katte ja tsirkooniumiga"}]},{"@type":"WebSite","@id":"https:\/\/colibri-jewels.eu\/et\/#website","url":"https:\/\/colibri-jewels.eu\/et\/","name":"Colibri jewels","description":"jewelry shop","publisher":{"@id":"https:\/\/colibri-jewels.eu\/et\/#organization"},"potentialAction":[{"@type":"SearchAction","target":{"@type":"EntryPoint","urlTemplate":"https:\/\/colibri-jewels.eu\/et\/?s={search_term_string}"},"query-input":{"@type":"PropertyValueSpecification","valueRequired":true,"valueName":"search_term_string"}}],"inLanguage":"et"},{"@type":"Organization","@id":"https:\/\/colibri-jewels.eu\/et\/#organization","name":"O\u00dc Colibri","url":"https:\/\/colibri-jewels.eu\/et\/","logo":{"@type":"ImageObject","inLanguage":"et","@id":"https:\/\/colibri-jewels.eu\/et\/#\/schema\/logo\/image\/","url":"https:\/\/dev.colibri-jewels.eu\/wp-content\/uploads\/2021\/03\/colibri.png","contentUrl":"https:\/\/dev.colibri-jewels.eu\/wp-content\/uploads\/2021\/03\/colibri.png","width":227,"height":130,"caption":"O\u00dc Colibri"},"image":{"@id":"https:\/\/colibri-jewels.eu\/et\/#\/schema\/logo\/image\/"},"sameAs":["https:\/\/www.facebook.com\/colibri.jewels","https:\/\/www.instagram.com\/colibri.jewels","https:\/\/www.tiktok.com\/colibri.jewels"]}]}},"_links":{"self":[{"href":"https:\/\/colibri-jewels.eu\/et\/wp-json\/wp\/v2\/product\/43667","targetHints":{"allow":["GET"]}}],"collection":[{"href":"https:\/\/colibri-jewels.eu\/et\/wp-json\/wp\/v2\/product"}],"about":[{"href":"https:\/\/colibri-jewels.eu\/et\/wp-json\/wp\/v2\/types\/product"}],"replies":[{"embeddable":true,"href":"https:\/\/colibri-jewels.eu\/et\/wp-json\/wp\/v2\/comments?post=43667"}],"version-history":[{"count":0,"href":"https:\/\/colibri-jewels.eu\/et\/wp-json\/wp\/v2\/product\/43667\/revisions"}],"wp:featuredmedia":[{"embeddable":true,"href":"https:\/\/colibri-jewels.eu\/et\/wp-json\/wp\/v2\/media\/43400"}],"wp:attachment":[{"href":"https:\/\/colibri-jewels.eu\/et\/wp-json\/wp\/v2\/media?parent=43667"}],"wp:term":[{"taxonomy":"brand","embeddable":true,"href":"https:\/\/colibri-jewels.eu\/et\/wp-json\/wp\/v2\/etheme_brands?post=43667"},{"taxonomy":"product_brand","embeddable":true,"href":"https:\/\/colibri-jewels.eu\/et\/wp-json\/wp\/v2\/product_brand?post=43667"},{"taxonomy":"product_cat","embeddable":true,"href":"https:\/\/colibri-jewels.eu\/et\/wp-json\/wp\/v2\/product_cat?post=43667"},{"taxonomy":"product_tag","embeddable":true,"href":"https:\/\/colibri-jewels.eu\/et\/wp-json\/wp\/v2\/product_tag?post=43667"}],"curies":[{"name":"wp","href":"https:\/\/api.w.org\/{rel}","templated":true}]}}