{"id":43683,"date":"2024-12-13T16:15:42","date_gmt":"2024-12-13T14:15:42","guid":{"rendered":"https:\/\/dev.colibri-jewels.eu\/?post_type=product&#038;p=43683"},"modified":"2024-12-15T13:24:01","modified_gmt":"2024-12-15T11:24:01","slug":"hobedased-korvarongad-unenaopuudja","status":"publish","type":"product","link":"https:\/\/colibri-jewels.eu\/et\/toode\/hobedased-korvarongad-unenaopuudja\/","title":{"rendered":"H\u00f5bedased k\u00f5rvar\u00f5ngad &#8220;Unen\u00e4op\u00fc\u00fcdja&#8221;"},"content":{"rendered":"<p><strong>H\u00f5bedased k\u00f5rvar\u00f5ngad Unen\u00e4op\u00fc\u00fcdja<\/strong><\/p>\n<p>H\u00f5bedased Unen\u00e4op\u00fc\u00fcdja k\u00f5rvar\u00f5ngad pole mitte ainult stiilne aksessuaar, vaid ka v\u00f5imas amulett, mis kaitseb halbade unen\u00e4gude ja negatiivse energia eest. Iidsetest traditsioonidest inspireeritud k\u00f5rvar\u00f5ngad kehastavad maagiat ja j\u00f5udu, edastades omanikule kaitset ja harmooniat. Legendi j\u00e4rgi aitab unen\u00e4op\u00fc\u00fcdja luupainajaid eemale peletada ja rahulikku und tuua. Kvaliteetsest h\u00f5bedast valmistatud k\u00f5rvar\u00f5ngad on suurep\u00e4raseks lisandiks igale v\u00e4limusele ning annavad enesekindluse ja heaolutunde.<\/p>\n<p>K\u00f5rvar\u00f5nga kaal 4,93 g.<\/p>\n","protected":false},"excerpt":{"rendered":"<p>K\u00f5rvar\u00f5nga kaal 4,93 g.<\/p>\n<p>K\u00f5rvar\u00f5ngaste suurus &#8211; 5 cm.<\/p>\n","protected":false},"featured_media":43403,"comment_status":"open","ping_status":"closed","template":"","meta":[],"etheme_brands":[],"product_brand":[],"product_cat":[469],"product_tag":[],"class_list":{"0":"post-43683","1":"product","2":"type-product","3":"status-publish","4":"has-post-thumbnail","6":"product_cat-korvarongad","8":"first","9":"outofstock","10":"shipping-taxable","11":"purchasable","12":"product-type-simple"},"acf":[],"yoast_head":"<!-- This site is optimized with the Yoast SEO Premium plugin v26.5 (Yoast SEO v26.8) - https:\/\/yoast.com\/product\/yoast-seo-premium-wordpress\/ -->\n<title>H\u00f5bedased k\u00f5rvar\u00f5ngad &quot;Unen\u00e4op\u00fc\u00fcdja&quot;<\/title>\n<meta name=\"description\" content=\"H\u00f5bedast k\u00f5rvar\u00f5ngad &quot;Unen\u00e4op\u00fc\u00fcdja&quot; - stiilne ja maagiline amulett kaitseks \u00f5udusunen\u00e4gude eest. Elegantne disain ja iidse amuleti j\u00f5ud tagavad teile rahuliku une ja harmoonia.\" \/>\n<meta name=\"robots\" content=\"index, follow, max-snippet:-1, max-image-preview:large, max-video-preview:-1\" \/>\n<link rel=\"canonical\" href=\"https:\/\/colibri-jewels.eu\/et\/toode\/hobedased-korvarongad-unenaopuudja\/\" \/>\n<meta property=\"og:locale\" content=\"et_EE\" \/>\n<meta property=\"og:type\" content=\"article\" \/>\n<meta property=\"og:title\" content=\"H\u00f5bedased k\u00f5rvar\u00f5ngad &quot;Unen\u00e4op\u00fc\u00fcdja&quot;\" \/>\n<meta property=\"og:description\" content=\"H\u00f5bedast k\u00f5rvar\u00f5ngad &quot;Unen\u00e4op\u00fc\u00fcdja&quot; - stiilne ja maagiline amulett kaitseks \u00f5udusunen\u00e4gude eest. Elegantne disain ja iidse amuleti j\u00f5ud tagavad teile rahuliku une ja harmoonia.\" \/>\n<meta property=\"og:url\" content=\"https:\/\/colibri-jewels.eu\/et\/toode\/hobedased-korvarongad-unenaopuudja\/\" \/>\n<meta property=\"og:site_name\" content=\"Colibri jewels\" \/>\n<meta property=\"article:publisher\" content=\"https:\/\/www.facebook.com\/colibri.jewels\" \/>\n<meta property=\"article:modified_time\" content=\"2024-12-15T11:24:01+00:00\" \/>\n<meta property=\"og:image\" content=\"https:\/\/colibri-jewels.eu\/wp-content\/uploads\/2024\/12\/silver-earrings-dream-catcher.jpg\" \/>\n\t<meta property=\"og:image:width\" content=\"1000\" \/>\n\t<meta property=\"og:image:height\" content=\"1000\" \/>\n\t<meta property=\"og:image:type\" content=\"image\/jpeg\" \/>\n<meta name=\"twitter:card\" content=\"summary_large_image\" \/>\n<script type=\"application\/ld+json\" class=\"yoast-schema-graph\">{\"@context\":\"https:\/\/schema.org\",\"@graph\":[{\"@type\":\"WebPage\",\"@id\":\"https:\/\/colibri-jewels.eu\/et\/toode\/hobedased-korvarongad-unenaopuudja\/\",\"url\":\"https:\/\/colibri-jewels.eu\/et\/toode\/hobedased-korvarongad-unenaopuudja\/\",\"name\":\"H\u00f5bedased k\u00f5rvar\u00f5ngad \\\"Unen\u00e4op\u00fc\u00fcdja\\\"\",\"isPartOf\":{\"@id\":\"https:\/\/colibri-jewels.eu\/et\/#website\"},\"primaryImageOfPage\":{\"@id\":\"https:\/\/colibri-jewels.eu\/et\/toode\/hobedased-korvarongad-unenaopuudja\/#primaryimage\"},\"image\":{\"@id\":\"https:\/\/colibri-jewels.eu\/et\/toode\/hobedased-korvarongad-unenaopuudja\/#primaryimage\"},\"thumbnailUrl\":\"https:\/\/colibri-jewels.eu\/wp-content\/uploads\/2024\/12\/silver-earrings-dream-catcher.jpg\",\"datePublished\":\"2024-12-13T14:15:42+00:00\",\"dateModified\":\"2024-12-15T11:24:01+00:00\",\"description\":\"H\u00f5bedast k\u00f5rvar\u00f5ngad \\\"Unen\u00e4op\u00fc\u00fcdja\\\" - stiilne ja maagiline amulett kaitseks \u00f5udusunen\u00e4gude eest. Elegantne disain ja iidse amuleti j\u00f5ud tagavad teile rahuliku une ja harmoonia.\",\"breadcrumb\":{\"@id\":\"https:\/\/colibri-jewels.eu\/et\/toode\/hobedased-korvarongad-unenaopuudja\/#breadcrumb\"},\"inLanguage\":\"et\",\"potentialAction\":[{\"@type\":\"ReadAction\",\"target\":[\"https:\/\/colibri-jewels.eu\/et\/toode\/hobedased-korvarongad-unenaopuudja\/\"]}]},{\"@type\":\"ImageObject\",\"inLanguage\":\"et\",\"@id\":\"https:\/\/colibri-jewels.eu\/et\/toode\/hobedased-korvarongad-unenaopuudja\/#primaryimage\",\"url\":\"https:\/\/colibri-jewels.eu\/wp-content\/uploads\/2024\/12\/silver-earrings-dream-catcher.jpg\",\"contentUrl\":\"https:\/\/colibri-jewels.eu\/wp-content\/uploads\/2024\/12\/silver-earrings-dream-catcher.jpg\",\"width\":1000,\"height\":1000},{\"@type\":\"BreadcrumbList\",\"@id\":\"https:\/\/colibri-jewels.eu\/et\/toode\/hobedased-korvarongad-unenaopuudja\/#breadcrumb\",\"itemListElement\":[{\"@type\":\"ListItem\",\"position\":1,\"name\":\"\u0413\u043b\u0430\u0432\u043d\u0430\u044f \u0441\u0442\u0440\u0430\u043d\u0438\u0446\u0430\",\"item\":\"https:\/\/colibri-jewels.eu\/et\/\"},{\"@type\":\"ListItem\",\"position\":2,\"name\":\"Pood\",\"item\":\"https:\/\/colibri-jewels.eu\/et\/pood\/\"},{\"@type\":\"ListItem\",\"position\":3,\"name\":\"H\u00f5bedased k\u00f5rvar\u00f5ngad &#8220;Unen\u00e4op\u00fc\u00fcdja&#8221;\"}]},{\"@type\":\"WebSite\",\"@id\":\"https:\/\/colibri-jewels.eu\/et\/#website\",\"url\":\"https:\/\/colibri-jewels.eu\/et\/\",\"name\":\"Colibri jewels\",\"description\":\"jewelry shop\",\"publisher\":{\"@id\":\"https:\/\/colibri-jewels.eu\/et\/#organization\"},\"potentialAction\":[{\"@type\":\"SearchAction\",\"target\":{\"@type\":\"EntryPoint\",\"urlTemplate\":\"https:\/\/colibri-jewels.eu\/et\/?s={search_term_string}\"},\"query-input\":{\"@type\":\"PropertyValueSpecification\",\"valueRequired\":true,\"valueName\":\"search_term_string\"}}],\"inLanguage\":\"et\"},{\"@type\":\"Organization\",\"@id\":\"https:\/\/colibri-jewels.eu\/et\/#organization\",\"name\":\"O\u00dc Colibri\",\"url\":\"https:\/\/colibri-jewels.eu\/et\/\",\"logo\":{\"@type\":\"ImageObject\",\"inLanguage\":\"et\",\"@id\":\"https:\/\/colibri-jewels.eu\/et\/#\/schema\/logo\/image\/\",\"url\":\"https:\/\/dev.colibri-jewels.eu\/wp-content\/uploads\/2021\/03\/colibri.png\",\"contentUrl\":\"https:\/\/dev.colibri-jewels.eu\/wp-content\/uploads\/2021\/03\/colibri.png\",\"width\":227,\"height\":130,\"caption\":\"O\u00dc Colibri\"},\"image\":{\"@id\":\"https:\/\/colibri-jewels.eu\/et\/#\/schema\/logo\/image\/\"},\"sameAs\":[\"https:\/\/www.facebook.com\/colibri.jewels\",\"https:\/\/www.instagram.com\/colibri.jewels\",\"https:\/\/www.tiktok.com\/colibri.jewels\"]}]}<\/script>\n<!-- \/ Yoast SEO Premium plugin. -->","yoast_head_json":{"title":"H\u00f5bedased k\u00f5rvar\u00f5ngad \"Unen\u00e4op\u00fc\u00fcdja\"","description":"H\u00f5bedast k\u00f5rvar\u00f5ngad \"Unen\u00e4op\u00fc\u00fcdja\" - stiilne ja maagiline amulett kaitseks \u00f5udusunen\u00e4gude eest. Elegantne disain ja iidse amuleti j\u00f5ud tagavad teile rahuliku une ja harmoonia.","robots":{"index":"index","follow":"follow","max-snippet":"max-snippet:-1","max-image-preview":"max-image-preview:large","max-video-preview":"max-video-preview:-1"},"canonical":"https:\/\/colibri-jewels.eu\/et\/toode\/hobedased-korvarongad-unenaopuudja\/","og_locale":"et_EE","og_type":"article","og_title":"H\u00f5bedased k\u00f5rvar\u00f5ngad \"Unen\u00e4op\u00fc\u00fcdja\"","og_description":"H\u00f5bedast k\u00f5rvar\u00f5ngad \"Unen\u00e4op\u00fc\u00fcdja\" - stiilne ja maagiline amulett kaitseks \u00f5udusunen\u00e4gude eest. Elegantne disain ja iidse amuleti j\u00f5ud tagavad teile rahuliku une ja harmoonia.","og_url":"https:\/\/colibri-jewels.eu\/et\/toode\/hobedased-korvarongad-unenaopuudja\/","og_site_name":"Colibri jewels","article_publisher":"https:\/\/www.facebook.com\/colibri.jewels","article_modified_time":"2024-12-15T11:24:01+00:00","og_image":[{"width":1000,"height":1000,"url":"https:\/\/colibri-jewels.eu\/wp-content\/uploads\/2024\/12\/silver-earrings-dream-catcher.jpg","type":"image\/jpeg"}],"twitter_card":"summary_large_image","schema":{"@context":"https:\/\/schema.org","@graph":[{"@type":"WebPage","@id":"https:\/\/colibri-jewels.eu\/et\/toode\/hobedased-korvarongad-unenaopuudja\/","url":"https:\/\/colibri-jewels.eu\/et\/toode\/hobedased-korvarongad-unenaopuudja\/","name":"H\u00f5bedased k\u00f5rvar\u00f5ngad \"Unen\u00e4op\u00fc\u00fcdja\"","isPartOf":{"@id":"https:\/\/colibri-jewels.eu\/et\/#website"},"primaryImageOfPage":{"@id":"https:\/\/colibri-jewels.eu\/et\/toode\/hobedased-korvarongad-unenaopuudja\/#primaryimage"},"image":{"@id":"https:\/\/colibri-jewels.eu\/et\/toode\/hobedased-korvarongad-unenaopuudja\/#primaryimage"},"thumbnailUrl":"https:\/\/colibri-jewels.eu\/wp-content\/uploads\/2024\/12\/silver-earrings-dream-catcher.jpg","datePublished":"2024-12-13T14:15:42+00:00","dateModified":"2024-12-15T11:24:01+00:00","description":"H\u00f5bedast k\u00f5rvar\u00f5ngad \"Unen\u00e4op\u00fc\u00fcdja\" - stiilne ja maagiline amulett kaitseks \u00f5udusunen\u00e4gude eest. Elegantne disain ja iidse amuleti j\u00f5ud tagavad teile rahuliku une ja harmoonia.","breadcrumb":{"@id":"https:\/\/colibri-jewels.eu\/et\/toode\/hobedased-korvarongad-unenaopuudja\/#breadcrumb"},"inLanguage":"et","potentialAction":[{"@type":"ReadAction","target":["https:\/\/colibri-jewels.eu\/et\/toode\/hobedased-korvarongad-unenaopuudja\/"]}]},{"@type":"ImageObject","inLanguage":"et","@id":"https:\/\/colibri-jewels.eu\/et\/toode\/hobedased-korvarongad-unenaopuudja\/#primaryimage","url":"https:\/\/colibri-jewels.eu\/wp-content\/uploads\/2024\/12\/silver-earrings-dream-catcher.jpg","contentUrl":"https:\/\/colibri-jewels.eu\/wp-content\/uploads\/2024\/12\/silver-earrings-dream-catcher.jpg","width":1000,"height":1000},{"@type":"BreadcrumbList","@id":"https:\/\/colibri-jewels.eu\/et\/toode\/hobedased-korvarongad-unenaopuudja\/#breadcrumb","itemListElement":[{"@type":"ListItem","position":1,"name":"\u0413\u043b\u0430\u0432\u043d\u0430\u044f \u0441\u0442\u0440\u0430\u043d\u0438\u0446\u0430","item":"https:\/\/colibri-jewels.eu\/et\/"},{"@type":"ListItem","position":2,"name":"Pood","item":"https:\/\/colibri-jewels.eu\/et\/pood\/"},{"@type":"ListItem","position":3,"name":"H\u00f5bedased k\u00f5rvar\u00f5ngad &#8220;Unen\u00e4op\u00fc\u00fcdja&#8221;"}]},{"@type":"WebSite","@id":"https:\/\/colibri-jewels.eu\/et\/#website","url":"https:\/\/colibri-jewels.eu\/et\/","name":"Colibri jewels","description":"jewelry shop","publisher":{"@id":"https:\/\/colibri-jewels.eu\/et\/#organization"},"potentialAction":[{"@type":"SearchAction","target":{"@type":"EntryPoint","urlTemplate":"https:\/\/colibri-jewels.eu\/et\/?s={search_term_string}"},"query-input":{"@type":"PropertyValueSpecification","valueRequired":true,"valueName":"search_term_string"}}],"inLanguage":"et"},{"@type":"Organization","@id":"https:\/\/colibri-jewels.eu\/et\/#organization","name":"O\u00dc Colibri","url":"https:\/\/colibri-jewels.eu\/et\/","logo":{"@type":"ImageObject","inLanguage":"et","@id":"https:\/\/colibri-jewels.eu\/et\/#\/schema\/logo\/image\/","url":"https:\/\/dev.colibri-jewels.eu\/wp-content\/uploads\/2021\/03\/colibri.png","contentUrl":"https:\/\/dev.colibri-jewels.eu\/wp-content\/uploads\/2021\/03\/colibri.png","width":227,"height":130,"caption":"O\u00dc Colibri"},"image":{"@id":"https:\/\/colibri-jewels.eu\/et\/#\/schema\/logo\/image\/"},"sameAs":["https:\/\/www.facebook.com\/colibri.jewels","https:\/\/www.instagram.com\/colibri.jewels","https:\/\/www.tiktok.com\/colibri.jewels"]}]}},"_links":{"self":[{"href":"https:\/\/colibri-jewels.eu\/et\/wp-json\/wp\/v2\/product\/43683","targetHints":{"allow":["GET"]}}],"collection":[{"href":"https:\/\/colibri-jewels.eu\/et\/wp-json\/wp\/v2\/product"}],"about":[{"href":"https:\/\/colibri-jewels.eu\/et\/wp-json\/wp\/v2\/types\/product"}],"replies":[{"embeddable":true,"href":"https:\/\/colibri-jewels.eu\/et\/wp-json\/wp\/v2\/comments?post=43683"}],"version-history":[{"count":0,"href":"https:\/\/colibri-jewels.eu\/et\/wp-json\/wp\/v2\/product\/43683\/revisions"}],"wp:featuredmedia":[{"embeddable":true,"href":"https:\/\/colibri-jewels.eu\/et\/wp-json\/wp\/v2\/media\/43403"}],"wp:attachment":[{"href":"https:\/\/colibri-jewels.eu\/et\/wp-json\/wp\/v2\/media?parent=43683"}],"wp:term":[{"taxonomy":"brand","embeddable":true,"href":"https:\/\/colibri-jewels.eu\/et\/wp-json\/wp\/v2\/etheme_brands?post=43683"},{"taxonomy":"product_brand","embeddable":true,"href":"https:\/\/colibri-jewels.eu\/et\/wp-json\/wp\/v2\/product_brand?post=43683"},{"taxonomy":"product_cat","embeddable":true,"href":"https:\/\/colibri-jewels.eu\/et\/wp-json\/wp\/v2\/product_cat?post=43683"},{"taxonomy":"product_tag","embeddable":true,"href":"https:\/\/colibri-jewels.eu\/et\/wp-json\/wp\/v2\/product_tag?post=43683"}],"curies":[{"name":"wp","href":"https:\/\/api.w.org\/{rel}","templated":true}]}}