{"id":43686,"date":"2024-12-13T16:24:03","date_gmt":"2024-12-13T14:24:03","guid":{"rendered":"https:\/\/dev.colibri-jewels.eu\/?post_type=product&#038;p=43686"},"modified":"2024-12-15T13:13:23","modified_gmt":"2024-12-15T11:13:23","slug":"hobedane-ripats-unenaopuudja","status":"publish","type":"product","link":"https:\/\/colibri-jewels.eu\/et\/toode\/hobedane-ripats-unenaopuudja\/","title":{"rendered":"H\u00f5bedane ripats &#8220;Unen\u00e4op\u00fc\u00fcdja&#8221;"},"content":{"rendered":"<p><strong>H\u00f5bedane ripats Unen\u00e4op\u00fc\u00fcdja<\/strong><\/p>\n<p>H\u00f5bedane Unen\u00e4op\u00fc\u00fcdja ripats ei ole lihtsalt kaunistus, vaid kaitse ja tugevuse s\u00fcmbol. Legendi j\u00e4rgi kaitseb unen\u00e4op\u00fc\u00fcdja magajat kurja eest, neelates halbu unen\u00e4gusid oma v\u00f5rku, kuni \u00f6\u00f6valgus need lahustab. Ripats on ideaalne aksessuaar neile, kes hindavad maagiat ja traditsioone. Selle peen disain ja kvaliteetne h\u00f5be muudavad selle ripatsi suurep\u00e4raseks valikuks igaks s\u00fcndmuseks. Andke endale v\u00f5i oma l\u00e4hedastele kaitset \u00f5udusunen\u00e4gude eest ja muutke iga hetk veelgi maagilisemaks.    <\/p>\n<p>&nbsp;<\/p>\n","protected":false},"excerpt":{"rendered":"<p>Ripatsi keskmine kaal 1,52 g.<\/p>\n<p>Ripatsi suurus &#8211; 3,5 cm.<\/p>\n","protected":false},"featured_media":43433,"comment_status":"open","ping_status":"closed","template":"","meta":[],"etheme_brands":[],"product_brand":[],"product_cat":[470],"product_tag":[],"class_list":{"0":"post-43686","1":"product","2":"type-product","3":"status-publish","4":"has-post-thumbnail","6":"product_cat-kaelakeed-ja-ripatsid","8":"first","9":"instock","10":"shipping-taxable","11":"purchasable","12":"product-type-simple"},"acf":[],"yoast_head":"<!-- This site is optimized with the Yoast SEO Premium plugin v26.5 (Yoast SEO v26.8) - https:\/\/yoast.com\/product\/yoast-seo-premium-wordpress\/ -->\n<title>H\u00f5bedane ripats &quot;Unen\u00e4op\u00fc\u00fcdja&quot; - Colibri jewels<\/title>\n<meta name=\"description\" content=\"H\u00f5bedast ripats &quot;Unen\u00e4op\u00fc\u00fcdja&quot; - ehe, mis toob kaitset ja harmooniat. Legend r\u00e4\u00e4gib, et see aitab s\u00e4ilitada rahu ja kaitset \u00f5udusunen\u00e4gude eest.\" \/>\n<meta name=\"robots\" content=\"index, follow, max-snippet:-1, max-image-preview:large, max-video-preview:-1\" \/>\n<link rel=\"canonical\" href=\"https:\/\/colibri-jewels.eu\/et\/toode\/hobedane-ripats-unenaopuudja\/\" \/>\n<meta property=\"og:locale\" content=\"et_EE\" \/>\n<meta property=\"og:type\" content=\"article\" \/>\n<meta property=\"og:title\" content=\"H\u00f5bedane ripats &quot;Unen\u00e4op\u00fc\u00fcdja&quot;\" \/>\n<meta property=\"og:description\" content=\"H\u00f5bedast ripats &quot;Unen\u00e4op\u00fc\u00fcdja&quot; - ehe, mis toob kaitset ja harmooniat. Legend r\u00e4\u00e4gib, et see aitab s\u00e4ilitada rahu ja kaitset \u00f5udusunen\u00e4gude eest.\" \/>\n<meta property=\"og:url\" content=\"https:\/\/colibri-jewels.eu\/et\/toode\/hobedane-ripats-unenaopuudja\/\" \/>\n<meta property=\"og:site_name\" content=\"Colibri jewels\" \/>\n<meta property=\"article:publisher\" content=\"https:\/\/www.facebook.com\/colibri.jewels\" \/>\n<meta property=\"article:modified_time\" content=\"2024-12-15T11:13:23+00:00\" \/>\n<meta property=\"og:image\" content=\"https:\/\/colibri-jewels.eu\/wp-content\/uploads\/2024\/12\/silver-pendant-dream-catcher.jpg\" \/>\n\t<meta property=\"og:image:width\" content=\"1000\" \/>\n\t<meta property=\"og:image:height\" content=\"1000\" \/>\n\t<meta property=\"og:image:type\" content=\"image\/jpeg\" \/>\n<meta name=\"twitter:card\" content=\"summary_large_image\" \/>\n<script type=\"application\/ld+json\" class=\"yoast-schema-graph\">{\"@context\":\"https:\/\/schema.org\",\"@graph\":[{\"@type\":\"WebPage\",\"@id\":\"https:\/\/colibri-jewels.eu\/et\/toode\/hobedane-ripats-unenaopuudja\/\",\"url\":\"https:\/\/colibri-jewels.eu\/et\/toode\/hobedane-ripats-unenaopuudja\/\",\"name\":\"H\u00f5bedane ripats \\\"Unen\u00e4op\u00fc\u00fcdja\\\" - Colibri jewels\",\"isPartOf\":{\"@id\":\"https:\/\/colibri-jewels.eu\/et\/#website\"},\"primaryImageOfPage\":{\"@id\":\"https:\/\/colibri-jewels.eu\/et\/toode\/hobedane-ripats-unenaopuudja\/#primaryimage\"},\"image\":{\"@id\":\"https:\/\/colibri-jewels.eu\/et\/toode\/hobedane-ripats-unenaopuudja\/#primaryimage\"},\"thumbnailUrl\":\"https:\/\/colibri-jewels.eu\/wp-content\/uploads\/2024\/12\/silver-pendant-dream-catcher.jpg\",\"datePublished\":\"2024-12-13T14:24:03+00:00\",\"dateModified\":\"2024-12-15T11:13:23+00:00\",\"description\":\"H\u00f5bedast ripats \\\"Unen\u00e4op\u00fc\u00fcdja\\\" - ehe, mis toob kaitset ja harmooniat. Legend r\u00e4\u00e4gib, et see aitab s\u00e4ilitada rahu ja kaitset \u00f5udusunen\u00e4gude eest.\",\"breadcrumb\":{\"@id\":\"https:\/\/colibri-jewels.eu\/et\/toode\/hobedane-ripats-unenaopuudja\/#breadcrumb\"},\"inLanguage\":\"et\",\"potentialAction\":[{\"@type\":\"ReadAction\",\"target\":[\"https:\/\/colibri-jewels.eu\/et\/toode\/hobedane-ripats-unenaopuudja\/\"]}]},{\"@type\":\"ImageObject\",\"inLanguage\":\"et\",\"@id\":\"https:\/\/colibri-jewels.eu\/et\/toode\/hobedane-ripats-unenaopuudja\/#primaryimage\",\"url\":\"https:\/\/colibri-jewels.eu\/wp-content\/uploads\/2024\/12\/silver-pendant-dream-catcher.jpg\",\"contentUrl\":\"https:\/\/colibri-jewels.eu\/wp-content\/uploads\/2024\/12\/silver-pendant-dream-catcher.jpg\",\"width\":1000,\"height\":1000},{\"@type\":\"BreadcrumbList\",\"@id\":\"https:\/\/colibri-jewels.eu\/et\/toode\/hobedane-ripats-unenaopuudja\/#breadcrumb\",\"itemListElement\":[{\"@type\":\"ListItem\",\"position\":1,\"name\":\"\u0413\u043b\u0430\u0432\u043d\u0430\u044f \u0441\u0442\u0440\u0430\u043d\u0438\u0446\u0430\",\"item\":\"https:\/\/colibri-jewels.eu\/et\/\"},{\"@type\":\"ListItem\",\"position\":2,\"name\":\"Pood\",\"item\":\"https:\/\/colibri-jewels.eu\/et\/pood\/\"},{\"@type\":\"ListItem\",\"position\":3,\"name\":\"H\u00f5bedane ripats &#8220;Unen\u00e4op\u00fc\u00fcdja&#8221;\"}]},{\"@type\":\"WebSite\",\"@id\":\"https:\/\/colibri-jewels.eu\/et\/#website\",\"url\":\"https:\/\/colibri-jewels.eu\/et\/\",\"name\":\"Colibri jewels\",\"description\":\"jewelry shop\",\"publisher\":{\"@id\":\"https:\/\/colibri-jewels.eu\/et\/#organization\"},\"potentialAction\":[{\"@type\":\"SearchAction\",\"target\":{\"@type\":\"EntryPoint\",\"urlTemplate\":\"https:\/\/colibri-jewels.eu\/et\/?s={search_term_string}\"},\"query-input\":{\"@type\":\"PropertyValueSpecification\",\"valueRequired\":true,\"valueName\":\"search_term_string\"}}],\"inLanguage\":\"et\"},{\"@type\":\"Organization\",\"@id\":\"https:\/\/colibri-jewels.eu\/et\/#organization\",\"name\":\"O\u00dc Colibri\",\"url\":\"https:\/\/colibri-jewels.eu\/et\/\",\"logo\":{\"@type\":\"ImageObject\",\"inLanguage\":\"et\",\"@id\":\"https:\/\/colibri-jewels.eu\/et\/#\/schema\/logo\/image\/\",\"url\":\"https:\/\/dev.colibri-jewels.eu\/wp-content\/uploads\/2021\/03\/colibri.png\",\"contentUrl\":\"https:\/\/dev.colibri-jewels.eu\/wp-content\/uploads\/2021\/03\/colibri.png\",\"width\":227,\"height\":130,\"caption\":\"O\u00dc Colibri\"},\"image\":{\"@id\":\"https:\/\/colibri-jewels.eu\/et\/#\/schema\/logo\/image\/\"},\"sameAs\":[\"https:\/\/www.facebook.com\/colibri.jewels\",\"https:\/\/www.instagram.com\/colibri.jewels\",\"https:\/\/www.tiktok.com\/colibri.jewels\"]}]}<\/script>\n<!-- \/ Yoast SEO Premium plugin. -->","yoast_head_json":{"title":"H\u00f5bedane ripats \"Unen\u00e4op\u00fc\u00fcdja\" - Colibri jewels","description":"H\u00f5bedast ripats \"Unen\u00e4op\u00fc\u00fcdja\" - ehe, mis toob kaitset ja harmooniat. Legend r\u00e4\u00e4gib, et see aitab s\u00e4ilitada rahu ja kaitset \u00f5udusunen\u00e4gude eest.","robots":{"index":"index","follow":"follow","max-snippet":"max-snippet:-1","max-image-preview":"max-image-preview:large","max-video-preview":"max-video-preview:-1"},"canonical":"https:\/\/colibri-jewels.eu\/et\/toode\/hobedane-ripats-unenaopuudja\/","og_locale":"et_EE","og_type":"article","og_title":"H\u00f5bedane ripats \"Unen\u00e4op\u00fc\u00fcdja\"","og_description":"H\u00f5bedast ripats \"Unen\u00e4op\u00fc\u00fcdja\" - ehe, mis toob kaitset ja harmooniat. Legend r\u00e4\u00e4gib, et see aitab s\u00e4ilitada rahu ja kaitset \u00f5udusunen\u00e4gude eest.","og_url":"https:\/\/colibri-jewels.eu\/et\/toode\/hobedane-ripats-unenaopuudja\/","og_site_name":"Colibri jewels","article_publisher":"https:\/\/www.facebook.com\/colibri.jewels","article_modified_time":"2024-12-15T11:13:23+00:00","og_image":[{"width":1000,"height":1000,"url":"https:\/\/colibri-jewels.eu\/wp-content\/uploads\/2024\/12\/silver-pendant-dream-catcher.jpg","type":"image\/jpeg"}],"twitter_card":"summary_large_image","schema":{"@context":"https:\/\/schema.org","@graph":[{"@type":"WebPage","@id":"https:\/\/colibri-jewels.eu\/et\/toode\/hobedane-ripats-unenaopuudja\/","url":"https:\/\/colibri-jewels.eu\/et\/toode\/hobedane-ripats-unenaopuudja\/","name":"H\u00f5bedane ripats \"Unen\u00e4op\u00fc\u00fcdja\" - Colibri jewels","isPartOf":{"@id":"https:\/\/colibri-jewels.eu\/et\/#website"},"primaryImageOfPage":{"@id":"https:\/\/colibri-jewels.eu\/et\/toode\/hobedane-ripats-unenaopuudja\/#primaryimage"},"image":{"@id":"https:\/\/colibri-jewels.eu\/et\/toode\/hobedane-ripats-unenaopuudja\/#primaryimage"},"thumbnailUrl":"https:\/\/colibri-jewels.eu\/wp-content\/uploads\/2024\/12\/silver-pendant-dream-catcher.jpg","datePublished":"2024-12-13T14:24:03+00:00","dateModified":"2024-12-15T11:13:23+00:00","description":"H\u00f5bedast ripats \"Unen\u00e4op\u00fc\u00fcdja\" - ehe, mis toob kaitset ja harmooniat. Legend r\u00e4\u00e4gib, et see aitab s\u00e4ilitada rahu ja kaitset \u00f5udusunen\u00e4gude eest.","breadcrumb":{"@id":"https:\/\/colibri-jewels.eu\/et\/toode\/hobedane-ripats-unenaopuudja\/#breadcrumb"},"inLanguage":"et","potentialAction":[{"@type":"ReadAction","target":["https:\/\/colibri-jewels.eu\/et\/toode\/hobedane-ripats-unenaopuudja\/"]}]},{"@type":"ImageObject","inLanguage":"et","@id":"https:\/\/colibri-jewels.eu\/et\/toode\/hobedane-ripats-unenaopuudja\/#primaryimage","url":"https:\/\/colibri-jewels.eu\/wp-content\/uploads\/2024\/12\/silver-pendant-dream-catcher.jpg","contentUrl":"https:\/\/colibri-jewels.eu\/wp-content\/uploads\/2024\/12\/silver-pendant-dream-catcher.jpg","width":1000,"height":1000},{"@type":"BreadcrumbList","@id":"https:\/\/colibri-jewels.eu\/et\/toode\/hobedane-ripats-unenaopuudja\/#breadcrumb","itemListElement":[{"@type":"ListItem","position":1,"name":"\u0413\u043b\u0430\u0432\u043d\u0430\u044f \u0441\u0442\u0440\u0430\u043d\u0438\u0446\u0430","item":"https:\/\/colibri-jewels.eu\/et\/"},{"@type":"ListItem","position":2,"name":"Pood","item":"https:\/\/colibri-jewels.eu\/et\/pood\/"},{"@type":"ListItem","position":3,"name":"H\u00f5bedane ripats &#8220;Unen\u00e4op\u00fc\u00fcdja&#8221;"}]},{"@type":"WebSite","@id":"https:\/\/colibri-jewels.eu\/et\/#website","url":"https:\/\/colibri-jewels.eu\/et\/","name":"Colibri jewels","description":"jewelry shop","publisher":{"@id":"https:\/\/colibri-jewels.eu\/et\/#organization"},"potentialAction":[{"@type":"SearchAction","target":{"@type":"EntryPoint","urlTemplate":"https:\/\/colibri-jewels.eu\/et\/?s={search_term_string}"},"query-input":{"@type":"PropertyValueSpecification","valueRequired":true,"valueName":"search_term_string"}}],"inLanguage":"et"},{"@type":"Organization","@id":"https:\/\/colibri-jewels.eu\/et\/#organization","name":"O\u00dc Colibri","url":"https:\/\/colibri-jewels.eu\/et\/","logo":{"@type":"ImageObject","inLanguage":"et","@id":"https:\/\/colibri-jewels.eu\/et\/#\/schema\/logo\/image\/","url":"https:\/\/dev.colibri-jewels.eu\/wp-content\/uploads\/2021\/03\/colibri.png","contentUrl":"https:\/\/dev.colibri-jewels.eu\/wp-content\/uploads\/2021\/03\/colibri.png","width":227,"height":130,"caption":"O\u00dc Colibri"},"image":{"@id":"https:\/\/colibri-jewels.eu\/et\/#\/schema\/logo\/image\/"},"sameAs":["https:\/\/www.facebook.com\/colibri.jewels","https:\/\/www.instagram.com\/colibri.jewels","https:\/\/www.tiktok.com\/colibri.jewels"]}]}},"_links":{"self":[{"href":"https:\/\/colibri-jewels.eu\/et\/wp-json\/wp\/v2\/product\/43686","targetHints":{"allow":["GET"]}}],"collection":[{"href":"https:\/\/colibri-jewels.eu\/et\/wp-json\/wp\/v2\/product"}],"about":[{"href":"https:\/\/colibri-jewels.eu\/et\/wp-json\/wp\/v2\/types\/product"}],"replies":[{"embeddable":true,"href":"https:\/\/colibri-jewels.eu\/et\/wp-json\/wp\/v2\/comments?post=43686"}],"version-history":[{"count":0,"href":"https:\/\/colibri-jewels.eu\/et\/wp-json\/wp\/v2\/product\/43686\/revisions"}],"wp:featuredmedia":[{"embeddable":true,"href":"https:\/\/colibri-jewels.eu\/et\/wp-json\/wp\/v2\/media\/43433"}],"wp:attachment":[{"href":"https:\/\/colibri-jewels.eu\/et\/wp-json\/wp\/v2\/media?parent=43686"}],"wp:term":[{"taxonomy":"brand","embeddable":true,"href":"https:\/\/colibri-jewels.eu\/et\/wp-json\/wp\/v2\/etheme_brands?post=43686"},{"taxonomy":"product_brand","embeddable":true,"href":"https:\/\/colibri-jewels.eu\/et\/wp-json\/wp\/v2\/product_brand?post=43686"},{"taxonomy":"product_cat","embeddable":true,"href":"https:\/\/colibri-jewels.eu\/et\/wp-json\/wp\/v2\/product_cat?post=43686"},{"taxonomy":"product_tag","embeddable":true,"href":"https:\/\/colibri-jewels.eu\/et\/wp-json\/wp\/v2\/product_tag?post=43686"}],"curies":[{"name":"wp","href":"https:\/\/api.w.org\/{rel}","templated":true}]}}