{"id":43690,"date":"2024-12-13T17:00:19","date_gmt":"2024-12-13T15:00:19","guid":{"rendered":"https:\/\/dev.colibri-jewels.eu\/?post_type=product&#038;p=43690"},"modified":"2024-12-14T17:51:39","modified_gmt":"2024-12-14T15:51:39","slug":"hobesormus-merestiilis-nautilus","status":"publish","type":"product","link":"https:\/\/colibri-jewels.eu\/et\/toode\/hobesormus-merestiilis-nautilus\/","title":{"rendered":"H\u00f5bes\u00f5rmus merestiilis &#8220;Nautilus&#8221;"},"content":{"rendered":"<p data-pm-slice=\"1 1 []\"><strong>S\u00f5rmus &#8220;Nautilus&#8221;: j\u00f5u ja merele truuduse s\u00fcmbol<\/strong><\/p>\n<p>S\u00f5rmus &#8220;Nautilus&#8221; on elegantne h\u00f5beehe, mis on loodud t\u00f5elistele meestele, keda k\u00f6idab mere kutse. Reljeefsed mustrid ankrust, t\u00fcu\u00fcrist ja k\u00f5itest annavad s\u00f5rmusele erilise iseloomu ja t\u00e4henduse, s\u00fcmboliseerides julgust ja usaldusv\u00e4\u00e4rsust.<\/p>\n<p><strong>Kellele see s\u00f5rmus sobib?<\/strong> S\u00f5rmus &#8220;Nautilus&#8221; sobib ideaalselt neile, kelle elu on seotud merega: meremehed, seiklejad, sukeldujad v\u00f5i lihtsalt lained ja kiirus armastajad. See ehe peegeldab mehelikku iseloomu: j\u00f5udu, sihikindlust ja valmisolekut uurida &#8220;s\u00fcgavusi&#8221;.<\/p>\n<p><strong>S\u00f5rmuse omadused:<\/strong><\/p>\n<ul data-spread=\"false\">\n<li>Materjal: 925 prooviga h\u00f5be.<\/li>\n<li>Disain: meres\u00fcmbolid (ankur, t\u00fcu\u00fcr, k\u00f5ied).<\/li>\n<li>Ainulaadne k\u00e4sitsi valmistatud disain.<\/li>\n<li>Sobib igap\u00e4evaseks kandmiseks v\u00f5i pidulikeks s\u00fcnnmusteks<\/li>\n<\/ul>\n<p><strong>Miks valida see s\u00f5rmus?<\/strong> S\u00f5rmus &#8220;Nautilus&#8221; ei ole lihtsalt ehe, vaid tugeva ja vaba vaimu s\u00fcmbol. See r\u00f5hutab teie stiili ja on suurep\u00e4rane kingitus inimesele, keda v\u00f5lub lainete j\u00f5ud. Sellest saab teie isiklik talisman, mis kaitseb teid eluteel.<\/p>\n","protected":false},"excerpt":{"rendered":"<p>H\u00f5be 925*<\/p>\n<p>Keskmine kaal 5,5 g.<\/p>\n","protected":false},"featured_media":43487,"comment_status":"open","ping_status":"closed","template":"","meta":[],"etheme_brands":[],"product_brand":[],"product_cat":[471],"product_tag":[741],"class_list":{"0":"post-43690","1":"product","2":"type-product","3":"status-publish","4":"has-post-thumbnail","6":"product_cat-sormused","7":"product_tag-ehted-meestele","9":"first","10":"instock","11":"shipping-taxable","12":"purchasable","13":"product-type-variable"},"acf":[],"yoast_head":"<!-- This site is optimized with the Yoast SEO Premium plugin v26.5 (Yoast SEO v26.8) - https:\/\/yoast.com\/product\/yoast-seo-premium-wordpress\/ -->\n<title>H\u00f5bes\u00f5rmus merestiilis &quot;Nautilus&quot; - Colibri jewels<\/title>\n<meta name=\"description\" content=\"Elegantne h\u00f5bes\u00f5rmus &quot;Nautilus&quot; reljeefsete mustritega ankrust, t\u00fcu\u00fcrist ja k\u00f5itest. T\u00e4iuslik aksessuaar meestele, kelle elu on seotud merega. Stiil, j\u00f5ud, usaldusv\u00e4\u00e4rsus.\" \/>\n<meta name=\"robots\" content=\"index, follow, max-snippet:-1, max-image-preview:large, max-video-preview:-1\" \/>\n<link rel=\"canonical\" href=\"https:\/\/colibri-jewels.eu\/et\/toode\/hobesormus-merestiilis-nautilus\/\" \/>\n<meta property=\"og:locale\" content=\"et_EE\" \/>\n<meta property=\"og:type\" content=\"article\" \/>\n<meta property=\"og:title\" content=\"H\u00f5bes\u00f5rmus merestiilis &quot;Nautilus&quot;\" \/>\n<meta property=\"og:description\" content=\"Elegantne h\u00f5bes\u00f5rmus &quot;Nautilus&quot; reljeefsete mustritega ankrust, t\u00fcu\u00fcrist ja k\u00f5itest. T\u00e4iuslik aksessuaar meestele, kelle elu on seotud merega. Stiil, j\u00f5ud, usaldusv\u00e4\u00e4rsus.\" \/>\n<meta property=\"og:url\" content=\"https:\/\/colibri-jewels.eu\/et\/toode\/hobesormus-merestiilis-nautilus\/\" \/>\n<meta property=\"og:site_name\" content=\"Colibri jewels\" \/>\n<meta property=\"article:publisher\" content=\"https:\/\/www.facebook.com\/colibri.jewels\" \/>\n<meta property=\"article:modified_time\" content=\"2024-12-14T15:51:39+00:00\" \/>\n<meta property=\"og:image\" content=\"https:\/\/colibri-jewels.eu\/wp-content\/uploads\/2024\/12\/silver-men-ring-sea-style-for-seamen-nautilus.jpg\" \/>\n\t<meta property=\"og:image:width\" content=\"1000\" \/>\n\t<meta property=\"og:image:height\" content=\"1000\" \/>\n\t<meta property=\"og:image:type\" content=\"image\/jpeg\" \/>\n<meta name=\"twitter:card\" content=\"summary_large_image\" \/>\n<meta name=\"twitter:label1\" content=\"Est. reading time\" \/>\n\t<meta name=\"twitter:data1\" content=\"1 minut\" \/>\n<script type=\"application\/ld+json\" class=\"yoast-schema-graph\">{\"@context\":\"https:\/\/schema.org\",\"@graph\":[{\"@type\":\"WebPage\",\"@id\":\"https:\/\/colibri-jewels.eu\/et\/toode\/hobesormus-merestiilis-nautilus\/\",\"url\":\"https:\/\/colibri-jewels.eu\/et\/toode\/hobesormus-merestiilis-nautilus\/\",\"name\":\"H\u00f5bes\u00f5rmus merestiilis \\\"Nautilus\\\" - Colibri jewels\",\"isPartOf\":{\"@id\":\"https:\/\/colibri-jewels.eu\/et\/#website\"},\"primaryImageOfPage\":{\"@id\":\"https:\/\/colibri-jewels.eu\/et\/toode\/hobesormus-merestiilis-nautilus\/#primaryimage\"},\"image\":{\"@id\":\"https:\/\/colibri-jewels.eu\/et\/toode\/hobesormus-merestiilis-nautilus\/#primaryimage\"},\"thumbnailUrl\":\"https:\/\/colibri-jewels.eu\/wp-content\/uploads\/2024\/12\/silver-men-ring-sea-style-for-seamen-nautilus.jpg\",\"datePublished\":\"2024-12-13T15:00:19+00:00\",\"dateModified\":\"2024-12-14T15:51:39+00:00\",\"description\":\"Elegantne h\u00f5bes\u00f5rmus \\\"Nautilus\\\" reljeefsete mustritega ankrust, t\u00fcu\u00fcrist ja k\u00f5itest. T\u00e4iuslik aksessuaar meestele, kelle elu on seotud merega. Stiil, j\u00f5ud, usaldusv\u00e4\u00e4rsus.\",\"breadcrumb\":{\"@id\":\"https:\/\/colibri-jewels.eu\/et\/toode\/hobesormus-merestiilis-nautilus\/#breadcrumb\"},\"inLanguage\":\"et\",\"potentialAction\":[{\"@type\":\"ReadAction\",\"target\":[\"https:\/\/colibri-jewels.eu\/et\/toode\/hobesormus-merestiilis-nautilus\/\"]}]},{\"@type\":\"ImageObject\",\"inLanguage\":\"et\",\"@id\":\"https:\/\/colibri-jewels.eu\/et\/toode\/hobesormus-merestiilis-nautilus\/#primaryimage\",\"url\":\"https:\/\/colibri-jewels.eu\/wp-content\/uploads\/2024\/12\/silver-men-ring-sea-style-for-seamen-nautilus.jpg\",\"contentUrl\":\"https:\/\/colibri-jewels.eu\/wp-content\/uploads\/2024\/12\/silver-men-ring-sea-style-for-seamen-nautilus.jpg\",\"width\":1000,\"height\":1000},{\"@type\":\"BreadcrumbList\",\"@id\":\"https:\/\/colibri-jewels.eu\/et\/toode\/hobesormus-merestiilis-nautilus\/#breadcrumb\",\"itemListElement\":[{\"@type\":\"ListItem\",\"position\":1,\"name\":\"\u0413\u043b\u0430\u0432\u043d\u0430\u044f \u0441\u0442\u0440\u0430\u043d\u0438\u0446\u0430\",\"item\":\"https:\/\/colibri-jewels.eu\/et\/\"},{\"@type\":\"ListItem\",\"position\":2,\"name\":\"Pood\",\"item\":\"https:\/\/colibri-jewels.eu\/et\/pood\/\"},{\"@type\":\"ListItem\",\"position\":3,\"name\":\"H\u00f5bes\u00f5rmus merestiilis &#8220;Nautilus&#8221;\"}]},{\"@type\":\"WebSite\",\"@id\":\"https:\/\/colibri-jewels.eu\/et\/#website\",\"url\":\"https:\/\/colibri-jewels.eu\/et\/\",\"name\":\"Colibri jewels\",\"description\":\"jewelry shop\",\"publisher\":{\"@id\":\"https:\/\/colibri-jewels.eu\/et\/#organization\"},\"potentialAction\":[{\"@type\":\"SearchAction\",\"target\":{\"@type\":\"EntryPoint\",\"urlTemplate\":\"https:\/\/colibri-jewels.eu\/et\/?s={search_term_string}\"},\"query-input\":{\"@type\":\"PropertyValueSpecification\",\"valueRequired\":true,\"valueName\":\"search_term_string\"}}],\"inLanguage\":\"et\"},{\"@type\":\"Organization\",\"@id\":\"https:\/\/colibri-jewels.eu\/et\/#organization\",\"name\":\"O\u00dc Colibri\",\"url\":\"https:\/\/colibri-jewels.eu\/et\/\",\"logo\":{\"@type\":\"ImageObject\",\"inLanguage\":\"et\",\"@id\":\"https:\/\/colibri-jewels.eu\/et\/#\/schema\/logo\/image\/\",\"url\":\"https:\/\/dev.colibri-jewels.eu\/wp-content\/uploads\/2021\/03\/colibri.png\",\"contentUrl\":\"https:\/\/dev.colibri-jewels.eu\/wp-content\/uploads\/2021\/03\/colibri.png\",\"width\":227,\"height\":130,\"caption\":\"O\u00dc Colibri\"},\"image\":{\"@id\":\"https:\/\/colibri-jewels.eu\/et\/#\/schema\/logo\/image\/\"},\"sameAs\":[\"https:\/\/www.facebook.com\/colibri.jewels\",\"https:\/\/www.instagram.com\/colibri.jewels\",\"https:\/\/www.tiktok.com\/colibri.jewels\"]}]}<\/script>\n<!-- \/ Yoast SEO Premium plugin. -->","yoast_head_json":{"title":"H\u00f5bes\u00f5rmus merestiilis \"Nautilus\" - Colibri jewels","description":"Elegantne h\u00f5bes\u00f5rmus \"Nautilus\" reljeefsete mustritega ankrust, t\u00fcu\u00fcrist ja k\u00f5itest. T\u00e4iuslik aksessuaar meestele, kelle elu on seotud merega. Stiil, j\u00f5ud, usaldusv\u00e4\u00e4rsus.","robots":{"index":"index","follow":"follow","max-snippet":"max-snippet:-1","max-image-preview":"max-image-preview:large","max-video-preview":"max-video-preview:-1"},"canonical":"https:\/\/colibri-jewels.eu\/et\/toode\/hobesormus-merestiilis-nautilus\/","og_locale":"et_EE","og_type":"article","og_title":"H\u00f5bes\u00f5rmus merestiilis \"Nautilus\"","og_description":"Elegantne h\u00f5bes\u00f5rmus \"Nautilus\" reljeefsete mustritega ankrust, t\u00fcu\u00fcrist ja k\u00f5itest. T\u00e4iuslik aksessuaar meestele, kelle elu on seotud merega. Stiil, j\u00f5ud, usaldusv\u00e4\u00e4rsus.","og_url":"https:\/\/colibri-jewels.eu\/et\/toode\/hobesormus-merestiilis-nautilus\/","og_site_name":"Colibri jewels","article_publisher":"https:\/\/www.facebook.com\/colibri.jewels","article_modified_time":"2024-12-14T15:51:39+00:00","og_image":[{"width":1000,"height":1000,"url":"https:\/\/colibri-jewels.eu\/wp-content\/uploads\/2024\/12\/silver-men-ring-sea-style-for-seamen-nautilus.jpg","type":"image\/jpeg"}],"twitter_card":"summary_large_image","twitter_misc":{"Est. reading time":"1 minut"},"schema":{"@context":"https:\/\/schema.org","@graph":[{"@type":"WebPage","@id":"https:\/\/colibri-jewels.eu\/et\/toode\/hobesormus-merestiilis-nautilus\/","url":"https:\/\/colibri-jewels.eu\/et\/toode\/hobesormus-merestiilis-nautilus\/","name":"H\u00f5bes\u00f5rmus merestiilis \"Nautilus\" - Colibri jewels","isPartOf":{"@id":"https:\/\/colibri-jewels.eu\/et\/#website"},"primaryImageOfPage":{"@id":"https:\/\/colibri-jewels.eu\/et\/toode\/hobesormus-merestiilis-nautilus\/#primaryimage"},"image":{"@id":"https:\/\/colibri-jewels.eu\/et\/toode\/hobesormus-merestiilis-nautilus\/#primaryimage"},"thumbnailUrl":"https:\/\/colibri-jewels.eu\/wp-content\/uploads\/2024\/12\/silver-men-ring-sea-style-for-seamen-nautilus.jpg","datePublished":"2024-12-13T15:00:19+00:00","dateModified":"2024-12-14T15:51:39+00:00","description":"Elegantne h\u00f5bes\u00f5rmus \"Nautilus\" reljeefsete mustritega ankrust, t\u00fcu\u00fcrist ja k\u00f5itest. T\u00e4iuslik aksessuaar meestele, kelle elu on seotud merega. Stiil, j\u00f5ud, usaldusv\u00e4\u00e4rsus.","breadcrumb":{"@id":"https:\/\/colibri-jewels.eu\/et\/toode\/hobesormus-merestiilis-nautilus\/#breadcrumb"},"inLanguage":"et","potentialAction":[{"@type":"ReadAction","target":["https:\/\/colibri-jewels.eu\/et\/toode\/hobesormus-merestiilis-nautilus\/"]}]},{"@type":"ImageObject","inLanguage":"et","@id":"https:\/\/colibri-jewels.eu\/et\/toode\/hobesormus-merestiilis-nautilus\/#primaryimage","url":"https:\/\/colibri-jewels.eu\/wp-content\/uploads\/2024\/12\/silver-men-ring-sea-style-for-seamen-nautilus.jpg","contentUrl":"https:\/\/colibri-jewels.eu\/wp-content\/uploads\/2024\/12\/silver-men-ring-sea-style-for-seamen-nautilus.jpg","width":1000,"height":1000},{"@type":"BreadcrumbList","@id":"https:\/\/colibri-jewels.eu\/et\/toode\/hobesormus-merestiilis-nautilus\/#breadcrumb","itemListElement":[{"@type":"ListItem","position":1,"name":"\u0413\u043b\u0430\u0432\u043d\u0430\u044f \u0441\u0442\u0440\u0430\u043d\u0438\u0446\u0430","item":"https:\/\/colibri-jewels.eu\/et\/"},{"@type":"ListItem","position":2,"name":"Pood","item":"https:\/\/colibri-jewels.eu\/et\/pood\/"},{"@type":"ListItem","position":3,"name":"H\u00f5bes\u00f5rmus merestiilis &#8220;Nautilus&#8221;"}]},{"@type":"WebSite","@id":"https:\/\/colibri-jewels.eu\/et\/#website","url":"https:\/\/colibri-jewels.eu\/et\/","name":"Colibri jewels","description":"jewelry shop","publisher":{"@id":"https:\/\/colibri-jewels.eu\/et\/#organization"},"potentialAction":[{"@type":"SearchAction","target":{"@type":"EntryPoint","urlTemplate":"https:\/\/colibri-jewels.eu\/et\/?s={search_term_string}"},"query-input":{"@type":"PropertyValueSpecification","valueRequired":true,"valueName":"search_term_string"}}],"inLanguage":"et"},{"@type":"Organization","@id":"https:\/\/colibri-jewels.eu\/et\/#organization","name":"O\u00dc Colibri","url":"https:\/\/colibri-jewels.eu\/et\/","logo":{"@type":"ImageObject","inLanguage":"et","@id":"https:\/\/colibri-jewels.eu\/et\/#\/schema\/logo\/image\/","url":"https:\/\/dev.colibri-jewels.eu\/wp-content\/uploads\/2021\/03\/colibri.png","contentUrl":"https:\/\/dev.colibri-jewels.eu\/wp-content\/uploads\/2021\/03\/colibri.png","width":227,"height":130,"caption":"O\u00dc Colibri"},"image":{"@id":"https:\/\/colibri-jewels.eu\/et\/#\/schema\/logo\/image\/"},"sameAs":["https:\/\/www.facebook.com\/colibri.jewels","https:\/\/www.instagram.com\/colibri.jewels","https:\/\/www.tiktok.com\/colibri.jewels"]}]}},"_links":{"self":[{"href":"https:\/\/colibri-jewels.eu\/et\/wp-json\/wp\/v2\/product\/43690","targetHints":{"allow":["GET"]}}],"collection":[{"href":"https:\/\/colibri-jewels.eu\/et\/wp-json\/wp\/v2\/product"}],"about":[{"href":"https:\/\/colibri-jewels.eu\/et\/wp-json\/wp\/v2\/types\/product"}],"replies":[{"embeddable":true,"href":"https:\/\/colibri-jewels.eu\/et\/wp-json\/wp\/v2\/comments?post=43690"}],"version-history":[{"count":0,"href":"https:\/\/colibri-jewels.eu\/et\/wp-json\/wp\/v2\/product\/43690\/revisions"}],"wp:featuredmedia":[{"embeddable":true,"href":"https:\/\/colibri-jewels.eu\/et\/wp-json\/wp\/v2\/media\/43487"}],"wp:attachment":[{"href":"https:\/\/colibri-jewels.eu\/et\/wp-json\/wp\/v2\/media?parent=43690"}],"wp:term":[{"taxonomy":"brand","embeddable":true,"href":"https:\/\/colibri-jewels.eu\/et\/wp-json\/wp\/v2\/etheme_brands?post=43690"},{"taxonomy":"product_brand","embeddable":true,"href":"https:\/\/colibri-jewels.eu\/et\/wp-json\/wp\/v2\/product_brand?post=43690"},{"taxonomy":"product_cat","embeddable":true,"href":"https:\/\/colibri-jewels.eu\/et\/wp-json\/wp\/v2\/product_cat?post=43690"},{"taxonomy":"product_tag","embeddable":true,"href":"https:\/\/colibri-jewels.eu\/et\/wp-json\/wp\/v2\/product_tag?post=43690"}],"curies":[{"name":"wp","href":"https:\/\/api.w.org\/{rel}","templated":true}]}}