{"id":43702,"date":"2024-12-13T17:01:54","date_gmt":"2024-12-13T15:01:54","guid":{"rendered":"https:\/\/dev.colibri-jewels.eu\/?post_type=product&#038;p=43702"},"modified":"2024-12-14T17:51:46","modified_gmt":"2024-12-14T15:51:46","slug":"hobedane-ripats-vikingite-laeva-sumboliga-drakkar","status":"publish","type":"product","link":"https:\/\/colibri-jewels.eu\/et\/toode\/hobedane-ripats-vikingite-laeva-sumboliga-drakkar\/","title":{"rendered":"H\u00f5bedane ripats vikingite laeva s\u00fcmboliga \u2014 Drakkar"},"content":{"rendered":"<p><strong>H\u00f5bedane ripats vikingite laeva s\u00fcmboliga \u2014 Drakkar<\/strong><\/p>\n<p>H\u00f5bedane ripats vikingite laeva \u2014 drakkari kujul on v\u00f5imas talisman, mis kannab endas seikluse, j\u00f5u ja julguse vaimu. Drakkari s\u00fcmbol kehastab v\u00f5idujanu, reisimist ja avastusi. See on kaitse igasugustes ettev\u00f5tmistes ja aitab teil edasi liikuda kindlalt, \u00fcletades k\u00f5ik takistused.<br \/>\nDrakkar ei olnud vikingite jaoks vaid liikumisvahend, vaid ka nende j\u00f5u, vapruse ja otsusekindluse s\u00fcmbol. See amulett tugevdab teie sisemist j\u00f5udu ja toob \u00f5nne teie ettev\u00f5tmistesse.<br \/>\nH\u00f5bedane ripats drakkariga on rohkem kui lihtsalt ehe; see on s\u00f5ltumatuse, julguse ja uute horisontide poole p\u00fc\u00fcdlemise s\u00fcmbol. See saab teie talismaniks teel uute v\u00f5itude ja edusammude poole.<\/p>\n","protected":false},"excerpt":{"rendered":"<p>Ripatsi keskmine kaal 7,17 g.<\/p>\n<p>H\u00f5be 925*<\/p>\n<p>Ripatsi suurus &#8211; l\u00e4bim\u00f5\u00f5t 3,5 cm.<\/p>\n","protected":false},"featured_media":43493,"comment_status":"open","ping_status":"closed","template":"","meta":[],"etheme_brands":[],"product_brand":[],"product_cat":[470],"product_tag":[741],"class_list":{"0":"post-43702","1":"product","2":"type-product","3":"status-publish","4":"has-post-thumbnail","6":"product_cat-kaelakeed-ja-ripatsid","7":"product_tag-ehted-meestele","9":"first","10":"instock","11":"shipping-taxable","12":"purchasable","13":"product-type-simple"},"acf":[],"yoast_head":"<!-- This site is optimized with the Yoast SEO Premium plugin v26.5 (Yoast SEO v26.8) - https:\/\/yoast.com\/product\/yoast-seo-premium-wordpress\/ -->\n<title>H\u00f5bedane ripats vikingite laeva s\u00fcmboliga \u2014 Drakkar - Colibri jewels<\/title>\n<meta name=\"description\" content=\"H\u00f5bedane ripats vikingite laeva s\u00fcmboliga \u2014 drakkar. J\u00f5u, julguse ja seikluse energia. See amulett kaitseb teid igas ettev\u00f5tmises ja toob \u00f5nne teie teekonnal.\" \/>\n<meta name=\"robots\" content=\"index, follow, max-snippet:-1, max-image-preview:large, max-video-preview:-1\" \/>\n<link rel=\"canonical\" href=\"https:\/\/colibri-jewels.eu\/et\/toode\/hobedane-ripats-vikingite-laeva-sumboliga-drakkar\/\" \/>\n<meta property=\"og:locale\" content=\"et_EE\" \/>\n<meta property=\"og:type\" content=\"article\" \/>\n<meta property=\"og:title\" content=\"H\u00f5bedane ripats vikingite laeva s\u00fcmboliga \u2014 Drakkar\" \/>\n<meta property=\"og:description\" content=\"H\u00f5bedane ripats vikingite laeva s\u00fcmboliga \u2014 drakkar. J\u00f5u, julguse ja seikluse energia. See amulett kaitseb teid igas ettev\u00f5tmises ja toob \u00f5nne teie teekonnal.\" \/>\n<meta property=\"og:url\" content=\"https:\/\/colibri-jewels.eu\/et\/toode\/hobedane-ripats-vikingite-laeva-sumboliga-drakkar\/\" \/>\n<meta property=\"og:site_name\" content=\"Colibri jewels\" \/>\n<meta property=\"article:publisher\" content=\"https:\/\/www.facebook.com\/colibri.jewels\" \/>\n<meta property=\"article:modified_time\" content=\"2024-12-14T15:51:46+00:00\" \/>\n<meta property=\"og:image\" content=\"https:\/\/colibri-jewels.eu\/wp-content\/uploads\/2024\/12\/silver-scandinavian-amulet-viking-ship-drakkar.jpg\" \/>\n\t<meta property=\"og:image:width\" content=\"1000\" \/>\n\t<meta property=\"og:image:height\" content=\"1000\" \/>\n\t<meta property=\"og:image:type\" content=\"image\/jpeg\" \/>\n<meta name=\"twitter:card\" content=\"summary_large_image\" \/>\n<meta name=\"twitter:label1\" content=\"Est. reading time\" \/>\n\t<meta name=\"twitter:data1\" content=\"1 minut\" \/>\n<script type=\"application\/ld+json\" class=\"yoast-schema-graph\">{\"@context\":\"https:\/\/schema.org\",\"@graph\":[{\"@type\":\"WebPage\",\"@id\":\"https:\/\/colibri-jewels.eu\/et\/toode\/hobedane-ripats-vikingite-laeva-sumboliga-drakkar\/\",\"url\":\"https:\/\/colibri-jewels.eu\/et\/toode\/hobedane-ripats-vikingite-laeva-sumboliga-drakkar\/\",\"name\":\"H\u00f5bedane ripats vikingite laeva s\u00fcmboliga \u2014 Drakkar - Colibri jewels\",\"isPartOf\":{\"@id\":\"https:\/\/colibri-jewels.eu\/et\/#website\"},\"primaryImageOfPage\":{\"@id\":\"https:\/\/colibri-jewels.eu\/et\/toode\/hobedane-ripats-vikingite-laeva-sumboliga-drakkar\/#primaryimage\"},\"image\":{\"@id\":\"https:\/\/colibri-jewels.eu\/et\/toode\/hobedane-ripats-vikingite-laeva-sumboliga-drakkar\/#primaryimage\"},\"thumbnailUrl\":\"https:\/\/colibri-jewels.eu\/wp-content\/uploads\/2024\/12\/silver-scandinavian-amulet-viking-ship-drakkar.jpg\",\"datePublished\":\"2024-12-13T15:01:54+00:00\",\"dateModified\":\"2024-12-14T15:51:46+00:00\",\"description\":\"H\u00f5bedane ripats vikingite laeva s\u00fcmboliga \u2014 drakkar. J\u00f5u, julguse ja seikluse energia. See amulett kaitseb teid igas ettev\u00f5tmises ja toob \u00f5nne teie teekonnal.\",\"breadcrumb\":{\"@id\":\"https:\/\/colibri-jewels.eu\/et\/toode\/hobedane-ripats-vikingite-laeva-sumboliga-drakkar\/#breadcrumb\"},\"inLanguage\":\"et\",\"potentialAction\":[{\"@type\":\"ReadAction\",\"target\":[\"https:\/\/colibri-jewels.eu\/et\/toode\/hobedane-ripats-vikingite-laeva-sumboliga-drakkar\/\"]}]},{\"@type\":\"ImageObject\",\"inLanguage\":\"et\",\"@id\":\"https:\/\/colibri-jewels.eu\/et\/toode\/hobedane-ripats-vikingite-laeva-sumboliga-drakkar\/#primaryimage\",\"url\":\"https:\/\/colibri-jewels.eu\/wp-content\/uploads\/2024\/12\/silver-scandinavian-amulet-viking-ship-drakkar.jpg\",\"contentUrl\":\"https:\/\/colibri-jewels.eu\/wp-content\/uploads\/2024\/12\/silver-scandinavian-amulet-viking-ship-drakkar.jpg\",\"width\":1000,\"height\":1000},{\"@type\":\"BreadcrumbList\",\"@id\":\"https:\/\/colibri-jewels.eu\/et\/toode\/hobedane-ripats-vikingite-laeva-sumboliga-drakkar\/#breadcrumb\",\"itemListElement\":[{\"@type\":\"ListItem\",\"position\":1,\"name\":\"\u0413\u043b\u0430\u0432\u043d\u0430\u044f \u0441\u0442\u0440\u0430\u043d\u0438\u0446\u0430\",\"item\":\"https:\/\/colibri-jewels.eu\/et\/\"},{\"@type\":\"ListItem\",\"position\":2,\"name\":\"Pood\",\"item\":\"https:\/\/colibri-jewels.eu\/et\/pood\/\"},{\"@type\":\"ListItem\",\"position\":3,\"name\":\"H\u00f5bedane ripats vikingite laeva s\u00fcmboliga \u2014 Drakkar\"}]},{\"@type\":\"WebSite\",\"@id\":\"https:\/\/colibri-jewels.eu\/et\/#website\",\"url\":\"https:\/\/colibri-jewels.eu\/et\/\",\"name\":\"Colibri jewels\",\"description\":\"jewelry shop\",\"publisher\":{\"@id\":\"https:\/\/colibri-jewels.eu\/et\/#organization\"},\"potentialAction\":[{\"@type\":\"SearchAction\",\"target\":{\"@type\":\"EntryPoint\",\"urlTemplate\":\"https:\/\/colibri-jewels.eu\/et\/?s={search_term_string}\"},\"query-input\":{\"@type\":\"PropertyValueSpecification\",\"valueRequired\":true,\"valueName\":\"search_term_string\"}}],\"inLanguage\":\"et\"},{\"@type\":\"Organization\",\"@id\":\"https:\/\/colibri-jewels.eu\/et\/#organization\",\"name\":\"O\u00dc Colibri\",\"url\":\"https:\/\/colibri-jewels.eu\/et\/\",\"logo\":{\"@type\":\"ImageObject\",\"inLanguage\":\"et\",\"@id\":\"https:\/\/colibri-jewels.eu\/et\/#\/schema\/logo\/image\/\",\"url\":\"https:\/\/dev.colibri-jewels.eu\/wp-content\/uploads\/2021\/03\/colibri.png\",\"contentUrl\":\"https:\/\/dev.colibri-jewels.eu\/wp-content\/uploads\/2021\/03\/colibri.png\",\"width\":227,\"height\":130,\"caption\":\"O\u00dc Colibri\"},\"image\":{\"@id\":\"https:\/\/colibri-jewels.eu\/et\/#\/schema\/logo\/image\/\"},\"sameAs\":[\"https:\/\/www.facebook.com\/colibri.jewels\",\"https:\/\/www.instagram.com\/colibri.jewels\",\"https:\/\/www.tiktok.com\/colibri.jewels\"]}]}<\/script>\n<!-- \/ Yoast SEO Premium plugin. -->","yoast_head_json":{"title":"H\u00f5bedane ripats vikingite laeva s\u00fcmboliga \u2014 Drakkar - Colibri jewels","description":"H\u00f5bedane ripats vikingite laeva s\u00fcmboliga \u2014 drakkar. J\u00f5u, julguse ja seikluse energia. See amulett kaitseb teid igas ettev\u00f5tmises ja toob \u00f5nne teie teekonnal.","robots":{"index":"index","follow":"follow","max-snippet":"max-snippet:-1","max-image-preview":"max-image-preview:large","max-video-preview":"max-video-preview:-1"},"canonical":"https:\/\/colibri-jewels.eu\/et\/toode\/hobedane-ripats-vikingite-laeva-sumboliga-drakkar\/","og_locale":"et_EE","og_type":"article","og_title":"H\u00f5bedane ripats vikingite laeva s\u00fcmboliga \u2014 Drakkar","og_description":"H\u00f5bedane ripats vikingite laeva s\u00fcmboliga \u2014 drakkar. J\u00f5u, julguse ja seikluse energia. See amulett kaitseb teid igas ettev\u00f5tmises ja toob \u00f5nne teie teekonnal.","og_url":"https:\/\/colibri-jewels.eu\/et\/toode\/hobedane-ripats-vikingite-laeva-sumboliga-drakkar\/","og_site_name":"Colibri jewels","article_publisher":"https:\/\/www.facebook.com\/colibri.jewels","article_modified_time":"2024-12-14T15:51:46+00:00","og_image":[{"width":1000,"height":1000,"url":"https:\/\/colibri-jewels.eu\/wp-content\/uploads\/2024\/12\/silver-scandinavian-amulet-viking-ship-drakkar.jpg","type":"image\/jpeg"}],"twitter_card":"summary_large_image","twitter_misc":{"Est. reading time":"1 minut"},"schema":{"@context":"https:\/\/schema.org","@graph":[{"@type":"WebPage","@id":"https:\/\/colibri-jewels.eu\/et\/toode\/hobedane-ripats-vikingite-laeva-sumboliga-drakkar\/","url":"https:\/\/colibri-jewels.eu\/et\/toode\/hobedane-ripats-vikingite-laeva-sumboliga-drakkar\/","name":"H\u00f5bedane ripats vikingite laeva s\u00fcmboliga \u2014 Drakkar - Colibri jewels","isPartOf":{"@id":"https:\/\/colibri-jewels.eu\/et\/#website"},"primaryImageOfPage":{"@id":"https:\/\/colibri-jewels.eu\/et\/toode\/hobedane-ripats-vikingite-laeva-sumboliga-drakkar\/#primaryimage"},"image":{"@id":"https:\/\/colibri-jewels.eu\/et\/toode\/hobedane-ripats-vikingite-laeva-sumboliga-drakkar\/#primaryimage"},"thumbnailUrl":"https:\/\/colibri-jewels.eu\/wp-content\/uploads\/2024\/12\/silver-scandinavian-amulet-viking-ship-drakkar.jpg","datePublished":"2024-12-13T15:01:54+00:00","dateModified":"2024-12-14T15:51:46+00:00","description":"H\u00f5bedane ripats vikingite laeva s\u00fcmboliga \u2014 drakkar. J\u00f5u, julguse ja seikluse energia. See amulett kaitseb teid igas ettev\u00f5tmises ja toob \u00f5nne teie teekonnal.","breadcrumb":{"@id":"https:\/\/colibri-jewels.eu\/et\/toode\/hobedane-ripats-vikingite-laeva-sumboliga-drakkar\/#breadcrumb"},"inLanguage":"et","potentialAction":[{"@type":"ReadAction","target":["https:\/\/colibri-jewels.eu\/et\/toode\/hobedane-ripats-vikingite-laeva-sumboliga-drakkar\/"]}]},{"@type":"ImageObject","inLanguage":"et","@id":"https:\/\/colibri-jewels.eu\/et\/toode\/hobedane-ripats-vikingite-laeva-sumboliga-drakkar\/#primaryimage","url":"https:\/\/colibri-jewels.eu\/wp-content\/uploads\/2024\/12\/silver-scandinavian-amulet-viking-ship-drakkar.jpg","contentUrl":"https:\/\/colibri-jewels.eu\/wp-content\/uploads\/2024\/12\/silver-scandinavian-amulet-viking-ship-drakkar.jpg","width":1000,"height":1000},{"@type":"BreadcrumbList","@id":"https:\/\/colibri-jewels.eu\/et\/toode\/hobedane-ripats-vikingite-laeva-sumboliga-drakkar\/#breadcrumb","itemListElement":[{"@type":"ListItem","position":1,"name":"\u0413\u043b\u0430\u0432\u043d\u0430\u044f \u0441\u0442\u0440\u0430\u043d\u0438\u0446\u0430","item":"https:\/\/colibri-jewels.eu\/et\/"},{"@type":"ListItem","position":2,"name":"Pood","item":"https:\/\/colibri-jewels.eu\/et\/pood\/"},{"@type":"ListItem","position":3,"name":"H\u00f5bedane ripats vikingite laeva s\u00fcmboliga \u2014 Drakkar"}]},{"@type":"WebSite","@id":"https:\/\/colibri-jewels.eu\/et\/#website","url":"https:\/\/colibri-jewels.eu\/et\/","name":"Colibri jewels","description":"jewelry shop","publisher":{"@id":"https:\/\/colibri-jewels.eu\/et\/#organization"},"potentialAction":[{"@type":"SearchAction","target":{"@type":"EntryPoint","urlTemplate":"https:\/\/colibri-jewels.eu\/et\/?s={search_term_string}"},"query-input":{"@type":"PropertyValueSpecification","valueRequired":true,"valueName":"search_term_string"}}],"inLanguage":"et"},{"@type":"Organization","@id":"https:\/\/colibri-jewels.eu\/et\/#organization","name":"O\u00dc Colibri","url":"https:\/\/colibri-jewels.eu\/et\/","logo":{"@type":"ImageObject","inLanguage":"et","@id":"https:\/\/colibri-jewels.eu\/et\/#\/schema\/logo\/image\/","url":"https:\/\/dev.colibri-jewels.eu\/wp-content\/uploads\/2021\/03\/colibri.png","contentUrl":"https:\/\/dev.colibri-jewels.eu\/wp-content\/uploads\/2021\/03\/colibri.png","width":227,"height":130,"caption":"O\u00dc Colibri"},"image":{"@id":"https:\/\/colibri-jewels.eu\/et\/#\/schema\/logo\/image\/"},"sameAs":["https:\/\/www.facebook.com\/colibri.jewels","https:\/\/www.instagram.com\/colibri.jewels","https:\/\/www.tiktok.com\/colibri.jewels"]}]}},"_links":{"self":[{"href":"https:\/\/colibri-jewels.eu\/et\/wp-json\/wp\/v2\/product\/43702","targetHints":{"allow":["GET"]}}],"collection":[{"href":"https:\/\/colibri-jewels.eu\/et\/wp-json\/wp\/v2\/product"}],"about":[{"href":"https:\/\/colibri-jewels.eu\/et\/wp-json\/wp\/v2\/types\/product"}],"replies":[{"embeddable":true,"href":"https:\/\/colibri-jewels.eu\/et\/wp-json\/wp\/v2\/comments?post=43702"}],"version-history":[{"count":0,"href":"https:\/\/colibri-jewels.eu\/et\/wp-json\/wp\/v2\/product\/43702\/revisions"}],"wp:featuredmedia":[{"embeddable":true,"href":"https:\/\/colibri-jewels.eu\/et\/wp-json\/wp\/v2\/media\/43493"}],"wp:attachment":[{"href":"https:\/\/colibri-jewels.eu\/et\/wp-json\/wp\/v2\/media?parent=43702"}],"wp:term":[{"taxonomy":"brand","embeddable":true,"href":"https:\/\/colibri-jewels.eu\/et\/wp-json\/wp\/v2\/etheme_brands?post=43702"},{"taxonomy":"product_brand","embeddable":true,"href":"https:\/\/colibri-jewels.eu\/et\/wp-json\/wp\/v2\/product_brand?post=43702"},{"taxonomy":"product_cat","embeddable":true,"href":"https:\/\/colibri-jewels.eu\/et\/wp-json\/wp\/v2\/product_cat?post=43702"},{"taxonomy":"product_tag","embeddable":true,"href":"https:\/\/colibri-jewels.eu\/et\/wp-json\/wp\/v2\/product_tag?post=43702"}],"curies":[{"name":"wp","href":"https:\/\/api.w.org\/{rel}","templated":true}]}}