{"id":43727,"date":"2024-12-19T18:00:55","date_gmt":"2024-12-19T16:00:55","guid":{"rendered":"https:\/\/dev.colibri-jewels.eu\/?post_type=product&#038;p=43727"},"modified":"2024-12-27T13:54:23","modified_gmt":"2024-12-27T11:54:23","slug":"valgest-kullast-korvarongad-teemantide-ja-paraibaga","status":"publish","type":"product","link":"https:\/\/colibri-jewels.eu\/et\/toode\/valgest-kullast-korvarongad-teemantide-ja-paraibaga\/","title":{"rendered":"Valgest kullast k\u00f5rvar\u00f5ngad teemantide ja Paraibaga"},"content":{"rendered":"<p>Valgest kullast k\u00f5rvar\u00f5ngad teemantide ja laboris loodud Paraibaga on rafineeritud elegantsi ja kaasaegse stiili kehastus. Need kaunid k\u00f5rvar\u00f5ngad on loodud neile, kes hindavad luksust ja originaalsust igas detailis.<br \/>\nK\u00f5rvar\u00f5ngaste alus on valmistatud v\u00e4\u00e4rikast valgest kullast, mis toob esile looduslike teemantide s\u00e4ra. Kujunduse keskmes on laboris loodud Paraiba, mis v\u00f5lub oma erksa sinise tooniga, meenutades troopiliste laguunide kristallselget vett. Kivid on kindlalt raamis, tagades vastupidavuse ja mugavuse igap\u00e4evaseks kandmiseks.<br \/>\nNeed k\u00f5rvar\u00f5ngad on ideaalne t\u00e4iendus nii igap\u00e4evasele riietusele kui ka \u00f5htusele r\u00f5ivastusele. Need r\u00f5hutavad teie isikup\u00e4ra ja peenemat maitset. Kingi endale v\u00f5i oma l\u00e4hedastele ehtekunst, mis s\u00fcmboliseerib elegantsi ja stiili.<br \/>\nTarne \u00fcle kogu maailma. Tellige valgest kullast k\u00f5rvar\u00f5ngad teemantide ja Paraibaga juba t\u00e4na!<\/p>\n","protected":false},"excerpt":{"rendered":"<p>K\u00f5rvar\u00f5nga parameetrid:<\/p>\n<p>Valge kuld 18 ct<\/p>\n<p>Diamantid &#8211; 36 tk., 0.36 ct<\/p>\n<p>Lab paraiba &#8211; 2.90 ct<\/p>\n<p>Kogu kaal: 3.72 g.<\/p>\n","protected":false},"featured_media":43736,"comment_status":"open","ping_status":"closed","template":"","meta":[],"etheme_brands":[],"product_brand":[],"product_cat":[469],"product_tag":[476,472],"class_list":{"0":"post-43727","1":"product","2":"type-product","3":"status-publish","4":"has-post-thumbnail","6":"product_cat-korvarongad","7":"product_tag-eksklusiivsed-ehted","8":"product_tag-klassika","10":"first","11":"onbackorder","12":"shipping-taxable","13":"purchasable","14":"product-type-simple"},"acf":[],"yoast_head":"<!-- This site is optimized with the Yoast SEO Premium plugin v26.5 (Yoast SEO v26.8) - https:\/\/yoast.com\/product\/yoast-seo-premium-wordpress\/ -->\n<title>Valgest kullast k\u00f5rvar\u00f5ngad teemantide ja Paraibaga - Colibri jewels<\/title>\n<meta name=\"description\" content=\"Elegantne valgest kullast k\u00f5rvar\u00f5ngad s\u00e4ravate teemantide ja laboris loodud Paraibaga. T\u00e4iuslik valik peene v\u00e4limuse jaoks.\" \/>\n<meta name=\"robots\" content=\"index, follow, max-snippet:-1, max-image-preview:large, max-video-preview:-1\" \/>\n<link rel=\"canonical\" href=\"https:\/\/colibri-jewels.eu\/et\/toode\/valgest-kullast-korvarongad-teemantide-ja-paraibaga\/\" \/>\n<meta property=\"og:locale\" content=\"et_EE\" \/>\n<meta property=\"og:type\" content=\"article\" \/>\n<meta property=\"og:title\" content=\"Valgest kullast k\u00f5rvar\u00f5ngad teemantide ja Paraibaga\" \/>\n<meta property=\"og:description\" content=\"Elegantne valgest kullast k\u00f5rvar\u00f5ngad s\u00e4ravate teemantide ja laboris loodud Paraibaga. T\u00e4iuslik valik peene v\u00e4limuse jaoks.\" \/>\n<meta property=\"og:url\" content=\"https:\/\/colibri-jewels.eu\/et\/toode\/valgest-kullast-korvarongad-teemantide-ja-paraibaga\/\" \/>\n<meta property=\"og:site_name\" content=\"Colibri jewels\" \/>\n<meta property=\"article:publisher\" content=\"https:\/\/www.facebook.com\/colibri.jewels\" \/>\n<meta property=\"article:modified_time\" content=\"2024-12-27T11:54:23+00:00\" \/>\n<meta property=\"og:image\" content=\"https:\/\/colibri-jewels.eu\/wp-content\/uploads\/2024\/12\/white-gold-diamond-and-paraiba-stud-earrings-1.jpg\" \/>\n\t<meta property=\"og:image:width\" content=\"1000\" \/>\n\t<meta property=\"og:image:height\" content=\"1000\" \/>\n\t<meta property=\"og:image:type\" content=\"image\/jpeg\" \/>\n<meta name=\"twitter:card\" content=\"summary_large_image\" \/>\n<meta name=\"twitter:label1\" content=\"Est. reading time\" \/>\n\t<meta name=\"twitter:data1\" content=\"1 minut\" \/>\n<script type=\"application\/ld+json\" class=\"yoast-schema-graph\">{\"@context\":\"https:\/\/schema.org\",\"@graph\":[{\"@type\":\"WebPage\",\"@id\":\"https:\/\/colibri-jewels.eu\/et\/toode\/valgest-kullast-korvarongad-teemantide-ja-paraibaga\/\",\"url\":\"https:\/\/colibri-jewels.eu\/et\/toode\/valgest-kullast-korvarongad-teemantide-ja-paraibaga\/\",\"name\":\"Valgest kullast k\u00f5rvar\u00f5ngad teemantide ja Paraibaga - Colibri jewels\",\"isPartOf\":{\"@id\":\"https:\/\/colibri-jewels.eu\/et\/#website\"},\"primaryImageOfPage\":{\"@id\":\"https:\/\/colibri-jewels.eu\/et\/toode\/valgest-kullast-korvarongad-teemantide-ja-paraibaga\/#primaryimage\"},\"image\":{\"@id\":\"https:\/\/colibri-jewels.eu\/et\/toode\/valgest-kullast-korvarongad-teemantide-ja-paraibaga\/#primaryimage\"},\"thumbnailUrl\":\"https:\/\/colibri-jewels.eu\/wp-content\/uploads\/2024\/12\/white-gold-diamond-and-paraiba-stud-earrings-1.jpg\",\"datePublished\":\"2024-12-19T16:00:55+00:00\",\"dateModified\":\"2024-12-27T11:54:23+00:00\",\"description\":\"Elegantne valgest kullast k\u00f5rvar\u00f5ngad s\u00e4ravate teemantide ja laboris loodud Paraibaga. T\u00e4iuslik valik peene v\u00e4limuse jaoks.\",\"breadcrumb\":{\"@id\":\"https:\/\/colibri-jewels.eu\/et\/toode\/valgest-kullast-korvarongad-teemantide-ja-paraibaga\/#breadcrumb\"},\"inLanguage\":\"et\",\"potentialAction\":[{\"@type\":\"ReadAction\",\"target\":[\"https:\/\/colibri-jewels.eu\/et\/toode\/valgest-kullast-korvarongad-teemantide-ja-paraibaga\/\"]}]},{\"@type\":\"ImageObject\",\"inLanguage\":\"et\",\"@id\":\"https:\/\/colibri-jewels.eu\/et\/toode\/valgest-kullast-korvarongad-teemantide-ja-paraibaga\/#primaryimage\",\"url\":\"https:\/\/colibri-jewels.eu\/wp-content\/uploads\/2024\/12\/white-gold-diamond-and-paraiba-stud-earrings-1.jpg\",\"contentUrl\":\"https:\/\/colibri-jewels.eu\/wp-content\/uploads\/2024\/12\/white-gold-diamond-and-paraiba-stud-earrings-1.jpg\",\"width\":1000,\"height\":1000},{\"@type\":\"BreadcrumbList\",\"@id\":\"https:\/\/colibri-jewels.eu\/et\/toode\/valgest-kullast-korvarongad-teemantide-ja-paraibaga\/#breadcrumb\",\"itemListElement\":[{\"@type\":\"ListItem\",\"position\":1,\"name\":\"\u0413\u043b\u0430\u0432\u043d\u0430\u044f \u0441\u0442\u0440\u0430\u043d\u0438\u0446\u0430\",\"item\":\"https:\/\/colibri-jewels.eu\/et\/\"},{\"@type\":\"ListItem\",\"position\":2,\"name\":\"Pood\",\"item\":\"https:\/\/colibri-jewels.eu\/et\/pood\/\"},{\"@type\":\"ListItem\",\"position\":3,\"name\":\"Valgest kullast k\u00f5rvar\u00f5ngad teemantide ja Paraibaga\"}]},{\"@type\":\"WebSite\",\"@id\":\"https:\/\/colibri-jewels.eu\/et\/#website\",\"url\":\"https:\/\/colibri-jewels.eu\/et\/\",\"name\":\"Colibri jewels\",\"description\":\"jewelry shop\",\"publisher\":{\"@id\":\"https:\/\/colibri-jewels.eu\/et\/#organization\"},\"potentialAction\":[{\"@type\":\"SearchAction\",\"target\":{\"@type\":\"EntryPoint\",\"urlTemplate\":\"https:\/\/colibri-jewels.eu\/et\/?s={search_term_string}\"},\"query-input\":{\"@type\":\"PropertyValueSpecification\",\"valueRequired\":true,\"valueName\":\"search_term_string\"}}],\"inLanguage\":\"et\"},{\"@type\":\"Organization\",\"@id\":\"https:\/\/colibri-jewels.eu\/et\/#organization\",\"name\":\"O\u00dc Colibri\",\"url\":\"https:\/\/colibri-jewels.eu\/et\/\",\"logo\":{\"@type\":\"ImageObject\",\"inLanguage\":\"et\",\"@id\":\"https:\/\/colibri-jewels.eu\/et\/#\/schema\/logo\/image\/\",\"url\":\"https:\/\/dev.colibri-jewels.eu\/wp-content\/uploads\/2021\/03\/colibri.png\",\"contentUrl\":\"https:\/\/dev.colibri-jewels.eu\/wp-content\/uploads\/2021\/03\/colibri.png\",\"width\":227,\"height\":130,\"caption\":\"O\u00dc Colibri\"},\"image\":{\"@id\":\"https:\/\/colibri-jewels.eu\/et\/#\/schema\/logo\/image\/\"},\"sameAs\":[\"https:\/\/www.facebook.com\/colibri.jewels\",\"https:\/\/www.instagram.com\/colibri.jewels\",\"https:\/\/www.tiktok.com\/colibri.jewels\"]}]}<\/script>\n<!-- \/ Yoast SEO Premium plugin. -->","yoast_head_json":{"title":"Valgest kullast k\u00f5rvar\u00f5ngad teemantide ja Paraibaga - Colibri jewels","description":"Elegantne valgest kullast k\u00f5rvar\u00f5ngad s\u00e4ravate teemantide ja laboris loodud Paraibaga. T\u00e4iuslik valik peene v\u00e4limuse jaoks.","robots":{"index":"index","follow":"follow","max-snippet":"max-snippet:-1","max-image-preview":"max-image-preview:large","max-video-preview":"max-video-preview:-1"},"canonical":"https:\/\/colibri-jewels.eu\/et\/toode\/valgest-kullast-korvarongad-teemantide-ja-paraibaga\/","og_locale":"et_EE","og_type":"article","og_title":"Valgest kullast k\u00f5rvar\u00f5ngad teemantide ja Paraibaga","og_description":"Elegantne valgest kullast k\u00f5rvar\u00f5ngad s\u00e4ravate teemantide ja laboris loodud Paraibaga. T\u00e4iuslik valik peene v\u00e4limuse jaoks.","og_url":"https:\/\/colibri-jewels.eu\/et\/toode\/valgest-kullast-korvarongad-teemantide-ja-paraibaga\/","og_site_name":"Colibri jewels","article_publisher":"https:\/\/www.facebook.com\/colibri.jewels","article_modified_time":"2024-12-27T11:54:23+00:00","og_image":[{"width":1000,"height":1000,"url":"https:\/\/colibri-jewels.eu\/wp-content\/uploads\/2024\/12\/white-gold-diamond-and-paraiba-stud-earrings-1.jpg","type":"image\/jpeg"}],"twitter_card":"summary_large_image","twitter_misc":{"Est. reading time":"1 minut"},"schema":{"@context":"https:\/\/schema.org","@graph":[{"@type":"WebPage","@id":"https:\/\/colibri-jewels.eu\/et\/toode\/valgest-kullast-korvarongad-teemantide-ja-paraibaga\/","url":"https:\/\/colibri-jewels.eu\/et\/toode\/valgest-kullast-korvarongad-teemantide-ja-paraibaga\/","name":"Valgest kullast k\u00f5rvar\u00f5ngad teemantide ja Paraibaga - Colibri jewels","isPartOf":{"@id":"https:\/\/colibri-jewels.eu\/et\/#website"},"primaryImageOfPage":{"@id":"https:\/\/colibri-jewels.eu\/et\/toode\/valgest-kullast-korvarongad-teemantide-ja-paraibaga\/#primaryimage"},"image":{"@id":"https:\/\/colibri-jewels.eu\/et\/toode\/valgest-kullast-korvarongad-teemantide-ja-paraibaga\/#primaryimage"},"thumbnailUrl":"https:\/\/colibri-jewels.eu\/wp-content\/uploads\/2024\/12\/white-gold-diamond-and-paraiba-stud-earrings-1.jpg","datePublished":"2024-12-19T16:00:55+00:00","dateModified":"2024-12-27T11:54:23+00:00","description":"Elegantne valgest kullast k\u00f5rvar\u00f5ngad s\u00e4ravate teemantide ja laboris loodud Paraibaga. T\u00e4iuslik valik peene v\u00e4limuse jaoks.","breadcrumb":{"@id":"https:\/\/colibri-jewels.eu\/et\/toode\/valgest-kullast-korvarongad-teemantide-ja-paraibaga\/#breadcrumb"},"inLanguage":"et","potentialAction":[{"@type":"ReadAction","target":["https:\/\/colibri-jewels.eu\/et\/toode\/valgest-kullast-korvarongad-teemantide-ja-paraibaga\/"]}]},{"@type":"ImageObject","inLanguage":"et","@id":"https:\/\/colibri-jewels.eu\/et\/toode\/valgest-kullast-korvarongad-teemantide-ja-paraibaga\/#primaryimage","url":"https:\/\/colibri-jewels.eu\/wp-content\/uploads\/2024\/12\/white-gold-diamond-and-paraiba-stud-earrings-1.jpg","contentUrl":"https:\/\/colibri-jewels.eu\/wp-content\/uploads\/2024\/12\/white-gold-diamond-and-paraiba-stud-earrings-1.jpg","width":1000,"height":1000},{"@type":"BreadcrumbList","@id":"https:\/\/colibri-jewels.eu\/et\/toode\/valgest-kullast-korvarongad-teemantide-ja-paraibaga\/#breadcrumb","itemListElement":[{"@type":"ListItem","position":1,"name":"\u0413\u043b\u0430\u0432\u043d\u0430\u044f \u0441\u0442\u0440\u0430\u043d\u0438\u0446\u0430","item":"https:\/\/colibri-jewels.eu\/et\/"},{"@type":"ListItem","position":2,"name":"Pood","item":"https:\/\/colibri-jewels.eu\/et\/pood\/"},{"@type":"ListItem","position":3,"name":"Valgest kullast k\u00f5rvar\u00f5ngad teemantide ja Paraibaga"}]},{"@type":"WebSite","@id":"https:\/\/colibri-jewels.eu\/et\/#website","url":"https:\/\/colibri-jewels.eu\/et\/","name":"Colibri jewels","description":"jewelry shop","publisher":{"@id":"https:\/\/colibri-jewels.eu\/et\/#organization"},"potentialAction":[{"@type":"SearchAction","target":{"@type":"EntryPoint","urlTemplate":"https:\/\/colibri-jewels.eu\/et\/?s={search_term_string}"},"query-input":{"@type":"PropertyValueSpecification","valueRequired":true,"valueName":"search_term_string"}}],"inLanguage":"et"},{"@type":"Organization","@id":"https:\/\/colibri-jewels.eu\/et\/#organization","name":"O\u00dc Colibri","url":"https:\/\/colibri-jewels.eu\/et\/","logo":{"@type":"ImageObject","inLanguage":"et","@id":"https:\/\/colibri-jewels.eu\/et\/#\/schema\/logo\/image\/","url":"https:\/\/dev.colibri-jewels.eu\/wp-content\/uploads\/2021\/03\/colibri.png","contentUrl":"https:\/\/dev.colibri-jewels.eu\/wp-content\/uploads\/2021\/03\/colibri.png","width":227,"height":130,"caption":"O\u00dc Colibri"},"image":{"@id":"https:\/\/colibri-jewels.eu\/et\/#\/schema\/logo\/image\/"},"sameAs":["https:\/\/www.facebook.com\/colibri.jewels","https:\/\/www.instagram.com\/colibri.jewels","https:\/\/www.tiktok.com\/colibri.jewels"]}]}},"_links":{"self":[{"href":"https:\/\/colibri-jewels.eu\/et\/wp-json\/wp\/v2\/product\/43727","targetHints":{"allow":["GET"]}}],"collection":[{"href":"https:\/\/colibri-jewels.eu\/et\/wp-json\/wp\/v2\/product"}],"about":[{"href":"https:\/\/colibri-jewels.eu\/et\/wp-json\/wp\/v2\/types\/product"}],"replies":[{"embeddable":true,"href":"https:\/\/colibri-jewels.eu\/et\/wp-json\/wp\/v2\/comments?post=43727"}],"version-history":[{"count":0,"href":"https:\/\/colibri-jewels.eu\/et\/wp-json\/wp\/v2\/product\/43727\/revisions"}],"wp:featuredmedia":[{"embeddable":true,"href":"https:\/\/colibri-jewels.eu\/et\/wp-json\/wp\/v2\/media\/43736"}],"wp:attachment":[{"href":"https:\/\/colibri-jewels.eu\/et\/wp-json\/wp\/v2\/media?parent=43727"}],"wp:term":[{"taxonomy":"brand","embeddable":true,"href":"https:\/\/colibri-jewels.eu\/et\/wp-json\/wp\/v2\/etheme_brands?post=43727"},{"taxonomy":"product_brand","embeddable":true,"href":"https:\/\/colibri-jewels.eu\/et\/wp-json\/wp\/v2\/product_brand?post=43727"},{"taxonomy":"product_cat","embeddable":true,"href":"https:\/\/colibri-jewels.eu\/et\/wp-json\/wp\/v2\/product_cat?post=43727"},{"taxonomy":"product_tag","embeddable":true,"href":"https:\/\/colibri-jewels.eu\/et\/wp-json\/wp\/v2\/product_tag?post=43727"}],"curies":[{"name":"wp","href":"https:\/\/api.w.org\/{rel}","templated":true}]}}