{"id":43921,"date":"2025-01-18T18:13:17","date_gmt":"2025-01-18T16:13:17","guid":{"rendered":"https:\/\/dev.colibri-jewels.eu\/?post_type=product&#038;p=43921"},"modified":"2025-01-18T19:03:50","modified_gmt":"2025-01-18T17:03:50","slug":"kuldne-sormus-kolme-kiviga-lihtsas-kinnituses-erica-copy","status":"publish","type":"product","link":"https:\/\/colibri-jewels.eu\/et\/toode\/kuldne-sormus-kolme-kiviga-lihtsas-kinnituses-erica-copy\/","title":{"rendered":"Kuldsed k\u00f5rvar\u00f5ngad kahe kiviga kinnitusraamis &#8216;Erica&#8217;"},"content":{"rendered":"<p>Lisage oma stiilile klassikalist puudutust meie elegantsete k\u00f5rvar\u00f5ngastega, mis on kaunistatud kahe \u00fcmmarguse kristalliga. Lihtne ja stiilne kinnitusraam loob modernse ja peene ilme. K\u00f5rvar\u00f5ngad on valmistatud 585 prooviga roosakullast, mis annab neile ajatu v\u00f5lu ja s\u00e4rava s\u00e4ra. T\u00e4iuslik aksessuaar igaks s\u00fcndmuseks!<\/p>\n","protected":false},"excerpt":{"rendered":"<p>14 kt roosa kuld<\/p>\n<p>k\u00f5rvar\u00f5ngade kaal 2,15 g<\/p>\n<p>&nbsp;<\/p>\n","protected":false},"featured_media":43881,"comment_status":"open","ping_status":"closed","template":"","meta":[],"etheme_brands":[],"product_brand":[],"product_cat":[469],"product_tag":[472],"class_list":{"0":"post-43921","1":"product","2":"type-product","3":"status-publish","4":"has-post-thumbnail","6":"product_cat-korvarongad","7":"product_tag-klassika","9":"first","10":"instock","11":"shipping-taxable","12":"purchasable","13":"product-type-simple"},"acf":[],"yoast_head":"<!-- This site is optimized with the Yoast SEO Premium plugin v26.5 (Yoast SEO v26.8) - https:\/\/yoast.com\/product\/yoast-seo-premium-wordpress\/ -->\n<title>Kuldsed k\u00f5rvar\u00f5ngad kahe kiviga kinnitusraamis &#039;Erica&#039; - Colibri jewels<\/title>\n<meta name=\"description\" content=\"Lisage oma stiilile klassikalist puudutust meie elegantsete k\u00f5rvar\u00f5ngastega, mis on kaunistatud kahe \u00fcmmarguse kristalliga. Lihtne ja stiilne kinnitusraam loob modernse ja peene ilme. K\u00f5rvar\u00f5ngad on valmistatud 585 prooviga roosakullast, mis annab neile ajatu v\u00f5lu ja s\u00e4rava s\u00e4ra. T\u00e4iuslik aksessuaar igaks s\u00fcndmuseks!\" \/>\n<meta name=\"robots\" content=\"index, follow, max-snippet:-1, max-image-preview:large, max-video-preview:-1\" \/>\n<link rel=\"canonical\" href=\"https:\/\/colibri-jewels.eu\/et\/toode\/kuldne-sormus-kolme-kiviga-lihtsas-kinnituses-erica-copy\/\" \/>\n<meta property=\"og:locale\" content=\"et_EE\" \/>\n<meta property=\"og:type\" content=\"article\" \/>\n<meta property=\"og:title\" content=\"Kuldsed k\u00f5rvar\u00f5ngad kahe kiviga kinnitusraamis &#039;Erica&#039;\" \/>\n<meta property=\"og:description\" content=\"Lisage oma stiilile klassikalist puudutust meie elegantsete k\u00f5rvar\u00f5ngastega, mis on kaunistatud kahe \u00fcmmarguse kristalliga. Lihtne ja stiilne kinnitusraam loob modernse ja peene ilme. K\u00f5rvar\u00f5ngad on valmistatud 585 prooviga roosakullast, mis annab neile ajatu v\u00f5lu ja s\u00e4rava s\u00e4ra. T\u00e4iuslik aksessuaar igaks s\u00fcndmuseks!\" \/>\n<meta property=\"og:url\" content=\"https:\/\/colibri-jewels.eu\/et\/toode\/kuldne-sormus-kolme-kiviga-lihtsas-kinnituses-erica-copy\/\" \/>\n<meta property=\"og:site_name\" content=\"Colibri jewels\" \/>\n<meta property=\"article:publisher\" content=\"https:\/\/www.facebook.com\/colibri.jewels\" \/>\n<meta property=\"article:modified_time\" content=\"2025-01-18T17:03:50+00:00\" \/>\n<meta property=\"og:image\" content=\"https:\/\/colibri-jewels.eu\/wp-content\/uploads\/2025\/01\/golden-classic-earrings-Erica.jpg\" \/>\n\t<meta property=\"og:image:width\" content=\"1000\" \/>\n\t<meta property=\"og:image:height\" content=\"1000\" \/>\n\t<meta property=\"og:image:type\" content=\"image\/jpeg\" \/>\n<meta name=\"twitter:card\" content=\"summary_large_image\" \/>\n<script type=\"application\/ld+json\" class=\"yoast-schema-graph\">{\"@context\":\"https:\/\/schema.org\",\"@graph\":[{\"@type\":\"WebPage\",\"@id\":\"https:\/\/colibri-jewels.eu\/et\/toode\/kuldne-sormus-kolme-kiviga-lihtsas-kinnituses-erica-copy\/\",\"url\":\"https:\/\/colibri-jewels.eu\/et\/toode\/kuldne-sormus-kolme-kiviga-lihtsas-kinnituses-erica-copy\/\",\"name\":\"Kuldsed k\u00f5rvar\u00f5ngad kahe kiviga kinnitusraamis 'Erica' - Colibri jewels\",\"isPartOf\":{\"@id\":\"https:\/\/colibri-jewels.eu\/et\/#website\"},\"primaryImageOfPage\":{\"@id\":\"https:\/\/colibri-jewels.eu\/et\/toode\/kuldne-sormus-kolme-kiviga-lihtsas-kinnituses-erica-copy\/#primaryimage\"},\"image\":{\"@id\":\"https:\/\/colibri-jewels.eu\/et\/toode\/kuldne-sormus-kolme-kiviga-lihtsas-kinnituses-erica-copy\/#primaryimage\"},\"thumbnailUrl\":\"https:\/\/colibri-jewels.eu\/wp-content\/uploads\/2025\/01\/golden-classic-earrings-Erica.jpg\",\"datePublished\":\"2025-01-18T16:13:17+00:00\",\"dateModified\":\"2025-01-18T17:03:50+00:00\",\"description\":\"Lisage oma stiilile klassikalist puudutust meie elegantsete k\u00f5rvar\u00f5ngastega, mis on kaunistatud kahe \u00fcmmarguse kristalliga. Lihtne ja stiilne kinnitusraam loob modernse ja peene ilme. K\u00f5rvar\u00f5ngad on valmistatud 585 prooviga roosakullast, mis annab neile ajatu v\u00f5lu ja s\u00e4rava s\u00e4ra. T\u00e4iuslik aksessuaar igaks s\u00fcndmuseks!\",\"breadcrumb\":{\"@id\":\"https:\/\/colibri-jewels.eu\/et\/toode\/kuldne-sormus-kolme-kiviga-lihtsas-kinnituses-erica-copy\/#breadcrumb\"},\"inLanguage\":\"et\",\"potentialAction\":[{\"@type\":\"ReadAction\",\"target\":[\"https:\/\/colibri-jewels.eu\/et\/toode\/kuldne-sormus-kolme-kiviga-lihtsas-kinnituses-erica-copy\/\"]}]},{\"@type\":\"ImageObject\",\"inLanguage\":\"et\",\"@id\":\"https:\/\/colibri-jewels.eu\/et\/toode\/kuldne-sormus-kolme-kiviga-lihtsas-kinnituses-erica-copy\/#primaryimage\",\"url\":\"https:\/\/colibri-jewels.eu\/wp-content\/uploads\/2025\/01\/golden-classic-earrings-Erica.jpg\",\"contentUrl\":\"https:\/\/colibri-jewels.eu\/wp-content\/uploads\/2025\/01\/golden-classic-earrings-Erica.jpg\",\"width\":1000,\"height\":1000},{\"@type\":\"BreadcrumbList\",\"@id\":\"https:\/\/colibri-jewels.eu\/et\/toode\/kuldne-sormus-kolme-kiviga-lihtsas-kinnituses-erica-copy\/#breadcrumb\",\"itemListElement\":[{\"@type\":\"ListItem\",\"position\":1,\"name\":\"\u0413\u043b\u0430\u0432\u043d\u0430\u044f \u0441\u0442\u0440\u0430\u043d\u0438\u0446\u0430\",\"item\":\"https:\/\/colibri-jewels.eu\/et\/\"},{\"@type\":\"ListItem\",\"position\":2,\"name\":\"Pood\",\"item\":\"https:\/\/colibri-jewels.eu\/et\/pood\/\"},{\"@type\":\"ListItem\",\"position\":3,\"name\":\"Kuldsed k\u00f5rvar\u00f5ngad kahe kiviga kinnitusraamis &#8216;Erica&#8217;\"}]},{\"@type\":\"WebSite\",\"@id\":\"https:\/\/colibri-jewels.eu\/et\/#website\",\"url\":\"https:\/\/colibri-jewels.eu\/et\/\",\"name\":\"Colibri jewels\",\"description\":\"jewelry shop\",\"publisher\":{\"@id\":\"https:\/\/colibri-jewels.eu\/et\/#organization\"},\"potentialAction\":[{\"@type\":\"SearchAction\",\"target\":{\"@type\":\"EntryPoint\",\"urlTemplate\":\"https:\/\/colibri-jewels.eu\/et\/?s={search_term_string}\"},\"query-input\":{\"@type\":\"PropertyValueSpecification\",\"valueRequired\":true,\"valueName\":\"search_term_string\"}}],\"inLanguage\":\"et\"},{\"@type\":\"Organization\",\"@id\":\"https:\/\/colibri-jewels.eu\/et\/#organization\",\"name\":\"O\u00dc Colibri\",\"url\":\"https:\/\/colibri-jewels.eu\/et\/\",\"logo\":{\"@type\":\"ImageObject\",\"inLanguage\":\"et\",\"@id\":\"https:\/\/colibri-jewels.eu\/et\/#\/schema\/logo\/image\/\",\"url\":\"https:\/\/dev.colibri-jewels.eu\/wp-content\/uploads\/2021\/03\/colibri.png\",\"contentUrl\":\"https:\/\/dev.colibri-jewels.eu\/wp-content\/uploads\/2021\/03\/colibri.png\",\"width\":227,\"height\":130,\"caption\":\"O\u00dc Colibri\"},\"image\":{\"@id\":\"https:\/\/colibri-jewels.eu\/et\/#\/schema\/logo\/image\/\"},\"sameAs\":[\"https:\/\/www.facebook.com\/colibri.jewels\",\"https:\/\/www.instagram.com\/colibri.jewels\",\"https:\/\/www.tiktok.com\/colibri.jewels\"]}]}<\/script>\n<!-- \/ Yoast SEO Premium plugin. -->","yoast_head_json":{"title":"Kuldsed k\u00f5rvar\u00f5ngad kahe kiviga kinnitusraamis 'Erica' - Colibri jewels","description":"Lisage oma stiilile klassikalist puudutust meie elegantsete k\u00f5rvar\u00f5ngastega, mis on kaunistatud kahe \u00fcmmarguse kristalliga. Lihtne ja stiilne kinnitusraam loob modernse ja peene ilme. K\u00f5rvar\u00f5ngad on valmistatud 585 prooviga roosakullast, mis annab neile ajatu v\u00f5lu ja s\u00e4rava s\u00e4ra. T\u00e4iuslik aksessuaar igaks s\u00fcndmuseks!","robots":{"index":"index","follow":"follow","max-snippet":"max-snippet:-1","max-image-preview":"max-image-preview:large","max-video-preview":"max-video-preview:-1"},"canonical":"https:\/\/colibri-jewels.eu\/et\/toode\/kuldne-sormus-kolme-kiviga-lihtsas-kinnituses-erica-copy\/","og_locale":"et_EE","og_type":"article","og_title":"Kuldsed k\u00f5rvar\u00f5ngad kahe kiviga kinnitusraamis 'Erica'","og_description":"Lisage oma stiilile klassikalist puudutust meie elegantsete k\u00f5rvar\u00f5ngastega, mis on kaunistatud kahe \u00fcmmarguse kristalliga. Lihtne ja stiilne kinnitusraam loob modernse ja peene ilme. K\u00f5rvar\u00f5ngad on valmistatud 585 prooviga roosakullast, mis annab neile ajatu v\u00f5lu ja s\u00e4rava s\u00e4ra. T\u00e4iuslik aksessuaar igaks s\u00fcndmuseks!","og_url":"https:\/\/colibri-jewels.eu\/et\/toode\/kuldne-sormus-kolme-kiviga-lihtsas-kinnituses-erica-copy\/","og_site_name":"Colibri jewels","article_publisher":"https:\/\/www.facebook.com\/colibri.jewels","article_modified_time":"2025-01-18T17:03:50+00:00","og_image":[{"width":1000,"height":1000,"url":"https:\/\/colibri-jewels.eu\/wp-content\/uploads\/2025\/01\/golden-classic-earrings-Erica.jpg","type":"image\/jpeg"}],"twitter_card":"summary_large_image","schema":{"@context":"https:\/\/schema.org","@graph":[{"@type":"WebPage","@id":"https:\/\/colibri-jewels.eu\/et\/toode\/kuldne-sormus-kolme-kiviga-lihtsas-kinnituses-erica-copy\/","url":"https:\/\/colibri-jewels.eu\/et\/toode\/kuldne-sormus-kolme-kiviga-lihtsas-kinnituses-erica-copy\/","name":"Kuldsed k\u00f5rvar\u00f5ngad kahe kiviga kinnitusraamis 'Erica' - Colibri jewels","isPartOf":{"@id":"https:\/\/colibri-jewels.eu\/et\/#website"},"primaryImageOfPage":{"@id":"https:\/\/colibri-jewels.eu\/et\/toode\/kuldne-sormus-kolme-kiviga-lihtsas-kinnituses-erica-copy\/#primaryimage"},"image":{"@id":"https:\/\/colibri-jewels.eu\/et\/toode\/kuldne-sormus-kolme-kiviga-lihtsas-kinnituses-erica-copy\/#primaryimage"},"thumbnailUrl":"https:\/\/colibri-jewels.eu\/wp-content\/uploads\/2025\/01\/golden-classic-earrings-Erica.jpg","datePublished":"2025-01-18T16:13:17+00:00","dateModified":"2025-01-18T17:03:50+00:00","description":"Lisage oma stiilile klassikalist puudutust meie elegantsete k\u00f5rvar\u00f5ngastega, mis on kaunistatud kahe \u00fcmmarguse kristalliga. Lihtne ja stiilne kinnitusraam loob modernse ja peene ilme. K\u00f5rvar\u00f5ngad on valmistatud 585 prooviga roosakullast, mis annab neile ajatu v\u00f5lu ja s\u00e4rava s\u00e4ra. T\u00e4iuslik aksessuaar igaks s\u00fcndmuseks!","breadcrumb":{"@id":"https:\/\/colibri-jewels.eu\/et\/toode\/kuldne-sormus-kolme-kiviga-lihtsas-kinnituses-erica-copy\/#breadcrumb"},"inLanguage":"et","potentialAction":[{"@type":"ReadAction","target":["https:\/\/colibri-jewels.eu\/et\/toode\/kuldne-sormus-kolme-kiviga-lihtsas-kinnituses-erica-copy\/"]}]},{"@type":"ImageObject","inLanguage":"et","@id":"https:\/\/colibri-jewels.eu\/et\/toode\/kuldne-sormus-kolme-kiviga-lihtsas-kinnituses-erica-copy\/#primaryimage","url":"https:\/\/colibri-jewels.eu\/wp-content\/uploads\/2025\/01\/golden-classic-earrings-Erica.jpg","contentUrl":"https:\/\/colibri-jewels.eu\/wp-content\/uploads\/2025\/01\/golden-classic-earrings-Erica.jpg","width":1000,"height":1000},{"@type":"BreadcrumbList","@id":"https:\/\/colibri-jewels.eu\/et\/toode\/kuldne-sormus-kolme-kiviga-lihtsas-kinnituses-erica-copy\/#breadcrumb","itemListElement":[{"@type":"ListItem","position":1,"name":"\u0413\u043b\u0430\u0432\u043d\u0430\u044f \u0441\u0442\u0440\u0430\u043d\u0438\u0446\u0430","item":"https:\/\/colibri-jewels.eu\/et\/"},{"@type":"ListItem","position":2,"name":"Pood","item":"https:\/\/colibri-jewels.eu\/et\/pood\/"},{"@type":"ListItem","position":3,"name":"Kuldsed k\u00f5rvar\u00f5ngad kahe kiviga kinnitusraamis &#8216;Erica&#8217;"}]},{"@type":"WebSite","@id":"https:\/\/colibri-jewels.eu\/et\/#website","url":"https:\/\/colibri-jewels.eu\/et\/","name":"Colibri jewels","description":"jewelry shop","publisher":{"@id":"https:\/\/colibri-jewels.eu\/et\/#organization"},"potentialAction":[{"@type":"SearchAction","target":{"@type":"EntryPoint","urlTemplate":"https:\/\/colibri-jewels.eu\/et\/?s={search_term_string}"},"query-input":{"@type":"PropertyValueSpecification","valueRequired":true,"valueName":"search_term_string"}}],"inLanguage":"et"},{"@type":"Organization","@id":"https:\/\/colibri-jewels.eu\/et\/#organization","name":"O\u00dc Colibri","url":"https:\/\/colibri-jewels.eu\/et\/","logo":{"@type":"ImageObject","inLanguage":"et","@id":"https:\/\/colibri-jewels.eu\/et\/#\/schema\/logo\/image\/","url":"https:\/\/dev.colibri-jewels.eu\/wp-content\/uploads\/2021\/03\/colibri.png","contentUrl":"https:\/\/dev.colibri-jewels.eu\/wp-content\/uploads\/2021\/03\/colibri.png","width":227,"height":130,"caption":"O\u00dc Colibri"},"image":{"@id":"https:\/\/colibri-jewels.eu\/et\/#\/schema\/logo\/image\/"},"sameAs":["https:\/\/www.facebook.com\/colibri.jewels","https:\/\/www.instagram.com\/colibri.jewels","https:\/\/www.tiktok.com\/colibri.jewels"]}]}},"_links":{"self":[{"href":"https:\/\/colibri-jewels.eu\/et\/wp-json\/wp\/v2\/product\/43921","targetHints":{"allow":["GET"]}}],"collection":[{"href":"https:\/\/colibri-jewels.eu\/et\/wp-json\/wp\/v2\/product"}],"about":[{"href":"https:\/\/colibri-jewels.eu\/et\/wp-json\/wp\/v2\/types\/product"}],"replies":[{"embeddable":true,"href":"https:\/\/colibri-jewels.eu\/et\/wp-json\/wp\/v2\/comments?post=43921"}],"version-history":[{"count":0,"href":"https:\/\/colibri-jewels.eu\/et\/wp-json\/wp\/v2\/product\/43921\/revisions"}],"wp:featuredmedia":[{"embeddable":true,"href":"https:\/\/colibri-jewels.eu\/et\/wp-json\/wp\/v2\/media\/43881"}],"wp:attachment":[{"href":"https:\/\/colibri-jewels.eu\/et\/wp-json\/wp\/v2\/media?parent=43921"}],"wp:term":[{"taxonomy":"brand","embeddable":true,"href":"https:\/\/colibri-jewels.eu\/et\/wp-json\/wp\/v2\/etheme_brands?post=43921"},{"taxonomy":"product_brand","embeddable":true,"href":"https:\/\/colibri-jewels.eu\/et\/wp-json\/wp\/v2\/product_brand?post=43921"},{"taxonomy":"product_cat","embeddable":true,"href":"https:\/\/colibri-jewels.eu\/et\/wp-json\/wp\/v2\/product_cat?post=43921"},{"taxonomy":"product_tag","embeddable":true,"href":"https:\/\/colibri-jewels.eu\/et\/wp-json\/wp\/v2\/product_tag?post=43921"}],"curies":[{"name":"wp","href":"https:\/\/api.w.org\/{rel}","templated":true}]}}