{"id":44062,"date":"2025-02-26T21:49:51","date_gmt":"2025-02-26T19:49:51","guid":{"rendered":"https:\/\/dev.colibri-jewels.eu\/?post_type=product&#038;p=44062"},"modified":"2025-06-10T14:18:48","modified_gmt":"2025-06-10T11:18:48","slug":"solitaire-sormus-lab-diamantidega-grace","status":"publish","type":"product","link":"https:\/\/colibri-jewels.eu\/et\/toode\/solitaire-sormus-lab-diamantidega-grace\/","title":{"rendered":"Solitaire s\u00f5rmus lab diamantidega &#8220;Grace&#8221;"},"content":{"rendered":"<p data-start=\"121\" data-end=\"401\">See 585-proovi valgest kullast s\u00f5rmus on kaunistatud ovaalse 2-karaadi lab-diamandiga, mida \u00fcmbritseb 34 v\u00e4iksemat diamanti kogukaaluga 0,50 karaati. Keskse kivi k\u00f5rgendatud asetamine lisab s\u00f5rmusele s\u00fcgavust ja rafineeritust, luues silmapaistva visuaalse efekti. <\/p>\n<p data-start=\"403\" data-end=\"605\">S\u00f5rmus sobib ideaalselt nii kihlas\u00f5rmuseks kui ka kingituseks igaks eriliseks puhuks. Selle elegantne ja peen disain \u00fchendab klassikalise ja kaasaegse stiili, muutes selle universaalseks eheks igaks s\u00fcndmuseks. <\/p>\n<p data-start=\"607\" data-end=\"955\">Keskne diamant on sertifitseeritud rahvusvahelises gemmoloogilises laboris ja selle rundi peal on graveering, mis kinnitab tema p\u00e4ritolu ja kvaliteeti. Lab-diamantidel on samad keemilised, f\u00fc\u00fcsikalised ja optilised omadused kui looduslikel, kuid neid toodetakse minimaalsete keskkonnam\u00f5jude ja eetilise p\u00e4ritoluga. <\/p>\n<h3 data-start=\"957\" data-end=\"980\"><strong data-start=\"961\" data-end=\"978\">P\u00f5hijooned:<\/strong><\/h3>\n<ul data-start=\"981\" data-end=\"1195\">\n<li data-start=\"981\" data-end=\"1013\"><strong data-start=\"983\" data-end=\"996\">Materjal:<\/strong> 585 proov valge kuld<\/li>\n<li data-start=\"1014\" data-end=\"1116\"><strong data-start=\"1016\" data-end=\"1029\">V\u00e4\u00e4riskivi:<\/strong> Lab-ovaalne diamant (2 karaati) ja 34 v\u00e4iksemat v\u00e4\u00e4riskivi (0,50 karaati kokku)<\/li>\n<li data-start=\"1117\" data-end=\"1151\"><strong data-start=\"1119\" data-end=\"1136\">Keskne Kivi:<\/strong> Ovaalne diamant<\/li>\n<li data-start=\"1152\" data-end=\"1195\"><strong data-start=\"1154\" data-end=\"1171\">Karaadi Kaal:<\/strong> 2 karaati (peamine kivi)<\/li>\n<\/ul>\n<h3 data-start=\"1197\" data-end=\"1228\"><strong data-start=\"1201\" data-end=\"1226\">Miks valida see s\u00f5rmus?<\/strong><\/h3>\n<ul data-start=\"1229\" data-end=\"1731\">\n<li data-start=\"1229\" data-end=\"1301\">Luksuslik ja elegantne disain, mis toob esile teie isikup\u00e4ra.<\/li>\n<li data-start=\"1302\" data-end=\"1359\">Sobib ideaalselt kihlas\u00f5rmuseks v\u00f5i kingituseks igaks puhuks.<\/li>\n<li data-start=\"1360\" data-end=\"1407\">Eetilised ja j\u00e4tkusuutlikud lab-diamandid.<\/li>\n<li data-start=\"1408\" data-end=\"1471\">K\u00f5rgendatud kivi lisab disainile s\u00fcgavust ja rafineeritust.<\/li>\n<li data-start=\"1472\" data-end=\"1560\">Demokraatlik hind v\u00f5imaldab seda kanda iga p\u00e4ev, mitte ainult erilistel puhkudel.<\/li>\n<li data-start=\"1561\" data-end=\"1679\">Keskne diamant on sertifitseeritud rahvusvahelises gemmoloogilises laboris ja sellele on graveeritud rundi peal kinnitus.<\/li>\n<li data-start=\"1680\" data-end=\"1731\">Ajatu armastuse, stiili ja t\u00e4iuslikkuse s\u00fcmbol.<\/li>\n<\/ul>\n<p data-start=\"1733\" data-end=\"1842\"><strong data-start=\"1737\" data-end=\"1746\">Grace<\/strong> s\u00f5rmus on ideaalne valik neile, kes hindavad elegantsi, kaasaegset stiili ja looduslikku ilu.<\/p>\n","protected":false},"excerpt":{"rendered":"<p>See 585-proovi valgest kullast s\u00f5rmus on kaunistatud ovaalse 2-karaadi lab-diamandiga, mida \u00fcmbritseb 34 v\u00e4iksemat diamanti kogukaaluga 0,50 karaati. Keskse kivi k\u00f5rgendatud asetamine lisab s\u00f5rmusele s\u00fcgavust&#8230;<\/p>\n","protected":false},"featured_media":53686,"comment_status":"open","ping_status":"closed","template":"","meta":[],"etheme_brands":[],"product_brand":[],"product_cat":[471],"product_tag":[476,474,1255,499],"class_list":{"0":"post-44062","1":"product","2":"type-product","3":"status-publish","4":"has-post-thumbnail","6":"product_cat-sormused","7":"product_tag-eksklusiivsed-ehted","8":"product_tag-kihlasormused","9":"product_tag-lab-teemantid","10":"product_tag-romantiline","12":"first","13":"onbackorder","14":"shipping-taxable","15":"purchasable","16":"product-type-simple"},"acf":[],"yoast_head":"<!-- This site is optimized with the Yoast SEO Premium plugin v26.5 (Yoast SEO v26.8) - https:\/\/yoast.com\/product\/yoast-seo-premium-wordpress\/ -->\n<title>Solitaire s\u00f5rmus lab diamantidega &quot;Grace&quot; - Colibri jewels<\/title>\n<meta name=\"description\" content=\"Grace s\u00f5rmus valgest kullast, ovaalse 2-karaadise diamandi. Elegantne ja luksuslik disain, ideaalne kihlas\u00f5rmuseks v\u00f5i kingituseks igaks puhuks.\" \/>\n<meta name=\"robots\" content=\"index, follow, max-snippet:-1, max-image-preview:large, max-video-preview:-1\" \/>\n<link rel=\"canonical\" href=\"https:\/\/colibri-jewels.eu\/et\/toode\/solitaire-sormus-lab-diamantidega-grace\/\" \/>\n<meta property=\"og:locale\" content=\"et_EE\" \/>\n<meta property=\"og:type\" content=\"article\" \/>\n<meta property=\"og:title\" content=\"Solitaire s\u00f5rmus lab diamantidega &quot;Grace&quot;\" \/>\n<meta property=\"og:description\" content=\"Grace s\u00f5rmus valgest kullast, ovaalse 2-karaadise diamandi. Elegantne ja luksuslik disain, ideaalne kihlas\u00f5rmuseks v\u00f5i kingituseks igaks puhuks.\" \/>\n<meta property=\"og:url\" content=\"https:\/\/colibri-jewels.eu\/et\/toode\/solitaire-sormus-lab-diamantidega-grace\/\" \/>\n<meta property=\"og:site_name\" content=\"Colibri jewels\" \/>\n<meta property=\"article:publisher\" content=\"https:\/\/www.facebook.com\/colibri.jewels\" \/>\n<meta property=\"article:modified_time\" content=\"2025-06-10T11:18:48+00:00\" \/>\n<meta property=\"og:image\" content=\"https:\/\/colibri-jewels.eu\/wp-content\/uploads\/2025\/06\/white-gold-ring-with-big-oval-lab-diamond-2-ct-scaled.jpg\" \/>\n\t<meta property=\"og:image:width\" content=\"2560\" \/>\n\t<meta property=\"og:image:height\" content=\"2560\" \/>\n\t<meta property=\"og:image:type\" content=\"image\/jpeg\" \/>\n<meta name=\"twitter:card\" content=\"summary_large_image\" \/>\n<meta name=\"twitter:label1\" content=\"Est. reading time\" \/>\n\t<meta name=\"twitter:data1\" content=\"1 minut\" \/>\n<script type=\"application\/ld+json\" class=\"yoast-schema-graph\">{\"@context\":\"https:\/\/schema.org\",\"@graph\":[{\"@type\":\"WebPage\",\"@id\":\"https:\/\/colibri-jewels.eu\/et\/toode\/solitaire-sormus-lab-diamantidega-grace\/\",\"url\":\"https:\/\/colibri-jewels.eu\/et\/toode\/solitaire-sormus-lab-diamantidega-grace\/\",\"name\":\"Solitaire s\u00f5rmus lab diamantidega \\\"Grace\\\" - Colibri jewels\",\"isPartOf\":{\"@id\":\"https:\/\/colibri-jewels.eu\/et\/#website\"},\"primaryImageOfPage\":{\"@id\":\"https:\/\/colibri-jewels.eu\/et\/toode\/solitaire-sormus-lab-diamantidega-grace\/#primaryimage\"},\"image\":{\"@id\":\"https:\/\/colibri-jewels.eu\/et\/toode\/solitaire-sormus-lab-diamantidega-grace\/#primaryimage\"},\"thumbnailUrl\":\"https:\/\/colibri-jewels.eu\/wp-content\/uploads\/2025\/06\/white-gold-ring-with-big-oval-lab-diamond-2-ct-scaled.jpg\",\"datePublished\":\"2025-02-26T19:49:51+00:00\",\"dateModified\":\"2025-06-10T11:18:48+00:00\",\"description\":\"Grace s\u00f5rmus valgest kullast, ovaalse 2-karaadise diamandi. Elegantne ja luksuslik disain, ideaalne kihlas\u00f5rmuseks v\u00f5i kingituseks igaks puhuks.\",\"breadcrumb\":{\"@id\":\"https:\/\/colibri-jewels.eu\/et\/toode\/solitaire-sormus-lab-diamantidega-grace\/#breadcrumb\"},\"inLanguage\":\"et\",\"potentialAction\":[{\"@type\":\"ReadAction\",\"target\":[\"https:\/\/colibri-jewels.eu\/et\/toode\/solitaire-sormus-lab-diamantidega-grace\/\"]}]},{\"@type\":\"ImageObject\",\"inLanguage\":\"et\",\"@id\":\"https:\/\/colibri-jewels.eu\/et\/toode\/solitaire-sormus-lab-diamantidega-grace\/#primaryimage\",\"url\":\"https:\/\/colibri-jewels.eu\/wp-content\/uploads\/2025\/06\/white-gold-ring-with-big-oval-lab-diamond-2-ct-scaled.jpg\",\"contentUrl\":\"https:\/\/colibri-jewels.eu\/wp-content\/uploads\/2025\/06\/white-gold-ring-with-big-oval-lab-diamond-2-ct-scaled.jpg\",\"width\":2560,\"height\":2560},{\"@type\":\"BreadcrumbList\",\"@id\":\"https:\/\/colibri-jewels.eu\/et\/toode\/solitaire-sormus-lab-diamantidega-grace\/#breadcrumb\",\"itemListElement\":[{\"@type\":\"ListItem\",\"position\":1,\"name\":\"\u0413\u043b\u0430\u0432\u043d\u0430\u044f \u0441\u0442\u0440\u0430\u043d\u0438\u0446\u0430\",\"item\":\"https:\/\/colibri-jewels.eu\/et\/\"},{\"@type\":\"ListItem\",\"position\":2,\"name\":\"Pood\",\"item\":\"https:\/\/colibri-jewels.eu\/et\/pood\/\"},{\"@type\":\"ListItem\",\"position\":3,\"name\":\"Solitaire s\u00f5rmus lab diamantidega &#8220;Grace&#8221;\"}]},{\"@type\":\"WebSite\",\"@id\":\"https:\/\/colibri-jewels.eu\/et\/#website\",\"url\":\"https:\/\/colibri-jewels.eu\/et\/\",\"name\":\"Colibri jewels\",\"description\":\"jewelry shop\",\"publisher\":{\"@id\":\"https:\/\/colibri-jewels.eu\/et\/#organization\"},\"potentialAction\":[{\"@type\":\"SearchAction\",\"target\":{\"@type\":\"EntryPoint\",\"urlTemplate\":\"https:\/\/colibri-jewels.eu\/et\/?s={search_term_string}\"},\"query-input\":{\"@type\":\"PropertyValueSpecification\",\"valueRequired\":true,\"valueName\":\"search_term_string\"}}],\"inLanguage\":\"et\"},{\"@type\":\"Organization\",\"@id\":\"https:\/\/colibri-jewels.eu\/et\/#organization\",\"name\":\"O\u00dc Colibri\",\"url\":\"https:\/\/colibri-jewels.eu\/et\/\",\"logo\":{\"@type\":\"ImageObject\",\"inLanguage\":\"et\",\"@id\":\"https:\/\/colibri-jewels.eu\/et\/#\/schema\/logo\/image\/\",\"url\":\"https:\/\/dev.colibri-jewels.eu\/wp-content\/uploads\/2021\/03\/colibri.png\",\"contentUrl\":\"https:\/\/dev.colibri-jewels.eu\/wp-content\/uploads\/2021\/03\/colibri.png\",\"width\":227,\"height\":130,\"caption\":\"O\u00dc Colibri\"},\"image\":{\"@id\":\"https:\/\/colibri-jewels.eu\/et\/#\/schema\/logo\/image\/\"},\"sameAs\":[\"https:\/\/www.facebook.com\/colibri.jewels\",\"https:\/\/www.instagram.com\/colibri.jewels\",\"https:\/\/www.tiktok.com\/colibri.jewels\"]}]}<\/script>\n<!-- \/ Yoast SEO Premium plugin. -->","yoast_head_json":{"title":"Solitaire s\u00f5rmus lab diamantidega \"Grace\" - Colibri jewels","description":"Grace s\u00f5rmus valgest kullast, ovaalse 2-karaadise diamandi. Elegantne ja luksuslik disain, ideaalne kihlas\u00f5rmuseks v\u00f5i kingituseks igaks puhuks.","robots":{"index":"index","follow":"follow","max-snippet":"max-snippet:-1","max-image-preview":"max-image-preview:large","max-video-preview":"max-video-preview:-1"},"canonical":"https:\/\/colibri-jewels.eu\/et\/toode\/solitaire-sormus-lab-diamantidega-grace\/","og_locale":"et_EE","og_type":"article","og_title":"Solitaire s\u00f5rmus lab diamantidega \"Grace\"","og_description":"Grace s\u00f5rmus valgest kullast, ovaalse 2-karaadise diamandi. Elegantne ja luksuslik disain, ideaalne kihlas\u00f5rmuseks v\u00f5i kingituseks igaks puhuks.","og_url":"https:\/\/colibri-jewels.eu\/et\/toode\/solitaire-sormus-lab-diamantidega-grace\/","og_site_name":"Colibri jewels","article_publisher":"https:\/\/www.facebook.com\/colibri.jewels","article_modified_time":"2025-06-10T11:18:48+00:00","og_image":[{"width":2560,"height":2560,"url":"https:\/\/colibri-jewels.eu\/wp-content\/uploads\/2025\/06\/white-gold-ring-with-big-oval-lab-diamond-2-ct-scaled.jpg","type":"image\/jpeg"}],"twitter_card":"summary_large_image","twitter_misc":{"Est. reading time":"1 minut"},"schema":{"@context":"https:\/\/schema.org","@graph":[{"@type":"WebPage","@id":"https:\/\/colibri-jewels.eu\/et\/toode\/solitaire-sormus-lab-diamantidega-grace\/","url":"https:\/\/colibri-jewels.eu\/et\/toode\/solitaire-sormus-lab-diamantidega-grace\/","name":"Solitaire s\u00f5rmus lab diamantidega \"Grace\" - Colibri jewels","isPartOf":{"@id":"https:\/\/colibri-jewels.eu\/et\/#website"},"primaryImageOfPage":{"@id":"https:\/\/colibri-jewels.eu\/et\/toode\/solitaire-sormus-lab-diamantidega-grace\/#primaryimage"},"image":{"@id":"https:\/\/colibri-jewels.eu\/et\/toode\/solitaire-sormus-lab-diamantidega-grace\/#primaryimage"},"thumbnailUrl":"https:\/\/colibri-jewels.eu\/wp-content\/uploads\/2025\/06\/white-gold-ring-with-big-oval-lab-diamond-2-ct-scaled.jpg","datePublished":"2025-02-26T19:49:51+00:00","dateModified":"2025-06-10T11:18:48+00:00","description":"Grace s\u00f5rmus valgest kullast, ovaalse 2-karaadise diamandi. Elegantne ja luksuslik disain, ideaalne kihlas\u00f5rmuseks v\u00f5i kingituseks igaks puhuks.","breadcrumb":{"@id":"https:\/\/colibri-jewels.eu\/et\/toode\/solitaire-sormus-lab-diamantidega-grace\/#breadcrumb"},"inLanguage":"et","potentialAction":[{"@type":"ReadAction","target":["https:\/\/colibri-jewels.eu\/et\/toode\/solitaire-sormus-lab-diamantidega-grace\/"]}]},{"@type":"ImageObject","inLanguage":"et","@id":"https:\/\/colibri-jewels.eu\/et\/toode\/solitaire-sormus-lab-diamantidega-grace\/#primaryimage","url":"https:\/\/colibri-jewels.eu\/wp-content\/uploads\/2025\/06\/white-gold-ring-with-big-oval-lab-diamond-2-ct-scaled.jpg","contentUrl":"https:\/\/colibri-jewels.eu\/wp-content\/uploads\/2025\/06\/white-gold-ring-with-big-oval-lab-diamond-2-ct-scaled.jpg","width":2560,"height":2560},{"@type":"BreadcrumbList","@id":"https:\/\/colibri-jewels.eu\/et\/toode\/solitaire-sormus-lab-diamantidega-grace\/#breadcrumb","itemListElement":[{"@type":"ListItem","position":1,"name":"\u0413\u043b\u0430\u0432\u043d\u0430\u044f \u0441\u0442\u0440\u0430\u043d\u0438\u0446\u0430","item":"https:\/\/colibri-jewels.eu\/et\/"},{"@type":"ListItem","position":2,"name":"Pood","item":"https:\/\/colibri-jewels.eu\/et\/pood\/"},{"@type":"ListItem","position":3,"name":"Solitaire s\u00f5rmus lab diamantidega &#8220;Grace&#8221;"}]},{"@type":"WebSite","@id":"https:\/\/colibri-jewels.eu\/et\/#website","url":"https:\/\/colibri-jewels.eu\/et\/","name":"Colibri jewels","description":"jewelry shop","publisher":{"@id":"https:\/\/colibri-jewels.eu\/et\/#organization"},"potentialAction":[{"@type":"SearchAction","target":{"@type":"EntryPoint","urlTemplate":"https:\/\/colibri-jewels.eu\/et\/?s={search_term_string}"},"query-input":{"@type":"PropertyValueSpecification","valueRequired":true,"valueName":"search_term_string"}}],"inLanguage":"et"},{"@type":"Organization","@id":"https:\/\/colibri-jewels.eu\/et\/#organization","name":"O\u00dc Colibri","url":"https:\/\/colibri-jewels.eu\/et\/","logo":{"@type":"ImageObject","inLanguage":"et","@id":"https:\/\/colibri-jewels.eu\/et\/#\/schema\/logo\/image\/","url":"https:\/\/dev.colibri-jewels.eu\/wp-content\/uploads\/2021\/03\/colibri.png","contentUrl":"https:\/\/dev.colibri-jewels.eu\/wp-content\/uploads\/2021\/03\/colibri.png","width":227,"height":130,"caption":"O\u00dc Colibri"},"image":{"@id":"https:\/\/colibri-jewels.eu\/et\/#\/schema\/logo\/image\/"},"sameAs":["https:\/\/www.facebook.com\/colibri.jewels","https:\/\/www.instagram.com\/colibri.jewels","https:\/\/www.tiktok.com\/colibri.jewels"]}]}},"_links":{"self":[{"href":"https:\/\/colibri-jewels.eu\/et\/wp-json\/wp\/v2\/product\/44062","targetHints":{"allow":["GET"]}}],"collection":[{"href":"https:\/\/colibri-jewels.eu\/et\/wp-json\/wp\/v2\/product"}],"about":[{"href":"https:\/\/colibri-jewels.eu\/et\/wp-json\/wp\/v2\/types\/product"}],"replies":[{"embeddable":true,"href":"https:\/\/colibri-jewels.eu\/et\/wp-json\/wp\/v2\/comments?post=44062"}],"version-history":[{"count":0,"href":"https:\/\/colibri-jewels.eu\/et\/wp-json\/wp\/v2\/product\/44062\/revisions"}],"wp:featuredmedia":[{"embeddable":true,"href":"https:\/\/colibri-jewels.eu\/et\/wp-json\/wp\/v2\/media\/53686"}],"wp:attachment":[{"href":"https:\/\/colibri-jewels.eu\/et\/wp-json\/wp\/v2\/media?parent=44062"}],"wp:term":[{"taxonomy":"brand","embeddable":true,"href":"https:\/\/colibri-jewels.eu\/et\/wp-json\/wp\/v2\/etheme_brands?post=44062"},{"taxonomy":"product_brand","embeddable":true,"href":"https:\/\/colibri-jewels.eu\/et\/wp-json\/wp\/v2\/product_brand?post=44062"},{"taxonomy":"product_cat","embeddable":true,"href":"https:\/\/colibri-jewels.eu\/et\/wp-json\/wp\/v2\/product_cat?post=44062"},{"taxonomy":"product_tag","embeddable":true,"href":"https:\/\/colibri-jewels.eu\/et\/wp-json\/wp\/v2\/product_tag?post=44062"}],"curies":[{"name":"wp","href":"https:\/\/api.w.org\/{rel}","templated":true}]}}