{"id":47171,"date":"2025-03-06T18:33:09","date_gmt":"2025-03-06T16:33:09","guid":{"rendered":"https:\/\/dev.colibri-jewels.eu\/?post_type=product&#038;p=47171"},"modified":"2025-04-06T20:41:10","modified_gmt":"2025-04-06T17:41:10","slug":"laboriteemant-eraldi-kivi-printsesslihv-030-ct-copy","status":"publish","type":"product","link":"https:\/\/colibri-jewels.eu\/et\/toode\/laboriteemant-eraldi-kivi-printsesslihv-030-ct-copy\/","title":{"rendered":"Laboriteemant (eraldi kivi) printsesslihv 0,50 ct"},"content":{"rendered":"<p>Lab diamandid ca 0,50 ct tk, hind on antud kivi kohta, vali vaid v\u00e4rv, selgus ja tellitav kogus, soovi korral kasv\u00f5i \u00fcks t\u00fckk. K\u00f5ikidel diamantidel on IGI labori sertifikaadid.<\/p>\n<p>0,50-karaadised printsesslihviga teemandid on ligikaudu 4,2-4,3 mm<\/p>\n","protected":false},"excerpt":{"rendered":"<p>Lab diamandid ca 0,50 ct tk, hind on antud kivi kohta, vali vaid v\u00e4rv, selgus ja tellitav kogus, soovi korral kasv\u00f5i \u00fcks t\u00fckk. K\u00f5ikidel diamantidel&#8230;<\/p>\n","protected":false},"featured_media":47140,"comment_status":"open","ping_status":"closed","template":"","meta":[],"etheme_brands":[],"product_brand":[],"product_cat":[906],"product_tag":[907],"class_list":{"0":"post-47171","1":"product","2":"type-product","3":"status-publish","4":"has-post-thumbnail","6":"product_cat-diamantid","7":"product_tag-loose-diamonds-et","9":"first","10":"instock","11":"shipping-taxable","12":"purchasable","13":"product-type-variable"},"acf":[],"yoast_head":"<!-- This site is optimized with the Yoast SEO Premium plugin v26.5 (Yoast SEO v26.8) - https:\/\/yoast.com\/product\/yoast-seo-premium-wordpress\/ -->\n<title>Laboriteemant (eraldi kivi) printsesslihv 0,50 ct - Colibri jewels<\/title>\n<meta name=\"robots\" content=\"index, follow, max-snippet:-1, max-image-preview:large, max-video-preview:-1\" \/>\n<link rel=\"canonical\" href=\"https:\/\/colibri-jewels.eu\/et\/toode\/laboriteemant-eraldi-kivi-printsesslihv-030-ct-copy\/\" \/>\n<meta property=\"og:locale\" content=\"et_EE\" \/>\n<meta property=\"og:type\" content=\"article\" \/>\n<meta property=\"og:title\" content=\"Laboriteemant (eraldi kivi) printsesslihv 0,50 ct\" \/>\n<meta property=\"og:description\" content=\"Lab diamandid ca 0,50 ct tk, hind on antud kivi kohta, vali vaid v\u00e4rv, selgus ja tellitav kogus, soovi korral kasv\u00f5i \u00fcks t\u00fckk. K\u00f5ikidel diamantidel...\" \/>\n<meta property=\"og:url\" content=\"https:\/\/colibri-jewels.eu\/et\/toode\/laboriteemant-eraldi-kivi-printsesslihv-030-ct-copy\/\" \/>\n<meta property=\"og:site_name\" content=\"Colibri jewels\" \/>\n<meta property=\"article:publisher\" content=\"https:\/\/www.facebook.com\/colibri.jewels\" \/>\n<meta property=\"article:modified_time\" content=\"2025-04-06T17:41:10+00:00\" \/>\n<meta property=\"og:image\" content=\"https:\/\/colibri-jewels.eu\/wp-content\/uploads\/2025\/04\/princess-diamond-E_VVS2.jpeg\" \/>\n\t<meta property=\"og:image:width\" content=\"818\" \/>\n\t<meta property=\"og:image:height\" content=\"699\" \/>\n\t<meta property=\"og:image:type\" content=\"image\/jpeg\" \/>\n<meta name=\"twitter:card\" content=\"summary_large_image\" \/>\n<script type=\"application\/ld+json\" class=\"yoast-schema-graph\">{\"@context\":\"https:\/\/schema.org\",\"@graph\":[{\"@type\":\"WebPage\",\"@id\":\"https:\/\/colibri-jewels.eu\/et\/toode\/laboriteemant-eraldi-kivi-printsesslihv-030-ct-copy\/\",\"url\":\"https:\/\/colibri-jewels.eu\/et\/toode\/laboriteemant-eraldi-kivi-printsesslihv-030-ct-copy\/\",\"name\":\"Laboriteemant (eraldi kivi) printsesslihv 0,50 ct - Colibri jewels\",\"isPartOf\":{\"@id\":\"https:\/\/colibri-jewels.eu\/et\/#website\"},\"primaryImageOfPage\":{\"@id\":\"https:\/\/colibri-jewels.eu\/et\/toode\/laboriteemant-eraldi-kivi-printsesslihv-030-ct-copy\/#primaryimage\"},\"image\":{\"@id\":\"https:\/\/colibri-jewels.eu\/et\/toode\/laboriteemant-eraldi-kivi-printsesslihv-030-ct-copy\/#primaryimage\"},\"thumbnailUrl\":\"https:\/\/colibri-jewels.eu\/wp-content\/uploads\/2025\/04\/princess-diamond-E_VVS2.jpeg\",\"datePublished\":\"2025-03-06T16:33:09+00:00\",\"dateModified\":\"2025-04-06T17:41:10+00:00\",\"breadcrumb\":{\"@id\":\"https:\/\/colibri-jewels.eu\/et\/toode\/laboriteemant-eraldi-kivi-printsesslihv-030-ct-copy\/#breadcrumb\"},\"inLanguage\":\"et\",\"potentialAction\":[{\"@type\":\"ReadAction\",\"target\":[\"https:\/\/colibri-jewels.eu\/et\/toode\/laboriteemant-eraldi-kivi-printsesslihv-030-ct-copy\/\"]}]},{\"@type\":\"ImageObject\",\"inLanguage\":\"et\",\"@id\":\"https:\/\/colibri-jewels.eu\/et\/toode\/laboriteemant-eraldi-kivi-printsesslihv-030-ct-copy\/#primaryimage\",\"url\":\"https:\/\/colibri-jewels.eu\/wp-content\/uploads\/2025\/04\/princess-diamond-E_VVS2.jpeg\",\"contentUrl\":\"https:\/\/colibri-jewels.eu\/wp-content\/uploads\/2025\/04\/princess-diamond-E_VVS2.jpeg\",\"width\":818,\"height\":699},{\"@type\":\"BreadcrumbList\",\"@id\":\"https:\/\/colibri-jewels.eu\/et\/toode\/laboriteemant-eraldi-kivi-printsesslihv-030-ct-copy\/#breadcrumb\",\"itemListElement\":[{\"@type\":\"ListItem\",\"position\":1,\"name\":\"\u0413\u043b\u0430\u0432\u043d\u0430\u044f \u0441\u0442\u0440\u0430\u043d\u0438\u0446\u0430\",\"item\":\"https:\/\/colibri-jewels.eu\/et\/\"},{\"@type\":\"ListItem\",\"position\":2,\"name\":\"Pood\",\"item\":\"https:\/\/colibri-jewels.eu\/et\/pood\/\"},{\"@type\":\"ListItem\",\"position\":3,\"name\":\"Laboriteemant (eraldi kivi) printsesslihv 0,50 ct\"}]},{\"@type\":\"WebSite\",\"@id\":\"https:\/\/colibri-jewels.eu\/et\/#website\",\"url\":\"https:\/\/colibri-jewels.eu\/et\/\",\"name\":\"Colibri jewels\",\"description\":\"jewelry shop\",\"publisher\":{\"@id\":\"https:\/\/colibri-jewels.eu\/et\/#organization\"},\"potentialAction\":[{\"@type\":\"SearchAction\",\"target\":{\"@type\":\"EntryPoint\",\"urlTemplate\":\"https:\/\/colibri-jewels.eu\/et\/?s={search_term_string}\"},\"query-input\":{\"@type\":\"PropertyValueSpecification\",\"valueRequired\":true,\"valueName\":\"search_term_string\"}}],\"inLanguage\":\"et\"},{\"@type\":\"Organization\",\"@id\":\"https:\/\/colibri-jewels.eu\/et\/#organization\",\"name\":\"O\u00dc Colibri\",\"url\":\"https:\/\/colibri-jewels.eu\/et\/\",\"logo\":{\"@type\":\"ImageObject\",\"inLanguage\":\"et\",\"@id\":\"https:\/\/colibri-jewels.eu\/et\/#\/schema\/logo\/image\/\",\"url\":\"https:\/\/dev.colibri-jewels.eu\/wp-content\/uploads\/2021\/03\/colibri.png\",\"contentUrl\":\"https:\/\/dev.colibri-jewels.eu\/wp-content\/uploads\/2021\/03\/colibri.png\",\"width\":227,\"height\":130,\"caption\":\"O\u00dc Colibri\"},\"image\":{\"@id\":\"https:\/\/colibri-jewels.eu\/et\/#\/schema\/logo\/image\/\"},\"sameAs\":[\"https:\/\/www.facebook.com\/colibri.jewels\",\"https:\/\/www.instagram.com\/colibri.jewels\",\"https:\/\/www.tiktok.com\/colibri.jewels\"]}]}<\/script>\n<!-- \/ Yoast SEO Premium plugin. -->","yoast_head_json":{"title":"Laboriteemant (eraldi kivi) printsesslihv 0,50 ct - Colibri jewels","robots":{"index":"index","follow":"follow","max-snippet":"max-snippet:-1","max-image-preview":"max-image-preview:large","max-video-preview":"max-video-preview:-1"},"canonical":"https:\/\/colibri-jewels.eu\/et\/toode\/laboriteemant-eraldi-kivi-printsesslihv-030-ct-copy\/","og_locale":"et_EE","og_type":"article","og_title":"Laboriteemant (eraldi kivi) printsesslihv 0,50 ct","og_description":"Lab diamandid ca 0,50 ct tk, hind on antud kivi kohta, vali vaid v\u00e4rv, selgus ja tellitav kogus, soovi korral kasv\u00f5i \u00fcks t\u00fckk. K\u00f5ikidel diamantidel...","og_url":"https:\/\/colibri-jewels.eu\/et\/toode\/laboriteemant-eraldi-kivi-printsesslihv-030-ct-copy\/","og_site_name":"Colibri jewels","article_publisher":"https:\/\/www.facebook.com\/colibri.jewels","article_modified_time":"2025-04-06T17:41:10+00:00","og_image":[{"width":818,"height":699,"url":"https:\/\/colibri-jewels.eu\/wp-content\/uploads\/2025\/04\/princess-diamond-E_VVS2.jpeg","type":"image\/jpeg"}],"twitter_card":"summary_large_image","schema":{"@context":"https:\/\/schema.org","@graph":[{"@type":"WebPage","@id":"https:\/\/colibri-jewels.eu\/et\/toode\/laboriteemant-eraldi-kivi-printsesslihv-030-ct-copy\/","url":"https:\/\/colibri-jewels.eu\/et\/toode\/laboriteemant-eraldi-kivi-printsesslihv-030-ct-copy\/","name":"Laboriteemant (eraldi kivi) printsesslihv 0,50 ct - Colibri jewels","isPartOf":{"@id":"https:\/\/colibri-jewels.eu\/et\/#website"},"primaryImageOfPage":{"@id":"https:\/\/colibri-jewels.eu\/et\/toode\/laboriteemant-eraldi-kivi-printsesslihv-030-ct-copy\/#primaryimage"},"image":{"@id":"https:\/\/colibri-jewels.eu\/et\/toode\/laboriteemant-eraldi-kivi-printsesslihv-030-ct-copy\/#primaryimage"},"thumbnailUrl":"https:\/\/colibri-jewels.eu\/wp-content\/uploads\/2025\/04\/princess-diamond-E_VVS2.jpeg","datePublished":"2025-03-06T16:33:09+00:00","dateModified":"2025-04-06T17:41:10+00:00","breadcrumb":{"@id":"https:\/\/colibri-jewels.eu\/et\/toode\/laboriteemant-eraldi-kivi-printsesslihv-030-ct-copy\/#breadcrumb"},"inLanguage":"et","potentialAction":[{"@type":"ReadAction","target":["https:\/\/colibri-jewels.eu\/et\/toode\/laboriteemant-eraldi-kivi-printsesslihv-030-ct-copy\/"]}]},{"@type":"ImageObject","inLanguage":"et","@id":"https:\/\/colibri-jewels.eu\/et\/toode\/laboriteemant-eraldi-kivi-printsesslihv-030-ct-copy\/#primaryimage","url":"https:\/\/colibri-jewels.eu\/wp-content\/uploads\/2025\/04\/princess-diamond-E_VVS2.jpeg","contentUrl":"https:\/\/colibri-jewels.eu\/wp-content\/uploads\/2025\/04\/princess-diamond-E_VVS2.jpeg","width":818,"height":699},{"@type":"BreadcrumbList","@id":"https:\/\/colibri-jewels.eu\/et\/toode\/laboriteemant-eraldi-kivi-printsesslihv-030-ct-copy\/#breadcrumb","itemListElement":[{"@type":"ListItem","position":1,"name":"\u0413\u043b\u0430\u0432\u043d\u0430\u044f \u0441\u0442\u0440\u0430\u043d\u0438\u0446\u0430","item":"https:\/\/colibri-jewels.eu\/et\/"},{"@type":"ListItem","position":2,"name":"Pood","item":"https:\/\/colibri-jewels.eu\/et\/pood\/"},{"@type":"ListItem","position":3,"name":"Laboriteemant (eraldi kivi) printsesslihv 0,50 ct"}]},{"@type":"WebSite","@id":"https:\/\/colibri-jewels.eu\/et\/#website","url":"https:\/\/colibri-jewels.eu\/et\/","name":"Colibri jewels","description":"jewelry shop","publisher":{"@id":"https:\/\/colibri-jewels.eu\/et\/#organization"},"potentialAction":[{"@type":"SearchAction","target":{"@type":"EntryPoint","urlTemplate":"https:\/\/colibri-jewels.eu\/et\/?s={search_term_string}"},"query-input":{"@type":"PropertyValueSpecification","valueRequired":true,"valueName":"search_term_string"}}],"inLanguage":"et"},{"@type":"Organization","@id":"https:\/\/colibri-jewels.eu\/et\/#organization","name":"O\u00dc Colibri","url":"https:\/\/colibri-jewels.eu\/et\/","logo":{"@type":"ImageObject","inLanguage":"et","@id":"https:\/\/colibri-jewels.eu\/et\/#\/schema\/logo\/image\/","url":"https:\/\/dev.colibri-jewels.eu\/wp-content\/uploads\/2021\/03\/colibri.png","contentUrl":"https:\/\/dev.colibri-jewels.eu\/wp-content\/uploads\/2021\/03\/colibri.png","width":227,"height":130,"caption":"O\u00dc Colibri"},"image":{"@id":"https:\/\/colibri-jewels.eu\/et\/#\/schema\/logo\/image\/"},"sameAs":["https:\/\/www.facebook.com\/colibri.jewels","https:\/\/www.instagram.com\/colibri.jewels","https:\/\/www.tiktok.com\/colibri.jewels"]}]}},"_links":{"self":[{"href":"https:\/\/colibri-jewels.eu\/et\/wp-json\/wp\/v2\/product\/47171","targetHints":{"allow":["GET"]}}],"collection":[{"href":"https:\/\/colibri-jewels.eu\/et\/wp-json\/wp\/v2\/product"}],"about":[{"href":"https:\/\/colibri-jewels.eu\/et\/wp-json\/wp\/v2\/types\/product"}],"replies":[{"embeddable":true,"href":"https:\/\/colibri-jewels.eu\/et\/wp-json\/wp\/v2\/comments?post=47171"}],"version-history":[{"count":0,"href":"https:\/\/colibri-jewels.eu\/et\/wp-json\/wp\/v2\/product\/47171\/revisions"}],"wp:featuredmedia":[{"embeddable":true,"href":"https:\/\/colibri-jewels.eu\/et\/wp-json\/wp\/v2\/media\/47140"}],"wp:attachment":[{"href":"https:\/\/colibri-jewels.eu\/et\/wp-json\/wp\/v2\/media?parent=47171"}],"wp:term":[{"taxonomy":"brand","embeddable":true,"href":"https:\/\/colibri-jewels.eu\/et\/wp-json\/wp\/v2\/etheme_brands?post=47171"},{"taxonomy":"product_brand","embeddable":true,"href":"https:\/\/colibri-jewels.eu\/et\/wp-json\/wp\/v2\/product_brand?post=47171"},{"taxonomy":"product_cat","embeddable":true,"href":"https:\/\/colibri-jewels.eu\/et\/wp-json\/wp\/v2\/product_cat?post=47171"},{"taxonomy":"product_tag","embeddable":true,"href":"https:\/\/colibri-jewels.eu\/et\/wp-json\/wp\/v2\/product_tag?post=47171"}],"curies":[{"name":"wp","href":"https:\/\/api.w.org\/{rel}","templated":true}]}}