{"id":48010,"date":"2025-04-18T22:22:25","date_gmt":"2025-04-18T19:22:25","guid":{"rendered":"https:\/\/dev.colibri-jewels.eu\/?post_type=product&#038;p=48010"},"modified":"2025-04-19T20:23:46","modified_gmt":"2025-04-19T17:23:46","slug":"ulim-hobesormus-ametustiga-tesseract","status":"publish","type":"product","link":"https:\/\/colibri-jewels.eu\/et\/toode\/ulim-hobesormus-ametustiga-tesseract\/","title":{"rendered":"\u00dclim h\u00f5bes\u00f5rmus amet\u00fcstiga &#8220;Tesseract&#8221;"},"content":{"rendered":"<p><strong data-start=\"409\" data-end=\"422\">Tesseract<\/strong> ei ole lihtsalt s\u00f5rmus \u2014 see on seisukohav\u00f5tt.<br data-start=\"460\" data-end=\"463\" \/>Massiivne h\u00f5be, sees lilla amet\u00fcst.<br data-start=\"519\" data-end=\"522\" \/>Minimalistlik, aga julge.<br data-start=\"569\" data-end=\"572\" \/>Kui kannad seda, siis sa ei p\u00fc\u00fca pilke \u2013 sa <em data-start=\"554\" data-end=\"558\">k\u00e4sid<\/em> neid.<br data-start=\"639\" data-end=\"642\" \/>See on nagu v\u00e4ikene skulptuur su k\u00e4el, aga mugav.<br data-start=\"691\" data-end=\"694\" \/>Stiilitase: &#8220;<em data-start=\"706\" data-end=\"765\">ma tulin, n\u00e4gin, s\u00e4ilisin v\u00e4\u00e4rikalt.&#8221;<\/em><\/p>\n","protected":false},"excerpt":{"rendered":"<p>Sterling h\u00f5be, roodiumkate, matt viimistlus.<\/p>\n<p>S\u00f5rmuse kaal 14,99 g.<\/p>\n","protected":false},"featured_media":47948,"comment_status":"open","ping_status":"closed","template":"","meta":[],"etheme_brands":[],"product_brand":[],"product_cat":[471],"product_tag":[476,505],"class_list":{"0":"post-48010","1":"product","2":"type-product","3":"status-publish","4":"has-post-thumbnail","6":"product_cat-sormused","7":"product_tag-eksklusiivsed-ehted","8":"product_tag-lakooniline","10":"first","11":"instock","12":"shipping-taxable","13":"purchasable","14":"product-type-simple"},"acf":[],"yoast_head":"<!-- This site is optimized with the Yoast SEO Premium plugin v26.5 (Yoast SEO v26.8) - https:\/\/yoast.com\/product\/yoast-seo-premium-wordpress\/ -->\n<title>\u00dclim h\u00f5bes\u00f5rmus amet\u00fcstiga &quot;Tesseract&quot; - Colibri jewels<\/title>\n<meta name=\"description\" content=\"Massiivne h\u00f5bes\u00f5rmus amet\u00fcstiga. Avaldus neile, kes taustaks olla ei taha. Mugav kanda, n\u00e4eb v\u00e4lja nagu kunstiobjekt planeedilt &quot;Ma olen parim&quot;. Sobib musta, valge ja sinu egoga.\" \/>\n<meta name=\"robots\" content=\"index, follow, max-snippet:-1, max-image-preview:large, max-video-preview:-1\" \/>\n<link rel=\"canonical\" href=\"https:\/\/colibri-jewels.eu\/et\/toode\/ulim-hobesormus-ametustiga-tesseract\/\" \/>\n<meta property=\"og:locale\" content=\"et_EE\" \/>\n<meta property=\"og:type\" content=\"article\" \/>\n<meta property=\"og:title\" content=\"\u00dclim h\u00f5bes\u00f5rmus amet\u00fcstiga &quot;Tesseract&quot;\" \/>\n<meta property=\"og:description\" content=\"Massiivne h\u00f5bes\u00f5rmus amet\u00fcstiga. Avaldus neile, kes taustaks olla ei taha. Mugav kanda, n\u00e4eb v\u00e4lja nagu kunstiobjekt planeedilt &quot;Ma olen parim&quot;. Sobib musta, valge ja sinu egoga.\" \/>\n<meta property=\"og:url\" content=\"https:\/\/colibri-jewels.eu\/et\/toode\/ulim-hobesormus-ametustiga-tesseract\/\" \/>\n<meta property=\"og:site_name\" content=\"Colibri jewels\" \/>\n<meta property=\"article:publisher\" content=\"https:\/\/www.facebook.com\/colibri.jewels\" \/>\n<meta property=\"article:modified_time\" content=\"2025-04-19T17:23:46+00:00\" \/>\n<meta property=\"og:image\" content=\"https:\/\/colibri-jewels.eu\/wp-content\/uploads\/2025\/03\/massive-cube-silver-ring-with-amethyst-Tesseract.jpg\" \/>\n\t<meta property=\"og:image:width\" content=\"1000\" \/>\n\t<meta property=\"og:image:height\" content=\"1000\" \/>\n\t<meta property=\"og:image:type\" content=\"image\/jpeg\" \/>\n<meta name=\"twitter:card\" content=\"summary_large_image\" \/>\n<script type=\"application\/ld+json\" class=\"yoast-schema-graph\">{\"@context\":\"https:\/\/schema.org\",\"@graph\":[{\"@type\":\"WebPage\",\"@id\":\"https:\/\/colibri-jewels.eu\/et\/toode\/ulim-hobesormus-ametustiga-tesseract\/\",\"url\":\"https:\/\/colibri-jewels.eu\/et\/toode\/ulim-hobesormus-ametustiga-tesseract\/\",\"name\":\"\u00dclim h\u00f5bes\u00f5rmus amet\u00fcstiga \\\"Tesseract\\\" - Colibri jewels\",\"isPartOf\":{\"@id\":\"https:\/\/colibri-jewels.eu\/et\/#website\"},\"primaryImageOfPage\":{\"@id\":\"https:\/\/colibri-jewels.eu\/et\/toode\/ulim-hobesormus-ametustiga-tesseract\/#primaryimage\"},\"image\":{\"@id\":\"https:\/\/colibri-jewels.eu\/et\/toode\/ulim-hobesormus-ametustiga-tesseract\/#primaryimage\"},\"thumbnailUrl\":\"https:\/\/colibri-jewels.eu\/wp-content\/uploads\/2025\/03\/massive-cube-silver-ring-with-amethyst-Tesseract.jpg\",\"datePublished\":\"2025-04-18T19:22:25+00:00\",\"dateModified\":\"2025-04-19T17:23:46+00:00\",\"description\":\"Massiivne h\u00f5bes\u00f5rmus amet\u00fcstiga. Avaldus neile, kes taustaks olla ei taha. Mugav kanda, n\u00e4eb v\u00e4lja nagu kunstiobjekt planeedilt \\\"Ma olen parim\\\". Sobib musta, valge ja sinu egoga.\",\"breadcrumb\":{\"@id\":\"https:\/\/colibri-jewels.eu\/et\/toode\/ulim-hobesormus-ametustiga-tesseract\/#breadcrumb\"},\"inLanguage\":\"et\",\"potentialAction\":[{\"@type\":\"ReadAction\",\"target\":[\"https:\/\/colibri-jewels.eu\/et\/toode\/ulim-hobesormus-ametustiga-tesseract\/\"]}]},{\"@type\":\"ImageObject\",\"inLanguage\":\"et\",\"@id\":\"https:\/\/colibri-jewels.eu\/et\/toode\/ulim-hobesormus-ametustiga-tesseract\/#primaryimage\",\"url\":\"https:\/\/colibri-jewels.eu\/wp-content\/uploads\/2025\/03\/massive-cube-silver-ring-with-amethyst-Tesseract.jpg\",\"contentUrl\":\"https:\/\/colibri-jewels.eu\/wp-content\/uploads\/2025\/03\/massive-cube-silver-ring-with-amethyst-Tesseract.jpg\",\"width\":1000,\"height\":1000},{\"@type\":\"BreadcrumbList\",\"@id\":\"https:\/\/colibri-jewels.eu\/et\/toode\/ulim-hobesormus-ametustiga-tesseract\/#breadcrumb\",\"itemListElement\":[{\"@type\":\"ListItem\",\"position\":1,\"name\":\"\u0413\u043b\u0430\u0432\u043d\u0430\u044f \u0441\u0442\u0440\u0430\u043d\u0438\u0446\u0430\",\"item\":\"https:\/\/colibri-jewels.eu\/et\/\"},{\"@type\":\"ListItem\",\"position\":2,\"name\":\"Pood\",\"item\":\"https:\/\/colibri-jewels.eu\/et\/pood\/\"},{\"@type\":\"ListItem\",\"position\":3,\"name\":\"\u00dclim h\u00f5bes\u00f5rmus amet\u00fcstiga &#8220;Tesseract&#8221;\"}]},{\"@type\":\"WebSite\",\"@id\":\"https:\/\/colibri-jewels.eu\/et\/#website\",\"url\":\"https:\/\/colibri-jewels.eu\/et\/\",\"name\":\"Colibri jewels\",\"description\":\"jewelry shop\",\"publisher\":{\"@id\":\"https:\/\/colibri-jewels.eu\/et\/#organization\"},\"potentialAction\":[{\"@type\":\"SearchAction\",\"target\":{\"@type\":\"EntryPoint\",\"urlTemplate\":\"https:\/\/colibri-jewels.eu\/et\/?s={search_term_string}\"},\"query-input\":{\"@type\":\"PropertyValueSpecification\",\"valueRequired\":true,\"valueName\":\"search_term_string\"}}],\"inLanguage\":\"et\"},{\"@type\":\"Organization\",\"@id\":\"https:\/\/colibri-jewels.eu\/et\/#organization\",\"name\":\"O\u00dc Colibri\",\"url\":\"https:\/\/colibri-jewels.eu\/et\/\",\"logo\":{\"@type\":\"ImageObject\",\"inLanguage\":\"et\",\"@id\":\"https:\/\/colibri-jewels.eu\/et\/#\/schema\/logo\/image\/\",\"url\":\"https:\/\/dev.colibri-jewels.eu\/wp-content\/uploads\/2021\/03\/colibri.png\",\"contentUrl\":\"https:\/\/dev.colibri-jewels.eu\/wp-content\/uploads\/2021\/03\/colibri.png\",\"width\":227,\"height\":130,\"caption\":\"O\u00dc Colibri\"},\"image\":{\"@id\":\"https:\/\/colibri-jewels.eu\/et\/#\/schema\/logo\/image\/\"},\"sameAs\":[\"https:\/\/www.facebook.com\/colibri.jewels\",\"https:\/\/www.instagram.com\/colibri.jewels\",\"https:\/\/www.tiktok.com\/colibri.jewels\"]}]}<\/script>\n<!-- \/ Yoast SEO Premium plugin. -->","yoast_head_json":{"title":"\u00dclim h\u00f5bes\u00f5rmus amet\u00fcstiga \"Tesseract\" - Colibri jewels","description":"Massiivne h\u00f5bes\u00f5rmus amet\u00fcstiga. Avaldus neile, kes taustaks olla ei taha. Mugav kanda, n\u00e4eb v\u00e4lja nagu kunstiobjekt planeedilt \"Ma olen parim\". Sobib musta, valge ja sinu egoga.","robots":{"index":"index","follow":"follow","max-snippet":"max-snippet:-1","max-image-preview":"max-image-preview:large","max-video-preview":"max-video-preview:-1"},"canonical":"https:\/\/colibri-jewels.eu\/et\/toode\/ulim-hobesormus-ametustiga-tesseract\/","og_locale":"et_EE","og_type":"article","og_title":"\u00dclim h\u00f5bes\u00f5rmus amet\u00fcstiga \"Tesseract\"","og_description":"Massiivne h\u00f5bes\u00f5rmus amet\u00fcstiga. Avaldus neile, kes taustaks olla ei taha. Mugav kanda, n\u00e4eb v\u00e4lja nagu kunstiobjekt planeedilt \"Ma olen parim\". Sobib musta, valge ja sinu egoga.","og_url":"https:\/\/colibri-jewels.eu\/et\/toode\/ulim-hobesormus-ametustiga-tesseract\/","og_site_name":"Colibri jewels","article_publisher":"https:\/\/www.facebook.com\/colibri.jewels","article_modified_time":"2025-04-19T17:23:46+00:00","og_image":[{"width":1000,"height":1000,"url":"https:\/\/colibri-jewels.eu\/wp-content\/uploads\/2025\/03\/massive-cube-silver-ring-with-amethyst-Tesseract.jpg","type":"image\/jpeg"}],"twitter_card":"summary_large_image","schema":{"@context":"https:\/\/schema.org","@graph":[{"@type":"WebPage","@id":"https:\/\/colibri-jewels.eu\/et\/toode\/ulim-hobesormus-ametustiga-tesseract\/","url":"https:\/\/colibri-jewels.eu\/et\/toode\/ulim-hobesormus-ametustiga-tesseract\/","name":"\u00dclim h\u00f5bes\u00f5rmus amet\u00fcstiga \"Tesseract\" - Colibri jewels","isPartOf":{"@id":"https:\/\/colibri-jewels.eu\/et\/#website"},"primaryImageOfPage":{"@id":"https:\/\/colibri-jewels.eu\/et\/toode\/ulim-hobesormus-ametustiga-tesseract\/#primaryimage"},"image":{"@id":"https:\/\/colibri-jewels.eu\/et\/toode\/ulim-hobesormus-ametustiga-tesseract\/#primaryimage"},"thumbnailUrl":"https:\/\/colibri-jewels.eu\/wp-content\/uploads\/2025\/03\/massive-cube-silver-ring-with-amethyst-Tesseract.jpg","datePublished":"2025-04-18T19:22:25+00:00","dateModified":"2025-04-19T17:23:46+00:00","description":"Massiivne h\u00f5bes\u00f5rmus amet\u00fcstiga. Avaldus neile, kes taustaks olla ei taha. Mugav kanda, n\u00e4eb v\u00e4lja nagu kunstiobjekt planeedilt \"Ma olen parim\". Sobib musta, valge ja sinu egoga.","breadcrumb":{"@id":"https:\/\/colibri-jewels.eu\/et\/toode\/ulim-hobesormus-ametustiga-tesseract\/#breadcrumb"},"inLanguage":"et","potentialAction":[{"@type":"ReadAction","target":["https:\/\/colibri-jewels.eu\/et\/toode\/ulim-hobesormus-ametustiga-tesseract\/"]}]},{"@type":"ImageObject","inLanguage":"et","@id":"https:\/\/colibri-jewels.eu\/et\/toode\/ulim-hobesormus-ametustiga-tesseract\/#primaryimage","url":"https:\/\/colibri-jewels.eu\/wp-content\/uploads\/2025\/03\/massive-cube-silver-ring-with-amethyst-Tesseract.jpg","contentUrl":"https:\/\/colibri-jewels.eu\/wp-content\/uploads\/2025\/03\/massive-cube-silver-ring-with-amethyst-Tesseract.jpg","width":1000,"height":1000},{"@type":"BreadcrumbList","@id":"https:\/\/colibri-jewels.eu\/et\/toode\/ulim-hobesormus-ametustiga-tesseract\/#breadcrumb","itemListElement":[{"@type":"ListItem","position":1,"name":"\u0413\u043b\u0430\u0432\u043d\u0430\u044f \u0441\u0442\u0440\u0430\u043d\u0438\u0446\u0430","item":"https:\/\/colibri-jewels.eu\/et\/"},{"@type":"ListItem","position":2,"name":"Pood","item":"https:\/\/colibri-jewels.eu\/et\/pood\/"},{"@type":"ListItem","position":3,"name":"\u00dclim h\u00f5bes\u00f5rmus amet\u00fcstiga &#8220;Tesseract&#8221;"}]},{"@type":"WebSite","@id":"https:\/\/colibri-jewels.eu\/et\/#website","url":"https:\/\/colibri-jewels.eu\/et\/","name":"Colibri jewels","description":"jewelry shop","publisher":{"@id":"https:\/\/colibri-jewels.eu\/et\/#organization"},"potentialAction":[{"@type":"SearchAction","target":{"@type":"EntryPoint","urlTemplate":"https:\/\/colibri-jewels.eu\/et\/?s={search_term_string}"},"query-input":{"@type":"PropertyValueSpecification","valueRequired":true,"valueName":"search_term_string"}}],"inLanguage":"et"},{"@type":"Organization","@id":"https:\/\/colibri-jewels.eu\/et\/#organization","name":"O\u00dc Colibri","url":"https:\/\/colibri-jewels.eu\/et\/","logo":{"@type":"ImageObject","inLanguage":"et","@id":"https:\/\/colibri-jewels.eu\/et\/#\/schema\/logo\/image\/","url":"https:\/\/dev.colibri-jewels.eu\/wp-content\/uploads\/2021\/03\/colibri.png","contentUrl":"https:\/\/dev.colibri-jewels.eu\/wp-content\/uploads\/2021\/03\/colibri.png","width":227,"height":130,"caption":"O\u00dc Colibri"},"image":{"@id":"https:\/\/colibri-jewels.eu\/et\/#\/schema\/logo\/image\/"},"sameAs":["https:\/\/www.facebook.com\/colibri.jewels","https:\/\/www.instagram.com\/colibri.jewels","https:\/\/www.tiktok.com\/colibri.jewels"]}]}},"_links":{"self":[{"href":"https:\/\/colibri-jewels.eu\/et\/wp-json\/wp\/v2\/product\/48010","targetHints":{"allow":["GET"]}}],"collection":[{"href":"https:\/\/colibri-jewels.eu\/et\/wp-json\/wp\/v2\/product"}],"about":[{"href":"https:\/\/colibri-jewels.eu\/et\/wp-json\/wp\/v2\/types\/product"}],"replies":[{"embeddable":true,"href":"https:\/\/colibri-jewels.eu\/et\/wp-json\/wp\/v2\/comments?post=48010"}],"version-history":[{"count":0,"href":"https:\/\/colibri-jewels.eu\/et\/wp-json\/wp\/v2\/product\/48010\/revisions"}],"wp:featuredmedia":[{"embeddable":true,"href":"https:\/\/colibri-jewels.eu\/et\/wp-json\/wp\/v2\/media\/47948"}],"wp:attachment":[{"href":"https:\/\/colibri-jewels.eu\/et\/wp-json\/wp\/v2\/media?parent=48010"}],"wp:term":[{"taxonomy":"brand","embeddable":true,"href":"https:\/\/colibri-jewels.eu\/et\/wp-json\/wp\/v2\/etheme_brands?post=48010"},{"taxonomy":"product_brand","embeddable":true,"href":"https:\/\/colibri-jewels.eu\/et\/wp-json\/wp\/v2\/product_brand?post=48010"},{"taxonomy":"product_cat","embeddable":true,"href":"https:\/\/colibri-jewels.eu\/et\/wp-json\/wp\/v2\/product_cat?post=48010"},{"taxonomy":"product_tag","embeddable":true,"href":"https:\/\/colibri-jewels.eu\/et\/wp-json\/wp\/v2\/product_tag?post=48010"}],"curies":[{"name":"wp","href":"https:\/\/api.w.org\/{rel}","templated":true}]}}