{"id":48074,"date":"2025-05-03T11:00:00","date_gmt":"2025-05-03T08:00:00","guid":{"rendered":"https:\/\/dev.colibri-jewels.eu\/?post_type=product&#038;p=48074"},"modified":"2025-04-22T18:58:34","modified_gmt":"2025-04-22T15:58:34","slug":"hobe-korvarongad-kuldsete-plaatide-ja-musta-emailiga-edelweiss","status":"publish","type":"product","link":"https:\/\/colibri-jewels.eu\/et\/toode\/hobe-korvarongad-kuldsete-plaatide-ja-musta-emailiga-edelweiss\/","title":{"rendered":"H\u00f5be k\u00f5rvar\u00f5ngad kuldsete plaatide ja musta emailiga &#8220;Edelweiss&#8221;"},"content":{"rendered":"<p>V\u00e4ljapeetud ehtekomplekt &#8220;Edelweiss&#8221; sisaldab elegantseid k\u00f5rvar\u00f5ngaid ja rafineeritud s\u00f5rmust, m\u00f5lemad sama laheda disainiga. H\u00f5beda, s\u00fcgava musta emaili, s\u00e4ravate tsirkoonide ja \u00f5rnade 585 prooviga kullast detailide kooslus loob ainulaadse lillelise olemuse. See komplekt on super valik naistele, kes hindavad elegantsi ja originaalsust igas detailis. Kanna koos v\u00f5i eraldi, et n\u00e4idata oma isikup\u00e4ra ja head maitset.<\/p>\n<p>Need &#8220;Edelweiss&#8221; k\u00f5rvar\u00f5ngad on t\u00f5eline pilgup\u00fc\u00fcdja, \u00fchendades h\u00f5beda jaheda s\u00e4ra s\u00fcgava musta emailiga. Unikaalne lillekujundus saab s\u00e4rtsu igal kroonlehel s\u00e4ravatest tsirkoonidest ja elegantsetest 585 prooviga kullast detailidest. Need k\u00f5rvar\u00f5ngad lisavad igale riietusele \u0161iki ja stiilse puudutuse. Kerged ja mugavad, sobivad need ideaalselt nii erilisteks s\u00fcndmusteks kui ka igap\u00e4evaseks kandmiseks.<\/p>\n","protected":false},"excerpt":{"rendered":"<p>Sterling h\u00f5be, kuldplaadi vahet\u00fckid, must email, cz.<\/p>\n<p>K\u00f5rvar\u00f5ngaste keskmine kaal: 8,24 g.<\/p>\n<p>Kuldsete plaatide kaal (14 kt) &#8211; 0,08 g.<\/p>\n","protected":false},"featured_media":48027,"comment_status":"open","ping_status":"closed","template":"","meta":[],"etheme_brands":[],"product_brand":[],"product_cat":[469],"product_tag":[477],"class_list":{"0":"post-48074","1":"product","2":"type-product","3":"status-publish","4":"has-post-thumbnail","6":"product_cat-korvarongad","7":"product_tag-lille-teema","9":"first","10":"instock","11":"shipping-taxable","12":"purchasable","13":"product-type-simple"},"acf":[],"yoast_head":"<!-- This site is optimized with the Yoast SEO Premium plugin v26.5 (Yoast SEO v26.8) - https:\/\/yoast.com\/product\/yoast-seo-premium-wordpress\/ -->\n<title>H\u00f5be k\u00f5rvar\u00f5ngad kuldsete plaatide ja musta emailiga &quot;Edelweiss&quot; - Colibri jewels<\/title>\n<meta name=\"robots\" content=\"index, follow, max-snippet:-1, max-image-preview:large, max-video-preview:-1\" \/>\n<link rel=\"canonical\" href=\"https:\/\/colibri-jewels.eu\/et\/toode\/hobe-korvarongad-kuldsete-plaatide-ja-musta-emailiga-edelweiss\/\" \/>\n<meta property=\"og:locale\" content=\"et_EE\" \/>\n<meta property=\"og:type\" content=\"article\" \/>\n<meta property=\"og:title\" content=\"H\u00f5be k\u00f5rvar\u00f5ngad kuldsete plaatide ja musta emailiga &quot;Edelweiss&quot;\" \/>\n<meta property=\"og:description\" content=\"Sterling h\u00f5be, kuldplaadi vahet\u00fckid, must email, cz.  K\u00f5rvar\u00f5ngaste keskmine kaal: 8,24 g.  Kuldsete plaatide kaal (14 kt) - 0,08 g.\" \/>\n<meta property=\"og:url\" content=\"https:\/\/colibri-jewels.eu\/et\/toode\/hobe-korvarongad-kuldsete-plaatide-ja-musta-emailiga-edelweiss\/\" \/>\n<meta property=\"og:site_name\" content=\"Colibri jewels\" \/>\n<meta property=\"article:publisher\" content=\"https:\/\/www.facebook.com\/colibri.jewels\" \/>\n<meta property=\"og:image\" content=\"https:\/\/colibri-jewels.eu\/wp-content\/uploads\/2025\/04\/silver-earrings-with-black-agate-and-golden-inserts-Edelweiss.jpg\" \/>\n\t<meta property=\"og:image:width\" content=\"1000\" \/>\n\t<meta property=\"og:image:height\" content=\"1000\" \/>\n\t<meta property=\"og:image:type\" content=\"image\/jpeg\" \/>\n<meta name=\"twitter:card\" content=\"summary_large_image\" \/>\n<meta name=\"twitter:label1\" content=\"Est. reading time\" \/>\n\t<meta name=\"twitter:data1\" content=\"1 minut\" \/>\n<script type=\"application\/ld+json\" class=\"yoast-schema-graph\">{\"@context\":\"https:\/\/schema.org\",\"@graph\":[{\"@type\":\"WebPage\",\"@id\":\"https:\/\/colibri-jewels.eu\/et\/toode\/hobe-korvarongad-kuldsete-plaatide-ja-musta-emailiga-edelweiss\/\",\"url\":\"https:\/\/colibri-jewels.eu\/et\/toode\/hobe-korvarongad-kuldsete-plaatide-ja-musta-emailiga-edelweiss\/\",\"name\":\"H\u00f5be k\u00f5rvar\u00f5ngad kuldsete plaatide ja musta emailiga \\\"Edelweiss\\\" - Colibri jewels\",\"isPartOf\":{\"@id\":\"https:\/\/colibri-jewels.eu\/et\/#website\"},\"primaryImageOfPage\":{\"@id\":\"https:\/\/colibri-jewels.eu\/et\/toode\/hobe-korvarongad-kuldsete-plaatide-ja-musta-emailiga-edelweiss\/#primaryimage\"},\"image\":{\"@id\":\"https:\/\/colibri-jewels.eu\/et\/toode\/hobe-korvarongad-kuldsete-plaatide-ja-musta-emailiga-edelweiss\/#primaryimage\"},\"thumbnailUrl\":\"https:\/\/colibri-jewels.eu\/wp-content\/uploads\/2025\/04\/silver-earrings-with-black-agate-and-golden-inserts-Edelweiss.jpg\",\"datePublished\":\"2025-05-03T08:00:00+00:00\",\"breadcrumb\":{\"@id\":\"https:\/\/colibri-jewels.eu\/et\/toode\/hobe-korvarongad-kuldsete-plaatide-ja-musta-emailiga-edelweiss\/#breadcrumb\"},\"inLanguage\":\"et\",\"potentialAction\":[{\"@type\":\"ReadAction\",\"target\":[\"https:\/\/colibri-jewels.eu\/et\/toode\/hobe-korvarongad-kuldsete-plaatide-ja-musta-emailiga-edelweiss\/\"]}]},{\"@type\":\"ImageObject\",\"inLanguage\":\"et\",\"@id\":\"https:\/\/colibri-jewels.eu\/et\/toode\/hobe-korvarongad-kuldsete-plaatide-ja-musta-emailiga-edelweiss\/#primaryimage\",\"url\":\"https:\/\/colibri-jewels.eu\/wp-content\/uploads\/2025\/04\/silver-earrings-with-black-agate-and-golden-inserts-Edelweiss.jpg\",\"contentUrl\":\"https:\/\/colibri-jewels.eu\/wp-content\/uploads\/2025\/04\/silver-earrings-with-black-agate-and-golden-inserts-Edelweiss.jpg\",\"width\":1000,\"height\":1000},{\"@type\":\"BreadcrumbList\",\"@id\":\"https:\/\/colibri-jewels.eu\/et\/toode\/hobe-korvarongad-kuldsete-plaatide-ja-musta-emailiga-edelweiss\/#breadcrumb\",\"itemListElement\":[{\"@type\":\"ListItem\",\"position\":1,\"name\":\"\u0413\u043b\u0430\u0432\u043d\u0430\u044f \u0441\u0442\u0440\u0430\u043d\u0438\u0446\u0430\",\"item\":\"https:\/\/colibri-jewels.eu\/et\/\"},{\"@type\":\"ListItem\",\"position\":2,\"name\":\"Pood\",\"item\":\"https:\/\/colibri-jewels.eu\/et\/pood\/\"},{\"@type\":\"ListItem\",\"position\":3,\"name\":\"H\u00f5be k\u00f5rvar\u00f5ngad kuldsete plaatide ja musta emailiga &#8220;Edelweiss&#8221;\"}]},{\"@type\":\"WebSite\",\"@id\":\"https:\/\/colibri-jewels.eu\/et\/#website\",\"url\":\"https:\/\/colibri-jewels.eu\/et\/\",\"name\":\"Colibri jewels\",\"description\":\"jewelry shop\",\"publisher\":{\"@id\":\"https:\/\/colibri-jewels.eu\/et\/#organization\"},\"potentialAction\":[{\"@type\":\"SearchAction\",\"target\":{\"@type\":\"EntryPoint\",\"urlTemplate\":\"https:\/\/colibri-jewels.eu\/et\/?s={search_term_string}\"},\"query-input\":{\"@type\":\"PropertyValueSpecification\",\"valueRequired\":true,\"valueName\":\"search_term_string\"}}],\"inLanguage\":\"et\"},{\"@type\":\"Organization\",\"@id\":\"https:\/\/colibri-jewels.eu\/et\/#organization\",\"name\":\"O\u00dc Colibri\",\"url\":\"https:\/\/colibri-jewels.eu\/et\/\",\"logo\":{\"@type\":\"ImageObject\",\"inLanguage\":\"et\",\"@id\":\"https:\/\/colibri-jewels.eu\/et\/#\/schema\/logo\/image\/\",\"url\":\"https:\/\/dev.colibri-jewels.eu\/wp-content\/uploads\/2021\/03\/colibri.png\",\"contentUrl\":\"https:\/\/dev.colibri-jewels.eu\/wp-content\/uploads\/2021\/03\/colibri.png\",\"width\":227,\"height\":130,\"caption\":\"O\u00dc Colibri\"},\"image\":{\"@id\":\"https:\/\/colibri-jewels.eu\/et\/#\/schema\/logo\/image\/\"},\"sameAs\":[\"https:\/\/www.facebook.com\/colibri.jewels\",\"https:\/\/www.instagram.com\/colibri.jewels\",\"https:\/\/www.tiktok.com\/colibri.jewels\"]}]}<\/script>\n<!-- \/ Yoast SEO Premium plugin. -->","yoast_head_json":{"title":"H\u00f5be k\u00f5rvar\u00f5ngad kuldsete plaatide ja musta emailiga \"Edelweiss\" - Colibri jewels","robots":{"index":"index","follow":"follow","max-snippet":"max-snippet:-1","max-image-preview":"max-image-preview:large","max-video-preview":"max-video-preview:-1"},"canonical":"https:\/\/colibri-jewels.eu\/et\/toode\/hobe-korvarongad-kuldsete-plaatide-ja-musta-emailiga-edelweiss\/","og_locale":"et_EE","og_type":"article","og_title":"H\u00f5be k\u00f5rvar\u00f5ngad kuldsete plaatide ja musta emailiga \"Edelweiss\"","og_description":"Sterling h\u00f5be, kuldplaadi vahet\u00fckid, must email, cz.  K\u00f5rvar\u00f5ngaste keskmine kaal: 8,24 g.  Kuldsete plaatide kaal (14 kt) - 0,08 g.","og_url":"https:\/\/colibri-jewels.eu\/et\/toode\/hobe-korvarongad-kuldsete-plaatide-ja-musta-emailiga-edelweiss\/","og_site_name":"Colibri jewels","article_publisher":"https:\/\/www.facebook.com\/colibri.jewels","og_image":[{"width":1000,"height":1000,"url":"https:\/\/colibri-jewels.eu\/wp-content\/uploads\/2025\/04\/silver-earrings-with-black-agate-and-golden-inserts-Edelweiss.jpg","type":"image\/jpeg"}],"twitter_card":"summary_large_image","twitter_misc":{"Est. reading time":"1 minut"},"schema":{"@context":"https:\/\/schema.org","@graph":[{"@type":"WebPage","@id":"https:\/\/colibri-jewels.eu\/et\/toode\/hobe-korvarongad-kuldsete-plaatide-ja-musta-emailiga-edelweiss\/","url":"https:\/\/colibri-jewels.eu\/et\/toode\/hobe-korvarongad-kuldsete-plaatide-ja-musta-emailiga-edelweiss\/","name":"H\u00f5be k\u00f5rvar\u00f5ngad kuldsete plaatide ja musta emailiga \"Edelweiss\" - Colibri jewels","isPartOf":{"@id":"https:\/\/colibri-jewels.eu\/et\/#website"},"primaryImageOfPage":{"@id":"https:\/\/colibri-jewels.eu\/et\/toode\/hobe-korvarongad-kuldsete-plaatide-ja-musta-emailiga-edelweiss\/#primaryimage"},"image":{"@id":"https:\/\/colibri-jewels.eu\/et\/toode\/hobe-korvarongad-kuldsete-plaatide-ja-musta-emailiga-edelweiss\/#primaryimage"},"thumbnailUrl":"https:\/\/colibri-jewels.eu\/wp-content\/uploads\/2025\/04\/silver-earrings-with-black-agate-and-golden-inserts-Edelweiss.jpg","datePublished":"2025-05-03T08:00:00+00:00","breadcrumb":{"@id":"https:\/\/colibri-jewels.eu\/et\/toode\/hobe-korvarongad-kuldsete-plaatide-ja-musta-emailiga-edelweiss\/#breadcrumb"},"inLanguage":"et","potentialAction":[{"@type":"ReadAction","target":["https:\/\/colibri-jewels.eu\/et\/toode\/hobe-korvarongad-kuldsete-plaatide-ja-musta-emailiga-edelweiss\/"]}]},{"@type":"ImageObject","inLanguage":"et","@id":"https:\/\/colibri-jewels.eu\/et\/toode\/hobe-korvarongad-kuldsete-plaatide-ja-musta-emailiga-edelweiss\/#primaryimage","url":"https:\/\/colibri-jewels.eu\/wp-content\/uploads\/2025\/04\/silver-earrings-with-black-agate-and-golden-inserts-Edelweiss.jpg","contentUrl":"https:\/\/colibri-jewels.eu\/wp-content\/uploads\/2025\/04\/silver-earrings-with-black-agate-and-golden-inserts-Edelweiss.jpg","width":1000,"height":1000},{"@type":"BreadcrumbList","@id":"https:\/\/colibri-jewels.eu\/et\/toode\/hobe-korvarongad-kuldsete-plaatide-ja-musta-emailiga-edelweiss\/#breadcrumb","itemListElement":[{"@type":"ListItem","position":1,"name":"\u0413\u043b\u0430\u0432\u043d\u0430\u044f \u0441\u0442\u0440\u0430\u043d\u0438\u0446\u0430","item":"https:\/\/colibri-jewels.eu\/et\/"},{"@type":"ListItem","position":2,"name":"Pood","item":"https:\/\/colibri-jewels.eu\/et\/pood\/"},{"@type":"ListItem","position":3,"name":"H\u00f5be k\u00f5rvar\u00f5ngad kuldsete plaatide ja musta emailiga &#8220;Edelweiss&#8221;"}]},{"@type":"WebSite","@id":"https:\/\/colibri-jewels.eu\/et\/#website","url":"https:\/\/colibri-jewels.eu\/et\/","name":"Colibri jewels","description":"jewelry shop","publisher":{"@id":"https:\/\/colibri-jewels.eu\/et\/#organization"},"potentialAction":[{"@type":"SearchAction","target":{"@type":"EntryPoint","urlTemplate":"https:\/\/colibri-jewels.eu\/et\/?s={search_term_string}"},"query-input":{"@type":"PropertyValueSpecification","valueRequired":true,"valueName":"search_term_string"}}],"inLanguage":"et"},{"@type":"Organization","@id":"https:\/\/colibri-jewels.eu\/et\/#organization","name":"O\u00dc Colibri","url":"https:\/\/colibri-jewels.eu\/et\/","logo":{"@type":"ImageObject","inLanguage":"et","@id":"https:\/\/colibri-jewels.eu\/et\/#\/schema\/logo\/image\/","url":"https:\/\/dev.colibri-jewels.eu\/wp-content\/uploads\/2021\/03\/colibri.png","contentUrl":"https:\/\/dev.colibri-jewels.eu\/wp-content\/uploads\/2021\/03\/colibri.png","width":227,"height":130,"caption":"O\u00dc Colibri"},"image":{"@id":"https:\/\/colibri-jewels.eu\/et\/#\/schema\/logo\/image\/"},"sameAs":["https:\/\/www.facebook.com\/colibri.jewels","https:\/\/www.instagram.com\/colibri.jewels","https:\/\/www.tiktok.com\/colibri.jewels"]}]}},"_links":{"self":[{"href":"https:\/\/colibri-jewels.eu\/et\/wp-json\/wp\/v2\/product\/48074","targetHints":{"allow":["GET"]}}],"collection":[{"href":"https:\/\/colibri-jewels.eu\/et\/wp-json\/wp\/v2\/product"}],"about":[{"href":"https:\/\/colibri-jewels.eu\/et\/wp-json\/wp\/v2\/types\/product"}],"replies":[{"embeddable":true,"href":"https:\/\/colibri-jewels.eu\/et\/wp-json\/wp\/v2\/comments?post=48074"}],"version-history":[{"count":0,"href":"https:\/\/colibri-jewels.eu\/et\/wp-json\/wp\/v2\/product\/48074\/revisions"}],"wp:featuredmedia":[{"embeddable":true,"href":"https:\/\/colibri-jewels.eu\/et\/wp-json\/wp\/v2\/media\/48027"}],"wp:attachment":[{"href":"https:\/\/colibri-jewels.eu\/et\/wp-json\/wp\/v2\/media?parent=48074"}],"wp:term":[{"taxonomy":"brand","embeddable":true,"href":"https:\/\/colibri-jewels.eu\/et\/wp-json\/wp\/v2\/etheme_brands?post=48074"},{"taxonomy":"product_brand","embeddable":true,"href":"https:\/\/colibri-jewels.eu\/et\/wp-json\/wp\/v2\/product_brand?post=48074"},{"taxonomy":"product_cat","embeddable":true,"href":"https:\/\/colibri-jewels.eu\/et\/wp-json\/wp\/v2\/product_cat?post=48074"},{"taxonomy":"product_tag","embeddable":true,"href":"https:\/\/colibri-jewels.eu\/et\/wp-json\/wp\/v2\/product_tag?post=48074"}],"curies":[{"name":"wp","href":"https:\/\/api.w.org\/{rel}","templated":true}]}}