{"id":49290,"date":"2025-05-04T15:56:22","date_gmt":"2025-05-04T12:56:22","guid":{"rendered":"https:\/\/colibri-jewels.eu\/?post_type=product&#038;p=49290"},"modified":"2025-05-04T16:07:04","modified_gmt":"2025-05-04T13:07:04","slug":"hobedast-korvarongad-vageva-draakoniga-taryon-copy","status":"publish","type":"product","link":"https:\/\/colibri-jewels.eu\/et\/toode\/hobedast-korvarongad-vageva-draakoniga-taryon-copy\/","title":{"rendered":"H\u00f5bes\u00f5rmus V\u00e4geva Draakoniga &#8220;Taryon&#8221;"},"content":{"rendered":"<p data-sourcepos=\"13:1-13:373\">Sukelduge m\u00fc\u00fctide ja suursugususe maailma &#8220;Taryon&#8221; ehtekomplektiga. Neid ehteid iseloomustab v\u00e4ljendusrikas skulpturaalne disain, kus v\u00f5imas, rabava detailsusega teostatud draakon justkui \u00e4rkab ellu sooja kullatud h\u00f5beda kurvides. Tema soomused, k\u00fc\u00fcned ja lehviv lakk on viimistletud juveliiri t\u00e4psusega, luues mahu ja d\u00fcnaamika tunde.<\/p>\n<p data-sourcepos=\"15:1-15:256\">Stiili iseloomulikuks jooneks on k\u00f5rge reljeef ja hoolikas t\u00e4helepanu pisimatele detailidele, mis annab ehetele erilise v\u00e4ljendusrikkuse ja ainulaadse iseloomu. Ringikujulist alust \u00fcmbritsev draakon s\u00fcmboliseerib j\u00f5udu, tarkust ja kaitset.<\/p>\n<p data-sourcepos=\"17:1-17:253\">Draakoni kuju on s\u00fcgavalt juurdunud paljude riikide kultuurides, kehastades v\u00f5imu, aadlikkust, \u00f5nne ja pikaealisust. See ehtekomplekt ei ole lihtsalt stiilne aksessuaar, vaid ka teie sisemise j\u00f5u ja rafineeritud maitse s\u00fcmbol.<\/p>\n<p data-sourcepos=\"17:1-17:253\">Tunnetage legendaarse draakoni j\u00f5udu ja suursugusust &#8220;Taryon&#8221; komplektiga!<\/p>\n","protected":false},"excerpt":{"rendered":"<p data-sourcepos=\"19:1-19:30\"><strong>Omadused (m\u00f5lemale esemele):<\/strong><\/p>\n<ul data-sourcepos=\"21:1-26:0\">\n<li data-sourcepos=\"21:1-21:22\"><strong>Materjal:<\/strong> H\u00f5be<\/li>\n<li data-sourcepos=\"22:1-22:26\"><strong>Kate:<\/strong> Kullatud<\/li>\n<li data-sourcepos=\"23:1-23:36\"><strong>Stiil:<\/strong> Skulpturaalne, k\u00f5rge reljeef<\/li>\n<li data-sourcepos=\"24:1-24:44\"><strong>Disain:<\/strong> Ringi \u00fcmber keerduv draakon<\/li>\n<li data-sourcepos=\"25:1-26:0\"><strong>Detailid:<\/strong> K\u00f5rge detailsus<\/li>\n<\/ul>\n","protected":false},"featured_media":48066,"comment_status":"open","ping_status":"closed","template":"","meta":[],"etheme_brands":[],"product_brand":[],"product_cat":[471],"product_tag":[503],"class_list":{"0":"post-49290","1":"product","2":"type-product","3":"status-publish","4":"has-post-thumbnail","6":"product_cat-sormused","7":"product_tag-loomalik","9":"first","10":"instock","11":"shipping-taxable","12":"purchasable","13":"product-type-simple"},"acf":[],"yoast_head":"<!-- This site is optimized with the Yoast SEO Premium plugin v26.5 (Yoast SEO v26.8) - https:\/\/yoast.com\/product\/yoast-seo-premium-wordpress\/ -->\n<title>H\u00f5bes\u00f5rmus V\u00e4geva Draakoniga &quot;Taryon&quot; - Colibri jewels<\/title>\n<meta name=\"robots\" content=\"index, follow, max-snippet:-1, max-image-preview:large, max-video-preview:-1\" \/>\n<link rel=\"canonical\" href=\"https:\/\/colibri-jewels.eu\/et\/toode\/hobedast-korvarongad-vageva-draakoniga-taryon-copy\/\" \/>\n<meta property=\"og:locale\" content=\"et_EE\" \/>\n<meta property=\"og:type\" content=\"article\" \/>\n<meta property=\"og:title\" content=\"H\u00f5bes\u00f5rmus V\u00e4geva Draakoniga &quot;Taryon&quot;\" \/>\n<meta property=\"og:description\" content=\"Omadused (m\u00f5lemale esemele):    Materjal: H\u00f5be  Kate: Kullatud  Stiil: Skulpturaalne, k\u00f5rge reljeef  Disain: Ringi \u00fcmber keerduv draakon  Detailid: K\u00f5rge detailsus\" \/>\n<meta property=\"og:url\" content=\"https:\/\/colibri-jewels.eu\/et\/toode\/hobedast-korvarongad-vageva-draakoniga-taryon-copy\/\" \/>\n<meta property=\"og:site_name\" content=\"Colibri jewels\" \/>\n<meta property=\"article:publisher\" content=\"https:\/\/www.facebook.com\/colibri.jewels\" \/>\n<meta property=\"article:modified_time\" content=\"2025-05-04T13:07:04+00:00\" \/>\n<meta property=\"og:image\" content=\"https:\/\/colibri-jewels.eu\/wp-content\/uploads\/2025\/04\/2227L.jpg\" \/>\n\t<meta property=\"og:image:width\" content=\"1000\" \/>\n\t<meta property=\"og:image:height\" content=\"1000\" \/>\n\t<meta property=\"og:image:type\" content=\"image\/jpeg\" \/>\n<meta name=\"twitter:card\" content=\"summary_large_image\" \/>\n<meta name=\"twitter:label1\" content=\"Est. reading time\" \/>\n\t<meta name=\"twitter:data1\" content=\"1 minut\" \/>\n<script type=\"application\/ld+json\" class=\"yoast-schema-graph\">{\"@context\":\"https:\/\/schema.org\",\"@graph\":[{\"@type\":\"WebPage\",\"@id\":\"https:\/\/colibri-jewels.eu\/et\/toode\/hobedast-korvarongad-vageva-draakoniga-taryon-copy\/\",\"url\":\"https:\/\/colibri-jewels.eu\/et\/toode\/hobedast-korvarongad-vageva-draakoniga-taryon-copy\/\",\"name\":\"H\u00f5bes\u00f5rmus V\u00e4geva Draakoniga \\\"Taryon\\\" - Colibri jewels\",\"isPartOf\":{\"@id\":\"https:\/\/colibri-jewels.eu\/et\/#website\"},\"primaryImageOfPage\":{\"@id\":\"https:\/\/colibri-jewels.eu\/et\/toode\/hobedast-korvarongad-vageva-draakoniga-taryon-copy\/#primaryimage\"},\"image\":{\"@id\":\"https:\/\/colibri-jewels.eu\/et\/toode\/hobedast-korvarongad-vageva-draakoniga-taryon-copy\/#primaryimage\"},\"thumbnailUrl\":\"https:\/\/colibri-jewels.eu\/wp-content\/uploads\/2025\/04\/2227L.jpg\",\"datePublished\":\"2025-05-04T12:56:22+00:00\",\"dateModified\":\"2025-05-04T13:07:04+00:00\",\"breadcrumb\":{\"@id\":\"https:\/\/colibri-jewels.eu\/et\/toode\/hobedast-korvarongad-vageva-draakoniga-taryon-copy\/#breadcrumb\"},\"inLanguage\":\"et\",\"potentialAction\":[{\"@type\":\"ReadAction\",\"target\":[\"https:\/\/colibri-jewels.eu\/et\/toode\/hobedast-korvarongad-vageva-draakoniga-taryon-copy\/\"]}]},{\"@type\":\"ImageObject\",\"inLanguage\":\"et\",\"@id\":\"https:\/\/colibri-jewels.eu\/et\/toode\/hobedast-korvarongad-vageva-draakoniga-taryon-copy\/#primaryimage\",\"url\":\"https:\/\/colibri-jewels.eu\/wp-content\/uploads\/2025\/04\/2227L.jpg\",\"contentUrl\":\"https:\/\/colibri-jewels.eu\/wp-content\/uploads\/2025\/04\/2227L.jpg\",\"width\":1000,\"height\":1000},{\"@type\":\"BreadcrumbList\",\"@id\":\"https:\/\/colibri-jewels.eu\/et\/toode\/hobedast-korvarongad-vageva-draakoniga-taryon-copy\/#breadcrumb\",\"itemListElement\":[{\"@type\":\"ListItem\",\"position\":1,\"name\":\"\u0413\u043b\u0430\u0432\u043d\u0430\u044f \u0441\u0442\u0440\u0430\u043d\u0438\u0446\u0430\",\"item\":\"https:\/\/colibri-jewels.eu\/et\/\"},{\"@type\":\"ListItem\",\"position\":2,\"name\":\"Pood\",\"item\":\"https:\/\/colibri-jewels.eu\/et\/pood\/\"},{\"@type\":\"ListItem\",\"position\":3,\"name\":\"H\u00f5bes\u00f5rmus V\u00e4geva Draakoniga &#8220;Taryon&#8221;\"}]},{\"@type\":\"WebSite\",\"@id\":\"https:\/\/colibri-jewels.eu\/et\/#website\",\"url\":\"https:\/\/colibri-jewels.eu\/et\/\",\"name\":\"Colibri jewels\",\"description\":\"jewelry shop\",\"publisher\":{\"@id\":\"https:\/\/colibri-jewels.eu\/et\/#organization\"},\"potentialAction\":[{\"@type\":\"SearchAction\",\"target\":{\"@type\":\"EntryPoint\",\"urlTemplate\":\"https:\/\/colibri-jewels.eu\/et\/?s={search_term_string}\"},\"query-input\":{\"@type\":\"PropertyValueSpecification\",\"valueRequired\":true,\"valueName\":\"search_term_string\"}}],\"inLanguage\":\"et\"},{\"@type\":\"Organization\",\"@id\":\"https:\/\/colibri-jewels.eu\/et\/#organization\",\"name\":\"O\u00dc Colibri\",\"url\":\"https:\/\/colibri-jewels.eu\/et\/\",\"logo\":{\"@type\":\"ImageObject\",\"inLanguage\":\"et\",\"@id\":\"https:\/\/colibri-jewels.eu\/et\/#\/schema\/logo\/image\/\",\"url\":\"https:\/\/dev.colibri-jewels.eu\/wp-content\/uploads\/2021\/03\/colibri.png\",\"contentUrl\":\"https:\/\/dev.colibri-jewels.eu\/wp-content\/uploads\/2021\/03\/colibri.png\",\"width\":227,\"height\":130,\"caption\":\"O\u00dc Colibri\"},\"image\":{\"@id\":\"https:\/\/colibri-jewels.eu\/et\/#\/schema\/logo\/image\/\"},\"sameAs\":[\"https:\/\/www.facebook.com\/colibri.jewels\",\"https:\/\/www.instagram.com\/colibri.jewels\",\"https:\/\/www.tiktok.com\/colibri.jewels\"]}]}<\/script>\n<!-- \/ Yoast SEO Premium plugin. -->","yoast_head_json":{"title":"H\u00f5bes\u00f5rmus V\u00e4geva Draakoniga \"Taryon\" - Colibri jewels","robots":{"index":"index","follow":"follow","max-snippet":"max-snippet:-1","max-image-preview":"max-image-preview:large","max-video-preview":"max-video-preview:-1"},"canonical":"https:\/\/colibri-jewels.eu\/et\/toode\/hobedast-korvarongad-vageva-draakoniga-taryon-copy\/","og_locale":"et_EE","og_type":"article","og_title":"H\u00f5bes\u00f5rmus V\u00e4geva Draakoniga \"Taryon\"","og_description":"Omadused (m\u00f5lemale esemele):    Materjal: H\u00f5be  Kate: Kullatud  Stiil: Skulpturaalne, k\u00f5rge reljeef  Disain: Ringi \u00fcmber keerduv draakon  Detailid: K\u00f5rge detailsus","og_url":"https:\/\/colibri-jewels.eu\/et\/toode\/hobedast-korvarongad-vageva-draakoniga-taryon-copy\/","og_site_name":"Colibri jewels","article_publisher":"https:\/\/www.facebook.com\/colibri.jewels","article_modified_time":"2025-05-04T13:07:04+00:00","og_image":[{"width":1000,"height":1000,"url":"https:\/\/colibri-jewels.eu\/wp-content\/uploads\/2025\/04\/2227L.jpg","type":"image\/jpeg"}],"twitter_card":"summary_large_image","twitter_misc":{"Est. reading time":"1 minut"},"schema":{"@context":"https:\/\/schema.org","@graph":[{"@type":"WebPage","@id":"https:\/\/colibri-jewels.eu\/et\/toode\/hobedast-korvarongad-vageva-draakoniga-taryon-copy\/","url":"https:\/\/colibri-jewels.eu\/et\/toode\/hobedast-korvarongad-vageva-draakoniga-taryon-copy\/","name":"H\u00f5bes\u00f5rmus V\u00e4geva Draakoniga \"Taryon\" - Colibri jewels","isPartOf":{"@id":"https:\/\/colibri-jewels.eu\/et\/#website"},"primaryImageOfPage":{"@id":"https:\/\/colibri-jewels.eu\/et\/toode\/hobedast-korvarongad-vageva-draakoniga-taryon-copy\/#primaryimage"},"image":{"@id":"https:\/\/colibri-jewels.eu\/et\/toode\/hobedast-korvarongad-vageva-draakoniga-taryon-copy\/#primaryimage"},"thumbnailUrl":"https:\/\/colibri-jewels.eu\/wp-content\/uploads\/2025\/04\/2227L.jpg","datePublished":"2025-05-04T12:56:22+00:00","dateModified":"2025-05-04T13:07:04+00:00","breadcrumb":{"@id":"https:\/\/colibri-jewels.eu\/et\/toode\/hobedast-korvarongad-vageva-draakoniga-taryon-copy\/#breadcrumb"},"inLanguage":"et","potentialAction":[{"@type":"ReadAction","target":["https:\/\/colibri-jewels.eu\/et\/toode\/hobedast-korvarongad-vageva-draakoniga-taryon-copy\/"]}]},{"@type":"ImageObject","inLanguage":"et","@id":"https:\/\/colibri-jewels.eu\/et\/toode\/hobedast-korvarongad-vageva-draakoniga-taryon-copy\/#primaryimage","url":"https:\/\/colibri-jewels.eu\/wp-content\/uploads\/2025\/04\/2227L.jpg","contentUrl":"https:\/\/colibri-jewels.eu\/wp-content\/uploads\/2025\/04\/2227L.jpg","width":1000,"height":1000},{"@type":"BreadcrumbList","@id":"https:\/\/colibri-jewels.eu\/et\/toode\/hobedast-korvarongad-vageva-draakoniga-taryon-copy\/#breadcrumb","itemListElement":[{"@type":"ListItem","position":1,"name":"\u0413\u043b\u0430\u0432\u043d\u0430\u044f \u0441\u0442\u0440\u0430\u043d\u0438\u0446\u0430","item":"https:\/\/colibri-jewels.eu\/et\/"},{"@type":"ListItem","position":2,"name":"Pood","item":"https:\/\/colibri-jewels.eu\/et\/pood\/"},{"@type":"ListItem","position":3,"name":"H\u00f5bes\u00f5rmus V\u00e4geva Draakoniga &#8220;Taryon&#8221;"}]},{"@type":"WebSite","@id":"https:\/\/colibri-jewels.eu\/et\/#website","url":"https:\/\/colibri-jewels.eu\/et\/","name":"Colibri jewels","description":"jewelry shop","publisher":{"@id":"https:\/\/colibri-jewels.eu\/et\/#organization"},"potentialAction":[{"@type":"SearchAction","target":{"@type":"EntryPoint","urlTemplate":"https:\/\/colibri-jewels.eu\/et\/?s={search_term_string}"},"query-input":{"@type":"PropertyValueSpecification","valueRequired":true,"valueName":"search_term_string"}}],"inLanguage":"et"},{"@type":"Organization","@id":"https:\/\/colibri-jewels.eu\/et\/#organization","name":"O\u00dc Colibri","url":"https:\/\/colibri-jewels.eu\/et\/","logo":{"@type":"ImageObject","inLanguage":"et","@id":"https:\/\/colibri-jewels.eu\/et\/#\/schema\/logo\/image\/","url":"https:\/\/dev.colibri-jewels.eu\/wp-content\/uploads\/2021\/03\/colibri.png","contentUrl":"https:\/\/dev.colibri-jewels.eu\/wp-content\/uploads\/2021\/03\/colibri.png","width":227,"height":130,"caption":"O\u00dc Colibri"},"image":{"@id":"https:\/\/colibri-jewels.eu\/et\/#\/schema\/logo\/image\/"},"sameAs":["https:\/\/www.facebook.com\/colibri.jewels","https:\/\/www.instagram.com\/colibri.jewels","https:\/\/www.tiktok.com\/colibri.jewels"]}]}},"_links":{"self":[{"href":"https:\/\/colibri-jewels.eu\/et\/wp-json\/wp\/v2\/product\/49290","targetHints":{"allow":["GET"]}}],"collection":[{"href":"https:\/\/colibri-jewels.eu\/et\/wp-json\/wp\/v2\/product"}],"about":[{"href":"https:\/\/colibri-jewels.eu\/et\/wp-json\/wp\/v2\/types\/product"}],"replies":[{"embeddable":true,"href":"https:\/\/colibri-jewels.eu\/et\/wp-json\/wp\/v2\/comments?post=49290"}],"version-history":[{"count":0,"href":"https:\/\/colibri-jewels.eu\/et\/wp-json\/wp\/v2\/product\/49290\/revisions"}],"wp:featuredmedia":[{"embeddable":true,"href":"https:\/\/colibri-jewels.eu\/et\/wp-json\/wp\/v2\/media\/48066"}],"wp:attachment":[{"href":"https:\/\/colibri-jewels.eu\/et\/wp-json\/wp\/v2\/media?parent=49290"}],"wp:term":[{"taxonomy":"brand","embeddable":true,"href":"https:\/\/colibri-jewels.eu\/et\/wp-json\/wp\/v2\/etheme_brands?post=49290"},{"taxonomy":"product_brand","embeddable":true,"href":"https:\/\/colibri-jewels.eu\/et\/wp-json\/wp\/v2\/product_brand?post=49290"},{"taxonomy":"product_cat","embeddable":true,"href":"https:\/\/colibri-jewels.eu\/et\/wp-json\/wp\/v2\/product_cat?post=49290"},{"taxonomy":"product_tag","embeddable":true,"href":"https:\/\/colibri-jewels.eu\/et\/wp-json\/wp\/v2\/product_tag?post=49290"}],"curies":[{"name":"wp","href":"https:\/\/api.w.org\/{rel}","templated":true}]}}