{"id":49373,"date":"2025-05-05T20:33:24","date_gmt":"2025-05-05T17:33:24","guid":{"rendered":"https:\/\/colibri-jewels.eu\/?post_type=product&#038;p=49373"},"modified":"2025-05-05T20:55:15","modified_gmt":"2025-05-05T17:55:15","slug":"luksuslikud-hobekorvarongad-aqualuce-copy","status":"publish","type":"product","link":"https:\/\/colibri-jewels.eu\/et\/toode\/luksuslikud-hobekorvarongad-aqualuce-copy\/","title":{"rendered":"Luxuslik h\u00f5beripats &#8220;AquaLuce&#8221;"},"content":{"rendered":"<p data-start=\"38\" data-end=\"275\"><strong data-start=\"38\" data-end=\"54\">AquaLuce Komplekt<br data-start=\"54\" data-end=\"57\" \/><\/strong>Vee puhtus, valguse m\u00e4ng, voolavad vormid \u2013 AquaLuce \u00fchendab endas looduse j\u00f5u ja elegantsi. Siledad h\u00f5bedased jooned meenutavad ajas tardunud veetilkasid, peegeldades valgust igal kumerusel.<\/p>\n<p data-start=\"277\" data-end=\"506\">Massiivne, kuid \u00f5huline \u2013 see komplekt on loodud neile, kes hindavad sensuaalseid vorme ja v\u00e4\u00e4rikat s\u00e4ra. Kaelakee embab kaunilt kaela, k\u00f5rvar\u00f5ngad kiirgavad rafineeritust ja j\u00f5uline s\u00f5rmus saab pilkup\u00fc\u00fcdvaks aktsendiks. Ripats on kollektsiooni viimane element, kui soovite lakoonilisemat detaili.<\/p>\n<p data-start=\"508\" data-end=\"567\"><strong data-start=\"508\" data-end=\"565\">AquaLuce \u2013 kui valgus ja liikumine muutuvad eheks.<\/strong><\/p>\n","protected":false},"excerpt":{"rendered":"<h4 data-start=\"280\" data-end=\"308\"><strong data-start=\"285\" data-end=\"306\">AquaLuce Ripats<\/strong><\/h4>\n<p data-start=\"309\" data-end=\"524\">Lihtne nagu veetilk. See ripats on minimalismi ja elegantsi kehastus. Selle voolavad jooned ja roodiumkattega h\u00f5be peegeldavad valgust nagu p\u00e4ikeseline veepind. T\u00e4iuslik nii iseseisva aksessuaarina kui ka komplekti osana.<\/p>\n<p data-start=\"309\" data-end=\"524\">Ripatsi keskmine kaal 4,11 g.<\/p>\n<p data-start=\"551\" data-end=\"734\">\n","protected":false},"featured_media":49367,"comment_status":"open","ping_status":"closed","template":"","meta":[],"etheme_brands":[],"product_brand":[],"product_cat":[470],"product_tag":[476,505],"class_list":{"0":"post-49373","1":"product","2":"type-product","3":"status-publish","4":"has-post-thumbnail","6":"product_cat-kaelakeed-ja-ripatsid","7":"product_tag-eksklusiivsed-ehted","8":"product_tag-lakooniline","10":"first","11":"instock","12":"shipping-taxable","13":"purchasable","14":"product-type-simple"},"acf":[],"yoast_head":"<!-- This site is optimized with the Yoast SEO Premium plugin v26.5 (Yoast SEO v26.8) - https:\/\/yoast.com\/product\/yoast-seo-premium-wordpress\/ -->\n<title>Luxuslik h\u00f5beripats &quot;AquaLuce&quot; - Colibri jewels<\/title>\n<meta name=\"robots\" content=\"index, follow, max-snippet:-1, max-image-preview:large, max-video-preview:-1\" \/>\n<link rel=\"canonical\" href=\"https:\/\/colibri-jewels.eu\/et\/toode\/luksuslikud-hobekorvarongad-aqualuce-copy\/\" \/>\n<meta property=\"og:locale\" content=\"et_EE\" \/>\n<meta property=\"og:type\" content=\"article\" \/>\n<meta property=\"og:title\" content=\"Luxuslik h\u00f5beripats &quot;AquaLuce&quot;\" \/>\n<meta property=\"og:description\" content=\"AquaLuce Ripats Lihtne nagu veetilk. See ripats on minimalismi ja elegantsi kehastus. Selle voolavad jooned ja roodiumkattega h\u00f5be peegeldavad valgust nagu p\u00e4ikeseline veepind. T\u00e4iuslik nii iseseisva aksessuaarina kui ka komplekti osana. Ripatsi keskmine kaal 4,11 g.\" \/>\n<meta property=\"og:url\" content=\"https:\/\/colibri-jewels.eu\/et\/toode\/luksuslikud-hobekorvarongad-aqualuce-copy\/\" \/>\n<meta property=\"og:site_name\" content=\"Colibri jewels\" \/>\n<meta property=\"article:publisher\" content=\"https:\/\/www.facebook.com\/colibri.jewels\" \/>\n<meta property=\"article:modified_time\" content=\"2025-05-05T17:55:15+00:00\" \/>\n<meta property=\"og:image\" content=\"https:\/\/colibri-jewels.eu\/wp-content\/uploads\/2025\/05\/silver-pendant-drop-shape-aqualuce.jpg\" \/>\n\t<meta property=\"og:image:width\" content=\"1000\" \/>\n\t<meta property=\"og:image:height\" content=\"1000\" \/>\n\t<meta property=\"og:image:type\" content=\"image\/jpeg\" \/>\n<meta name=\"twitter:card\" content=\"summary_large_image\" \/>\n<script type=\"application\/ld+json\" class=\"yoast-schema-graph\">{\"@context\":\"https:\/\/schema.org\",\"@graph\":[{\"@type\":\"WebPage\",\"@id\":\"https:\/\/colibri-jewels.eu\/et\/toode\/luksuslikud-hobekorvarongad-aqualuce-copy\/\",\"url\":\"https:\/\/colibri-jewels.eu\/et\/toode\/luksuslikud-hobekorvarongad-aqualuce-copy\/\",\"name\":\"Luxuslik h\u00f5beripats \\\"AquaLuce\\\" - Colibri jewels\",\"isPartOf\":{\"@id\":\"https:\/\/colibri-jewels.eu\/et\/#website\"},\"primaryImageOfPage\":{\"@id\":\"https:\/\/colibri-jewels.eu\/et\/toode\/luksuslikud-hobekorvarongad-aqualuce-copy\/#primaryimage\"},\"image\":{\"@id\":\"https:\/\/colibri-jewels.eu\/et\/toode\/luksuslikud-hobekorvarongad-aqualuce-copy\/#primaryimage\"},\"thumbnailUrl\":\"https:\/\/colibri-jewels.eu\/wp-content\/uploads\/2025\/05\/silver-pendant-drop-shape-aqualuce.jpg\",\"datePublished\":\"2025-05-05T17:33:24+00:00\",\"dateModified\":\"2025-05-05T17:55:15+00:00\",\"breadcrumb\":{\"@id\":\"https:\/\/colibri-jewels.eu\/et\/toode\/luksuslikud-hobekorvarongad-aqualuce-copy\/#breadcrumb\"},\"inLanguage\":\"et\",\"potentialAction\":[{\"@type\":\"ReadAction\",\"target\":[\"https:\/\/colibri-jewels.eu\/et\/toode\/luksuslikud-hobekorvarongad-aqualuce-copy\/\"]}]},{\"@type\":\"ImageObject\",\"inLanguage\":\"et\",\"@id\":\"https:\/\/colibri-jewels.eu\/et\/toode\/luksuslikud-hobekorvarongad-aqualuce-copy\/#primaryimage\",\"url\":\"https:\/\/colibri-jewels.eu\/wp-content\/uploads\/2025\/05\/silver-pendant-drop-shape-aqualuce.jpg\",\"contentUrl\":\"https:\/\/colibri-jewels.eu\/wp-content\/uploads\/2025\/05\/silver-pendant-drop-shape-aqualuce.jpg\",\"width\":1000,\"height\":1000},{\"@type\":\"BreadcrumbList\",\"@id\":\"https:\/\/colibri-jewels.eu\/et\/toode\/luksuslikud-hobekorvarongad-aqualuce-copy\/#breadcrumb\",\"itemListElement\":[{\"@type\":\"ListItem\",\"position\":1,\"name\":\"\u0413\u043b\u0430\u0432\u043d\u0430\u044f \u0441\u0442\u0440\u0430\u043d\u0438\u0446\u0430\",\"item\":\"https:\/\/colibri-jewels.eu\/et\/\"},{\"@type\":\"ListItem\",\"position\":2,\"name\":\"Pood\",\"item\":\"https:\/\/colibri-jewels.eu\/et\/pood\/\"},{\"@type\":\"ListItem\",\"position\":3,\"name\":\"Luxuslik h\u00f5beripats &#8220;AquaLuce&#8221;\"}]},{\"@type\":\"WebSite\",\"@id\":\"https:\/\/colibri-jewels.eu\/et\/#website\",\"url\":\"https:\/\/colibri-jewels.eu\/et\/\",\"name\":\"Colibri jewels\",\"description\":\"jewelry shop\",\"publisher\":{\"@id\":\"https:\/\/colibri-jewels.eu\/et\/#organization\"},\"potentialAction\":[{\"@type\":\"SearchAction\",\"target\":{\"@type\":\"EntryPoint\",\"urlTemplate\":\"https:\/\/colibri-jewels.eu\/et\/?s={search_term_string}\"},\"query-input\":{\"@type\":\"PropertyValueSpecification\",\"valueRequired\":true,\"valueName\":\"search_term_string\"}}],\"inLanguage\":\"et\"},{\"@type\":\"Organization\",\"@id\":\"https:\/\/colibri-jewels.eu\/et\/#organization\",\"name\":\"O\u00dc Colibri\",\"url\":\"https:\/\/colibri-jewels.eu\/et\/\",\"logo\":{\"@type\":\"ImageObject\",\"inLanguage\":\"et\",\"@id\":\"https:\/\/colibri-jewels.eu\/et\/#\/schema\/logo\/image\/\",\"url\":\"https:\/\/dev.colibri-jewels.eu\/wp-content\/uploads\/2021\/03\/colibri.png\",\"contentUrl\":\"https:\/\/dev.colibri-jewels.eu\/wp-content\/uploads\/2021\/03\/colibri.png\",\"width\":227,\"height\":130,\"caption\":\"O\u00dc Colibri\"},\"image\":{\"@id\":\"https:\/\/colibri-jewels.eu\/et\/#\/schema\/logo\/image\/\"},\"sameAs\":[\"https:\/\/www.facebook.com\/colibri.jewels\",\"https:\/\/www.instagram.com\/colibri.jewels\",\"https:\/\/www.tiktok.com\/colibri.jewels\"]}]}<\/script>\n<!-- \/ Yoast SEO Premium plugin. -->","yoast_head_json":{"title":"Luxuslik h\u00f5beripats \"AquaLuce\" - Colibri jewels","robots":{"index":"index","follow":"follow","max-snippet":"max-snippet:-1","max-image-preview":"max-image-preview:large","max-video-preview":"max-video-preview:-1"},"canonical":"https:\/\/colibri-jewels.eu\/et\/toode\/luksuslikud-hobekorvarongad-aqualuce-copy\/","og_locale":"et_EE","og_type":"article","og_title":"Luxuslik h\u00f5beripats \"AquaLuce\"","og_description":"AquaLuce Ripats Lihtne nagu veetilk. See ripats on minimalismi ja elegantsi kehastus. Selle voolavad jooned ja roodiumkattega h\u00f5be peegeldavad valgust nagu p\u00e4ikeseline veepind. T\u00e4iuslik nii iseseisva aksessuaarina kui ka komplekti osana. Ripatsi keskmine kaal 4,11 g.","og_url":"https:\/\/colibri-jewels.eu\/et\/toode\/luksuslikud-hobekorvarongad-aqualuce-copy\/","og_site_name":"Colibri jewels","article_publisher":"https:\/\/www.facebook.com\/colibri.jewels","article_modified_time":"2025-05-05T17:55:15+00:00","og_image":[{"width":1000,"height":1000,"url":"https:\/\/colibri-jewels.eu\/wp-content\/uploads\/2025\/05\/silver-pendant-drop-shape-aqualuce.jpg","type":"image\/jpeg"}],"twitter_card":"summary_large_image","schema":{"@context":"https:\/\/schema.org","@graph":[{"@type":"WebPage","@id":"https:\/\/colibri-jewels.eu\/et\/toode\/luksuslikud-hobekorvarongad-aqualuce-copy\/","url":"https:\/\/colibri-jewels.eu\/et\/toode\/luksuslikud-hobekorvarongad-aqualuce-copy\/","name":"Luxuslik h\u00f5beripats \"AquaLuce\" - Colibri jewels","isPartOf":{"@id":"https:\/\/colibri-jewels.eu\/et\/#website"},"primaryImageOfPage":{"@id":"https:\/\/colibri-jewels.eu\/et\/toode\/luksuslikud-hobekorvarongad-aqualuce-copy\/#primaryimage"},"image":{"@id":"https:\/\/colibri-jewels.eu\/et\/toode\/luksuslikud-hobekorvarongad-aqualuce-copy\/#primaryimage"},"thumbnailUrl":"https:\/\/colibri-jewels.eu\/wp-content\/uploads\/2025\/05\/silver-pendant-drop-shape-aqualuce.jpg","datePublished":"2025-05-05T17:33:24+00:00","dateModified":"2025-05-05T17:55:15+00:00","breadcrumb":{"@id":"https:\/\/colibri-jewels.eu\/et\/toode\/luksuslikud-hobekorvarongad-aqualuce-copy\/#breadcrumb"},"inLanguage":"et","potentialAction":[{"@type":"ReadAction","target":["https:\/\/colibri-jewels.eu\/et\/toode\/luksuslikud-hobekorvarongad-aqualuce-copy\/"]}]},{"@type":"ImageObject","inLanguage":"et","@id":"https:\/\/colibri-jewels.eu\/et\/toode\/luksuslikud-hobekorvarongad-aqualuce-copy\/#primaryimage","url":"https:\/\/colibri-jewels.eu\/wp-content\/uploads\/2025\/05\/silver-pendant-drop-shape-aqualuce.jpg","contentUrl":"https:\/\/colibri-jewels.eu\/wp-content\/uploads\/2025\/05\/silver-pendant-drop-shape-aqualuce.jpg","width":1000,"height":1000},{"@type":"BreadcrumbList","@id":"https:\/\/colibri-jewels.eu\/et\/toode\/luksuslikud-hobekorvarongad-aqualuce-copy\/#breadcrumb","itemListElement":[{"@type":"ListItem","position":1,"name":"\u0413\u043b\u0430\u0432\u043d\u0430\u044f \u0441\u0442\u0440\u0430\u043d\u0438\u0446\u0430","item":"https:\/\/colibri-jewels.eu\/et\/"},{"@type":"ListItem","position":2,"name":"Pood","item":"https:\/\/colibri-jewels.eu\/et\/pood\/"},{"@type":"ListItem","position":3,"name":"Luxuslik h\u00f5beripats &#8220;AquaLuce&#8221;"}]},{"@type":"WebSite","@id":"https:\/\/colibri-jewels.eu\/et\/#website","url":"https:\/\/colibri-jewels.eu\/et\/","name":"Colibri jewels","description":"jewelry shop","publisher":{"@id":"https:\/\/colibri-jewels.eu\/et\/#organization"},"potentialAction":[{"@type":"SearchAction","target":{"@type":"EntryPoint","urlTemplate":"https:\/\/colibri-jewels.eu\/et\/?s={search_term_string}"},"query-input":{"@type":"PropertyValueSpecification","valueRequired":true,"valueName":"search_term_string"}}],"inLanguage":"et"},{"@type":"Organization","@id":"https:\/\/colibri-jewels.eu\/et\/#organization","name":"O\u00dc Colibri","url":"https:\/\/colibri-jewels.eu\/et\/","logo":{"@type":"ImageObject","inLanguage":"et","@id":"https:\/\/colibri-jewels.eu\/et\/#\/schema\/logo\/image\/","url":"https:\/\/dev.colibri-jewels.eu\/wp-content\/uploads\/2021\/03\/colibri.png","contentUrl":"https:\/\/dev.colibri-jewels.eu\/wp-content\/uploads\/2021\/03\/colibri.png","width":227,"height":130,"caption":"O\u00dc Colibri"},"image":{"@id":"https:\/\/colibri-jewels.eu\/et\/#\/schema\/logo\/image\/"},"sameAs":["https:\/\/www.facebook.com\/colibri.jewels","https:\/\/www.instagram.com\/colibri.jewels","https:\/\/www.tiktok.com\/colibri.jewels"]}]}},"_links":{"self":[{"href":"https:\/\/colibri-jewels.eu\/et\/wp-json\/wp\/v2\/product\/49373","targetHints":{"allow":["GET"]}}],"collection":[{"href":"https:\/\/colibri-jewels.eu\/et\/wp-json\/wp\/v2\/product"}],"about":[{"href":"https:\/\/colibri-jewels.eu\/et\/wp-json\/wp\/v2\/types\/product"}],"replies":[{"embeddable":true,"href":"https:\/\/colibri-jewels.eu\/et\/wp-json\/wp\/v2\/comments?post=49373"}],"version-history":[{"count":0,"href":"https:\/\/colibri-jewels.eu\/et\/wp-json\/wp\/v2\/product\/49373\/revisions"}],"wp:featuredmedia":[{"embeddable":true,"href":"https:\/\/colibri-jewels.eu\/et\/wp-json\/wp\/v2\/media\/49367"}],"wp:attachment":[{"href":"https:\/\/colibri-jewels.eu\/et\/wp-json\/wp\/v2\/media?parent=49373"}],"wp:term":[{"taxonomy":"brand","embeddable":true,"href":"https:\/\/colibri-jewels.eu\/et\/wp-json\/wp\/v2\/etheme_brands?post=49373"},{"taxonomy":"product_brand","embeddable":true,"href":"https:\/\/colibri-jewels.eu\/et\/wp-json\/wp\/v2\/product_brand?post=49373"},{"taxonomy":"product_cat","embeddable":true,"href":"https:\/\/colibri-jewels.eu\/et\/wp-json\/wp\/v2\/product_cat?post=49373"},{"taxonomy":"product_tag","embeddable":true,"href":"https:\/\/colibri-jewels.eu\/et\/wp-json\/wp\/v2\/product_tag?post=49373"}],"curies":[{"name":"wp","href":"https:\/\/api.w.org\/{rel}","templated":true}]}}