{"id":52326,"date":"2025-07-17T13:43:42","date_gmt":"2025-07-17T10:43:42","guid":{"rendered":"https:\/\/colibri-jewels.eu\/?post_type=product&#038;p=52326"},"modified":"2025-05-28T14:24:33","modified_gmt":"2025-05-28T11:24:33","slug":"kihlussormus-labori-teemandiga-eleanor-copy","status":"publish","type":"product","link":"https:\/\/colibri-jewels.eu\/et\/toode\/kihlussormus-labori-teemandiga-eleanor-copy\/","title":{"rendered":"Lab- teemantiga (1.20 ct) &#8220;Eleanor&#8221; kihlas\u00f5rmus-solit\u00e4\u00e4r"},"content":{"rendered":"<p data-start=\"89\" data-end=\"234\">Ajatu elegantsus, mis on kehastatud s\u00e4ravas teemantis. See 585 prooviga valgest kullast s\u00f5rmus on teie armastuse s\u00fcmbol \u2013 igavene ja puhas, nagu selle v\u00e4\u00e4riskivi. <\/p>\n<p data-start=\"236\" data-end=\"471\">Laboris kasvatatud keskne teemant on sama s\u00e4delev, vastupidav ja kaunis kui looduslik. Kuid selle p\u00e4ritolu on eetiline ning selle loomine \u00fchendab tipptasemel tehnoloogia ja keskkonnas\u00f5bralikkuse. <\/p>\n<p data-start=\"473\" data-end=\"562\">\ud83d\udc8e <strong data-start=\"476\" data-end=\"490\">Materjalid:<\/strong><br data-start=\"490\" data-end=\"493\">\u2014 14K valge kuld<br data-start=\"509\" data-end=\"512\">\u2014 1.20-karaadine laboris kasvatatud teemant, \u00fcmar briljantlihv, D v\u00e4rvus, VVS1 puhtus, IGI sertifikaat<\/p>\n<p data-start=\"564\" data-end=\"756\">\u2728 <strong data-start=\"566\" data-end=\"601\">Miks valida laboris kasvatatud teemant?<br data-start=\"601\" data-end=\"604\"><\/strong>\u2014 Keemilise koostise ja omaduste poolest identne loodusliku teemantiga<br data-start=\"666\" data-end=\"669\">\u2014 Eetiline valik: ei kahjusta loodust ega inimesi<br data-start=\"717\" data-end=\"720\">\u2014 Loodud innovaatilise tehnoloogia abil<\/p>\n<p data-start=\"758\" data-end=\"858\">See s\u00f5rmus pole lihtsalt ehe \u2013 see on lubadus armastusest, p\u00fchendumusest ja luksuslikust tulevikust koos.<\/p>\n<p data-start=\"860\" data-end=\"930\">\ud83d\udce6 <strong data-start=\"863\" data-end=\"876\">Kohaletoimetamine<\/strong>: Tasuta \u00fcle maailma<br data-start=\"891\" data-end=\"894\">\ud83c\udf81 <strong data-start=\"897\" data-end=\"911\">Pakend:<\/strong> Elegantne kinkekarp<\/p>\n","protected":false},"excerpt":{"rendered":"<p>Ajatu elegantsus, mis on kehastatud s\u00e4ravas teemantis. See 585 prooviga valgest kullast s\u00f5rmus on teie armastuse s\u00fcmbol \u2013 igavene ja puhas, nagu selle v\u00e4\u00e4riskivi. Laboris&#8230;<\/p>\n","protected":false},"featured_media":52648,"comment_status":"open","ping_status":"closed","template":"","meta":[],"etheme_brands":[],"product_brand":[],"product_cat":[471],"product_tag":[474,472,1255,499,508],"class_list":{"0":"post-52326","1":"product","2":"type-product","3":"status-publish","4":"has-post-thumbnail","6":"product_cat-sormused","7":"product_tag-kihlasormused","8":"product_tag-klassika","9":"product_tag-lab-teemantid","10":"product_tag-romantiline","11":"product_tag-solitaar","13":"first","14":"instock","15":"shipping-taxable","16":"purchasable","17":"product-type-simple"},"acf":[],"yoast_head":"<!-- This site is optimized with the Yoast SEO Premium plugin v26.5 (Yoast SEO v26.8) - https:\/\/yoast.com\/product\/yoast-seo-premium-wordpress\/ -->\n<title>Lab- teemantiga (1.20 ct) &quot;Eleanor&quot; kihlas\u00f5rmus-solit\u00e4\u00e4r - Colibri jewels<\/title>\n<meta name=\"description\" content=\"Rafineeritud kihlas\u00f5rmus 14K valgest kullast 1.2-karaadise laboris kasvatatud teemandiga. Puhtus, s\u00e4ra ja eetilisus \u2013 t\u00e4iuslik s\u00fcmbol teie armastusele.\" \/>\n<meta name=\"robots\" content=\"index, follow, max-snippet:-1, max-image-preview:large, max-video-preview:-1\" \/>\n<link rel=\"canonical\" href=\"https:\/\/colibri-jewels.eu\/et\/toode\/kihlussormus-labori-teemandiga-eleanor-copy\/\" \/>\n<meta property=\"og:locale\" content=\"et_EE\" \/>\n<meta property=\"og:type\" content=\"article\" \/>\n<meta property=\"og:title\" content=\"Lab- teemantiga (1.20 ct) &quot;Eleanor&quot; kihlas\u00f5rmus-solit\u00e4\u00e4r\" \/>\n<meta property=\"og:description\" content=\"Rafineeritud kihlas\u00f5rmus 14K valgest kullast 1.2-karaadise laboris kasvatatud teemandiga. Puhtus, s\u00e4ra ja eetilisus \u2013 t\u00e4iuslik s\u00fcmbol teie armastusele.\" \/>\n<meta property=\"og:url\" content=\"https:\/\/colibri-jewels.eu\/et\/toode\/kihlussormus-labori-teemandiga-eleanor-copy\/\" \/>\n<meta property=\"og:site_name\" content=\"Colibri jewels\" \/>\n<meta property=\"article:publisher\" content=\"https:\/\/www.facebook.com\/colibri.jewels\" \/>\n<meta property=\"og:image\" content=\"https:\/\/colibri-jewels.eu\/wp-content\/uploads\/2025\/02\/white-gold-solitaire-ring-with-lab-diamond-Eleanor.jpg\" \/>\n\t<meta property=\"og:image:width\" content=\"1000\" \/>\n\t<meta property=\"og:image:height\" content=\"1000\" \/>\n\t<meta property=\"og:image:type\" content=\"image\/jpeg\" \/>\n<meta name=\"twitter:card\" content=\"summary_large_image\" \/>\n<meta name=\"twitter:label1\" content=\"Est. reading time\" \/>\n\t<meta name=\"twitter:data1\" content=\"1 minut\" \/>\n<script type=\"application\/ld+json\" class=\"yoast-schema-graph\">{\"@context\":\"https:\/\/schema.org\",\"@graph\":[{\"@type\":\"WebPage\",\"@id\":\"https:\/\/colibri-jewels.eu\/et\/toode\/kihlussormus-labori-teemandiga-eleanor-copy\/\",\"url\":\"https:\/\/colibri-jewels.eu\/et\/toode\/kihlussormus-labori-teemandiga-eleanor-copy\/\",\"name\":\"Lab- teemantiga (1.20 ct) \\\"Eleanor\\\" kihlas\u00f5rmus-solit\u00e4\u00e4r - Colibri jewels\",\"isPartOf\":{\"@id\":\"https:\/\/colibri-jewels.eu\/et\/#website\"},\"primaryImageOfPage\":{\"@id\":\"https:\/\/colibri-jewels.eu\/et\/toode\/kihlussormus-labori-teemandiga-eleanor-copy\/#primaryimage\"},\"image\":{\"@id\":\"https:\/\/colibri-jewels.eu\/et\/toode\/kihlussormus-labori-teemandiga-eleanor-copy\/#primaryimage\"},\"thumbnailUrl\":\"https:\/\/colibri-jewels.eu\/wp-content\/uploads\/2025\/05\/solitaire-lab-diamond-1.2-ct-white-gold-ring-Eleanor.jpg\",\"datePublished\":\"2025-07-17T10:43:42+00:00\",\"description\":\"Rafineeritud kihlas\u00f5rmus 14K valgest kullast 1.2-karaadise laboris kasvatatud teemandiga. Puhtus, s\u00e4ra ja eetilisus \u2013 t\u00e4iuslik s\u00fcmbol teie armastusele.\",\"breadcrumb\":{\"@id\":\"https:\/\/colibri-jewels.eu\/et\/toode\/kihlussormus-labori-teemandiga-eleanor-copy\/#breadcrumb\"},\"inLanguage\":\"et\",\"potentialAction\":[{\"@type\":\"ReadAction\",\"target\":[\"https:\/\/colibri-jewels.eu\/et\/toode\/kihlussormus-labori-teemandiga-eleanor-copy\/\"]}]},{\"@type\":\"ImageObject\",\"inLanguage\":\"et\",\"@id\":\"https:\/\/colibri-jewels.eu\/et\/toode\/kihlussormus-labori-teemandiga-eleanor-copy\/#primaryimage\",\"url\":\"https:\/\/colibri-jewels.eu\/wp-content\/uploads\/2025\/05\/solitaire-lab-diamond-1.2-ct-white-gold-ring-Eleanor.jpg\",\"contentUrl\":\"https:\/\/colibri-jewels.eu\/wp-content\/uploads\/2025\/05\/solitaire-lab-diamond-1.2-ct-white-gold-ring-Eleanor.jpg\",\"width\":1000,\"height\":1000},{\"@type\":\"BreadcrumbList\",\"@id\":\"https:\/\/colibri-jewels.eu\/et\/toode\/kihlussormus-labori-teemandiga-eleanor-copy\/#breadcrumb\",\"itemListElement\":[{\"@type\":\"ListItem\",\"position\":1,\"name\":\"\u0413\u043b\u0430\u0432\u043d\u0430\u044f \u0441\u0442\u0440\u0430\u043d\u0438\u0446\u0430\",\"item\":\"https:\/\/colibri-jewels.eu\/et\/\"},{\"@type\":\"ListItem\",\"position\":2,\"name\":\"Pood\",\"item\":\"https:\/\/colibri-jewels.eu\/et\/pood\/\"},{\"@type\":\"ListItem\",\"position\":3,\"name\":\"Lab- teemantiga (1.20 ct) &#8220;Eleanor&#8221; kihlas\u00f5rmus-solit\u00e4\u00e4r\"}]},{\"@type\":\"WebSite\",\"@id\":\"https:\/\/colibri-jewels.eu\/et\/#website\",\"url\":\"https:\/\/colibri-jewels.eu\/et\/\",\"name\":\"Colibri jewels\",\"description\":\"jewelry shop\",\"publisher\":{\"@id\":\"https:\/\/colibri-jewels.eu\/et\/#organization\"},\"potentialAction\":[{\"@type\":\"SearchAction\",\"target\":{\"@type\":\"EntryPoint\",\"urlTemplate\":\"https:\/\/colibri-jewels.eu\/et\/?s={search_term_string}\"},\"query-input\":{\"@type\":\"PropertyValueSpecification\",\"valueRequired\":true,\"valueName\":\"search_term_string\"}}],\"inLanguage\":\"et\"},{\"@type\":\"Organization\",\"@id\":\"https:\/\/colibri-jewels.eu\/et\/#organization\",\"name\":\"O\u00dc Colibri\",\"url\":\"https:\/\/colibri-jewels.eu\/et\/\",\"logo\":{\"@type\":\"ImageObject\",\"inLanguage\":\"et\",\"@id\":\"https:\/\/colibri-jewels.eu\/et\/#\/schema\/logo\/image\/\",\"url\":\"https:\/\/dev.colibri-jewels.eu\/wp-content\/uploads\/2021\/03\/colibri.png\",\"contentUrl\":\"https:\/\/dev.colibri-jewels.eu\/wp-content\/uploads\/2021\/03\/colibri.png\",\"width\":227,\"height\":130,\"caption\":\"O\u00dc Colibri\"},\"image\":{\"@id\":\"https:\/\/colibri-jewels.eu\/et\/#\/schema\/logo\/image\/\"},\"sameAs\":[\"https:\/\/www.facebook.com\/colibri.jewels\",\"https:\/\/www.instagram.com\/colibri.jewels\",\"https:\/\/www.tiktok.com\/colibri.jewels\"]}]}<\/script>\n<!-- \/ Yoast SEO Premium plugin. -->","yoast_head_json":{"title":"Lab- teemantiga (1.20 ct) \"Eleanor\" kihlas\u00f5rmus-solit\u00e4\u00e4r - Colibri jewels","description":"Rafineeritud kihlas\u00f5rmus 14K valgest kullast 1.2-karaadise laboris kasvatatud teemandiga. Puhtus, s\u00e4ra ja eetilisus \u2013 t\u00e4iuslik s\u00fcmbol teie armastusele.","robots":{"index":"index","follow":"follow","max-snippet":"max-snippet:-1","max-image-preview":"max-image-preview:large","max-video-preview":"max-video-preview:-1"},"canonical":"https:\/\/colibri-jewels.eu\/et\/toode\/kihlussormus-labori-teemandiga-eleanor-copy\/","og_locale":"et_EE","og_type":"article","og_title":"Lab- teemantiga (1.20 ct) \"Eleanor\" kihlas\u00f5rmus-solit\u00e4\u00e4r","og_description":"Rafineeritud kihlas\u00f5rmus 14K valgest kullast 1.2-karaadise laboris kasvatatud teemandiga. Puhtus, s\u00e4ra ja eetilisus \u2013 t\u00e4iuslik s\u00fcmbol teie armastusele.","og_url":"https:\/\/colibri-jewels.eu\/et\/toode\/kihlussormus-labori-teemandiga-eleanor-copy\/","og_site_name":"Colibri jewels","article_publisher":"https:\/\/www.facebook.com\/colibri.jewels","og_image":[{"width":1000,"height":1000,"url":"https:\/\/colibri-jewels.eu\/wp-content\/uploads\/2025\/02\/white-gold-solitaire-ring-with-lab-diamond-Eleanor.jpg","type":"image\/jpeg"}],"twitter_card":"summary_large_image","twitter_misc":{"Est. reading time":"1 minut"},"schema":{"@context":"https:\/\/schema.org","@graph":[{"@type":"WebPage","@id":"https:\/\/colibri-jewels.eu\/et\/toode\/kihlussormus-labori-teemandiga-eleanor-copy\/","url":"https:\/\/colibri-jewels.eu\/et\/toode\/kihlussormus-labori-teemandiga-eleanor-copy\/","name":"Lab- teemantiga (1.20 ct) \"Eleanor\" kihlas\u00f5rmus-solit\u00e4\u00e4r - Colibri jewels","isPartOf":{"@id":"https:\/\/colibri-jewels.eu\/et\/#website"},"primaryImageOfPage":{"@id":"https:\/\/colibri-jewels.eu\/et\/toode\/kihlussormus-labori-teemandiga-eleanor-copy\/#primaryimage"},"image":{"@id":"https:\/\/colibri-jewels.eu\/et\/toode\/kihlussormus-labori-teemandiga-eleanor-copy\/#primaryimage"},"thumbnailUrl":"https:\/\/colibri-jewels.eu\/wp-content\/uploads\/2025\/05\/solitaire-lab-diamond-1.2-ct-white-gold-ring-Eleanor.jpg","datePublished":"2025-07-17T10:43:42+00:00","description":"Rafineeritud kihlas\u00f5rmus 14K valgest kullast 1.2-karaadise laboris kasvatatud teemandiga. Puhtus, s\u00e4ra ja eetilisus \u2013 t\u00e4iuslik s\u00fcmbol teie armastusele.","breadcrumb":{"@id":"https:\/\/colibri-jewels.eu\/et\/toode\/kihlussormus-labori-teemandiga-eleanor-copy\/#breadcrumb"},"inLanguage":"et","potentialAction":[{"@type":"ReadAction","target":["https:\/\/colibri-jewels.eu\/et\/toode\/kihlussormus-labori-teemandiga-eleanor-copy\/"]}]},{"@type":"ImageObject","inLanguage":"et","@id":"https:\/\/colibri-jewels.eu\/et\/toode\/kihlussormus-labori-teemandiga-eleanor-copy\/#primaryimage","url":"https:\/\/colibri-jewels.eu\/wp-content\/uploads\/2025\/05\/solitaire-lab-diamond-1.2-ct-white-gold-ring-Eleanor.jpg","contentUrl":"https:\/\/colibri-jewels.eu\/wp-content\/uploads\/2025\/05\/solitaire-lab-diamond-1.2-ct-white-gold-ring-Eleanor.jpg","width":1000,"height":1000},{"@type":"BreadcrumbList","@id":"https:\/\/colibri-jewels.eu\/et\/toode\/kihlussormus-labori-teemandiga-eleanor-copy\/#breadcrumb","itemListElement":[{"@type":"ListItem","position":1,"name":"\u0413\u043b\u0430\u0432\u043d\u0430\u044f \u0441\u0442\u0440\u0430\u043d\u0438\u0446\u0430","item":"https:\/\/colibri-jewels.eu\/et\/"},{"@type":"ListItem","position":2,"name":"Pood","item":"https:\/\/colibri-jewels.eu\/et\/pood\/"},{"@type":"ListItem","position":3,"name":"Lab- teemantiga (1.20 ct) &#8220;Eleanor&#8221; kihlas\u00f5rmus-solit\u00e4\u00e4r"}]},{"@type":"WebSite","@id":"https:\/\/colibri-jewels.eu\/et\/#website","url":"https:\/\/colibri-jewels.eu\/et\/","name":"Colibri jewels","description":"jewelry shop","publisher":{"@id":"https:\/\/colibri-jewels.eu\/et\/#organization"},"potentialAction":[{"@type":"SearchAction","target":{"@type":"EntryPoint","urlTemplate":"https:\/\/colibri-jewels.eu\/et\/?s={search_term_string}"},"query-input":{"@type":"PropertyValueSpecification","valueRequired":true,"valueName":"search_term_string"}}],"inLanguage":"et"},{"@type":"Organization","@id":"https:\/\/colibri-jewels.eu\/et\/#organization","name":"O\u00dc Colibri","url":"https:\/\/colibri-jewels.eu\/et\/","logo":{"@type":"ImageObject","inLanguage":"et","@id":"https:\/\/colibri-jewels.eu\/et\/#\/schema\/logo\/image\/","url":"https:\/\/dev.colibri-jewels.eu\/wp-content\/uploads\/2021\/03\/colibri.png","contentUrl":"https:\/\/dev.colibri-jewels.eu\/wp-content\/uploads\/2021\/03\/colibri.png","width":227,"height":130,"caption":"O\u00dc Colibri"},"image":{"@id":"https:\/\/colibri-jewels.eu\/et\/#\/schema\/logo\/image\/"},"sameAs":["https:\/\/www.facebook.com\/colibri.jewels","https:\/\/www.instagram.com\/colibri.jewels","https:\/\/www.tiktok.com\/colibri.jewels"]}]}},"_links":{"self":[{"href":"https:\/\/colibri-jewels.eu\/et\/wp-json\/wp\/v2\/product\/52326","targetHints":{"allow":["GET"]}}],"collection":[{"href":"https:\/\/colibri-jewels.eu\/et\/wp-json\/wp\/v2\/product"}],"about":[{"href":"https:\/\/colibri-jewels.eu\/et\/wp-json\/wp\/v2\/types\/product"}],"replies":[{"embeddable":true,"href":"https:\/\/colibri-jewels.eu\/et\/wp-json\/wp\/v2\/comments?post=52326"}],"version-history":[{"count":0,"href":"https:\/\/colibri-jewels.eu\/et\/wp-json\/wp\/v2\/product\/52326\/revisions"}],"wp:featuredmedia":[{"embeddable":true,"href":"https:\/\/colibri-jewels.eu\/et\/wp-json\/wp\/v2\/media\/52648"}],"wp:attachment":[{"href":"https:\/\/colibri-jewels.eu\/et\/wp-json\/wp\/v2\/media?parent=52326"}],"wp:term":[{"taxonomy":"brand","embeddable":true,"href":"https:\/\/colibri-jewels.eu\/et\/wp-json\/wp\/v2\/etheme_brands?post=52326"},{"taxonomy":"product_brand","embeddable":true,"href":"https:\/\/colibri-jewels.eu\/et\/wp-json\/wp\/v2\/product_brand?post=52326"},{"taxonomy":"product_cat","embeddable":true,"href":"https:\/\/colibri-jewels.eu\/et\/wp-json\/wp\/v2\/product_cat?post=52326"},{"taxonomy":"product_tag","embeddable":true,"href":"https:\/\/colibri-jewels.eu\/et\/wp-json\/wp\/v2\/product_tag?post=52326"}],"curies":[{"name":"wp","href":"https:\/\/api.w.org\/{rel}","templated":true}]}}