{"id":52680,"date":"2025-06-01T21:05:53","date_gmt":"2025-06-01T18:05:53","guid":{"rendered":"https:\/\/colibri-jewels.eu\/?post_type=product&#038;p=52680"},"modified":"2025-06-11T14:43:03","modified_gmt":"2025-06-11T11:43:03","slug":"laboriteemantitega-korvarongad-2x05-ct-585-prooviga-valge-kuld","status":"publish","type":"product","link":"https:\/\/colibri-jewels.eu\/et\/toode\/laboriteemantitega-korvarongad-2x05-ct-585-prooviga-valge-kuld\/","title":{"rendered":"Laboriteemantitega k\u00f5rvar\u00f5ngad 2\u00d70,5 ct \u2013 585 prooviga valge kuld"},"content":{"rendered":"<h3 data-start=\"191\" data-end=\"231\">\ud83d\udc8e Ajatu elegants ja t\u00e4iuslik lihtsus<\/h3>\n<p data-start=\"233\" data-end=\"492\">Need minimalistlikud kruvikinnitusega k\u00f5rvar\u00f5ngad sobivad neile, kes hindavad puhast joont ja s\u00e4ravat s\u00e4ra. M\u00f5lemat ehet kaunistab <strong data-start=\"367\" data-end=\"396\">0,50-karaadine laboriteemant<\/strong>, v\u00e4rv <strong data-start=\"404\" data-end=\"409\">E<\/strong>, puhtus <strong data-start=\"419\" data-end=\"427\">VVS1<\/strong>, <strong data-start=\"449\" data-end=\"468\">kindlalt kinnitatud<\/strong> ja mugav igap\u00e4evaseks kandmiseks. <\/p>\n<p data-start=\"494\" data-end=\"705\">K\u00f5rvar\u00f5ngad on valmistatud <strong data-start=\"505\" data-end=\"523\">585 prooviga valgest kullast<\/strong>, mis toob teemantide k\u00fclma s\u00e4ra eriti h\u00e4sti esile. Iga kivi on <strong data-start=\"598\" data-end=\"615\">IGI-sertifikaadiga<\/strong> ja <strong data-start=\"636\" data-end=\"668\">individuaalse lasergraveeringuga<\/strong> r\u00fcndistis. <\/p>\n<p>&nbsp;<\/p>\n<p data-start=\"707\" data-end=\"795\">Universaalne ja stiilne valik \u2013 sobib igap\u00e4evaseks kandmiseks v\u00f5i v\u00e4\u00e4rtuslikuks kingituseks.<\/p>\n","protected":false},"excerpt":{"rendered":"<h3 data-start=\"802\" data-end=\"828\">\ud83d\udccb <strong data-start=\"809\" data-end=\"828\">Tehnilised andmed:<\/strong><\/h3>\n<ul data-start=\"830\" data-end=\"1265\">\n<li data-start=\"830\" data-end=\"865\">\n<p data-start=\"832\" data-end=\"865\"><strong data-start=\"832\" data-end=\"849\">Tootet\u00fc\u00fcp:<\/strong> k\u00f5rvar\u00f5ngad (kruvikinnitusega)<\/p>\n<\/li>\n<li data-start=\"866\" data-end=\"889\">\n<p data-start=\"868\" data-end=\"889\"><strong data-start=\"868\" data-end=\"878\">Metall: <\/strong>585 prooviga kuld<\/p>\n<\/li>\n<li data-start=\"890\" data-end=\"916\">\n<p data-start=\"892\" data-end=\"916\"><strong data-start=\"892\" data-end=\"908\">V\u00e4rv:<\/strong> valge kuld<\/p>\n<\/li>\n<li data-start=\"917\" data-end=\"949\">\n<p data-start=\"919\" data-end=\"949\"><strong data-start=\"919\" data-end=\"936\">Kinnitus:<\/strong> kruvi (keermega)<\/p>\n<\/li>\n<li data-start=\"950\" data-end=\"1191\">\n<p data-start=\"952\" data-end=\"970\"><strong data-start=\"952\" data-end=\"968\">Peamised kivid:<\/strong><\/p>\n<ul data-start=\"973\" data-end=\"1191\">\n<li data-start=\"973\" data-end=\"995\">\n<p data-start=\"975\" data-end=\"995\">Laboriteemandid<\/p>\n<\/li>\n<li data-start=\"998\" data-end=\"1013\">\n<p data-start=\"1000\" data-end=\"1013\">Kogus: 2<\/p>\n<\/li>\n<li data-start=\"1016\" data-end=\"1046\">\n<p data-start=\"1018\" data-end=\"1046\">Kaal: 0,50 ct iga<\/p>\n<\/li>\n<li data-start=\"1049\" data-end=\"1061\">\n<p data-start=\"1051\" data-end=\"1061\">V\u00e4rv: E<\/p>\n<\/li>\n<li data-start=\"1064\" data-end=\"1081\">\n<p data-start=\"1066\" data-end=\"1081\">Puhtus: VVS1<\/p>\n<\/li>\n<li data-start=\"1084\" data-end=\"1118\">\n<p data-start=\"1086\" data-end=\"1118\">L\u00f5ige: 57 tahku (t\u00e4is teemantil\u00f5ige)<\/p>\n<\/li>\n<li data-start=\"1121\" data-end=\"1143\">\n<p data-start=\"1123\" data-end=\"1143\">Sertifikaat: IGI<\/p>\n<\/li>\n<li data-start=\"1146\" data-end=\"1191\">\n<p data-start=\"1148\" data-end=\"1191\">Graveering: unikaalne ID r\u00fcndistil<\/p>\n<\/li>\n<\/ul>\n<\/li>\n<li data-start=\"1192\" data-end=\"1227\">\n<p data-start=\"1194\" data-end=\"1227\"><strong data-start=\"1194\" data-end=\"1217\">Kogukaal:<\/strong> 1,00 ct<\/p>\n<\/li>\n<li data-start=\"1228\" data-end=\"1265\">\n<p data-start=\"1230\" data-end=\"1265\"><strong data-start=\"1230\" data-end=\"1244\">Pakend:<\/strong> eksklusiivne kinkekarp<\/p>\n<\/li>\n<\/ul>\n<hr data-start=\"1267\" data-end=\"1270\">\n<p>&nbsp;<\/p>\n<p data-start=\"1272\" data-end=\"1355\">\ud83d\udcac <strong data-start=\"1275\" data-end=\"1355\">Soovi korral v\u00f5imalik tellida suuremate kividega \u2013 hind arvutatakse individuaalselt.<\/strong><\/p>\n","protected":false},"featured_media":52600,"comment_status":"open","ping_status":"closed","template":"","meta":[],"etheme_brands":[],"product_brand":[],"product_cat":[469],"product_tag":[476,472,1255,505,508],"class_list":{"0":"post-52680","1":"product","2":"type-product","3":"status-publish","4":"has-post-thumbnail","6":"product_cat-korvarongad","7":"product_tag-eksklusiivsed-ehted","8":"product_tag-klassika","9":"product_tag-lab-teemantid","10":"product_tag-lakooniline","11":"product_tag-solitaar","13":"first","14":"onbackorder","15":"shipping-taxable","16":"purchasable","17":"product-type-simple"},"acf":[],"yoast_head":"<!-- This site is optimized with the Yoast SEO Premium plugin v26.5 (Yoast SEO v26.8) - https:\/\/yoast.com\/product\/yoast-seo-premium-wordpress\/ -->\n<title>Laboriteemant k\u00f5rvar\u00f5ngad 2\u00d70,5 ct \u2013 valge kuld 585 | IGI sertifikaat<\/title>\n<meta name=\"description\" content=\"Valgest kullast k\u00f5rvar\u00f5ngad laboriteemantidega. 2\u00d70,5 ct, E\/VVS1, IGI sertifikaadiga ja graveeringuga. Kruvikinnitus. Klassikaline valik kingituseks.\" \/>\n<meta name=\"robots\" content=\"index, follow, max-snippet:-1, max-image-preview:large, max-video-preview:-1\" \/>\n<link rel=\"canonical\" href=\"https:\/\/colibri-jewels.eu\/et\/toode\/laboriteemantitega-korvarongad-2x05-ct-585-prooviga-valge-kuld\/\" \/>\n<meta property=\"og:locale\" content=\"et_EE\" \/>\n<meta property=\"og:type\" content=\"article\" \/>\n<meta property=\"og:title\" content=\"Laboriteemantitega k\u00f5rvar\u00f5ngad 2\u00d70,5 ct \u2013 585 prooviga valge kuld\" \/>\n<meta property=\"og:description\" content=\"Valgest kullast k\u00f5rvar\u00f5ngad laboriteemantidega. 2\u00d70,5 ct, E\/VVS1, IGI sertifikaadiga ja graveeringuga. Kruvikinnitus. Klassikaline valik kingituseks.\" \/>\n<meta property=\"og:url\" content=\"https:\/\/colibri-jewels.eu\/et\/toode\/laboriteemantitega-korvarongad-2x05-ct-585-prooviga-valge-kuld\/\" \/>\n<meta property=\"og:site_name\" content=\"Colibri jewels\" \/>\n<meta property=\"article:publisher\" content=\"https:\/\/www.facebook.com\/colibri.jewels\" \/>\n<meta property=\"article:modified_time\" content=\"2025-06-11T11:43:03+00:00\" \/>\n<meta property=\"og:image\" content=\"https:\/\/colibri-jewels.eu\/wp-content\/uploads\/2025\/05\/white-gold-stud-earrings-with-0.5-ct-lab-diamonds-Celeste-00853.jpg\" \/>\n\t<meta property=\"og:image:width\" content=\"1000\" \/>\n\t<meta property=\"og:image:height\" content=\"1000\" \/>\n\t<meta property=\"og:image:type\" content=\"image\/jpeg\" \/>\n<meta name=\"twitter:card\" content=\"summary_large_image\" \/>\n<script type=\"application\/ld+json\" class=\"yoast-schema-graph\">{\"@context\":\"https:\/\/schema.org\",\"@graph\":[{\"@type\":\"WebPage\",\"@id\":\"https:\/\/colibri-jewels.eu\/et\/toode\/laboriteemantitega-korvarongad-2x05-ct-585-prooviga-valge-kuld\/\",\"url\":\"https:\/\/colibri-jewels.eu\/et\/toode\/laboriteemantitega-korvarongad-2x05-ct-585-prooviga-valge-kuld\/\",\"name\":\"Laboriteemant k\u00f5rvar\u00f5ngad 2\u00d70,5 ct \u2013 valge kuld 585 | IGI sertifikaat\",\"isPartOf\":{\"@id\":\"https:\/\/colibri-jewels.eu\/et\/#website\"},\"primaryImageOfPage\":{\"@id\":\"https:\/\/colibri-jewels.eu\/et\/toode\/laboriteemantitega-korvarongad-2x05-ct-585-prooviga-valge-kuld\/#primaryimage\"},\"image\":{\"@id\":\"https:\/\/colibri-jewels.eu\/et\/toode\/laboriteemantitega-korvarongad-2x05-ct-585-prooviga-valge-kuld\/#primaryimage\"},\"thumbnailUrl\":\"https:\/\/colibri-jewels.eu\/wp-content\/uploads\/2025\/05\/white-gold-stud-earrings-with-0.5-ct-lab-diamonds-Celeste-00853.jpg\",\"datePublished\":\"2025-06-01T18:05:53+00:00\",\"dateModified\":\"2025-06-11T11:43:03+00:00\",\"description\":\"Valgest kullast k\u00f5rvar\u00f5ngad laboriteemantidega. 2\u00d70,5 ct, E\/VVS1, IGI sertifikaadiga ja graveeringuga. Kruvikinnitus. Klassikaline valik kingituseks.\",\"breadcrumb\":{\"@id\":\"https:\/\/colibri-jewels.eu\/et\/toode\/laboriteemantitega-korvarongad-2x05-ct-585-prooviga-valge-kuld\/#breadcrumb\"},\"inLanguage\":\"et\",\"potentialAction\":[{\"@type\":\"ReadAction\",\"target\":[\"https:\/\/colibri-jewels.eu\/et\/toode\/laboriteemantitega-korvarongad-2x05-ct-585-prooviga-valge-kuld\/\"]}]},{\"@type\":\"ImageObject\",\"inLanguage\":\"et\",\"@id\":\"https:\/\/colibri-jewels.eu\/et\/toode\/laboriteemantitega-korvarongad-2x05-ct-585-prooviga-valge-kuld\/#primaryimage\",\"url\":\"https:\/\/colibri-jewels.eu\/wp-content\/uploads\/2025\/05\/white-gold-stud-earrings-with-0.5-ct-lab-diamonds-Celeste-00853.jpg\",\"contentUrl\":\"https:\/\/colibri-jewels.eu\/wp-content\/uploads\/2025\/05\/white-gold-stud-earrings-with-0.5-ct-lab-diamonds-Celeste-00853.jpg\",\"width\":1000,\"height\":1000},{\"@type\":\"BreadcrumbList\",\"@id\":\"https:\/\/colibri-jewels.eu\/et\/toode\/laboriteemantitega-korvarongad-2x05-ct-585-prooviga-valge-kuld\/#breadcrumb\",\"itemListElement\":[{\"@type\":\"ListItem\",\"position\":1,\"name\":\"\u0413\u043b\u0430\u0432\u043d\u0430\u044f \u0441\u0442\u0440\u0430\u043d\u0438\u0446\u0430\",\"item\":\"https:\/\/colibri-jewels.eu\/et\/\"},{\"@type\":\"ListItem\",\"position\":2,\"name\":\"Pood\",\"item\":\"https:\/\/colibri-jewels.eu\/et\/pood\/\"},{\"@type\":\"ListItem\",\"position\":3,\"name\":\"Laboriteemantitega k\u00f5rvar\u00f5ngad 2\u00d70,5 ct \u2013 585 prooviga valge kuld\"}]},{\"@type\":\"WebSite\",\"@id\":\"https:\/\/colibri-jewels.eu\/et\/#website\",\"url\":\"https:\/\/colibri-jewels.eu\/et\/\",\"name\":\"Colibri jewels\",\"description\":\"jewelry shop\",\"publisher\":{\"@id\":\"https:\/\/colibri-jewels.eu\/et\/#organization\"},\"potentialAction\":[{\"@type\":\"SearchAction\",\"target\":{\"@type\":\"EntryPoint\",\"urlTemplate\":\"https:\/\/colibri-jewels.eu\/et\/?s={search_term_string}\"},\"query-input\":{\"@type\":\"PropertyValueSpecification\",\"valueRequired\":true,\"valueName\":\"search_term_string\"}}],\"inLanguage\":\"et\"},{\"@type\":\"Organization\",\"@id\":\"https:\/\/colibri-jewels.eu\/et\/#organization\",\"name\":\"O\u00dc Colibri\",\"url\":\"https:\/\/colibri-jewels.eu\/et\/\",\"logo\":{\"@type\":\"ImageObject\",\"inLanguage\":\"et\",\"@id\":\"https:\/\/colibri-jewels.eu\/et\/#\/schema\/logo\/image\/\",\"url\":\"https:\/\/dev.colibri-jewels.eu\/wp-content\/uploads\/2021\/03\/colibri.png\",\"contentUrl\":\"https:\/\/dev.colibri-jewels.eu\/wp-content\/uploads\/2021\/03\/colibri.png\",\"width\":227,\"height\":130,\"caption\":\"O\u00dc Colibri\"},\"image\":{\"@id\":\"https:\/\/colibri-jewels.eu\/et\/#\/schema\/logo\/image\/\"},\"sameAs\":[\"https:\/\/www.facebook.com\/colibri.jewels\",\"https:\/\/www.instagram.com\/colibri.jewels\",\"https:\/\/www.tiktok.com\/colibri.jewels\"]}]}<\/script>\n<!-- \/ Yoast SEO Premium plugin. -->","yoast_head_json":{"title":"Laboriteemant k\u00f5rvar\u00f5ngad 2\u00d70,5 ct \u2013 valge kuld 585 | IGI sertifikaat","description":"Valgest kullast k\u00f5rvar\u00f5ngad laboriteemantidega. 2\u00d70,5 ct, E\/VVS1, IGI sertifikaadiga ja graveeringuga. Kruvikinnitus. Klassikaline valik kingituseks.","robots":{"index":"index","follow":"follow","max-snippet":"max-snippet:-1","max-image-preview":"max-image-preview:large","max-video-preview":"max-video-preview:-1"},"canonical":"https:\/\/colibri-jewels.eu\/et\/toode\/laboriteemantitega-korvarongad-2x05-ct-585-prooviga-valge-kuld\/","og_locale":"et_EE","og_type":"article","og_title":"Laboriteemantitega k\u00f5rvar\u00f5ngad 2\u00d70,5 ct \u2013 585 prooviga valge kuld","og_description":"Valgest kullast k\u00f5rvar\u00f5ngad laboriteemantidega. 2\u00d70,5 ct, E\/VVS1, IGI sertifikaadiga ja graveeringuga. Kruvikinnitus. Klassikaline valik kingituseks.","og_url":"https:\/\/colibri-jewels.eu\/et\/toode\/laboriteemantitega-korvarongad-2x05-ct-585-prooviga-valge-kuld\/","og_site_name":"Colibri jewels","article_publisher":"https:\/\/www.facebook.com\/colibri.jewels","article_modified_time":"2025-06-11T11:43:03+00:00","og_image":[{"width":1000,"height":1000,"url":"https:\/\/colibri-jewels.eu\/wp-content\/uploads\/2025\/05\/white-gold-stud-earrings-with-0.5-ct-lab-diamonds-Celeste-00853.jpg","type":"image\/jpeg"}],"twitter_card":"summary_large_image","schema":{"@context":"https:\/\/schema.org","@graph":[{"@type":"WebPage","@id":"https:\/\/colibri-jewels.eu\/et\/toode\/laboriteemantitega-korvarongad-2x05-ct-585-prooviga-valge-kuld\/","url":"https:\/\/colibri-jewels.eu\/et\/toode\/laboriteemantitega-korvarongad-2x05-ct-585-prooviga-valge-kuld\/","name":"Laboriteemant k\u00f5rvar\u00f5ngad 2\u00d70,5 ct \u2013 valge kuld 585 | IGI sertifikaat","isPartOf":{"@id":"https:\/\/colibri-jewels.eu\/et\/#website"},"primaryImageOfPage":{"@id":"https:\/\/colibri-jewels.eu\/et\/toode\/laboriteemantitega-korvarongad-2x05-ct-585-prooviga-valge-kuld\/#primaryimage"},"image":{"@id":"https:\/\/colibri-jewels.eu\/et\/toode\/laboriteemantitega-korvarongad-2x05-ct-585-prooviga-valge-kuld\/#primaryimage"},"thumbnailUrl":"https:\/\/colibri-jewels.eu\/wp-content\/uploads\/2025\/05\/white-gold-stud-earrings-with-0.5-ct-lab-diamonds-Celeste-00853.jpg","datePublished":"2025-06-01T18:05:53+00:00","dateModified":"2025-06-11T11:43:03+00:00","description":"Valgest kullast k\u00f5rvar\u00f5ngad laboriteemantidega. 2\u00d70,5 ct, E\/VVS1, IGI sertifikaadiga ja graveeringuga. Kruvikinnitus. Klassikaline valik kingituseks.","breadcrumb":{"@id":"https:\/\/colibri-jewels.eu\/et\/toode\/laboriteemantitega-korvarongad-2x05-ct-585-prooviga-valge-kuld\/#breadcrumb"},"inLanguage":"et","potentialAction":[{"@type":"ReadAction","target":["https:\/\/colibri-jewels.eu\/et\/toode\/laboriteemantitega-korvarongad-2x05-ct-585-prooviga-valge-kuld\/"]}]},{"@type":"ImageObject","inLanguage":"et","@id":"https:\/\/colibri-jewels.eu\/et\/toode\/laboriteemantitega-korvarongad-2x05-ct-585-prooviga-valge-kuld\/#primaryimage","url":"https:\/\/colibri-jewels.eu\/wp-content\/uploads\/2025\/05\/white-gold-stud-earrings-with-0.5-ct-lab-diamonds-Celeste-00853.jpg","contentUrl":"https:\/\/colibri-jewels.eu\/wp-content\/uploads\/2025\/05\/white-gold-stud-earrings-with-0.5-ct-lab-diamonds-Celeste-00853.jpg","width":1000,"height":1000},{"@type":"BreadcrumbList","@id":"https:\/\/colibri-jewels.eu\/et\/toode\/laboriteemantitega-korvarongad-2x05-ct-585-prooviga-valge-kuld\/#breadcrumb","itemListElement":[{"@type":"ListItem","position":1,"name":"\u0413\u043b\u0430\u0432\u043d\u0430\u044f \u0441\u0442\u0440\u0430\u043d\u0438\u0446\u0430","item":"https:\/\/colibri-jewels.eu\/et\/"},{"@type":"ListItem","position":2,"name":"Pood","item":"https:\/\/colibri-jewels.eu\/et\/pood\/"},{"@type":"ListItem","position":3,"name":"Laboriteemantitega k\u00f5rvar\u00f5ngad 2\u00d70,5 ct \u2013 585 prooviga valge kuld"}]},{"@type":"WebSite","@id":"https:\/\/colibri-jewels.eu\/et\/#website","url":"https:\/\/colibri-jewels.eu\/et\/","name":"Colibri jewels","description":"jewelry shop","publisher":{"@id":"https:\/\/colibri-jewels.eu\/et\/#organization"},"potentialAction":[{"@type":"SearchAction","target":{"@type":"EntryPoint","urlTemplate":"https:\/\/colibri-jewels.eu\/et\/?s={search_term_string}"},"query-input":{"@type":"PropertyValueSpecification","valueRequired":true,"valueName":"search_term_string"}}],"inLanguage":"et"},{"@type":"Organization","@id":"https:\/\/colibri-jewels.eu\/et\/#organization","name":"O\u00dc Colibri","url":"https:\/\/colibri-jewels.eu\/et\/","logo":{"@type":"ImageObject","inLanguage":"et","@id":"https:\/\/colibri-jewels.eu\/et\/#\/schema\/logo\/image\/","url":"https:\/\/dev.colibri-jewels.eu\/wp-content\/uploads\/2021\/03\/colibri.png","contentUrl":"https:\/\/dev.colibri-jewels.eu\/wp-content\/uploads\/2021\/03\/colibri.png","width":227,"height":130,"caption":"O\u00dc Colibri"},"image":{"@id":"https:\/\/colibri-jewels.eu\/et\/#\/schema\/logo\/image\/"},"sameAs":["https:\/\/www.facebook.com\/colibri.jewels","https:\/\/www.instagram.com\/colibri.jewels","https:\/\/www.tiktok.com\/colibri.jewels"]}]}},"_links":{"self":[{"href":"https:\/\/colibri-jewels.eu\/et\/wp-json\/wp\/v2\/product\/52680","targetHints":{"allow":["GET"]}}],"collection":[{"href":"https:\/\/colibri-jewels.eu\/et\/wp-json\/wp\/v2\/product"}],"about":[{"href":"https:\/\/colibri-jewels.eu\/et\/wp-json\/wp\/v2\/types\/product"}],"replies":[{"embeddable":true,"href":"https:\/\/colibri-jewels.eu\/et\/wp-json\/wp\/v2\/comments?post=52680"}],"version-history":[{"count":0,"href":"https:\/\/colibri-jewels.eu\/et\/wp-json\/wp\/v2\/product\/52680\/revisions"}],"wp:featuredmedia":[{"embeddable":true,"href":"https:\/\/colibri-jewels.eu\/et\/wp-json\/wp\/v2\/media\/52600"}],"wp:attachment":[{"href":"https:\/\/colibri-jewels.eu\/et\/wp-json\/wp\/v2\/media?parent=52680"}],"wp:term":[{"taxonomy":"brand","embeddable":true,"href":"https:\/\/colibri-jewels.eu\/et\/wp-json\/wp\/v2\/etheme_brands?post=52680"},{"taxonomy":"product_brand","embeddable":true,"href":"https:\/\/colibri-jewels.eu\/et\/wp-json\/wp\/v2\/product_brand?post=52680"},{"taxonomy":"product_cat","embeddable":true,"href":"https:\/\/colibri-jewels.eu\/et\/wp-json\/wp\/v2\/product_cat?post=52680"},{"taxonomy":"product_tag","embeddable":true,"href":"https:\/\/colibri-jewels.eu\/et\/wp-json\/wp\/v2\/product_tag?post=52680"}],"curies":[{"name":"wp","href":"https:\/\/api.w.org\/{rel}","templated":true}]}}